{"id":3270,"date":"2024-07-16T14:30:37","date_gmt":"2024-07-16T14:30:37","guid":{"rendered":"https:\/\/cpstesters.com\/teste-de-latencia-do-teclado-tempo-de-resposta-atraso-e-taxa-de-pesquisa\/"},"modified":"2024-09-17T17:02:07","modified_gmt":"2024-09-17T17:02:07","slug":"teste-de-latencia-do-teclado","status":"publish","type":"page","link":"https:\/\/cpstesters.com\/pt-br\/teste-de-latencia-do-teclado\/","title":{"rendered":"Teste de Lat\u00eancia do Teclado | Tempo de Resposta, Atraso e Taxa de Pesquisa"},"content":{"rendered":"\n<p>Keyboard Response Time Test \u00e9 um teste online para verificar a Lat\u00eancia do seu teclado. Deseja ver o atraso de entrada do seu teclado? Confira!<\/p>\n <table>\r\n      <tr>\r\n        <th>Shortest Key Press<\/th>\r\n        <th>Estimated Scan Rate<\/th>\r\n      <\/tr>\r\n      <tr>\r\n        <td id=\"best-time\">press any key<\/td>\r\n        <td id=\"scan-rate\">press any key<\/td>\r\n      <\/tr>\r\n    <\/table>\r\n<h4>Key press history<\/h4>\r\n\r\n    <ul id=\"event-history\">\r\n    <\/ul>\r\n\r\n<script>\r\n'use strict';\r\n\r\nvar keyCodes = {\r\n  3 : \"break\",\r\n  8 : \"backspace \/ delete\",\r\n  9 : \"tab\",\r\n  12 : 'clear',\r\n  13 : \"enter\",\r\n  16 : \"shift\",\r\n  17 : \"ctrl \",\r\n  18 : \"alt\",\r\n  19 : \"pause\/break\",\r\n  20 : \"caps lock\",\r\n  27 : \"escape\",\r\n  32 : \"spacebar\",\r\n  33 : \"page up\",\r\n  34 : \"page down\",\r\n  35 : \"end\",\r\n  36 : \"home \",\r\n  37 : \"left arrow \",\r\n  38 : \"up arrow \",\r\n  39 : \"right arrow\",\r\n  40 : \"down arrow \",\r\n  41 : \"select\",\r\n  42 : \"print\",\r\n  43 : \"execute\",\r\n  44 : \"Print Screen\",\r\n  45 : \"insert \",\r\n  46 : \"delete\",\r\n  48 : \"0\",\r\n  49 : \"1\",\r\n  50 : \"2\",\r\n  51 : \"3\",\r\n  52 : \"4\",\r\n  53 : \"5\",\r\n  54 : \"6\",\r\n  55 : \"7\",\r\n  56 : \"8\",\r\n  57 : \"9\",\r\n  59 : \"semicolon (firefox), equals\",\r\n  61 : \"equals (firefox)\",\r\n  65 : \"a\",\r\n  66 : \"b\",\r\n  67 : \"c\",\r\n  68 : \"d\",\r\n  69 : \"e\",\r\n  70 : \"f\",\r\n  71 : \"g\",\r\n  72 : \"h\",\r\n  73 : \"i\",\r\n  74 : \"j\",\r\n  75 : \"k\",\r\n  76 : \"l\",\r\n  77 : \"m\",\r\n  78 : \"n\",\r\n  79 : \"o\",\r\n  80 : \"p\",\r\n  81 : \"q\",\r\n  82 : \"r\",\r\n  83 : \"s\",\r\n  84 : \"t\",\r\n  85 : \"u\",\r\n  86 : \"v\",\r\n  87 : \"w\",\r\n  88 : \"x\",\r\n  89 : \"y\",\r\n  90 : \"z\",\r\n  91 : \"Windows Key \/ Left \u2318\",\r\n  92 : \"right window key \",\r\n  93 : \"Windows Menu \/ Right \u2318\",\r\n  96 : \"numpad 0 \",\r\n  97 : \"numpad 1 \",\r\n  98 : \"numpad 2 \",\r\n  99 : \"numpad 3 \",\r\n  100 : \"numpad 4 \",\r\n  101 : \"numpad 5 \",\r\n  102 : \"numpad 6 \",\r\n  103 : \"numpad 7 \",\r\n  104 : \"numpad 8 \",\r\n  105 : \"numpad 9 \",\r\n  106 : \"multiply \",\r\n  107 : \"add\",\r\n  109 : \"subtract \",\r\n  110 : \"decimal point\",\r\n  111 : \"divide \",\r\n  112 : \"f1 \",\r\n  113 : \"f2 \",\r\n  114 : \"f3 \",\r\n  115 : \"f4 \",\r\n  116 : \"f5 \",\r\n  117 : \"f6 \",\r\n  118 : \"f7 \",\r\n  119 : \"f8 \",\r\n  120 : \"f9 \",\r\n  121 : \"f10\",\r\n  122 : \"f11\",\r\n  123 : \"f12\",\r\n  124 : \"f13\",\r\n  125 : \"f14\",\r\n  126 : \"f15\",\r\n  127 : \"f16\",\r\n  128 : \"f17\",\r\n  129 : \"f18\",\r\n  130 : \"f19\",\r\n  144 : \"num lock \",\r\n  145 : \"scroll lock\",\r\n  173 : \"minus (firefox), mute\/unmute\",\r\n  174 : \"decrease volume level\",\r\n  175 : \"increase volume level\",\r\n  176 : \"next\",\r\n  177 : \"previous\",\r\n  178 : \"stop\",\r\n  179 : \"play\/pause\",\r\n  181 : \"mute\/unmute (firefox)\",\r\n  182 : \"decrease volume level (firefox)\",\r\n  183 : \"increase volume level (firefox)\",\r\n  186 : \"semi-colon \",\r\n  187 : \"equal sign \",\r\n  188 : \"comma\",\r\n  189 : \"dash \",\r\n  190 : \"period \",\r\n  191 : \"forward slash\",\r\n  192 : \"grave accent \",\r\n  219 : \"open bracket \",\r\n  220 : \"back slash \",\r\n  221 : \"close bracket \",\r\n  222 : \"single quote \",\r\n  224 : \"left or right \u2318 key (firefox)\",\r\n  225 : \"altgr\",\r\n  226 : \"< \/git >\",\r\n  255 : \"toggle touchpad\"\r\n};\r\n\r\nwindow.performance = window.performance || {};\r\nperformance.now = (function() {\r\n    return performance.now       ||\r\n        performance.mozNow    ||\r\n        performance.msNow     ||\r\n        performance.oNow      ||\r\n        performance.webkitNow ||\r\n        Date.now * 1.0; \/*none found - fallback to browser default *\/\r\n})();\r\n\r\n(function() {\r\n  var body = document.querySelector('body');\r\n\r\n  var bestKeyTime = 10000;\r\n  var keyDownTime = [];\r\n  var isKeyDown = [];\r\n  for (var i = 0, len = 256; i < len; i++) {\r\n    isKeyDown[i] = false;\r\n    keyDownTime[i] = 0;\r\n  }\r\n\r\n\r\n  body.onkeydown = function (e) {\r\n    if ( !e.metaKey ) {\r\n      e.preventDefault();\r\n    }\r\n\r\n    if (!isKeyDown[e.keyCode]) {\r\n      isKeyDown[e.keyCode] = true;\r\n      keyDownTime[e.keyCode] = performance.now();\r\n    }\r\n  };\r\n\r\n  body.onkeyup = function (e) {\r\n    if ( !e.metaKey ) {\r\n      e.preventDefault();\r\n    }\r\n    isKeyDown[e.keyCode] = false;\r\n    var upTime = performance.now();\r\n    var heldTime = Math.ceil(upTime - keyDownTime[e.keyCode]);\r\n    bestKeyTime = Math.min(bestKeyTime, heldTime);\r\n    var scanRate = Math.min(1000 \/ (bestKeyTime), 1000);\r\n\r\n    document.querySelector('#best-time').innerHTML = bestKeyTime + \"ms\";\r\n    document.querySelector('#scan-rate').innerHTML = scanRate + \"Hz\";\r\n    var keyEventElem = document.createElement('li');\r\n    var keyEventContent = document.createTextNode(keyCodes[e.keyCode] + \": \" + heldTime + \"ms\");\r\n    keyEventElem.appendChild(keyEventContent);\r\n    var outputArea = document.querySelector('#event-history');\r\n    outputArea.insertBefore(keyEventElem, outputArea.firstChild)\r\n  };\r\n})(); \r\n<\/script>\r\n\n\n<p><\/p>\n\n<div style=\"height:5px\" aria-hidden=\"true\" class=\"wp-block-spacer\"><\/div>\n\n<h2 class=\"wp-block-heading\">O que \u00e9 a Lat\u00eancia do Teclado?<\/h2>\n\n<p>O tempo que leva para um teclado reconhecer um tra\u00e7o \u00e9 conhecido como lat\u00eancia de teclado. O intervalo de tempo entre a movimenta\u00e7\u00e3o de uma chave e o respectivo pacote USB que chega \u00e0 porta USB \u00e9 medido neste processo. Por conseguinte, este \u00e9 o atraso entre premir uma tecla e o instante em que a ac\u00e7\u00e3o \u00e9 exibida no ecr\u00e3.<\/p>\n\n<p>Os n\u00fameros ser\u00e3o arredondados para os 5ms mais pr\u00f3ximos, a fim de evitar uma falsa precis\u00e3o. Pode avaliar a lat\u00eancia do seu teclado com o teste de <a href=\"https:\/\/keyboardsexpert.com\/what-is-keyboard-latency\/\" target=\"_blank\" rel=\"noreferrer noopener\">lat\u00eancia do teclado<\/a>.<\/p>\n\n<h2 class=\"wp-block-heading\">Porqu\u00ea o teste de lat\u00eancia do teclado \u00e9 importante?<\/h2>\n\n<p>Embora a maioria dos teclados tenha lat\u00eancia adequada para programadores ou \u00e1reas de escrit\u00f3rio, teclados de jogo com lat\u00eancia excessiva podem significar a diferen\u00e7a entre ganhar e perder.<\/p>\n\n<p>Quer certificar-se de que cada componente n\u00e3o tem muita lat\u00eancia porque o teclado, port\u00e1til, e monitor, todos acrescentam ao atraso entre a sua entrada e a actividade que est\u00e1 a ser feita. Os teclados de jogos s\u00e3o feitos para ter a menor lat\u00eancia poss\u00edvel, apesar do facto de nenhum equipamento estar verdadeiramente sem atraso.<\/p>\n\n<h2 class=\"wp-block-heading\">Como \u00e9 calculado o tempo de resposta do teclado?<\/h2>\n\n<p>Ao contar os quadros que passam entre a entrada do tempo e o momento em que o flash aparece no visor, a lat\u00eancia do teclado \u00e9 calculada e verificada. Depois, este valor \u00e9 modificado para ter em conta a visualiza\u00e7\u00e3o, o sistema e a lat\u00eancia de pr\u00e9-viagem. De acordo com os resultados, cada tipo de liga\u00e7\u00e3o tinha uma m\u00e9dia de 12 medi\u00e7\u00f5es.<\/p>\n<div class=\"wp-block-image\">\n<figure class=\"aligncenter size-full\"><img loading=\"lazy\" decoding=\"async\" width=\"1000\" height=\"500\" src=\"https:\/\/cpstesters.com\/wp-content\/uploads\/2022\/09\/Keyboard-Latency-Test.jpg\" alt=\"Teste de Lat&#xEA;ncia do Teclado\" class=\"wp-image-608\" title=\"\" srcset=\"https:\/\/cpstesters.com\/wp-content\/uploads\/2022\/09\/Keyboard-Latency-Test.jpg 1000w, https:\/\/cpstesters.com\/wp-content\/uploads\/2022\/09\/Keyboard-Latency-Test-300x150.jpg 300w, https:\/\/cpstesters.com\/wp-content\/uploads\/2022\/09\/Keyboard-Latency-Test-768x384.jpg 768w\" sizes=\"auto, (max-width: 1000px) 100vw, 1000px\" \/><figcaption class=\"wp-element-caption\">Teste de Lat\u00eancia do Teclado<\/figcaption><\/figure>\n<\/div>\n<p class=\"has-text-align-center has-base-background-color has-background has-medium-font-size\"><em>N\u00e3o se esque\u00e7a de verificar o nosso <a href=\"https:\/\/cpstesters.com\/pt-br\/teste-de-teclado\/\" target=\"_blank\" rel=\"noreferrer noopener\">teste do teclado<\/a>!<\/em><\/p>\n\n<h2 class=\"wp-block-heading\">Passos para o Teste de Lat\u00eancia do Teclado<\/h2>\n\n<p>Este minucioso Teste de Taxa de Digitaliza\u00e7\u00e3o do Teclado est\u00e1 a ser fornecido com prazer para que voc\u00eas possam determinar rapidamente a rapidez com que o sistema detecta as suas teclas. Para come\u00e7ar a visualizar os dados em tempo real no seu ecr\u00e3, basta premir qualquer tecla no dispositivo de teclado.<\/p>\n\n<p>Os passos para realizar o teste da taxa de resposta do teclado s\u00e3o os seguintes:<\/p>\n\n<ul class=\"wp-block-list\">\n<li>Verifique o testador no topo desta p\u00e1gina.<\/li>\n\n\n\n<li>Depois de clicar no teste, a ferramenta de teste ser\u00e1 aberta.<\/li>\n\n\n\n<li>A ferramenta mostra a taxa de varrimento em Hz que dir\u00e1 a velocidade do seu teclado, \u00e9 necess\u00e1rio para enviar informa\u00e7\u00e3o.<\/li>\n\n\n\n<li>Com isso h\u00e1 uma op\u00e7\u00e3o de intervalo Min, que exibir\u00e1 os detalhes do intervalo<\/li>\n\n\n\n<li>O teclado ser\u00e1 testado quando se premir as teclas, e a nossa \u00e1rea de testes detectar\u00e1 a taxa de resposta e exibir\u00e1 detalhes.<\/li>\n\n\n\n<li>Tamb\u00e9m pode repor os dados, premindo a op\u00e7\u00e3o de reposi\u00e7\u00e3o.<\/li>\n\n\n\n<li>Al\u00e9m disso, a taxa de resposta do teclado, e os detalhes da taxa de digitaliza\u00e7\u00e3o podem ser descarregados. A op\u00e7\u00e3o \u00e9 fornecida na ferramenta.<\/li>\n<\/ul>\n\n<p>Desta forma pode testar facilmente o seu teclado, \u00e9 a ferramenta mais eficiente dispon\u00edvel no mercado.<\/p>\n\n<h2 class=\"wp-block-heading\">Caracter\u00edsticas deste teste de taxa de sondagem<\/h2>\n\n<p>Inicialmente, pode verificar a taxa de digitaliza\u00e7\u00e3o do teclado em rela\u00e7\u00e3o a cada toque de tecla usando esta ferramenta online.<\/p>\n\n<p>Segundo, pode observar o tempo de resposta de um computador e a rapidez com que este converte o sinal electr\u00f3nico das teclas em informa\u00e7\u00e3o \u00fatil.<\/p>\n\n<p>Al\u00e9m disso, pode monitorizar cada chave que \u00e9 tocada durante a utiliza\u00e7\u00e3o desta aplica\u00e7\u00e3o online e ver a rapidez da sua resposta.<\/p>\n\n<p>O registo detalhado de toda a sess\u00e3o, que inclui o tempo de resposta de cada tecla premida, est\u00e1 tamb\u00e9m dispon\u00edvel para download. Pode avaliar a efici\u00eancia do seu dispositivo ao faz\u00ea-lo.<\/p>\n\n<p>Al\u00e9m disso, pode reiniciar uma nova sess\u00e3o na nossa ferramenta de teste online, utilizando o bot\u00e3o reset para um arranque limpo.<\/p>\n\n<h2 class=\"wp-block-heading has-text-align-center\">FAQ&#8217;s<\/h2>\n\n<h3 class=\"wp-block-heading\"><strong>Como posso verificar a lat\u00eancia no meu teclado?<\/strong><\/h3>\n\n<p>Existem v\u00e1rios m\u00e9todos para medir o atraso do teclado. Contudo, a ferramenta de teste da lat\u00eancia do teclado CPSTesters.com \u00e9 a forma mais simples de determinar a sua lat\u00eancia de teclado. Receber\u00e1 rapidamente resultados precisos desta ferramenta.<\/p>\n\n<h3 class=\"wp-block-heading\"><strong>Como posso melhorar a lat\u00eancia do meu teclado?<\/strong><\/h3>\n\n<p>Para diminuir a lat\u00eancia do teclado, pode actualizar os controladores, executar ferramentas de diagn\u00f3stico, ou introduzir v\u00e1rias instru\u00e7\u00f5es no prompt de comando. Uma resposta de atraso de entrada de teclado tamb\u00e9m pode ser causada por uma bateria de teclado fraca. Verifique a bateria do teclado, substitua-a se puder, e certifique-se de que est\u00e1 a funcionar correctamente.<\/p>\n\n<h3 class=\"wp-block-heading\"><strong>A lat\u00eancia do teclado \u00e9 importante para o jogo?<\/strong><\/h3>\n\n<p>Sim, a lat\u00eancia do teclado \u00e9 muito importante para o jogo, uma vez que determina o desempenho do seu jogo. Quer esteja a ganhar o jogo ou a perd\u00ea-lo, baseia-se na lat\u00eancia do teclado e na efic\u00e1cia do teclado.<\/p>\n\n<h3 class=\"wp-block-heading\"><strong>A taxa de sondagem de 1000Hz \u00e9 boa para o teclado?<\/strong><\/h3>\n\n<p>A taxa de vota\u00e7\u00e3o de um teclado, que \u00e9 expressa em Hertz, \u00e9 a frequ\u00eancia com que comunica os dados para o seu ambiente de trabalho (Hz). Cada tecla pressionada responde mais rapidamente quanto mais r\u00e1pida for a taxa de sondagem. Para jogos, recomenda-se uma taxa de sondagem de 500 a 1000 Hz, no m\u00ednimo. Pode verificar a taxa de sondagem do seu teclado utilizando o nosso teste de taxa de sondagem do teclado<\/p>\n\n<h3 class=\"wp-block-heading\"><strong>Como posso verificar a lat\u00eancia no meu teclado?<\/strong><\/h3>\n\n<p>Um programa criado especificamente para os teclados Bluetooth permite-lhe verificar rapidamente a lat\u00eancia do seu teclado. H\u00e1 tamb\u00e9m um teste de lat\u00eancia de teclado online acess\u00edvel. Basta visitar o nosso website online para avaliar o teste de atraso de entrada.<\/p>\n\n<p>Algumas Outras Ferramentas de Teclado:<\/p>\n\n<ul class=\"wp-block-list\">\n<li><a href=\"https:\/\/cpstesters.com\/pt-br\/contador-da-barra-de-espaco\/\" target=\"_blank\" rel=\"noreferrer noopener\">Contador da barra de espa\u00e7o<\/a><\/li>\n\n\n\n<li><a href=\"https:\/\/cpstesters.com\/pt-br\/teclado-teste-de-clique\/\" target=\"_blank\" rel=\"noreferrer noopener\">Teste de Clique do Teclado<\/a><\/li>\n\n\n\n<li><a href=\"https:\/\/cpstesters.com\/pt-br\/teste-de-teclado-fantasma\/\" target=\"_blank\" rel=\"noreferrer noopener\">Teste do Teclado Fantasma<\/a><\/li>\n\n\n\n<li><a href=\"https:\/\/cpstesters.com\/pt-br\/teste-de-teclado-mecanico\/\" target=\"_blank\" rel=\"noreferrer noopener\">Teste do Teclado Mec\u00e2nico<\/a><\/li>\n\n\n\n<li><a href=\"https:\/\/cpstesters.com\/pt-br\/teste-wpm\/\" target=\"_blank\" rel=\"noreferrer noopener\">Teste WPM<\/a><\/li>\n<\/ul>\n","protected":false},"excerpt":{"rendered":"<p>Keyboard Response Time Test \u00e9 um teste online para verificar a Lat\u00eancia do seu teclado. Deseja ver o atraso de entrada do seu teclado? Confira! &#8230; <\/p>\n<p class=\"read-more-container\"><a title=\"Teste de Lat\u00eancia do Teclado | Tempo de Resposta, Atraso e Taxa de Pesquisa\" class=\"read-more button\" href=\"https:\/\/cpstesters.com\/pt-br\/teste-de-latencia-do-teclado\/#more-3270\" aria-label=\"Read more about Teste de Lat\u00eancia do Teclado | Tempo de Resposta, Atraso e Taxa de Pesquisa\">Read More<\/a><\/p>\n","protected":false},"author":4,"featured_media":1644,"parent":0,"menu_order":0,"comment_status":"closed","ping_status":"closed","template":"","meta":{"footnotes":""},"class_list":["post-3270","page","type-page","status-publish","has-post-thumbnail"],"_links":{"self":[{"href":"https:\/\/cpstesters.com\/pt-br\/wp-json\/wp\/v2\/pages\/3270","targetHints":{"allow":["GET"]}}],"collection":[{"href":"https:\/\/cpstesters.com\/pt-br\/wp-json\/wp\/v2\/pages"}],"about":[{"href":"https:\/\/cpstesters.com\/pt-br\/wp-json\/wp\/v2\/types\/page"}],"author":[{"embeddable":true,"href":"https:\/\/cpstesters.com\/pt-br\/wp-json\/wp\/v2\/users\/4"}],"replies":[{"embeddable":true,"href":"https:\/\/cpstesters.com\/pt-br\/wp-json\/wp\/v2\/comments?post=3270"}],"version-history":[{"count":4,"href":"https:\/\/cpstesters.com\/pt-br\/wp-json\/wp\/v2\/pages\/3270\/revisions"}],"predecessor-version":[{"id":4239,"href":"https:\/\/cpstesters.com\/pt-br\/wp-json\/wp\/v2\/pages\/3270\/revisions\/4239"}],"wp:featuredmedia":[{"embeddable":true,"href":"https:\/\/cpstesters.com\/pt-br\/wp-json\/wp\/v2\/media\/1644"}],"wp:attachment":[{"href":"https:\/\/cpstesters.com\/pt-br\/wp-json\/wp\/v2\/media?parent=3270"}],"curies":[{"name":"wp","href":"https:\/\/api.w.org\/{rel}","templated":true}]}}