{"id":3203,"date":"2024-07-16T14:35:14","date_gmt":"2024-07-16T14:35:14","guid":{"rendered":"https:\/\/cpstesters.com\/contador-de-teclados-jogo-de-teclado\/"},"modified":"2024-09-17T15:02:58","modified_gmt":"2024-09-17T15:02:58","slug":"contador-de-teclados","status":"publish","type":"page","link":"https:\/\/cpstesters.com\/pt-br\/contador-de-teclados\/","title":{"rendered":"Contador de Teclados | Jogo de Teclado"},"content":{"rendered":"\n<p>keyboard Counter \u00e9 um jogo online de teclas para o ajudar a verificar e contar os seus cliques de teclas, verifique esta incr\u00edvel ferramenta!<\/p>\n<style>\r\n\t#activity {\r\n\r\n\t\t    background: #FFB15E;\r\n    color: white;\r\n    width: 100%;\r\n    padding: 100px;\r\n\t\t\r\n text-align: center;\r\n vertical-align: middle;\r\n}\r\n\r\n\r\n#result {\r\n text-transform: uppercase;\r\n}\r\na:link,\r\na:hover,\r\na:visited,\r\na:active {\r\n text-decoration: bold;\r\n}\r\n.hits {\r\n font-size: 6rem;\r\n font-weight: bolder;\r\n\tcolor:white;\r\n}\r\n\t#activity p{\r\n\t\tfont-size:30px;\t\r\n\t\tcolor:white;\r\n\t\tmargin-bottom:0px;\r\n\t}\r\n\r\n<\/style>\r\n<div id=\"activity\">\r\n\t<p id=\"counter\"><span class=\"hits\">0<\/span><\/hp1>\r\n  <p>Keys Hit<\/p>\r\n<\/div>\r\n\t\r\n\t<script> \r\n\t\t\tvar hits = 0;\r\nvar hitElement = document.querySelector(\".hits\");\r\ndocument.body.onkeyup = function (e) {\r\n if ((e.keyCode == 1, 2, 3, 4, 5, 6, 7, 8, 9, 10)) {\r\n  addHit();\r\n }\r\n};\r\n\r\nvar addHit = function () {\r\n hits++;\r\n renderHits();\r\n};\r\n\r\nvar renderHits = function () {\r\n hitElement.innerHTML = hits;\r\n};\r\n\r\n\t<\/script>\n\n<p><\/p>\n\n<div style=\"height:5px\" aria-hidden=\"true\" class=\"wp-block-spacer\"><\/div>\n\n<h2 class=\"wp-block-heading\">Contador de Teclado<\/h2>\n\n<p>Uma ferramenta online chamada contador de teclado permite-lhe verificar se alguma tecla do seu teclado est\u00e1 a funcionar correctamente ou n\u00e3o. Para sua conveni\u00eancia, tamb\u00e9m mant\u00e9m um registo do n\u00famero total de prensas de chave. Ao eliminar a necessidade de visitar repetidamente uma loja de repara\u00e7\u00e3o de PC local para testar uma determinada tecla de teclado, esta aplica\u00e7\u00e3o poupar-lhe-\u00e1 tempo e dinheiro. N\u00e3o s\u00f3 verifica as chaves mas ajuda-o a contar as suas chaves num tempo espec\u00edfico.<\/p>\n\n<h2 class=\"wp-block-heading\">Porqu\u00ea utilizar o contador de chaves?<\/h2>\n\n<p>Na era moderna de hoje, praticamente todos utilizam diariamente um teclado. Os teclados t\u00eam uma variedade de objectivos, incluindo a dactilografia, que \u00e9 o que os dactil\u00f3grafos fazem. Algumas pessoas, como os jogadores, podem utiliz\u00e1-lo para jogar. Ou algumas pessoas podem utiliz\u00e1-lo para codificar certas tarefas nos seus PCs. Os teclados s\u00e3o componentes essenciais do computador. Dado que o teclado \u00e9 um dispositivo de entrada, qualquer dano nas suas teclas ou funcionalidades pode ser caro para o sistema de entrada.<\/p>\n\n<p>Para assegurar que o teclado est\u00e1 a funcionar eficazmente nestas circunst\u00e2ncias, \u00e9 utilizado o contador de teclado.<\/p>\n<div class=\"wp-block-image\">\n<figure class=\"aligncenter size-full\"><img loading=\"lazy\" decoding=\"async\" width=\"1000\" height=\"500\" src=\"https:\/\/cpstesters.com\/wp-content\/uploads\/2022\/09\/keyboard-counter-1.jpg\" alt=\"Contador de Teclado\" class=\"wp-image-632\" title=\"\" srcset=\"https:\/\/cpstesters.com\/wp-content\/uploads\/2022\/09\/keyboard-counter-1.jpg 1000w, https:\/\/cpstesters.com\/wp-content\/uploads\/2022\/09\/keyboard-counter-1-300x150.jpg 300w, https:\/\/cpstesters.com\/wp-content\/uploads\/2022\/09\/keyboard-counter-1-768x384.jpg 768w\" sizes=\"auto, (max-width: 1000px) 100vw, 1000px\" \/><figcaption class=\"wp-element-caption\">Contador de Teclado<\/figcaption><\/figure>\n<\/div>\n<p class=\"has-text-align-center has-base-background-color has-background has-medium-font-size\"><em>O nosso <a href=\"https:\/\/cpstesters.com\/pt-br\/?page_id=2624\" target=\"_blank\" rel=\"noreferrer noopener\">Teste WPM Online<\/a> pode ajud\u00e1-lo a melhorar a digita\u00e7\u00e3o e clique, confira!<\/em><\/p>\n\n<h2 class=\"wp-block-heading\">Teclado Contador de cliques<\/h2>\n\n<p>O teclado pode ser utilizado pelos utilizadores para contar os seus cliques. O jogo do contador-chave \u00e9 mais um m\u00e9todo de contagem de cliques neste caso. A mudan\u00e7a no contador de cliques a cada segundo \u00e9 de apenas um segundo, e conta apenas os cliques que se fazem dentro desse per\u00edodo de tempo.<\/p>\n\n<p>Os seus cliques no espa\u00e7o de um minuto ser\u00e3o calculados pelo contador de cliques 1 minuto (60 Segundos). O contador de cliques durante 10 segundos tamb\u00e9m est\u00e1 \u00e0 sua disposi\u00e7\u00e3o, e ir\u00e1 calcular o n\u00famero total de cliques que fizer durante os 10 segundos atribu\u00eddos.<\/p>\n\n<p>O contador de teclas \u00e9 uma adi\u00e7\u00e3o fant\u00e1stica. A maioria dos contadores de cliques funciona apenas com o rato, no entanto, este funciona tamb\u00e9m com a barra de espa\u00e7o, pelo que pode praticar usando esta op\u00e7\u00e3o de duelo no teclado.<\/p>\n\n<h2 class=\"wp-block-heading\">Passos para jogar o jogo do contador de chaves<\/h2>\n\n<p>No nosso s\u00edtio web, os rec\u00e9m-chegados podem facilmente come\u00e7ar a jogar. A ferramenta funciona da seguinte forma:<\/p>\n\n<ul class=\"wp-block-list\">\n<li>Visite o nosso s\u00edtio web.<\/li>\n\n\n\n<li>A partir do menu da p\u00e1gina, escolher o intervalo de tempo.<\/li>\n\n\n\n<li>O balc\u00e3o conta as suas torneiras cada vez que contacta o bar.<\/li>\n\n\n\n<li>Basta clicar no bot\u00e3o Reiniciar para reiniciar o exame. Ao avaliar a sua velocidade utilizando a nossa ferramenta de teste, poder\u00e1 definir um objectivo de jogo dentro de um prazo especificado e ver instantaneamente o resultado.<\/li>\n\n\n\n<li>Portanto, escolha os segundos como intervalo e comece a bater rapidamente dentro do per\u00edodo previsto. A sua taxa t\u00edpica de sapateado depende da frequ\u00eancia com que joga jogos de v\u00eddeo e da sua vontade de ser mais r\u00e1pido.<\/li>\n\n\n\n<li>Os jogadores clicam frequentemente entre 5 a 7 vezes por segundo. No entanto, a pr\u00e1tica frequente permitir-lhe-\u00e1 aumentar rapidamente o seu ritmo de press\u00e3o.<\/li>\n<\/ul>\n\n<h2 class=\"has-text-align-center wp-block-heading\">FAQ&#8217;s<\/h2>\n\n<h3 class=\"wp-block-heading\"><strong>Que papel desempenha o contador de cliques do teclado?<\/strong><\/h3>\n\n<p>Pode ser usado para mais do que apenas matem\u00e1tica simples; tamb\u00e9m pode ser usado para contar o n\u00famero de edif\u00edcios, itens, exerc\u00edcios como flex\u00f5es e flex\u00f5es, ou quaisquer outros ciclos de trabalho.<\/p>\n\n<h3 class=\"wp-block-heading\"><strong>Quantas vezes posso carregar numa tecla?<\/strong><\/h3>\n\n<p>A maioria do teclado s\u00f3 pode acomodar seis entradas simult\u00e2neas. Al\u00e9m disso, algumas sequ\u00eancias chave simplesmente n\u00e3o funcionam por vezes. O termo &#8220;capotamento&#8221; refere-se simplesmente ao qu\u00e3o bem o seu teclado consegue reconhecer quando v\u00e1rias teclas s\u00e3o premidas simultaneamente.<\/p>\n\n<p>Confira as nossas outras ferramentas:<\/p>\n\n<ul class=\"wp-block-list\">\n<li><a href=\"https:\/\/cpstesters.com\/pt-br\/?page_id=2513\" target=\"_blank\" rel=\"noreferrer noopener\">Contador da barra de espa\u00e7o<\/a><\/li>\n\n\n\n<li><a href=\"https:\/\/cpstesters.com\/pt-br\/?page_id=2614\" target=\"_blank\" rel=\"noreferrer noopener\">Teste de Clique do Teclado<\/a><\/li>\n\n\n\n<li><a href=\"https:\/\/cpstesters.com\/pt-br\/?page_id=3119\" target=\"_blank\" rel=\"noreferrer noopener\">Teste APM<\/a><\/li>\n\n\n\n<li><a href=\"https:\/\/cpstesters.com\/pt-br\/?page_id=3204\" target=\"_blank\" rel=\"noreferrer noopener\">Testador de Teclado Mac<\/a><\/li>\n\n\n\n<li><a href=\"https:\/\/cpstesters.com\/pt-br\/teste-de-latencia-do-teclado-tempo-de-resposta-atraso-e-taxa-de-pesquisa\/\" target=\"_blank\" rel=\"noreferrer noopener\">Teste de Lat\u00eancia do Teclado<\/a><\/li>\n<\/ul>\n","protected":false},"excerpt":{"rendered":"<p>keyboard Counter \u00e9 um jogo online de teclas para o ajudar a verificar e contar os seus cliques de teclas, verifique esta incr\u00edvel ferramenta! Contador &#8230; <\/p>\n<p class=\"read-more-container\"><a title=\"Contador de Teclados | Jogo de Teclado\" class=\"read-more button\" href=\"https:\/\/cpstesters.com\/pt-br\/contador-de-teclados\/#more-3203\" aria-label=\"Read more about Contador de Teclados | Jogo de Teclado\">Read More<\/a><\/p>\n","protected":false},"author":4,"featured_media":1740,"parent":0,"menu_order":0,"comment_status":"closed","ping_status":"closed","template":"","meta":{"footnotes":""},"class_list":["post-3203","page","type-page","status-publish","has-post-thumbnail"],"_links":{"self":[{"href":"https:\/\/cpstesters.com\/pt-br\/wp-json\/wp\/v2\/pages\/3203","targetHints":{"allow":["GET"]}}],"collection":[{"href":"https:\/\/cpstesters.com\/pt-br\/wp-json\/wp\/v2\/pages"}],"about":[{"href":"https:\/\/cpstesters.com\/pt-br\/wp-json\/wp\/v2\/types\/page"}],"author":[{"embeddable":true,"href":"https:\/\/cpstesters.com\/pt-br\/wp-json\/wp\/v2\/users\/4"}],"replies":[{"embeddable":true,"href":"https:\/\/cpstesters.com\/pt-br\/wp-json\/wp\/v2\/comments?post=3203"}],"version-history":[{"count":3,"href":"https:\/\/cpstesters.com\/pt-br\/wp-json\/wp\/v2\/pages\/3203\/revisions"}],"predecessor-version":[{"id":3849,"href":"https:\/\/cpstesters.com\/pt-br\/wp-json\/wp\/v2\/pages\/3203\/revisions\/3849"}],"wp:featuredmedia":[{"embeddable":true,"href":"https:\/\/cpstesters.com\/pt-br\/wp-json\/wp\/v2\/media\/1740"}],"wp:attachment":[{"href":"https:\/\/cpstesters.com\/pt-br\/wp-json\/wp\/v2\/media?parent=3203"}],"curies":[{"name":"wp","href":"https:\/\/api.w.org\/{rel}","templated":true}]}}