{"id":3201,"date":"2024-07-16T14:17:21","date_gmt":"2024-07-16T14:17:21","guid":{"rendered":"https:\/\/cpstesters.com\/teste-de-latencia-do-rato-verifique-o-tempo-de-resposta-do-clique\/"},"modified":"2024-09-17T15:49:14","modified_gmt":"2024-09-17T15:49:14","slug":"teste-de-latencia-do-rato","status":"publish","type":"page","link":"https:\/\/cpstesters.com\/pt-br\/teste-de-latencia-do-rato\/","title":{"rendered":"Teste de Lat\u00eancia do Rato | Verifique o Tempo de Resposta do Clique"},"content":{"rendered":"\n<p>O teste de lat\u00eancia do rato pode ser usado para descobrir a taxa de sondagem &amp; tempo de resposta do seu clique do rato com ou sem fios, verifique agora!<\/p>\n<style>\r\n \r\n#instantclick-bar{\r\n    background:#FFB15E;\r\n}\r\n\r\n.container{\r\n    background:white;\r\n    padding:20px 30px;\r\n    margin:.5em auto 1em;\r\n    border-radius:8px;\r\n    width:600px;\r\n    clear:both;\r\n    color:#111;\r\n    border:1px solid rgba(0,0,0,.125)\r\n}\r\n\r\n.gist+hr{\r\n    margin-top:22px\r\n}\r\n.warning{\r\n    background:rgba(255,165,0,.2);\r\n    padding:.25em .5em;\r\n    border-radius:3px;\r\n    border:1px solid rgba(255,165,0,.5);\r\n    font-size:17px\r\n}\r\n#downloads td{\r\n    padding:0 20px 0 0\r\n}\r\n.support{\r\n    font-size:.85em;\r\n    width:100%;\r\n    text-align:center;\r\n    border-spacing:0;\r\n    border:solid #aab;\r\n    border-width:1px 0 0 1px\r\n}\r\n.support td, .support th{\r\n    border:solid #aab;\r\n    border-width:0 1px 1px 0;\r\n    padding:.17em\r\n}\r\n.support th{\r\n    padding:.17em .66em\r\n}\r\n.notice{\r\n    color:#333;\r\n    font-size:16px\r\n}\r\n.btn{\r\n    display:inline-block;\r\n    color:white !important;\r\n    background:#FFB15E;\r\n    border-radius:6px;\r\n    padding:7px 10px 6px;\r\n    text-decoration:none;\r\n    text-align:center;\r\n    font:16px\/1 Helvetica Neue, sans-serif;\r\n    border:1px solid #FFB15E;\r\n    box-shadow:inset 0 1px 1px rgba(255,255,255,.15), 0 1px 1px rgba(0,0,0,.5)\r\n}\r\n.btn:hover{\r\n    background:#c11;\r\n    border-color:#c11;\r\n    box-shadow:inset 0 1px 1px rgba(255,255,255,.2), 0 1px 1px rgba(0,0,0,.6)\r\n}\r\n.btn:active{\r\n    background:#c11;\r\n    position:relative;\r\n    top:1px;\r\n    box-shadow:inset 0 2px 5px rgba(0,0,0,.1)\r\n}\r\n.btn-big{\r\n    border-radius:7px;\r\n    font-size:18px;\r\n    padding:10px 17px 9px\r\n}\r\n.btn small{\r\n    font-size:.72em\r\n}\r\ncode{\r\n    background:#f8f8ff;\r\n    font-size:14px;\r\n    font-family:Consolas, Menlo, DejaVu Sans Mono, monospace;\r\n    white-space:pre;\r\n    border:1px solid #ccc;\r\n    border-bottom-color:#bbb;\r\n    display:inline-block;\r\n    border-radius:2px;\r\n    padding:0 3px\r\n}\r\nsup{\r\n    vertical-align:initial;\r\n    position:relative;\r\n    top:-.42em\r\n}\r\nsup a{\r\n    text-decoration:none;\r\n    margin:-.5em -.3em;\r\n    padding:.5em\r\n}\r\n#footnotes li:target{\r\n    background:#ffb;\r\n    border-radius:1px\r\n}\r\n#footnotes li{\r\n    font-size:16px;\r\n    padding:3px\r\n}\r\n.noteBack{\r\n    font-size:18px\r\n}\r\n#click-test{\r\n    width:100%;\r\n    text-align:center;\r\n    border:solid #aab;\r\n    border-width:1px 0 0 1px;\r\n    border-collapse:collapse\r\n}\r\n#click-test td, #click-test th{\r\n    border:solid #aab;\r\n    border-width:0px 1px 1px 0px;\r\n    width:40%\r\n}\r\n#link1:active{\r\n    background:none\r\n}\r\n#link2{\r\n    margin:30px;\r\n    font-size:20px;\r\n    padding:14px 22px 13px;\r\n    background:#FFB15E;\r\n    border:1px solid #FFB15E;\r\n    box-shadow:inset 0 1px 1px rgba(255,255,255,.15), 0 1px 1px rgba(0,0,0,.5);\r\n    top:0\r\n}\r\n#click-test .results p{\r\n    text-align:left;\r\n    margin-left:10px\r\n}\r\n.prev-next{\r\n    margin-top:1.5em\r\n}\r\n.prev-next a{\r\n    text-decoration:none\r\n}\r\n.prev-next .next{\r\n    float:right\r\n}\r\n.prev-next .next:after, .prev-next .prev:before{\r\n    color:black;\r\n    text-decoration:none;\r\n    display:inline-block;\r\n    color:inherit\r\n}\r\n.prev-next .next:after{\r\n    content:' >'\r\n}\r\n.prev-next .prev:before{\r\n    content:'< '\r\n}\r\n.toc{\r\n    border-top:1px solid #ddf;\r\n    clear:both;\r\n    margin-top:1em\r\n}\r\n.toc h3, .toc h4{\r\n    color:black\r\n}\r\n.toc a{\r\n    text-decoration:none\r\n}\r\n.toc h3{\r\n    margin-top:.75em;\r\n    font-size:1.17em\r\n}\r\n.toc .chapters{\r\n    -webkit-column-count:2;\r\n     -moz-column-count:2;\r\n    column-count:2\r\n}\r\n.toc .chapters li{\r\n    list-style:none\r\n}\r\n#footer{\r\n    margin:auto;\r\n    font-size:.83em;\r\n    text-align:center;\r\n    color:#222\r\n}\r\n.gist{\r\n    color:#000;\r\n     font-size:14px\r\n}\r\n.gist pre{\r\n    font:inherit;\r\n    line-height:inherit;\r\n    white-space:pre\r\n}\r\n.gist .gist-file{\r\n    border:1px solid #ddd;\r\n    border-bottom:1px solid #ccc;\r\n    border-radius:3px;\r\n    font-family:Consolas, Menlo, DejaVu Sans Mono, monospace;\r\n    margin-bottom:1em\r\n}\r\n.gist .gist-file .gist-data{\r\n    overflow:auto;\r\n    word-wrap:normal;\r\n    background-color:#f8f8ff;\r\n    font-size:100%\r\n}\r\n.gist .gist-file .gist-data .line-data{\r\n    padding:.5em !important\r\n}\r\n.gist .gist-file .gist-data .line-pre{\r\n    background:transparent !important;\r\n    border:none !important;\r\n    margin:0 !important;\r\n    padding:0 !important\r\n}\r\n.gist .gist-file .gist-data .line-numbers{\r\n    background-color:#ececec;\r\n    color:#aaa;\r\n    border-right:1px solid #ddd;\r\n    text-align:right;\r\n    padding:.5em\r\n}\r\n.gist .gist-file .gist-data .line-numbers .line-number{\r\n    clear:right;\r\n    display:block\r\n}\r\n.gist-syntax{\r\n    background:#ffffff\r\n}\r\n.c{\r\n    color:#999988;\r\n    font-style:italic\r\n}\r\n.err{\r\n    color:#a61717;\r\n    background-color:#e3d2d2\r\n}\r\n.k{\r\n    color:#000000;\r\n    font-weight:bold\r\n}\r\n.o{\r\n    color:#000000;\r\n    font-weight:bold\r\n}\r\n.cm{\r\n    color:#999988;\r\n    font-style:italic\r\n}\r\n.cp{\r\n    color:#999999;\r\n    font-weight:bold\r\n}\r\n.c1{\r\n    color:#999988;\r\n    font-style:italic\r\n}\r\n.cs{\r\n    color:#999999;\r\n    font-weight:bold;\r\n    font-style:italic\r\n}\r\n.gd{\r\n    color:#000000;\r\n    background-color:#fdd\r\n}\r\n.gd .x{\r\n    color:#000000;\r\n    background-color:#faa\r\n}\r\n.ge{\r\n    color:#000000;\r\n    font-style:italic\r\n}\r\n.gr{\r\n    color:#a00\r\n}\r\n.gh{\r\n    color:#999\r\n}\r\n.gi{\r\n    color:#000000;\r\n    background-color:#dfd\r\n}\r\n.gi .x{\r\n    color:#000000;\r\n    background-color:#afa\r\n}\r\n.go{\r\n    color:#888\r\n}\r\n.gp{\r\n    color:#555\r\n}\r\n.gs{\r\n    font-weight:bold\r\n}\r\n.gu{\r\n    color:#aaa\r\n}\r\n.gt{\r\n    color:#a00\r\n}\r\n.kc{\r\n    color:#000000;\r\n    font-weight:bold\r\n}\r\n.kd{\r\n    color:#000000;\r\n    font-weight:bold\r\n}\r\n.kp{\r\n    color:#000000;\r\n    font-weight:bold\r\n}\r\n.kr{\r\n    color:#000000;\r\n    font-weight:bold\r\n}\r\n.kt{\r\n    color:#445588;\r\n    font-weight:bold\r\n}\r\n.m{\r\n    color:#099\r\n}\r\n.s{\r\n    color:#d14\r\n}\r\n.na{\r\n    color:teal\r\n}\r\n.nb{\r\n    color:#0086b3\r\n}\r\n.nc{\r\n    color:#445588;\r\n    font-weight:bold\r\n}\r\n.no{\r\n    color:teal\r\n}\r\n.ni{\r\n    color:purple\r\n}\r\n.ne{\r\n    color:#990000;\r\n    font-weight:bold\r\n}\r\n.nf{\r\n    color:#990000;\r\n    font-weight:bold\r\n}\r\n.nn{\r\n    color:#555\r\n}\r\n.nt{\r\n    color:navy\r\n}\r\n.nv{\r\n    color:teal\r\n}\r\n.ow{\r\n    color:#000000;\r\n    font-weight:bold\r\n}\r\n.w{\r\n    color:#bbb\r\n}\r\n.mf{\r\n    color:#099\r\n}\r\n.mh{\r\n    color:#099\r\n}\r\n.mi{\r\n    color:#099\r\n}\r\n.mo{\r\n    color:#099\r\n}\r\n.sb{\r\n    color:#d14\r\n}\r\n.sc{\r\n    color:#d14\r\n}\r\n.sd{\r\n    color:#d14\r\n}\r\n.s2{\r\n    color:#d14\r\n}\r\n.se{\r\n    color:#d14\r\n}\r\n.sh{\r\n    color:#d14\r\n}\r\n.si{\r\n    color:#d14\r\n}\r\n.sx{\r\n    color:#d14\r\n}\r\n.sr{\r\n    color:#009926\r\n}\r\n.s1{\r\n    color:#d14\r\n}\r\n.ss{\r\n    color:#990073\r\n}\r\n.bp{\r\n    color:#999\r\n}\r\n.vc{\r\n    color:teal\r\n}\r\n.vg{\r\n    color:teal\r\n}\r\n.vi{\r\n    color:teal\r\n}\r\n.il{\r\n    color:#099\r\n}\r\n\r\n\r\n<\/style>\r\n\r\n\r\n\r\n<table id=\"click-test\">\r\n  <tr>\r\n\t  <th>Normal link<\/th>\r\n\t  <th>Big link<\/th>\r\n\t<\/tr>\r\n  <tr>\r\n\t  <td><a id=\"link1\" href=\"#\" data-no-instant>Click me<\/a><\/td>\r\n    <td><a id=\"link2\" class=\"btn btn-big\" href=\"#\" data-no-instant>Click me<\/a>\r\n\t  <\/td>\r\n\t\t<\/tr>\r\n  <tr class=\"results\">\r\n    <td>\r\n      <p>Click \u2212 Hover = <strong id=\"link1-click-hover\"><\/strong><br>\r\n      Click \u2212 Mousedown = <strong id=\"link1-click-mousedown\"><\/strong>\r\n      <p>Click \u2212 Touchstart = <strong id=\"link1-click-touchstart\"><\/strong>\r\n\t  <\/td>\r\n    <td>\r\n\r\n      <p>Click \u2212 Hover = <strong id=\"link2-click-hover\"><\/strong><br>\r\n      Click \u2212 Mousedown = <strong id=\"link2-click-mousedown\"><\/strong>\r\n      <p>Click \u2212 Touchstart = <strong id=\"link2-click-touchstart\"><\/strong>\r\n\t\t  <\/td>\r\n\t\t<\/tr>\r\n<\/table>\r\n\r\n<script src=\"https:\/\/code.jquery.com\/jquery-3.6.1.min.js\" integrity=\"sha256-o88AwQnZB+VDvE9tvIXrMQaPlFFSUTR+nldQm1LuPXQ=\" crossorigin=\"anonymous\"><\/script>\r\n<script>\r\nfunction $(id) {\r\n  return document.getElementById(id)\r\n}\r\n\r\nvar times = {\r\n  touchstart: 0,\r\n  hover: 0,\r\n  mousedown: 0,\r\n  click: 0\r\n}\r\n\r\n$('link1').addEventListener('mouseover', function() {\r\n  times.hover = +new Date\r\n})\r\n$('link2').addEventListener('mouseover', function() {\r\n  times.hover = +new Date\r\n})\r\n\r\n$('link1').addEventListener('mousedown', function() {\r\n  times.mousedown = +new Date\r\n})\r\n$('link2').addEventListener('mousedown', function() {\r\n  times.mousedown = +new Date\r\n})\r\n\r\n$('link1').addEventListener('touchstart', function() {\r\n  times.touchstart = +new Date\r\n})\r\n$('link2').addEventListener('touchstart', function() {\r\n  times.touchstart = +new Date\r\n})\r\n\r\nfunction delay(time) {\r\n  if (times[time] == 0)\r\n    return '\u221e'\r\n  return times.click - times[time] + ' ms'\r\n}\r\n\r\n$('link1').addEventListener('click', function(e) {\r\n  e.preventDefault()\r\n  times.click = +new Date\r\n  $('link1-click-hover').innerHTML = delay('hover')\r\n  $('link1-click-mousedown').innerHTML = delay('mousedown')\r\n  $('link1-click-touchstart').innerHTML = delay('touchstart')\r\n})\r\n$('link2').addEventListener('click', function(e) {\r\n  e.preventDefault()\r\n  e.target.blur() \r\n  times.click = +new Date\r\n  $('link2-click-hover').innerHTML = delay('hover')\r\n  $('link2-click-mousedown').innerHTML = delay('mousedown')\r\n  $('link2-click-touchstart').innerHTML = delay('touchstart')\r\n})\r\n\r\n<\/script>\n\n<p><\/p>\n\n<div style=\"height:5px\" aria-hidden=\"true\" class=\"wp-block-spacer\"><\/div>\n\n<h2 class=\"wp-block-heading\">O que \u00e9 a Lat\u00eancia do Rato?<\/h2>\n\n<p>A frase &#8220;lat\u00eancia do rato&#8221; refere-se a um atraso no movimento do rato. Tipicamente, \u00e9 alto e baixo. Por exemplo, a lat\u00eancia do rato parece elevada quando o rato responde aos comandos lentamente e \u00e9 baixa sempre que o rato responde prontamente a todos os pedidos.<\/p>\n\n<p>Cada pe\u00e7a de hardware utilizada para jogos de PC causa algum tipo de lat\u00eancia ou atraso. A lat\u00eancia mais baixa \u00e9 ideal para o jogo porque depois as suas ac\u00e7\u00f5es s\u00e3o traduzidas no jogo mais rapidamente e a experi\u00eancia \u00e9 sem descontinuidades e responsiva. A lat\u00eancia de clique do seu rato tem um impacto significativo nessa experi\u00eancia.<\/p>\n\n<p>Infelizmente, n\u00e3o h\u00e1 uma \u00fanica causa clara para o atraso do seu rato, tal como h\u00e1 in\u00fameros outros problemas com o Windows como um todo.<\/p>\n\n<h2 class=\"wp-block-heading\">O que \u00e9 um Teste de Lat\u00eancia do Rato?<\/h2>\n\n<p>O teste de desempenho do rato \u00e9 essencialmente um teste de lat\u00eancia do rato. Este teste mede o per\u00edodo total de tempo que leva para que uma ac\u00e7\u00e3o seja conclu\u00edda ou o atraso nas ac\u00e7\u00f5es do seu rato. Uma vez que existem numerosas causas potenciais de lat\u00eancia do rato, \u00e9 crucial realizar o teste de lat\u00eancia de clique do rato antes de avan\u00e7ar com qualquer tipo de repara\u00e7\u00e3o.<\/p>\n<div class=\"wp-block-image\">\n<figure class=\"aligncenter size-full\"><img loading=\"lazy\" decoding=\"async\" width=\"1000\" height=\"500\" src=\"https:\/\/cpstesters.com\/wp-content\/uploads\/2022\/09\/mouse-latency-test.jpg\" alt=\"Teste de Lat&#xEA;ncia do Rato\" class=\"wp-image-635\" title=\"\" srcset=\"https:\/\/cpstesters.com\/wp-content\/uploads\/2022\/09\/mouse-latency-test.jpg 1000w, https:\/\/cpstesters.com\/wp-content\/uploads\/2022\/09\/mouse-latency-test-300x150.jpg 300w, https:\/\/cpstesters.com\/wp-content\/uploads\/2022\/09\/mouse-latency-test-768x384.jpg 768w\" sizes=\"auto, (max-width: 1000px) 100vw, 1000px\" \/><figcaption>Teste de Lat\u00eancia do Rato<\/figcaption><\/figure>\n<\/div>\n<p class=\"has-text-align-center has-base-background-color has-background has-medium-font-size\"><em>Se o seu rato tem uma boa lat\u00eancia, tente um <a href=\"https:\/\/cpstesters.com\/pt-br\/\" target=\"_blank\" rel=\"noreferrer noopener\">teste de clique por segundo<\/a> para melhorar o clique!<\/em><\/p>\n\n<h2 class=\"wp-block-heading\">Quando a lat\u00eancia do rato \u00e9 importante<\/h2>\n\n<p>\u00c9 crucial para os jogadores ter um rato com uma lat\u00eancia de baixo clique. Naturalmente, um computador e um ecr\u00e3 com pouco atraso de entrada s\u00e3o tamb\u00e9m necess\u00e1rios, mas um rato de jogo r\u00e1pido pode significar a diferen\u00e7a entre o sucesso ou o fracasso.<\/p>\n\n<p>Um rato com alta lat\u00eancia pode criar distin\u00e7\u00f5es subtis nos jogos, mesmo que a maioria dos indiv\u00edduos n\u00e3o consiga discernir o atraso entre quando o rato \u00e9 clicado e quando a ac\u00e7\u00e3o \u00e9 exibida no ecr\u00e3 visual ou acusticamente. Ao jogar jogos online competitivos, utilizando um rato de baixa lat\u00eancia pode oferecer-lhe uma vantagem sobre os seus advers\u00e1rios que utilizam ratos de alta lat\u00eancia.<\/p>\n\n<p>A lat\u00eancia do clique depende da liga\u00e7\u00e3o por cabo do rato. Em geral, o rato sem fios tem a maior lat\u00eancia, enquanto que o rato com fio tem a menor lat\u00eancia. Embora n\u00e3o seja para jogos, uma liga\u00e7\u00e3o Bluetooth \u00e9 prefer\u00edvel para utiliza\u00e7\u00e3o no escrit\u00f3rio. A maioria dos utilizadores n\u00e3o notar\u00e1 sequer qualquer atraso, a menos que a lat\u00eancia seja grave.<\/p>\n\n<p>A utiliza\u00e7\u00e3o de ratos de jogo sem fios com receptores USB tem crescido em popularidade, e a tecnologia tem avan\u00e7ado para minimizar significativamente a lat\u00eancia, fazendo algumas escolhas sem fios t\u00e3o boas como as de cabo.<\/p>\n\n<h2 class=\"has-text-align-center wp-block-heading\">FAQ&#8217;s<\/h2>\n\n<h3 class=\"wp-block-heading\"><strong>Como posso verificar a lat\u00eancia do meu rato?<\/strong><\/h3>\n\n<p>O nosso testador de lat\u00eancia de rato online verifica a diferen\u00e7a entre o cursor do hardware e a localiza\u00e7\u00e3o mais recente do rato uma vez aberto o website e come\u00e7a a mover o rato de forma consistente.<\/p>\n\n<h3 class=\"wp-block-heading\"><strong>Como \u00e9 que corrijo a lat\u00eancia do meu rato?<\/strong><\/h3>\n\n<p>Pode utilizar in\u00fameros m\u00e9todos para resolver este problema. Tente actualizar os controladores do rato ou reinstal\u00e1-los. Se isto n\u00e3o funcionar, tente alterar as defini\u00e7\u00f5es do teclado de clique.<\/p>\n\n<h3 class=\"wp-block-heading\"><strong>Que lat\u00eancia de rato \u00e9 boa para o jogo?<\/strong><\/h3>\n\n<p>A taxa de sondagem mais elevada que o seu rato pode normalmente conseguir \u00e9 a taxa de sondagem ideal para um rato de jogo. Muitos ratos de jogo t\u00eam uma frequ\u00eancia de 1000Hz.<\/p>\n\n<h3 class=\"wp-block-heading\"><strong>Os ratos t\u00eam lat\u00eancia?<\/strong><\/h3>\n\n<p>A lat\u00eancia do clique \u00e9 influenciada pelo conector do rato. Geralmente, o rato sem fios tem a maior lat\u00eancia, enquanto que os com fios t\u00eam frequentemente a mais baixa.<\/p>\n\n<p>Verifique Outras Ferramentas do Rato:<\/p>\n\n<ul class=\"wp-block-list\"><li><a href=\"https:\/\/cpstesters.com\/pt-br\/?page_id=2958\" target=\"_blank\" rel=\"noreferrer noopener\">Teste do Bot\u00e3o do Rato<\/a><\/li><li><a href=\"https:\/\/cpstesters.com\/pt-br\/?page_id=2363\" target=\"_blank\" rel=\"noreferrer noopener\">Teste de Pergaminho do Rato<\/a><\/li><li><a href=\"https:\/\/cpstesters.com\/pt-br\/?page_id=3119\" target=\"_blank\" rel=\"noreferrer noopener\">Teste APM<\/a><\/li><li><a href=\"https:\/\/cpstesters.com\/pt-br\/?page_id=2823\" target=\"_blank\" rel=\"noreferrer noopener\">Apontar o treinador<\/a><\/li><li><a href=\"https:\/\/cpstesters.com\/pt-br\/?page_id=2955\" target=\"_blank\" rel=\"noreferrer noopener\">Teste de Precis\u00e3o do Rato<\/a><\/li><\/ul>\n","protected":false},"excerpt":{"rendered":"<p>O teste de lat\u00eancia do rato pode ser usado para descobrir a taxa de sondagem &amp; tempo de resposta do seu clique do rato com &#8230; <\/p>\n<p class=\"read-more-container\"><a title=\"Teste de Lat\u00eancia do Rato | Verifique o Tempo de Resposta do Clique\" class=\"read-more button\" href=\"https:\/\/cpstesters.com\/pt-br\/teste-de-latencia-do-rato\/#more-3201\" aria-label=\"Read more about Teste de Lat\u00eancia do Rato | Verifique o Tempo de Resposta do Clique\">Read More<\/a><\/p>\n","protected":false},"author":4,"featured_media":1752,"parent":0,"menu_order":0,"comment_status":"closed","ping_status":"closed","template":"","meta":{"footnotes":""},"class_list":["post-3201","page","type-page","status-publish","has-post-thumbnail"],"_links":{"self":[{"href":"https:\/\/cpstesters.com\/pt-br\/wp-json\/wp\/v2\/pages\/3201","targetHints":{"allow":["GET"]}}],"collection":[{"href":"https:\/\/cpstesters.com\/pt-br\/wp-json\/wp\/v2\/pages"}],"about":[{"href":"https:\/\/cpstesters.com\/pt-br\/wp-json\/wp\/v2\/types\/page"}],"author":[{"embeddable":true,"href":"https:\/\/cpstesters.com\/pt-br\/wp-json\/wp\/v2\/users\/4"}],"replies":[{"embeddable":true,"href":"https:\/\/cpstesters.com\/pt-br\/wp-json\/wp\/v2\/comments?post=3201"}],"version-history":[{"count":2,"href":"https:\/\/cpstesters.com\/pt-br\/wp-json\/wp\/v2\/pages\/3201\/revisions"}],"predecessor-version":[{"id":3221,"href":"https:\/\/cpstesters.com\/pt-br\/wp-json\/wp\/v2\/pages\/3201\/revisions\/3221"}],"wp:featuredmedia":[{"embeddable":true,"href":"https:\/\/cpstesters.com\/pt-br\/wp-json\/wp\/v2\/media\/1752"}],"wp:attachment":[{"href":"https:\/\/cpstesters.com\/pt-br\/wp-json\/wp\/v2\/media?parent=3201"}],"curies":[{"name":"wp","href":"https:\/\/api.w.org\/{rel}","templated":true}]}}