{"id":3117,"date":"2024-07-16T14:00:59","date_gmt":"2024-07-16T14:00:59","guid":{"rendered":"https:\/\/cpstesters.com\/minecraft-font-generator-the-best-font-generator\/"},"modified":"2024-09-17T15:34:25","modified_gmt":"2024-09-17T15:34:25","slug":"minecraft-font-generator","status":"publish","type":"page","link":"https:\/\/cpstesters.com\/pt-br\/minecraft-font-generator\/","title":{"rendered":"Gerador de fontes do Minecraft | O melhor gerador de fontes"},"content":{"rendered":"\n<p>\u00c0 procura de um gerador de fontes que seja o melhor para Minecraft? Experimente a nossa ferramenta Minecraft Font Generator abaixo e copie agora!<\/p>\n<style>        \r\n   .content-box {\r\n   box-shadow: 0 1px 1px rgba(0, 0, 0, 0.3);\r\n   border-radius: 2px;\r\n   background: white;\r\n   margin: 0 auto;\r\n   margin-top: 1em;\r\n   max-width: 800px;\r\n   width: 100%;\r\n   box-sizing: border-box;\r\n   }\r\n\t #rect{\r\n\t\tmargin-bottom:0px;\t\r\n\t}\r\n   #input {\r\n   resize: none;\r\n   border: none;\r\n   outline: none;\r\n   width: 100%;\r\n   height: 100%;\r\n   padding: 1em;\r\n   font-size: 1.25em;\r\n   }\r\n   #input-wrapper {\r\n   height: 9em;\r\n   overflow: hidden;\r\n   margin-top: 0;\r\n   }\r\n   #output-wrapper {\r\n   height: fit-content;\r\n   padding: 1em;\r\n   background-color: #343a40;\r\n   color: #ffffff;\r\n   }\r\n   #output {\r\n   font-size: 1.4em;\r\n   word-break: break-word;\r\n   }\r\n<\/style>\r\n<style type=\"text\/css\">\r\n   @font-face {\r\n   font-family: Myfont0;\r\n   src: url('https:\/\/cpstesters.com\/wp-content\/themes\/generatepress\/tools\/minecraft\/fonts\/file-158784415523.ttf');\r\n   }\r\n   #rect {\r\n   font-family: Myfont0;\r\n   }\r\n   @font-face {\r\n   font-family: Myfont1;\r\n   src: url('https:\/\/cpstesters.com\/wp-content\/themes\/generatepress\/tools\/minecraft\/fonts\/file-1587844178267.ttf');\r\n   }\r\n   @font-face {\r\n   font-family: Myfont2;\r\n   src: url('https:\/\/cpstesters.com\/wp-content\/themes\/generatepress\/tools\/minecraft\/fonts\/file-1587844199300.ttf');\r\n   }\r\n   @font-face {\r\n   font-family: Myfont3;\r\n   src: url('https:\/\/cpstesters.com\/wp-content\/themes\/generatepress\/tools\/minecraft\/fonts\/file-1587844237359.ttf');\r\n   }\r\n   ::placeholder {\r\n   color: #ffffff !important;\r\n   }\r\n<\/style>\r\n<style>\r\n   #disqus_thread {\r\n   width: 100%;\r\n   padding: 10px;\r\n   }\r\n<\/style>\r\n<div class=\"container-fluid bg-body border-bottom\">\r\n   <div class=\"row\">\r\n      <div class=\"col-md-12 col-12 text-left text-justify mb-5\">\r\n         <div class=\"col-md-12 col-12 \" style='display:none;'>\r\n            <div class=\"row\">\r\n               <div class=\"col-md-6 col-6 text-center mb-3\" style='display:none;'>\r\n                  <div class=\"bg-dark border p-2\">\r\n                     <a onclick=\"showdiv(1);\" class=\"text-white\" id=\"image \" title=\"Image Type\">\r\n                        <p class=\"pt-2 h6 font-weight-bold text-center\">Image Type<\/p>\r\n                     <\/a>\r\n                  <\/div>\r\n               <\/div>\r\n               <div class=\"col-md-6 col-6 text-center mb-3\" style='display:none;'>\r\n                  <div class=\"bg-dark border p-2\">\r\n                     <a onclick=\"showdiv(2);\" class=\"text-white\" id=\"text\" title=\"Text Type\">\r\n                        <p class=\"pt-2 h6 font-weight-bold text-center\">Text Type<\/p>\r\n                     <\/a>\r\n                  <\/div>\r\n               <\/div>\r\n            <\/div>\r\n         <\/div>\r\n         <div class=\"row bg-white  border\" id=\"image_view\" style='display:block;'>\r\n            <div class=\"bg-white border-bottom mb-3 col-md-12 \">\r\n               <div class=\"form-group\">\r\n                  <label for=\"name\" class=\"font-weight-bold label control-label text-dark mt-3\">Write Your Text<\/label>\r\n                  <textarea id=\"writetext\" maxlength='100' class=\"form-control bg-dark border-dark text-white rounded-0\" onkeyup=\"updateText(this.value)\" name=\"text\" placeholder=\"write your text\">Minecraft Text<\/textarea>\r\n               <\/div>\r\n            <\/div>\r\n            <input type=\"hidden\" name=\"fontsize\" value=\"72\" id=\"fontsizeinput\">\r\n            <div class=\"col-md-12 rounded-0\">\r\n               <div id=\"html-content-holder\">\r\n                  <p id=\"rect\" class=\"p-5\"><\/p>\r\n               <\/div>\r\n            <!--   <button class=\"btn btn-primary\" id=\"btn-Convert-Html2Image\" href=\"#\">Download<\/button>\r\n               <br \/> --> <br \/>\r\n            <\/div>\r\n         <\/div>\r\n         <div class=\"row bg-white  border\" id=\"text_view\" style='display:none;'>\r\n            <div class=\"bg-white  mb-3 col-md-12 \">\r\n               <div class=\"form-group content-box\" id=\"input-wrapper\">\r\n                  <label for=\"name\" class=\"font-weight-bold label control-label text-dark mt-3\">Write Your Text<\/label>\r\n                  <textarea id=\"input\" maxlength='100' class=\"form-control bg-dark border-dark text-white rounded-0\" placeholder=\"Type or paste your text here :)\" value=\"\"><\/textarea>\r\n               <\/div>\r\n               <div class=\" form-group content-box\" id=\"output-wrapper\" style=\"display:none;\">\r\n                  <div id=\"output\">\r\n                     <p style=\"margin: 0;opacity: 0.7;\"><span style=\"display:inline-block; width:max-content;\">\u1555( \u141b )\u1557<\/span><\/p>\r\n                  <\/div>\r\n               <\/div>\r\n            <\/div>\r\n         <\/div>\r\n      <\/div>\r\n   <\/div>\r\n<\/div>\r\n<script type=\"text\/javascript\" src=\"https:\/\/cpstesters.com\/wp-content\/themes\/generatepress\/tools\/js\/image-text.js\"><\/script>\r\n<script>\r\n   window.onload = updateText(document.getElementById('writetext').value);\r\n   \r\n   function updateText(updateTex) {\r\n       \/\/ 'jscolor' instance can be used as a string\r\n       var max = 100;\r\n       var len = updateTex.length;\r\n       if (len <= max) {\r\n           document.getElementById(\"rect\").innerHTML = updateTex;\r\n           \/\/document.getElementById(\"rect\").style.fontFamily  = \"myFirstFont\";\r\n           \/\/document.getElementById(\"rect\").style.fontStyle = \"Aldrich\";\r\n           \/\/document.getElementById(\"rect\").style.fontWeight  = \"bolder\";\r\n       } else {\r\n           var char = max - len;\r\n           \/\/jQuery('#charNum').text(char + ' characters left');\r\n       }\r\n   }\r\n   \r\n   function update(jscolor) {\r\n       \/\/ 'jscolor' instance can be used as a string\r\n       document.getElementById('rect').style.color = '#' + jscolor;\r\n   }\r\n   \r\n   function updateFontSize(a) {\r\n       \/\/ var listValue = document.getElementById(\"sizelabel\").value;\r\n       if (a > 100) {\r\n           \/\/ listValue = document.getElementById(\"sizelabel\").value = 200;\r\n           \/\/document.getElementById(\"sliderAmount\").innerHTML = listValue;\r\n           document.getElementById(\"sizelabel\").value = 100;\r\n           document.getElementById(\"fontsizeinput\").value = 100;\r\n           document.getElementById(\"fontsizeinput\").value = 100;\r\n           document.getElementById(\"rect\").style.fontSize = 100 + 'px';\r\n       } else {\r\n           \/\/document.getElementById(\"sliderAmount\").innerHTML = listValue;\r\n           document.getElementById(\"fontsizeinput\").value = a;\r\n           document.getElementById(\"rect\").style.fontSize = a + 'px';\r\n           document.getElementById(\"sizelabel\").value = a;\r\n   \r\n       }\r\n   \r\n   }\r\n   \r\n   function updateSlider(slideAmount) {\r\n       var sliderDiv = document.getElementById(\"sliderAmount\");\r\n       sliderDiv.innerHTML = slideAmount;\r\n       document.getElementById(\"rect\").style.fontSize = slideAmount + 'px';;\r\n       var listValue = document.getElementById(\"sizelabel\").value = slideAmount;\r\n       var listValue = document.getElementById(\"fontsizeinput\").value = slideAmount;\r\n   \r\n   }\r\n<\/script>\r\n<script type=\"text\/javascript\" src=\"https:\/\/code.jquery.com\/jquery-3.2.1.slim.min.js\"><\/script>\r\n<script src=\"https:\/\/cdnjs.cloudflare.com\/ajax\/libs\/spectrum\/1.8.1\/spectrum.min.js\"><\/script>\r\n<script type=\"text\/javascript\" src=\"https:\/\/cdnjs.cloudflare.com\/ajax\/libs\/popper.js\/1.12.9\/umd\/popper.min.js\"><\/script>\r\n<script type=\"text\/javascript\" src=\"https:\/\/maxcdn.bootstrapcdn.com\/bootstrap\/4.0.0\/js\/bootstrap.min.js\"><\/script>\r\n<script type=\"text\/javascript\" src=\"https:\/\/cdnjs.cloudflare.com\/ajax\/libs\/font-awesome\/5.15.3\/js\/all.min.js\"><\/script>\r\n<script type=\"text\/javascript\" src=\"https:\/\/cpstesters.com\/wp-content\/themes\/generatepress\/tools\/minecraft\/js\/custom.js\"><\/script>\r\n<script type=\"text\/javascript\" src=\"https:\/\/cdnjs.cloudflare.com\/ajax\/libs\/bootstrap-select\/1.13.18\/js\/bootstrap-select.min.js\"><\/script>\r\n<script src=\"https:\/\/cdnjs.cloudflare.com\/ajax\/libs\/html2canvas\/0.4.1\/html2canvas.js\"><\/script>\r\n<script>\r\n   jQuery(document).ready(function() {\r\n       var element = jQuery(\"#html-content-holder\"); \/\/ global variable\r\n       var getCanvas; \/\/ global variable\r\n   \r\n       jQuery(\"#btn-Preview-Image\").on('click', function() {\r\n           html2canvas(element, {\r\n               onrendered: function(canvas) {\r\n                   jQuery(\"#previewImage\").html(canvas);\r\n                   getCanvas = canvas;\r\n               }\r\n           });\r\n       });\r\n   \r\n       jQuery(\"#btn-Convert-Html2Image\").on('click', function() {\r\n           html2canvas(element, {\r\n               onrendered: function(canvas) {\r\n                   jQuery(\"#previewImage\").html(canvas);\r\n                   getCanvas = canvas;\r\n               }\r\n           });\r\n           var imgageData = getCanvas.toDataURL(\"image\/png\");\r\n           \/\/ Now browser starts downloading it instead of just showing it\r\n           var newData = imgageData.replace(\/^data:image\\\/png\/, \"data:application\/octet-stream\");\r\n           jQuery(\"#btn-Convert-Html2Image\").attr(\"download\", \"mfg-clickspeeder.png\").attr(\"href\", newData);\r\n       });\r\n   \r\n   });\r\n<\/script>\r\n<script>\r\n   jQuery(window).scroll(function() {\r\n       jQuery.each(jQuery('img'), function() {\r\n           if (jQuery(this).attr('data-src') && jQuery(this).offset().top < (jQuery(window).scrollTop() + jQuery(window).height() + 100)) {\r\n               var source = jQuery(this).data('src');\r\n               jQuery(this).attr('src', source);\r\n               jQuery(this).removeAttr('data-src');\r\n           }\r\n       })\r\n   })\r\n   \r\n   jQuery('.on-active').on('click', function() {\r\n       jQuery('.on-active').removeClass('bg-danger');\r\n       jQuery(this).addClass('bg-danger');\r\n   });\r\n   \r\n   function showdiv(ele) {\r\n   \r\n       if (ele == 1) {\r\n           document.getElementById(\"image_view\").style.display = \"block\";\r\n           document.getElementById(\"text_view\").style.display = \"none\";\r\n       }\r\n       if (ele == 2) {\r\n           document.getElementById(\"image_view\").style.display = \"none\";\r\n           document.getElementById(\"text_view\").style.display = \"block\";\r\n       }\r\n   }\r\n   jQuery('.change-font-family').on('change', function() {\r\n       jQuery('#rect').removeAttr('style'); \/\/ That removes all inline\r\n       jQuery('#rect').css('font-family', jQuery(this).find(':selected').data('id'));\r\n   \r\n   });\r\n   jQuery('#text-color').spectrum({\r\n       color: \"#00000\",\r\n       flat: true,\r\n       allowEmpty: false,\r\n       showInitial: false,\r\n       showPalette: true,\r\n       togglePaletteOnly: true,\r\n       showPaletteOnly: true,\r\n       preferredFormat: \"hex\",\r\n       palette: [\r\n           [\"rgb(255, 255, 255)\", \"rgb(0, 0, 0)\", \"rgb(67, 67, 67)\", \"rgb(102, 102, 102)\",\r\n               \"rgb(204, 204, 204)\", \"rgb(217, 217, 217)\", \"rgb(102, 102, 102)\", \"rgb(163, 50, 50)\"\r\n           ],\r\n           [\"rgb(152, 0, 0)\", \"rgb(255, 0, 0)\", \"rgb(255, 153, 0)\", \"rgb(255, 255, 0)\", \"rgb(0, 255, 0)\",\r\n               \"rgb(0, 255, 255)\", \"rgb(74, 134, 232)\", \"rgb(0, 0, 255)\"\r\n           ],\r\n           [\"rgb(230, 184, 175)\", \"rgb(244, 204, 204)\", \"rgb(252, 229, 205)\", \"rgb(255, 242, 204)\", \"rgb(217, 234, 211)\",\r\n               \"rgb(208, 224, 227)\", \"rgb(201, 218, 248)\", \"rgb(207, 226, 243)\"\r\n           ]\r\n       ],\r\n       change: function(color) {\r\n           document.getElementById('rect').style.color = color.toHexString();\r\n       },\r\n       move: function(color) {\r\n           document.getElementById('rect').style.color = color.toHexString();\r\n       }\r\n   });\r\n   jQuery('#back-color').spectrum({\r\n       color: \"#ffffff\",\r\n       flat: true,\r\n       allowEmpty: false,\r\n       showInitial: false,\r\n       showPalette: true,\r\n       togglePaletteOnly: true,\r\n       showPaletteOnly: true,\r\n       preferredFormat: \"hex\",\r\n       showSelectionPalette: true,\r\n       change: function(color) {\r\n           if (color.toName() == 'transparent') {\r\n               \/\/ console.log(color.toName());\r\n   \r\n               jQuery('#back-color').val(color.toName());\r\n               document.getElementById('rect').style.backgroundColor = '#ffffff';\r\n   \r\n           } else {\r\n               \/\/ console.log(color.toHexString());\r\n               document.getElementById('rect').style.backgroundColor = color.toHexString();\r\n               document.getElementById('rect').style.backgroundImage = \" url('')\";\r\n           }\r\n       },\r\n       move: function(color) {\r\n           if (color.toName() == 'transparent') {\r\n   \r\n               jQuery('#back-color').val(color.toName());\r\n   \r\n           } else {\r\n               document.getElementById('rect').style.backgroundColor = color.toHexString();\r\n           }\r\n       },\r\n       palette: [\r\n           [\"rgba(255, 255, 255, 0)\", \"rgb(255, 255, 255)\", \"rgb(0, 0, 0)\", \"rgb(67, 67, 67)\", \"rgb(102, 102, 102)\", \"rgb(163, 50, 50)\",\r\n               \"rgb(204, 204, 204)\", \"rgb(217, 217, 217)\"\r\n           ],\r\n           [\"rgb(152, 0, 0)\", \"rgb(255, 0, 0)\", \"rgb(255, 153, 0)\", \"rgb(255, 255, 0)\", \"rgb(0, 255, 0)\",\r\n               \"rgb(0, 255, 255)\", \"rgb(74, 134, 232)\", \"rgb(0, 0, 255)\"\r\n           ],\r\n           [\"rgb(230, 184, 175)\", \"rgb(244, 204, 204)\", \"rgb(252, 229, 205)\", \"rgb(255, 242, 204)\", \"rgb(217, 234, 211)\",\r\n               \"rgb(208, 224, 227)\", \"rgb(201, 218, 248)\", \"rgb(207, 226, 243)\"\r\n           ]\r\n       ]\r\n   });\r\n   jQuery(document).ready(function() {\r\n       jQuery(\"#rect\").css('font-size', 72)\r\n   });\r\n<\/script>\n\n<div style=\"height:5px\" aria-hidden=\"true\" class=\"wp-block-spacer\"><\/div>\n\n<h2 class=\"wp-block-heading\">Gerador de Fontes Minecraft<\/h2>\n\n<p>O Minecraft Font Generator permite-lhe criar estilos de texto utilizando as fontes vistas no jogo. Permite-lhe criar gr\u00e1ficos de texto que fazem lembrar o logotipo do Minecraft e outros gr\u00e1ficos de jogo. Uma vez criado o tipo de letra da sua escolha, pode guard\u00e1-lo em forma de imagem e utiliz\u00e1-lo onde quiser.<\/p>\n\n<p>Com apenas um clique, pode copiar e colar uma vasta gama de textos modernos e contempor\u00e2neos em qualquer computador ou dispositivo m\u00f3vel. Muitas pessoas em todo o mundo utilizam a ferramenta geradora de fontes de texto Minecraft para transformar texto regular em fontes elegantes, ornamentadas e cursivas sem terem de instalar quaisquer fontes ou aplica\u00e7\u00f5es extra.<\/p>\n\n<h2 class=\"wp-block-heading\">Como funciona a Ferramenta Geradora de Fontes Minecraft?<\/h2>\n\n<p>Deve introduzir primeiro algum texto aleat\u00f3rio para produzir o tipo de letra da sua escolha. O gerador de fontes Minecrafter transforma-o ent\u00e3o num tipo de letra especial que se pode utilizar. Os passos para terminar este processo est\u00e3o listados abaixo:<\/p>\n\n<ul class=\"wp-block-list\"><li>Introduza o seu texto na caixa do gerador de fontes na primeira fase<\/li><li>Depois aguarde que gere v\u00e1rias fontes para que possa escolher<\/li><li>Basta copiar e colar a fonte Minecraft na Instagram, Facebook, ou em qualquer outro site de comunica\u00e7\u00e3o social da sua prefer\u00eancia.<\/li><\/ul>\n\n<p>O gerador pode produzir texto em caligrafia, cursiva incomum, escrita \u00e0 m\u00e3o, e fontes de script digital, entre outros estilos de texto. Al\u00e9m disso, \u00e9 poss\u00edvel incluir mais emojis e s\u00edmbolos.<\/p>\n\n<p>Este tipo de gerador de fontes converte o texto dado num equivalente mas &#8220;fantasista&#8221; de s\u00edmbolos Unicode ou letras.<\/p>\n<div class=\"wp-block-image\">\n<figure class=\"aligncenter size-full\"><img loading=\"lazy\" decoding=\"async\" width=\"1000\" height=\"500\" src=\"https:\/\/cpstesters.com\/wp-content\/uploads\/2022\/09\/Minecraft-Font-Generator-1.jpg\" alt=\"Gerador de Fontes Minecraft\" class=\"wp-image-568\" title=\"\" srcset=\"https:\/\/cpstesters.com\/wp-content\/uploads\/2022\/09\/Minecraft-Font-Generator-1.jpg 1000w, https:\/\/cpstesters.com\/wp-content\/uploads\/2022\/09\/Minecraft-Font-Generator-1-300x150.jpg 300w, https:\/\/cpstesters.com\/wp-content\/uploads\/2022\/09\/Minecraft-Font-Generator-1-768x384.jpg 768w\" sizes=\"auto, (max-width: 1000px) 100vw, 1000px\" \/><figcaption>Gerador de Fontes Minecraft<\/figcaption><\/figure>\n<\/div>\n<h2 class=\"wp-block-heading\">Caracter\u00edsticas da Ferramenta Geradora de Fontes<\/h2>\n\n<p>As seguintes caracter\u00edsticas do gerador de fontes s\u00e3o verdadeiramente espantosas:<\/p>\n\n<ul class=\"wp-block-list\"><li>Este gerador de fontes converte o texto em tempo real.<\/li><li>Mostrar\u00e1 um estilo de fontes \u00fanico e fresco para si.<\/li><li>O tamanho da letra pode ser aumentado e diminu\u00eddo facilmente.<\/li><li>Pode partilhar esta ferramenta com os seus amigos atrav\u00e9s das plataformas de Social Media<\/li><li>As fontes geradas d\u00e3o-lhe mais flexibilidade porque podem combinar elementos com qualquer estilo de fonte.<\/li><\/ul>\n\n<h2 class=\"has-text-align-center wp-block-heading\">FAQ&#8217;s<\/h2>\n\n<h3 class=\"wp-block-heading\"><strong>Que tipo de letra \u00e9 Minecraft?<\/strong><\/h3>\n\n<p>A &#8220;Minecrafter Font&#8221; apresentada no log\u00f3tipo Minecraft \u00e9 uma forma de fonte techno que pode ser utilizada em Macs, Pcs, iOS, e dispositivos Android em qualquer computador. Uma fonte gratuita criada para uso pessoal \u00e9 chamada Minecrafter.<\/p>\n\n<h3 class=\"wp-block-heading\"><strong>Posso utilizar a ferramenta Minecraft Font Generator em Dispositivo M\u00f3vel?<\/strong><\/h3>\n\n<p>Sim, a ferramenta Minecraft Font Generator online \u00e9 sens\u00edvel aos dispositivos m\u00f3veis. Pode agora come\u00e7ar simplesmente por abrir o site cpstesters.com no browser do seu dispositivo. Funciona da mesma forma num computador e num dispositivo m\u00f3vel.<\/p>\n\n<p>Pode tamb\u00e9m verificar:<\/p>\n\n<ul class=\"wp-block-list\"><li><a href=\"https:\/\/cpstesters.com\/pt-br\/?page_id=2962\" target=\"_blank\" rel=\"noreferrer noopener\">Minecraft Gerador de c\u00edrculos<\/a><\/li><li><a href=\"https:\/\/cpstesters.com\/pt-br\/?page_id=3099\" target=\"_blank\" rel=\"noreferrer noopener\">Gerador da Esfera do Minecraft<\/a><\/li><li><a href=\"https:\/\/cpstesters.com\/pt-br\/minecraft-title-generator-faca-o-melhor-titulo\/\" target=\"_blank\" rel=\"noreferrer noopener\">Gerador de t\u00edtulos de Minecraft<\/a><\/li><li><a href=\"https:\/\/cpstesters.com\/pt-br\/?page_id=3113\" target=\"_blank\" rel=\"noreferrer noopener\">Minecraft Generator de Comando<\/a><\/li><li><a href=\"https:\/\/cpstesters.com\/pt-br\/?page_id=2823\" target=\"_blank\" rel=\"noreferrer noopener\">Apontar o treinador<\/a><\/li><li><a href=\"https:\/\/cpstesters.com\/pt-br\/\" target=\"_blank\" rel=\"noreferrer noopener\">Teste CPS  <\/a><\/li><\/ul>\n","protected":false},"excerpt":{"rendered":"<p>\u00c0 procura de um gerador de fontes que seja o melhor para Minecraft? Experimente a nossa ferramenta Minecraft Font Generator abaixo e copie agora! Gerador &#8230; <\/p>\n<p class=\"read-more-container\"><a title=\"Gerador de fontes do Minecraft | O melhor gerador de fontes\" class=\"read-more button\" href=\"https:\/\/cpstesters.com\/pt-br\/minecraft-font-generator\/#more-3117\" aria-label=\"Read more about Gerador de fontes do Minecraft | O melhor gerador de fontes\">Read More<\/a><\/p>\n","protected":false},"author":4,"featured_media":1524,"parent":0,"menu_order":0,"comment_status":"closed","ping_status":"closed","template":"","meta":{"footnotes":""},"class_list":["post-3117","page","type-page","status-publish","has-post-thumbnail"],"_links":{"self":[{"href":"https:\/\/cpstesters.com\/pt-br\/wp-json\/wp\/v2\/pages\/3117","targetHints":{"allow":["GET"]}}],"collection":[{"href":"https:\/\/cpstesters.com\/pt-br\/wp-json\/wp\/v2\/pages"}],"about":[{"href":"https:\/\/cpstesters.com\/pt-br\/wp-json\/wp\/v2\/types\/page"}],"author":[{"embeddable":true,"href":"https:\/\/cpstesters.com\/pt-br\/wp-json\/wp\/v2\/users\/4"}],"replies":[{"embeddable":true,"href":"https:\/\/cpstesters.com\/pt-br\/wp-json\/wp\/v2\/comments?post=3117"}],"version-history":[{"count":3,"href":"https:\/\/cpstesters.com\/pt-br\/wp-json\/wp\/v2\/pages\/3117\/revisions"}],"predecessor-version":[{"id":5923,"href":"https:\/\/cpstesters.com\/pt-br\/wp-json\/wp\/v2\/pages\/3117\/revisions\/5923"}],"wp:featuredmedia":[{"embeddable":true,"href":"https:\/\/cpstesters.com\/pt-br\/wp-json\/wp\/v2\/media\/1524"}],"wp:attachment":[{"href":"https:\/\/cpstesters.com\/pt-br\/wp-json\/wp\/v2\/media?parent=3117"}],"curies":[{"name":"wp","href":"https:\/\/api.w.org\/{rel}","templated":true}]}}