{"id":3099,"date":"2024-07-16T14:20:18","date_gmt":"2024-07-16T14:20:18","guid":{"rendered":"https:\/\/cpstesters.com\/minecraft-sphere-generator-minecraft-dome-generator\/"},"modified":"2024-09-17T15:38:16","modified_gmt":"2024-09-17T15:38:16","slug":"minecraft-sphere-generator","status":"publish","type":"page","link":"https:\/\/cpstesters.com\/pt-br\/minecraft-sphere-generator\/","title":{"rendered":"Gerador de esferas do Minecraft | Gerador de domo do Minecraft"},"content":{"rendered":"\n<p>Minecraft Sphere Generator \u00e9 uma ferramenta que \u00e9 usada para fazer c\u00fapula e esferas de pixel para expandir as paisagens Minecraft, confira agora!<\/p>\n\n\n<style>\r\n        label {\r\n            display: inline-block;\r\n            width: 7em;\r\n            font-size: 20px;\r\n            font-weight: bold;\r\n        }\r\n        \r\n        #txtRadius {\r\n            font-size: 20px;\r\n        }\r\n        \r\n        #output {\r\n\t\t\toverflow: scroll;\r\n\t\t\tdisplay: flex;\r\n\t\t\theight: fit-content;\r\n        }\r\n    \r\n        #output table {\r\n            border-collapse: collapse;\r\n            border: 2px solid;\r\n            float: left;\r\n            margin: 5px;\r\n        }\r\n    \r\n        #output td {\r\n            \/*display: block;*\/\r\n            background-color: #FFFFFF;\r\n        }\r\n    \r\n        #output div {\r\n            width: 8px;\r\n            height: 8px;\r\n            overflow: hidden;\r\n        }\r\n    \r\n        #output td.prev_empty {\r\n            background-color: #AAAAAA;\r\n        }\r\n    \r\n        #output td.empty {\r\n            background-color: #FFFFFF;\r\n        }\r\n    \r\n        #output td.prev_full {\r\n            background-color: #660000;\r\n        }\r\n    \r\n        #output td.full {\r\n            background-color: #EE0000;\r\n        }\r\n    \r\n        #output td.prev_open {\r\n            background-color: #006600;\r\n        }\r\n    \r\n        #output td.open {\r\n            background-color: #00EE00;\r\n        }\r\n        \r\n        #generate_btn {\r\n            padding: 10px 20px;\r\n            border-radius: 5px;\r\n            border: 1px solid black;\r\n        }\r\n    <\/style>\r\n<div>\r\n<div class=\"form_item\">\r\n<label>Radius:<\/label>\r\n<input type=\"text\" id=\"txtRadius\" value=\"6\" \/>\r\n<\/div>\r\n<div class=\"form_item\">\r\n<label>Fill:<\/label>\r\n<input type=\"checkbox\" id=\"chkFill\" value=\"true\" checked=\"\" \/> Either fill the sphere, or calculate which position may be left empty.\r\n<\/div>\r\n<div class=\"form_item\">\r\n<label>Hints:<\/label>\r\n<input type=\"checkbox\" id=\"chkHints\" value=\"true\" checked=\"\" \/> On each layer darken the previous layer to ease building.\r\n<\/div>\r\n<div class=\"form_item\">\r\n<label>Block-align:<\/label>\r\n<input type=\"checkbox\" id=\"chkMiddle\" value=\"true\" \/>\r\n<\/div>\r\n<br>\r\n<input id=\"generate_btn\" type=\"button\" value=\"Generate\" \/>\r\n<\/div>\r\n<br>\r\n<div id=\"blocks-out\"><\/div>\r\n<br>\r\n<div id=\"output\"><\/div>\r\n<script>\r\n        jQuery(document).ready(function () {\r\n           jQuery('#generate_btn').click(function () {\r\n                generate();\r\n            });\r\n        });\r\n        \r\n        generate();\r\n\r\n        function generate() {\r\n            var radius = parseFloat(jQuery('#txtRadius').val());\r\n            var fill = isChecked('chkFill');\r\n            var hints = isChecked('chkHints');\r\n            var middle = isChecked('chkMiddle');\r\n            var blocks = generateBlocks(radius, middle);\r\n\r\n            if (!fill) {\r\n                blocks = purgeBlocks(blocks);\r\n            }\r\n\r\n            printBlocks(blocks, hints);\r\n        }\r\n\r\n        function isChecked(id) {\r\n            return jQuery('#' + id).is(\":checked\");\r\n        }\r\n\r\n        function generateBlocks(radius, middle) {\r\n            var radiusSq = radius * radius;\r\n            var halfSize, size, offset;\r\n\r\n            if (middle) {\r\n                size = (2 * Math.ceil(radius)) + 1;\r\n                offset = Math.floor(size \/ 2);\r\n            } else {\r\n                halfSize = Math.ceil(radius) + 1;\r\n                size = halfSize * 2;\r\n                offset = halfSize - 0.5;\r\n            }\r\n\r\n            function isFull(x, y, z) {\r\n                x -= offset;\r\n                y -= offset;\r\n                z -= offset;\r\n                x *= x;\r\n                y *= y;\r\n                z *= z;\r\n\r\n                return x + y + z < radiusSq;\r\n            }\r\n\r\n            var blocks = [];\r\n\r\n            for (var z = 0; z < size; z++) {\r\n                var slice = blocks[z] = [];\r\n\r\n                for (var x = 0; x < size; x++) {\r\n                    var row = slice[x] = [];\r\n\r\n                    for (var y = 0; y < size; y++) {\r\n                        row[y] = isFull(x, y, z);\r\n                    }\r\n                }\r\n            }\r\n\r\n            return blocks;\r\n        }\r\n\r\n        function purgeBlocks(blocks) {\r\n            var newblocks = [];\r\n\r\n            for (var z = 0; z < blocks.length; z++) {\r\n                var slice = blocks[z];\r\n                var newslice = newblocks[z] = [];\r\n\r\n                for (var x = 0; x < slice.length; x++) {\r\n                    var row = slice[x];\r\n                    var newrow = newslice[x] = [];\r\n\r\n                    for (var y = 0; y < row.length; y++) {\r\n                        newrow[y] = row[y] && (!row[y - 1] || !row[y + 1] || !slice[x - 1][y] || !slice[x + 1][y] || !blocks[z - 1][x][y] || !blocks[z + 1][x][y]);\r\n                    }\r\n                }\r\n            }\r\n\r\n            return newblocks;\r\n        }\r\n\r\n        function printBlocks(blocks, hints) {\r\n            var x, y, z;\r\n            var table, tbody, tr, td, prev, divNeeded, needed = 0;\r\n            var output = jQuery('#output');\r\n\r\n            output.empty();\r\n\r\n            output.append(divNeeded = jQuery('<p>'));\r\n            \/\/output.append($('<div>'));\r\n            var prevslice = blocks[0];\r\n            for (z = 1; z < blocks.length - 1; z++) {\r\n                var slice = blocks[z];\r\n                output.append(table = jQuery('<table>'));\r\n                \/\/output.append($('<div>'));\r\n                table.append(tbody = jQuery('<tbody>'));\r\n\r\n                table.attr('border', 1);\r\n                table.attr('cellpadding', 0);\r\n                table.attr('cellspacing', 0);\r\n\r\n                for (x = 0; x < slice.length; x++) {\r\n                    var row = slice[x];\r\n                    tbody.append(tr = jQuery('<tr>'));\r\n\r\n                    for (y = 0; y < row.length; y++) {\r\n                        tr.append(td = jQuery('<td>'));\r\n                        prev = hints && prevslice[x][y];\r\n\r\n                        if (row[y]) {\r\n                            td.attr('class', prev ? 'prev_full' : 'full');\r\n                            needed++;\r\n                        } else {\r\n                            td.attr('class', prev ? 'prev_empty' : 'empty');\r\n                        }\r\n\r\n                        td.append(jQuery('<div>'));\r\n                    }\r\n                }\r\n\r\n                prevslice = slice;\r\n            }\r\n\r\n            jQuery(\"#blocks-out\").append(\"Blocks needed: \" + needed);\r\n        }\r\n    <\/script>\n\n\n\n<div style=\"height:10px\" aria-hidden=\"true\" class=\"wp-block-spacer\"><\/div>\n\n\n\n<h2 class=\"wp-block-heading\">Esfera de Minecraft<\/h2>\n\n\n\n<p>Nos jogos que apresentam Minecraft, as esferas s\u00e3o utilizadas para constru\u00e7\u00e3o. Ao construir algo no mundo virtual da Minecraft, pode demonstrar a sua per\u00edcia e poupar uma tonelada de tempo, utilizando o gerador de esfera Minecraft.<\/p>\n\n\n\n<p>Se quiser jogar Minecraft com curvas, ter\u00e1 de praticar muito para ganhar as vantagens do n\u00edvel seguinte.<\/p>\n\n\n\n<h2 class=\"wp-block-heading\">Fabricante de Esferas Minecraft<\/h2>\n\n\n\n<p>O gerador de esferas Minecraft \u00e9 utilizado para criar estruturas de esferas. Esta ferramenta inventiva pode ser utilizada por aqueles que t\u00eam uma paix\u00e3o por construir e estabelecer coisas. Este programa, que \u00e9 baseado em blocos, permite-lhe criar qualquer desenho de esfera \u00e0 sua escolha<\/p>\n\n\n\n<p>Os utilizadores desta ferramenta controlam os blocos e d\u00e3o aos seus desenhos uma apar\u00eancia criativa. Ao dar-lhe a no\u00e7\u00e3o de onde colocar os blocos, o fabricante da esfera Minecraft simplifica a sua tarefa e poupa-lhe tempo. Ao fazer uso dos pixels, pode demonstrar metodicamente o seu engenho.<\/p>\n\n\n\n<p>Permitimos-lhe utilizar todo o ecr\u00e3 para que o possa visualizar mais claramente. Com a ajuda da nossa ferramenta, pode agora construir esferas de forma brilhante e utiliz\u00e1-las onde quer que opte.<\/p>\n\n\n<div class=\"wp-block-image\">\n<figure class=\"aligncenter size-full\"><img loading=\"lazy\" decoding=\"async\" width=\"1000\" height=\"500\" src=\"https:\/\/cpstesters.com\/wp-content\/uploads\/2022\/09\/Minecraft-Sphere-Generator.jpg\" alt=\"Gerador da Esfera do Minecraft\" class=\"wp-image-558\" title=\"\" srcset=\"https:\/\/cpstesters.com\/wp-content\/uploads\/2022\/09\/Minecraft-Sphere-Generator.jpg 1000w, https:\/\/cpstesters.com\/wp-content\/uploads\/2022\/09\/Minecraft-Sphere-Generator-300x150.jpg 300w, https:\/\/cpstesters.com\/wp-content\/uploads\/2022\/09\/Minecraft-Sphere-Generator-768x384.jpg 768w\" sizes=\"auto, (max-width: 1000px) 100vw, 1000px\" \/><figcaption class=\"wp-element-caption\">Gerador da Esfera do Minecraft<\/figcaption><\/figure>\n<\/div>\n\n\n<h2 class=\"wp-block-heading\">Como utilizar o Gerador de Esferas Minecraft<\/h2>\n\n\n\n<p>Se estiver a utilizar este instrumento pela primeira vez, o procedimento ser\u00e1 simples para si. Para sua comodidade, coloc\u00e1mos um registo com informa\u00e7\u00f5es que poder\u00e1 utilizar se quiser fazer uma esfera oca. Deve aderir a estas instru\u00e7\u00f5es.<\/p>\n\n\n\n<p>A ferramenta geradora de esfera Minecraft \u00e9 vis\u00edvel na barra de menu. Basta tocar nele, e a p\u00e1gina seguinte aparecer\u00e1 no ecr\u00e3.<\/p>\n\n\n\n<ul class=\"wp-block-list\">\n<li>Forne\u00e7a o raio da sua necessidade para criar a esfera de que necessita. Este programa cria por defeito um modelo que tem um raio de seis com as op\u00e7\u00f5es recomendadas activadas.<\/li>\n\n\n\n<li>Use o bot\u00e3o Dica para adicionar pontos vermelhos \u00e0s bordas para sua conveni\u00eancia se quiser uma esfera cheia em Minecraft.<\/li>\n\n\n\n<li>As escolhas de blocos permitem-lhe alinhar o n\u00famero de blocos.<\/li>\n\n\n\n<li>Prima o bot\u00e3o gerar mais uma vez para criar o formul\u00e1rio da esfera utilizando as configura\u00e7\u00f5es que acabou de escolher.<\/li>\n\n\n\n<li>Tamb\u00e9m se pode ver o n\u00famero por baixo da op\u00e7\u00e3o gerar. \u00c9 o n\u00famero de blocos necess\u00e1rios para criar o esf\u00e9rico em Minecraft.<\/li>\n\n\n\n<li>Dependendo da sua prefer\u00eancia, pode decidir em qualquer altura se deseja regressar ao menu modelo. Pode utilizar o seu navegador para voltar atr\u00e1s.<\/li>\n\n\n\n<li>Al\u00e9m disso, est\u00e1 inclu\u00eddo um deslizador da direita, como se pode ver. Pode utiliz\u00e1-lo para exibir uma certa camada horizontal do seu modelo. Ambas as perspectivas 2D e 3D podem ser abordadas pelo bot\u00e3o deslizante da direita. Apenas para o modelo 3D, esta camada ser\u00e1 real\u00e7ada com uma cor amarela brilhante.<\/li>\n<\/ul>\n\n\n\n<p>Pode agora criar facilmente o seu desenho e incorpor\u00e1-lo no jogo da Minecraft esf\u00e9rica. Utilizando a ferramenta geradora de esferas de p\u00edxeis, \u00e9 poss\u00edvel descobrir mais ideias \u00fanicas para a constru\u00e7\u00e3o.<\/p>\n\n\n\n<p class=\"has-text-align-center has-base-background-color has-background has-medium-font-size\"><em>Tamb\u00e9m pode experimentar o <a href=\"https:\/\/cpstesters.com\/pt-br\/?page_id=2962\" target=\"_blank\" rel=\"noreferrer noopener\">Minecraft Circle Generator<\/a>!<\/em><\/p>\n\n\n\n<h2 class=\"wp-block-heading\">Caracter\u00edsticas do Minecraft Dome Generator<\/h2>\n\n\n\n<p>O gerador de esferas Minecraft \u00e9 uma ferramenta potente criada para ajudar os jogadores a criar esferas incr\u00edveis e outros objectos de inspira\u00e7\u00e3o esf\u00e9rica, como c\u00fapulas, utilizando o gerador de c\u00fapulas Minecraft e topos de edif\u00edcios, expandindo o potencial das esferas Minecraft.<\/p>\n\n\n\n<p>Embora este programa tenha uma tonelada de capacidades intrigantes, vamos incluir aqui todas as caracter\u00edsticas necess\u00e1rias para a constru\u00e7\u00e3o de esferas Minecraft:<\/p>\n\n\n\n<ul class=\"wp-block-list\">\n<li>Com a ajuda deste fabricante de esferas, \u00e9 poss\u00edvel produzir formas esf\u00e9ricas com raios ajust\u00e1veis.<\/li>\n\n\n\n<li>A ferramenta delineia exactamente quantos blocos s\u00e3o necess\u00e1rios para construir a sua esfera ideal no jogo Minecraft.<\/li>\n\n\n\n<li>Tem a op\u00e7\u00e3o de criar dois desenhos de esferas diferentes, um com blocos alinhados e o outro sem.<\/li>\n\n\n\n<li>Pode escolher delinear a esfera ou deixar um espa\u00e7o em branco, com base no seu desejo.<\/li>\n<\/ul>\n\n\n\n<h2 class=\"wp-block-heading has-text-align-center\">FAQ&#8217;s<\/h2>\n\n\n\n<h3 class=\"wp-block-heading\"><strong>Qual \u00e9 o comando em Minecraft que cria uma esfera cheia?<\/strong><\/h3>\n\n\n\n<p>Para fazer sem esfor\u00e7o um c\u00edrculo completo completo em Minecraft, use o seguinte comando: <strong>Para criar uma esfera cheia, digite \/sphere<\/strong>.<\/p>\n\n\n\n<h3 class=\"wp-block-heading\"><strong>Quem pode usar o gerador de esferas Minecraft?<\/strong><\/h3>\n\n\n\n<p>Esta ferramenta pode ser utilizada por quem tenha conhecimentos de constru\u00e7\u00e3o. Esta t\u00e9cnica \u00e9 tamb\u00e9m utilizada por aqueles que n\u00e3o t\u00eam qualquer experi\u00eancia relacionada com a constru\u00e7\u00e3o para aumentar o seu n\u00edvel de criatividade. Esta ferramenta permite que as crian\u00e7as experimentem v\u00e1rios layouts baseados em blocos. Os jogadores do Minecraft de videojogos est\u00e3o a utilizar esta ferramenta para projectar edif\u00edcios.<\/p>\n\n\n\n<p>Outras Ferramentas de Minecraft:<\/p>\n\n\n\n<ul class=\"wp-block-list\">\n<li><a href=\"https:\/\/cpstesters.com\/pt-br\/minecraft-font-generator-the-best-font-generator\/\" target=\"_blank\" rel=\"noreferrer noopener\">Gerador de Fontes Minecraft<\/a><\/li>\n\n\n\n<li><a href=\"https:\/\/cpstesters.com\/pt-br\/minecraft-title-generator-faca-o-melhor-titulo\/\" target=\"_blank\" rel=\"noreferrer noopener\">Gerador de t\u00edtulos de Minecraft<\/a><\/li>\n\n\n\n<li><a href=\"https:\/\/cpstesters.com\/pt-br\/minecraft-command-generator-online-give-command\/\" target=\"_blank\" rel=\"noreferrer noopener\">Minecraft Generator de Comando<\/a><\/li>\n\n\n\n<li><a href=\"https:\/\/cpstesters.com\/pt-br\/?page_id=2823\" target=\"_blank\" rel=\"noreferrer noopener\">Apontar o treinador<\/a><\/li>\n\n\n\n<li><a href=\"https:\/\/cpstesters.com\/pt-br\/teste-apm-accoes-por-minuto-para-jogos\/\" target=\"_blank\" rel=\"noreferrer noopener\">Teste APM<\/a><\/li>\n<\/ul>\n","protected":false},"excerpt":{"rendered":"<p>Minecraft Sphere Generator \u00e9 uma ferramenta que \u00e9 usada para fazer c\u00fapula e esferas de pixel para expandir as paisagens Minecraft, confira agora! Esfera de &#8230; <\/p>\n<p class=\"read-more-container\"><a title=\"Gerador de esferas do Minecraft | Gerador de domo do Minecraft\" class=\"read-more button\" href=\"https:\/\/cpstesters.com\/pt-br\/minecraft-sphere-generator\/#more-3099\" aria-label=\"Read more about Gerador de esferas do Minecraft | Gerador de domo do Minecraft\">Read More<\/a><\/p>\n","protected":false},"author":4,"featured_media":1512,"parent":0,"menu_order":0,"comment_status":"closed","ping_status":"closed","template":"","meta":{"footnotes":""},"class_list":["post-3099","page","type-page","status-publish","has-post-thumbnail"],"_links":{"self":[{"href":"https:\/\/cpstesters.com\/pt-br\/wp-json\/wp\/v2\/pages\/3099","targetHints":{"allow":["GET"]}}],"collection":[{"href":"https:\/\/cpstesters.com\/pt-br\/wp-json\/wp\/v2\/pages"}],"about":[{"href":"https:\/\/cpstesters.com\/pt-br\/wp-json\/wp\/v2\/types\/page"}],"author":[{"embeddable":true,"href":"https:\/\/cpstesters.com\/pt-br\/wp-json\/wp\/v2\/users\/4"}],"replies":[{"embeddable":true,"href":"https:\/\/cpstesters.com\/pt-br\/wp-json\/wp\/v2\/comments?post=3099"}],"version-history":[{"count":5,"href":"https:\/\/cpstesters.com\/pt-br\/wp-json\/wp\/v2\/pages\/3099\/revisions"}],"predecessor-version":[{"id":5928,"href":"https:\/\/cpstesters.com\/pt-br\/wp-json\/wp\/v2\/pages\/3099\/revisions\/5928"}],"wp:featuredmedia":[{"embeddable":true,"href":"https:\/\/cpstesters.com\/pt-br\/wp-json\/wp\/v2\/media\/1512"}],"wp:attachment":[{"href":"https:\/\/cpstesters.com\/pt-br\/wp-json\/wp\/v2\/media?parent=3099"}],"curies":[{"name":"wp","href":"https:\/\/api.w.org\/{rel}","templated":true}]}}