{"id":2962,"date":"2024-07-16T14:30:16","date_gmt":"2024-07-16T14:30:16","guid":{"rendered":"https:\/\/cpstesters.com\/minecraft-circle-generator-faca-uma-carta-circular-val-online\/"},"modified":"2024-09-17T15:27:35","modified_gmt":"2024-09-17T15:27:35","slug":"minecraft-circle-generator","status":"publish","type":"page","link":"https:\/\/cpstesters.com\/pt-br\/minecraft-circle-generator\/","title":{"rendered":"Gerador de C\u00edrculos do Minecraft | Fa\u00e7a uma carta circular\/val online"},"content":{"rendered":"\n<p>O Circle Generator \u00e9 uma ferramenta online que cria um c\u00edrculo de pixels ou oval para Minecraft para facilitar o processo para si, Confira!<\/p>\n\n\n      <style type=\"text\/css\">\r\n         table.circle_output td {\r\n         border-collapse: collapse;\r\n         }\r\n         table.circle_output td {\r\n         border: 1px solid white;\r\n         width: 15px;\r\n         height: 15px;\r\n         }\r\n         .filled {\r\n         background: red;\r\n         }\r\n         .cgy0,\r\n         .cgx0 {\r\n         background: #eee;\r\n         }\r\n         .filled.cgy0,\r\n         .filled.cgx0 {\r\n         background: #808080;\r\n         }\r\n         #height,\r\n         #diameter,\r\n         #scaler {\r\n         width: 150px;\r\n         }\r\n      <\/style>\r\n<div class=\"row\">\r\n\t<div class=\"col-md-4\">\r\n\t<label>Width:<\/label><br>\r\n\t<input tabindex=\"1\" type=\"number\" size=\"5\" id=\"diameter\" value=\"9\" autocomplete=\"off\" autofocus=\"autofocus\">\r\n\t<\/div>\r\n\t<div class=\"col-md-4\">\r\n\t\t<label>Height:<\/label><br>\r\n\t\t<input tabindex=\"2\" type=\"number\" size=\"5\" id=\"height\" value=\"9\" autocomplete=\"off\" autofocus=\"autofocus\"> \r\n\t<\/div>\r\n\t\r\n<\/div>\r\n<br>\r\n<div class=\"row\">\r\n\t<div class=\"col-md-6\">\r\n\t<label>Scale:<\/label><br>\r\n      <input type=\"range\" min=\"50\" max=\"3000\" value=\"720\" id=\"scaler\" data-poly-scale=\".1\" \/>\t\r\n<br>\r\n\t<label><input id=\"linked\" type=\"checkbox\" checked=\"checked\" value=\"1\" \/> Force Circle<\/label> &mdash; Block Count: <span id=\"blockcount\"><\/span><br \/> <br>\r\n      <select id=\"thickness\">\r\n         <option selected=\"selected\">thick<\/option>\r\n         <option>thin<\/option>\r\n         <option>filled<\/option>\r\n      <\/select>\r\n\t<\/div>\r\n<div style=\"margin-left:50px;\" class=\"col-md-6\">\r\n\t<label>Download:<\/label><br>\r\n      <button type=\"button\" id=\"downloadSVG\">SVG<\/button>\r\n      <button type=\"button\" id=\"downloadPNG\">PNG<\/button>\r\n\t<\/div>\r\n<\/div>\r\n   \r\n      <div id=\"result\"><\/div>\r\n\r\n\r\n\r\n\r\n      <script src=\"https:\/\/ajax.googleapis.com\/ajax\/libs\/mootools\/1.3.2\/mootools.js\"><\/script>\r\n      <script src=\"https:\/\/cpstesters.com\/wp-content\/themes\/generatepress\/tools\/assets\/js\/Base64.js\"><\/script>\r\n\r\n      <script src=\"https:\/\/cpstesters.com\/wp-content\/themes\/generatepress\/tools\/assets\/js\/svg.js\"><\/script>\r\n      <script src=\"https:\/\/cpstesters.com\/wp-content\/themes\/generatepress\/tools\/assets\/js\/table.js\"><\/script>\r\n\r\n      <script src=\"https:\/\/cpstesters.com\/wp-content\/themes\/generatepress\/tools\/assets\/js\/FileSaver.js\"><\/script>\r\n      <script src=\"https:\/\/cpstesters.com\/wp-content\/themes\/generatepress\/tools\/assets\/js\/generator.js\"><\/script>\n\n\n\n<div style=\"height:5px\" aria-hidden=\"true\" class=\"wp-block-spacer\"><\/div>\n\n\n\n<h2 class=\"wp-block-heading\">Minecraft Gerador de c\u00edrculos  <\/h2>\n\n\n\n<p>Pode utilizar o c\u00edrculo Minecraft como um perfil para criar uma variedade de objectos, tais como casas, torres, estruturas, e muito mais. Um c\u00edrculo em Minecraft \u00e9 uma forma que pode ser usada para criar torres, estruturas e outros objectos no jogo.<\/p>\n\n\n\n<p>Pode criar c\u00edrculos para a sua viagem de jogo Minecraft, utilizando a nossa ferramenta geradora oval. Pode guardar uma imagem do seu c\u00edrculo (SVG &amp; PNG). A nossa ferramenta geradora de p\u00edxeis pode ajud\u00e1-lo a criar c\u00edrculos, ovais e esferas, que s\u00e3o apropriados ao seu tamanho.<\/p>\n\n\n\n<p>No Minecraft, h\u00e1 v\u00e1rias formas de fazer um gr\u00e1fico de c\u00edrculo de p\u00edxeis. Com a ajuda de um \u00fanico pixel, pode criar arte simples de pixel usando o gerador de arte de pixel Minecraft World of Minecraft.<\/p>\n\n\n\n<p>\u00c9 criada uma t\u00e9cnica retro-style, pixel-art, utilizando um gerador de c\u00edrculos. Al\u00e9m disso, utilizando o gerador de c\u00edrculos de pixels ou o fabricante de c\u00edrculos, pode criar qualquer coisa em forma circular.<\/p>\n\n\n<div class=\"wp-block-image\">\n<figure class=\"aligncenter size-full\"><img loading=\"lazy\" decoding=\"async\" width=\"1000\" height=\"500\" src=\"https:\/\/cpstesters.com\/wp-content\/uploads\/2022\/09\/Minecraft-Circle-Generator.jpg\" alt=\"Minecraft Gerador de c\u00edrculos\" class=\"wp-image-554\" title=\"\" srcset=\"https:\/\/cpstesters.com\/wp-content\/uploads\/2022\/09\/Minecraft-Circle-Generator.jpg 1000w, https:\/\/cpstesters.com\/wp-content\/uploads\/2022\/09\/Minecraft-Circle-Generator-300x150.jpg 300w, https:\/\/cpstesters.com\/wp-content\/uploads\/2022\/09\/Minecraft-Circle-Generator-768x384.jpg 768w\" sizes=\"auto, (max-width: 1000px) 100vw, 1000px\" \/><figcaption class=\"wp-element-caption\">Minecraft Gerador de c\u00edrculos<\/figcaption><\/figure>\n<\/div>\n\n\n<h2 class=\"wp-block-heading\">Como utilizar o Minecraft de Carta C\u00edrcula?<\/h2>\n\n\n\n<p>Em vez de come\u00e7ar com &#8220;andaimes&#8221; interiores, as cartas circulares s\u00e3o imagens de orienta\u00e7\u00e3o que pode utilizar para compreender rapidamente exactamente onde tem de colocar os seus blocos. Basta usar a fotografia de refer\u00eancia como guia e procurar a largura que desejar.<\/p>\n\n\n\n<p>A desvantagem de um gr\u00e1fico circular \u00e9 que, uma vez que s\u00e3o gr\u00e1ficos fixos, \u00e9 mais desafiante mudar um para se adequar \u00e0s suas exig\u00eancias se quiser algo \u00fanico para a sua constru\u00e7\u00e3o.<\/p>\n\n\n\n<p>As dimens\u00f5es podem ser calculadas consideravelmente mais rapidamente se se puder ver exactamente quanto tempo cada borda deve ter.<\/p>\n\n\n\n<p class=\"has-text-align-center has-base-background-color has-background has-medium-font-size\"><em>Tamb\u00e9m pode experimentar a nossa ferramenta <a href=\"https:\/\/cpstesters.com\/pt-br\/minecraft-sphere-generator-minecraft-dome-generator\/\" target=\"_blank\" rel=\"noreferrer noopener\">geradora de min\u00e9rio de esferas<\/a>!<\/em><\/p>\n\n\n\n<h2 class=\"wp-block-heading\">Como Construir um C\u00edrculo de Pixel a partir do Rasgo<\/h2>\n\n\n\n<p>O di\u00e2metro que se pretende para um c\u00edrculo tem de ser a primeira coisa que se precisa de saber. \u00c9 crucial ter em mente que quanto menos circular for uma imagem que se possa criar, menor deve ser a forma.<\/p>\n\n\n\n<p>Um c\u00edrculo mais largo permite ajustar os limites mais gradualmente, produzindo uma apar\u00eancia muito mais apelativa. Vamos olhar para um exemplo para cada um, para que possa ver como o procedimento difere com base no facto de desejar uma largura \u00edmpar ou uniforme.<\/p>\n\n\n\n<h2 class=\"wp-block-heading\">Passos para Criar um C\u00edrculo Minecraft Perfeito<\/h2>\n\n\n\n<p>Pode criar c\u00edrculos perfeitos em Minecraft com o criador de c\u00edrculos gratuito do site. Isso ir\u00e1 ajud\u00e1-lo na cria\u00e7\u00e3o de v\u00e1rios objectos em Minecraft.<\/p>\n\n\n\n<p>Nesta situa\u00e7\u00e3o, pretende fazer o melhor e mais ideal c\u00edrculo. Observe as recomenda\u00e7\u00f5es que fornecemos a seguir:<\/p>\n\n\n\n<ul class=\"wp-block-list\">\n<li>Primeiro, escolher o n\u00famero de blocos na direc\u00e7\u00e3o da largura, depois escolher o n\u00famero de blocos na direc\u00e7\u00e3o da altura.<\/li>\n\n\n\n<li>Se apenas quiser construir um c\u00edrculo, deve ent\u00e3o seleccionar a op\u00e7\u00e3o &#8220;For\u00e7ar C\u00edrculo&#8221;. Ao escolher esta op\u00e7\u00e3o, permitir\u00e1 automaticamente a defini\u00e7\u00e3o do n\u00famero exacto de colunas ou blocos tanto para as dimens\u00f5es horizontal como vertical, \u00e9 necess\u00e1rio um c\u00edrculo perfeito.<\/li>\n\n\n\n<li>A escolha da &#8220;Contagem de Blocos&#8221; revelar\u00e1 quantos blocos foram utilizados para fazer esse c\u00edrculo.<\/li>\n\n\n\n<li>Pode escalar o tamanho do seu c\u00edrculo com base nas suas necessidades, utilizando a op\u00e7\u00e3o &#8220;Escala&#8221;. Al\u00e9m disso, \u00e9 bastante simples de usar para aumentar ou diminuir o zoom do seu c\u00edrculo.<\/li>\n\n\n\n<li>Quando tudo estiver preparado e o seu c\u00edrculo estiver pronto, poder\u00e1 descarreg\u00e1-lo como uma fotografia (SVG &amp; PNG).<\/li>\n<\/ul>\n\n\n<div class=\"wp-block-image\">\n<figure class=\"aligncenter size-full\"><img loading=\"lazy\" decoding=\"async\" width=\"1000\" height=\"500\" src=\"https:\/\/cpstesters.com\/wp-content\/uploads\/2022\/09\/Features-of-Minecraft-Circle-Generator-Tool.jpg\" alt=\"Caracter\u00edsticas do Gerador de C\u00edrculos de Pixel\" class=\"wp-image-555\" title=\"\" srcset=\"https:\/\/cpstesters.com\/wp-content\/uploads\/2022\/09\/Features-of-Minecraft-Circle-Generator-Tool.jpg 1000w, https:\/\/cpstesters.com\/wp-content\/uploads\/2022\/09\/Features-of-Minecraft-Circle-Generator-Tool-300x150.jpg 300w, https:\/\/cpstesters.com\/wp-content\/uploads\/2022\/09\/Features-of-Minecraft-Circle-Generator-Tool-768x384.jpg 768w\" sizes=\"auto, (max-width: 1000px) 100vw, 1000px\" \/><figcaption class=\"wp-element-caption\">Caracter\u00edsticas do Gerador de C\u00edrculos de Pixel<\/figcaption><\/figure>\n<\/div>\n\n\n<h2 class=\"wp-block-heading\">Caracter\u00edsticas do Gerador de C\u00edrculos de Pixel<\/h2>\n\n\n\n<p>Pode criar c\u00edrculos impec\u00e1veis em Minecraft com o criador de c\u00edrculos gratuito do site. Isso ir\u00e1 ajud\u00e1-lo na cria\u00e7\u00e3o de v\u00e1rios objectos em Minecraft.<\/p>\n\n\n\n<p>As caracter\u00edsticas e qualidades que receber\u00e1 desta ferramenta geradora de c\u00edrculos de p\u00edxeis est\u00e3o listadas abaixo.<\/p>\n\n\n\n<ul class=\"wp-block-list\">\n<li>Pode utilizar a ferramenta em dispositivos smartphone sem a necessidade de um computador, port\u00e1til ou telem\u00f3vel, editar o c\u00edrculo de acordo com as suas necessidades, e depois descarreg\u00e1-lo gratuitamente.<\/li>\n\n\n\n<li>Pode-se criar um c\u00edrculo em Minecraft que tem um per\u00edmetro estreito e nenhum texto dentro dele.<\/li>\n\n\n\n<li>A nossa ferramenta geradora de c\u00edrculos tamb\u00e9m lhe permite criar os seus c\u00edrculos, ajustando a altura e largura de acordo com as suas necessidades.<\/li>\n\n\n\n<li>Pode rapidamente escalar uma imagem para ser 3x, 10x, ou 50x o seu tamanho original. A\u00ed, ser-lhe-\u00e1 dada uma escolha.<\/li>\n\n\n\n<li>Use a op\u00e7\u00e3o c\u00edrculo de for\u00e7a para convert\u00ea-lo em c\u00edrculo se precisar de um c\u00edrculo perfeito mas n\u00e3o estiver satisfeito com aquele que \u00e9 gerado por qualquer raz\u00e3o. \u00c9 f\u00e1cil de fazer isto. Basta clicar no \u00edcone do tick do c\u00edrculo de for\u00e7a. E isso \u00e9 tudo.<\/li>\n<\/ul>\n\n\n\n<h2 class=\"wp-block-heading\">Como fazer um C\u00edrculo Perfeito em Minecraft?<\/h2>\n\n\n\n<p>No Minecraft de baunilha, \u00e9 imposs\u00edvel criar uma constru\u00e7\u00e3o com um c\u00edrculo perfeito e qualquer tamanho. Existem mods de jogo que permitem aos jogadores criar c\u00edrculos perfeitos, mas deve ter cuidado com o que descarrega para evitar infectar a sua m\u00e1quina com v\u00edrus.<\/p>\n\n\n\n<p>Organizando os blocos do jogo em padr\u00f5es mais ou menos circulares, ainda se pode fazer c\u00edrculos aproximados com facilidade. Existem v\u00e1rias maneiras de o conseguir, mas a mais simples \u00e9 obter um modelo para o seu c\u00edrculo Minecraft utilizando qualquer gerador de p\u00edxeis.<\/p>\n\n\n\n<h2 class=\"wp-block-heading has-text-align-center\">FAQ&#8217;s<\/h2>\n\n\n\n<h3 class=\"wp-block-heading\"><strong>O que \u00e9 um gerador de c\u00edrculos Minecraft?<\/strong><\/h3>\n\n\n\n<p>Pode criar c\u00edrculos e elipses em Minecraft utilizando o gerador de c\u00edrculos. Permitido para diferentes espessuras, amplitudes e alturas.<\/p>\n\n\n\n<h3 class=\"wp-block-heading\"><strong>Como se encontra o c\u00edrculo no Minecraft?<\/strong><\/h3>\n\n\n\n<p>Pode agora criar c\u00edrculos e arcos em Minecraft, basta ter em mente que uma c\u00fapula maior ter\u00e1 um aspecto mais agrad\u00e1vel. Deve introduzir a f\u00f3rmula x2+y2=r2, onde r \u00e9 o raio desejado para o seu c\u00edrculo ou c\u00fapula.<\/p>\n\n\n\n<h3 class=\"wp-block-heading\"><strong>Como posso fazer um bom c\u00edrculo de pixel?<\/strong><\/h3>\n\n\n\n<p>H\u00e1 in\u00fameras maneiras de fazer um gr\u00e1fico circular de p\u00edxeis em Minecraft. Ao fundir pixels individuais, pode fazer arte simples de pixel usando o gerador de arte de pixel Minecraft. Para criar arte de pixel no estilo retro, utilizar um gerador de c\u00edrculos de pixel.<\/p>\n\n\n\n<h3 class=\"wp-block-heading\"><strong>O que \u00e9 a pixel art em Minecraft?<\/strong><\/h3>\n\n\n\n<p>\u00c9 uma obra de arte criada em Minecraft utilizando pixels. A mesma arte de pixel tamb\u00e9m \u00e9 utilizada em alguns outros jogos. Em termos simples, a pixel art \u00e9 utilizada para dar aos jogos uma est\u00e9tica retro (um visual que incorpora moda, ideias, estilo de vida, e outros elementos).<\/p>\n\n\n\n<p>Algumas Ferramentas de Minecraft Que Voc\u00ea Pode Gostar:<\/p>\n\n\n\n<ul class=\"wp-block-list\">\n<li><a href=\"https:\/\/cpstesters.com\/pt-br\/minecraft-font-generator-the-best-font-generator\/\" target=\"_blank\" rel=\"noreferrer noopener\">Gerador de Fontes Minecraft<\/a><\/li>\n\n\n\n<li><a href=\"https:\/\/cpstesters.com\/pt-br\/minecraft-title-generator-faca-o-melhor-titulo\/\" target=\"_blank\" rel=\"noreferrer noopener\">Gerador de t\u00edtulos de Minecraft<\/a><\/li>\n\n\n\n<li><a href=\"https:\/\/cpstesters.com\/pt-br\/minecraft-command-generator-online-give-command\/\" target=\"_blank\" rel=\"noreferrer noopener\">Minecraft Generator de Comando<\/a><\/li>\n\n\n\n<li><a href=\"https:\/\/cpstesters.com\/pt-br\/minecraft-sphere-generator-minecraft-dome-generator\/\" target=\"_blank\" rel=\"noreferrer noopener\">Gerador da Esfera do Minecraft<\/a><\/li>\n\n\n\n<li><a href=\"https:\/\/cpstesters.com\/pt-br\/\" target=\"_blank\" rel=\"noreferrer noopener\">Testador de CPS<\/a><\/li>\n\n\n\n<li><a href=\"https:\/\/cpstesters.com\/pt-br\/teste-apm-accoes-por-minuto-para-jogos\/\" target=\"_blank\" rel=\"noreferrer noopener\">Ac\u00e7\u00f5es por Teste Minuto<\/a><\/li>\n<\/ul>\n","protected":false},"excerpt":{"rendered":"<p>O Circle Generator \u00e9 uma ferramenta online que cria um c\u00edrculo de pixels ou oval para Minecraft para facilitar o processo para si, Confira! Minecraft &#8230; <\/p>\n<p class=\"read-more-container\"><a title=\"Gerador de C\u00edrculos do Minecraft | Fa\u00e7a uma carta circular\/val online\" class=\"read-more button\" href=\"https:\/\/cpstesters.com\/pt-br\/minecraft-circle-generator\/#more-2962\" aria-label=\"Read more about Gerador de C\u00edrculos do Minecraft | Fa\u00e7a uma carta circular\/val online\">Read More<\/a><\/p>\n","protected":false},"author":4,"featured_media":1488,"parent":0,"menu_order":0,"comment_status":"closed","ping_status":"closed","template":"","meta":{"footnotes":""},"class_list":["post-2962","page","type-page","status-publish","has-post-thumbnail"],"_links":{"self":[{"href":"https:\/\/cpstesters.com\/pt-br\/wp-json\/wp\/v2\/pages\/2962","targetHints":{"allow":["GET"]}}],"collection":[{"href":"https:\/\/cpstesters.com\/pt-br\/wp-json\/wp\/v2\/pages"}],"about":[{"href":"https:\/\/cpstesters.com\/pt-br\/wp-json\/wp\/v2\/types\/page"}],"author":[{"embeddable":true,"href":"https:\/\/cpstesters.com\/pt-br\/wp-json\/wp\/v2\/users\/4"}],"replies":[{"embeddable":true,"href":"https:\/\/cpstesters.com\/pt-br\/wp-json\/wp\/v2\/comments?post=2962"}],"version-history":[{"count":5,"href":"https:\/\/cpstesters.com\/pt-br\/wp-json\/wp\/v2\/pages\/2962\/revisions"}],"predecessor-version":[{"id":5911,"href":"https:\/\/cpstesters.com\/pt-br\/wp-json\/wp\/v2\/pages\/2962\/revisions\/5911"}],"wp:featuredmedia":[{"embeddable":true,"href":"https:\/\/cpstesters.com\/pt-br\/wp-json\/wp\/v2\/media\/1488"}],"wp:attachment":[{"href":"https:\/\/cpstesters.com\/pt-br\/wp-json\/wp\/v2\/media?parent=2962"}],"curies":[{"name":"wp","href":"https:\/\/api.w.org\/{rel}","templated":true}]}}