{"id":2961,"date":"2024-07-16T14:18:01","date_gmt":"2024-07-16T14:18:01","guid":{"rendered":"https:\/\/cpstesters.com\/rato-verificador-de-taxa-teste-de-taxa-de-votacao-hz-online\/"},"modified":"2024-09-17T15:52:38","modified_gmt":"2024-09-17T15:52:38","slug":"verificador-de-taxas-do-rato","status":"publish","type":"page","link":"https:\/\/cpstesters.com\/pt-br\/verificador-de-taxas-do-rato\/","title":{"rendered":"Rato verificador de taxa | Teste de taxa de vota\u00e7\u00e3o Hz Online"},"content":{"rendered":"\n<p>Mouse Rate Checker \u00e9 uma ferramenta online para os utilizadores verificarem a sua taxa de sondagem em hertz e testarem o rato, experimentem-no agora!<\/p>\n\n\n<style type=\"text\/css\">\r\n    #rate-container{\r\n        padding: 15px;\r\n        background: #fff;\r\n        position: relative;\r\n        \r\n        user-select: none;\r\n    }\r\n    #rate-checker{\r\n        width:100%;\r\n        padding:10px;\r\n\r\n\t\t\r\n    }\r\n    \r\n    #rate-numbers{\r\n\t\tfont-size:2em;\r\n        text-align:center;\r\n        font-weight:bold;\r\n        padding:auto;\r\n        margin:auto;\r\n        width:100%;\r\n        height:50px;\r\n        margin-top: 20px;\r\n        font-size:  1.8em;\r\n\t\tcolor: black;\r\n    }\r\n\r\n    #rate-console{\r\n        width: 80%;\r\n        text-align: center;\r\n        height:250px;\r\n\t\tpadding: 10px;\r\n\t\tmargin: 0 auto;\r\n        resize: none;\r\n\t\tcolor: #03fc07;\r\n        border:3px solid #03fc07;\r\n        border-top: none; \r\n        font-size: 1.2em;\r\n        overflow-y: scroll;\r\n        overflow-x: hidden;\r\n        outline: none;\r\n        cursor: default;\r\n\t\tbackground: #111;\r\n    }\r\n\t\r\n#start-stop, #reset {\r\n\t position: relative;\r\ncursor:pointer;\r\n  display: block;\r\n  margin: 10px auto;\r\n\r\n  overflow: hidden;\r\n\r\n  border-width: 0;\r\n  outline: none;\r\n  border-radius: 5px;\r\n  max-width: 480px;\r\n  min-width: 240px;\r\n  background-color: #F2601D;\r\n  color: #fff !important;\r\n  text-align: center;\r\n\r\n  transition: background-color .3s;\r\n}\r\n\r\n#start-stop:hover, #start-stop:focus, #reset:hover, #reset:focus {\r\n  background-color: #F2601D;\r\n}\r\n\r\n#start-stop, #reset > * {\r\n  position: relative;\r\n}\r\n\r\n#start-stop span, #reset span {\r\n  display: block;\r\n  padding: 12px 24px;\r\n}\r\n\r\n#start-stop:before, #reset:before {\r\n  \r\n  content:'';\r\n  position: absolute;\r\n  top: 50%;\r\n  left: 50%;\r\n  \r\n  display: block;\r\n  width: 0;\r\n  padding-top: 0;\r\n    \r\n  border-radius: 100%;\r\n  \r\n  background-color: rgba(236, 240, 241, .3);\r\n  \r\n  -webkit-transform: translate(-50%, -50%);\r\n  -moz-transform: translate(-50%, -50%);\r\n  -ms-transform: translate(-50%, -50%);\r\n  -o-transform: translate(-50%, -50%);\r\n  transform: translate(-50%, -50%);\r\n}\r\n\r\n#start-stop:active:before, #reset:active:before {\r\n  width: 120%;\r\n  padding-top: 120%;\r\n  \r\n  transition: width .2s ease-out, padding-top .2s ease-out;\r\n}\r\n\r\ntextarea {\r\ndisplay: block;\r\nmargin-left:auto;\r\nmargin-right:auto;\r\n\r\n}\r\n   \r\n    <\/style> \r\n\r\n<div id=\"rate-container\">\r\n   <div id=\"rate-checker\">\r\n      <div id=\"rate-numbers\">\r\n         <p>Average: <span id=\"rate-avg\">0<\/span> Hz, maximum: <span id=\"rate-max\">0<\/span> Hz<\/p>\r\n      <\/div>\r\n   <\/div>\r\n   <div id=\"start-stop\"><span>Click to Start<\/span><\/div>\r\n   <div class=\"rows\">\r\n      <div class=\"col\"><textarea id=\"rate-console\" readonly=\"\"><\/textarea><\/div>\r\n      <button id=\"reset\"><span>Reset<\/span><\/button>\r\n   <\/div>\r\n<\/div>\r\n\r\n\r\n\r\n\r\n<script>\r\n  var fps = 5;\r\nvar count = 0;\r\nvar tick = 0;\r\nvar totalMoves = 0;\r\nvar maxValue = 0;\r\nvar timer = null;\r\n\r\nfunction updateCount() {\r\n    tick++;\r\n    totalMoves += count;\r\n    var value = (count * fps);\r\n    jQuery('#rate-console').append(value + 'HZ\\n');\r\n    var psconsole = jQuery('#rate-console');\r\n    if (psconsole.length)\r\n        psconsole.scrollTop(psconsole[0].scrollHeight - psconsole.height());\r\n    var avgValue = Math.ceil((fps * totalMoves) \/ tick);\r\n    if (value > maxValue)\r\n        maxValue = value;\r\n    jQuery('#rate-avg').html(avgValue);\r\n    jQuery('#rate-max').html(maxValue);\r\n    count = 0;\r\n    if (tick > 3 * fps) {\r\n        tick = 0;\r\n        totalMoves = 0;\r\n    }\r\n}\r\n\r\nfunction valloop(bas) {\r\n    var event = 'getCoalescedEvents' in bas ? bas.getCoalescedEvents() : [bas];\r\n    for (e in event) {\r\n        count++;\r\n    }\r\n}\r\n\r\nfunction checkRate() {\r\n    count = 0;\r\n    tick = 0;\r\n    totalMoves = 0;\r\n    if (timer) {\r\n        clearInterval(timer);\r\n        document.removeEventListener('pointermove', valloop);\r\n        timer = null;\r\n        jQuery('#start-stop').html('<span>Click to Start<\/span>');\r\n    } else {\r\n        document.addEventListener('pointermove', valloop);\r\n        if (timer) {\r\n            clearInterval(timer);\r\n        }\r\n        timer = setInterval(updateCount, 1000 \/ fps);\r\n        jQuery('#start-stop').html('<span>Click to Stop<\/span>');\r\n    }\r\n}\r\njQuery(function() {\r\n    jQuery(\"#start-stop\").click(checkRate);\r\n    jQuery(\"#reset\").click(function() {\r\n        location.reload();\r\n    });\r\n});\r\n<\/script>\r\n\n\n\n\n<div style=\"height:5px\" aria-hidden=\"true\" class=\"wp-block-spacer\"><\/div>\n\n\n\n<h2 class=\"wp-block-heading\">Verificador de taxas do rato<\/h2>\n\n\n\n<p>Uma vez que estima a taxa de sondagem em Hz, a ferramenta Rate Checker \u00e9 por vezes conhecida como Mouse Hz Checker. Conta o n\u00famero de vezes que o seu rato envia informa\u00e7\u00e3o para o computador e avalia-a em Hz.  <\/p>\n\n\n\n<h2 class=\"wp-block-heading\">Teste da taxa de sondagem do rato<\/h2>\n\n\n\n<p>A frequ\u00eancia com que o rato notifica o PC ou computador ligado da sua posi\u00e7\u00e3o \u00e9 conhecida como a taxa de sondagem. A taxa de sondagem pode ser expressa em Hz ou TPS.<\/p>\n\n\n\n<p>Deve estar ciente de qu\u00e3o crucial \u00e9 a taxa de sondagem do rato se gosta de jogar jogos de v\u00eddeo. Vamos assumir o cen\u00e1rio em que s\u00f3 tem um segundo para disparar ou golpear o seu rival, mas a taxa de sondagem do seu rato \u00e9 baixa.<\/p>\n\n\n\n<p>Ent\u00e3o \u00e9 bem poss\u00edvel que perca o jogo, e o seu rival dispare mais rapidamente do que voc\u00ea. Deve estar ciente de que quanto maior for a taxa de sondagem, mais frequentemente o seu rato comunicar\u00e1 com a sua localiza\u00e7\u00e3o no seu computador.<\/p>\n\n\n\n<p>Embora maiores taxas de sondagem sejam uma vantagem para o jogo e sejam tipicamente preferidas pelos jogadores. Em m\u00e1quinas de gama baixa, isto pode ocasionalmente resultar em problemas, porque est\u00e1 a reportar com mais frequ\u00eancia e a manter o seu sistema ocupado.<\/p>\n\n\n\n<h2 class=\"wp-block-heading\">O que \u00e9 uma Boa Taxa de Sondagem?<\/h2>\n\n\n\n<p>Nos jogos em que se move rapidamente o rato, o n\u00famero da taxa de vota\u00e7\u00e3o \u00e9 muito importante. Para a maioria das pessoas, 500 Hz \u00e9 adequado e suficiente para essa fun\u00e7\u00e3o. Os profissionais e os jogadores mais experientes, no entanto, podem favorecer os ratos com taxas de sondagem iguais ou superiores a 1000.<\/p>\n\n\n<div class=\"wp-block-image\">\n<figure class=\"aligncenter size-full\"><img loading=\"lazy\" decoding=\"async\" width=\"1000\" height=\"500\" src=\"https:\/\/cpstesters.com\/wp-content\/uploads\/2022\/09\/Mouse-checker.jpg\" alt=\"Verificador de taxas do rato\" class=\"wp-image-548\" title=\"\" srcset=\"https:\/\/cpstesters.com\/wp-content\/uploads\/2022\/09\/Mouse-checker.jpg 1000w, https:\/\/cpstesters.com\/wp-content\/uploads\/2022\/09\/Mouse-checker-300x150.jpg 300w, https:\/\/cpstesters.com\/wp-content\/uploads\/2022\/09\/Mouse-checker-768x384.jpg 768w\" sizes=\"auto, (max-width: 1000px) 100vw, 1000px\" \/><figcaption class=\"wp-element-caption\">Verificador de taxas do rato<\/figcaption><\/figure>\n<\/div>\n\n\n<p>N\u00e3o h\u00e1 muita distin\u00e7\u00e3o entre estes dois: O tempo de relato de um rato de 1000 Hz \u00e9 de 1 milissegundo, enquanto o de um rato de 500 Hz \u00e9 de 2 milissegundos. Pense em 1ms de lat\u00eancia como tendo um ping 1ms maior, o que n\u00e3o ter\u00e1 um impacto significativo na sua experi\u00eancia de jogo. O rato de 500Hz tamb\u00e9m se sentir\u00e1 mais suave ao toque. Escolha em conformidade.<\/p>\n\n\n\n<p class=\"has-text-align-center has-base-background-color has-background has-medium-font-size\"><em>Pode tamb\u00e9m verificar o nosso <a href=\"https:\/\/cpstesters.com\/pt-br\/teste-de-rolagem-do-rato\/\" target=\"_blank\" rel=\"noreferrer noopener\">Teste de Pergaminho do Rato<\/a><\/em><\/p>\n\n\n\n<h2 class=\"wp-block-heading\">Passos para utilizar a ferramenta de verifica\u00e7\u00e3o da taxa do rato<\/h2>\n\n\n\n<p>Embora fazer o teste da taxa de sondagem do rato seja simples, \u00e9 sempre uma boa ideia ler as instru\u00e7\u00f5es antes de iniciar qualquer teste.<\/p>\n\n\n\n<ul class=\"wp-block-list\">\n<li>A ferramenta tem um bot\u00e3o de arranque que, quando premido, faz com que a ferramenta mostre a taxa de vota\u00e7\u00e3o do seu rato em Hertz (HZ).<\/li>\n\n\n\n<li>Pode ver as taxas m\u00e1ximas e m\u00e9dias de sondagens acima do bot\u00e3o de in\u00edcio. Ser\u00e3o utilizadas taxas em tempo real.<\/li>\n\n\n\n<li>Uma vez premido o bot\u00e3o de paragem, o processo terminar\u00e1 imediatamente.<\/li>\n\n\n\n<li>Pode agora verificar rapidamente as suas taxas HZ registadas.<\/li>\n\n\n\n<li>Pode reinici\u00e1-la rapidamente se a taxa registada n\u00e3o o satisfizer.<\/li>\n<\/ul>\n\n\n\n<h2 class=\"wp-block-heading\">Caracter\u00edsticas do teste da taxa de vota\u00e7\u00e3o<\/h2>\n\n\n\n<p>O nosso teste \u00e9 bastante b\u00e1sico e simples de usar, tal como outros testes no nosso website.<\/p>\n\n\n\n<p>Este teste tem caracter\u00edsticas simples mas fascinantes que o ajudar\u00e3o a completar o trabalho sem dificuldades. Seguem-se algumas das principais caracter\u00edsticas deste teste:<\/p>\n\n\n\n<ul class=\"wp-block-list\">\n<li>Sem descarregar qualquer software complicado, pode testar imediatamente a taxa de sondagem do seu rato e touchpad online.<\/li>\n\n\n\n<li>Os resultados do teste s\u00e3o concisos e directos, permitindo-lhe utilizar a informa\u00e7\u00e3o para modificar a taxa de sondagem do seu dispositivo de modo a satisfazer as suas necessidades.<\/li>\n\n\n\n<li>Neste teste, a taxa de sondagem \u00e9 quantificada e reportada em Hertz (Hz). O teste \u00e9 tamb\u00e9m conhecido como o teste de hertz do rato<\/li>\n<\/ul>\n\n\n\n<h2 class=\"wp-block-heading has-text-align-center\">FAQ&#8217;s<\/h2>\n\n\n\n<h3 class=\"wp-block-heading\"><strong>Como posso verificar o meu rato Hz?<\/strong><\/h3>\n\n\n\n<p>Tudo o que tem de fazer depois de visitar o website \u00e9 clicar no seu rato e mover o ponteiro sobre o espa\u00e7o vazio na p\u00e1gina. No lado direito do ecr\u00e3, pode ver a taxa de sondagem recente do seu rato, para al\u00e9m da taxa m\u00e9dia do teste de Hz do rato.<\/p>\n\n\n\n<h3 class=\"wp-block-heading\"><strong>O que \u00e9 uma boa taxa de sondagem?<\/strong><\/h3>\n\n\n\n<p>A maioria das pessoas achar\u00e1 500Hz mais do que adequado. No entanto, \u00e9 fortemente aconselhado aos jogadores experientes e profissionais que utilizem uma taxa de sondagem de 1000 Hz.<\/p>\n\n\n\n<h3 class=\"wp-block-heading\"><strong>A taxa de sondagem de 1000Hz \u00e9 boa?<\/strong><\/h3>\n\n\n\n<p>A posi\u00e7\u00e3o do rato ser\u00e1 actualizada a cada milissegundo a 1000Hz, como deve primeiro compreender. Com o rato de 1000Hz, o seu objectivo \u00e9 mais r\u00e1pido. Para jogos que exigem reac\u00e7\u00f5es r\u00e1pidas, precis\u00e3o e delicadeza, \u00e9 crucial uma elevada taxa de sondagem de 1000Hz.<\/p>\n\n\n\n<h3 class=\"wp-block-heading\"><strong>A taxa de sondagem de 500 Hz \u00e9 boa?<\/strong><\/h3>\n\n\n\n<p>A cada dois ticks, uma taxa de sondagem de 500Hz ir\u00e1 actualizar a posi\u00e7\u00e3o do seu rato. O seu objectivo torna-se mais suave a 500Hz.<\/p>\n\n\n\n<h3 class=\"wp-block-heading\"><strong>Um rato de jogo pode ir at\u00e9 1000Hz?<\/strong><\/h3>\n\n\n\n<p>Mesmo que o seu rato de jogo tenha uma frequ\u00eancia m\u00e1xima de 1000Hz, a configura\u00e7\u00e3o padr\u00e3o pode ser inferior. H\u00e1 v\u00e1rios m\u00e9todos que pode utilizar para verificar a taxa de sondagem do seu rato. Para examinar a taxa de sondagem do seu rato, utilize a nossa ferramenta online chamada Mouse Rate Checker.<\/p>\n\n\n\n<h2 class=\"wp-block-heading\">Palavras finais sobre o teste de Hertz do rato<\/h2>\n\n\n\n<p>Esta ferramenta de verifica\u00e7\u00e3o do rato \u00e9 muito maravilhosa. A taxa de resposta do seu rato ser\u00e1 calculada utilizando esta ferramenta \u00fanica. Aqui poder\u00e1 aprender sobre ajustes fundamentais do rato. Dentro de pouco tempo, vamos aprender mais sobre a sua taxa de sondagem com o rato. Ficar\u00e1 protegido de configura\u00e7\u00f5es e procedimentos intrincados por esta ferramenta. Esperamos que fiquem impressionados com as nossas diferentes ferramentas.<\/p>\n\n\n\n<p>Outros testes de que poder\u00e1 gostar:<\/p>\n\n\n\n<ul class=\"wp-block-list\">\n<li><a href=\"https:\/\/cpstesters.com\/pt-br\/double-click-test\/\" target=\"_blank\" rel=\"noreferrer noopener\">Teste de duplo clique<\/a><\/li>\n\n\n\n<li><a href=\"https:\/\/cpstesters.com\/pt-br\/click-counter\/\" target=\"_blank\" rel=\"noreferrer noopener\">Clique no contador<\/a><\/li>\n\n\n\n<li><a href=\"https:\/\/cpstesters.com\/pt-br\/teste-do-rato\/\" target=\"_blank\" rel=\"noreferrer noopener\">Teste do Rato<\/a><\/li>\n\n\n\n<li><a href=\"https:\/\/cpstesters.com\/pt-br\/apm-test\/\" target=\"_blank\" rel=\"noreferrer noopener\">Teste APM<\/a><\/li>\n\n\n\n<li><a href=\"https:\/\/cpstesters.com\/pt-br\/aim-trainer\/\" target=\"_blank\" rel=\"noreferrer noopener\">Apontar o treinador<\/a><\/li>\n<\/ul>\n","protected":false},"excerpt":{"rendered":"<p>Mouse Rate Checker \u00e9 uma ferramenta online para os utilizadores verificarem a sua taxa de sondagem em hertz e testarem o rato, experimentem-no agora! Verificador &#8230; <\/p>\n<p class=\"read-more-container\"><a title=\"Rato verificador de taxa | Teste de taxa de vota\u00e7\u00e3o Hz Online\" class=\"read-more button\" href=\"https:\/\/cpstesters.com\/pt-br\/verificador-de-taxas-do-rato\/#more-2961\" aria-label=\"Read more about Rato verificador de taxa | Teste de taxa de vota\u00e7\u00e3o Hz Online\">Read More<\/a><\/p>\n","protected":false},"author":4,"featured_media":1464,"parent":0,"menu_order":0,"comment_status":"closed","ping_status":"closed","template":"","meta":{"footnotes":""},"class_list":["post-2961","page","type-page","status-publish","has-post-thumbnail"],"_links":{"self":[{"href":"https:\/\/cpstesters.com\/pt-br\/wp-json\/wp\/v2\/pages\/2961","targetHints":{"allow":["GET"]}}],"collection":[{"href":"https:\/\/cpstesters.com\/pt-br\/wp-json\/wp\/v2\/pages"}],"about":[{"href":"https:\/\/cpstesters.com\/pt-br\/wp-json\/wp\/v2\/types\/page"}],"author":[{"embeddable":true,"href":"https:\/\/cpstesters.com\/pt-br\/wp-json\/wp\/v2\/users\/4"}],"replies":[{"embeddable":true,"href":"https:\/\/cpstesters.com\/pt-br\/wp-json\/wp\/v2\/comments?post=2961"}],"version-history":[{"count":5,"href":"https:\/\/cpstesters.com\/pt-br\/wp-json\/wp\/v2\/pages\/2961\/revisions"}],"predecessor-version":[{"id":4675,"href":"https:\/\/cpstesters.com\/pt-br\/wp-json\/wp\/v2\/pages\/2961\/revisions\/4675"}],"wp:featuredmedia":[{"embeddable":true,"href":"https:\/\/cpstesters.com\/pt-br\/wp-json\/wp\/v2\/media\/1464"}],"wp:attachment":[{"href":"https:\/\/cpstesters.com\/pt-br\/wp-json\/wp\/v2\/media?parent=2961"}],"curies":[{"name":"wp","href":"https:\/\/api.w.org\/{rel}","templated":true}]}}