{"id":2955,"date":"2024-07-16T14:38:12","date_gmt":"2024-07-16T14:38:12","guid":{"rendered":"https:\/\/cpstesters.com\/teste-de-precisao-do-rato-precisao-do-clique-do-rato\/"},"modified":"2024-09-17T15:45:58","modified_gmt":"2024-09-17T15:45:58","slug":"teste-de-precisao-do-rato","status":"publish","type":"page","link":"https:\/\/cpstesters.com\/pt-br\/teste-de-precisao-do-rato\/","title":{"rendered":"Teste de Precis\u00e3o do Rato | Precis\u00e3o do Clique do Rato"},"content":{"rendered":"\n<p>O teste de precis\u00e3o do rato \u00e9 uma ferramenta de jogo online que \u00e9 utilizada para determinar a precis\u00e3o e a precis\u00e3o do seu ponteiro, verifique a ferramenta agora!<\/p>\n<link href=\"\/wp-content\/themes\/generatepress\/tools\/assets\/css\/aim.css?v=15\" rel=\"stylesheet\">\r\n\r\n<div class=\"aim-container\">\r\n      <div>\r\n        <div class=\"highscore-info\">Highscore: <span class=\"current-highscore\"><\/span><\/div>\r\n        <div class=\"info\">\r\n            <div class=\"score-bar\"><i class=\"im im-target\"><\/i> <span style=\"color:white\" class=\"score\">0<\/span><\/div>\r\n            <div class=\"health-bar\"><i class=\"im im-heart small\"><\/i> <span class=\"health\">0<\/span><\/div>\r\n            <div class=\"time-bar\"><\/i><i class=\"im im-timer small\"><\/i> <span class=\"time\">0<\/span><\/div>\r\n        <\/div>\r\n      <\/div>\r\n      <div class=\"board\"><\/div>\r\n      <div class=\"gameover modal\">\r\n        <div class=\"gameover-content\">\r\n          <p class=\"aim-header\">GAMEOVER<\/p>\r\n          <p class=\"highscore\"><\/p>\r\n          <p><i class=\"im im-target small\"><\/i>Score :&nbsp;<span class=\"score\">0<\/span><\/p>\r\n          <p><i class=\"im im-timer small\"><\/i>Time :&nbsp;<span class=\"time\">0<\/span><\/p>\r\n          <button class=\"restart-btn\">Restart<\/button>\r\n        <\/div>\r\n      <\/div>\r\n      <button style=\"color:white\" class=\"start-btn\">Start<\/button>\r\n  \r\n    <\/div>\r\n\r\n\r\n\r\n   \r\n<script type=\"text\/javascript\">\r\n    var keyboard_code = 'english';\r\n    var keyboard_settings = {\"layout\":{\"default\":[\"` 1 2 3 4 5 6 7 8 9 0 - = {backspace}\",\"{tab} q w e r t y u i o p [ ] \\\\\",\"{capslock} a s d f g h j k l ; ' {enter}\",\"{shiftleft} z x c v b n m , . \\\/ {shiftright}\",\".com @ {space}\"],\"shift\":[\"` 1 2 3 4 5 6 7 8 9 0 - = {backspace}\",\"{tab} q w e r t y u i o p [ ] \\\\\",\"{capslock} a s d f g h j k l ; ' {enter}\",\"{shiftleft} z x c v b n m , . \\\/ {shiftright}\",\".com @ {space}\"]},\"display\":{\"{escape}\":\"esc\",\"{tab}\":\"tab\",\"{backspace}\":\"backspace\",\"{enter}\":\"< enter\",\"{capslock}\":\"caps\",\"{shiftleft}\":\"shift\",\"{shiftright}\":\"shift\",\"{controlleft}\":\"ctrl\",\"{controlright}\":\"ctrl\",\"{altleft}\":\"alt\",\"{altright}\":\"alt\",\"{metaleft}\":\"cmd\",\"{metaright}\":\"cmd\",\"{space}\":\" \"}};\r\n    var keyboard_is_tester = true;\r\n\t                     var monitoringClickEvent = 'left';\r\n\r\n<\/script>\r\n\r\n<script src=\"\/wp-content\/themes\/generatepress\/tools\/assets\/js\/aim.js?v=9\"><\/script>\r\n\n\n<p><\/p>\n\n<div style=\"height:5px\" aria-hidden=\"true\" class=\"wp-block-spacer\"><\/div>\n\n<h2 class=\"wp-block-heading\">Teste de Precis\u00e3o do Rato<\/h2>\n\n<p>Um jogo online chamado Mouse Accuracy Test permite aos utilizadores avaliar e melhorar a precis\u00e3o do seu rato. \u00c9 poss\u00edvel aumentar a velocidade dos seus cliques do rato mantendo a precis\u00e3o. O jogo \u00e9 acess\u00edvel a jogadores de todos os n\u00edveis de habilidade, mesmo a peritos.<\/p>\n\n<p>O objectivo simples do teste \u00e9 ajud\u00e1-lo a praticar e aumentar a precis\u00e3o e velocidade do seu rato para matar e disparar em jogos de v\u00eddeo. Os utilizadores ocasionais de computadores podem gostar de jogar o jogo, enquanto o seu principal objectivo \u00e9 ajudar os jogadores a aumentar a velocidade de clique do rato, flexibilidade e precis\u00e3o.<\/p>\n\n<p>Um teste que mede a precis\u00e3o do rato mede a precis\u00e3o do seu clique nos alvos em cada per\u00edodo de tempo. Isto torna-o ocasionalmente o mais desafiante teste do rato, que tamb\u00e9m pode ser chamado de teste de precis\u00e3o do clique. No entanto, para os jogadores de jogos, os exames pr\u00e1ticos s\u00e3o os melhores. Ap\u00f3s a realiza\u00e7\u00e3o deste teste, o seu desempenho ser\u00e1 muito melhorado.<\/p>\n\n<p>Por outro lado, o clique tem algumas vantagens sobre a <a href=\"https:\/\/computer.howstuffworks.com\/mouse5.htm\" target=\"_blank\" rel=\"noreferrer noopener\">precis\u00e3o do rato<\/a> em certos tipos de jogos. Isto implica clicar rapidamente dentro de um determinado per\u00edodo de tempo com uma pontua\u00e7\u00e3o CPS elevada como objectivo final. Escolha entre configura\u00e7\u00f5es que v\u00e3o de 5 segundos a 100 segundos no teste de precis\u00e3o do clique.  <\/p>\n<div class=\"wp-block-image\">\n<figure class=\"aligncenter size-full\"><img loading=\"lazy\" decoding=\"async\" width=\"1000\" height=\"500\" src=\"https:\/\/cpstesters.com\/wp-content\/uploads\/2022\/09\/accuracy.jpg\" alt=\"Teste de Precis&#xE3;o do Rato\" class=\"wp-image-575\" title=\"\" srcset=\"https:\/\/cpstesters.com\/wp-content\/uploads\/2022\/09\/accuracy.jpg 1000w, https:\/\/cpstesters.com\/wp-content\/uploads\/2022\/09\/accuracy-300x150.jpg 300w, https:\/\/cpstesters.com\/wp-content\/uploads\/2022\/09\/accuracy-768x384.jpg 768w\" sizes=\"auto, (max-width: 1000px) 100vw, 1000px\" \/><figcaption class=\"wp-element-caption\">Teste de Precis\u00e3o do Rato<\/figcaption><\/figure>\n<\/div>\n<h2 class=\"wp-block-heading\">Passos para jogar Teste de exactid\u00e3o do clique<\/h2>\n\n<p>Utilize este teste e siga as instru\u00e7\u00f5es para aumentar a precis\u00e3o do seu rato.<\/p>\n\n<ul class=\"wp-block-list\">\n<li>Clique no bot\u00e3o &#8220;Iniciar&#8221;, que se encontra abaixo das op\u00e7\u00f5es de configura\u00e7\u00e3o, quando estiver pronto para come\u00e7ar o jogo.<\/li>\n\n\n\n<li>Uma contagem decrescente come\u00e7ar\u00e1 assim que se tocar no bot\u00e3o Start. Deve utilizar este tempo para se preparar para o teste.<\/li>\n\n\n\n<li>V\u00e1rios c\u00edrculos alvo surgir\u00e3o aleatoriamente ao longo do ecr\u00e3 depois de terminada a contagem decrescente.<\/li>\n\n\n\n<li>O seu objectivo \u00e9 clicar nos c\u00edrculos alvo com o seu cursor enquanto estes ainda est\u00e3o vis\u00edveis.<\/li>\n\n\n\n<li>Durante o per\u00edodo de tempo, estes objectivos continuar\u00e3o a aparecer no ecr\u00e3 que escolheu nas escolhas de defini\u00e7\u00e3o.<\/li>\n\n\n\n<li>No momento em que o temporizador est\u00e1 prestes a expirar, v\u00ea outra contagem decrescente de 5 segundos.<\/li>\n\n\n\n<li>Os seus resultados, tais como o total de cliques, total de alvos, precis\u00e3o dos cliques, efici\u00eancia, etc., ser\u00e3o exibidos ap\u00f3s este temporizador ter terminado.<\/li>\n\n\n\n<li>No visor de resultados, pode clicar no bot\u00e3o &#8220;Reiniciar&#8221; para voltar a fazer o teste.<\/li>\n<\/ul>\n\n<p class=\"has-text-align-center has-base-background-color has-background has-medium-font-size\"><em>Verifique tamb\u00e9m a nossa ferramenta de <a href=\"https:\/\/cpstesters.com\/pt-br\/teste-do-rato\/\" target=\"_blank\" rel=\"noreferrer noopener\">teste do rato<\/a> para verificar completamente o seu rato!<\/em><\/p>\n\n<h2 class=\"wp-block-heading has-text-align-center\">FAQ&#8217;s<\/h2>\n\n<h3 class=\"wp-block-heading\"><strong>Como posso saber se o meu rato \u00e9 preciso?<\/strong><\/h3>\n\n<p>O Mouse Accuracy Test avalia a velocidade e precis\u00e3o com que se move o rato. O simples deslizar da bola pela curva at\u00e9 \u00e0 segunda extremidade que lhe est\u00e1 ligada \u00e9 a \u00fanica necessidade da regra. Tente ser o mais r\u00e1pido que puder, tendo o cuidado de n\u00e3o sair da curva.<\/p>\n\n<h3 class=\"wp-block-heading\"><strong>Como posso testar o ponteiro do meu rato?<\/strong><\/h3>\n\n<p>Pode experimentar o teste do bot\u00e3o do rato dispon\u00edvel no nosso s\u00edtio web. Este teste ir\u00e1 dar-lhe resultados precisos sobre o ponteiro do rato e outros bot\u00f5es tamb\u00e9m.<\/p>\n\n<h3 class=\"wp-block-heading\"><strong>Como posso aumentar a precis\u00e3o do FPS do meu rato?<\/strong><\/h3>\n\n<p>Certifique-se de que a acelera\u00e7\u00e3o do rato est\u00e1 desactivada, uma vez que isso tornar\u00e1 os movimentos de precis\u00e3o na mira muito mais dif\u00edceis. Embora um baixo n\u00edvel de sensibilidade lhe proporcione maior poder para fazer movimentos finos, tamb\u00e9m o obriga a mover o cotovelo em vez do pulso para a flexibilidade do rato.<\/p>\n\n<p>Ferramentas de que pode gostar:<\/p>\n\n<ul class=\"wp-block-list\">\n<li><a href=\"https:\/\/cpstesters.com\/pt-br\/apm-test\/\" target=\"_blank\" rel=\"noreferrer noopener\">Teste APM  <\/a><\/li>\n\n\n\n<li><a href=\"https:\/\/cpstesters.com\/pt-br\/verificador-de-taxas-do-rato\/\" target=\"_blank\" rel=\"noreferrer noopener\">Verificador de taxas do rato<\/a><\/li>\n\n\n\n<li><a href=\"https:\/\/cpstesters.com\/pt-br\/double-click-test\/\" target=\"_blank\" rel=\"noreferrer noopener\">Teste de duplo clique<\/a><\/li>\n\n\n\n<li><a href=\"https:\/\/cpstesters.com\/pt-br\/teste-de-rolagem-do-rato\/\" target=\"_blank\" rel=\"noreferrer noopener\">Teste de Pergaminho do Rato<\/a><\/li>\n\n\n\n<li><a href=\"https:\/\/cpstesters.com\/pt-br\/aim-trainer\/\" target=\"_blank\" rel=\"noreferrer noopener\">Apontar o treinador<\/a><\/li>\n<\/ul>\n","protected":false},"excerpt":{"rendered":"<p>O teste de precis\u00e3o do rato \u00e9 uma ferramenta de jogo online que \u00e9 utilizada para determinar a precis\u00e3o e a precis\u00e3o do seu ponteiro, &#8230; <\/p>\n<p class=\"read-more-container\"><a title=\"Teste de Precis\u00e3o do Rato | Precis\u00e3o do Clique do Rato\" class=\"read-more button\" href=\"https:\/\/cpstesters.com\/pt-br\/teste-de-precisao-do-rato\/#more-2955\" aria-label=\"Read more about Teste de Precis\u00e3o do Rato | Precis\u00e3o do Clique do Rato\">Read More<\/a><\/p>\n","protected":false},"author":4,"featured_media":1560,"parent":0,"menu_order":0,"comment_status":"closed","ping_status":"closed","template":"","meta":{"footnotes":""},"class_list":["post-2955","page","type-page","status-publish","has-post-thumbnail"],"_links":{"self":[{"href":"https:\/\/cpstesters.com\/pt-br\/wp-json\/wp\/v2\/pages\/2955","targetHints":{"allow":["GET"]}}],"collection":[{"href":"https:\/\/cpstesters.com\/pt-br\/wp-json\/wp\/v2\/pages"}],"about":[{"href":"https:\/\/cpstesters.com\/pt-br\/wp-json\/wp\/v2\/types\/page"}],"author":[{"embeddable":true,"href":"https:\/\/cpstesters.com\/pt-br\/wp-json\/wp\/v2\/users\/4"}],"replies":[{"embeddable":true,"href":"https:\/\/cpstesters.com\/pt-br\/wp-json\/wp\/v2\/comments?post=2955"}],"version-history":[{"count":4,"href":"https:\/\/cpstesters.com\/pt-br\/wp-json\/wp\/v2\/pages\/2955\/revisions"}],"predecessor-version":[{"id":4327,"href":"https:\/\/cpstesters.com\/pt-br\/wp-json\/wp\/v2\/pages\/2955\/revisions\/4327"}],"wp:featuredmedia":[{"embeddable":true,"href":"https:\/\/cpstesters.com\/pt-br\/wp-json\/wp\/v2\/media\/1560"}],"wp:attachment":[{"href":"https:\/\/cpstesters.com\/pt-br\/wp-json\/wp\/v2\/media?parent=2955"}],"curies":[{"name":"wp","href":"https:\/\/api.w.org\/{rel}","templated":true}]}}