{"id":2939,"date":"2024-07-16T14:26:24","date_gmt":"2024-07-16T14:26:24","guid":{"rendered":"https:\/\/cpstesters.com\/teste-de-ecra-tactil-online-testador-multi-touch\/"},"modified":"2024-09-17T16:29:09","modified_gmt":"2024-09-17T16:29:09","slug":"touch-screen-test","status":"publish","type":"page","link":"https:\/\/cpstesters.com\/pt-br\/touch-screen-test\/","title":{"rendered":"Teste de Ecr\u00e3 T\u00e1ctil Online | Testador Multi-Touch"},"content":{"rendered":"\n<p>Mobile &amp; Laptop touch screen test \u00e9 uma ferramenta para verificar se o seu dispositivo de toque est\u00e1 a funcionar correctamente ou n\u00e3o, verifique agora!<\/p>\n<style>\r\n        #box {\r\n            position:relative;\r\n            width:100%; \r\n            background-color:#FFB15E;\r\n            font-size: 2rem; \r\n            margin-bottom:20px;\r\n\t\t\tcolor:white;\r\n\t\t\tpadding-top:50px;\r\n\t\t\tpadding-bottom:50px;\r\n\t\t\ttext-align:center;\r\n        }\r\n        #box.fullscreen{\r\n            background-color: #2d2d2d;\r\n            position:fixed;\r\n            top: 0px;\r\n            left: 0px;\r\n            height: 100%!important;;\r\n        }\r\n        .point{\r\n            border-radius:50%;\r\n            width:30px;\r\n            height:30px;\r\n            background-color:red;\r\n            position:fixed;\r\n        }\r\n        #fs-button{\r\n            width:30px;\r\n            height:30px;\r\n            position:absolute;\r\n            bottom:5px;\r\n            right:5px;\r\n            background-image: url(\"data:image\/svg+xml,%3Csvg xmlns='http:\/\/www.w3.org\/2000\/svg' width='30' height='30' viewBox='0 0 14 14' fill='%23dddddd'%3E%3Cpath d='M2,9H0v5h5v-2H2V9z M0,5h2V2h3V0H0V5z M12,12H9v2h5V9h-2V12z M9,0v2h3v3h2V0H9z'\/%3E%3C\/svg%3E\");\r\n        }\r\n        .fullscreen #fs-button\r\n        {\r\n            background-image: url(\"data:image\/svg+xml,%3Csvg xmlns='http:\/\/www.w3.org\/2000\/svg' width='30' height='30' viewBox='0 0 14 14' fill='%23dddddd'%3E%3Cpath d='M0,11h3v3h2V9H0V11z M3,3H0v2h5V0H3V3z M9,14h2v-3h3V9H9V14z M11,3V0H9v5h5V3H11z'\/%3E%3C\/svg%3E\");\r\n        }\r\n        .current-touch, .max-touch, #box{\r\n            text-align: center;\r\n        }\r\n        .current-touch, .max-touch{\r\n            font-size: 5rem; \r\n        }\r\n    <\/style>\r\n\r\n<div id=\"box\">\r\n        <div id=\"info\">\r\n            <div class=\"row\"><div class=\"col d-flex align-items-center justify-content-end p-0\" style=\"font-size:1rem\">current<\/div><div class=\"current-touch col p-0\">0<\/div><div class=\"col p-0\"><\/div><\/div>\r\n            <div class=\"row\"><div class=\"col d-flex align-items-center justify-content-end p-0\" style=\"font-size:1rem\">max<\/div><div class=\"max-touch col p-0\">0<\/div><div class=\"col p-0\"><\/div><\/div>\r\n        <\/div>\r\n        \r\n    <\/div>   \r\n\r\n\r\n<script>\r\n    \r\nvar box = document.getElementById(\"box\");\r\nvar currnetTouchE = document.getElementsByClassName('current-touch')[0];\r\nvar maxTouchE = document.getElementsByClassName('max-touch')[0];\r\nvar maxTouch = 0;\r\n\r\nvar pointSize = 30;\r\n\r\nfunction updateTouch(number)\r\n{\r\n    currnetTouchE.innerHTML = number;\r\n    if (number>maxTouch) maxTouch = number;\r\n    maxTouchE.innerHTML = maxTouch;\r\n    \r\n}\r\n\r\n\r\nbox.addEventListener(\"touchstart\", handleStart, false);\r\nbox.addEventListener(\"touchend\", handleEnd, false);\r\nbox.addEventListener(\"touchcancel\", handleCancel, false);\r\nbox.addEventListener(\"touchmove\", handleMove, false);\r\n\/\/var ongoingTouches = [];\r\n\r\nfunction copyTouch({ identifier, pageX, pageY }) {\r\n  return { identifier, pageX, pageY };\r\n}\r\n\r\nfunction handleStart (e)\r\n{\r\n    var touches = e.changedTouches;\r\n    for (var i = 0; i < touches.length; i++)\r\n    {\r\n        var point = document.createElement('div');\r\n        \/\/ongoingTouches.push(copyTouch(touches[i]));\r\n        point.className = 'point';\r\n        point.id = 'touch-'+touches[i].identifier;\r\n        point.style.left = touches[i].clientX-pointSize\/2+'px';\r\n        point.style.top = touches[i].clientY-pointSize\/2+'px';\r\n        point.style.backgroundColor = colorForTouch(touches[i]);\r\n        document.body.appendChild(point);\r\n    }\r\n    updateTouch(e.touches.length);\r\n    e.preventDefault();\r\n}\r\n\r\nfunction handleMove(e)\r\n{\r\n    var touches = e.changedTouches;\r\n    for (var i = 0; i < touches.length; i++)\r\n    {\r\n        var point = document.getElementById('touch-'+touches[i].identifier);\r\n        point.style.left = touches[i].clientX-pointSize\/2+'px';\r\n        point.style.top = touches[i].clientY-pointSize\/2+'px';\r\n    }\r\n    updateTouch(e.touches.length);\r\n    e.preventDefault();\r\n}\r\n\r\nfunction handleEnd (e)\r\n{\r\n     var touches = e.changedTouches;\r\n     for (var i = 0; i < touches.length; i++) \r\n     {\r\n        setTimeout(function(){\r\n           \r\n        },200);\r\n       document.getElementById('touch-'+touches[i].identifier).remove();\r\n     }\r\n     updateTouch(e.touches.length);\r\n}\r\n\r\nfunction handleCancel (e)\r\n{\r\n    handleEnd(e);\r\n}\r\n\r\n\r\nfunction colorForTouch(touch) {\r\n    var color = \"#000000\";\r\n    switch(touch.identifier)\r\n    {\r\n        case 0: color = \"#ff0000\";break;\r\n        case 1: color = \"#ff00ff\";break;\r\n        case 2: color = \"#0000ff\";break;\r\n        case 3: color = \"#00ffff\";break;\r\n        case 4: color = \"#00ff00\";break;\r\n        case 5: color = \"#ffff00\";break;\r\n        case 6: color = \"#ffa800\";break;\r\n        default: color = \"#000000\";\r\n    }\r\n    return color;\r\n}\r\n\r\nif (!(typeof box.ontouchstart != \"undefined\")) { \r\n    box.innerHTML = '<p>This test cannot be used on device without touch screen.<\/p>\\n\\\r\n                     <p style=\"font-size:1rem;\">If you see this message, the test will not work.<\/p>   ';\r\n    box.style.backgroundColor = \"#FFB15E\";\r\n} \r\n<\/script>\n\n<div style=\"height:5px\" aria-hidden=\"true\" class=\"wp-block-spacer\"><\/div>\n\n<h2 class=\"wp-block-heading\">Testador de ecr\u00e3 t\u00e1ctil<\/h2>\n\n<p>O teste do ecr\u00e3 t\u00e1ctil \u00e9 a t\u00e9cnica que se utiliza para avaliar o seu ecr\u00e3. H\u00e1 v\u00e1rias maneiras de utilizar este teste para identificar os pontos mortos. Este Testador tem uma t\u00e9cnica especial que lhe mostra exactamente onde se encontram as \u00e1reas problem\u00e1ticas. Isto verifica os pontos mortos do ecr\u00e3 t\u00e1ctil e a funcionalidade multi-toque de cinco pontos.<\/p>\n\n<p>O ecr\u00e3 t\u00e1ctil de um smartphone precisa de ser testado para verificar a qualidade e utilidade do dispositivo. O desempenho de um ecr\u00e3 t\u00e1ctil pode ser avaliado utilizando um teste t\u00e1ctil simples no ecr\u00e3. Os testes t\u00e1cteis, cada um dos quais utiliza uma estrat\u00e9gia diferente, ajudam-no a localizar e a analisar quaisquer <a href=\"https:\/\/www.lifewire.com\/fixes-for-broken-touch-screen-4149514\" target=\"_blank\" rel=\"noreferrer noopener\">problemas do seu ecr\u00e3 t\u00e1ctil<\/a> que possam estar a surgir.<\/p>\n\n<h2 class=\"wp-block-heading\">Como testar o toque no ecr\u00e3?<\/h2>\n\n<p>Para iniciar o teste, tocar no ecr\u00e3 no interior da caixa acima. Para encaixar facilmente dedos adicionais, usar a op\u00e7\u00e3o ecr\u00e3 inteiro no canto inferior direito do campo de ensaio. Se o seu dispositivo ou browser n\u00e3o for compat\u00edvel, um aviso especial na caixa ser\u00e1 afixado.<\/p>\n\n<p>Experimente o Teste Multi-Touch se n\u00e3o estiver \u00e0 procura de pontos mortos no seu ecr\u00e3 mas estiver curioso sobre quantos dedos consegue reconhecer. Um dos testes de ecr\u00e3 m\u00f3vel multi-toque mais b\u00e1sicos dispon\u00edveis, falta-lhe qualquer ferramenta de desenho ou caracter\u00edsticas extra.<\/p>\n<div class=\"wp-block-image\">\n<figure class=\"aligncenter size-full\"><img loading=\"lazy\" decoding=\"async\" width=\"1000\" height=\"500\" src=\"https:\/\/cpstesters.com\/wp-content\/uploads\/2022\/09\/touch-test.jpg\" alt=\"Teste do ecr&#xE3; t&#xE1;ctil\" class=\"wp-image-551\" title=\"\" srcset=\"https:\/\/cpstesters.com\/wp-content\/uploads\/2022\/09\/touch-test.jpg 1000w, https:\/\/cpstesters.com\/wp-content\/uploads\/2022\/09\/touch-test-300x150.jpg 300w, https:\/\/cpstesters.com\/wp-content\/uploads\/2022\/09\/touch-test-768x384.jpg 768w\" sizes=\"auto, (max-width: 1000px) 100vw, 1000px\" \/><figcaption class=\"wp-element-caption\">Teste do ecr\u00e3 t\u00e1ctil<\/figcaption><\/figure>\n<\/div>\n<p>Informa-o sobre o n\u00famero m\u00e1ximo de dedos activos que o seu dispositivo pode suportar.  <\/p>\n\n<h2 class=\"wp-block-heading\">Teste Multi-Touch<\/h2>\n\n<p>O testador Multi touch reconhece muitos toques e d\u00e1 a cada um deles um destaque de cor distinto. N\u00e3o faz diferen\u00e7a se os seus dedos cobrirem as torneiras e os d\u00edgitos no ecr\u00e3. Mesmo quando se tira os dedos do ecr\u00e3, ser\u00e1 exibido o n\u00famero m\u00e1ximo de toques. Pode utilizar este teste para ver quantos toques no ecr\u00e3 do seu dispositivo se registam.<\/p>\n\n<p>Este testador marcar\u00e1 cada dedo quando os colocar no ecr\u00e3 in\u00fameras vezes ao mesmo tempo. Al\u00e9m disso, registar\u00e1 o n\u00famero total de dedos que s\u00e3o gravados no ecr\u00e3. O programa continuar\u00e1 a recordar o maior n\u00famero que identificou, mesmo depois de soltar os dedos.<\/p>\n\n<p>\u00c9 prefer\u00edvel fazer o teste em ecr\u00e3 inteiro para que todos os toques possam caber dentro do campo de teste. Clique no bot\u00e3o no canto inferior esquerdo para o fazer.<\/p>\n\n<p>N\u00e3o h\u00e1 necessidade de instalar quaisquer aplica\u00e7\u00f5es para este teste porque pode sempre fazer o nosso teste de verifica\u00e7\u00e3o de toque no seu dispositivo online a partir do nosso website.<\/p>\n\n<p class=\"has-text-align-center has-base-background-color has-background has-medium-font-size\"><em>Tamb\u00e9m temos o <a href=\"https:\/\/cpstesters.com\/pt-br\/dead-pixel-test\/\" target=\"_blank\" rel=\"noreferrer noopener\">teste de pixel morto<\/a> para o seu ecr\u00e3, confira!<\/em><\/p>\n\n<h2 class=\"wp-block-heading has-text-align-center\">FAQ&#8217;s<\/h2>\n\n<h3 class=\"wp-block-heading\"><strong>Como posso testar o meu ecr\u00e3 t\u00e1ctil?<\/strong><\/h3>\n\n<p>Pode utilizar o teste t\u00e1ctil no nosso s\u00edtio web para verificar o ecr\u00e3 t\u00e1ctil do seu dispositivo se acreditar que n\u00e3o est\u00e1 a funcionar correctamente. Este teste permite-lhe reconhecer e resolver quaisquer potenciais problemas com o seu ecr\u00e3 t\u00e1ctil, cada um dos quais \u00e9 abordado de forma diferente.<\/p>\n\n<h3 class=\"wp-block-heading\"><strong>Como sei se o meu ecr\u00e3 t\u00e1ctil \u00e9 sens\u00edvel?<\/strong><\/h3>\n\n<p>A sensibilidade do ecr\u00e3 t\u00e1ctil pode ser testada com v\u00e1rias press\u00f5es de dedos. Alguns ecr\u00e3s requerem um maior contacto com o ecr\u00e3 porque t\u00eam dificuldade em ler os toques de luz.<\/p>\n\n<h3 class=\"wp-block-heading\"><strong>Como \u00e9 que se testa o toque fantasma?<\/strong><\/h3>\n\n<p>Comece por experimentar consigo mesmo para ver se consegue identificar o problema. Fazer tr\u00eas dedos, ent\u00e3o. Depois disso, ir\u00e1 detectar um ou dois toques fantasma se tocar acidentalmente no seu visor com um ou ambos os dedos.<\/p>\n\n<p>Outros Testes que Pode querer verificar:<\/p>\n\n<ul class=\"wp-block-list\">\n<li><a href=\"https:\/\/cpstesters.com\/pt-br\/contador-de-toques\/\" target=\"_blank\" rel=\"noreferrer noopener\">Contador de Torneira<\/a><\/li>\n\n\n\n<li><a href=\"https:\/\/cpstesters.com\/pt-br\/teste-de-velocidade-de-toque\/\" target=\"_blank\" rel=\"noreferrer noopener\">Teste de velocidade da torneira<\/a><\/li>\n\n\n\n<li><a href=\"https:\/\/cpstesters.com\/pt-br\/\" target=\"_blank\" rel=\"noreferrer noopener\">Clique Por Segundo Testador<\/a><\/li>\n\n\n\n<li><a href=\"https:\/\/cpstesters.com\/pt-br\/teste-do-teclado\/\" target=\"_blank\" rel=\"noreferrer noopener\">Testador de Teclado<\/a><\/li>\n\n\n\n<li><a href=\"https:\/\/cpstesters.com\/pt-br\/teste-de-latencia-do-teclado\/\" target=\"_blank\" rel=\"noreferrer noopener\">Teste de Lat\u00eancia do Teclado<\/a><\/li>\n<\/ul>\n","protected":false},"excerpt":{"rendered":"<p>Mobile &amp; Laptop touch screen test \u00e9 uma ferramenta para verificar se o seu dispositivo de toque est\u00e1 a funcionar correctamente ou n\u00e3o, verifique agora! &#8230; <\/p>\n<p class=\"read-more-container\"><a title=\"Teste de Ecr\u00e3 T\u00e1ctil Online | Testador Multi-Touch\" class=\"read-more button\" href=\"https:\/\/cpstesters.com\/pt-br\/touch-screen-test\/#more-2939\" aria-label=\"Read more about Teste de Ecr\u00e3 T\u00e1ctil Online | Testador Multi-Touch\">Read More<\/a><\/p>\n","protected":false},"author":4,"featured_media":1476,"parent":0,"menu_order":0,"comment_status":"closed","ping_status":"closed","template":"","meta":{"footnotes":""},"class_list":["post-2939","page","type-page","status-publish","has-post-thumbnail"],"_links":{"self":[{"href":"https:\/\/cpstesters.com\/pt-br\/wp-json\/wp\/v2\/pages\/2939","targetHints":{"allow":["GET"]}}],"collection":[{"href":"https:\/\/cpstesters.com\/pt-br\/wp-json\/wp\/v2\/pages"}],"about":[{"href":"https:\/\/cpstesters.com\/pt-br\/wp-json\/wp\/v2\/types\/page"}],"author":[{"embeddable":true,"href":"https:\/\/cpstesters.com\/pt-br\/wp-json\/wp\/v2\/users\/4"}],"replies":[{"embeddable":true,"href":"https:\/\/cpstesters.com\/pt-br\/wp-json\/wp\/v2\/comments?post=2939"}],"version-history":[{"count":4,"href":"https:\/\/cpstesters.com\/pt-br\/wp-json\/wp\/v2\/pages\/2939\/revisions"}],"predecessor-version":[{"id":4376,"href":"https:\/\/cpstesters.com\/pt-br\/wp-json\/wp\/v2\/pages\/2939\/revisions\/4376"}],"wp:featuredmedia":[{"embeddable":true,"href":"https:\/\/cpstesters.com\/pt-br\/wp-json\/wp\/v2\/media\/1476"}],"wp:attachment":[{"href":"https:\/\/cpstesters.com\/pt-br\/wp-json\/wp\/v2\/media?parent=2939"}],"curies":[{"name":"wp","href":"https:\/\/api.w.org\/{rel}","templated":true}]}}