{"id":2823,"date":"2024-07-16T14:43:41","date_gmt":"2024-07-16T14:43:41","guid":{"rendered":"https:\/\/cpstesters.com\/aim-booster-best-tester-to-improve-aiming-online\/"},"modified":"2024-09-17T09:50:00","modified_gmt":"2024-09-17T09:50:00","slug":"aim-trainer","status":"publish","type":"page","link":"https:\/\/cpstesters.com\/pt-br\/aim-trainer\/","title":{"rendered":"Impulsionador de mira | Melhor testador para melhorar a mira online"},"content":{"rendered":"\n<p>Impulsionador de mira \u00e9 um testador online para o ajudar a melhorar as suas capacidades de pontaria em jogos profissionais, verifique e tente pontuar o mais alto poss\u00edvel!<\/p>\n\n\n<div class=\"aim-container\">\r\n      <div>\r\n        <div class=\"highscore-info\">Highscore: <span class=\"current-highscore\"><\/span><\/div>\r\n        <div class=\"info\">\r\n            <div class=\"score-bar\"><i class=\"im im-target\"><\/i> <span style=\"color:white\" class=\"score\">0<\/span><\/div>\r\n            <div class=\"health-bar\"><i class=\"im im-heart small\"><\/i> <span class=\"health\">0<\/span><\/div>\r\n            <div class=\"time-bar\"><\/i><i class=\"im im-timer small\"><\/i> <span class=\"time\">0<\/span><\/div>\r\n        <\/div>\r\n      <\/div>\r\n      <div class=\"board\"><\/div>\r\n      <div class=\"gameover modal\">\r\n        <div class=\"gameover-content\">\r\n          <p class=\"aim-header\">GAMEOVER<\/p>\r\n          <p class=\"highscore\"><\/p>\r\n          <p><i class=\"im im-target small\"><\/i>Score :&nbsp;<span class=\"score\">0<\/span><\/p>\r\n          <p><i class=\"im im-timer small\"><\/i>Time :&nbsp;<span class=\"time\">0<\/span><\/p>\r\n          <button class=\"restart-btn\">Restart<\/button>\r\n        <\/div>\r\n      <\/div>\r\n      <button style=\"color:white\" class=\"start-btn\">Start<\/button>\r\n<\/div>\r\n\r\n\r\n\r\n   \r\n<script type=\"text\/javascript\">\r\n    var keyboard_code = 'english';\r\n    var keyboard_settings = {\"layout\":{\"default\":[\"` 1 2 3 4 5 6 7 8 9 0 - = {backspace}\",\"{tab} q w e r t y u i o p [ ] \\\\\",\"{capslock} a s d f g h j k l ; ' {enter}\",\"{shiftleft} z x c v b n m , . \\\/ {shiftright}\",\".com @ {space}\"],\"shift\":[\"` 1 2 3 4 5 6 7 8 9 0 - = {backspace}\",\"{tab} q w e r t y u i o p [ ] \\\\\",\"{capslock} a s d f g h j k l ; ' {enter}\",\"{shiftleft} z x c v b n m , . \\\/ {shiftright}\",\".com @ {space}\"]},\"display\":{\"{escape}\":\"esc\",\"{tab}\":\"tab\",\"{backspace}\":\"backspace\",\"{enter}\":\"< enter\",\"{capslock}\":\"caps\",\"{shiftleft}\":\"shift\",\"{shiftright}\":\"shift\",\"{controlleft}\":\"ctrl\",\"{controlright}\":\"ctrl\",\"{altleft}\":\"alt\",\"{altright}\":\"alt\",\"{metaleft}\":\"cmd\",\"{metaright}\":\"cmd\",\"{space}\":\" \"}};\r\n    var keyboard_is_tester = true;\r\n\t                     var monitoringClickEvent = 'left';\r\n\r\n<\/script>\r\n\r\n<script src=\"\/wp-content\/themes\/generatepress\/tools\/assets\/js\/aim.js?v=9\"><\/script>\r\n\n\n\n\n<p><\/p>\n\n\n\n<p>A melhoria do seu objectivo \u00e9 um m\u00e9todo simples para se diferenciar da concorr\u00eancia. Este guia ir\u00e1 lev\u00e1-lo a come\u00e7ar o caminho para dominar o objectivo, explicando porque deve obter um refor\u00e7o de objectivos e dando-lhe acesso a quaisquer recursos de que tamb\u00e9m possa necessitar ao longo do processo.<\/p>\n\n\n\n<p>O refor\u00e7o de objectivos ser-lhe-\u00e1 \u00fatil, mesmo que esteja mais pr\u00f3ximo de um n\u00edvel inicial, esta instru\u00e7\u00e3o \u00e9 ideal para si. Discutirei os benef\u00edcios dos formadores de objectivos e alguns mal-entendidos generalizados na comunidade local.<\/p>\n\n\n\n<p>\u00c9 dif\u00edcil apontar como atirador. Deve ser capaz de premir rapidamente o gatilho em resposta ao movimento advers\u00e1rio. Antes de utilizar as suas habilidades no campo de batalha, deve praticar esta habilidade.<\/p>\n\n\n<div class=\"wp-block-image\">\n<figure class=\"aligncenter size-full\"><img loading=\"lazy\" decoding=\"async\" width=\"1000\" height=\"500\" src=\"https:\/\/cpstesters.com\/wp-content\/uploads\/2022\/08\/Aim_Trainer.jpg\" alt=\"Apontar o treinador\" class=\"wp-image-429\" title=\"\" srcset=\"https:\/\/cpstesters.com\/wp-content\/uploads\/2022\/08\/Aim_Trainer.jpg 1000w, https:\/\/cpstesters.com\/wp-content\/uploads\/2022\/08\/Aim_Trainer-300x150.jpg 300w, https:\/\/cpstesters.com\/wp-content\/uploads\/2022\/08\/Aim_Trainer-768x384.jpg 768w\" sizes=\"auto, (max-width: 1000px) 100vw, 1000px\" \/><figcaption class=\"wp-element-caption\">Apontar o treinador<\/figcaption><\/figure>\n<\/div>\n\n\n<h2 class=\"wp-block-heading\">Qual \u00e9 o objectivo do jogo?<\/h2>\n\n\n\n<p>Para ser mais preciso, estamos a tentar definir o termo &#8220;objectivo virtual&#8221;. Podemos manipular um meio para apontar um ret\u00edculo de rato (ou ponteiro) para um alvo usando um objectivo virtual. Dito de outra forma, refere-se \u00e0 nossa capacidade de controlar o nosso perif\u00e9rico, o rato.<\/p>\n\n\n\n<p>Os sub-componentes do objectivo virtual tamb\u00e9m precisam de ser declarados. O foco deste artigo ser\u00e1 a pontaria, um motor de jogo, particularmente para jogadores de PC. Eis a nossa defini\u00e7\u00e3o mais recente (V1) dos subcomponentes do objectivo virtual.<\/p>\n\n\n\n<h2 class=\"wp-block-heading\">O que \u00e9 a Forma\u00e7\u00e3o de Objectivos?<\/h2>\n\n\n\n<p>Ao testar o tempo de reac\u00e7\u00e3o, velocidade e mobilidade, o treino de mira melhora a ac\u00e7\u00e3o reflexiva e ensina truques mais complexos, tais como disparos de flick shots e rastreio do advers\u00e1rio.<\/p>\n\n\n\n<p>Os formadores de pontaria online podem ajud\u00e1-lo a iniciar a sua forma\u00e7\u00e3o de pontaria. As aplica\u00e7\u00f5es conhecidas como &#8220;treinadores de pontaria&#8221; s\u00e3o feitas especificamente para ajudar os atiradores em primeira pessoa a dominar as t\u00e9cnicas b\u00e1sicas de tiro, seguimento e pontaria.<\/p>\n\n\n\n<h2 class=\"wp-block-heading\">O que s\u00e3o treinadores de objectivos?<\/h2>\n\n\n\n<p>Os jogadores podem praticar o seu objectivo de forma atempada com ac\u00e7\u00f5es e ru\u00eddos realistas utilizando o treinador de objectivos. A informa\u00e7\u00e3o pode ser processada mais rapidamente no c\u00f3rtex do que a mente pode registar conscientemente. O aspecto mais crucial de um jogo de v\u00eddeo \u00e9 o seu objectivo porque determina o qu\u00e3o bem se pode actuar. Tamb\u00e9m pode verificar a <a href=\"https:\/\/www.youtube.com\/watch?v=ZKdrh7qZ4wg\" target=\"_blank\" rel=\"noreferrer noopener\">efic\u00e1cia dos treinadores de pontaria<\/a> neste v\u00eddeo.<\/p>\n\n\n\n<p>Proporciona aos jogadores o comando sobre os movimentos do corpo e da cabe\u00e7a do seu avatar, e ir\u00e1 melhorar o seu objectivo. Pode treinar a sua mente para ser mais h\u00e1bil em atingir alvos rapidamente, utilizando testadores de pontaria. Ajudam-no a habituar-se ao timing e padr\u00e3o de tiro, bem como \u00e0 velocidade e mobilidade de um alvo.<\/p>\n\n\n\n<h2 class=\"wp-block-heading\">Ser\u00e1 que os Aim Trainers ajudam realmente?<\/h2>\n\n\n\n<p>A utiliza\u00e7\u00e3o de um treinador de pontaria durante o treino ajuda-o a melhorar os seus movimentos, pontaria, monitoriza\u00e7\u00e3o, disparo (tempo de clique), e precis\u00e3o.<\/p>\n\n\n\n<p>Os treinadores de pontaria podem tamb\u00e9m ajud\u00e1-lo a determinar a sensibilidade ideal do rato ou dpi. A pontaria e o movimento do rato s\u00e3o ambos grandemente influenciados pela altera\u00e7\u00e3o das configura\u00e7\u00f5es do rato.<\/p>\n\n\n\n<p>Os seus m\u00fasculos come\u00e7am a reagir aos movimentos se praticar um jogo de treino de pontaria durante cerca de uma hora; isto \u00e9 referido como mem\u00f3ria muscular! Aprende-se e desenvolve-se mais eficazmente com a ajuda da mem\u00f3ria muscular. A sua percep\u00e7\u00e3o de precis\u00e3o e antecipa\u00e7\u00e3o de movimentos \u00e9 melhorada, o que melhora a sua experi\u00eancia de jogo.<\/p>\n\n\n\n<p>Pode brincar com os seus amigos quando utiliza um treinador de pontaria. Quando sente a rivalidade, est\u00e1 mais motivado para melhorar as suas capacidades. \u00c9 uma das coisas que o inspiram a praticar o auto-aperfei\u00e7oamento.<\/p>\n\n\n\n<p class=\"has-text-align-center has-background has-medium-font-size\" style=\"background-color:#ffb15e\">Antes de melhorar o seu objectivo, experimente tamb\u00e9m o <a href=\"https:\/\/cpstesters.com\/pt-br\/\" target=\"_blank\" rel=\"noreferrer noopener\">teste CPS<\/a><\/p>\n\n\n\n<h2 class=\"wp-block-heading\">Treinador de Alvos 3D<\/h2>\n\n\n\n<p>Este programa pode ser acedido directamente do seu ambiente de trabalho e \u00e9 livre de an\u00fancios. \u00c9 tamb\u00e9m acess\u00edvel em Android, beta, e iOS. Cada participante pode preparar-se para jogos competitivos com o treinador de pontaria 3D.<\/p>\n\n\n\n<p>Para alguns dos mais populares jogos de tiro em primeira pessoa, como Call of Duty, Counterstrike GO, e outros, este programa oferece v\u00e1rios exerc\u00edcios e instru\u00e7\u00f5es.<\/p>\n\n\n\n<p>Al\u00e9m disso, tem uma grande selec\u00e7\u00e3o de listas de jogo que permitem que cada jogador se solte antes de se envolver numa situa\u00e7\u00e3o competitiva. Na vers\u00e3o multiplayer do treinador de pontaria 3D, pode competir com outros para ver a precis\u00e3o da sua pr\u00e1tica de pontaria.<\/p>\n\n\n\n<p>Pode utilizar esta aplica\u00e7\u00e3o para se preparar para melhores resultados, quer jogue videojogos num computador ou num dispositivo m\u00f3vel.<\/p>\n\n\n\n<h2 class=\"wp-block-heading\">Porque \u00e9 que algu\u00e9m recomendaria a Aim Training?<\/h2>\n\n\n\n<p>Um jogador de FPS pode utilizar um refor\u00e7o de pontaria para melhorar a sua mec\u00e2nica de pontaria, tal como um atleta profissional pode concentrar-se em grupos musculares espec\u00edficos e tornar o seu desporto mais simples. Treinar o seu objectivo \u00e9 sempre uma boa ideia. Esta ser\u00e1 uma estrat\u00e9gia simples para come\u00e7ar e desenvolver o seu objectivo.<\/p>\n\n\n\n<p>Os formadores de objectivos s\u00e3o aconselhados nas duas circunst\u00e2ncias seguintes:<\/p>\n\n\n\n<ol style=\"list-style-type:1\" class=\"wp-block-list\">\n<li>\u00c9 novo nos atiradores em primeira pessoa baseados em computador.<\/li>\n<\/ol>\n\n\n\n<p>Deve passar um tempo significativo a jogar o seu jogo de interesse, mesmo que o aperfei\u00e7oamento das suas capacidades relacionadas com os objectivos seja fundamental, porque pode n\u00e3o ter as outras capacidades necess\u00e1rias.<\/p>\n\n\n\n<p>  2. Com a pr\u00e1tica solit\u00e1ria, pretende melhorar os seus objectivos no que diz respeito ao jogo que joga.<\/p>\n\n\n<div class=\"wp-block-image\">\n<figure class=\"aligncenter size-full\"><img loading=\"lazy\" decoding=\"async\" width=\"1000\" height=\"500\" src=\"https:\/\/cpstesters.com\/wp-content\/uploads\/2022\/08\/aim_mid.jpg\" alt=\"Guia de Forma\u00e7\u00e3o de Objectivos\" class=\"wp-image-428\" title=\"\" srcset=\"https:\/\/cpstesters.com\/wp-content\/uploads\/2022\/08\/aim_mid.jpg 1000w, https:\/\/cpstesters.com\/wp-content\/uploads\/2022\/08\/aim_mid-300x150.jpg 300w, https:\/\/cpstesters.com\/wp-content\/uploads\/2022\/08\/aim_mid-768x384.jpg 768w\" sizes=\"auto, (max-width: 1000px) 100vw, 1000px\" \/><figcaption class=\"wp-element-caption\">Guia de Forma\u00e7\u00e3o de Objectivos<\/figcaption><\/figure>\n<\/div>\n\n\n<h2 class=\"wp-block-heading\">O que faz do software de forma\u00e7\u00e3o Aim Training &#8220;Bom&#8221;?<\/h2>\n\n\n\n<p>Ser-lhe-\u00e1 dada uma variedade de dificuldades atrav\u00e9s de um software de treino com boa pontaria. Uma simula\u00e7\u00e3o que o ultrapassa constantemente ou que lhe atira coisas a velocidades sobre-humanas pode ser usada em seu benef\u00edcio. Come\u00e7a-se a confiar mais no instinto e menos na recorda\u00e7\u00e3o como resultado. O seu c\u00e9rebro e m\u00fasculos s\u00e3o treinados para reagir sem pensar, utilizando um formador de FPS sem falhas.<\/p>\n\n\n\n<p>\u00c9 vantajoso praticar usando simula\u00e7\u00f5es que provavelmente n\u00e3o est\u00e3o presentes em jogos como o Call of Duty (COD) se se estiver a preparar para eles. Em compara\u00e7\u00e3o com outros jogos incluindo Destiny ou Overwatch, a COD tende a concentrar-se no &#8220;realismo&#8221;.<\/p>\n\n\n\n<h2 class=\"wp-block-heading\">Como funciona o Aim Trainer?<\/h2>\n\n\n\n<p>As horas gastas em jogos de tiro em primeira pessoa n\u00e3o o ajudar\u00e3o a melhorar a pontaria.<\/p>\n\n\n\n<ul class=\"wp-block-list\">\n<li>Quase nunca se tem pr\u00e1tica de tiro suficiente antes de uma luta.<\/li>\n\n\n\n<li>N\u00e3o h\u00e1 oportunidade para estabelecer uma base para o desenvolvimento de compet\u00eancias.<\/li>\n<\/ul>\n\n\n\n<p>Aponte o seu pensamento, as suas capacidades motoras, e a sua pontaria ir\u00e3o todos melhorar numa atmosfera orientada, onde poder\u00e1 isolar cada mecanismo de pontaria para uma forma\u00e7\u00e3o mais eficiente.<\/p>\n\n\n\n<p>O que se pode realizar no jogo, moendo incansavelmente, pode ser realizado aqui numa quest\u00e3o de horas.<\/p>\n\n\n\n<p>Obt\u00e9m uma abordagem de treino simples, orientada para objectivos, enquanto desenvolve a mem\u00f3ria muscular que se funde naturalmente no seu jogo, onde melhorias s\u00f3lidas de objectivos resultam em resultados de ganho de jogo.<\/p>\n\n\n\n<h2 class=\"wp-block-heading\">Porque precisaria de um treinador de objectivos?<\/h2>\n\n\n\n<p>O treino de objectivos \u00e9 como a experi\u00eancia do gin\u00e1sio. No KovaaK e no Aim Lab, os utilizadores podem isolar tipos de objectivos espec\u00edficos, tal como podem isolar m\u00fasculos espec\u00edficos durante um regime de treino. Recebe o que coloca na maioria das coisas da vida, e quando come\u00e7a a sua viagem, muitas coisas tornar-se-\u00e3o extremamente claras para si.<\/p>\n\n\n\n<p>Uma vez que um treinador de objectivos apontar\u00e1 as suas defici\u00eancias independentemente do seu n\u00edvel de capacidade, pode at\u00e9 ser aterrador para algumas pessoas.<\/p>\n\n\n\n<p>De acordo com a analogia do gin\u00e1sio, \u00e9 vital considerar quest\u00f5es como o excesso de trabalho ou o jogo at\u00e9 que os benef\u00edcios comecem a diminuir. A subforma\u00e7\u00e3o seria an\u00e1loga a negligenciar uma fraqueza de que est\u00e1 ciente.<\/p>\n\n\n\n<p>Saber que est\u00e1 tudo bem \u00e9 vital porque um treinador de pontaria apontar\u00e1 as suas fraquezas. N\u00e3o se pode entrar num centro de fitness e carregar em 450 libras pela primeira vez; \u00e9 preciso come\u00e7ar em algum lugar. N\u00e3o h\u00e1 problema se tiver de come\u00e7ar com 10 libras e trabalhar com essa quantidade durante uma semana antes de aumentar o peso.<\/p>\n\n\n\n<h2 class=\"wp-block-heading\">Como melhorar o seu FPS Aim?<\/h2>\n\n\n\n<p>Em jogos de tiro em primeira pessoa, pode ser apelativo continuar a jogar e esperar melhorar, mas h\u00e1 momentos em que voltar ao b\u00e1sico \u00e9 o melhor curso de ac\u00e7\u00e3o.<\/p>\n\n\n\n<p>Mesmo que n\u00e3o precise de praticar diariamente ou tirar as suas compet\u00eancias t\u00e3o minuciosamente como os profissionais, pode ainda assim aprender muito com eles. Aqui est\u00e3o algumas dicas para ajustar as nossas configura\u00e7\u00f5es de jogo, alguns exerc\u00edcios \u00fateis para fazer, e o equipamento ideal para melhorar a nossa forma\u00e7\u00e3o de objectivos.<\/p>\n\n\n\n<h3 class=\"wp-block-heading\"><strong>Acerte o seu equipamento<\/strong><\/h3>\n\n\n\n<p>O seu tapete de rato e o rato s\u00e3o as duas pe\u00e7as de equipamento mais cruciais para uma mira precisa. Felizmente, o sistema de sensores do rato avan\u00e7ou, tornando poss\u00edvel a compra de um roedor fi\u00e1vel sem gastar uma fortuna. As capacidades de DPI, tamanho, e disposi\u00e7\u00e3o dos bot\u00f5es s\u00e3o algumas coisas a procurar enquanto se compra o melhor rato de jogo.<\/p>\n\n\n\n<p>Obtenha o maior tapete de rato que caber\u00e1 na sua secret\u00e1ria, pois n\u00e3o vai querer pegar no rato durante um tiroteio. Um tapete confort\u00e1vel deve vir a seguir na lista. Para mover o rato, os jogadores que utilizam configura\u00e7\u00f5es de DPI muito mais baixas devem fazer movimentos de m\u00e3o substancialmente maiores.<\/p>\n\n\n\n<h3 class=\"wp-block-heading\"><strong>Estrat\u00e9gias e uma compreens\u00e3o do jogo<\/strong><\/h3>\n\n\n\n<p>As duas t\u00e9cnicas mais populares de pontaria s\u00e3o o rastreio e os disparos de tiro. O rastreio \u00e9 uma caracter\u00edstica cr\u00edtica para os caracteres DPS que utilizam armas autom\u00e1ticas porque inclui manter a sua mira no advers\u00e1rio e mover-se com eles.<\/p>\n\n\n\n<p>Para armas de tiro \u00fanico, incluindo franco-atiradores e o McCree do Overwatch, s\u00e3o utilizados tiros de flick shots, que envolvem atirar a sua mira ao alvo antes de regressar a uma posi\u00e7\u00e3o est\u00e1vel.<\/p>\n\n\n\n<p>Independentemente do tipo de personagem que esteja a interpretar, aponte as suas vistas para onde prev\u00ea encontrar um advers\u00e1rio. \u00c9 importante antecipar os movimentos do advers\u00e1rio, e voc\u00ea vai melhorar \u00e0 medida que joga com mais frequ\u00eancia. Estar\u00e1 mais inclinado a falhar o seu objectivo se tiver de responder no in\u00edcio da batalha.<\/p>\n\n\n\n<p>Trabalhar o seu objectivo no seu jogo preferido \u00e9 uma t\u00e1ctica melhor. Para monitoriza\u00e7\u00e3o, coloque a sua mira num determinado local antes de come\u00e7ar a mover-se. Mantenha a sua mira num determinado ponto enquanto se desloca e imita movimentos ao estilo de combate.<\/p>\n\n\n\n<h2 class=\"wp-block-heading\">Principais benef\u00edcios do software de forma\u00e7\u00e3o Aim Training<\/h2>\n\n\n\n<p>As vantagens de empregar treinadores de pontaria s\u00e3o as seguintes:<\/p>\n\n\n\n<h3 class=\"wp-block-heading\"><strong>An\u00e1lise R\u00e1pida e Eficiente<\/strong><\/h3>\n\n\n\n<p>Os jogadores podem aperfei\u00e7oar as suas capacidades de mira em jogos em tempo real com movimentos e ru\u00eddos genu\u00ednos, utilizando um treinador de mira. O processamento de informa\u00e7\u00e3o que a nossa mente pode perceber activamente \u00e9 controlado pela efici\u00eancia cortical.<\/p>\n\n\n\n<p>Qualquer outro jogo de tiro em primeira pessoa requer pontaria precisa, uma vez que esta \u00e9 a principal habilidade que determina o qu\u00e3o bom \u00e9 um jogador. Arranje um treinador de pontaria imediatamente se estiver a ter problemas em apontar! A t\u00e9cnica mais eficaz para treinar o seu c\u00e9rebro a tornar-se mais proficiente em atingir alvos \u00e9 a utiliza\u00e7\u00e3o de treinadores de pontaria.<\/p>\n\n\n\n<p>Um jogador pode desenvolver uma resposta de mem\u00f3ria muscular \u00e0 posi\u00e7\u00e3o inicial de um alvo, velocidade, sequ\u00eancia de disparo (click timing), e ritmo com a utiliza\u00e7\u00e3o destas t\u00e9cnicas.<\/p>\n\n\n\n<h3 class=\"wp-block-heading\"><strong>Ir para a forma\u00e7\u00e3o no jogo<\/strong><\/h3>\n\n\n\n<p>Nos \u00faltimos anos, a utiliza\u00e7\u00e3o de forma\u00e7\u00e3o em simula\u00e7\u00e3o tem aumentado exponencialmente. Deve ir para as \u00e1reas de treino para sess\u00f5es de treino intenso se tem procurado praticar as suas t\u00e9cnicas de pontaria para jogar competitivamente.<\/p>\n\n\n\n<p>Afinal, a proemin\u00eancia do seu alvo determina completamente a efici\u00eancia do seu treino de pontaria. Os princ\u00edpios de um jogo podem por vezes ser melhor compreendidos atrav\u00e9s de treino no jogo, e o treino consistente de objectivos melhora o objectivo do seu fps.<\/p>\n\n\n\n<p>Al\u00e9m disso, \u00e9 bem conhecido que o nosso c\u00e9rebro consegue distinguir entre um tiro falso e um tiro real.<\/p>\n\n\n\n<p>Um treinador de pontaria 3D ir\u00e1 apimentar os cursos di\u00e1rios de treino, permitindo-lhe praticar as suas t\u00e9cnicas de tiro e pontaria num ambiente seguro e regulamentado.<\/p>\n\n\n\n<h2 class=\"wp-block-heading has-text-align-center\">FAQ&#8217;s<\/h2>\n\n\n\n<h3 class=\"wp-block-heading\"><strong>O que \u00e9 um Teste de Pontaria?<\/strong><\/h3>\n\n\n\n<p>\u00c9 um tutorial online criado para jogadores que jogam jogos como Fortnite ou Counterstrike, por exemplo. A ideia por detr\u00e1s dos testes de pontaria \u00e9 simples: pode treinar com eles para aumentar tanto a sua percentagem de tiro como a velocidade de tiro.<\/p>\n\n\n\n<h3 class=\"wp-block-heading\"><strong>Como funcionam os Aim Trainers?<\/strong><\/h3>\n\n\n\n<p>A utiliza\u00e7\u00e3o de um treinador de pontaria durante o treino ajuda-o a melhorar os seus movimentos, pontaria, monitoriza\u00e7\u00e3o, disparo (tempo de clique), e precis\u00e3o. Os seus m\u00fasculos come\u00e7am a reagir aos movimentos depois de jogar um jogo de treino de pontaria, isto \u00e9 referido como mem\u00f3ria muscular.<\/p>\n\n\n\n<h3 class=\"wp-block-heading\"><strong>O que acontece quando realizamos de forma consistente o Virtual Aim Training?<\/strong><\/h3>\n\n\n\n<p>O sistema nervoso \u00e9 um dos sistemas chave do nosso corpo que responde ao treino virtual. As modifica\u00e7\u00f5es e avan\u00e7os mais ben\u00e9ficos que observamos no nosso objectivo incluem adapta\u00e7\u00f5es do c\u00e9rebro.<\/p>\n\n\n\n<h3 class=\"wp-block-heading\"><strong>Como posso melhorar o meu Aim?<\/strong><\/h3>\n\n\n\n<p>Qualquer habilidade pode ser aprendida e melhorada com repeti\u00e7\u00e3o consistente. Isto tamb\u00e9m \u00e9 correcto ao tentar afiar a sua pontaria. O n\u00famero de neur\u00f3nios activos nessas liga\u00e7\u00f5es, em vez do n\u00famero de novas liga\u00e7\u00f5es neurol\u00f3gicas formadas por cada nova capacidade que se aprende, definir\u00e1 o seu grau de habilidade.<\/p>\n\n\n\n<h2 class=\"wp-block-heading\">Testador de Objectivos Finais<\/h2>\n\n\n\n<p>Ao ler este ensaio, deve ter agora uma compreens\u00e3o b\u00e1sica de como um treinador de pontaria o ajuda a aperfei\u00e7oar as suas capacidades de tiro em primeira pessoa. E esta \u00e9 uma escolha perfeita se procurava estrat\u00e9gias para afiar o seu objectivo que fossem simultaneamente duras e agrad\u00e1veis.<\/p>\n\n\n\n<p>A t\u00e9cnica de afiar a sua espingarda ou arma visa melhorar a sua precis\u00e3o, estabilidade, e velocidade \u00e9 conhecida como treino de pontaria. A utiliza\u00e7\u00e3o de um treinador de pontaria torna simples melhorar o seu sentido de jogo porque fortalece a mem\u00f3ria muscular e ensina o seu c\u00e9rebro. Um principiante ter\u00e1 frequentemente problemas para resolver, encomende imediatamente o seu treinador de pontaria se estiver pronto para alguma pr\u00e1tica de qualidade.<\/p>\n\n\n\n<p>Temos tamb\u00e9m algumas outras ferramentas:<\/p>\n\n\n\n<ul class=\"wp-block-list\">\n<li><a href=\"https:\/\/cpstesters.com\/pt-br\/teste-de-arrastar-clique\/\" target=\"_blank\" rel=\"noreferrer noopener\">Teste de Drag Click<\/a><\/li>\n\n\n\n<li><a href=\"https:\/\/cpstesters.com\/pt-br\/teste-do-rato\/\" target=\"_blank\" rel=\"noreferrer noopener\">Teste do Rato<\/a><\/li>\n\n\n\n<li><a href=\"https:\/\/cpstesters.com\/pt-br\/teste-de-rolagem-do-rato\/\" target=\"_blank\" rel=\"noreferrer noopener\">Teste de Pergaminho do Rato<\/a><\/li>\n\n\n\n<li><a href=\"https:\/\/cpstesters.com\/pt-br\/rato-verificador-de-taxa\/\" target=\"_blank\" rel=\"noreferrer noopener\">Verificador de taxas do rato<\/a><\/li>\n\n\n\n<li><a href=\"https:\/\/cpstesters.com\/pt-br\/teste-de-latencia-do-rato\/\" target=\"_blank\" rel=\"noreferrer noopener\">Teste de Lat\u00eancia do Rato<\/a><\/li>\n\n\n\n<li><a href=\"https:\/\/cpstesters.com\/pt-br\/teste-apm\/\" target=\"_blank\" rel=\"noreferrer noopener\">Teste APM<\/a><\/li>\n<\/ul>\n","protected":false},"excerpt":{"rendered":"<p>Impulsionador de mira \u00e9 um testador online para o ajudar a melhorar as suas capacidades de pontaria em jogos profissionais, verifique e tente pontuar o &#8230; <\/p>\n<p class=\"read-more-container\"><a title=\"Impulsionador de mira | Melhor testador para melhorar a mira online\" class=\"read-more button\" href=\"https:\/\/cpstesters.com\/pt-br\/aim-trainer\/#more-2823\" aria-label=\"Read more about Impulsionador de mira | Melhor testador para melhorar a mira online\">Read More<\/a><\/p>\n","protected":false},"author":4,"featured_media":1380,"parent":0,"menu_order":0,"comment_status":"closed","ping_status":"closed","template":"","meta":{"footnotes":""},"class_list":["post-2823","page","type-page","status-publish","has-post-thumbnail"],"_links":{"self":[{"href":"https:\/\/cpstesters.com\/pt-br\/wp-json\/wp\/v2\/pages\/2823","targetHints":{"allow":["GET"]}}],"collection":[{"href":"https:\/\/cpstesters.com\/pt-br\/wp-json\/wp\/v2\/pages"}],"about":[{"href":"https:\/\/cpstesters.com\/pt-br\/wp-json\/wp\/v2\/types\/page"}],"author":[{"embeddable":true,"href":"https:\/\/cpstesters.com\/pt-br\/wp-json\/wp\/v2\/users\/4"}],"replies":[{"embeddable":true,"href":"https:\/\/cpstesters.com\/pt-br\/wp-json\/wp\/v2\/comments?post=2823"}],"version-history":[{"count":6,"href":"https:\/\/cpstesters.com\/pt-br\/wp-json\/wp\/v2\/pages\/2823\/revisions"}],"predecessor-version":[{"id":5861,"href":"https:\/\/cpstesters.com\/pt-br\/wp-json\/wp\/v2\/pages\/2823\/revisions\/5861"}],"wp:featuredmedia":[{"embeddable":true,"href":"https:\/\/cpstesters.com\/pt-br\/wp-json\/wp\/v2\/media\/1380"}],"wp:attachment":[{"href":"https:\/\/cpstesters.com\/pt-br\/wp-json\/wp\/v2\/media?parent=2823"}],"curies":[{"name":"wp","href":"https:\/\/api.w.org\/{rel}","templated":true}]}}