{"id":2801,"date":"2024-07-16T14:00:28","date_gmt":"2024-07-16T14:00:28","guid":{"rendered":"https:\/\/cpstesters.com\/teste-de-duplo-clique-mouse-clicking-checker\/"},"modified":"2024-09-17T14:30:25","modified_gmt":"2024-09-17T14:30:25","slug":"double-click-test","status":"publish","type":"page","link":"https:\/\/cpstesters.com\/pt-br\/double-click-test\/","title":{"rendered":"Teste de Duplo Clique | Mouse Clicking Checker"},"content":{"rendered":"\n<p>Com este teste de duplo clique, verifique se o seu rato d\u00e1 duas entradas ao mesmo tempo e melhore a sua velocidade de clique!<\/p>\n     \r\n<div class=\"row\">\r\n\t<div class=\"col-md-4\">\r\n\r\n\t\t\r\n\t\t\r\n\t\t<div class=\"side_nav\">\r\n            \r\n            \r\n            <ul class=\"time\">\r\n              <li>\r\n            <span data-time=\"1.00\">1 Second Test<\/span>\r\n            <\/li><li>\r\n           <span data-time=\"2.00\">2 Second Test<\/span>\r\n            <\/li><li>\r\n         <span data-time=\"5.00\">5 Second Test<\/span>\r\n            <\/li><li>\r\n\t\t\t<span data-time=\"10.00\">10 Second Test<\/span>\r\n            <\/li><li>\r\n            <span data-time=\"15.00\">15 Second Test<\/span>\r\n            <\/li>\r\n\t\t\t<li>\r\n            <span data-time=\"30.00\">30 Second Test<\/span>\r\n            <\/li>\r\n\t\t\t\t<li>\r\n            <span data-time=\"60.00\">60 Second Test<\/span>\r\n            <\/li>\r\n\t\t\t\t<li>\r\n            <span data-time=\"100.00\">100 Second Test<\/span>\r\n            <\/li>\r\n\t\t\t\r\n\t\t\t<\/ul>\r\n            <\/div>\r\n\t\t\r\n\t\t\r\n\t<\/div>\r\n\t<div class=\"col-md-8\">\r\n\t\t<section class=\"section section--full js-section-full section--click\">\r\n               <div class=\"container\">\r\n\t\t\t\t   \r\n\t\t\t\t         <div class=\"setting\">\r\n    <div class=\"theme-mode\"><a class=\"theme-mode__switch js-switch\" href=\"javascript:void(0);\"><\/a>\r\n        <div class=\"theme-mode__text\">Light \/ Dark mode<\/div>\r\n    <\/div>\r\n<\/div>\r\n\t\t\t\t   \r\n\t\t\t\t   \r\n                  <div class=\"statistics\">\r\n                     <div class=\"statistics__item statistics__item--timer\">\r\n                        <div class=\"statistics__number\">\r\n                           <span class=\"js-time number_timer\">5.00<\/span>\r\n                           <a class=\"statistics__arrow statistics__arrow--up js-time-up\" href=\"javascript:void(0);\">\r\n                              <svg class=\"icon icon-arrow-up \">\r\n                                 <use xlink:href=\"\/wp-content\/themes\/generatepress\/tools\/assets\/img\/spritesvg.svg#arrow-up\"><\/use>\r\n                              <\/svg>\r\n                           <\/a>\r\n                           <a class=\"statistics__arrow statistics__arrow--down js-time-down\" href=\"javascript:void(0);\">\r\n                              <svg class=\"icon icon-arrow-up \">\r\n                                 <use xlink:href=\"\/wp-content\/themes\/generatepress\/tools\/assets\/img\/spritesvg.svg#arrow-up\"><\/use>\r\n                              <\/svg>\r\n                           <\/a>\r\n                        <\/div>\r\n                        <div class=\"statistics__title\">Timer<\/div>\r\n                     <\/div>\r\n                     <div class=\"statistics__item statistics__item--clicks\">\r\n\t\t\t\t\t\t<div class=\"statistics__number number_clicks js-double-click\">0<\/div>\r\n\t\t\t\t\t\t<div class=\"statistics__title\">Double clicks<\/div>\r\n\t\t\t\t\t<\/div>\r\n                     <div class=\"statistics__item statistics__item--score\">\r\n\t\t\t\t\t\t<div class=\"statistics__number number_score js-total-click\">0<\/div>\r\n\t\t\t\t\t\t<div class=\"statistics__title\">Total clicks<\/div>\r\n\t\t\t\t\t<\/div>\r\n                  <\/div>\r\n                  <div class=\"clicks-zone\">\r\n                     <div class=\"clicks-zone__start js-clicks-start\">\r\n                        <svg class=\"icon icon-click \">\r\n                           <use xlink:href=\"\/wp-content\/themes\/generatepress\/tools\/assets\/img\/spritesvg.svg#click\"><\/use>\r\n                        <\/svg>\r\n                        <div class=\"clicks-zone__start-title\">\u0421lick here to start Doube Click test<\/div>\r\n                     <\/div>\r\n                     <div class=\"clicks-zone__clicks js-clicks\"><\/div>\r\n                     <div class=\"clicks-zone__result result-clicks js-clicks-result\">\r\n                         <div class=\"result-clicks__text double__clicks\" data-text=\"Your Result is {clicks} Double clicks in {time} seconds\"><\/div>\r\n\t\t\t\t\t\t\t<a class=\"result-clicks__btn js-try-again\" href=\"javascript:void(0);\">\r\n\t\t\t\t\t\t\t\t<svg class=\"icon icon-again \">\r\n\t\t\t\t\t\t\t\t\t<use xlink:href=\"\/wp-content\/themes\/generatepress\/tools\/assets\/img\/spritesvg.svg#again\"><\/use>\r\n\t\t\t\t\t\t\t\t<\/svg>Restart\r\n\t\t\t\t\t\t\t<\/a>\r\n\r\n                        <div class=\"result-clicks__share\">\r\n                           <div class=\"result-clicks__share-title\">Share your result with friends!<\/div>\r\n                           <div class=\"share-buttons\">\r\n                              <a class=\"share-button facebook\" data-href=\"https:\/\/www.facebook.com\/sharer\/sharer.php?u=https:\/\/cpstesters.com\/\" target=\"_blank\" onclick=\"goclicky(this); return false;\" rel=\"noopener\">Facebook<\/a>\r\n                              <a class=\"share-button twitter\" data-href=\"http:\/\/www.twitter.com\/share?url=https:\/\/cpstesters.com\/&text=[text]\" target=\"_blank\" onclick=\"goclicky(this); return false;\" rel=\"noopener\">Twitter<\/a>\r\n                              <a class=\"share-button whatsapp\" data-href=\"https:\/\/api.whatsapp.com\/send?text=[text]\" target=\"_blank\" onclick=\"goclicky(this); return false;\" rel=\"noopener\">WhatsApp<\/a>\r\n                              <a class=\"share-button reddit\" data-href=\"http:\/\/www.reddit.com\/submit?url=https:\/\/cpstesters.com\/&title=[text]\" target=\"_blank\" onclick=\"goclicky(this); return false;\" rel=\"noopener\">Reddit<\/a>\r\n                           <\/div>\r\n                        <\/div>\r\n                     <\/div>\r\n                  <\/div>\r\n                  <img decoding=\"async\" src=\"\/wp-content\/themes\/generatepress\/tools\/assets\/img\/test_result\/3\/1.png\" style=\"display: none\" alt=\"\" title=\"\">\r\n                  <img decoding=\"async\" src=\"\/wp-content\/themes\/generatepress\/tools\/assets\/img\/test_result\/5\/1.png\" style=\"display: none\" alt=\"\" title=\"\">\r\n                  <img decoding=\"async\" src=\"\/wp-content\/themes\/generatepress\/tools\/assets\/img\/test_result\/1\/1.png\" style=\"display: none\" alt=\"\" title=\"\">\r\n                  <img decoding=\"async\" src=\"\/wp-content\/themes\/generatepress\/tools\/assets\/img\/test_result\/2\/1.png\" style=\"display: none\" alt=\"\" title=\"\">\r\n                  <img decoding=\"async\" src=\"\/wp-content\/themes\/generatepress\/tools\/assets\/img\/test_result\/0\/1.png\" style=\"display: none\" alt=\"\" title=\"\">\r\n                  <img decoding=\"async\" src=\"\/wp-content\/themes\/generatepress\/tools\/assets\/img\/test_result\/6\/1.png\" style=\"display: none\" alt=\"\" title=\"\">\r\n                  <img decoding=\"async\" src=\"\/wp-content\/themes\/generatepress\/tools\/assets\/img\/test_result\/7\/1.png\" style=\"display: none\" alt=\"\" title=\"\">\r\n                  <img decoding=\"async\" src=\"\/wp-content\/themes\/generatepress\/tools\/assets\/img\/test_result\/4\/1.png\" style=\"display: none\" alt=\"\" title=\"\">\r\n                  <script>\r\n                     var test_result = {\"ratings\":{\"min\":0,\"max\":5},\"rating_ranks\":[\"Your Rank is Snail!\",\"Your Rank is Koala!\",\"Your Rank is Turtle!\",\"Your Rank is Panda!\",\"Your Rank is Hare!\",\"Your Rank is Kangaroo!\",\"Your Rank is Panther!\",\"Your Rank is Cheetah!\"],\"cps_scale\":[[0,1],[1,3],[3,5],[5,7],[7,9],[9,10],[10,12],[12,999]],\"files\":{\"3\":[\"\\\/wp-content\\\/themes\\\/generatepress\\\/tools\\\\assets\\\/img\\\/test_result\\\/3\\\/1.png\"],\"5\":[\"\\\/wp-content\\\/themes\\\/generatepress\\\/tools\\\\assets\\\/img\\\/test_result\\\/5\\\/1.png\"],\"1\":[\"\\\/wp-content\\\/themes\\\/generatepress\\\/tools\\\\assets\\\/img\\\/test_result\\\/1\\\/1.png\"],\"2\":[\"\\\/wp-content\\\/themes\\\/generatepress\\\/tools\\\\assets\\\/img\\\/test_result\\\/2\\\/1.png\"],\"0\":[\"\\\/wp-content\\\/themes\\\/generatepress\\\/tools\\\\assets\\\/img\\\/test_result\\\/0\\\/1.png\"],\"6\":[\"\\\/wp-content\\\/themes\\\/generatepress\\\/tools\\\\assets\\\/img\\\/test_result\\\/6\\\/1.png\"],\"7\":[\"\\\/wp-content\\\/themes\\\/generatepress\\\/tools\\\\assets\\\/img\\\/test_result\\\/7\\\/1.png\"],\"4\":[\"\\\/wp-content\\\/themes\\\/generatepress\\\/tools\\\\assets\\\/img\\\/test_result\\\/4\\\/1.png\"]}};\r\n                     var language = {\"code\":\"en\",\"name\":\"English\",\"prefix\":\"\"};\r\n                     var monitoringClickEvent = 'double';\r\n                     var shareTextDefault = 'My Result is {clicks} Double clicks in {time} seconds';\r\n                  <\/script>        \r\n               <\/div>\r\n            <\/section>\r\n\t\t\r\n\t<\/div>\r\n<\/div>\r\n\r\n    <script src=\"\/wp-content\/themes\/generatepress\/tools\/assets\/js\/libs.min.js\"><\/script>\r\n      <script src=\"\/wp-content\/themes\/generatepress\/tools\/assets\/js\/main.min.js?v64\"><\/script>\r\n\n\n<div style=\"height:5px\" aria-hidden=\"true\" class=\"wp-block-spacer\"><\/div>\n\n<h2 class=\"wp-block-heading\">O que \u00e9 o teste de duplo clique<\/h2>\n\n<p>O duplo clique \u00e9 o processo de tocar levemente no bot\u00e3o principal do rato para gravar v\u00e1rios cliques simultaneamente. O CPS, ou cliques por segundo, pode ser levantado usando esta t\u00e9cnica. Em alguns jogos, os cliques r\u00e1pidos d\u00e3o ao jogador uma vantagem.<\/p>\n\n<p>Apesar de s\u00f3 clicar no rato uma vez, ocasionalmente pode reparar que ele d\u00e1 dois cliques. N\u00e3o se preocupe de todo se isso ocorrer. H\u00e1 uma forma de compreender o problema do duplo clique do rato.<\/p>\n\n<h2 class=\"wp-block-heading\">Teste de duplo clique do rato<\/h2>\n\n<p>Um dos h\u00e1bitos mais prevalecentes entre os utilizadores de computadores \u00e9 o clique duplo do rato. Pode ser utilizado para v\u00e1rias tarefas, incluindo abrir pastas, escolher ficheiros, e escolher palavras no texto.<\/p>\n\n<p>Sempre que <a href=\"https:\/\/www.computerhope.com\/jargon\/d\/doublecl.htm\" target=\"_blank\" rel=\"noreferrer noopener\">fizer duplo clique<\/a>, se o rato n\u00e3o estiver a funcionar correctamente, poder\u00e1 ser irritante e reduzir a sua produtividade. Certifique-se de que o problema que est\u00e1 a ter n\u00e3o resulta de um duplo clique.<\/p>\n\n<p>Pode utilizar um testador de cliques que mant\u00e9m um registo de quantas vezes clica, que est\u00e1 dispon\u00edvel em CPSTesters.com. Desenvolvemos um teste de duplo clique simples que poder\u00e1 utilizar para ver se o seu rato est\u00e1 partido ou n\u00e3o. Para ver exactamente o que poupa, tente clicar uma e duas vezes.<\/p>\n\n<p class=\"has-text-align-center has-base-background-color has-background has-medium-font-size\"><em>Pode estar \u00e0 procura de um teste completo de clique para melhorar os seus cliques, para isso pode ir para a p\u00e1gina do <a href=\"https:\/\/cpstesters.com\/pt-br\/\" target=\"_blank\" rel=\"noreferrer noopener\">CPS Tester<\/a>!<\/em><\/p>\n\n<h2 class=\"wp-block-heading\">Objectivo do teste de duplo clique do rato?<\/h2>\n\n<p>O principal objectivo do testador de duplo clique \u00e9 encontrar inst\u00e2ncias de duplo clique. T\u00eam uma \u00e1rea em forma de quadrado onde os utilizadores podem praticar duplo clique com o rato.<\/p>\n\n<p>Os testes especializados ou um m\u00e9todo para determinar se o seu rato est\u00e1 funcional s\u00e3o testes de duplo clique no rato. Os testes de duplo clique do rato permitem-lhe obter uma estimativa dos par\u00e2metros operacionais do seu rato.<\/p>\n<div class=\"wp-block-image\">\n<figure class=\"aligncenter size-full\"><img loading=\"lazy\" decoding=\"async\" width=\"1000\" height=\"500\" src=\"https:\/\/cpstesters.com\/wp-content\/uploads\/2022\/09\/double-click-test.jpg\" alt=\"Teste de duplo clique\" class=\"wp-image-517\" title=\"\" srcset=\"https:\/\/cpstesters.com\/wp-content\/uploads\/2022\/09\/double-click-test.jpg 1000w, https:\/\/cpstesters.com\/wp-content\/uploads\/2022\/09\/double-click-test-300x150.jpg 300w, https:\/\/cpstesters.com\/wp-content\/uploads\/2022\/09\/double-click-test-768x384.jpg 768w\" sizes=\"auto, (max-width: 1000px) 100vw, 1000px\" \/><figcaption class=\"wp-element-caption\">Teste de duplo clique<\/figcaption><\/figure>\n<\/div>\n<p>Por exemplo, se estiver a executar um programa que requer muitos cliques e o seu rato parar abruptamente de responder a estes comandos, pode dar-lhe muitos problemas. Pode realizar este teste para saber se o seu rato com duplo clique est\u00e1 funcional ou n\u00e3o.<\/p>\n\n<p>Se a ferramenta de teste de duplo clique reconhecer um duplo clique em qualquer altura, modificar\u00e1 imediatamente o estado dessa caixa e manter\u00e1 um registo do n\u00famero de cliques duplos.<\/p>\n\n<h2 class=\"wp-block-heading\">Como utilizar o teste de duplo clique do rato?<\/h2>\n\n<p>A utiliza\u00e7\u00e3o deste verificador de duplo clique do rato \u00e9 bastante simples. Tudo o que precisa de fazer \u00e9 seguir as instru\u00e7\u00f5es abaixo:<\/p>\n\n<ul class=\"wp-block-list\">\n<li>No topo desta p\u00e1gina, h\u00e1 um teste, basta mover primeiro o rato no meio para come\u00e7ar a clicar.<\/li>\n\n\n\n<li>O tapete de clique acende-se a vermelho quando se faz duplo clique no rato, o que significa que o clique foi bem sucedido.<\/li>\n\n\n\n<li>Um temporizador que mostra quanto tempo ficar\u00e1 entre cliques \u00e9 tamb\u00e9m mostrado na parte inferior.<\/li>\n\n\n\n<li>Al\u00e9m disso, tem a op\u00e7\u00e3o de seleccionar entre tarefas de teste de velocidade de clique pr\u00e9-determinada para dura\u00e7\u00f5es de 1 segundo, 2 segundos, 5 segundos, e assim por diante.<\/li>\n<\/ul>\n\n<h2 class=\"wp-block-heading\">Como \u00e9 que este teste funciona?<\/h2>\n\n<p>Este teste destina-se a ajud\u00e1-lo a determinar se o seu computador est\u00e1 a reagir a cliques duplos normalmente. A avalia\u00e7\u00e3o \u00e9 f\u00e1cil: uma ou ambas as teclas do rato podem n\u00e3o estar a reagir correctamente se a tecla ficar vermelha ap\u00f3s 80 milissegundos.<\/p>\n\n<p>Seleccionar o bot\u00e3o Reset para reiniciar o teste a qualquer momento desde o in\u00edcio. Isto permitir-lhe-\u00e1 reiniciar, definindo a dura\u00e7\u00e3o e o n\u00famero de torneiras a zero.<\/p>\n\n<p>\u00c9 simples de usar e n\u00e3o requer qualquer conhecimento especializado ou per\u00edcia. Mesmo que esta seja a primeira vez que utiliza o sistema, compreender\u00e1 rapidamente como completar o teste.<\/p>\n\n<p>S\u00f3 necessita de alguns cliques para come\u00e7ar de alguma forma e pode ser montado numa quest\u00e3o de segundos. \u00c9 a solu\u00e7\u00e3o ideal para qualquer pessoa que queira testar o desempenho do seu rato de uma forma digna de confian\u00e7a. Al\u00e9m disso, o desenho da interface \u00e9 claro e simples.<\/p>\n\n<h2 class=\"wp-block-heading has-text-align-center\">FAQ&#8217;s<\/h2>\n\n<h3 class=\"wp-block-heading\"><strong>Como \u00e9 que o teste de duplo clique funciona realmente?<\/strong><\/h3>\n\n<p>V\u00e1rias caixas rotuladas Direita, Esquerda, e M\u00e9dia podem aparecer em alguns dos testes de duplo clique. Cada uma destas caixas mant\u00e9m o registo de v\u00e1rios cliques de rato separadamente. Sempre que a aplica\u00e7\u00e3o de teste de 2x clique identifica um duplo clique, alterar\u00e1 imediatamente o estado da caixa lateral e manter\u00e1 um registo do seu n\u00famero total de cliques duplos.<\/p>\n\n<h3 class=\"wp-block-heading\"><strong>Como posso ajustar a velocidade dos cliques duplos do rato?<\/strong><\/h3>\n\n<p>Ao escolher o Mouse no painel de controlo, pode modificar a frequ\u00eancia do seu rato. O bot\u00e3o de Velocidade pode ser encontrado seleccionando o separador Bot\u00f5es. Uma janela com um indicador de velocidade do cursor ser\u00e1 vis\u00edvel. Para acelerar ou abrandar o seu rato, mova-o para a direita ou para a esquerda.<\/p>\n\n<h2 class=\"wp-block-heading\">Palavras finais no teste de duplo clique<\/h2>\n\n<p>As nossas ferramentas de teste com duplo clique d\u00e3o-lhe uma compreens\u00e3o situacional de como o seu rato ir\u00e1 funcionar. Certifique-se de verificar periodicamente o rato para alguns cliques duplos, a menos que queira esperar que ele o abandone durante uma sess\u00e3o de trabalho ou jogo crucial.<\/p>\n\n<p>Algumas outras ferramentas:<\/p>\n\n<ul class=\"wp-block-list\">\n<li><a href=\"https:\/\/cpstesters.com\/pt-br\/contador-de-toques\/\" target=\"_blank\" rel=\"noreferrer noopener\">Contador de Torneira<\/a><\/li>\n\n\n\n<li><a href=\"https:\/\/cpstesters.com\/pt-br\/teste-do-rato\/\" target=\"_blank\" rel=\"noreferrer noopener\">Teste do Rato<\/a><\/li>\n\n\n\n<li><a href=\"https:\/\/cpstesters.com\/pt-br\/teste-de-rolagem-do-rato\/\" target=\"_blank\" rel=\"noreferrer noopener\">Teste de Pergaminho do Rato<\/a><\/li>\n\n\n\n<li><a href=\"https:\/\/cpstesters.com\/pt-br\/rato-verificador-de-taxa\/\" target=\"_blank\" rel=\"noreferrer noopener\">Verificador de taxas do rato<\/a><\/li>\n\n\n\n<li><a href=\"https:\/\/cpstesters.com\/pt-br\/apm-test\/\" target=\"_blank\" rel=\"noreferrer noopener\">Teste APM<\/a><\/li>\n\n\n\n<li><a href=\"https:\/\/cpstesters.com\/pt-br\/aim-trainer\/\" target=\"_blank\" rel=\"noreferrer noopener\">Apontar o treinador<\/a><\/li>\n<\/ul>\n","protected":false},"excerpt":{"rendered":"<p>Com este teste de duplo clique, verifique se o seu rato d\u00e1 duas entradas ao mesmo tempo e melhore a sua velocidade de clique! O &#8230; <\/p>\n<p class=\"read-more-container\"><a title=\"Teste de Duplo Clique | Mouse Clicking Checker\" class=\"read-more button\" href=\"https:\/\/cpstesters.com\/pt-br\/double-click-test\/#more-2801\" aria-label=\"Read more about Teste de Duplo Clique | Mouse Clicking Checker\">Read More<\/a><\/p>\n","protected":false},"author":4,"featured_media":1392,"parent":0,"menu_order":0,"comment_status":"closed","ping_status":"closed","template":"","meta":{"footnotes":""},"class_list":["post-2801","page","type-page","status-publish","has-post-thumbnail"],"_links":{"self":[{"href":"https:\/\/cpstesters.com\/pt-br\/wp-json\/wp\/v2\/pages\/2801","targetHints":{"allow":["GET"]}}],"collection":[{"href":"https:\/\/cpstesters.com\/pt-br\/wp-json\/wp\/v2\/pages"}],"about":[{"href":"https:\/\/cpstesters.com\/pt-br\/wp-json\/wp\/v2\/types\/page"}],"author":[{"embeddable":true,"href":"https:\/\/cpstesters.com\/pt-br\/wp-json\/wp\/v2\/users\/4"}],"replies":[{"embeddable":true,"href":"https:\/\/cpstesters.com\/pt-br\/wp-json\/wp\/v2\/comments?post=2801"}],"version-history":[{"count":4,"href":"https:\/\/cpstesters.com\/pt-br\/wp-json\/wp\/v2\/pages\/2801\/revisions"}],"predecessor-version":[{"id":4193,"href":"https:\/\/cpstesters.com\/pt-br\/wp-json\/wp\/v2\/pages\/2801\/revisions\/4193"}],"wp:featuredmedia":[{"embeddable":true,"href":"https:\/\/cpstesters.com\/pt-br\/wp-json\/wp\/v2\/media\/1392"}],"wp:attachment":[{"href":"https:\/\/cpstesters.com\/pt-br\/wp-json\/wp\/v2\/media?parent=2801"}],"curies":[{"name":"wp","href":"https:\/\/api.w.org\/{rel}","templated":true}]}}