{"id":2788,"date":"2024-07-16T14:26:10","date_gmt":"2024-07-16T14:26:10","guid":{"rendered":"https:\/\/cpstesters.com\/teste-de-pixel-morto-monitor-lcd-checker\/"},"modified":"2024-09-17T14:25:28","modified_gmt":"2024-09-17T14:25:28","slug":"dead-pixel-test","status":"publish","type":"page","link":"https:\/\/cpstesters.com\/pt-br\/dead-pixel-test\/","title":{"rendered":"Teste de Pixel Morto | Monitor LCD Checker"},"content":{"rendered":"\n<p>O teste de pixels mortos \u00e9 um teste online para descobrir se o seu ecr\u00e3 tem pixels mortos ou n\u00e3o, use a ferramenta abaixo para verificar agora!<\/p>\n<button class=\"computer-screen-button-cta\" id=\"whitescreentestcta\">Click To Start the Dead Pixel Test<\/button>\r\n<div id=\"whitescreenparent\" style=\"background-color:white;\"> <\/div>\r\n\r\n<script> \r\n\t  var elem = document.getElementById(\"whitescreenparent\");\r\n\r\n  function openFullscreen() {\r\n    if (elem.requestFullscreen) {\r\n      elem.requestFullscreen();\r\n    } else if (elem.webkitRequestFullscreen) {\r\n      elem.webkitRequestFullscreen();\r\n    } else if (elem.msRequestFullscreen) {\r\n      elem.msRequestFullscreen();\r\n    }\r\n  }\r\n  document.getElementById(\"whitescreentestcta\").onclick = openFullscreen;\r\n\r\n  function handleFullscreenChange(event) {\r\n    if (!document.fullscreenElement) {}\r\n  }\r\n  elem.onfullscreenchange = handleFullscreenChange;\r\n  var colors = [\"white\", \"black\", \"#FF0000\", \"#00FF00\", \"#0000FF\"],\r\n    index = 0;\r\n  document.getElementById(\"whitescreenparent\").onclick = function() {\r\n    document.getElementById(\"whitescreenparent\").style.backgroundColor = colors[index];\r\n    index = (index + 1) % colors.length;\r\n  }\r\n\r\n<\/script>\n\n<div style=\"height:5px\" aria-hidden=\"true\" class=\"wp-block-spacer\"><\/div>\n\n<h2 class=\"wp-block-heading\">O que s\u00e3o Dead Pixels?<\/h2>\n\n<p>Os pixels mortos n\u00e3o indicam realmente que o pixel est\u00e1 preso com cor, pelo contr\u00e1rio, tornam-se pretos e recusam-se a exibir qualquer cor, o que causa falhas na imagem ou no gr\u00e1fico. Os pixels mortos s\u00e3o apenas &#8220;pontos&#8221;, ou grupos de pontos e n\u00e3o correspondem \u00e0 cor de fundo, por exemplo, pontos pretos presentes sobre um fundo verde. \u00c0 direita, pode ver mais ilustra\u00e7\u00f5es.<\/p>\n\n<p>Na maioria das vezes, n\u00e3o nos apercebemos realmente se um \u00fanico pixel est\u00e1 morto, mas se houver v\u00e1rios pixels mortos e estes impedirem que o ecr\u00e3 seja apenas claro e exiba visuais agrad\u00e1veis, notamos.<\/p>\n\n<p>Deve certificar-se de que as suas exibi\u00e7\u00f5es funcionam sem falhas se for um redactor de conte\u00fados, como um artista, web designer, designer gr\u00e1fico, criador de videojogos, etc. Assim, deve inspeccionar o seu ecr\u00e3 ou visor para detectar pixels mortos. Um pixel morto pode ser frustrante quer apare\u00e7a no seu monitor de secret\u00e1ria, port\u00e1til, ou smartphone.<\/p>\n\n<p>Os pixels mortos s\u00e3o realmente bastante comuns, e ocasionalmente os fabricantes entregam propositadamente monitores defeituosos ao retalhista e trocam-nos depois de o cliente se queixar. Os danos causados pela \u00e1gua e o envelhecimento s\u00e3o duas causas adicionais frequentes de pixels mortos.<\/p>\n\n<h2 class=\"wp-block-heading\">Testador de Pixel morto<\/h2>\n\n<p>A ferramenta de verifica\u00e7\u00e3o de pixels mortos que pode ver acima ir\u00e1 ajud\u00e1-lo a avaliar e localizar os <a href=\"https:\/\/www.makeuseof.com\/dead-pixel-on-monitor\/\" target=\"_blank\" rel=\"noreferrer noopener\">pixels mortos<\/a> no seu dispositivo.<\/p>\n\n<p>Utilize a nossa ferramenta de teste de p\u00edxeis mortos, que \u00e9 ao mesmo tempo gratuita e simples. Qualquer pessoa que queira procurar pixels mortos nos ecr\u00e3s, independentemente da sua capacidade t\u00e9cnica ou experi\u00eancia, pode fazer o teste do Pixel Morto utilizando a nossa ferramenta do website. A ferramenta l \u00e9 r\u00e1pida, simples, e f\u00e1cil de usar.<\/p>\n<div class=\"wp-block-image\">\n<figure class=\"aligncenter size-full\"><img loading=\"lazy\" decoding=\"async\" width=\"1000\" height=\"500\" src=\"https:\/\/cpstesters.com\/wp-content\/uploads\/2022\/09\/dead-pixel.jpg\" alt=\"Teste de Pixel morto\" class=\"wp-image-530\" title=\"\" srcset=\"https:\/\/cpstesters.com\/wp-content\/uploads\/2022\/09\/dead-pixel.jpg 1000w, https:\/\/cpstesters.com\/wp-content\/uploads\/2022\/09\/dead-pixel-300x150.jpg 300w, https:\/\/cpstesters.com\/wp-content\/uploads\/2022\/09\/dead-pixel-768x384.jpg 768w\" sizes=\"auto, (max-width: 1000px) 100vw, 1000px\" \/><figcaption class=\"wp-element-caption\">Teste de Pixel morto<\/figcaption><\/figure>\n<\/div>\n<p>Todos os dispositivos s\u00e3o suportados pela nossa ferramenta de teste. Utilizando qualquer uma das nossas plataformas, poder\u00e1 testar o seu smartphone, monitor, ou iPad, e n\u00f3s assegurar-lhe-emos que receber\u00e1 os dados mais fi\u00e1veis poss\u00edveis.<\/p>\n\n<h2 class=\"wp-block-heading\">Como utilizar um verificador de pixels mortos?<\/h2>\n\n<p>Poder\u00e1 utilizar o nosso verificador de pixels mortos para ver se existem alguns pixels mortos no ecr\u00e3 do dispositivo. Basta seguir as instru\u00e7\u00f5es abaixo delineadas para inspeccionar o seu monitor em busca de pixels mortos.<\/p>\n\n<ul class=\"wp-block-list\">\n<li>Primeiro, limpar quaisquer manchas do ecr\u00e3 do monitor.<\/li>\n\n\n\n<li>Seleccione o link fornecido.<\/li>\n\n\n\n<li>Seleccione qualquer uma das caixas para iniciar o teste. D\u00ea aos seus olhos um momento para se habituarem ao brilho.<\/li>\n\n\n\n<li>Verifique no ecr\u00e3 do seu monitor se existem pequenos &#8220;pontos&#8221; que aparentem ser colocados para determinar se h\u00e1 algum pixel morto presente.<\/li>\n\n\n\n<li>Para passar para a cor seguinte, premir as teclas de setas no teclado ou os bot\u00f5es correspondentes no ecr\u00e3.<\/li>\n\n\n\n<li>Depois de ter examinado todas as cores e n\u00e3o ter encontrado nenhum pixel morto, pode sair do jogo usando a tecla ESC no seu teclado.<\/li>\n<\/ul>\n\n<p>Ao tocar suavemente no pixel preso com um pano molhado ou um instrumento pontiagudo mas macio, como o apagador na ponta de um l\u00e1pis, pode tentar reparar o ecr\u00e3 morto.<\/p>\n\n<p>Para que possa determinar se existem pixels mortos, o nosso localizador de pixels mortos online exibe um ecr\u00e3 completo com todas as cores principais.<\/p>\n\n<h2 class=\"wp-block-heading has-text-align-center\">FAQ&#8217;s<\/h2>\n\n<h3 class=\"wp-block-heading\"><strong>Quantos pixels mortos s\u00e3o aceit\u00e1veis?<\/strong><\/h3>\n\n<p>Se estiver a adquirir um dispositivo novinho em folha, quaisquer pixels mortos s\u00e3o inaceit\u00e1veis. No entanto, \u00e9 aceit\u00e1vel que alguns aparelhos de uma certa marca tenham tr\u00eas a quatro pixels mortos, mas isso \u00e9 absolutamente revoltante.<\/p>\n\n<h3 class=\"wp-block-heading\"><strong>Como se testa os Pixels Mortos?<\/strong><\/h3>\n\n<p>Utilize a nossa ferramenta online para verificar a exist\u00eancia de pixels mortos no seu ecr\u00e3. Pode utiliz\u00e1-lo para examinar a sua visualiza\u00e7\u00e3o de pixels mortos sem ter de descarregar nada. Para fazer o teste, basta aceder \u00e0 Internet e ir ao nosso website.<\/p>\n\n<h3 class=\"wp-block-heading\"><strong>\u00c9 realmente poss\u00edvel fixar pixels mortos?<\/strong><\/h3>\n\n<p>Na maioria dos casos, os pixels mortos constituem um problema de hardware que n\u00e3o pode ser remediado. No entanto, pressionar suavemente a \u00e1rea em torno de um pixel morto, pode traz\u00ea-lo de volta \u00e0 vida.<\/p>\n\n<h2 class=\"wp-block-heading\">Palavras finais sobre o Localizador de Pixels Mortos<\/h2>\n\n<p>Ao utilizar a nossa ferramenta e seguir as instru\u00e7\u00f5es acima, pode verificar rapidamente se o seu visor tem pixels mortos. Verifique primeiro se o dispositivo tem pixels mortos, mas se encontrar algum, pode confirm\u00e1-los rapidamente utilizando a nossa ferramenta online. Temos tamb\u00e9m algumas outras ferramentas abaixo de que poder\u00e1 gostar:<\/p>\n\n<ul class=\"wp-block-list\">\n<li><a href=\"https:\/\/cpstesters.com\/pt-br\/teste-de-ecra-tactil-online\/\" target=\"_blank\" rel=\"noreferrer noopener\">Teste do ecr\u00e3 t\u00e1ctil<\/a><\/li>\n\n\n\n<li><a href=\"https:\/\/cpstesters.com\/pt-br\/apm-test\/\" target=\"_blank\" rel=\"noreferrer noopener\">Teste APM<\/a><\/li>\n\n\n\n<li><a href=\"https:\/\/cpstesters.com\/pt-br\/contador-de-toques\/\" target=\"_blank\" rel=\"noreferrer noopener\">Contador de Torneira<\/a><\/li>\n\n\n\n<li><a href=\"https:\/\/cpstesters.com\/pt-br\/teste-de-velocidade-de-toque\/\" target=\"_blank\" rel=\"noreferrer noopener\">Teste de velocidade da torneira<\/a><\/li>\n\n\n\n<li><a href=\"https:\/\/cpstesters.com\/pt-br\/apm-test\/\" target=\"_blank\" rel=\"noreferrer noopener\">Teste APM<\/a><\/li>\n\n\n\n<li><a href=\"https:\/\/cpstesters.com\/pt-br\/aim-trainer\/\" target=\"_blank\" rel=\"noreferrer noopener\">Apontar o treinador<\/a><\/li>\n<\/ul>\n","protected":false},"excerpt":{"rendered":"<p>O teste de pixels mortos \u00e9 um teste online para descobrir se o seu ecr\u00e3 tem pixels mortos ou n\u00e3o, use a ferramenta abaixo para &#8230; <\/p>\n<p class=\"read-more-container\"><a title=\"Teste de Pixel Morto | Monitor LCD Checker\" class=\"read-more button\" href=\"https:\/\/cpstesters.com\/pt-br\/dead-pixel-test\/#more-2788\" aria-label=\"Read more about Teste de Pixel Morto | Monitor LCD Checker\">Read More<\/a><\/p>\n","protected":false},"author":4,"featured_media":1440,"parent":0,"menu_order":0,"comment_status":"closed","ping_status":"closed","template":"","meta":{"footnotes":""},"class_list":["post-2788","page","type-page","status-publish","has-post-thumbnail"],"_links":{"self":[{"href":"https:\/\/cpstesters.com\/pt-br\/wp-json\/wp\/v2\/pages\/2788","targetHints":{"allow":["GET"]}}],"collection":[{"href":"https:\/\/cpstesters.com\/pt-br\/wp-json\/wp\/v2\/pages"}],"about":[{"href":"https:\/\/cpstesters.com\/pt-br\/wp-json\/wp\/v2\/types\/page"}],"author":[{"embeddable":true,"href":"https:\/\/cpstesters.com\/pt-br\/wp-json\/wp\/v2\/users\/4"}],"replies":[{"embeddable":true,"href":"https:\/\/cpstesters.com\/pt-br\/wp-json\/wp\/v2\/comments?post=2788"}],"version-history":[{"count":4,"href":"https:\/\/cpstesters.com\/pt-br\/wp-json\/wp\/v2\/pages\/2788\/revisions"}],"predecessor-version":[{"id":4178,"href":"https:\/\/cpstesters.com\/pt-br\/wp-json\/wp\/v2\/pages\/2788\/revisions\/4178"}],"wp:featuredmedia":[{"embeddable":true,"href":"https:\/\/cpstesters.com\/pt-br\/wp-json\/wp\/v2\/media\/1440"}],"wp:attachment":[{"href":"https:\/\/cpstesters.com\/pt-br\/wp-json\/wp\/v2\/media?parent=2788"}],"curies":[{"name":"wp","href":"https:\/\/api.w.org\/{rel}","templated":true}]}}