{"id":2624,"date":"2024-07-16T14:47:56","date_gmt":"2024-07-16T14:47:56","guid":{"rendered":"https:\/\/cpstesters.com\/teste-wpm-palavras-por-minuto-testador-de-digitacao-online\/"},"modified":"2024-09-17T16:33:54","modified_gmt":"2024-09-17T16:33:54","slug":"wpm-test","status":"publish","type":"page","link":"https:\/\/cpstesters.com\/pt-br\/wpm-test\/","title":{"rendered":"Teste WPM | Palavras por Minuto Testador de Digita\u00e7\u00e3o Online"},"content":{"rendered":"\n<p>O teste WPM \u00e9 desenvolvido para avaliar as suas palavras por minuto de habilidade e velocidade. Para al\u00e9m dos testes de dactilografia, pode praticar a dactilografia por toque para melhorar a sua profici\u00eancia!<\/p>\n\n\n<style>\r\n\t.word {\r\n  background-color: lightblue;\r\n  color: #212529;\r\n  padding: 0 0.2em;\r\n  border-radius: 0.15em;\r\n}\r\n\r\n.word-active {\r\n  background-color: lightseagreen;\r\n}\r\n\r\n.word-error {\r\n  background-color: lightcoral;\r\n}\r\n\r\n.word-correct {\r\n  background-color: transparent;\r\n  color: #198754;\r\n}\r\n\r\n.word-incorrect {\r\n  background-color: transparent;\r\n  color: #dc3545;\r\n}\r\n\r\n.accordion-button:not(.collapsed) {\r\n  color: #212529;\r\n  background-color: #fff;\r\n  box-shadow: inset 0 -1px 0 rgba(0, 0, 0, 0.125);\r\n}\r\n\t\r\n\t.card-body {\r\n    flex: 1 1 auto;\r\n    padding: 1rem 1rem;\r\n}\r\n\t.card{\r\n\t\tposition: relative;\r\n    display: flex;\r\n    flex-direction: column;\r\n    min-width: 0;\r\n    word-wrap: break-word;\r\n    background-color: #fff;\r\n    background-clip: border-box;\r\n    border: 1px solid rgba(0,0,0,.125);\r\n    border-radius: 0.25rem;\r\n\t}\t\r\n\t\r\n\t.visually-hidden, .visually-hidden-focusable:not(:focus):not(:focus-within) {\r\n    position: absolute!important;\r\n    width: 1px!important;\r\n    height: 1px!important;\r\n    padding: 0!important;\r\n    margin: -1px!important;\r\n    overflow: hidden!important;\r\n    clip: rect(0,0,0,0)!important;\r\n    white-space: nowrap!important;\r\n    border: 0!important;\r\n}\r\n\t\r\n\t.input-group>.form-control, .input-group>.form-select {\r\n    position: relative;\r\n    flex: 1 1 auto;\r\n    width: 1%;\r\n    min-width: 0;\r\n}\r\n\t\r\n\t.input-group {\r\n    position: relative;\r\n    display: flex;\r\n    flex-wrap: wrap;\r\n    align-items: stretch;\r\n    width: 100%;\r\n}\r\n\t.input-group-text {\r\n    display: flex;\r\n    align-items: center;\r\n    padding: 0.375rem 0.75rem;\r\n    font-size: 1rem;\r\n    font-weight: 400;\r\n    line-height: 1.5;\r\n    color: #212529;\r\n    text-align: center;\r\n    white-space: nowrap;\r\n    background-color: #e9ecef;\r\n    border: 1px solid #ced4da;\r\n}\r\n\t\r\n\r\n.btn {\r\n    display: inline-block;\r\n    font-weight: 400;\r\n    line-height: 1.5;\r\n    color: #212529;\r\n    text-align: center;\r\n    text-decoration: none;\r\n    vertical-align: middle;\r\n    cursor: pointer;\r\n    -webkit-user-select: none;\r\n    -moz-user-select: none;\r\n    user-select: none;\r\n    background-color: transparent;\r\n    border: 1px solid transparent;\r\n    padding: 0.375rem 0.75rem;\r\n    font-size: 1rem;\r\n    transition: color .15s ease-in-out,background-color .15s ease-in-out,border-color .15s ease-in-out,box-shadow .15s ease-in-out;\r\n}\r\n\t.btn-success {\r\n    color: #fff !important;\r\n    background-color: #FFB15E !important;\r\n    border-color: #FFB15E !important;\r\n\t\tborder-radius:0px !important;\r\n}\r\n\r\n<\/style>\r\n\r\n      <div class=\"row\">\r\n        <div class=\"offset-md-2 col-md-8\">\r\n          <div class=\"card my-2\">\r\n            <div class=\"card-body\">\r\n              <div id=\"feed-container\" class=\"fs-4\"><\/div>\r\n              <div id=\"feed-spinner\" class=\"text-center\">\r\n                <div class=\"spinner-border\" role=\"status\"><\/div>\r\n              <\/div>\r\n              <div id=\"result-container\" class=\"visually-hidden\">\r\n                <table class=\"table table-borderless m-0\">\r\n                  <tr>\r\n                    <td\r\n                      id=\"result-wpm\"\r\n                      class=\"text-success fs-1 align-middle\"\r\n                      rowspan=\"3\"\r\n                    ><\/td>\r\n                    <th>Accuracy<\/th>\r\n                    <td id=\"result-accuracy\"><\/td>\r\n                    <th>Percentile<\/th>\r\n                    <td id=\"result-percentile\"><\/td>\r\n                  <\/tr>\r\n                  <tr>\r\n                    <th>Correct Keystrokes<\/th>\r\n                    <td id=\"result-correct-keystrokes\"><\/td>\r\n                    <th>Correct words<\/th>\r\n                    <td id=\"result-correct-words\"><\/td>\r\n                  <\/tr>\r\n                  <tr>\r\n                    <th>Wrong Keystrokes<\/th>\r\n                    <td id=\"result-wrong-keystrokes\"><\/td>\r\n                    <th>Wrong words<\/th>\r\n                    <td id=\"result-wrong-words\"><\/td>\r\n                  <\/tr>\r\n                <\/table>\r\n              <\/div>\r\n            <\/div>\r\n          <\/div>\r\n\r\n          <div class=\"input-group mb-5\">\r\n            <input\r\n              id=\"input-typed\"\r\n              type=\"text\"\r\n              class=\"form-control form-control-lg\"\r\n              autofocus\r\n            \/>\r\n            <span id=\"span-timer\" class=\"input-group-text px-4\">01:00<\/span>\r\n            <button\r\n              id=\"button-restart\"\r\n              class=\"btn btn-success px-4\"\r\n              type=\"button\"\r\n            >\r\n              <i class=\"fa fa-repeat\"><\/i>\r\n            <\/button>\r\n          <\/div>\r\n        <\/div>\r\n      <\/div>\r\n      <div class=\"row\">\r\n        <div class=\"offset-md-2 col-md-8\">\r\n\t\t\t<br>\r\n\t\t\t<h4>History<\/h4>\r\n\t\t\t<br>\r\n         \r\n                  <table id=\"table-history\" class=\"table\">\r\n                    <thead>\r\n                      <tr>\r\n                        <th scope=\"col\">WPM<\/th>\r\n                        <th scope=\"col\">Accuracy<\/th>\r\n                        <th scope=\"col\">Percentile<\/th>\r\n                        <th scope=\"col\">Keys<\/th>\r\n                        <th scope=\"col\">Words<\/th>\r\n                        <th scope=\"col\">Time<\/th>\r\n                      <\/tr>\r\n                    <\/thead>\r\n                    <tbody><\/tbody>\r\n                  <\/table>\r\n                \r\n            <\/div>\r\n          <\/div>\r\n  \r\n   \r\n\r\n    <script src=\"https:\/\/ajax.googleapis.com\/ajax\/libs\/jquery\/3.6.0\/jquery.min.js\"><\/script>\r\n    <script src=\"https:\/\/cdnjs.cloudflare.com\/ajax\/libs\/moment.js\/2.29.1\/moment.min.js\"><\/script>\r\n    <script src=\"https:\/\/cpstesters.com\/wp-content\/themes\/generatepress\/tools\/assets\/presentation\/index.js\" type=\"module\"><\/script>\r\n    <script\r\n      src=\"https:\/\/cdn.jsdelivr.net\/npm\/bootstrap@5.0.1\/dist\/js\/bootstrap.bundle.min.js\"\r\n      integrity=\"sha384-gtEjrD\/SeCtmISkJkNUaaKMoLD0\/\/ElJ19smozuHV6z3Iehds+3Ulb9Bn9Plx0x4\"\r\n      crossorigin=\"anonymous\"\r\n    ><\/script>\r\n    <script async defer src=\"https:\/\/buttons.github.io\/buttons.js\"><\/script>\n\n\n\n<p><\/p>\n\n\n\n<h2 class=\"wp-block-heading\">Palavras por Minuto Teste<\/h2>\n\n\n\n<p>Pode n\u00e3o ser t\u00e3o f\u00e1cil como parece digitar. Exige determinadas capacidades de dactilografia para o teste de velocidade. A pessoa precisar\u00e1 de praticar continuamente. Pode realizar um teste WPM di\u00e1rio para atingir o seu objectivo de velocidade de dactilografia. Este exerc\u00edcio mede a sua produ\u00e7\u00e3o palavra por minuto.<\/p>\n\n\n\n<p>Pode avaliar o seu n\u00edvel de profici\u00eancia na digita\u00e7\u00e3o utilizando esta ferramenta de teste de digita\u00e7\u00e3o WPM online. O teste Word por minuto n\u00e3o s\u00f3 determina as suas capacidades de dactilografia por minuto, mas tamb\u00e9m se concentra em ajud\u00e1-lo a melhorar a precis\u00e3o. Utilizando a percentagem de precis\u00e3o, pode determinar quantas palavras escreveu num minuto. O resultado do teste \u00e9 determinado por duas vari\u00e1veis. a precis\u00e3o e rapidez da dactilografia. Deve estar ciente de que dividir uma palavra longa tamb\u00e9m conta.<\/p>\n\n\n\n<p>Pode seleccionar entre seis m\u00e9todos diferentes de teste de velocidade de dactilografia com base nas suas necessidades. Utilize o motor de teste de 1 minuto ou 2 minutos para medir a sua velocidade de dactilografia. Utilize o exame de 10 ou 5 minutos se desejar praticar a dactilografia.<\/p>\n\n\n\n<h2 class=\"wp-block-heading\">Porque \u00e9 que preciso de um teste de velocidade de dactilografia?<\/h2>\n\n\n\n<p>Em termos simples, o nosso teste de dactilografia wpm permite-lhe avaliar a sua velocidade de dactilografia com o tempo e ajuda-o a avaliar melhor as suas capacidades actuais. Este \u00e9 um passo necess\u00e1rio para desenvolver todo o seu potencial e determinar quanto tempo dedicar aos exerc\u00edcios di\u00e1rios de dactilografia.<\/p>\n\n\n\n<p>Por exemplo, \u00e9 aconselh\u00e1vel avaliar as suas capacidades de dactilografia antes de mudar para o m\u00e9todo de dactilografia de 10 dedos e iniciar a sua pr\u00e1tica. Isto permite-lhe comparar o seu progresso com a abordagem de 10 dedos com o seu m\u00e9todo de dactilografia anterior mais tarde e realizar mais testes de dactilografia usando todos os dez dedos.<\/p>\n\n\n<div class=\"wp-block-image\">\n<figure class=\"aligncenter size-full\"><img loading=\"lazy\" decoding=\"async\" width=\"1000\" height=\"500\" src=\"https:\/\/cpstesters.com\/wp-content\/uploads\/2022\/09\/wpm-test_.jpg\" alt=\"Teste WPM\" class=\"wp-image-621\" title=\"\" srcset=\"https:\/\/cpstesters.com\/wp-content\/uploads\/2022\/09\/wpm-test_.jpg 1000w, https:\/\/cpstesters.com\/wp-content\/uploads\/2022\/09\/wpm-test_-300x150.jpg 300w, https:\/\/cpstesters.com\/wp-content\/uploads\/2022\/09\/wpm-test_-768x384.jpg 768w\" sizes=\"auto, (max-width: 1000px) 100vw, 1000px\" \/><figcaption class=\"wp-element-caption\">Teste WPM<\/figcaption><\/figure>\n<\/div>\n\n\n<p>Pode utilizar o teste de dactilografia por minuto para verificar rotineiramente a sua velocidade de dactilografia e observar como melhorou atrav\u00e9s do uso di\u00e1rio, se j\u00e1 se sente confort\u00e1vel com as suas capacidades de dactilografia e n\u00e3o treinou durante muito tempo.<\/p>\n\n\n\n<h2 class=\"wp-block-heading\">Teste WPM Online<\/h2>\n\n\n\n<p>Para avaliar a sua velocidade de dactilografia, utilize o nosso teste de dactilografia online. Para lhe dar uma forma r\u00e1pida e simples de medir a sua velocidade de dactilografia, cri\u00e1mos este teste de dactilografia gratuito. Pode ajud\u00e1-lo a avaliar o seu desenvolvimento \u00e0 medida que pratica a dactilografia, dando-lhe uma sensa\u00e7\u00e3o de qu\u00e3o bem se est\u00e1 a sair.<\/p>\n\n\n\n<ul class=\"wp-block-list\">\n<li>Usando esta ferramenta, pode descobrir exactamente quantas palavras digitou num minuto.<\/li>\n\n\n\n<li>Existem testes b\u00e1sicos, tradicionais, e avan\u00e7ados dispon\u00edveis.<\/li>\n\n\n\n<li>A ferramenta inclui um cron\u00f3metro com v\u00e1rios segundos, assim como a precis\u00e3o das palavras, o n\u00famero de palavras digitadas num minuto, e o n\u00famero total de erros de digita\u00e7\u00e3o.<\/li>\n\n\n\n<li>Pode seleccionar uma dura\u00e7\u00e3o de segundos diferente, como por exemplo 1,3,5 segundos.<\/li>\n\n\n\n<li>Deve introduzir uma pontua\u00e7\u00e3o inicial na caixa de texto fornecida para iniciar o teste.<\/li>\n\n\n\n<li>A sua velocidade de digita\u00e7\u00e3o ser\u00e1 avaliada \u00e0 medida que digita.<\/li>\n\n\n\n<li>Quando o temporizador expirar, poder\u00e1 ver os resultados. Tamb\u00e9m pode partilhar estes resultados com os seus colegas.<\/li>\n<\/ul>\n\n\n\n<p class=\"has-text-align-center has-base-background-color has-background has-medium-font-size\"><em>Pode verificar o Teclado atrav\u00e9s do <a href=\"https:\/\/cpstesters.com\/pt-br\/teste-do-teclado\/\" target=\"_blank\" rel=\"noreferrer noopener\">Teste de Teclado<\/a> Online antes de digitar o teste!<\/em><\/p>\n\n\n\n<h2 class=\"wp-block-heading\">A complexidade da dactilografia<\/h2>\n\n\n\n<p>Um utilizador individual \u00e9 capaz de seleccionar qualquer n\u00edvel de complexidade de digita\u00e7\u00e3o. O utilizador tem acesso irrestrito e \u00e9 livre de utilizar.<\/p>\n\n\n\n<h3 class=\"wp-block-heading\"><strong>F\u00e1cil<\/strong><\/h3>\n\n\n\n<p>A escolha deste modo ajudar\u00e1 os principiantes na pr\u00e1tica das palavras por minuto. \u00c9 um m\u00e9todo de dactilografia simples e directo para novos utilizadores.<\/p>\n\n\n\n<h3 class=\"wp-block-heading\"><strong>M\u00e9dio<\/strong><\/h3>\n\n\n\n<p>Este modo de digita\u00e7\u00e3o \u00e9 um n\u00edvel mais complexo do que o Easy. Este modo \u00e9 acess\u00edvel aos utilizadores que tenham passado a fase de aprendizagem.<\/p>\n\n\n\n<h3 class=\"wp-block-heading\"><strong>Dif\u00edcil<\/strong><\/h3>\n\n\n\n<p>O n\u00edvel mais dif\u00edcil de aumentar a sua pontua\u00e7\u00e3o de dactilografia \u00e9 Dif\u00edcil. Apenas para profissionais oficialmente empregados.<\/p>\n\n\n\n<h2 class=\"wp-block-heading\">Porque \u00e9 que a velocidade de dactilografia \u00e9 importante?<\/h2>\n\n\n\n<p>Pode concentrar-se na sua tarefa principal, utilizando a dactilografia por toque. Sente ganhos de produtividade significativos quando est\u00e1 menos preocupado com a sua velocidade de dactilografia. Garante um resultado que \u00e9 melhor e de n\u00edvel superior. O seu trabalho ser\u00e1 muito mais valorizado, e cometer\u00e1 muito menos erros de dactilografia. Seria capaz de falar mais clara e rapidamente.<\/p>\n\n\n\n<h2 class=\"wp-block-heading\">Como pode actualizar a sua velocidade de dactilografia?<\/h2>\n\n\n\n<p>\u00c9 preciso pensar numa forma de aumentar a velocidade de dactilografia se quiser melhorar a sua profici\u00eancia no trabalho. Mas como \u00e9 que se faz?<\/p>\n\n\n\n<p>Aqui est\u00e3o algumas sugest\u00f5es eficazes para melhorar a sua digita\u00e7\u00e3o:<\/p>\n\n\n\n<h3 class=\"wp-block-heading\"><strong>M\u00e9todos correctos de dactilografia<\/strong><\/h3>\n\n\n\n<p>Pode melhorar a sua velocidade de dactilografia empregando pr\u00e1ticas de dactilografia adequadas. O m\u00e9todo de toque, que requer que os utilizadores memorizem as teclas e mantenham uma boa posi\u00e7\u00e3o das m\u00e3os no seu teclado, \u00e9 recomendado por v\u00e1rios especialistas.<\/p>\n\n\n\n<h3 class=\"wp-block-heading\"><strong>Escolha do teclado mais fino<\/strong><\/h3>\n\n\n\n<p>Para tarefas de dactilografia, os peritos aconselham a utiliza\u00e7\u00e3o do melhor teclado. A \u00e1rea principal onde se deve sentir confort\u00e1vel \u00e9 no teclado.<\/p>\n\n\n\n<h2 class=\"wp-block-heading\">Os testes de dactilografia on-line ajudam a aumentar a velocidade de dactilografia?<\/h2>\n\n\n\n<p>Em poucas palavras, n\u00e3o. Um programa desta natureza s\u00f3 pode medir a sua velocidade de dactilografia. \u00c9 necess\u00e1rio praticar se quiser acelerar a sua dactilografia. Claro, pode praticar a dactilografia com estes testes de dactilografia em linha.<\/p>\n\n\n\n<p>Muitos de v\u00f3s podem estar a perguntar-se porque precisaria de um programa de dactilografia quando j\u00e1 tenho o Microsoft Word e posso praticar. Sim, pode praticar a dactilografia com qualquer programa de processamento de texto. No entanto, aconselho a utiliza\u00e7\u00e3o do nosso motor de teste de dactilografia online para praticar, uma vez que lhe fornece um relat\u00f3rio detalhado de WPM e precis\u00e3o para o ajudar a corrigir os seus erros.<\/p>\n\n\n<div class=\"wp-block-image\">\n<figure class=\"aligncenter size-full\"><img loading=\"lazy\" decoding=\"async\" width=\"1000\" height=\"500\" src=\"https:\/\/cpstesters.com\/wp-content\/uploads\/2022\/09\/wpm-test_mid-.jpg\" alt=\"Guia de teste de dactilografia\" class=\"wp-image-622\" title=\"\" srcset=\"https:\/\/cpstesters.com\/wp-content\/uploads\/2022\/09\/wpm-test_mid-.jpg 1000w, https:\/\/cpstesters.com\/wp-content\/uploads\/2022\/09\/wpm-test_mid--300x150.jpg 300w, https:\/\/cpstesters.com\/wp-content\/uploads\/2022\/09\/wpm-test_mid--768x384.jpg 768w\" sizes=\"auto, (max-width: 1000px) 100vw, 1000px\" \/><figcaption class=\"wp-element-caption\">Guia de teste de dactilografia<\/figcaption><\/figure>\n<\/div>\n\n\n<p>Mesmo enquanto o MS Word tamb\u00e9m oferece um relat\u00f3rio de erro, \u00e9 necess\u00e1rio calcul\u00e1-lo manualmente cada vez que se exerce. E isto pode faz\u00ea-lo perder todo o seu interesse em praticar.<\/p>\n\n\n\n<p>Ao colocar toda a sua aten\u00e7\u00e3o na velocidade, praticamente todos os estudantes cometem este erro cr\u00edtico. Seria \u00f3ptimo se se concentrasse apenas na dactilografia sem erros.<\/p>\n\n\n\n<p>Tenha em mente que a precis\u00e3o \u00e9 mais importante do que a velocidade ao dactilografar. Por exemplo, se a sua taxa de precis\u00e3o for apenas 85% mas a sua velocidade for de 100 WPM, demorar\u00e1 muito tempo a corrigir os erros. Observar\u00e1 que a sua velocidade de dactilografia t\u00edpica ir\u00e1 diminuir significativamente no final.<\/p>\n\n\n\n<h2 class=\"wp-block-heading\">Devo praticar dactilografia regularmente?<\/h2>\n\n\n\n<p>N\u00e3o h\u00e1 nada melhor do que aulas di\u00e1rias de dactilografia, isto \u00e9, com certeza. A chave para desenvolver as suas capacidades de dactilografia \u00e9 a pr\u00e1tica. Ir\u00e1 escrever mais rapidamente quanto mais vezes utilizar este teste de dactilografia.<\/p>\n\n\n\n<p>As suas capacidades de escrita ir\u00e3o melhorar significativamente se praticar repetidamente a dactilografia durante dez minutos. O teste WPM \u00e9 concebido para apoiar a forma\u00e7\u00e3o cont\u00ednua de dactil\u00f3grafos. Monitorizamos o seu desenvolvimento para que possa ver como a sua capacidade e velocidade de dactilografia melhoram com o tempo. Ter uma actividade consistente \u00e9 essencial para o desenvolvimento de capacidades de dactilografia proficientes.<\/p>\n\n\n\n<h2 class=\"wp-block-heading\">Vantagens do teste WPM<\/h2>\n\n\n\n<p>Qualquer pessoa que utilize um computador precisa de saber como escrever. Pode concentrar-se facilmente no seu trabalho \u00e0 medida que fica mais \u00e0 vontade a digitar. O seu foco \u00e9 desviado do seu objectivo quando escreve devagar e corrige erros de dactilografia. Descubra como escreve bem com a ajuda do nosso teste avan\u00e7ado de dactilografia.<\/p>\n\n\n\n<p>Fornecemos-lhe um feedback exaustivo ap\u00f3s cada exame. Tem dados sobre a sua velocidade, onde se abranda, e os tipos de erros que comete. Todas estas especificidades s\u00e3o essenciais para aumentar a sua velocidade.<\/p>\n\n\n\n<p>Pode registar-se para se manter a par dos seus progressos. Pode verificar os gr\u00e1ficos de progresso e ter os resultados dos seus testes de dactilografia guardados. A capacidade de publicar mensagens e responder a quaisquer quest\u00f5es relacionadas com a dactilografia no nosso f\u00f3rum est\u00e1 dispon\u00edvel para utilizadores registados que tenham passado tr\u00eas ou mais avalia\u00e7\u00f5es de dactilografia.<\/p>\n\n\n\n<h2 class=\"wp-block-heading has-text-align-center\">FAQ&#8217;s<\/h2>\n\n\n\n<h3 class=\"wp-block-heading\"><strong>Como posso aumentar a minha velocidade de dactilografia?<\/strong><\/h3>\n\n\n\n<p>Parece haver duas maneiras de escrever mais rapidamente: o m\u00e9todo mais r\u00e1pido \u00e9 aprender a escrever correctamente. Jogar os jogos de dactilografia \u00e9 a segunda abordagem para aumentar a sua velocidade de dactilografia. Tocar actividades de teclado como Nitro Type pode melhorar a sua velocidade de digita\u00e7\u00e3o e aumentar a sua classifica\u00e7\u00e3o em palavras por minuto.<\/p>\n\n\n\n<h3 class=\"wp-block-heading\"><strong>Qual \u00e9 a velocidade m\u00e9dia de dactilografia?<\/strong><\/h3>\n\n\n\n<p>A taxa m\u00e9dia de dactilografia \u00e9 de 40 palavras por minuto (wpm). A velocidade de dactilografia \u00e9 de 65 a 70 palavras por minuto, se desejar ser extremamente produtivo.<\/p>\n\n\n\n<h3 class=\"wp-block-heading\"><strong>Como \u00e9 que se pratica o teste de dactilografia?<\/strong><\/h3>\n\n\n\n<p>Para aumentar a sua velocidade de dactilografia, poder\u00e1 aderir \u00e0s t\u00e9cnicas especificadas. A pr\u00e1tica regular do teclado enquanto se adere a determinadas regras de dactilografia \u00e9 uma escolha s\u00e1bia.<\/p>\n\n\n\n<h3 class=\"wp-block-heading\"><strong>Qu\u00e3o bom \u00e9 32 WPM?<\/strong><\/h3>\n\n\n\n<p>\u00c9 superior a 7,13 por cento de todos os nossos utilizadores. A for\u00e7a do n\u00facleo \u00e9 a chave para tocar na digita\u00e7\u00e3o, portanto quanto mais se digita, mais r\u00e1pido se torna.<\/p>\n\n\n\n<h3 class=\"wp-block-heading\"><strong>Digitar a 100 wpm \u00e9 bom?<\/strong><\/h3>\n\n\n\n<p>\u00c9 prov\u00e1vel que seja um jogador, hacker, ou g\u00e9nio se conseguir digitar a 90 palavras por minuto. Em todo o caso, est\u00e1s a ir fant\u00e1stico! 100 wpm ou mais: Pertence ao 1% superior dos dactil\u00f3grafos!<\/p>\n\n\n\n<h3 class=\"wp-block-heading\"><strong>Qual \u00e9 a velocidade de dactilografia mais r\u00e1pida que algu\u00e9m conseguiu?<\/strong><\/h3>\n\n\n\n<p>A m\u00e1quina de escrever mais r\u00e1pida do mundo, de acordo com os recordes mundiais do Guinness, \u00e9 Barbara Blackburn, que sabe escrever a um ritmo elevado de 212 WPM. A dactil\u00f3grafa mais r\u00e1pida, como por IBM Corp., \u00e9 Stella Pajunas Garnand, que pode digitar 216 palavras num minuto. Ela gravou esta can\u00e7\u00e3o em 1946.<\/p>\n\n\n\n<h3 class=\"wp-block-heading\"><strong>Como se escreve mais rapidamente?<\/strong><\/h3>\n\n\n\n<p>Deve aprender a posicionar-se correctamente, usar todos os dedos, premir as teclas certas sem espreitar, e evitar erros se quiser escrever mais rapidamente. Ganhar\u00e1 com o treino da dactilografia se n\u00e3o tiver aprendido nenhuma destas compet\u00eancias.<\/p>\n\n\n\n<h3 class=\"wp-block-heading\"><strong>Como \u00e9 que encontro o meu wpm?<\/strong><\/h3>\n\n\n\n<p>As palavras por minuto de teste, ou teste WPM, \u00e9 a forma mais simples de medir a velocidade de digita\u00e7\u00e3o. A &#8220;palavra&#8221; \u00e9 constitu\u00edda por 5 caracteres em m\u00e9dia. Basta dividir o n\u00famero de palavras dactilografadas num minuto sem quaisquer erros de digita\u00e7\u00e3o por cinco para determinar o WPM. A sua velocidade de dactilografia seria de 20 WPM, por exemplo, se digitasse 100 palavras por minuto, incluindo espa\u00e7os.<\/p>\n\n\n\n<p>Algumas outras ferramentas de teclado:<\/p>\n\n\n\n<ul class=\"wp-block-list\">\n<li><a href=\"https:\/\/cpstesters.com\/pt-br\/spacebar-counter\/\" target=\"_blank\" rel=\"noreferrer noopener\">Contador da barra de espa\u00e7o<\/a><\/li>\n\n\n\n<li><a href=\"https:\/\/cpstesters.com\/pt-br\/contador-de-teclados\/\" target=\"_blank\" rel=\"noreferrer noopener\">Contador de Teclado<\/a><\/li>\n\n\n\n<li><a href=\"https:\/\/cpstesters.com\/pt-br\/testador-de-teclado-mac\/\" target=\"_blank\" rel=\"noreferrer noopener\">Testador de Teclado Mac<\/a><\/li>\n\n\n\n<li><a href=\"https:\/\/cpstesters.com\/pt-br\/key-rollover-test\/\">Teste de capotagem de chaves<\/a><\/li>\n\n\n\n<li><a href=\"https:\/\/cpstesters.com\/pt-br\/teste-de-latencia-do-teclado\/\" target=\"_blank\" rel=\"noreferrer noopener\">Teste de Lat\u00eancia do Teclado<\/a><\/li>\n\n\n\n<li><a href=\"https:\/\/cpstesters.com\/pt-br\/teste-do-teclado-mecanico\/\" target=\"_blank\" rel=\"noreferrer noopener\">Teste do Teclado Mec\u00e2nico<\/a><\/li>\n<\/ul>\n","protected":false},"excerpt":{"rendered":"<p>O teste WPM \u00e9 desenvolvido para avaliar as suas palavras por minuto de habilidade e velocidade. Para al\u00e9m dos testes de dactilografia, pode praticar a &#8230; <\/p>\n<p class=\"read-more-container\"><a title=\"Teste WPM | Palavras por Minuto Testador de Digita\u00e7\u00e3o Online\" class=\"read-more button\" href=\"https:\/\/cpstesters.com\/pt-br\/wpm-test\/#more-2624\" aria-label=\"Read more about Teste WPM | Palavras por Minuto Testador de Digita\u00e7\u00e3o Online\">Read More<\/a><\/p>\n","protected":false},"author":4,"featured_media":1692,"parent":0,"menu_order":0,"comment_status":"closed","ping_status":"closed","template":"","meta":{"footnotes":""},"class_list":["post-2624","page","type-page","status-publish","has-post-thumbnail"],"_links":{"self":[{"href":"https:\/\/cpstesters.com\/pt-br\/wp-json\/wp\/v2\/pages\/2624","targetHints":{"allow":["GET"]}}],"collection":[{"href":"https:\/\/cpstesters.com\/pt-br\/wp-json\/wp\/v2\/pages"}],"about":[{"href":"https:\/\/cpstesters.com\/pt-br\/wp-json\/wp\/v2\/types\/page"}],"author":[{"embeddable":true,"href":"https:\/\/cpstesters.com\/pt-br\/wp-json\/wp\/v2\/users\/4"}],"replies":[{"embeddable":true,"href":"https:\/\/cpstesters.com\/pt-br\/wp-json\/wp\/v2\/comments?post=2624"}],"version-history":[{"count":9,"href":"https:\/\/cpstesters.com\/pt-br\/wp-json\/wp\/v2\/pages\/2624\/revisions"}],"predecessor-version":[{"id":6298,"href":"https:\/\/cpstesters.com\/pt-br\/wp-json\/wp\/v2\/pages\/2624\/revisions\/6298"}],"wp:featuredmedia":[{"embeddable":true,"href":"https:\/\/cpstesters.com\/pt-br\/wp-json\/wp\/v2\/media\/1692"}],"wp:attachment":[{"href":"https:\/\/cpstesters.com\/pt-br\/wp-json\/wp\/v2\/media?parent=2624"}],"curies":[{"name":"wp","href":"https:\/\/api.w.org\/{rel}","templated":true}]}}