{"id":2606,"date":"2024-07-16T14:19:36","date_gmt":"2024-07-16T14:19:36","guid":{"rendered":"https:\/\/cpstesters.com\/teste-de-capotagem-de-chaves-teste-de-capotagem-n-key-nkro\/"},"modified":"2024-09-17T14:51:35","modified_gmt":"2024-09-17T14:51:35","slug":"key-rollover-test","status":"publish","type":"page","link":"https:\/\/cpstesters.com\/pt-br\/key-rollover-test\/","title":{"rendered":"Teste de capotagem de chaves | Teste de capotagem N-Key NKRO"},"content":{"rendered":"\n<p>O nosso Teste de Capotamento de Chaves ir\u00e1 ajud\u00e1-lo a verificar quantas chaves pode registar no seu teclado mec\u00e2nico!<\/p>\n<style>\r\n\ttable{\r\n\t\tbackground: #FFB15E;\r\n    color: white;\r\n    text-align: center;\t\r\n\t}\r\n\ttable td{\r\n\t\tfont-size:25px;\t\r\n\t}\r\n<\/style>\r\n\r\n<script type=\"text\/javascript\">\r\nvar keys = [];\r\nvar order = [];\r\n\r\nfunction getkeyname(keycode) {\r\n\tif(keycode >= 65 && keycode <= 90) {\r\n\t\treturn String.fromCharCode(keycode);\r\n\t}\r\n\tif(keycode >= 48 && keycode <= 57) return keycode - 48;\r\n\tif(keycode == 8) return \"&lt;BACKSPACE&gt;\";\r\n\tif(keycode == 9) return \"&lt;TAB&gt;\";\r\n\tif(keycode == 12) return \"&lt;NUM5&gt;\";\r\n\tif(keycode == 13) return \"&lt;ENTER&gt;\";\r\n\tif(keycode == 16) return \"&lt;SHIFT&gt;\";\r\n\tif(keycode == 17) return \"&lt;CTRL&gt;\";\r\n\tif(keycode == 18) return \"&lt;ALT&gt;\";\r\n\tif(keycode == 19) return \"&lt;PAUSE&gt;\";\r\n\tif(keycode == 20) return \"&lt;CAPSLOCK&gt;\";\r\n\tif(keycode == 27) return \"&lt;ESC&gt;\";\r\n\tif(keycode == 32) return \"&lt;SPACE&gt;\";\r\n\tif(keycode == 33) return \"&lt;PAGEUP&gt;\";\r\n\tif(keycode == 34) return \"&lt;PAGEDOWN&gt;\";\r\n\tif(keycode == 35) return \"&lt;END&gt;\";\r\n\tif(keycode == 36) return \"&lt;HOME&gt;\";\r\n\tif(keycode == 37) return \"&lt;LEFTARROW&gt;\";\r\n\tif(keycode == 38) return \"&lt;UPARROW&gt;\";\r\n\tif(keycode == 39) return \"&lt;RIGHTARROW&gt;\";\r\n\tif(keycode == 40) return \"&lt;DOWNARROW&gt;\";\r\n\tif(keycode == 45) return \"&lt;INSERT&gt;\";\r\n\tif(keycode == 46) return \"&lt;DELETE&gt;\";\r\n\tif(keycode == 59) return \";\";\r\n\tif(keycode == 91) return \"&lt;LEFTWINDOWS&gt;\";\r\n\tif(keycode == 92) return \"&lt;RIGHTWINDOWS&gt;\";\r\n\tif(keycode == 93) return \"&lt;MENU&gt;\";\r\n\tif(keycode >= 96 && keycode <= 105) return \"&lt;NUM\" + (keycode - 96) + \"&gt;\";\r\n\tif(keycode == 106) return \"&lt;MULTIPLY&gt;\";\r\n\tif(keycode == 107) return \"&lt;ADD&gt;\";\r\n\tif(keycode == 109) return \"&lt;SUBTRACT&gt;\";\r\n\tif(keycode == 110) return \"&lt;DECIMAL&gt;\";\r\n\tif(keycode == 111) return \"&lt;DIVIDE&gt;\";\r\n\tif(keycode >= 112 && keycode <= 123) return \"&lt;F\" + (keycode - 111) + \"&gt;\";\r\n\tif(keycode == 144) return \"&lt;NUMLOCK&gt;\";\r\n\tif(keycode == 145) return \"&lt;SCROLLLOCK&gt;\";\r\n\tif(keycode == 186) return \"&lt;SEMICOLON&gt;\";\r\n\tif(keycode == 187) return \"&lt;EQUALS&gt;\";\r\n\tif(keycode == 188) return \",\";\r\n\tif(keycode == 189) return \"&lt;DASH&gt;\";\r\n\tif(keycode == 190) return \".\";\r\n\tif(keycode == 191) return \"\/\";\r\n\tif(keycode == 192) return \"&lt;BACKTICK&gt;\";\r\n\tif(keycode == 219) return \"[\";\r\n\tif(keycode == 220) return \"\\\\\";\r\n\tif(keycode == 221) return \"]\";\r\n\tif(keycode == 222) return \"'\";\r\n\treturn \"&lt;\" + keycode + \"&gt;\";\r\n}\r\n\r\n\/\/This prototype is provided by the Mozilla foundation and\r\n\/\/is distributed under the MIT license.\r\n\/\/http:\/\/www.ibiblio.org\/pub\/Linux\/LICENSES\/mit.license\r\nif (!Array.prototype.map)\r\n{\r\n  Array.prototype.map = function(fun \/*, thisp*\/)\r\n  {\r\n    var len = this.length;\r\n    if (typeof fun != \"function\")\r\n      throw new TypeError();\r\n\r\n    var res = new Array(len);\r\n    var thisp = arguments[1];\r\n    for (var i = 0; i < len; i++)\r\n    {\r\n      if (i in this)\r\n        res[i] = fun.call(thisp, this[i], i, this);\r\n    }\r\n\r\n    return res;\r\n  };\r\n}\r\n\r\nfunction update() {\r\n\tdocument.getElementById('disp').innerHTML = order.map(getkeyname).join(\"\");\r\n\tdocument.getElementById('count').innerHTML = order.length;\r\n}\r\n\r\nfunction remove(which) {\r\n\tfor(var i = 0; i < order.length; i++) {\r\n\t\tif(order[i] == which) {\r\n\t\t\torder.splice(i, 1);\r\n\t\t\treturn;\r\n\t\t}\r\n\t}\r\n}\r\n\r\nfunction getkeycode(e) {\r\n\tvar keycode;\r\n\tif (window.event) keycode = window.event.keyCode;\r\n\telse if (e) keycode = e.which;\r\n\treturn keycode;\r\n}\r\n\r\njQuery(\"body\").keyup(function(){\r\n\tc=getkeycode(event); keys[c] = ''; remove(c); update();\r\n});\r\njQuery(\"body\").keydown(function(){\r\n\tc=getkeycode(event); if(keys[c] == c) return \r\nfalse; keys[c] = c; order[order.length] = c; update(); return false;\r\n});\r\n\t\r\n<\/script>\r\n\r\n<p>Directions: Type some keys.<p>\r\n\r\n<table border = 1 width=500>\r\n<tr><td>\r\n<p><br><\/p>\r\n Keys accepted: <span id=\"disp\"><\/span><br>\r\n Count: <span id=\"count\"><\/span><br>\r\n<p><br><\/p>\r\n\r\n<\/td><\/tr><\/table>\n\n<p><\/p>\n\n<div style=\"height:5px\" aria-hidden=\"true\" class=\"wp-block-spacer\"><\/div>\n\n<h2 class=\"wp-block-heading\">O que \u00e9 o capotamento da chave?<\/h2>\n\n<p>O n\u00famero de teclas que um teclado pode registar em simult\u00e2neo \u00e9 referido como um capotamento de teclas. Quando se escreve o capotamento da chave x (onde x \u00e9 um n\u00famero), o x representa o n\u00famero m\u00e1ximo de chaves que podem ser utilizadas. Assim, \u00e9 uma garantia de que cada combina\u00e7\u00e3o de quaisquer chaves x aleat\u00f3rias funcionar\u00e1 como pretendido.<\/p>\n\n<p>Um teclado sem quaisquer restri\u00e7\u00f5es \u00e9 referido como um &#8220;N-key rollover&#8221;, o que significa que \u00e9 poss\u00edvel premir cada tecla de uma s\u00f3 vez.<\/p>\n\n<h2 class=\"wp-block-heading\">Teste de capotagem de chaves<\/h2>\n\n<p>Um teste de capotamento do teclado \u00e9 utilizado para verificar quantas teclas um teclado pode registar ao mesmo tempo. Por exemplo, um capotamento de 6 teclas permite-lhe premir simultaneamente quaisquer seis teclas e regist\u00e1-las todas correctamente. \u00c9 de notar que n\u00e3o h\u00e1 garantias de que combina\u00e7\u00f5es com mais de seis chaves funcionem tamb\u00e9m, pelo que n\u00e3o h\u00e1 limite superior.<\/p>\n\n<p>Apesar de a maioria dos fabricantes seguir o resumo definido de capotamento de chaves, alguns utilizaram contagens bastante invulgares para chegar a um valor de capotamento de chaves maior. Uma contagem de <a href=\"https:\/\/www.tomshardware.com\/reviews\/-n-key-rollover-nkro-definition,5751.html\" target=\"_blank\" rel=\"noreferrer noopener\">chaves<\/a> comum \u00e9 uma dessas abordagens de contagem alternativa que incorpora, por exemplo, as combina\u00e7\u00f5es de chaves poss\u00edveis para os bot\u00f5es modificadores (Ctrl, Alt, Shift, etc.). Isto obviamente n\u00e3o se adequa \u00e0 descri\u00e7\u00e3o.<\/p>\n<div class=\"wp-block-image\">\n<figure class=\"aligncenter size-full\"><img loading=\"lazy\" decoding=\"async\" width=\"1000\" height=\"500\" src=\"https:\/\/cpstesters.com\/wp-content\/uploads\/2022\/09\/Keyboard-Rollover-Test-1.jpg\" alt=\"Teste de capotagem de chaves\" class=\"wp-image-626\" title=\"\" srcset=\"https:\/\/cpstesters.com\/wp-content\/uploads\/2022\/09\/Keyboard-Rollover-Test-1.jpg 1000w, https:\/\/cpstesters.com\/wp-content\/uploads\/2022\/09\/Keyboard-Rollover-Test-1-300x150.jpg 300w, https:\/\/cpstesters.com\/wp-content\/uploads\/2022\/09\/Keyboard-Rollover-Test-1-768x384.jpg 768w\" sizes=\"auto, (max-width: 1000px) 100vw, 1000px\" \/><figcaption class=\"wp-element-caption\">Teste de capotagem de chaves<\/figcaption><\/figure>\n<\/div>\n<p class=\"has-text-align-center has-base-background-color has-background has-medium-font-size\"><em>Antes de verificar isto, tamb\u00e9m pode verificar a sua digita\u00e7\u00e3o atrav\u00e9s do <a href=\"https:\/\/cpstesters.com\/pt-br\/teste-wpm\/\" target=\"_blank\" rel=\"noreferrer noopener\">Teste Palavras por Minuto<\/a>!<\/em><\/p>\n\n<h2 class=\"wp-block-heading\">Como testar a NKRO no seu Teclado?<\/h2>\n\n<p>Pode simplesmente executar o teste de capotamento de n teclas ou o teste NKRO, utilizando um programa de texto como o Microsoft Word, al\u00e9m de consultar os requisitos do fabricante para ver que n teclas o seu teclado oferece.<\/p>\n\n<p>Comece por premir simultaneamente duas teclas, anotando as teclas que est\u00e1 a premir. Depois, suba uma tecla e fa\u00e7a corresponder os seus resultados \u00e0s teclas vistas no seu ecr\u00e3.<\/p>\n\n<p>Certifique-se de que a NKRO est\u00e1 ligada se estiver a antecipar a NKRO do seu teclado mas n\u00e3o estiver a ver o n\u00famero certo de toques de tecla. Em alguns teclados, \u00e9 necess\u00e1rio premir uma determinada combina\u00e7\u00e3o de teclas ou activar o software do teclado a fim de activar a funcionalidade NKRO.<\/p>\n\n<h2 class=\"wp-block-heading has-text-align-center\">FAQ&#8217;s<\/h2>\n\n<h3 class=\"wp-block-heading\"><strong>O que \u00e9 o capotamento do meu teclado?<\/strong><\/h3>\n\n<p>Carregue nas tr\u00eas, quatro e cinco teclas ao mesmo tempo para testar o n\u00famero de capotagem. O teclado tem um capotamento se muitas teclas forem exibidas no ecr\u00e3 ao mesmo tempo.<\/p>\n\n<h3 class=\"wp-block-heading\"><strong>Como testar o meu teclado de capotamento?<\/strong><\/h3>\n\n<p>Para verificar o seu teclado de capotamento, experimente o nosso teste de capotamento de teclas online. \u00c9 a abordagem mais r\u00e1pida e mais directa para mostrar resultados precisos.<\/p>\n\n<h3 class=\"wp-block-heading\"><strong>O que \u00e9 um bom capotamento de chaves?<\/strong><\/h3>\n\n<p>Para dactilografar \u00e9 aconselhado o capotamento de 2 teclas. Aconselha-se o capotamento de seis teclas para jogos. Nos jogos, muito provavelmente encontrar\u00e1 rapidamente combina\u00e7\u00f5es chave que n\u00e3o funcionar\u00e3o e ter\u00e3o como resultado uma experi\u00eancia de jogo miser\u00e1vel.<\/p>\n\n<h3 class=\"wp-block-heading\"><strong>6 teclas s\u00e3o suficientes para jogar?<\/strong><\/h3>\n\n<p>Os grandes teclados de jogo incluem pelo menos 6-Key Rollover para evitar o fantasma. Muitos jogadores e outros que digitam rapidamente podem usar a ampla capacidade de 6KRO com teclas simult\u00e2neas.<\/p>\n\n<h3 class=\"wp-block-heading\"><strong>Todos os teclados mec\u00e2nicos s\u00e3o N-key rollover?<\/strong><\/h3>\n\n<p>Os teclados de membrana n\u00e3o s\u00e3o bem reconhecidos por terem n-key rollover devido a limita\u00e7\u00f5es na forma como s\u00e3o constru\u00eddos, enquanto que os teclados mec\u00e2nicos s\u00e3o.<\/p>\n\n<p>Verifique tamb\u00e9m estas ferramentas:<\/p>\n\n<ul class=\"wp-block-list\">\n<li><a href=\"https:\/\/cpstesters.com\/pt-br\/\" target=\"_blank\" rel=\"noreferrer noopener\">Clique por segundo teste<\/a><\/li>\n\n\n\n<li><a href=\"https:\/\/cpstesters.com\/pt-br\/teste-de-latencia-do-teclado\/\" target=\"_blank\" rel=\"noreferrer noopener\">Teste de Lat\u00eancia do Teclado<\/a><\/li>\n\n\n\n<li><a href=\"https:\/\/cpstesters.com\/pt-br\/contador-da-barra-de-espaco\/\" target=\"_blank\" rel=\"noreferrer noopener\">Contador da barra de espa\u00e7o<\/a><\/li>\n\n\n\n<li><a href=\"https:\/\/cpstesters.com\/pt-br\/teste-de-teclado\/\" target=\"_blank\" rel=\"noreferrer noopener\">Teste de Teclado Online<\/a><\/li>\n\n\n\n<li><a href=\"https:\/\/cpstesters.com\/pt-br\/mac-keyboard-tester\/\" target=\"_blank\" rel=\"noreferrer noopener\">Testador de Teclado Mac<\/a><\/li>\n<\/ul>\n","protected":false},"excerpt":{"rendered":"<p>O nosso Teste de Capotamento de Chaves ir\u00e1 ajud\u00e1-lo a verificar quantas chaves pode registar no seu teclado mec\u00e2nico! O que \u00e9 o capotamento da &#8230; <\/p>\n<p class=\"read-more-container\"><a title=\"Teste de capotagem de chaves | Teste de capotagem N-Key NKRO\" class=\"read-more button\" href=\"https:\/\/cpstesters.com\/pt-br\/key-rollover-test\/#more-2606\" aria-label=\"Read more about Teste de capotagem de chaves | Teste de capotagem N-Key NKRO\">Read More<\/a><\/p>\n","protected":false},"author":4,"featured_media":1716,"parent":0,"menu_order":0,"comment_status":"closed","ping_status":"closed","template":"","meta":{"footnotes":""},"class_list":["post-2606","page","type-page","status-publish","has-post-thumbnail"],"_links":{"self":[{"href":"https:\/\/cpstesters.com\/pt-br\/wp-json\/wp\/v2\/pages\/2606","targetHints":{"allow":["GET"]}}],"collection":[{"href":"https:\/\/cpstesters.com\/pt-br\/wp-json\/wp\/v2\/pages"}],"about":[{"href":"https:\/\/cpstesters.com\/pt-br\/wp-json\/wp\/v2\/types\/page"}],"author":[{"embeddable":true,"href":"https:\/\/cpstesters.com\/pt-br\/wp-json\/wp\/v2\/users\/4"}],"replies":[{"embeddable":true,"href":"https:\/\/cpstesters.com\/pt-br\/wp-json\/wp\/v2\/comments?post=2606"}],"version-history":[{"count":4,"href":"https:\/\/cpstesters.com\/pt-br\/wp-json\/wp\/v2\/pages\/2606\/revisions"}],"predecessor-version":[{"id":4226,"href":"https:\/\/cpstesters.com\/pt-br\/wp-json\/wp\/v2\/pages\/2606\/revisions\/4226"}],"wp:featuredmedia":[{"embeddable":true,"href":"https:\/\/cpstesters.com\/pt-br\/wp-json\/wp\/v2\/media\/1716"}],"wp:attachment":[{"href":"https:\/\/cpstesters.com\/pt-br\/wp-json\/wp\/v2\/media?parent=2606"}],"curies":[{"name":"wp","href":"https:\/\/api.w.org\/{rel}","templated":true}]}}