{"id":2466,"date":"2024-07-16T14:22:16","date_gmt":"2024-07-16T14:22:16","guid":{"rendered":"https:\/\/cpstesters.com\/manual-click-test-verifique-a-sua-velocidade-cps\/"},"modified":"2024-09-17T15:19:35","modified_gmt":"2024-09-17T15:19:35","slug":"teste-de-clique-manual","status":"publish","type":"page","link":"https:\/\/cpstesters.com\/pt-br\/teste-de-clique-manual\/","title":{"rendered":"Teste de clique manual | Verifique a sua velocidade CPS"},"content":{"rendered":"\n<p>O Teste do Clique Manual \u00e9 um jogo de clique que \u00e9 usado para contar os seus cliques no per\u00edodo de tempo manual definido por si, Inicie-o agora e divirta-se!<\/p>\n     \r\n<div class=\"row\">\r\n\t<div class=\"col-md-4\">\r\n\r\n\t\t\r\n\t\t\r\n\t\t<div class=\"side_nav\">\r\n            \r\n            \r\n            <ul class=\"time\">\r\n            <li>\r\n            <span data-time=\"1.00\">1 Second Test<\/span>\r\n            <\/li><li>\r\n           <span data-time=\"2.00\">2 Second Test<\/span>\r\n            <\/li><li>\r\n         <span data-time=\"5.00\">5 Second Test<\/span>\r\n            <\/li><li>\r\n\t\t\t<span data-time=\"10.00\">10 Second Test<\/span>\r\n            <\/li><li>\r\n            <span data-time=\"15.00\">15 Second Test<\/span>\r\n            <\/li>\r\n\t\t\t<li>\r\n            <span data-time=\"30.00\">30 Second Test<\/span>\r\n            <\/li>\r\n\t\t\t\t<li>\r\n            <span data-time=\"60.00\">60 Second Test<\/span>\r\n            <\/li>\r\n\t\t\t\t<li>\r\n            <span data-time=\"100.00\">100 Second Test<\/span>\r\n            <\/li>\r\n\t\t\t\r\n\t\t\t\r\n\t\t\t<\/ul>\r\n            <\/div>\r\n\t\t\r\n\t\t\r\n\t<\/div>\r\n\t<div class=\"col-md-8\">\r\n\t\t<section class=\"section section--full js-section-full section--click\">\r\n               <div class=\"container\">\r\n\t\t\t\t   \r\n\t\t\t\t         <div class=\"setting\">\r\n    <div class=\"theme-mode\"><a class=\"theme-mode__switch js-switch\" href=\"javascript:void(0);\"><\/a>\r\n        <div class=\"theme-mode__text\">Light \/ Dark mode<\/div>\r\n    <\/div>\r\n\t\t\t\t\t\t\t \r\n\t\t<div class=\"manual-form\">\r\n\t\t\t<input id=\"manual_seconds\" type=\"number\" placeholder=\"Seconds\">\r\n\t\t\t<button id=\"start_manual\">Start<\/button>\r\n\t\t\t\t\t\t\t <\/div>\r\n\t\t\t\t\t\t\t \r\n<\/div>\r\n\t\t\t\t   \r\n\t\t\t\t   \r\n                  <div class=\"statistics\">\r\n                     <div class=\"statistics__item statistics__item--timer\">\r\n                        <div class=\"statistics__number\">\r\n                           <span class=\"js-time number_timer\">5.00<\/span>\r\n                           <a class=\"statistics__arrow statistics__arrow--up js-time-up\" href=\"javascript:void(0);\">\r\n                              <svg class=\"icon icon-arrow-up \">\r\n                                 <use xlink:href=\"\/wp-content\/themes\/generatepress\/tools\/assets\/img\/spritesvg.svg#arrow-up\"><\/use>\r\n                              <\/svg>\r\n                           <\/a>\r\n                           <a class=\"statistics__arrow statistics__arrow--down js-time-down\" href=\"javascript:void(0);\">\r\n                              <svg class=\"icon icon-arrow-up \">\r\n                                 <use xlink:href=\"\/wp-content\/themes\/generatepress\/tools\/assets\/img\/spritesvg.svg#arrow-up\"><\/use>\r\n                              <\/svg>\r\n                           <\/a>\r\n                        <\/div>\r\n                        <div class=\"statistics__title\">Timer<\/div>\r\n                     <\/div>\r\n                     <div class=\"statistics__item statistics__item--clicks\">\r\n                        <div class=\"statistics__number number_clicks js-speed\">0.00<\/div>\r\n                        <div class=\"statistics__title\">Clicks \/ s<\/div>\r\n                     <\/div>\r\n                     <div class=\"statistics__item statistics__item--score\">\r\n                        <div class=\"statistics__number number_score js-score\">0<\/div>\r\n                        <div class=\"statistics__title\">Score<\/div>\r\n                     <\/div>\r\n                  <\/div>\r\n                  <div class=\"clicks-zone\">\r\n                     <div class=\"clicks-zone__start js-clicks-start\">\r\n                        <svg class=\"icon icon-click \">\r\n                           <use xlink:href=\"\/wp-content\/themes\/generatepress\/tools\/assets\/img\/spritesvg.svg#click\"><\/use>\r\n                        <\/svg>\r\n                        <div class=\"clicks-zone__start-title\">\u0421lick here to start cps test<\/div>\r\n                     <\/div>\r\n                     <div class=\"clicks-zone__clicks js-clicks\"><\/div>\r\n                     <div class=\"clicks-zone__result result-clicks js-clicks-result\">\r\n                        <div class=\"result-clicks__title rank-wrapper\"><\/div>\r\n                        <div class=\"result-clicks__text\">Your CPS result is <span class=\"speed js-stat-speed\"><\/span> (<span class=\"clicks js-stat-clicks\"><\/span> Clicks in <span class=\"time js-stat-time\"><\/span> Seconds)<\/div>\r\n                        <div class=\"result-clicks__img\"><img><\/div>\r\n                        <a class=\"result-clicks__btn js-try-again\" href=\"javascript:void(0);\">\r\n                           <svg class=\"icon icon-again \">\r\n                              <use xlink:href=\"\/wp-content\/themes\/generatepress\/tools\/assets\/img\/spritesvg.svg#again\"><\/use>\r\n                           <\/svg>\r\n                           Restart\r\n                        <\/a>\r\n                        <div class=\"result-clicks__share\">\r\n                           <div class=\"result-clicks__share-title\">Share your result with friends!<\/div>\r\n                           <div class=\"share-buttons\">\r\n                              <a class=\"share-button facebook\" data-href=\"https:\/\/www.facebook.com\/sharer\/sharer.php?u=https:\/\/cpstesters.com\/\" target=\"_blank\" onclick=\"goclicky(this); return false;\" rel=\"noopener\">Facebook<\/a>\r\n                              <a class=\"share-button twitter\" data-href=\"http:\/\/www.twitter.com\/share?url=https:\/\/cpstesters.com\/&text=[text]\" target=\"_blank\" onclick=\"goclicky(this); return false;\" rel=\"noopener\">Twitter<\/a>\r\n                              <a class=\"share-button whatsapp\" data-href=\"https:\/\/api.whatsapp.com\/send?text=[text]\" target=\"_blank\" onclick=\"goclicky(this); return false;\" rel=\"noopener\">WhatsApp<\/a>\r\n                              <a class=\"share-button reddit\" data-href=\"http:\/\/www.reddit.com\/submit?url=https:\/\/cpstesters.com\/&title=[text]\" target=\"_blank\" onclick=\"goclicky(this); return false;\" rel=\"noopener\">Reddit<\/a>\r\n                           <\/div>\r\n                        <\/div>\r\n                     <\/div>\r\n                  <\/div>\r\n                  <img decoding=\"async\" src=\"\/wp-content\/themes\/generatepress\/tools\/assets\/img\/test_result\/3\/1.png\" style=\"display: none\" alt=\"\" title=\"\">\r\n                  <img decoding=\"async\" src=\"\/wp-content\/themes\/generatepress\/tools\/assets\/img\/test_result\/5\/1.png\" style=\"display: none\" alt=\"\" title=\"\">\r\n                  <img decoding=\"async\" src=\"\/wp-content\/themes\/generatepress\/tools\/assets\/img\/test_result\/1\/1.png\" style=\"display: none\" alt=\"\" title=\"\">\r\n                  <img decoding=\"async\" src=\"\/wp-content\/themes\/generatepress\/tools\/assets\/img\/test_result\/2\/1.png\" style=\"display: none\" alt=\"\" title=\"\">\r\n                  <img decoding=\"async\" src=\"\/wp-content\/themes\/generatepress\/tools\/assets\/img\/test_result\/0\/1.png\" style=\"display: none\" alt=\"\" title=\"\">\r\n                  <img decoding=\"async\" src=\"\/wp-content\/themes\/generatepress\/tools\/assets\/img\/test_result\/6\/1.png\" style=\"display: none\" alt=\"\" title=\"\">\r\n                  <img decoding=\"async\" src=\"\/wp-content\/themes\/generatepress\/tools\/assets\/img\/test_result\/7\/1.png\" style=\"display: none\" alt=\"\" title=\"\">\r\n                  <img decoding=\"async\" src=\"\/wp-content\/themes\/generatepress\/tools\/assets\/img\/test_result\/4\/1.png\" style=\"display: none\" alt=\"\" title=\"\">\r\n                  <script>\r\n                     var test_result = {\"ratings\":{\"min\":0,\"max\":5},\"rating_ranks\":[\"Your Rank is Snail!\",\"Your Rank is Koala!\",\"Your Rank is Turtle!\",\"Your Rank is Panda!\",\"Your Rank is Hare!\",\"Your Rank is Kangaroo!\",\"Your Rank is Panther!\",\"Your Rank is Cheetah!\"],\"cps_scale\":[[0,1],[1,3],[3,5],[5,7],[7,9],[9,10],[10,12],[12,999]],\"files\":{\"3\":[\"\\\/wp-content\\\/themes\\\/generatepress\\\/tools\\\\assets\\\/img\\\/test_result\\\/3\\\/1.png\"],\"5\":[\"\\\/wp-content\\\/themes\\\/generatepress\\\/tools\\\\assets\\\/img\\\/test_result\\\/5\\\/1.png\"],\"1\":[\"\\\/wp-content\\\/themes\\\/generatepress\\\/tools\\\\assets\\\/img\\\/test_result\\\/1\\\/1.png\"],\"2\":[\"\\\/wp-content\\\/themes\\\/generatepress\\\/tools\\\\assets\\\/img\\\/test_result\\\/2\\\/1.png\"],\"0\":[\"\\\/wp-content\\\/themes\\\/generatepress\\\/tools\\\\assets\\\/img\\\/test_result\\\/0\\\/1.png\"],\"6\":[\"\\\/wp-content\\\/themes\\\/generatepress\\\/tools\\\\assets\\\/img\\\/test_result\\\/6\\\/1.png\"],\"7\":[\"\\\/wp-content\\\/themes\\\/generatepress\\\/tools\\\\assets\\\/img\\\/test_result\\\/7\\\/1.png\"],\"4\":[\"\\\/wp-content\\\/themes\\\/generatepress\\\/tools\\\\assets\\\/img\\\/test_result\\\/4\\\/1.png\"]}};\r\n                     var language = {\"code\":\"en\",\"name\":\"English\",\"prefix\":\"\"};\r\n                     var monitoringClickEvent = 'left';\r\n                     var shareTextDefault = 'My Manual Click Test result is {speed} ({clicks} Clicks in {time} Seconds)';\r\n                  <\/script>        \r\n               <\/div>\r\n            <\/section>\r\n\t\t\r\n\t<\/div>\r\n<\/div>\r\n\r\n    <script src=\"\/wp-content\/themes\/generatepress\/tools\/assets\/js\/libs.min.js\"><\/script>\r\n      <script src=\"\/wp-content\/themes\/generatepress\/tools\/assets\/js\/main.min.js?v64\"><\/script>\r\n\n\n<p><\/p>\n\n<p>Os utilizadores do Manual Click Test podem testar a sua velocidade de clique sem restri\u00e7\u00f5es de tempo. S\u00f3 precisa de continuar a clicar na mesma velocidade durante o m\u00e1ximo de tempo poss\u00edvel porque, ao contr\u00e1rio do teste CPS habitual, este n\u00e3o termina automaticamente ap\u00f3s um certo per\u00edodo de tempo. Uma vez terminado o teste, pode termin\u00e1-lo manualmente.<\/p>\n\n<h2 class=\"wp-block-heading\">Teste CPS Manual<\/h2>\n\n<p>Quando pretende avaliar a sua capacidade de clicar, todos os cen\u00e1rios, tais como o estabelecimento de um temporizador para um teste de velocidade de clique, s\u00e3o eliminados. \u00c9 imposs\u00edvel avaliar a sua velocidade de clique dentro de um intervalo de tempo definido. Portanto, desenvolvemos um sistema que lhe permite testar a sua velocidade de clique actual ao longo de um tempo infinito e determina durante quanto tempo pode continuar a clicar a uma determinada taxa por segundo.<\/p>\n\n<p>O teste CPS Manual calcula quantos cliques um indiv\u00edduo pode fazer num n\u00famero pr\u00e9-determinado de segundos. Pode verificar a sua velocidade de clique online sem custos, utilizando um dos numerosos s\u00edtios de teste de velocidade de clique.<\/p>\n<div class=\"wp-block-image\">\n<figure class=\"aligncenter size-full\"><img loading=\"lazy\" decoding=\"async\" width=\"1000\" height=\"500\" src=\"https:\/\/cpstesters.com\/wp-content\/uploads\/2022\/08\/Manual_Click-Test.jpg\" alt=\"Teste de clique manual\" class=\"wp-image-315\" title=\"\" srcset=\"https:\/\/cpstesters.com\/wp-content\/uploads\/2022\/08\/Manual_Click-Test.jpg 1000w, https:\/\/cpstesters.com\/wp-content\/uploads\/2022\/08\/Manual_Click-Test-300x150.jpg 300w, https:\/\/cpstesters.com\/wp-content\/uploads\/2022\/08\/Manual_Click-Test-768x384.jpg 768w\" sizes=\"auto, (max-width: 1000px) 100vw, 1000px\" \/><figcaption class=\"wp-element-caption\">Teste de clique manual<\/figcaption><\/figure>\n<\/div>\n<h2 class=\"wp-block-heading\">Como funciona o Manual Click Test?<\/h2>\n\n<p>O contador de cliques embutido adiciona cliques assim que o utilizador come\u00e7a a jogar. Al\u00e9m disso, assim que o utilizador clicar na caixa de verifica\u00e7\u00e3o &#8220;Start Playing&#8221; para a primeira sess\u00e3o, o contador decrescente come\u00e7a.<\/p>\n\n<p>O contador de cliques cresce \u00e0 medida que mais cliques s\u00e3o feitos em sucess\u00e3o. Quando o tempo atribu\u00eddo tiver passado, os valores para CPM (Cliques por minuto) e CPS (Cliques por segundo) s\u00e3o finalmente mostrados. O monitor, no entanto, s\u00f3 funcionar\u00e1 na \u00e1rea designada. Para obter o resultado desejado, basta clicar na \u00e1rea de jogo ideal.<\/p>\n\n<p class=\"has-text-align-center has-base-background-color has-background has-medium-font-size\">Fa\u00e7a tamb\u00e9m um teste completo de <a href=\"https:\/\/cpstesters.com\/pt-br\/\" target=\"_blank\" rel=\"noreferrer noopener\">DPC<\/a> antes de ir para o teste manual  <\/p>\n\n<h2 class=\"wp-block-heading\">Diferentes per\u00edodos de tempo do Teste CPS<\/h2>\n\n<ul class=\"wp-block-list\">\n<li>Teste de 3 segundos<\/li>\n\n\n\n<li>Teste de 4 segundos<\/li>\n\n\n\n<li>Teste de 5 segundos<\/li>\n\n\n\n<li>Teste de 10 segundos<\/li>\n\n\n\n<li>Teste de 15 segundos<\/li>\n\n\n\n<li>teste de 30 segundos<\/li>\n\n\n\n<li>60 segundos de teste<\/li>\n\n\n\n<li>Teste de 100 segundos<\/li>\n<\/ul>\n\n<p>Pode escolher qualquer dura\u00e7\u00e3o para o teste do clique; se for um principiante, comece com 3 segundos e acompanhe o seu desenvolvimento. Escreva o seu registo para os 10 segundos seguintes. Pratique muito para melhorar ao clicar nos jogos, se quiser clicar mais rapidamente.<\/p>\n\n<h2 class=\"wp-block-heading\">Caracter\u00edsticas de um teste de clique manual<\/h2>\n\n<h3 class=\"wp-block-heading\"><strong>1.<\/strong> <strong>Sem prazo<\/strong><\/h3>\n\n<p>A principal vantagem desta estrat\u00e9gia \u00e9 que n\u00e3o h\u00e1 restri\u00e7\u00e3o de tempo. O teste pode ser interrompido em qualquer altura. O seu desempenho ao clicar melhora devido a isso.<\/p>\n\n<h3 class=\"wp-block-heading\"><strong>2.<\/strong> <strong>Desafie-se<\/strong><\/h3>\n\n<p>Ao utilizar o modo de teste de clique manual cps, poder\u00e1 ver a rapidez com que pode clicar. Testa a sua capacidade de manter a taxa de cliques por segundo durante um per\u00edodo prolongado.<\/p>\n\n<h2 class=\"wp-block-heading has-text-align-center\">FAQ&#8217;s<\/h2>\n\n<h3 class=\"wp-block-heading\"><strong>Como posso determinar a minha taxa de clique por segundo (cps)?<\/strong><\/h3>\n\n<p>Total de cliques \/ Tempo total em segundos \u00e9 igual a cliques por segundo (CPS). Basta seguir as instru\u00e7\u00f5es f\u00e1ceis para verificar os seus Clicks por segundo de pontua\u00e7\u00e3o.  <\/p>\n\n<h3 class=\"wp-block-heading\"><strong>Qual \u00e9 a taxa de CPS do clique?<\/strong><\/h3>\n\n<p>O CPS significa cliques por segundo, em m\u00e9dia. Serve como indicador da rapidez com que se pode premir um rato. A taxa CPS \u00e9 o resultado do teste de velocidade Click.<\/p>\n\n<h3 class=\"wp-block-heading\"><strong>Como posso realizar um teste manual de clique?<\/strong><\/h3>\n\n<p>Sob o teste prim\u00e1rio, seleccionar o bot\u00e3o &#8216;Teste de clique manual&#8217;. Encontra-se agora na p\u00e1gina do Manual Click Test. Clique no bot\u00e3o verde para iniciar o teste. Tanto quanto puder, continue a clicar.<\/p>\n\n<h2 class=\"wp-block-heading\">Conclus\u00e3o do Teste CPS Manual<\/h2>\n\n<p>\u00c9 inteiramente livre de usar e uma solu\u00e7\u00e3o de uma s\u00f3 paragem para medir a velocidade de clique do rato. Qualquer tipo de dispositivo, incluindo um telem\u00f3vel, computador, desktop, iPad, etc., pode utilizar a plataforma. \u00c9 tamb\u00e9m muito leve e r\u00e1pido. Os resultados s\u00e3o tamb\u00e9m 100 por cento exactos. Assim, n\u00e3o h\u00e1 possibilidade de um resultado falso.<\/p>\n\n<p>Temos alguns outros testes que poder\u00e1 querer verificar:<\/p>\n\n<ul class=\"wp-block-list\">\n<li><a href=\"https:\/\/cpstesters.com\/pt-br\/drag-click-test\/\" target=\"_blank\" rel=\"noreferrer noopener\">Teste de Drag Click<\/a><\/li>\n\n\n\n<li><a href=\"https:\/\/cpstesters.com\/pt-br\/double-click-test\/\" target=\"_blank\" rel=\"noreferrer noopener\">Teste de duplo clique<\/a><\/li>\n\n\n\n<li><a href=\"https:\/\/cpstesters.com\/pt-br\/teste-de-rolagem-do-rato\/\" target=\"_blank\" rel=\"noreferrer noopener\">Teste de Pergaminho do Rato<\/a><\/li>\n\n\n\n<li><a href=\"https:\/\/cpstesters.com\/pt-br\/contador-da-barra-de-espaco\/\" target=\"_blank\" rel=\"noreferrer noopener\">Contador da barra de espa\u00e7o<\/a><\/li>\n\n\n\n<li><a href=\"https:\/\/cpstesters.com\/pt-br\/teste-do-teclado\/\" target=\"_blank\" rel=\"noreferrer noopener\">Teste do teclado<\/a><\/li>\n<\/ul>\n","protected":false},"excerpt":{"rendered":"<p>O Teste do Clique Manual \u00e9 um jogo de clique que \u00e9 usado para contar os seus cliques no per\u00edodo de tempo manual definido por &#8230; <\/p>\n<p class=\"read-more-container\"><a title=\"Teste de clique manual | Verifique a sua velocidade CPS\" class=\"read-more button\" href=\"https:\/\/cpstesters.com\/pt-br\/teste-de-clique-manual\/#more-2466\" aria-label=\"Read more about Teste de clique manual | Verifique a sua velocidade CPS\">Read More<\/a><\/p>\n","protected":false},"author":4,"featured_media":1152,"parent":0,"menu_order":0,"comment_status":"closed","ping_status":"closed","template":"","meta":{"footnotes":""},"class_list":["post-2466","page","type-page","status-publish","has-post-thumbnail"],"_links":{"self":[{"href":"https:\/\/cpstesters.com\/pt-br\/wp-json\/wp\/v2\/pages\/2466","targetHints":{"allow":["GET"]}}],"collection":[{"href":"https:\/\/cpstesters.com\/pt-br\/wp-json\/wp\/v2\/pages"}],"about":[{"href":"https:\/\/cpstesters.com\/pt-br\/wp-json\/wp\/v2\/types\/page"}],"author":[{"embeddable":true,"href":"https:\/\/cpstesters.com\/pt-br\/wp-json\/wp\/v2\/users\/4"}],"replies":[{"embeddable":true,"href":"https:\/\/cpstesters.com\/pt-br\/wp-json\/wp\/v2\/comments?post=2466"}],"version-history":[{"count":5,"href":"https:\/\/cpstesters.com\/pt-br\/wp-json\/wp\/v2\/pages\/2466\/revisions"}],"predecessor-version":[{"id":5909,"href":"https:\/\/cpstesters.com\/pt-br\/wp-json\/wp\/v2\/pages\/2466\/revisions\/5909"}],"wp:featuredmedia":[{"embeddable":true,"href":"https:\/\/cpstesters.com\/pt-br\/wp-json\/wp\/v2\/media\/1152"}],"wp:attachment":[{"href":"https:\/\/cpstesters.com\/pt-br\/wp-json\/wp\/v2\/media?parent=2466"}],"curies":[{"name":"wp","href":"https:\/\/api.w.org\/{rel}","templated":true}]}}