{"id":2334,"date":"2024-07-16T14:04:01","date_gmt":"2024-07-16T14:04:01","guid":{"rendered":"https:\/\/cpstesters.com\/politica-de-privacidade\/"},"modified":"2024-09-17T16:03:08","modified_gmt":"2024-09-17T16:03:08","slug":"politica-de-privacidade","status":"publish","type":"page","link":"https:\/\/cpstesters.com\/pt-br\/politica-de-privacidade\/","title":{"rendered":"pol\u00edtica de Privacidade"},"content":{"rendered":"\n<p>Esta Pol\u00edtica de Privacidade descreve Nossas pol\u00edticas e procedimentos sobre a coleta, uso e divulga\u00e7\u00e3o de Suas informa\u00e7\u00f5es quando Voc\u00ea usa o Servi\u00e7o e informa sobre Seus direitos de privacidade e como a lei O protege.<\/p>\n\n\n\n<p>Usamos Seus Dados Pessoais para fornecer e melhorar o Servi\u00e7o. Ao usar o Servi\u00e7o, Voc\u00ea concorda com a coleta e uso de informa\u00e7\u00f5es de acordo com esta Pol\u00edtica de Privacidade. Esta Pol\u00edtica de Privacidade foi criada com a ajuda do&nbsp;&nbsp;<a href=\"https:\/\/translate.google.com\/website?sl=en&amp;tl=pt&amp;hl=en&amp;client=webapp&amp;u=https:\/\/www.termsfeed.com\/privacy-policy-generator\/\" target=\"_blank\" rel=\"noreferrer noopener\">Privacy Policy Generator<\/a>&nbsp;.<\/p>\n\n\n\n<h2 class=\"wp-block-heading\">Interpreta\u00e7\u00e3o e Defini\u00e7\u00f5es<\/h2>\n\n\n\n<h3 class=\"wp-block-heading\">Interpreta\u00e7\u00e3o<\/h3>\n\n\n\n<p>As palavras cuja letra inicial \u00e9 mai\u00fascula t\u00eam significados definidos sob as seguintes condi\u00e7\u00f5es. As seguintes defini\u00e7\u00f5es ter\u00e3o o mesmo significado independentemente de aparecerem no singular ou no plural.<\/p>\n\n\n\n<h3 class=\"wp-block-heading\">Defini\u00e7\u00f5es<\/h3>\n\n\n\n<p>Para os fins desta Pol\u00edtica de Privacidade:<\/p>\n\n\n\n<ul class=\"wp-block-list\">\n<li><strong>Conta<\/strong>&nbsp;&nbsp;significa uma conta exclusiva criada para Voc\u00ea acessar nosso Servi\u00e7o ou partes do nosso Servi\u00e7o.<\/li>\n\n\n\n<li><strong>Afiliada<\/strong>&nbsp;&nbsp;significa uma entidade que controla, \u00e9 controlada por ou est\u00e1 sob controle comum com uma parte, onde \u201ccontrole\u201d significa propriedade de 50% ou mais das a\u00e7\u00f5es, participa\u00e7\u00e3o acion\u00e1ria ou outros t\u00edtulos com direito a voto para elei\u00e7\u00e3o de diretores ou outra autoridade administrativa.<\/li>\n\n\n\n<li><strong>Empresa<\/strong>&nbsp;&nbsp;(referida como \u201ca Empresa\u201d, \u201cN\u00f3s\u201d, \u201cNos\u201d ou \u201cNosso\u201d neste Contrato) refere-se aos testadores cps.<\/li>\n\n\n\n<li><strong>Cookies<\/strong>&nbsp;&nbsp;s\u00e3o pequenos arquivos que s\u00e3o colocados no seu computador, dispositivo m\u00f3vel ou qualquer outro dispositivo por um site, contendo os detalhes do seu hist\u00f3rico de navega\u00e7\u00e3o naquele site, entre seus muitos usos.<\/li>\n\n\n\n<li><strong>Pa\u00eds<\/strong>&nbsp;&nbsp;refere-se a: Karnataka, \u00cdndia<\/li>\n\n\n\n<li><strong>Dispositivo<\/strong>&nbsp;&nbsp;significa qualquer dispositivo que possa acessar o Servi\u00e7o, como um computador, um celular ou um tablet digital.<\/li>\n\n\n\n<li><strong>Dados Pessoais<\/strong>&nbsp;&nbsp;s\u00e3o quaisquer informa\u00e7\u00f5es relacionadas a um indiv\u00edduo identificado ou identific\u00e1vel.<\/li>\n\n\n\n<li><strong>Servi\u00e7o<\/strong>&nbsp;&nbsp;refere-se ao Site.<\/li>\n\n\n\n<li><strong>Provedor de Servi\u00e7o<\/strong>&nbsp;&nbsp;significa qualquer pessoa f\u00edsica ou jur\u00eddica que processa os dados em nome da Empresa. Refere-se a empresas terceirizadas ou indiv\u00edduos empregados pela Empresa para facilitar o Servi\u00e7o, fornecer o Servi\u00e7o em nome da Empresa, executar servi\u00e7os relacionados ao Servi\u00e7o ou auxiliar a Empresa a analisar como o Servi\u00e7o \u00e9 usado.<\/li>\n\n\n\n<li><strong>Dados de Uso<\/strong>&nbsp;&nbsp;referem-se a dados coletados automaticamente, gerados pelo uso do Servi\u00e7o ou pela pr\u00f3pria infraestrutura do Servi\u00e7o (por exemplo, a dura\u00e7\u00e3o de uma visita \u00e0 p\u00e1gina).<\/li>\n\n\n\n<li><strong>O site<\/strong>&nbsp;&nbsp;se refere aos testadores cps, acess\u00edvel em&nbsp;&nbsp;<a href=\"https:\/\/cpstesters-com.translate.goog\/?_x_tr_sl=en&amp;_x_tr_tl=pt&amp;_x_tr_hl=en&amp;_x_tr_pto=wapp\" target=\"_blank\" rel=\"noreferrer noopener\">https:\/\/cpstesters.com\/<\/a><\/li>\n\n\n\n<li><strong>Voc\u00ea<\/strong>&nbsp;&nbsp;significa o indiv\u00edduo que acessa ou usa o Servi\u00e7o, ou a empresa, ou outra entidade legal em nome da qual tal indiv\u00edduo est\u00e1 acessando ou usando o Servi\u00e7o, conforme aplic\u00e1vel.<\/li>\n<\/ul>\n\n\n\n<h2 class=\"wp-block-heading\">Coleta e uso de seus dados pessoais<\/h2>\n\n\n\n<h3 class=\"wp-block-heading\">Tipos de dados coletados<\/h3>\n\n\n\n<h4 class=\"wp-block-heading\">Dados pessoais<\/h4>\n\n\n\n<p>Ao usar Nosso Servi\u00e7o, Podemos pedir que Voc\u00ea Nos forne\u00e7a certas informa\u00e7\u00f5es pessoalmente identific\u00e1veis \u200b\u200bque podem ser usadas para contat\u00e1-lo ou identific\u00e1-lo. As informa\u00e7\u00f5es pessoalmente identific\u00e1veis \u200b\u200bpodem incluir, mas n\u00e3o est\u00e3o limitadas a:<\/p>\n\n\n\n<ul class=\"wp-block-list\">\n<li>Dados de uso<\/li>\n<\/ul>\n\n\n\n<h4 class=\"wp-block-heading\">Dados de uso<\/h4>\n\n\n\n<p>Os Dados de Uso s\u00e3o coletados automaticamente ao usar o Servi\u00e7o.<\/p>\n\n\n\n<p>Os Dados de Uso podem incluir informa\u00e7\u00f5es como o endere\u00e7o de Protocolo de Internet do Seu Dispositivo (por exemplo, endere\u00e7o IP), tipo de navegador, vers\u00e3o do navegador, as p\u00e1ginas do nosso Servi\u00e7o que Voc\u00ea visita, a hora e a data da Sua visita, o tempo gasto nessas p\u00e1ginas, identificadores exclusivos do dispositivo e outros dados de diagn\u00f3stico.<\/p>\n\n\n\n<p>Quando voc\u00ea acessa o Servi\u00e7o por ou atrav\u00e9s de um dispositivo m\u00f3vel, podemos coletar certas informa\u00e7\u00f5es automaticamente, incluindo, mas n\u00e3o se limitando a, o tipo de dispositivo m\u00f3vel que voc\u00ea usa, o ID exclusivo do seu dispositivo m\u00f3vel, o endere\u00e7o IP do seu dispositivo m\u00f3vel, seu sistema operacional m\u00f3vel, o tipo de navegador de Internet m\u00f3vel que voc\u00ea usa, identificadores exclusivos do dispositivo e outros dados de diagn\u00f3stico.<\/p>\n\n\n\n<p>Tamb\u00e9m podemos coletar informa\u00e7\u00f5es que seu navegador envia sempre que voc\u00ea visita nosso Servi\u00e7o ou quando acessa o Servi\u00e7o por ou atrav\u00e9s de um dispositivo m\u00f3vel.<\/p>\n\n\n\n<h4 class=\"wp-block-heading\">Tecnologias de rastreamento e cookies<\/h4>\n\n\n\n<p>Usamos Cookies e tecnologias de rastreamento semelhantes para rastrear a atividade em Nosso Servi\u00e7o e armazenar certas informa\u00e7\u00f5es. As tecnologias de rastreamento usadas s\u00e3o beacons, tags e scripts para coletar e rastrear informa\u00e7\u00f5es e para melhorar e analisar Nosso Servi\u00e7o. As tecnologias que usamos podem incluir:<\/p>\n\n\n\n<ul class=\"wp-block-list\">\n<li><strong>Cookies ou Cookies do Navegador.<\/strong>&nbsp;&nbsp;Um cookie \u00e9 um pequeno arquivo colocado no Seu Dispositivo. Voc\u00ea pode instruir Seu navegador a recusar todos os Cookies ou a indicar quando um Cookie est\u00e1 sendo enviado. No entanto, se Voc\u00ea n\u00e3o aceitar Cookies, Voc\u00ea pode n\u00e3o conseguir usar algumas partes do nosso Servi\u00e7o. A menos que voc\u00ea tenha ajustado a configura\u00e7\u00e3o do Seu navegador para que ele recuse Cookies, nosso Servi\u00e7o pode usar Cookies.<\/li>\n\n\n\n<li><strong>Web Beacons.<\/strong>&nbsp;&nbsp;Certas se\u00e7\u00f5es do nosso Servi\u00e7o e nossos e-mails podem conter pequenos arquivos eletr\u00f4nicos conhecidos como web beacons (tamb\u00e9m chamados de clear gifs, pixel tags e single-pixel gifs) que permitem \u00e0 Empresa, por exemplo, contar usu\u00e1rios que visitaram essas p\u00e1ginas ou abriram um e-mail e para outras estat\u00edsticas relacionadas ao site (por exemplo, registrar a popularidade de uma determinada se\u00e7\u00e3o e verificar a integridade do sistema e do servidor).<\/li>\n<\/ul>\n\n\n\n<p>Os cookies podem ser Cookies \u201cPersistentes\u201d ou \u201cDe Sess\u00e3o\u201d. Os Cookies Persistentes permanecem no Seu computador pessoal ou dispositivo m\u00f3vel quando Voc\u00ea fica offline, enquanto os Cookies de Sess\u00e3o s\u00e3o exclu\u00eddos assim que Voc\u00ea fecha o Seu navegador da web. Voc\u00ea pode aprender mais sobre cookies no&nbsp;&nbsp;&nbsp;artigo&nbsp;<a href=\"https:\/\/translate.google.com\/website?sl=en&amp;tl=pt&amp;hl=en&amp;client=webapp&amp;u=https:\/\/www.termsfeed.com\/blog\/cookies\/%23What_Are_Cookies\" target=\"_blank\" rel=\"noreferrer noopener\">do site TermsFeed .<\/a><\/p>\n\n\n\n<p>Utilizamos cookies de sess\u00e3o e persistentes para os prop\u00f3sitos definidos abaixo:<\/p>\n\n\n\n<ul class=\"wp-block-list\">\n<li><strong>Cookies Necess\u00e1rios\/Essenciais<\/strong>&nbsp;Tipo: Cookies de Sess\u00e3oAdministrado por: N\u00f3sFinalidade: Esses Cookies s\u00e3o essenciais para fornecer a Voc\u00ea servi\u00e7os dispon\u00edveis por meio do Site e para permitir que Voc\u00ea use alguns de seus recursos. Eles ajudam a autenticar usu\u00e1rios e evitar o uso fraudulento de contas de usu\u00e1rios. Sem esses Cookies, os servi\u00e7os que Voc\u00ea solicitou n\u00e3o podem ser fornecidos, e N\u00f3s somente usamos esses Cookies para fornecer a Voc\u00ea esses servi\u00e7os.<\/li>\n\n\n\n<li><strong>Pol\u00edtica de Cookies \/ Aviso de Aceita\u00e7\u00e3o<\/strong>&nbsp;Tipo de Cookies: Cookies Persistentes Administrado por: N\u00f3s Finalidade: Esses Cookies identificam se os usu\u00e1rios aceitaram o uso de cookies no Site.<\/li>\n\n\n\n<li><strong>Cookies de Funcionalidade<\/strong>&nbsp;Tipo: Cookies PersistentesAdministrado por: N\u00f3sFinalidade: Esses Cookies nos permitem lembrar as escolhas que Voc\u00ea faz quando Voc\u00ea usa o Site, como lembrar seus detalhes de login ou prefer\u00eancia de idioma. A finalidade desses Cookies \u00e9 fornecer a Voc\u00ea uma experi\u00eancia mais pessoal e evitar que Voc\u00ea tenha que inserir novamente suas prefer\u00eancias toda vez que Voc\u00ea usar o Site.<\/li>\n<\/ul>\n\n\n\n<p>Para obter mais informa\u00e7\u00f5es sobre os cookies que usamos e suas escolhas em rela\u00e7\u00e3o a cookies, visite nossa Pol\u00edtica de Cookies ou a se\u00e7\u00e3o Cookies da nossa Pol\u00edtica de Privacidade.<\/p>\n\n\n\n<h3 class=\"wp-block-heading\">Uso de seus dados pessoais<\/h3>\n\n\n\n<p>A Empresa poder\u00e1 utilizar Dados Pessoais para as seguintes finalidades:<\/p>\n\n\n\n<ul class=\"wp-block-list\">\n<li><strong>Para fornecer e manter nosso Servi\u00e7o<\/strong>&nbsp;, incluindo monitorar o uso do nosso Servi\u00e7o.<\/li>\n\n\n\n<li><strong>Para gerenciar Sua Conta:<\/strong>&nbsp;&nbsp;para gerenciar Seu registro como um usu\u00e1rio do Servi\u00e7o. Os Dados Pessoais que Voc\u00ea fornece podem dar a Voc\u00ea acesso a diferentes funcionalidades do Servi\u00e7o que est\u00e3o dispon\u00edveis para Voc\u00ea como um usu\u00e1rio registrado.<\/li>\n\n\n\n<li><strong>Para a execu\u00e7\u00e3o de um contrato:<\/strong>&nbsp;&nbsp;o desenvolvimento, a conformidade e a execu\u00e7\u00e3o do contrato de compra dos produtos, itens ou servi\u00e7os que Voc\u00ea adquiriu ou de qualquer outro contrato Conosco por meio do Servi\u00e7o.<\/li>\n\n\n\n<li><strong>Para entrar em contato com Voc\u00ea:<\/strong>&nbsp;&nbsp;Para entrar em contato com Voc\u00ea por e-mail, chamadas telef\u00f4nicas, SMS ou outras formas equivalentes de comunica\u00e7\u00e3o eletr\u00f4nica, como notifica\u00e7\u00f5es push de um aplicativo m\u00f3vel sobre atualiza\u00e7\u00f5es ou comunica\u00e7\u00f5es informativas relacionadas \u00e0s funcionalidades, produtos ou servi\u00e7os contratados, incluindo atualiza\u00e7\u00f5es de seguran\u00e7a, quando necess\u00e1rio ou razo\u00e1vel para sua implementa\u00e7\u00e3o.<\/li>\n\n\n\n<li><strong>Para fornecer a Voc\u00ea<\/strong>&nbsp;&nbsp;not\u00edcias, ofertas especiais e informa\u00e7\u00f5es gerais sobre outros bens, servi\u00e7os e eventos que oferecemos e que sejam semelhantes aos que Voc\u00ea j\u00e1 comprou ou sobre os quais perguntou, a menos que Voc\u00ea tenha optado por n\u00e3o receber tais informa\u00e7\u00f5es.<\/li>\n\n\n\n<li><strong>Para gerenciar suas solicita\u00e7\u00f5es:<\/strong>&nbsp;&nbsp;Para atender e gerenciar suas solicita\u00e7\u00f5es para N\u00f3s.<\/li>\n\n\n\n<li><strong>Para transfer\u00eancias comerciais:<\/strong>&nbsp;&nbsp;Podemos usar suas informa\u00e7\u00f5es para avaliar ou conduzir uma fus\u00e3o, aliena\u00e7\u00e3o, reestrutura\u00e7\u00e3o, reorganiza\u00e7\u00e3o, dissolu\u00e7\u00e3o ou outra venda ou transfer\u00eancia de alguns ou todos os nossos ativos, seja como um neg\u00f3cio em andamento ou como parte de fal\u00eancia, liquida\u00e7\u00e3o ou processo semelhante, no qual os Dados Pessoais mantidos por N\u00f3s sobre os usu\u00e1rios do nosso Servi\u00e7o estejam entre os ativos transferidos.<\/li>\n\n\n\n<li><strong>Para outras finalidades<\/strong>&nbsp;: Podemos usar suas informa\u00e7\u00f5es para outras finalidades, como an\u00e1lise de dados, identifica\u00e7\u00e3o de tend\u00eancias de uso, determina\u00e7\u00e3o da efic\u00e1cia de nossas campanhas promocionais e para avaliar e melhorar nosso Servi\u00e7o, produtos, servi\u00e7os, marketing e sua experi\u00eancia.<\/li>\n<\/ul>\n\n\n\n<p>Podemos compartilhar suas informa\u00e7\u00f5es pessoais nas seguintes situa\u00e7\u00f5es:<\/p>\n\n\n\n<ul class=\"wp-block-list\">\n<li><strong>Com Provedores de Servi\u00e7os:<\/strong>&nbsp;&nbsp;Podemos compartilhar suas informa\u00e7\u00f5es pessoais com Provedores de Servi\u00e7os para monitorar e analisar o uso do nosso Servi\u00e7o, para entrar em contato com Voc\u00ea.<\/li>\n\n\n\n<li><strong>Para transfer\u00eancias comerciais:<\/strong>&nbsp;&nbsp;Podemos compartilhar ou transferir suas informa\u00e7\u00f5es pessoais em conex\u00e3o com, ou durante negocia\u00e7\u00f5es de, qualquer fus\u00e3o, venda de ativos da Empresa, financiamento ou aquisi\u00e7\u00e3o de todo ou parte de Nossos neg\u00f3cios para outra empresa.<\/li>\n\n\n\n<li><strong>Com Afiliados:<\/strong>&nbsp;&nbsp;Podemos compartilhar Suas informa\u00e7\u00f5es com Nossos afiliados, caso em que exigiremos que esses afiliados honrem esta Pol\u00edtica de Privacidade. Afiliados incluem Nossa empresa controladora e quaisquer outras subsidi\u00e1rias, parceiros de joint venture ou outras empresas que controlamos ou que est\u00e3o sob controle comum conosco.<\/li>\n\n\n\n<li><strong>Com parceiros comerciais:<\/strong>&nbsp;&nbsp;Podemos compartilhar suas informa\u00e7\u00f5es com nossos parceiros comerciais para oferecer a voc\u00ea determinados produtos, servi\u00e7os ou promo\u00e7\u00f5es.<\/li>\n\n\n\n<li><strong>Com outros usu\u00e1rios:<\/strong>&nbsp;&nbsp;quando voc\u00ea compartilha informa\u00e7\u00f5es pessoais ou interage de outra forma nas \u00e1reas p\u00fablicas com outros usu\u00e1rios, tais informa\u00e7\u00f5es podem ser visualizadas por todos os usu\u00e1rios e podem ser distribu\u00eddas publicamente fora.<\/li>\n\n\n\n<li><strong>Com seu consentimento<\/strong>&nbsp;: Podemos divulgar suas informa\u00e7\u00f5es pessoais para qualquer outra finalidade com seu consentimento.<\/li>\n<\/ul>\n\n\n\n<h3 class=\"wp-block-heading\">Reten\u00e7\u00e3o dos seus dados pessoais<\/h3>\n\n\n\n<p>A Empresa reter\u00e1 Seus Dados Pessoais somente pelo tempo que for necess\u00e1rio para os prop\u00f3sitos estabelecidos nesta Pol\u00edtica de Privacidade. Reteremos e usaremos Seus Dados Pessoais na medida necess\u00e1ria para cumprir com nossas obriga\u00e7\u00f5es legais (por exemplo, se formos obrigados a reter seus dados para cumprir com as leis aplic\u00e1veis), resolver disputas e aplicar nossos acordos e pol\u00edticas legais.<\/p>\n\n\n\n<p>A Empresa tamb\u00e9m reter\u00e1 Dados de Uso para fins de an\u00e1lise interna. Os Dados de Uso s\u00e3o geralmente retidos por um per\u00edodo de tempo mais curto, exceto quando esses dados s\u00e3o usados \u200b\u200bpara fortalecer a seguran\u00e7a ou para melhorar a funcionalidade do Nosso Servi\u00e7o, ou somos legalmente obrigados a reter esses dados por per\u00edodos de tempo mais longos.<\/p>\n\n\n\n<h3 class=\"wp-block-heading\">Transfer\u00eancia dos seus dados pessoais<\/h3>\n\n\n\n<p>Suas informa\u00e7\u00f5es, incluindo Dados Pessoais, s\u00e3o processadas nos escrit\u00f3rios operacionais da Empresa e em quaisquer outros lugares onde as partes envolvidas no processamento estejam localizadas. Isso significa que essas informa\u00e7\u00f5es podem ser transferidas para \u2014 e mantidas em \u2014 computadores localizados fora do Seu estado, prov\u00edncia, pa\u00eds ou outra jurisdi\u00e7\u00e3o governamental onde as leis de prote\u00e7\u00e3o de dados podem diferir daquelas da Sua jurisdi\u00e7\u00e3o.<\/p>\n\n\n\n<p>Seu consentimento com esta Pol\u00edtica de Privacidade seguido pelo envio de tais informa\u00e7\u00f5es representa sua concord\u00e2ncia com essa transfer\u00eancia.<\/p>\n\n\n\n<p>A Empresa tomar\u00e1 todas as medidas razoavelmente necess\u00e1rias para garantir que Seus dados sejam tratados com seguran\u00e7a e de acordo com esta Pol\u00edtica de Privacidade e nenhuma transfer\u00eancia de Seus Dados Pessoais ocorrer\u00e1 para uma organiza\u00e7\u00e3o ou um pa\u00eds, a menos que haja controles adequados, incluindo a seguran\u00e7a de Seus dados e outras informa\u00e7\u00f5es pessoais.<\/p>\n\n\n\n<h3 class=\"wp-block-heading\">Excluir seus dados pessoais<\/h3>\n\n\n\n<p>Voc\u00ea tem o direito de excluir ou solicitar que ajudemos a excluir os Dados Pessoais que coletamos sobre Voc\u00ea.<\/p>\n\n\n\n<p>Nosso Servi\u00e7o pode lhe dar a capacidade de excluir certas informa\u00e7\u00f5es sobre Voc\u00ea dentro do Servi\u00e7o.<\/p>\n\n\n\n<p>Voc\u00ea pode atualizar, alterar ou excluir Suas informa\u00e7\u00f5es a qualquer momento, acessando Sua Conta, se tiver uma, e visitando a se\u00e7\u00e3o de configura\u00e7\u00f5es da conta que permite que voc\u00ea gerencie Suas informa\u00e7\u00f5es pessoais. Voc\u00ea tamb\u00e9m pode entrar em contato Conosco para solicitar acesso, corrigir ou excluir quaisquer informa\u00e7\u00f5es pessoais que Voc\u00ea tenha fornecido a N\u00f3s.<\/p>\n\n\n\n<p>Observe, no entanto, que podemos precisar reter certas informa\u00e7\u00f5es quando tivermos uma obriga\u00e7\u00e3o legal ou base legal para faz\u00ea-lo.<\/p>\n\n\n\n<h3 class=\"wp-block-heading\">Divulga\u00e7\u00e3o dos seus dados pessoais<\/h3>\n\n\n\n<h4 class=\"wp-block-heading\">Transa\u00e7\u00f5es comerciais<\/h4>\n\n\n\n<p>Se a Empresa estiver envolvida em uma fus\u00e3o, aquisi\u00e7\u00e3o ou venda de ativos, Seus Dados Pessoais poder\u00e3o ser transferidos. N\u00f3s forneceremos um aviso antes que Seus Dados Pessoais sejam transferidos e se tornem sujeitos a uma Pol\u00edtica de Privacidade diferente.<\/p>\n\n\n\n<h4 class=\"wp-block-heading\">Aplica\u00e7\u00e3o da lei<\/h4>\n\n\n\n<p>Sob certas circunst\u00e2ncias, a Empresa pode ser obrigada a divulgar Seus Dados Pessoais se exigido por lei ou em resposta a solicita\u00e7\u00f5es v\u00e1lidas de autoridades p\u00fablicas (por exemplo, um tribunal ou uma ag\u00eancia governamental).<\/p>\n\n\n\n<h4 class=\"wp-block-heading\">Outros requisitos legais<\/h4>\n\n\n\n<p>A Empresa pode divulgar Seus Dados Pessoais acreditando de boa-f\u00e9 que tal a\u00e7\u00e3o \u00e9 necess\u00e1ria para:<\/p>\n\n\n\n<ul class=\"wp-block-list\">\n<li>Cumprir uma obriga\u00e7\u00e3o legal<\/li>\n\n\n\n<li>Proteger e defender os direitos ou propriedade da Empresa<\/li>\n\n\n\n<li>Prevenir ou investigar poss\u00edveis irregularidades relacionadas ao Servi\u00e7o<\/li>\n\n\n\n<li>Proteger a seguran\u00e7a pessoal dos Usu\u00e1rios do Servi\u00e7o ou do p\u00fablico<\/li>\n\n\n\n<li>Proteja-se contra responsabilidade legal<\/li>\n<\/ul>\n\n\n\n<h3 class=\"wp-block-heading\">Seguran\u00e7a dos seus dados pessoais<\/h3>\n\n\n\n<p>A seguran\u00e7a dos Seus Dados Pessoais \u00e9 importante para N\u00f3s, mas lembre-se de que nenhum m\u00e9todo de transmiss\u00e3o pela Internet ou m\u00e9todo de armazenamento eletr\u00f4nico \u00e9 100% seguro. Embora nos esforcemos para usar meios comercialmente aceit\u00e1veis \u200b\u200bpara proteger Seus Dados Pessoais, n\u00e3o podemos garantir sua seguran\u00e7a absoluta.<\/p>\n\n\n\n<h2 class=\"wp-block-heading\">Privacidade das crian\u00e7as<\/h2>\n\n\n\n<p>Nosso Servi\u00e7o n\u00e3o se dirige a ningu\u00e9m com menos de 13 anos. N\u00e3o coletamos intencionalmente informa\u00e7\u00f5es pessoalmente identific\u00e1veis \u200b\u200bde ningu\u00e9m com menos de 13 anos. Se Voc\u00ea for pai\/m\u00e3e ou respons\u00e1vel e estiver ciente de que Seu filho Nos forneceu Dados Pessoais, entre em contato Conosco. Se tomarmos conhecimento de que coletamos Dados Pessoais de algu\u00e9m com menos de 13 anos sem verifica\u00e7\u00e3o do consentimento dos pais, tomaremos medidas para remover essas informa\u00e7\u00f5es de Nossos servidores.<\/p>\n\n\n\n<p>Se precisarmos confiar no consentimento como base legal para processar suas informa\u00e7\u00f5es e seu pa\u00eds exigir o consentimento de um dos pais, poderemos exigir o consentimento dos seus pais antes de coletar e usar essas informa\u00e7\u00f5es.<\/p>\n\n\n\n<h2 class=\"wp-block-heading\">Links para outros sites<\/h2>\n\n\n\n<p>Nosso Servi\u00e7o pode conter links para outros sites que n\u00e3o s\u00e3o operados por N\u00f3s. Se Voc\u00ea clicar em um link de terceiros, Voc\u00ea ser\u00e1 direcionado para o site desse terceiro. N\u00f3s recomendamos fortemente que Voc\u00ea revise a Pol\u00edtica de Privacidade de cada site que Voc\u00ea visita.<\/p>\n\n\n\n<p>N\u00e3o temos controle e n\u00e3o assumimos nenhuma responsabilidade pelo conte\u00fado, pol\u00edticas de privacidade ou pr\u00e1ticas de quaisquer sites ou servi\u00e7os de terceiros.<\/p>\n\n\n\n<h2 class=\"wp-block-heading\">Altera\u00e7\u00f5es a esta Pol\u00edtica de Privacidade<\/h2>\n\n\n\n<p>Podemos atualizar Nossa Pol\u00edtica de Privacidade de tempos em tempos. N\u00f3s notificaremos Voc\u00ea sobre quaisquer altera\u00e7\u00f5es postando a nova Pol\u00edtica de Privacidade nesta p\u00e1gina.<\/p>\n\n\n\n<p>Informaremos voc\u00ea por e-mail e\/ou um aviso destacado em Nosso Servi\u00e7o, antes que a altera\u00e7\u00e3o entre em vigor e atualizaremos a data da \u201c\u00daltima atualiza\u00e7\u00e3o\u201d no topo desta Pol\u00edtica de Privacidade.<\/p>\n\n\n\n<p>\u00c9 aconselh\u00e1vel que voc\u00ea revise esta Pol\u00edtica de Privacidade periodicamente para quaisquer altera\u00e7\u00f5es. As altera\u00e7\u00f5es a esta Pol\u00edtica de Privacidade entram em vigor quando s\u00e3o publicadas nesta p\u00e1gina.<\/p>\n\n\n\n<h2 class=\"wp-block-heading\">Contate-nos<\/h2>\n\n\n\n<p>Se voc\u00ea tiver alguma d\u00favida sobre esta Pol\u00edtica de Privacidade, entre em contato conosco:<\/p>\n\n\n\n<ul class=\"wp-block-list\">\n<li>Ao visitar esta p\u00e1gina em nosso site:&nbsp;&nbsp;<a href=\"https:\/\/cpstesters-com.translate.goog\/contact-us\/?_x_tr_sl=en&amp;_x_tr_tl=pt&amp;_x_tr_hl=en&amp;_x_tr_pto=wapp\" target=\"_blank\" rel=\"noreferrer noopener\">https:\/\/cpstesters.com\/contact-us\/<\/a><\/li>\n<\/ul>\n\n\n\n<p><\/p>\n","protected":false},"excerpt":{"rendered":"<p>Esta Pol\u00edtica de Privacidade descreve Nossas pol\u00edticas e procedimentos sobre a coleta, uso e divulga\u00e7\u00e3o de Suas informa\u00e7\u00f5es quando Voc\u00ea usa o Servi\u00e7o e informa &#8230; <\/p>\n<p class=\"read-more-container\"><a title=\"pol\u00edtica de Privacidade\" class=\"read-more button\" href=\"https:\/\/cpstesters.com\/pt-br\/politica-de-privacidade\/#more-2334\" aria-label=\"Read more about pol\u00edtica de Privacidade\">Read More<\/a><\/p>\n","protected":false},"author":4,"featured_media":0,"parent":0,"menu_order":0,"comment_status":"closed","ping_status":"closed","template":"","meta":{"footnotes":""},"class_list":["post-2334","page","type-page","status-publish"],"_links":{"self":[{"href":"https:\/\/cpstesters.com\/pt-br\/wp-json\/wp\/v2\/pages\/2334","targetHints":{"allow":["GET"]}}],"collection":[{"href":"https:\/\/cpstesters.com\/pt-br\/wp-json\/wp\/v2\/pages"}],"about":[{"href":"https:\/\/cpstesters.com\/pt-br\/wp-json\/wp\/v2\/types\/page"}],"author":[{"embeddable":true,"href":"https:\/\/cpstesters.com\/pt-br\/wp-json\/wp\/v2\/users\/4"}],"replies":[{"embeddable":true,"href":"https:\/\/cpstesters.com\/pt-br\/wp-json\/wp\/v2\/comments?post=2334"}],"version-history":[{"count":5,"href":"https:\/\/cpstesters.com\/pt-br\/wp-json\/wp\/v2\/pages\/2334\/revisions"}],"predecessor-version":[{"id":6070,"href":"https:\/\/cpstesters.com\/pt-br\/wp-json\/wp\/v2\/pages\/2334\/revisions\/6070"}],"wp:attachment":[{"href":"https:\/\/cpstesters.com\/pt-br\/wp-json\/wp\/v2\/media?parent=2334"}],"curies":[{"name":"wp","href":"https:\/\/api.w.org\/{rel}","templated":true}]}}