{"id":2329,"date":"2024-07-16T14:22:19","date_gmt":"2024-07-16T14:22:19","guid":{"rendered":"https:\/\/cpstesters.com\/termos-e-condicoes\/"},"modified":"2024-09-17T16:25:50","modified_gmt":"2024-09-17T16:25:50","slug":"termos-e-condicoes","status":"publish","type":"page","link":"https:\/\/cpstesters.com\/pt-br\/termos-e-condicoes\/","title":{"rendered":"Termos e Condi\u00e7\u00f5es"},"content":{"rendered":"\n<p>\u00daltima atualiza\u00e7\u00e3o: 07 de agosto de 2024<\/p>\n\n\n\n<p>Leia estes termos e condi\u00e7\u00f5es cuidadosamente antes de usar Nosso Servi\u00e7o.<\/p>\n\n\n\n<h2 class=\"wp-block-heading\">Interpreta\u00e7\u00e3o e Defini\u00e7\u00f5es<\/h2>\n\n\n\n<h3 class=\"wp-block-heading\">Interpreta\u00e7\u00e3o<\/h3>\n\n\n\n<p>As palavras cuja letra inicial \u00e9 mai\u00fascula t\u00eam significados definidos sob as seguintes condi\u00e7\u00f5es. As seguintes defini\u00e7\u00f5es ter\u00e3o o mesmo significado independentemente de aparecerem no singular ou no plural.<\/p>\n\n\n\n<h3 class=\"wp-block-heading\">Defini\u00e7\u00f5es<\/h3>\n\n\n\n<p>Para efeitos destes Termos e Condi\u00e7\u00f5es:<\/p>\n\n\n\n<ul class=\"wp-block-list\">\n<li><strong>Afiliada<\/strong>\u00a0\u00a0significa uma entidade que controla, \u00e9 controlada por ou est\u00e1 sob controle comum com uma parte, onde \u201ccontrole\u201d significa propriedade de 50% ou mais das a\u00e7\u00f5es, participa\u00e7\u00e3o acion\u00e1ria ou outros t\u00edtulos com direito a voto para elei\u00e7\u00e3o de diretores ou outra autoridade administrativa.<\/li>\n\n\n\n<li><strong>Pa\u00eds<\/strong>\u00a0\u00a0refere-se a: Karnataka, \u00cdndia<\/li>\n\n\n\n<li><strong>Empresa<\/strong>\u00a0\u00a0(referida como \u201ca Empresa\u201d, \u201cN\u00f3s\u201d, \u201cNos\u201d ou \u201cNosso\u201d neste Contrato) refere-se aos testadores cps.<\/li>\n\n\n\n<li><strong>Dispositivo<\/strong>\u00a0\u00a0significa qualquer dispositivo que possa acessar o Servi\u00e7o, como um computador, um celular ou um tablet digital.<\/li>\n\n\n\n<li><strong>Servi\u00e7o<\/strong>\u00a0\u00a0refere-se ao Site.<\/li>\n\n\n\n<li><strong>Termos e Condi\u00e7\u00f5es<\/strong>\u00a0\u00a0(tamb\u00e9m chamados de \u201cTermos\u201d) significam estes Termos e Condi\u00e7\u00f5es que formam o acordo integral entre Voc\u00ea e a Empresa em rela\u00e7\u00e3o ao uso do Servi\u00e7o. Este acordo de Termos e Condi\u00e7\u00f5es foi criado com a ajuda do\u00a0\u00a0<a href=\"https:\/\/translate.google.com\/website?sl=en&amp;tl=nl&amp;hl=en&amp;client=webapp&amp;u=https:\/\/www.termsfeed.com\/terms-conditions-generator\/\" target=\"_blank\" rel=\"noreferrer noopener\">Gerador de Termos e Condi\u00e7\u00f5es<\/a>\u00a0.<\/li>\n\n\n\n<li><strong>Servi\u00e7o de M\u00eddia Social de Terceiros<\/strong>\u00a0\u00a0significa quaisquer servi\u00e7os ou conte\u00fados (incluindo dados, informa\u00e7\u00f5es, produtos ou servi\u00e7os) fornecidos por terceiros que podem ser exibidos, inclu\u00eddos ou disponibilizados pelo Servi\u00e7o.<\/li>\n\n\n\n<li><strong>O site<\/strong>\u00a0\u00a0se refere aos testadores cps, acess\u00edvel em\u00a0\u00a0<a href=\"https:\/\/cpstesters-com.translate.goog\/?_x_tr_sl=en&amp;_x_tr_tl=nl&amp;_x_tr_hl=en&amp;_x_tr_pto=wapp\" target=\"_blank\" rel=\"noreferrer noopener\">https:\/\/cpstesters.com\/<\/a><\/li>\n\n\n\n<li><strong>Voc\u00ea<\/strong>\u00a0\u00a0significa o indiv\u00edduo que acessa ou usa o Servi\u00e7o, ou a empresa, ou outra entidade legal em nome da qual tal indiv\u00edduo est\u00e1 acessando ou usando o Servi\u00e7o, conforme aplic\u00e1vel.<\/li>\n<\/ul>\n\n\n\n<h2 class=\"wp-block-heading\">Reconhecimento<\/h2>\n\n\n\n<p>Estes s\u00e3o os Termos e Condi\u00e7\u00f5es que regem o uso deste Servi\u00e7o e o acordo que opera entre Voc\u00ea e a Empresa. Estes Termos e Condi\u00e7\u00f5es estabelecem os direitos e obriga\u00e7\u00f5es de todos os usu\u00e1rios em rela\u00e7\u00e3o ao uso do Servi\u00e7o.<\/p>\n\n\n\n<p>Seu acesso e uso do Servi\u00e7o est\u00e3o condicionados \u00e0 Sua aceita\u00e7\u00e3o e conformidade com estes Termos e Condi\u00e7\u00f5es. Estes Termos e Condi\u00e7\u00f5es se aplicam a todos os visitantes, usu\u00e1rios e outros que acessam ou usam o Servi\u00e7o.<\/p>\n\n\n\n<p>Ao acessar ou usar o Servi\u00e7o, Voc\u00ea concorda em ficar vinculado a estes Termos e Condi\u00e7\u00f5es. Se Voc\u00ea discordar de qualquer parte destes Termos e Condi\u00e7\u00f5es, ent\u00e3o Voc\u00ea n\u00e3o poder\u00e1 acessar o Servi\u00e7o.<\/p>\n\n\n\n<p>Voc\u00ea declara que tem mais de 18 anos. A Empresa n\u00e3o permite que menores de 18 anos usem o Servi\u00e7o.<\/p>\n\n\n\n<p>Seu acesso e uso do Servi\u00e7o tamb\u00e9m est\u00e3o condicionados \u00e0 Sua aceita\u00e7\u00e3o e conformidade com a Pol\u00edtica de Privacidade da Empresa. Nossa Pol\u00edtica de Privacidade descreve Nossas pol\u00edticas e procedimentos sobre a coleta, uso e divulga\u00e7\u00e3o de Suas informa\u00e7\u00f5es pessoais quando Voc\u00ea usa o Aplicativo ou o Site e informa a Voc\u00ea sobre Seus direitos de privacidade e como a lei O protege. Leia Nossa Pol\u00edtica de Privacidade cuidadosamente antes de usar Nosso Servi\u00e7o.<\/p>\n\n\n\n<h2 class=\"wp-block-heading\">Links para outros sites<\/h2>\n\n\n\n<p>Nosso Servi\u00e7o pode conter links para sites ou servi\u00e7os de terceiros que n\u00e3o s\u00e3o de propriedade ou controlados pela Empresa.<\/p>\n\n\n\n<p>A Empresa n\u00e3o tem controle sobre, e n\u00e3o assume nenhuma responsabilidade pelo conte\u00fado, pol\u00edticas de privacidade ou pr\u00e1ticas de quaisquer sites ou servi\u00e7os de terceiros. Voc\u00ea tamb\u00e9m reconhece e concorda que a Empresa n\u00e3o ser\u00e1 respons\u00e1vel ou responsabilizada, direta ou indiretamente, por qualquer dano ou perda causada ou supostamente causada por ou em conex\u00e3o com o uso ou confian\u00e7a em qualquer conte\u00fado, bens ou servi\u00e7os dispon\u00edveis em ou por meio de quaisquer sites ou servi\u00e7os.<\/p>\n\n\n\n<p>Recomendamos fortemente que voc\u00ea leia os termos e condi\u00e7\u00f5es e as pol\u00edticas de privacidade de quaisquer sites ou servi\u00e7os de terceiros que voc\u00ea visitar.<\/p>\n\n\n\n<h2 class=\"wp-block-heading\">Rescis\u00e3o<\/h2>\n\n\n\n<p>Podemos rescindir ou suspender seu acesso imediatamente, sem aviso pr\u00e9vio ou responsabilidade, por qualquer motivo, incluindo, sem limita\u00e7\u00e3o, se voc\u00ea violar estes Termos e Condi\u00e7\u00f5es.<\/p>\n\n\n\n<p>Ap\u00f3s a rescis\u00e3o, seu direito de usar o Servi\u00e7o cessar\u00e1 imediatamente.<\/p>\n\n\n\n<h2 class=\"wp-block-heading\">Limita\u00e7\u00e3o de responsabilidade<\/h2>\n\n\n\n<p>N\u00e3o obstante quaisquer danos que Voc\u00ea possa incorrer, a responsabilidade total da Empresa e de qualquer um de seus fornecedores sob qualquer disposi\u00e7\u00e3o destes Termos e Seu recurso exclusivo para todos os itens acima ser\u00e3o limitados ao valor efetivamente pago por Voc\u00ea atrav\u00e9s do Servi\u00e7o ou 100 USD se Voc\u00ea n\u00e3o tiver comprado nada atrav\u00e9s do Servi\u00e7o.<\/p>\n\n\n\n<p>At\u00e9 o limite m\u00e1ximo permitido pela lei aplic\u00e1vel, em nenhuma circunst\u00e2ncia a Empresa ou seus fornecedores ser\u00e3o respons\u00e1veis \u200b\u200bpor quaisquer danos especiais, incidentais, indiretos ou consequentes (incluindo, mas n\u00e3o se limitando a, danos por perda de lucros, perda de dados ou outras informa\u00e7\u00f5es, por interrup\u00e7\u00e3o de neg\u00f3cios, por danos pessoais, perda de privacidade decorrente ou de qualquer forma relacionada ao uso ou incapacidade de usar o Servi\u00e7o, software de terceiros e\/ou hardware de terceiros usado com o Servi\u00e7o, ou de outra forma em conex\u00e3o com qualquer disposi\u00e7\u00e3o destes Termos), mesmo que a Empresa ou qualquer fornecedor tenha sido avisado da possibilidade de tais danos e mesmo que a solu\u00e7\u00e3o n\u00e3o cumpra seu prop\u00f3sito essencial.<\/p>\n\n\n\n<p>Alguns estados n\u00e3o permitem a exclus\u00e3o de garantias impl\u00edcitas ou limita\u00e7\u00e3o de responsabilidade por danos incidentais ou consequenciais, o que significa que algumas das limita\u00e7\u00f5es acima podem n\u00e3o se aplicar. Nesses estados, a responsabilidade de cada parte ser\u00e1 limitada \u00e0 maior extens\u00e3o permitida por lei.<\/p>\n\n\n\n<h2 class=\"wp-block-heading\">Isen\u00e7\u00e3o de responsabilidade \u201cCOMO EST\u00c1\u201d e \u201cCONFORME DISPON\u00cdVEL\u201d<\/h2>\n\n\n\n<p>O Servi\u00e7o \u00e9 fornecido a Voc\u00ea &#8220;COMO EST\u00c1&#8221; e &#8220;CONFORME DISPON\u00cdVEL&#8221; e com todas as falhas e defeitos sem garantia de qualquer tipo. Na extens\u00e3o m\u00e1xima permitida pela lei aplic\u00e1vel, a Empresa, em seu pr\u00f3prio nome e em nome de suas Afiliadas e seus respectivos licenciadores e provedores de servi\u00e7o, expressamente se isenta de todas as garantias, sejam expressas, impl\u00edcitas, estatut\u00e1rias ou de outra forma, com rela\u00e7\u00e3o ao Servi\u00e7o, incluindo todas as garantias impl\u00edcitas de comercializa\u00e7\u00e3o, adequa\u00e7\u00e3o a uma finalidade espec\u00edfica, t\u00edtulo e n\u00e3o viola\u00e7\u00e3o, e garantias que possam surgir do curso da negocia\u00e7\u00e3o, curso de desempenho, uso ou pr\u00e1tica comercial. Sem limita\u00e7\u00e3o ao acima exposto, a Empresa n\u00e3o fornece nenhuma garantia ou compromisso, e n\u00e3o faz nenhuma representa\u00e7\u00e3o de qualquer tipo de que o Servi\u00e7o atender\u00e1 aos Seus requisitos, alcan\u00e7ar\u00e1 quaisquer resultados pretendidos, ser\u00e1 compat\u00edvel ou funcionar\u00e1 com qualquer outro software, aplicativo, sistema ou servi\u00e7o, operar\u00e1 sem interrup\u00e7\u00e3o, atender\u00e1 a quaisquer padr\u00f5es de desempenho ou confiabilidade ou estar\u00e1 livre de erros ou que quaisquer erros ou defeitos podem ou ser\u00e3o corrigidos.<\/p>\n\n\n\n<p>Sem limitar o acima exposto, nem a Empresa nem nenhum provedor da empresa faz qualquer representa\u00e7\u00e3o ou garantia de qualquer tipo, expressa ou impl\u00edcita: (i) quanto \u00e0 opera\u00e7\u00e3o ou disponibilidade do Servi\u00e7o, ou \u00e0s informa\u00e7\u00f5es, conte\u00fado e materiais ou produtos nele inclu\u00eddos; (ii) que o Servi\u00e7o ser\u00e1 ininterrupto ou livre de erros; (iii) quanto \u00e0 precis\u00e3o, confiabilidade ou atualidade de qualquer informa\u00e7\u00e3o ou conte\u00fado fornecido por meio do Servi\u00e7o; ou (iv) que o Servi\u00e7o, seus servidores, o conte\u00fado ou e-mails enviados de ou em nome da Empresa est\u00e3o livres de v\u00edrus, scripts, cavalos de Troia, worms, malware, bombas-rel\u00f3gio ou outros componentes prejudiciais.<\/p>\n\n\n\n<p>Algumas jurisdi\u00e7\u00f5es n\u00e3o permitem a exclus\u00e3o de certos tipos de garantias ou limita\u00e7\u00f5es em direitos estatut\u00e1rios aplic\u00e1veis \u200b\u200bde um consumidor, portanto, algumas ou todas as exclus\u00f5es e limita\u00e7\u00f5es acima podem n\u00e3o se aplicar a Voc\u00ea. Mas, em tal caso, as exclus\u00f5es e limita\u00e7\u00f5es estabelecidas nesta se\u00e7\u00e3o ser\u00e3o aplicadas na maior extens\u00e3o poss\u00edvel sob a lei aplic\u00e1vel.<\/p>\n\n\n\n<h2 class=\"wp-block-heading\">Lei aplic\u00e1vel<\/h2>\n\n\n\n<p>As leis do Pa\u00eds, excluindo seus conflitos de regras de lei, reger\u00e3o estes Termos e Seu uso do Servi\u00e7o. Seu uso do Aplicativo tamb\u00e9m pode estar sujeito a outras leis locais, estaduais, nacionais ou internacionais.<\/p>\n\n\n\n<h2 class=\"wp-block-heading\">Resolu\u00e7\u00e3o de Disputas<\/h2>\n\n\n\n<p>Caso tenha alguma d\u00favida ou disputa sobre o Servi\u00e7o, voc\u00ea concorda em primeiro tentar resolver a disputa informalmente entrando em contato com a Empresa.<\/p>\n\n\n\n<h2 class=\"wp-block-heading\">Para usu\u00e1rios da Uni\u00e3o Europeia (UE)<\/h2>\n\n\n\n<p>Se voc\u00ea for um consumidor da Uni\u00e3o Europeia, voc\u00ea se beneficiar\u00e1 de quaisquer disposi\u00e7\u00f5es obrigat\u00f3rias da lei do pa\u00eds em que reside.<\/p>\n\n\n\n<h2 class=\"wp-block-heading\">Conformidade legal nos Estados Unidos<\/h2>\n\n\n\n<p>Voc\u00ea declara e garante que (i) Voc\u00ea n\u00e3o est\u00e1 localizado em um pa\u00eds sujeito ao embargo do governo dos Estados Unidos, ou que foi designado pelo governo dos Estados Unidos como um pa\u00eds \u201cque apoia o terrorismo\u201d e (ii) Voc\u00ea n\u00e3o est\u00e1 listado em nenhuma lista do governo dos Estados Unidos de partes proibidas ou restritas.<\/p>\n\n\n\n<h2 class=\"wp-block-heading\">Divisibilidade e Ren\u00fancia<\/h2>\n\n\n\n<h3 class=\"wp-block-heading\">Divisibilidade<\/h3>\n\n\n\n<p>Se qualquer disposi\u00e7\u00e3o destes Termos for considerada inexequ\u00edvel ou inv\u00e1lida, tal disposi\u00e7\u00e3o ser\u00e1 alterada e interpretada para atingir os objetivos de tal disposi\u00e7\u00e3o na maior extens\u00e3o poss\u00edvel sob a lei aplic\u00e1vel e as disposi\u00e7\u00f5es restantes continuar\u00e3o em pleno vigor e efeito.<\/p>\n\n\n\n<h3 class=\"wp-block-heading\">Ren\u00fancia<\/h3>\n\n\n\n<p>Exceto conforme disposto aqui, a falha em exercer um direito ou exigir o cumprimento de uma obriga\u00e7\u00e3o sob estes Termos n\u00e3o afetar\u00e1 a capacidade de uma parte de exercer tal direito ou exigir tal cumprimento a qualquer momento posterior, nem a ren\u00fancia a uma viola\u00e7\u00e3o constituir\u00e1 uma ren\u00fancia a qualquer viola\u00e7\u00e3o subsequente.<\/p>\n\n\n\n<h2 class=\"wp-block-heading\">Tradu\u00e7\u00e3o Interpreta\u00e7\u00e3o<\/h2>\n\n\n\n<p>Estes Termos e Condi\u00e7\u00f5es podem ter sido traduzidos se N\u00f3s os tivermos disponibilizado a Voc\u00ea em nosso Servi\u00e7o. Voc\u00ea concorda que o texto original em ingl\u00eas prevalecer\u00e1 no caso de uma disputa.<\/p>\n\n\n\n<h2 class=\"wp-block-heading\">Altera\u00e7\u00f5es a estes Termos e Condi\u00e7\u00f5es<\/h2>\n\n\n\n<p>Reservamo-nos o direito, a Nosso exclusivo crit\u00e9rio, de modificar ou substituir estes Termos a qualquer momento. Se uma revis\u00e3o for material, faremos esfor\u00e7os razo\u00e1veis \u200b\u200bpara fornecer um aviso com pelo menos 30 dias de anteced\u00eancia antes de quaisquer novos termos entrarem em vigor. O que constitui uma altera\u00e7\u00e3o material ser\u00e1 determinado a Nosso exclusivo crit\u00e9rio.<\/p>\n\n\n\n<p>Ao continuar a acessar ou usar Nosso Servi\u00e7o ap\u00f3s essas revis\u00f5es se tornarem efetivas, Voc\u00ea concorda em ficar vinculado aos termos revisados. Se Voc\u00ea n\u00e3o concordar com os novos termos, no todo ou em parte, pare de usar o site e o Servi\u00e7o.<\/p>\n\n\n\n<h2 class=\"wp-block-heading\">Contate-nos<\/h2>\n\n\n\n<p>Se voc\u00ea tiver alguma d\u00favida sobre estes Termos e Condi\u00e7\u00f5es, entre em contato conosco:<\/p>\n\n\n\n<p>Ao visitar esta p\u00e1gina em nosso site:\u00a0\u00a0<a href=\"https:\/\/cpstesters-com.translate.goog\/contact-us\/?_x_tr_sl=en&amp;_x_tr_tl=nl&amp;_x_tr_hl=en&amp;_x_tr_pto=wapp\" target=\"_blank\" rel=\"noreferrer noopener\">https:\/\/cpstesters.com\/contact-us\/<\/a><\/p>\n","protected":false},"excerpt":{"rendered":"<p>\u00daltima atualiza\u00e7\u00e3o: 07 de agosto de 2024 Leia estes termos e condi\u00e7\u00f5es cuidadosamente antes de usar Nosso Servi\u00e7o. Interpreta\u00e7\u00e3o e Defini\u00e7\u00f5es Interpreta\u00e7\u00e3o As palavras cuja &#8230; <\/p>\n<p class=\"read-more-container\"><a title=\"Termos e Condi\u00e7\u00f5es\" class=\"read-more button\" href=\"https:\/\/cpstesters.com\/pt-br\/termos-e-condicoes\/#more-2329\" aria-label=\"Read more about Termos e Condi\u00e7\u00f5es\">Read More<\/a><\/p>\n","protected":false},"author":4,"featured_media":0,"parent":0,"menu_order":0,"comment_status":"closed","ping_status":"closed","template":"","meta":{"footnotes":""},"class_list":["post-2329","page","type-page","status-publish"],"_links":{"self":[{"href":"https:\/\/cpstesters.com\/pt-br\/wp-json\/wp\/v2\/pages\/2329","targetHints":{"allow":["GET"]}}],"collection":[{"href":"https:\/\/cpstesters.com\/pt-br\/wp-json\/wp\/v2\/pages"}],"about":[{"href":"https:\/\/cpstesters.com\/pt-br\/wp-json\/wp\/v2\/types\/page"}],"author":[{"embeddable":true,"href":"https:\/\/cpstesters.com\/pt-br\/wp-json\/wp\/v2\/users\/4"}],"replies":[{"embeddable":true,"href":"https:\/\/cpstesters.com\/pt-br\/wp-json\/wp\/v2\/comments?post=2329"}],"version-history":[{"count":3,"href":"https:\/\/cpstesters.com\/pt-br\/wp-json\/wp\/v2\/pages\/2329\/revisions"}],"predecessor-version":[{"id":5959,"href":"https:\/\/cpstesters.com\/pt-br\/wp-json\/wp\/v2\/pages\/2329\/revisions\/5959"}],"wp:attachment":[{"href":"https:\/\/cpstesters.com\/pt-br\/wp-json\/wp\/v2\/media?parent=2329"}],"curies":[{"name":"wp","href":"https:\/\/api.w.org\/{rel}","templated":true}]}}