{"id":2183,"date":"2024-07-16T14:14:50","date_gmt":"2024-07-16T14:14:50","guid":{"rendered":"https:\/\/cpstesters.com\/60-segundo-teste-cps-verifique-a-velocidade-do-seu-clique\/"},"modified":"2024-09-17T09:32:11","modified_gmt":"2024-09-17T09:32:11","slug":"60-second-cps-test","status":"publish","type":"page","link":"https:\/\/cpstesters.com\/pt-br\/60-second-cps-test\/","title":{"rendered":"60 Segundo Teste CPS | Verifique a Velocidade do Seu Clique"},"content":{"rendered":"\n<p>60 Second CPS Test \u00e9 um dos melhores testes de cliques devido ao aumento do tempo, jogue e melhore o seu jogo de cliques num instante!<\/p>\n\n\n <div class=\"row\">\r\n\t<div class=\"col-md-4\">\r\n\r\n\t\t\r\n\t\t\r\n\t\t<div class=\"side_nav\">\r\n            \r\n            \r\n            <ul class=\"time\">\r\n            <li>\r\n             <a href=\"https:\/\/cpstesters.com\/1-second-cps-test\/\"> <span data-time=\"1\">1 Second Test<\/span><\/a>\r\n            <\/li><li>\r\n             <a href=\"https:\/\/cpstesters.com\/2-second-cps-test\/\"><span data-time=\"2\">2 Second Test<\/span><\/a>\r\n            <\/li><li>\r\n           <a href=\"https:\/\/cpstesters.com\/5-second-cps-test\/\"><span data-time=\"5\">5 Second Test<\/span><\/a>\r\n            <\/li><li>\r\n\t\t\t\t <a href=\"https:\/\/cpstesters.com\/10-second-cps-test\/\"><span data-time=\"10\">10 Second Test<\/span><\/a>\r\n            <\/li><li>\r\n             <a href=\"https:\/\/cpstesters.com\/15-second-click-test\/\"><span data-time=\"15\">15 Second Test<\/span><\/a>\r\n            <\/li><li>\r\n\t\t\t\t<li>\r\n             <a href=\"https:\/\/cpstesters.com\/30-second-cps-test\/\"><span data-time=\"30\">30 Second Test<\/span><\/a>\r\n            <\/li><li>\r\n\t\t\t\t<li>\r\n             <a href=\"https:\/\/cpstesters.com\/60-second-cps-test\/\"><span data-time=\"60\" class=\"active\">60 Second Test<\/span><\/a>\r\n            <\/li><li>\r\n\t\t\t\t<li>\r\n             <a href=\"https:\/\/cpstesters.com\/100-second-cps-test\/\"><span data-time=\"100\">100 Second Test<\/span><\/a>\r\n            <\/li><li>\r\n\t\t\t\t\r\n             <a href=\"https:\/\/cpstesters.com\/manual-click-test\/\"><span data-time=\"20\">Manual Click Test<\/span><\/a>\r\n            <\/li><\/ul>\r\n            <\/div>\r\n\t\t\r\n\t\t\r\n\t<\/div>\r\n\t<div class=\"col-md-8\">\r\n\t\t<section class=\"section section--full js-section-full section--click\">\r\n               <div class=\"container\">\r\n\t\t\t\t   \r\n\t\t\t\t         <div class=\"setting\">\r\n    <div class=\"theme-mode\"><a class=\"theme-mode__switch js-switch\" href=\"javascript:void(0);\"><\/a>\r\n        <div class=\"theme-mode__text\">Light \/ Dark mode<\/div>\r\n    <\/div>\r\n<\/div>\r\n\t\t\t\t   \r\n\t\t\t\t   \r\n                  <div class=\"statistics\">\r\n                     <div class=\"statistics__item statistics__item--timer\">\r\n                        <div class=\"statistics__number\">\r\n                           <span class=\"js-time number_timer\">60.00<\/span>\r\n                           <a class=\"statistics__arrow statistics__arrow--up js-time-up\" href=\"javascript:void(0);\">\r\n                              <svg class=\"icon icon-arrow-up \">\r\n                                 <use xlink:href=\"\/wp-content\/themes\/generatepress\/tools\/assets\/img\/spritesvg.svg#arrow-up\"><\/use>\r\n                              <\/svg>\r\n                           <\/a>\r\n                           <a class=\"statistics__arrow statistics__arrow--down js-time-down\" href=\"javascript:void(0);\">\r\n                              <svg class=\"icon icon-arrow-up \">\r\n                                 <use xlink:href=\"\/wp-content\/themes\/generatepress\/tools\/assets\/img\/spritesvg.svg#arrow-up\"><\/use>\r\n                              <\/svg>\r\n                           <\/a>\r\n                        <\/div>\r\n                        <div class=\"statistics__title\">Timer<\/div>\r\n                     <\/div>\r\n                     <div class=\"statistics__item statistics__item--clicks\">\r\n                        <div class=\"statistics__number number_clicks js-speed\">0.00<\/div>\r\n                        <div class=\"statistics__title\">Clicks \/ s<\/div>\r\n                     <\/div>\r\n                     <div class=\"statistics__item statistics__item--score\">\r\n                        <div class=\"statistics__number number_score js-score\">0<\/div>\r\n                        <div class=\"statistics__title\">Score<\/div>\r\n                     <\/div>\r\n                  <\/div>\r\n                  <div class=\"clicks-zone\">\r\n                     <div class=\"clicks-zone__start js-clicks-start\">\r\n                        <svg class=\"icon icon-click \">\r\n                           <use xlink:href=\"\/wp-content\/themes\/generatepress\/tools\/assets\/img\/spritesvg.svg#click\"><\/use>\r\n                        <\/svg>\r\n                        <div class=\"clicks-zone__start-title\">\u0421lick here to start cps test<\/div>\r\n                     <\/div>\r\n                     <div class=\"clicks-zone__clicks js-clicks\"><\/div>\r\n                     <div class=\"clicks-zone__result result-clicks js-clicks-result\">\r\n                        <div class=\"result-clicks__title rank-wrapper\"><\/div>\r\n                        <div class=\"result-clicks__text\">Your CPS result is <span class=\"speed js-stat-speed\"><\/span> (<span class=\"clicks js-stat-clicks\"><\/span> Clicks in <span class=\"time js-stat-time\"><\/span> Seconds)<\/div>\r\n                        <div class=\"result-clicks__img\"><img><\/div>\r\n                        <a class=\"result-clicks__btn js-try-again\" href=\"javascript:void(0);\">\r\n                           <svg class=\"icon icon-again \">\r\n                              <use xlink:href=\"\/wp-content\/themes\/generatepress\/tools\/assets\/img\/spritesvg.svg#again\"><\/use>\r\n                           <\/svg>\r\n                           Restart\r\n                        <\/a>\r\n                        <div class=\"result-clicks__share\">\r\n                           <div class=\"result-clicks__share-title\">Share your result with friends!<\/div>\r\n                           <div class=\"share-buttons\">\r\n                              <a class=\"share-button facebook\" data-href=\"https:\/\/www.facebook.com\/sharer\/sharer.php?u=https:\/\/cpstesters.com\/\" target=\"_blank\" onclick=\"goclicky(this); return false;\" rel=\"noopener\">Facebook<\/a>\r\n                              <a class=\"share-button twitter\" data-href=\"http:\/\/www.twitter.com\/share?url=https:\/\/cpstesters.com\/&text=[text]\" target=\"_blank\" onclick=\"goclicky(this); return false;\" rel=\"noopener\">Twitter<\/a>\r\n                              <a class=\"share-button whatsapp\" data-href=\"https:\/\/api.whatsapp.com\/send?text=[text]\" target=\"_blank\" onclick=\"goclicky(this); return false;\" rel=\"noopener\">WhatsApp<\/a>\r\n                              <a class=\"share-button reddit\" data-href=\"http:\/\/www.reddit.com\/submit?url=https:\/\/cpstesters.com\/&title=[text]\" target=\"_blank\" onclick=\"goclicky(this); return false;\" rel=\"noopener\">Reddit<\/a>\r\n                           <\/div>\r\n                        <\/div>\r\n                     <\/div>\r\n                  <\/div>\r\n                  <img decoding=\"async\" src=\"\/wp-content\/themes\/generatepress\/tools\/assets\/img\/test_result\/3\/1.png\" style=\"display: none\" alt=\"\" title=\"\">\r\n                  <img decoding=\"async\" src=\"\/wp-content\/themes\/generatepress\/tools\/assets\/img\/test_result\/5\/1.png\" style=\"display: none\" alt=\"\" title=\"\">\r\n                  <img decoding=\"async\" src=\"\/wp-content\/themes\/generatepress\/tools\/assets\/img\/test_result\/1\/1.png\" style=\"display: none\" alt=\"\" title=\"\">\r\n                  <img decoding=\"async\" src=\"\/wp-content\/themes\/generatepress\/tools\/assets\/img\/test_result\/2\/1.png\" style=\"display: none\" alt=\"\" title=\"\">\r\n                  <img decoding=\"async\" src=\"\/wp-content\/themes\/generatepress\/tools\/assets\/img\/test_result\/0\/1.png\" style=\"display: none\" alt=\"\" title=\"\">\r\n                  <img decoding=\"async\" src=\"\/wp-content\/themes\/generatepress\/tools\/assets\/img\/test_result\/6\/1.png\" style=\"display: none\" alt=\"\" title=\"\">\r\n                  <img decoding=\"async\" src=\"\/wp-content\/themes\/generatepress\/tools\/assets\/img\/test_result\/7\/1.png\" style=\"display: none\" alt=\"\" title=\"\">\r\n                  <img decoding=\"async\" src=\"\/wp-content\/themes\/generatepress\/tools\/assets\/img\/test_result\/4\/1.png\" style=\"display: none\" alt=\"\" title=\"\">\r\n                  <script>\r\n                     var test_result = {\"ratings\":{\"min\":0,\"max\":5},\"rating_ranks\":[\"Your Rank is Snail!\",\"Your Rank is Koala!\",\"Your Rank is Turtle!\",\"Your Rank is Panda!\",\"Your Rank is Hare!\",\"Your Rank is Kangaroo!\",\"Your Rank is Panther!\",\"Your Rank is Cheetah!\"],\"cps_scale\":[[0,1],[1,3],[3,5],[5,7],[7,9],[9,10],[10,12],[12,999]],\"files\":{\"3\":[\"\\\/wp-content\\\/themes\\\/generatepress\\\/tools\\\\assets\\\/img\\\/test_result\\\/3\\\/1.png\"],\"5\":[\"\\\/wp-content\\\/themes\\\/generatepress\\\/tools\\\\assets\\\/img\\\/test_result\\\/5\\\/1.png\"],\"1\":[\"\\\/wp-content\\\/themes\\\/generatepress\\\/tools\\\\assets\\\/img\\\/test_result\\\/1\\\/1.png\"],\"2\":[\"\\\/wp-content\\\/themes\\\/generatepress\\\/tools\\\\assets\\\/img\\\/test_result\\\/2\\\/1.png\"],\"0\":[\"\\\/wp-content\\\/themes\\\/generatepress\\\/tools\\\\assets\\\/img\\\/test_result\\\/0\\\/1.png\"],\"6\":[\"\\\/wp-content\\\/themes\\\/generatepress\\\/tools\\\\assets\\\/img\\\/test_result\\\/6\\\/1.png\"],\"7\":[\"\\\/wp-content\\\/themes\\\/generatepress\\\/tools\\\\assets\\\/img\\\/test_result\\\/7\\\/1.png\"],\"4\":[\"\\\/wp-content\\\/themes\\\/generatepress\\\/tools\\\\assets\\\/img\\\/test_result\\\/4\\\/1.png\"]}};\r\n                     var language = {\"code\":\"en\",\"name\":\"English\",\"prefix\":\"\"};\r\n                     var monitoringClickEvent = 'left';\r\n                     var shareTextDefault = 'My CPS result is {speed} ({clicks} Clicks in {time} Seconds)';\r\n                  <\/script>        \r\n               <\/div>\r\n            <\/section>\r\n\t\t\r\n\t<\/div>\r\n<\/div>\r\n\r\n    <script src=\"\/wp-content\/themes\/generatepress\/tools\/assets\/js\/libs.min.js\"><\/script>\r\n      <script src=\"\/wp-content\/themes\/generatepress\/tools\/assets\/js\/main.min.js?v64\"><\/script>\r\n\n\n\n\n<div style=\"height:5px\" aria-hidden=\"true\" class=\"wp-block-spacer\"><\/div>\n\n\n\n<p>A capacidade de clicar de forma r\u00e1pida e precisa se tornou cada vez mais importante. O Teste CPS de 60 segundos \u00e9 uma ferramenta online simples, mas eficaz, projetada para medir a velocidade e a precis\u00e3o de cliques de um indiv\u00edduo em um intervalo de 60 segundos. Neste artigo, vamos nos aprofundar na import\u00e2ncia deste teste, sua metodologia e como ele pode ser uma ferramenta valiosa para avaliar e melhorar as habilidades de clique de algu\u00e9m.<\/p>\n\n\n\n<p><a href=\"https:\/\/cpstesters-com.translate.goog\/?_x_tr_sl=en&amp;_x_tr_tl=nl&amp;_x_tr_hl=en&amp;_x_tr_pto=wapp\" rel=\"noopener\">O Teste CPS<\/a>&nbsp;de 60 segundos&nbsp;foi projetado especificamente para avaliar a taxa&nbsp;<a href=\"https:\/\/cpstesters-com.translate.goog\/tap-speed-test\/?_x_tr_sl=en&amp;_x_tr_tl=nl&amp;_x_tr_hl=en&amp;_x_tr_pto=wapp\" rel=\"noopener\">de Cliques por Segundo<\/a>&nbsp;(CPS) de um indiv\u00edduo. CPS se refere ao n\u00famero de cliques que uma pessoa pode fazer em um \u00fanico segundo. Este teste fornece uma plataforma onde os usu\u00e1rios podem mostrar sua destreza de cliques e comparar seus resultados com os de outros.<\/p>\n\n\n<div class=\"wp-block-image\">\n<figure class=\"aligncenter\"><img loading=\"lazy\" decoding=\"async\" width=\"1000\" height=\"500\" src=\"https:\/\/i0.wp.com\/cpstesters.com\/wp-content\/uploads\/2022\/08\/60-sec-CPs-TESt.jpg?resize=1000%2C500&amp;ssl=1\" alt=\"Teste CPS de 60 segundos\" class=\"wp-image-287\" title=\"\" srcset=\"https:\/\/cpstesters.com\/wp-content\/uploads\/2022\/08\/60-sec-CPs-TESt.jpg 1000w, https:\/\/cpstesters.com\/wp-content\/uploads\/2022\/08\/60-sec-CPs-TESt-300x150.jpg 300w, https:\/\/cpstesters.com\/wp-content\/uploads\/2022\/08\/60-sec-CPs-TESt-768x384.jpg 768w\" sizes=\"auto, (max-width: 1000px) 100vw, 1000px\" \/><figcaption class=\"wp-element-caption\">Teste CPS de 60 segundos<\/figcaption><\/figure>\n<\/div>\n\n\n<p><\/p>\n\n\n\n<p>Para fazer o Teste CPS de 60 segundos, os usu\u00e1rios podem acessar o site ou plataforma designada que hospeda o teste. Ao iniciar o teste, os usu\u00e1rios recebem um cron\u00f4metro que faz a contagem regressiva de 60 segundos. Durante esse tempo, os participantes devem clicar rapidamente em uma \u00e1rea-alvo designada o m\u00e1ximo de vezes poss\u00edvel. Assim que o cron\u00f4metro termina, o teste calcula automaticamente a taxa CPS e fornece uma pontua\u00e7\u00e3o final.<\/p>\n\n\n\n<h2 class=\"wp-block-heading\">Benef\u00edcios e significado:<\/h2>\n\n\n\n<ol class=\"wp-block-list\">\n<li>Velocidade e precis\u00e3o do clique: O teste CPS de 60 segundos permite que os indiv\u00edduos avaliem e melhorem sua velocidade e precis\u00e3o de clique. Ao praticar e almejar taxas de CPS mais altas, os usu\u00e1rios podem aprimorar sua capacidade de processar rapidamente est\u00edmulos visuais e responder com cliques r\u00e1pidos e precisos.<\/li>\n\n\n\n<li>Desempenho em jogos: A velocidade e a precis\u00e3o do clique desempenham um papel crucial em v\u00e1rios cen\u00e1rios de jogos. O teste de CPS de 60 segundos pode servir como uma excelente ferramenta de treinamento para jogadores, ajudando-os a melhorar seu tempo de rea\u00e7\u00e3o e desempenho geral, particularmente em jogos de ritmo acelerado que exigem cliques r\u00e1pidos.<\/li>\n\n\n\n<li>Aumento da produtividade: Em profiss\u00f5es que envolvem uso extensivo de computador, como entrada de dados ou trabalho de design, o Teste CPS de 60 segundos pode aumentar significativamente a produtividade. Ao monitorar e melhorar a velocidade de clique, os usu\u00e1rios podem otimizar seu fluxo de trabalho e reduzir o tempo gasto em tarefas repetitivas.<\/li>\n\n\n\n<li>Coordena\u00e7\u00e3o M\u00e3o-Olho: O Teste CPS de 60 Segundos contribui para o desenvolvimento da coordena\u00e7\u00e3o m\u00e3o-olho. Ao desafiar e melhorar a velocidade do clique, os usu\u00e1rios podem aumentar sua capacidade de sincronizar os movimentos das m\u00e3os com dicas visuais, o que pode ser ben\u00e9fico em v\u00e1rias atividades e tarefas que exigem controle preciso.<\/li>\n<\/ol>\n\n\n\n<h2 class=\"wp-block-heading\">Dicas para melhorar a taxa de CPS:<\/h2>\n\n\n\n<ol class=\"wp-block-list\">\n<li>Pr\u00e1tica regular: como qualquer habilidade, a velocidade e a precis\u00e3o do clique podem ser melhoradas por meio da pr\u00e1tica consistente. Engajar-se no Teste de CPS de 60 segundos regularmente pode ajudar os usu\u00e1rios a aprimorar suas habilidades de clique e aumentar sua taxa de CPS ao longo do tempo.<\/li>\n\n\n\n<li>Foco e concentra\u00e7\u00e3o: Manter o foco e a concentra\u00e7\u00e3o durante o teste \u00e9 crucial. Minimizar distra\u00e7\u00f5es e se esfor\u00e7ar para clicar na \u00e1rea alvo com precis\u00e3o pode ajudar a evitar erros desnecess\u00e1rios que podem prejudicar a taxa de CPS.<\/li>\n\n\n\n<li>Ergonomia: Preste aten\u00e7\u00e3o aos fatores ergon\u00f4micos, como assento confort\u00e1vel, posicionamento adequado das m\u00e3os e um mouse ou trackpad que funcione bem. Uma configura\u00e7\u00e3o ergon\u00f4mica pode aumentar o conforto e promover o desempenho ideal de cliques.<\/li>\n<\/ol>\n\n\n\n<p>O teste CPS de 60 segundos fornece um meio valioso de avaliar a velocidade e a precis\u00e3o do clique. Seja para desenvolvimento pessoal, melhoria de jogos ou aumento de produtividade em ambientes profissionais, este teste oferece uma plataforma envolvente para desafiar a si mesmo e melhorar as habilidades de clique. Ao praticar regularmente e focar em melhorar a taxa de CPS, os usu\u00e1rios podem melhorar sua velocidade, precis\u00e3o e desempenho geral. Ent\u00e3o, por que n\u00e3o tirar um minuto para testar suas habilidades de clique e embarcar em uma jornada de melhoria?<\/p>\n\n\n\n<h3 class=\"wp-block-heading\">Outros testes de clique<\/h3>\n\n\n\n<ul class=\"wp-block-list\">\n<li><a href=\"https:\/\/cpstesters-com.translate.goog\/?_x_tr_sl=en&amp;_x_tr_tl=nl&amp;_x_tr_hl=en&amp;_x_tr_pto=wapp\" target=\"_blank\" rel=\"noreferrer noopener\">Teste CPS<\/a>\u00a0(Teste B\u00e1sico)<\/li>\n\n\n\n<li><a href=\"https:\/\/cpstesters-com.translate.goog\/right-click-cps-test\/?_x_tr_sl=en&amp;_x_tr_tl=nl&amp;_x_tr_hl=en&amp;_x_tr_pto=wapp\" target=\"_blank\" rel=\"noreferrer noopener\">Teste CPS com clique direito<\/a><\/li>\n\n\n\n<li><a href=\"https:\/\/cpstesters-com.translate.goog\/jitter-click-test\/?_x_tr_sl=en&amp;_x_tr_tl=nl&amp;_x_tr_hl=en&amp;_x_tr_pto=wapp\" target=\"_blank\" rel=\"noreferrer noopener\">Teste de clique de jitter<\/a><\/li>\n\n\n\n<li><a href=\"https:\/\/cpstesters-com.translate.goog\/kohi-click-test\/?_x_tr_sl=en&amp;_x_tr_tl=nl&amp;_x_tr_hl=en&amp;_x_tr_pto=wapp\" target=\"_blank\" rel=\"noreferrer noopener\">Teste de clique Kohi<\/a><\/li>\n\n\n\n<li><a href=\"https:\/\/cpstesters-com.translate.goog\/manual-click-test\/?_x_tr_sl=en&amp;_x_tr_tl=nl&amp;_x_tr_hl=en&amp;_x_tr_pto=wapp\" target=\"_blank\" rel=\"noreferrer noopener\">Teste de clique manual<\/a><\/li>\n<\/ul>\n","protected":false},"excerpt":{"rendered":"<p>60 Second CPS Test \u00e9 um dos melhores testes de cliques devido ao aumento do tempo, jogue e melhore o seu jogo de cliques num &#8230; <\/p>\n<p class=\"read-more-container\"><a title=\"60 Segundo Teste CPS | Verifique a Velocidade do Seu Clique\" class=\"read-more button\" href=\"https:\/\/cpstesters.com\/pt-br\/60-second-cps-test\/#more-2183\" aria-label=\"Read more about 60 Segundo Teste CPS | Verifique a Velocidade do Seu Clique\">Read More<\/a><\/p>\n","protected":false},"author":4,"featured_media":0,"parent":0,"menu_order":0,"comment_status":"closed","ping_status":"closed","template":"","meta":{"footnotes":""},"class_list":["post-2183","page","type-page","status-publish"],"_links":{"self":[{"href":"https:\/\/cpstesters.com\/pt-br\/wp-json\/wp\/v2\/pages\/2183","targetHints":{"allow":["GET"]}}],"collection":[{"href":"https:\/\/cpstesters.com\/pt-br\/wp-json\/wp\/v2\/pages"}],"about":[{"href":"https:\/\/cpstesters.com\/pt-br\/wp-json\/wp\/v2\/types\/page"}],"author":[{"embeddable":true,"href":"https:\/\/cpstesters.com\/pt-br\/wp-json\/wp\/v2\/users\/4"}],"replies":[{"embeddable":true,"href":"https:\/\/cpstesters.com\/pt-br\/wp-json\/wp\/v2\/comments?post=2183"}],"version-history":[{"count":5,"href":"https:\/\/cpstesters.com\/pt-br\/wp-json\/wp\/v2\/pages\/2183\/revisions"}],"predecessor-version":[{"id":5992,"href":"https:\/\/cpstesters.com\/pt-br\/wp-json\/wp\/v2\/pages\/2183\/revisions\/5992"}],"wp:attachment":[{"href":"https:\/\/cpstesters.com\/pt-br\/wp-json\/wp\/v2\/media?parent=2183"}],"curies":[{"name":"wp","href":"https:\/\/api.w.org\/{rel}","templated":true}]}}