{"id":2182,"date":"2024-07-16T13:59:13","date_gmt":"2024-07-16T13:59:13","guid":{"rendered":"https:\/\/cpstesters.com\/100-segundo-teste-cps-verifique-a-velocidade-dos-cliques\/"},"modified":"2024-09-17T06:52:32","modified_gmt":"2024-09-17T06:52:32","slug":"100-second-cps-test","status":"publish","type":"page","link":"https:\/\/cpstesters.com\/pt-br\/100-second-cps-test\/","title":{"rendered":"100 Segundo Teste CPS | Verifique a Velocidade dos Cliques"},"content":{"rendered":"\n<p>100 Segundo Teste CPS \u00e9 o melhor, verifique a rapidez com que pode clicar com a sua resist\u00eancia e paci\u00eancia em 100 segundos de tempo!<\/p>\n\n\n <div class=\"row\">\r\n\t<div class=\"col-md-4\">\r\n\r\n\t\t\r\n\t\t\r\n\t\t<div class=\"side_nav\">\r\n            \r\n            \r\n            <ul class=\"time\">\r\n            <li>\r\n             <a href=\"https:\/\/cpstesters.com\/1-second-cps-test\/\"> <span data-time=\"1\">1 Second Test<\/span><\/a>\r\n            <\/li><li>\r\n             <a href=\"https:\/\/cpstesters.com\/2-second-cps-test\/\"><span data-time=\"2\">2 Second Test<\/span><\/a>\r\n            <\/li><li>\r\n           <a href=\"https:\/\/cpstesters.com\/5-second-cps-test\/\"><span data-time=\"5\">5 Second Test<\/span><\/a>\r\n            <\/li><li>\r\n\t\t\t\t <a href=\"https:\/\/cpstesters.com\/10-second-cps-test\/\"><span data-time=\"10\">10 Second Test<\/span><\/a>\r\n            <\/li><li>\r\n             <a href=\"https:\/\/cpstesters.com\/15-second-click-test\/\"><span data-time=\"15\">15 Second Test<\/span><\/a>\r\n            <\/li><li>\r\n\t\t\t\t<li>\r\n             <a href=\"https:\/\/cpstesters.com\/30-second-cps-test\/\"><span data-time=\"30\">30 Second Test<\/span><\/a>\r\n            <\/li><li>\r\n\t\t\t\t<li>\r\n             <a href=\"https:\/\/cpstesters.com\/60-second-cps-test\/\"><span data-time=\"60\">60 Second Test<\/span><\/a>\r\n            <\/li><li>\r\n\t\t\t\t<li>\r\n             <a href=\"https:\/\/cpstesters.com\/100-second-cps-test\/\"><span data-time=\"100\" class=\"active\">100 Second Test<\/span><\/a>\r\n            <\/li><li>\r\n\t\t\t\t\r\n             <a href=\"https:\/\/cpstesters.com\/manual-click-test\/\"><span data-time=\"20\">Manual Click Test<\/span><\/a>\r\n            <\/li><\/ul>\r\n            <\/div>\r\n\t\t\r\n\t\t\r\n\t<\/div>\r\n\t<div class=\"col-md-8\">\r\n\t\t<section class=\"section section--full js-section-full section--click\">\r\n               <div class=\"container\">\r\n\t\t\t\t   \r\n\t\t\t\t         <div class=\"setting\">\r\n    <div class=\"theme-mode\"><a class=\"theme-mode__switch js-switch\" href=\"javascript:void(0);\"><\/a>\r\n        <div class=\"theme-mode__text\">Light \/ Dark mode<\/div>\r\n    <\/div>\r\n<\/div>\r\n\t\t\t\t   \r\n\t\t\t\t   \r\n                  <div class=\"statistics\">\r\n                     <div class=\"statistics__item statistics__item--timer\">\r\n                        <div class=\"statistics__number\">\r\n                           <span class=\"js-time number_timer\">100.00<\/span>\r\n                           <a class=\"statistics__arrow statistics__arrow--up js-time-up\" href=\"javascript:void(0);\">\r\n                              <svg class=\"icon icon-arrow-up \">\r\n                                 <use xlink:href=\"\/wp-content\/themes\/generatepress\/tools\/assets\/img\/spritesvg.svg#arrow-up\"><\/use>\r\n                              <\/svg>\r\n                           <\/a>\r\n                           <a class=\"statistics__arrow statistics__arrow--down js-time-down\" href=\"javascript:void(0);\">\r\n                              <svg class=\"icon icon-arrow-up \">\r\n                                 <use xlink:href=\"\/wp-content\/themes\/generatepress\/tools\/assets\/img\/spritesvg.svg#arrow-up\"><\/use>\r\n                              <\/svg>\r\n                           <\/a>\r\n                        <\/div>\r\n                        <div class=\"statistics__title\">Timer<\/div>\r\n                     <\/div>\r\n                     <div class=\"statistics__item statistics__item--clicks\">\r\n                        <div class=\"statistics__number number_clicks js-speed\">0.00<\/div>\r\n                        <div class=\"statistics__title\">Clicks \/ s<\/div>\r\n                     <\/div>\r\n                     <div class=\"statistics__item statistics__item--score\">\r\n                        <div class=\"statistics__number number_score js-score\">0<\/div>\r\n                        <div class=\"statistics__title\">Score<\/div>\r\n                     <\/div>\r\n                  <\/div>\r\n                  <div class=\"clicks-zone\">\r\n                     <div class=\"clicks-zone__start js-clicks-start\">\r\n                        <svg class=\"icon icon-click \">\r\n                           <use xlink:href=\"\/wp-content\/themes\/generatepress\/tools\/assets\/img\/spritesvg.svg#click\"><\/use>\r\n                        <\/svg>\r\n                        <div class=\"clicks-zone__start-title\">\u0421lick here to start cps test<\/div>\r\n                     <\/div>\r\n                     <div class=\"clicks-zone__clicks js-clicks\"><\/div>\r\n                     <div class=\"clicks-zone__result result-clicks js-clicks-result\">\r\n                        <div class=\"result-clicks__title rank-wrapper\"><\/div>\r\n                        <div class=\"result-clicks__text\">Your CPS result is <span class=\"speed js-stat-speed\"><\/span> (<span class=\"clicks js-stat-clicks\"><\/span> Clicks in <span class=\"time js-stat-time\"><\/span> Seconds)<\/div>\r\n                        <div class=\"result-clicks__img\"><img><\/div>\r\n                        <a class=\"result-clicks__btn js-try-again\" href=\"javascript:void(0);\">\r\n                           <svg class=\"icon icon-again \">\r\n                              <use xlink:href=\"\/wp-content\/themes\/generatepress\/tools\/assets\/img\/spritesvg.svg#again\"><\/use>\r\n                           <\/svg>\r\n                           Restart\r\n                        <\/a>\r\n                        <div class=\"result-clicks__share\">\r\n                           <div class=\"result-clicks__share-title\">Share your result with friends!<\/div>\r\n                           <div class=\"share-buttons\">\r\n                              <a class=\"share-button facebook\" data-href=\"https:\/\/www.facebook.com\/sharer\/sharer.php?u=https:\/\/cpstesters.com\/\" target=\"_blank\" onclick=\"goclicky(this); return false;\" rel=\"noopener\">Facebook<\/a>\r\n                              <a class=\"share-button twitter\" data-href=\"http:\/\/www.twitter.com\/share?url=https:\/\/cpstesters.com\/&text=[text]\" target=\"_blank\" onclick=\"goclicky(this); return false;\" rel=\"noopener\">Twitter<\/a>\r\n                              <a class=\"share-button whatsapp\" data-href=\"https:\/\/api.whatsapp.com\/send?text=[text]\" target=\"_blank\" onclick=\"goclicky(this); return false;\" rel=\"noopener\">WhatsApp<\/a>\r\n                              <a class=\"share-button reddit\" data-href=\"http:\/\/www.reddit.com\/submit?url=https:\/\/cpstesters.com\/&title=[text]\" target=\"_blank\" onclick=\"goclicky(this); return false;\" rel=\"noopener\">Reddit<\/a>\r\n                           <\/div>\r\n                        <\/div>\r\n                     <\/div>\r\n                  <\/div>\r\n                  <img decoding=\"async\" src=\"\/wp-content\/themes\/generatepress\/tools\/assets\/img\/test_result\/3\/1.png\" style=\"display: none\" alt=\"\" title=\"\">\r\n                  <img decoding=\"async\" src=\"\/wp-content\/themes\/generatepress\/tools\/assets\/img\/test_result\/5\/1.png\" style=\"display: none\" alt=\"\" title=\"\">\r\n                  <img decoding=\"async\" src=\"\/wp-content\/themes\/generatepress\/tools\/assets\/img\/test_result\/1\/1.png\" style=\"display: none\" alt=\"\" title=\"\">\r\n                  <img decoding=\"async\" src=\"\/wp-content\/themes\/generatepress\/tools\/assets\/img\/test_result\/2\/1.png\" style=\"display: none\" alt=\"\" title=\"\">\r\n                  <img decoding=\"async\" src=\"\/wp-content\/themes\/generatepress\/tools\/assets\/img\/test_result\/0\/1.png\" style=\"display: none\" alt=\"\" title=\"\">\r\n                  <img decoding=\"async\" src=\"\/wp-content\/themes\/generatepress\/tools\/assets\/img\/test_result\/6\/1.png\" style=\"display: none\" alt=\"\" title=\"\">\r\n                  <img decoding=\"async\" src=\"\/wp-content\/themes\/generatepress\/tools\/assets\/img\/test_result\/7\/1.png\" style=\"display: none\" alt=\"\" title=\"\">\r\n                  <img decoding=\"async\" src=\"\/wp-content\/themes\/generatepress\/tools\/assets\/img\/test_result\/4\/1.png\" style=\"display: none\" alt=\"\" title=\"\">\r\n                  <script>\r\n                     var test_result = {\"ratings\":{\"min\":0,\"max\":5},\"rating_ranks\":[\"Your Rank is Snail!\",\"Your Rank is Koala!\",\"Your Rank is Turtle!\",\"Your Rank is Panda!\",\"Your Rank is Hare!\",\"Your Rank is Kangaroo!\",\"Your Rank is Panther!\",\"Your Rank is Cheetah!\"],\"cps_scale\":[[0,1],[1,3],[3,5],[5,7],[7,9],[9,10],[10,12],[12,999]],\"files\":{\"3\":[\"\\\/wp-content\\\/themes\\\/generatepress\\\/tools\\\\assets\\\/img\\\/test_result\\\/3\\\/1.png\"],\"5\":[\"\\\/wp-content\\\/themes\\\/generatepress\\\/tools\\\\assets\\\/img\\\/test_result\\\/5\\\/1.png\"],\"1\":[\"\\\/wp-content\\\/themes\\\/generatepress\\\/tools\\\\assets\\\/img\\\/test_result\\\/1\\\/1.png\"],\"2\":[\"\\\/wp-content\\\/themes\\\/generatepress\\\/tools\\\\assets\\\/img\\\/test_result\\\/2\\\/1.png\"],\"0\":[\"\\\/wp-content\\\/themes\\\/generatepress\\\/tools\\\\assets\\\/img\\\/test_result\\\/0\\\/1.png\"],\"6\":[\"\\\/wp-content\\\/themes\\\/generatepress\\\/tools\\\\assets\\\/img\\\/test_result\\\/6\\\/1.png\"],\"7\":[\"\\\/wp-content\\\/themes\\\/generatepress\\\/tools\\\\assets\\\/img\\\/test_result\\\/7\\\/1.png\"],\"4\":[\"\\\/wp-content\\\/themes\\\/generatepress\\\/tools\\\\assets\\\/img\\\/test_result\\\/4\\\/1.png\"]}};\r\n                     var language = {\"code\":\"en\",\"name\":\"English\",\"prefix\":\"\"};\r\n                     var monitoringClickEvent = 'left';\r\n                     var shareTextDefault = 'My CPS result is {speed} ({clicks} Clicks in {time} Seconds)';\r\n                  <\/script>        \r\n               <\/div>\r\n            <\/section>\r\n\t\t\r\n\t<\/div>\r\n<\/div>\r\n\r\n    <script src=\"\/wp-content\/themes\/generatepress\/tools\/assets\/js\/libs.min.js\"><\/script>\r\n      <script src=\"\/wp-content\/themes\/generatepress\/tools\/assets\/js\/main.min.js?v64\"><\/script>\r\n\n\n\n\n<div style=\"height:5px\" aria-hidden=\"true\" class=\"wp-block-spacer\"><\/div>\n\n\n\n<p>Na era digital, onde efici\u00eancia e velocidade s\u00e3o primordiais, a capacidade de clicar de forma r\u00e1pida e precisa se tornou cada vez mais importante. O 100 Second CPS Test \u00e9 uma ferramenta online simples, mas eficaz, que mede a velocidade e a precis\u00e3o do clique em um intervalo de 100 segundos. Neste artigo, exploraremos a import\u00e2ncia deste teste, sua metodologia e como ele pode ser uma maneira divertida de desafiar e melhorar as habilidades de clique.<\/p>\n\n\n\n<p><\/p>\n\n\n<div class=\"wp-block-image\">\n<figure class=\"aligncenter size-full\"><img loading=\"lazy\" decoding=\"async\" width=\"1000\" height=\"500\" src=\"https:\/\/cpstesters.com\/wp-content\/uploads\/2022\/08\/100-sec-CPs-TESt.jpg\" alt=\"100 Segundo Teste CPS\" class=\"wp-image-290\" title=\"\" srcset=\"https:\/\/cpstesters.com\/wp-content\/uploads\/2022\/08\/100-sec-CPs-TESt.jpg 1000w, https:\/\/cpstesters.com\/wp-content\/uploads\/2022\/08\/100-sec-CPs-TESt-300x150.jpg 300w, https:\/\/cpstesters.com\/wp-content\/uploads\/2022\/08\/100-sec-CPs-TESt-768x384.jpg 768w\" sizes=\"auto, (max-width: 1000px) 100vw, 1000px\" \/><\/figure>\n<\/div>\n\n\n<p><\/p>\n\n\n\n<h3 class=\"wp-block-heading\">Compreendendo o teste CPS de 100 segundos:<\/h3>\n\n\n\n<p><a href=\"https:\/\/cpstesters-com.translate.goog\/?_x_tr_sl=en&amp;_x_tr_tl=nl&amp;_x_tr_hl=en&amp;_x_tr_pto=wapp\" rel=\"noopener\">O teste CPS<\/a>&nbsp;de 100 segundos foi criado para avaliar a taxa&nbsp;<a href=\"https:\/\/cpstesters-com.translate.goog\/tap-speed-test\/?_x_tr_sl=en&amp;_x_tr_tl=nl&amp;_x_tr_hl=en&amp;_x_tr_pto=wapp\" rel=\"noopener\">de cliques por segundo<\/a>&nbsp;(CPS) de um indiv\u00edduo&nbsp;. CPS se refere ao n\u00famero de cliques que uma pessoa pode fazer em um segundo. O teste fornece uma plataforma envolvente onde os usu\u00e1rios podem mostrar sua destreza em cliques e comparar seus resultados com os de outros.<\/p>\n\n\n\n<h3 class=\"wp-block-heading\">Metodologia:<\/h3>\n\n\n\n<p>Para fazer o Teste CPS de 100 segundos, basta visitar o site ou plataforma designada que hospeda o teste. O usu\u00e1rio \u00e9 apresentado a um cron\u00f4metro que come\u00e7a a contagem regressiva de 100 segundos. Durante esse tempo, o usu\u00e1rio deve clicar rapidamente na \u00e1rea alvo fornecida o m\u00e1ximo de vezes poss\u00edvel. Assim que o cron\u00f4metro termina, o teste calcula automaticamente a taxa CPS e apresenta a pontua\u00e7\u00e3o final.<\/p>\n\n\n\n<h3 class=\"wp-block-heading\">Benef\u00edcios e significado:<\/h3>\n\n\n\n<ol class=\"wp-block-list\">\n<li>Reflexo e coordena\u00e7\u00e3o m\u00e3o-olho: O teste CPS de 100 segundos ajuda a melhorar os reflexos e a coordena\u00e7\u00e3o m\u00e3o-olho. Ao praticar e tentar atingir taxas de CPS mais altas, os indiv\u00edduos podem aumentar sua capacidade de processar est\u00edmulos visuais e responder rapidamente.<\/li>\n\n\n\n<li>Jogos e e-sports: A velocidade e a precis\u00e3o dos cliques s\u00e3o cruciais em v\u00e1rios cen\u00e1rios de jogos, especialmente em e-sports competitivos. O teste de 100 segundos CPS pode servir como uma ferramenta de treinamento para os jogadores aumentarem seu tempo de rea\u00e7\u00e3o e ganharem uma vantagem competitiva.<\/li>\n\n\n\n<li>Produtividade profissional: Em profiss\u00f5es que envolvem uso extensivo de computador, como entrada de dados ou design gr\u00e1fico, uma taxa de CPS mais alta pode melhorar significativamente a produtividade. O teste pode ser usado como uma ferramenta de autoavalia\u00e7\u00e3o para monitorar e melhorar a velocidade de clique, levando a uma maior efici\u00eancia no trabalho.<\/li>\n\n\n\n<li>Competi\u00e7\u00e3o Amig\u00e1vel: O Teste CPS de 100 Segundos oferece uma oportunidade de competi\u00e7\u00e3o amig\u00e1vel entre amigos, colegas ou comunidades online. Os usu\u00e1rios podem comparar suas pontua\u00e7\u00f5es, desafiar uns aos outros e se esfor\u00e7ar para atingir taxas de CPS mais altas, adicionando um elemento divertido e competitivo \u00e0 experi\u00eancia.<\/li>\n<\/ol>\n\n\n\n<h3 class=\"wp-block-heading\">Dicas para melhorar a taxa de CPS:<\/h3>\n\n\n\n<ol class=\"wp-block-list\">\n<li>Pratique regularmente: como qualquer habilidade, a velocidade e a precis\u00e3o do clique podem ser melhoradas por meio da pr\u00e1tica consistente. Quanto mais voc\u00ea se envolver no Teste CPS de 100 segundos, melhor voc\u00ea se tornar\u00e1 em clicar de forma r\u00e1pida e precisa.<\/li>\n\n\n\n<li>Foco e concentra\u00e7\u00e3o: Mantenha o foco e a concentra\u00e7\u00e3o durante o teste. Minimize as distra\u00e7\u00f5es e se esforce para clicar na \u00e1rea alvo com precis\u00e3o, evitando erros desnecess\u00e1rios.<\/li>\n\n\n\n<li>T\u00e9cnicas de relaxamento: Empregue t\u00e9cnicas de relaxamento, como respira\u00e7\u00e3o profunda e manter uma pegada relaxada no mouse ou trackpad. Tens\u00e3o e estresse podem prejudicar o desempenho, ent\u00e3o manter a calma e a compostura \u00e9 essencial.<\/li>\n<\/ol>\n\n\n\n<p>O teste CPS de 100 segundos oferece uma maneira simples, mas eficaz, de medir a velocidade e a precis\u00e3o do clique. Ele serve como uma ferramenta valiosa para indiv\u00edduos que buscam melhorar seus reflexos, coordena\u00e7\u00e3o motora e produtividade. Seja para jogos, prop\u00f3sitos profissionais ou competi\u00e7\u00e3o amig\u00e1vel, este teste fornece uma plataforma envolvente para desafiar a si mesmo e melhorar as habilidades de clique. Ent\u00e3o, por que n\u00e3o tentar e ver o qu\u00e3o r\u00e1pido e preciso seu clique pode ser?<\/p>\n\n\n\n<h3 class=\"wp-block-heading\">Nossos testes mais populares<\/h3>\n\n\n\n<ul class=\"wp-block-list\">\n<li><a href=\"https:\/\/cpstesters-com.translate.goog\/?_x_tr_sl=en&amp;_x_tr_tl=nl&amp;_x_tr_hl=en&amp;_x_tr_pto=wapp\" rel=\"noopener\">Teste CPS<\/a><\/li>\n\n\n\n<li><a href=\"https:\/\/cpstesters-com.translate.goog\/jitter-click-test\/?_x_tr_sl=en&amp;_x_tr_tl=nl&amp;_x_tr_hl=en&amp;_x_tr_pto=wapp\" rel=\"noopener\">Teste de clique de jitter<\/a><\/li>\n\n\n\n<li><a href=\"https:\/\/cpstesters-com.translate.goog\/kohi-click-test\/?_x_tr_sl=en&amp;_x_tr_tl=nl&amp;_x_tr_hl=en&amp;_x_tr_pto=wapp\" rel=\"noopener\">Teste de clique Kohi<\/a><\/li>\n\n\n\n<li><a href=\"https:\/\/cpstesters-com.translate.goog\/butterfly-click-test\/?_x_tr_sl=en&amp;_x_tr_tl=nl&amp;_x_tr_hl=en&amp;_x_tr_pto=wapp\" target=\"_blank\" rel=\"noreferrer noopener\">Teste de clique de borboleta<\/a><\/li>\n<\/ul>\n","protected":false},"excerpt":{"rendered":"<p>100 Segundo Teste CPS \u00e9 o melhor, verifique a rapidez com que pode clicar com a sua resist\u00eancia e paci\u00eancia em 100 segundos de tempo! &#8230; <\/p>\n<p class=\"read-more-container\"><a title=\"100 Segundo Teste CPS | Verifique a Velocidade dos Cliques\" class=\"read-more button\" href=\"https:\/\/cpstesters.com\/pt-br\/100-second-cps-test\/#more-2182\" aria-label=\"Read more about 100 Segundo Teste CPS | Verifique a Velocidade dos Cliques\">Read More<\/a><\/p>\n","protected":false},"author":4,"featured_media":0,"parent":0,"menu_order":0,"comment_status":"closed","ping_status":"closed","template":"","meta":{"footnotes":""},"class_list":["post-2182","page","type-page","status-publish"],"_links":{"self":[{"href":"https:\/\/cpstesters.com\/pt-br\/wp-json\/wp\/v2\/pages\/2182","targetHints":{"allow":["GET"]}}],"collection":[{"href":"https:\/\/cpstesters.com\/pt-br\/wp-json\/wp\/v2\/pages"}],"about":[{"href":"https:\/\/cpstesters.com\/pt-br\/wp-json\/wp\/v2\/types\/page"}],"author":[{"embeddable":true,"href":"https:\/\/cpstesters.com\/pt-br\/wp-json\/wp\/v2\/users\/4"}],"replies":[{"embeddable":true,"href":"https:\/\/cpstesters.com\/pt-br\/wp-json\/wp\/v2\/comments?post=2182"}],"version-history":[{"count":7,"href":"https:\/\/cpstesters.com\/pt-br\/wp-json\/wp\/v2\/pages\/2182\/revisions"}],"predecessor-version":[{"id":5982,"href":"https:\/\/cpstesters.com\/pt-br\/wp-json\/wp\/v2\/pages\/2182\/revisions\/5982"}],"wp:attachment":[{"href":"https:\/\/cpstesters.com\/pt-br\/wp-json\/wp\/v2\/media?parent=2182"}],"curies":[{"name":"wp","href":"https:\/\/api.w.org\/{rel}","templated":true}]}}