{"id":2163,"date":"2024-07-16T14:45:41","date_gmt":"2024-07-16T14:45:41","guid":{"rendered":"https:\/\/cpstesters.com\/sobre-nos\/"},"modified":"2024-09-17T09:38:23","modified_gmt":"2024-09-17T09:38:23","slug":"sobre-nos","status":"publish","type":"page","link":"https:\/\/cpstesters.com\/pt-br\/sobre-nos\/","title":{"rendered":"Sobre n\u00f3s"},"content":{"rendered":"\n<p>O website CPStesters.com \u00e9 dedicado a ajud\u00e1-lo a aumentar a sua velocidade global de clique. V\u00e1rios testes de cliques tornaram poss\u00edvel medir a velocidade do seu clique. Temos \u00e0 sua disposi\u00e7\u00e3o v\u00e1rias ferramentas que lhe permitir\u00e3o manter o controlo do seu desempenho. Ajudamos os utilizadores com a sua velocidade de clique e oferecemos orienta\u00e7\u00e3o \u00fatil para melhorar a funcionalidade quando se utiliza um rato ou outros dispositivos.<\/p>\n\n<p>Colocamos mais \u00eanfase nos jogadores do que nos jogos, permitindo-nos oferecer informa\u00e7\u00e3o chave independentemente do jogo que escolher. Queremos dar-lhe as ferramentas necess\u00e1rias para acompanhar o seu progresso em v\u00e1rios jogos ao longo do tempo e chegar a melhores julgamentos sobre como aumentar a sua taxa de cliques.<\/p>\n\n<p>Fornecemos uma interface de utilizador divertida e simples de utilizar. Adicionalmente, o nosso website oferece um teste de clique melhorado que inclui uma interface de utilizador contempor\u00e2nea e uma experi\u00eancia de utilizador (UI\/UX) e a op\u00e7\u00e3o de ver os resultados num cr\u00e9dito de jogo mais informativo, cri\u00e1mos uma nova est\u00e9tica que \u00e9 simultaneamente contempor\u00e2nea e apelativa para os utilizadores.<\/p>\n\n<p>Estamos constantemente a pensar em novos conceitos que ir\u00e3o ajudar os nossos jogadores. Se estiver \u00e0 procura de uma solu\u00e7\u00e3o criativa, informe-nos! N\u00e3o tenha medo de expressar as suas ideias. Vamos oferecer-lhe o respeito e o apre\u00e7o que merece.<\/p>\n\n<p>Esperamos sinceramente que o nosso Testador CPS tamb\u00e9m o beneficie. Continue a voltar, pois pretendemos acrescentar mais itera\u00e7\u00f5es e configura\u00e7\u00f5es a esta fant\u00e1stica ferramenta de jogo.<\/p>\n\n<p>Esperamos v\u00ea-lo aqui frequentemente para que possa utilizar o CPSTesters.com. Complete o question\u00e1rio, divirta-se, e acelere o seu clique.<\/p>\n\n<p>Pode tamb\u00e9m visitar as p\u00e1ginas de <a href=\"https:\/\/cpstesters.com\/pt-br\/politica-de-privacidade\/\" target=\"_blank\" rel=\"noreferrer noopener\">Pol\u00edtica de Privacidade<\/a> e <a href=\"https:\/\/cpstesters.com\/pt-br\/termos-e-condicoes\/\" target=\"_blank\" rel=\"noreferrer noopener\">Termos &amp; Condi\u00e7\u00f5es<\/a> para saber mais sobre as nossas pol\u00edticas. Al\u00e9m disso, se tiver alguma d\u00favida, n\u00e3o hesite em <a href=\"https:\/\/cpstesters.com\/pt-br\/contacte-nos\/\" target=\"_blank\" rel=\"noreferrer noopener\">Contacte-nos<\/a>.<\/p>\n","protected":false},"excerpt":{"rendered":"<p>O website CPStesters.com \u00e9 dedicado a ajud\u00e1-lo a aumentar a sua velocidade global de clique. V\u00e1rios testes de cliques tornaram poss\u00edvel medir a velocidade do &#8230; <\/p>\n<p class=\"read-more-container\"><a title=\"Sobre n\u00f3s\" class=\"read-more button\" href=\"https:\/\/cpstesters.com\/pt-br\/sobre-nos\/#more-2163\" aria-label=\"Read more about Sobre n\u00f3s\">Read More<\/a><\/p>\n","protected":false},"author":4,"featured_media":0,"parent":0,"menu_order":0,"comment_status":"closed","ping_status":"closed","template":"","meta":{"footnotes":""},"class_list":["post-2163","page","type-page","status-publish"],"_links":{"self":[{"href":"https:\/\/cpstesters.com\/pt-br\/wp-json\/wp\/v2\/pages\/2163","targetHints":{"allow":["GET"]}}],"collection":[{"href":"https:\/\/cpstesters.com\/pt-br\/wp-json\/wp\/v2\/pages"}],"about":[{"href":"https:\/\/cpstesters.com\/pt-br\/wp-json\/wp\/v2\/types\/page"}],"author":[{"embeddable":true,"href":"https:\/\/cpstesters.com\/pt-br\/wp-json\/wp\/v2\/users\/4"}],"replies":[{"embeddable":true,"href":"https:\/\/cpstesters.com\/pt-br\/wp-json\/wp\/v2\/comments?post=2163"}],"version-history":[{"count":3,"href":"https:\/\/cpstesters.com\/pt-br\/wp-json\/wp\/v2\/pages\/2163\/revisions"}],"predecessor-version":[{"id":3860,"href":"https:\/\/cpstesters.com\/pt-br\/wp-json\/wp\/v2\/pages\/2163\/revisions\/3860"}],"wp:attachment":[{"href":"https:\/\/cpstesters.com\/pt-br\/wp-json\/wp\/v2\/media?parent=2163"}],"curies":[{"name":"wp","href":"https:\/\/api.w.org\/{rel}","templated":true}]}}