{"id":1965,"date":"2024-07-16T13:59:03","date_gmt":"2024-07-16T13:59:03","guid":{"rendered":"https:\/\/cpstesters.com\/10-segundo-teste-cps-verifique-os-seus-cliques\/"},"modified":"2024-09-17T06:45:06","modified_gmt":"2024-09-17T06:45:06","slug":"10-second-cps-test","status":"publish","type":"page","link":"https:\/\/cpstesters.com\/pt-br\/10-second-cps-test\/","title":{"rendered":"10 Segundo Teste CPS | Verifique os Seus Cliques"},"content":{"rendered":"\n<p>O Teste de 10 segundos CPS \u00e9 um jogo de clique baseado na velocidade que lhe permite determinar a velocidade dos seus cliques em 10 segundos.<\/p>\n <div class=\"row\">\r\n\t<div class=\"col-md-4\">\r\n\r\n\t\t\r\n\t\t\r\n\t\t<div class=\"side_nav\">\r\n            \r\n            \r\n            <ul class=\"time\">\r\n            <li>\r\n             <a href=\"https:\/\/cpstesters.com\/1-second-cps-test\/\"> <span data-time=\"1\">1 Second Test<\/span><\/a>\r\n            <\/li><li>\r\n             <a href=\"https:\/\/cpstesters.com\/2-second-cps-test\/\"><span data-time=\"2\">2 Second Test<\/span><\/a>\r\n            <\/li><li>\r\n           <a href=\"https:\/\/cpstesters.com\/5-second-cps-test\/\"><span data-time=\"5\">5 Second Test<\/span><\/a>\r\n            <\/li><li>\r\n\t\t\t\t <a href=\"https:\/\/cpstesters.com\/10-second-cps-test\/\"><span data-time=\"10\" class=\"active\">10 Second Test<\/span><\/a>\r\n            <\/li><li>\r\n             <a href=\"https:\/\/cpstesters.com\/15-second-click-test\/\"><span data-time=\"15\">15 Second Test<\/span><\/a>\r\n            <\/li>\r\n\t\t\t\t\t <li>\r\n             <a href=\"https:\/\/cpstesters.com\/30-second-cps-test\/\"><span data-time=\"30\">30 Second Test<\/span><\/a>\r\n            <\/li><li>\r\n\t\t\t\t<li>\r\n             <a href=\"https:\/\/cpstesters.com\/60-second-cps-test\/\"><span data-time=\"60\">60 Second Test<\/span><\/a>\r\n            <\/li><li>\r\n\t\t\t\t<li>\r\n             <a href=\"https:\/\/cpstesters.com\/100-second-cps-test\/\"><span data-time=\"100\">100 Second Test<\/span><\/a>\r\n            <\/li>\r\n\t\t\t\t\r\n\t\t\t\t<li>\r\n             <a href=\"https:\/\/cpstesters.com\/manual-click-test\/\"><span data-time=\"20\">Manual Click Test<\/span><\/a>\r\n            <\/li><\/ul>\r\n            <\/div>\r\n\t\t\r\n\t\t\r\n\t<\/div>\r\n\t<div class=\"col-md-8\">\r\n\t\t<section class=\"section section--full js-section-full section--click\">\r\n               <div class=\"container\">\r\n\t\t\t\t   \r\n\t\t\t\t         <div class=\"setting\">\r\n    <div class=\"theme-mode\"><a class=\"theme-mode__switch js-switch\" href=\"javascript:void(0);\"><\/a>\r\n        <div class=\"theme-mode__text\">Light \/ Dark mode<\/div>\r\n    <\/div>\r\n<\/div>\r\n\t\t\t\t   \r\n\t\t\t\t   \r\n                  <div class=\"statistics\">\r\n                     <div class=\"statistics__item statistics__item--timer\">\r\n                        <div class=\"statistics__number\">\r\n                           <span class=\"js-time number_timer\">10.00<\/span>\r\n                           <a class=\"statistics__arrow statistics__arrow--up js-time-up\" href=\"javascript:void(0);\">\r\n                              <svg class=\"icon icon-arrow-up \">\r\n                                 <use xlink:href=\"\/wp-content\/themes\/generatepress\/tools\/assets\/img\/spritesvg.svg#arrow-up\"><\/use>\r\n                              <\/svg>\r\n                           <\/a>\r\n                           <a class=\"statistics__arrow statistics__arrow--down js-time-down\" href=\"javascript:void(0);\">\r\n                              <svg class=\"icon icon-arrow-up \">\r\n                                 <use xlink:href=\"\/wp-content\/themes\/generatepress\/tools\/assets\/img\/spritesvg.svg#arrow-up\"><\/use>\r\n                              <\/svg>\r\n                           <\/a>\r\n                        <\/div>\r\n                        <div class=\"statistics__title\">Timer<\/div>\r\n                     <\/div>\r\n                     <div class=\"statistics__item statistics__item--clicks\">\r\n                        <div class=\"statistics__number number_clicks js-speed\">0.00<\/div>\r\n                        <div class=\"statistics__title\">Clicks \/ s<\/div>\r\n                     <\/div>\r\n                     <div class=\"statistics__item statistics__item--score\">\r\n                        <div class=\"statistics__number number_score js-score\">0<\/div>\r\n                        <div class=\"statistics__title\">Score<\/div>\r\n                     <\/div>\r\n                  <\/div>\r\n                  <div class=\"clicks-zone\">\r\n                     <div class=\"clicks-zone__start js-clicks-start\">\r\n                        <svg class=\"icon icon-click \">\r\n                           <use xlink:href=\"\/wp-content\/themes\/generatepress\/tools\/assets\/img\/spritesvg.svg#click\"><\/use>\r\n                        <\/svg>\r\n                        <div class=\"clicks-zone__start-title\">\u0421lick here to start cps test<\/div>\r\n                     <\/div>\r\n                     <div class=\"clicks-zone__clicks js-clicks\"><\/div>\r\n                     <div class=\"clicks-zone__result result-clicks js-clicks-result\">\r\n                        <div class=\"result-clicks__title rank-wrapper\"><\/div>\r\n                        <div class=\"result-clicks__text\">Your CPS result is <span class=\"speed js-stat-speed\"><\/span> (<span class=\"clicks js-stat-clicks\"><\/span> Clicks in <span class=\"time js-stat-time\"><\/span> Seconds)<\/div>\r\n                        <div class=\"result-clicks__img\"><img><\/div>\r\n                        <a class=\"result-clicks__btn js-try-again\" href=\"javascript:void(0);\">\r\n                           <svg class=\"icon icon-again \">\r\n                              <use xlink:href=\"\/wp-content\/themes\/generatepress\/tools\/assets\/img\/spritesvg.svg#again\"><\/use>\r\n                           <\/svg>\r\n                           Restart\r\n                        <\/a>\r\n                        <div class=\"result-clicks__share\">\r\n                           <div class=\"result-clicks__share-title\">Share your result with friends!<\/div>\r\n                           <div class=\"share-buttons\">\r\n                              <a class=\"share-button facebook\" data-href=\"https:\/\/www.facebook.com\/sharer\/sharer.php?u=https:\/\/cpstesters.com\/\" target=\"_blank\" onclick=\"goclicky(this); return false;\" rel=\"noopener\">Facebook<\/a>\r\n                              <a class=\"share-button twitter\" data-href=\"http:\/\/www.twitter.com\/share?url=https:\/\/cpstesters.com\/&text=[text]\" target=\"_blank\" onclick=\"goclicky(this); return false;\" rel=\"noopener\">Twitter<\/a>\r\n                              <a class=\"share-button whatsapp\" data-href=\"https:\/\/api.whatsapp.com\/send?text=[text]\" target=\"_blank\" onclick=\"goclicky(this); return false;\" rel=\"noopener\">WhatsApp<\/a>\r\n                              <a class=\"share-button reddit\" data-href=\"http:\/\/www.reddit.com\/submit?url=https:\/\/cpstesters.com\/&title=[text]\" target=\"_blank\" onclick=\"goclicky(this); return false;\" rel=\"noopener\">Reddit<\/a>\r\n                           <\/div>\r\n                        <\/div>\r\n                     <\/div>\r\n                  <\/div>\r\n                  <img decoding=\"async\" src=\"\/wp-content\/themes\/generatepress\/tools\/assets\/img\/test_result\/3\/1.png\" style=\"display: none\" alt=\"\" title=\"\">\r\n                  <img decoding=\"async\" src=\"\/wp-content\/themes\/generatepress\/tools\/assets\/img\/test_result\/5\/1.png\" style=\"display: none\" alt=\"\" title=\"\">\r\n                  <img decoding=\"async\" src=\"\/wp-content\/themes\/generatepress\/tools\/assets\/img\/test_result\/1\/1.png\" style=\"display: none\" alt=\"\" title=\"\">\r\n                  <img decoding=\"async\" src=\"\/wp-content\/themes\/generatepress\/tools\/assets\/img\/test_result\/2\/1.png\" style=\"display: none\" alt=\"\" title=\"\">\r\n                  <img decoding=\"async\" src=\"\/wp-content\/themes\/generatepress\/tools\/assets\/img\/test_result\/0\/1.png\" style=\"display: none\" alt=\"\" title=\"\">\r\n                  <img decoding=\"async\" src=\"\/wp-content\/themes\/generatepress\/tools\/assets\/img\/test_result\/6\/1.png\" style=\"display: none\" alt=\"\" title=\"\">\r\n                  <img decoding=\"async\" src=\"\/wp-content\/themes\/generatepress\/tools\/assets\/img\/test_result\/7\/1.png\" style=\"display: none\" alt=\"\" title=\"\">\r\n                  <img decoding=\"async\" src=\"\/wp-content\/themes\/generatepress\/tools\/assets\/img\/test_result\/4\/1.png\" style=\"display: none\" alt=\"\" title=\"\">\r\n                  <script>\r\n                     var test_result = {\"ratings\":{\"min\":0,\"max\":5},\"rating_ranks\":[\"Your Rank is Snail!\",\"Your Rank is Koala!\",\"Your Rank is Turtle!\",\"Your Rank is Panda!\",\"Your Rank is Hare!\",\"Your Rank is Kangaroo!\",\"Your Rank is Panther!\",\"Your Rank is Cheetah!\"],\"cps_scale\":[[0,1],[1,3],[3,5],[5,7],[7,9],[9,10],[10,12],[12,999]],\"files\":{\"3\":[\"\\\/wp-content\\\/themes\\\/generatepress\\\/tools\\\\assets\\\/img\\\/test_result\\\/3\\\/1.png\"],\"5\":[\"\\\/wp-content\\\/themes\\\/generatepress\\\/tools\\\\assets\\\/img\\\/test_result\\\/5\\\/1.png\"],\"1\":[\"\\\/wp-content\\\/themes\\\/generatepress\\\/tools\\\\assets\\\/img\\\/test_result\\\/1\\\/1.png\"],\"2\":[\"\\\/wp-content\\\/themes\\\/generatepress\\\/tools\\\\assets\\\/img\\\/test_result\\\/2\\\/1.png\"],\"0\":[\"\\\/wp-content\\\/themes\\\/generatepress\\\/tools\\\\assets\\\/img\\\/test_result\\\/0\\\/1.png\"],\"6\":[\"\\\/wp-content\\\/themes\\\/generatepress\\\/tools\\\\assets\\\/img\\\/test_result\\\/6\\\/1.png\"],\"7\":[\"\\\/wp-content\\\/themes\\\/generatepress\\\/tools\\\\assets\\\/img\\\/test_result\\\/7\\\/1.png\"],\"4\":[\"\\\/wp-content\\\/themes\\\/generatepress\\\/tools\\\\assets\\\/img\\\/test_result\\\/4\\\/1.png\"]}};\r\n                     var language = {\"code\":\"en\",\"name\":\"English\",\"prefix\":\"\"};\r\n                     var monitoringClickEvent = 'left';\r\n                     var shareTextDefault = 'My CPS result is {speed} ({clicks} Clicks in {time} Seconds)';\r\n                  <\/script>        \r\n               <\/div>\r\n            <\/section>\r\n\t\t\r\n\t<\/div>\r\n<\/div>\r\n\r\n    <script src=\"\/wp-content\/themes\/generatepress\/tools\/assets\/js\/libs.min.js\"><\/script>\r\n      <script src=\"\/wp-content\/themes\/generatepress\/tools\/assets\/js\/main.min.js?v64\"><\/script>\r\n\n\n<p><\/p>\n\n<h2 class=\"wp-block-heading\">O que \u00e9 10 Segundo Teste CPS<\/h2>\n\n<p>Este teste de 10 segundos de clique destina-se a demonstrar a sua velocidade de clique. O software \u00e9 uma \u00f3ptima forma de as pessoas matarem o tempo e se divertirem quando n\u00e3o est\u00e3o a trabalhar. Em incrementos de 10 segundos, o gadget mostra a rapidez com que se clica em 10 segundos.<\/p>\n\n<p>O teste de 10 segundos de clique apresenta um desenho simples, e para o passar, \u00e9 necess\u00e1rio clicar no alvo o mais rapidamente poss\u00edvel. A ferramenta de teste de clique de 10 segundos dar-lhe-\u00e1 uma pontua\u00e7\u00e3o global e alguns coment\u00e1rios depois de ter feito clique.<\/p>\n\n<p>Se quiser aperfei\u00e7oar as suas capacidades de arrastar e clicar, o Click Test 10 Seconds \u00e9 um recurso fant\u00e1stico. Em apenas 10 segundos clique, pode aprender a clicar rapidamente. O dispositivo de 10 segundos \u00e9 n\u00e3o s\u00f3 um recurso gratuito \u00fatil mas tamb\u00e9m uma forma divertida de matar o tempo.<\/p>\n\n<p class=\"has-text-align-center has-base-3-color has-text-color has-background has-medium-font-size\" style=\"background-color:#ffb15e\">Os cliques gerais por segundo teste podem ser feitos no <a href=\"https:\/\/cpstesters.com\/pt-br\/\" target=\"_blank\" rel=\"noreferrer noopener\">CPS Test<\/a><\/p>\n<div class=\"wp-block-image\">\n<figure class=\"aligncenter size-full\"><img loading=\"lazy\" decoding=\"async\" width=\"1000\" height=\"500\" src=\"https:\/\/cpstesters.com\/wp-content\/uploads\/2022\/08\/Untitled-design-2.jpg\" alt=\"10 Segundo Teste CPS\" class=\"wp-image-175\" title=\"\" srcset=\"https:\/\/cpstesters.com\/wp-content\/uploads\/2022\/08\/Untitled-design-2.jpg 1000w, https:\/\/cpstesters.com\/wp-content\/uploads\/2022\/08\/Untitled-design-2-300x150.jpg 300w, https:\/\/cpstesters.com\/wp-content\/uploads\/2022\/08\/Untitled-design-2-768x384.jpg 768w\" sizes=\"auto, (max-width: 1000px) 100vw, 1000px\" \/><figcaption class=\"wp-element-caption\">10 Segundo Teste CPS<\/figcaption><\/figure>\n<\/div>\n<h2 class=\"wp-block-heading\">Como posso obter cliques mais r\u00e1pidos por segundo?<\/h2>\n\n<p>Os seguintes m\u00e9todos podem ser usados para levantar os seus cps (Cliques por segundo):<\/p>\n\n<ul class=\"wp-block-list\">\n<li>O melhor conselho \u00e9 utilizar um rato de jogo em vez de um rato normal e manter-se afastado do trackpad do seu computador port\u00e1til.<\/li>\n\n\n\n<li>M\u00e9todos de clique como o clique nervoso e o clique borboleta s\u00e3o \u00f3ptimos para come\u00e7ar.<\/li>\n\n\n\n<li>Ajuste a sensibilidade do seu rato e pratique jogos de tiro a alta velocidade para melhorar a sua pontaria.<\/li>\n<\/ul>\n\n<h2 class=\"wp-block-heading\">Teste CPS 10-Segundos Trapaceiros<\/h2>\n\n<p>Deve-se estar ciente do actual detentor do recorde num jogo de teste de clique antes de se definir um novo. Com um novo recorde de 22 CPS ap\u00f3s apenas 10 segundos de clique, estabeleceu um novo padr\u00e3o. Crie um novo se quiser; h\u00e1 atalhos para a fama que pode tomar.<\/p>\n\n<ul class=\"wp-block-list\">\n<li>Os clickers autom\u00e1ticos s\u00e3o o meio mais eficiente, mas a segunda abordagem \u00e9 a que se deve adoptar se se valoriza a honestidade.<\/li>\n\n\n\n<li>Cliques de borboleta, cliques de arrastar, e cliques de Jitter s\u00e3o todas op\u00e7\u00f5es.<\/li>\n\n\n\n<li>O Teste de Velocidade do Clique \u00e9 seu para dominar com mais pr\u00e1tica.<\/li>\n\n\n\n<li>Se colocar o tempo e o esfor\u00e7o necess\u00e1rios, tamb\u00e9m poder\u00e1 alcan\u00e7ar a classifica\u00e7\u00e3o de chita no jogo de teste de velocidade de clique.<\/li>\n<\/ul>\n\n<h2 class=\"wp-block-heading has-text-align-center\">FAQ&#8217;s<\/h2>\n\n<h3 class=\"wp-block-heading\"><strong>Quantos cliques por segundo faz o jogador m\u00e9dio?<\/strong><\/h3>\n\n<p>De acordo com os jogadores profissionais, a taxa m\u00e9dia de quadros \u00e9 de 6, embora possa ser qualquer coisa entre 5 a 7 FPS. Alguns jogadores de alto n\u00edvel s\u00e3o capazes de at\u00e9 dez cliques por segundo. Desde que tenha uma abordagem s\u00f3lida e um plano bem organizado em vigor, pode conseguir isto.<\/p>\n\n<h3 class=\"wp-block-heading\"><strong>Quando clico no meu cps, a que velocidade est\u00e1 a ir?<\/strong><\/h3>\n\n<p>Ver e avaliar o ritmo de clique do seu cps n\u00e3o requer mais esfor\u00e7o da sua parte. Estabelecendo um limite de tempo e clicando em qualquer encomenda, os nossos Equipamentos de Teste de Velocidade de Cliques ter\u00e3o uma boa utiliza\u00e7\u00e3o. Quando o tempo acabar, abrir-se-\u00e1 uma janela com a pontua\u00e7\u00e3o final do seu teste.<\/p>\n\n<h3 class=\"wp-block-heading\"><strong>Onde se encontra o recorde para o teste CPS mais r\u00e1pido em 10 segundos?<\/strong><\/h3>\n\n<p>Durante essa janela, \u00e9 poss\u00edvel atingir um CPS m\u00e1ximo de 23,9 clicks (239 clicks). realizado por Yukang Jiang, um testador de cps americano.<\/p>\n\n<h2 class=\"wp-block-heading\">Palavras Finais 10 Segundos Click Test<\/h2>\n\n<p>O teste de clique 10 por segundo \u00e9 uma aplica\u00e7\u00e3o not\u00e1vel que foi desenvolvida para colocar a velocidade de clique do utilizador \u00e0 prova. O website apresenta uma interface de utilizador simples de utilizar, e pode aumentar o n\u00famero de vezes por segundo em que se clica. N\u00e3o espere e confira o teste!<\/p>\n","protected":false},"excerpt":{"rendered":"<p>O Teste de 10 segundos CPS \u00e9 um jogo de clique baseado na velocidade que lhe permite determinar a velocidade dos seus cliques em 10 &#8230; <\/p>\n<p class=\"read-more-container\"><a title=\"10 Segundo Teste CPS | Verifique os Seus Cliques\" class=\"read-more button\" href=\"https:\/\/cpstesters.com\/pt-br\/10-second-cps-test\/#more-1965\" aria-label=\"Read more about 10 Segundo Teste CPS | Verifique os Seus Cliques\">Read More<\/a><\/p>\n","protected":false},"author":4,"featured_media":996,"parent":0,"menu_order":0,"comment_status":"closed","ping_status":"closed","template":"","meta":{"footnotes":""},"class_list":["post-1965","page","type-page","status-publish","has-post-thumbnail"],"_links":{"self":[{"href":"https:\/\/cpstesters.com\/pt-br\/wp-json\/wp\/v2\/pages\/1965","targetHints":{"allow":["GET"]}}],"collection":[{"href":"https:\/\/cpstesters.com\/pt-br\/wp-json\/wp\/v2\/pages"}],"about":[{"href":"https:\/\/cpstesters.com\/pt-br\/wp-json\/wp\/v2\/types\/page"}],"author":[{"embeddable":true,"href":"https:\/\/cpstesters.com\/pt-br\/wp-json\/wp\/v2\/users\/4"}],"replies":[{"embeddable":true,"href":"https:\/\/cpstesters.com\/pt-br\/wp-json\/wp\/v2\/comments?post=1965"}],"version-history":[{"count":5,"href":"https:\/\/cpstesters.com\/pt-br\/wp-json\/wp\/v2\/pages\/1965\/revisions"}],"predecessor-version":[{"id":4047,"href":"https:\/\/cpstesters.com\/pt-br\/wp-json\/wp\/v2\/pages\/1965\/revisions\/4047"}],"wp:featuredmedia":[{"embeddable":true,"href":"https:\/\/cpstesters.com\/pt-br\/wp-json\/wp\/v2\/media\/996"}],"wp:attachment":[{"href":"https:\/\/cpstesters.com\/pt-br\/wp-json\/wp\/v2\/media?parent=1965"}],"curies":[{"name":"wp","href":"https:\/\/api.w.org\/{rel}","templated":true}]}}