{"id":1933,"date":"2024-07-16T14:08:15","date_gmt":"2024-07-16T14:08:15","guid":{"rendered":"https:\/\/cpstesters.com\/5-segundo-teste-cps-verifique-a-velocidade-dos-seus-cliques\/"},"modified":"2024-09-17T09:29:02","modified_gmt":"2024-09-17T09:29:02","slug":"5-second-cps-test","status":"publish","type":"page","link":"https:\/\/cpstesters.com\/pt-br\/5-second-cps-test\/","title":{"rendered":"5 Segundo Teste CPS | Verifique a Velocidade dos Seus Cliques"},"content":{"rendered":"\n<p>O Teste de 5 segundos CPS \u00e9 um jogo de teste de velocidade de clique r\u00e1pido. Se for um principiante, ir\u00e1 ajud\u00e1-lo a verificar a rapidez com que pode clicar em 5 segundos.<\/p>\n<div class=\"row\">\r\n\t<div class=\"col-md-4\">\r\n\r\n\t\t\r\n\t\t\r\n\t\t<div class=\"side_nav\">\r\n            \r\n            \r\n             <ul class=\"time\">\r\n            <li>\r\n             <a href=\"https:\/\/cpstesters.com\/1-second-cps-test\/\"> <span data-time=\"1\">1 Second Test<\/span><\/a>\r\n            <\/li><li>\r\n             <a href=\"https:\/\/cpstesters.com\/2-second-cps-test\/\"><span data-time=\"2\">2 Second Test<\/span><\/a>\r\n            <\/li><li>\r\n           <a href=\"https:\/\/cpstesters.com\/5-second-cps-test\/\"><span data-time=\"5\" class=\"active\">5 Second Test<\/span><\/a>\r\n            <\/li><li>\r\n\t\t\t\t <a href=\"https:\/\/cpstesters.com\/10-second-cps-test\/\"><span data-time=\"10\">10 Second Test<\/span><\/a>\r\n            <\/li><li>\r\n             <a href=\"https:\/\/cpstesters.com\/15-second-click-test\/\"><span data-time=\"15\">15 Second Test<\/span><\/a>\r\n            <\/li>\r\n\t\t\t\t \t<li>\r\n             <a href=\"https:\/\/cpstesters.com\/30-second-cps-test\/\"><span data-time=\"30\">30 Second Test<\/span><\/a>\r\n            <\/li><li>\r\n\t\t\t\t<li>\r\n             <a href=\"https:\/\/cpstesters.com\/60-second-cps-test\/\"><span data-time=\"60\">60 Second Test<\/span><\/a>\r\n            <\/li><li>\r\n\t\t\t\t<li>\r\n             <a href=\"https:\/\/cpstesters.com\/100-second-cps-test\/\"><span data-time=\"100\">100 Second Test<\/span><\/a>\r\n            <\/li>\r\n\t\t\t\t <li>\r\n             <a href=\"https:\/\/cpstesters.com\/manual-click-test\/\"><span data-time=\"20\">Manual Click Test<\/span><\/a>\r\n            <\/li><\/ul>\r\n            <\/div>\r\n\t\t\r\n\t\t\r\n\t<\/div>\r\n\t<div class=\"col-md-8\">\r\n\t\t<section class=\"section section--full js-section-full section--click\">\r\n               <div class=\"container\">\r\n\t\t\t\t   \r\n\t\t\t\t         <div class=\"setting\">\r\n    <div class=\"theme-mode\"><a class=\"theme-mode__switch js-switch\" href=\"javascript:void(0);\"><\/a>\r\n        <div class=\"theme-mode__text\">Light \/ Dark mode<\/div>\r\n    <\/div>\r\n<\/div>\r\n\t\t\t\t   \r\n\t\t\t\t   \r\n                  <div class=\"statistics\">\r\n                     <div class=\"statistics__item statistics__item--timer\">\r\n                        <div class=\"statistics__number\">\r\n                           <span class=\"js-time number_timer\">5.00<\/span>\r\n                           <a class=\"statistics__arrow statistics__arrow--up js-time-up\" href=\"javascript:void(0);\">\r\n                              <svg class=\"icon icon-arrow-up \">\r\n                                 <use xlink:href=\"\/wp-content\/themes\/generatepress\/tools\/assets\/img\/spritesvg.svg#arrow-up\"><\/use>\r\n                              <\/svg>\r\n                           <\/a>\r\n                           <a class=\"statistics__arrow statistics__arrow--down js-time-down\" href=\"javascript:void(0);\">\r\n                              <svg class=\"icon icon-arrow-up \">\r\n                                 <use xlink:href=\"\/wp-content\/themes\/generatepress\/tools\/assets\/img\/spritesvg.svg#arrow-up\"><\/use>\r\n                              <\/svg>\r\n                           <\/a>\r\n                        <\/div>\r\n                        <div class=\"statistics__title\">Timer<\/div>\r\n                     <\/div>\r\n                     <div class=\"statistics__item statistics__item--clicks\">\r\n                        <div class=\"statistics__number number_clicks js-speed\">0.00<\/div>\r\n                        <div class=\"statistics__title\">Clicks \/ s<\/div>\r\n                     <\/div>\r\n                     <div class=\"statistics__item statistics__item--score\">\r\n                        <div class=\"statistics__number number_score js-score\">0<\/div>\r\n                        <div class=\"statistics__title\">Score<\/div>\r\n                     <\/div>\r\n                  <\/div>\r\n                  <div class=\"clicks-zone\">\r\n                     <div class=\"clicks-zone__start js-clicks-start\">\r\n                        <svg class=\"icon icon-click \">\r\n                           <use xlink:href=\"\/wp-content\/themes\/generatepress\/tools\/assets\/img\/spritesvg.svg#click\"><\/use>\r\n                        <\/svg>\r\n                        <div class=\"clicks-zone__start-title\">\u0421lick here to start cps test<\/div>\r\n                     <\/div>\r\n                     <div class=\"clicks-zone__clicks js-clicks\"><\/div>\r\n                     <div class=\"clicks-zone__result result-clicks js-clicks-result\">\r\n                        <div class=\"result-clicks__title rank-wrapper\"><\/div>\r\n                        <div class=\"result-clicks__text\">Your CPS result is <span class=\"speed js-stat-speed\"><\/span> (<span class=\"clicks js-stat-clicks\"><\/span> Clicks in <span class=\"time js-stat-time\"><\/span> Seconds)<\/div>\r\n                        <div class=\"result-clicks__img\"><img><\/div>\r\n                        <a class=\"result-clicks__btn js-try-again\" href=\"javascript:void(0);\">\r\n                           <svg class=\"icon icon-again \">\r\n                              <use xlink:href=\"\/wp-content\/themes\/generatepress\/tools\/assets\/img\/spritesvg.svg#again\"><\/use>\r\n                           <\/svg>\r\n                           Restart\r\n                        <\/a>\r\n                        <div class=\"result-clicks__share\">\r\n                           <div class=\"result-clicks__share-title\">Share your result with friends!<\/div>\r\n                           <div class=\"share-buttons\">\r\n                              <a class=\"share-button facebook\" data-href=\"https:\/\/www.facebook.com\/sharer\/sharer.php?u=https:\/\/cpstesters.com\/\" target=\"_blank\" onclick=\"goclicky(this); return false;\" rel=\"noopener\">Facebook<\/a>\r\n                              <a class=\"share-button twitter\" data-href=\"http:\/\/www.twitter.com\/share?url=https:\/\/cpstesters.com\/&text=[text]\" target=\"_blank\" onclick=\"goclicky(this); return false;\" rel=\"noopener\">Twitter<\/a>\r\n                              <a class=\"share-button whatsapp\" data-href=\"https:\/\/api.whatsapp.com\/send?text=[text]\" target=\"_blank\" onclick=\"goclicky(this); return false;\" rel=\"noopener\">WhatsApp<\/a>\r\n                              <a class=\"share-button reddit\" data-href=\"http:\/\/www.reddit.com\/submit?url=https:\/\/cpstesters.com\/&title=[text]\" target=\"_blank\" onclick=\"goclicky(this); return false;\" rel=\"noopener\">Reddit<\/a>\r\n                           <\/div>\r\n                        <\/div>\r\n                     <\/div>\r\n                  <\/div>\r\n                  <img decoding=\"async\" src=\"\/wp-content\/themes\/generatepress\/tools\/assets\/img\/test_result\/3\/1.png\" style=\"display: none\" alt=\"\" title=\"\">\r\n                  <img decoding=\"async\" src=\"\/wp-content\/themes\/generatepress\/tools\/assets\/img\/test_result\/5\/1.png\" style=\"display: none\" alt=\"\" title=\"\">\r\n                  <img decoding=\"async\" src=\"\/wp-content\/themes\/generatepress\/tools\/assets\/img\/test_result\/1\/1.png\" style=\"display: none\" alt=\"\" title=\"\">\r\n                  <img decoding=\"async\" src=\"\/wp-content\/themes\/generatepress\/tools\/assets\/img\/test_result\/2\/1.png\" style=\"display: none\" alt=\"\" title=\"\">\r\n                  <img decoding=\"async\" src=\"\/wp-content\/themes\/generatepress\/tools\/assets\/img\/test_result\/0\/1.png\" style=\"display: none\" alt=\"\" title=\"\">\r\n                  <img decoding=\"async\" src=\"\/wp-content\/themes\/generatepress\/tools\/assets\/img\/test_result\/6\/1.png\" style=\"display: none\" alt=\"\" title=\"\">\r\n                  <img decoding=\"async\" src=\"\/wp-content\/themes\/generatepress\/tools\/assets\/img\/test_result\/7\/1.png\" style=\"display: none\" alt=\"\" title=\"\">\r\n                  <img decoding=\"async\" src=\"\/wp-content\/themes\/generatepress\/tools\/assets\/img\/test_result\/4\/1.png\" style=\"display: none\" alt=\"\" title=\"\">\r\n                  <script>\r\n                     var test_result = {\"ratings\":{\"min\":0,\"max\":5},\"rating_ranks\":[\"Your Rank is Snail!\",\"Your Rank is Koala!\",\"Your Rank is Turtle!\",\"Your Rank is Panda!\",\"Your Rank is Hare!\",\"Your Rank is Kangaroo!\",\"Your Rank is Panther!\",\"Your Rank is Cheetah!\"],\"cps_scale\":[[0,1],[1,3],[3,5],[5,7],[7,9],[9,10],[10,12],[12,999]],\"files\":{\"3\":[\"\\\/wp-content\\\/themes\\\/generatepress\\\/tools\\\\assets\\\/img\\\/test_result\\\/3\\\/1.png\"],\"5\":[\"\\\/wp-content\\\/themes\\\/generatepress\\\/tools\\\\assets\\\/img\\\/test_result\\\/5\\\/1.png\"],\"1\":[\"\\\/wp-content\\\/themes\\\/generatepress\\\/tools\\\\assets\\\/img\\\/test_result\\\/1\\\/1.png\"],\"2\":[\"\\\/wp-content\\\/themes\\\/generatepress\\\/tools\\\\assets\\\/img\\\/test_result\\\/2\\\/1.png\"],\"0\":[\"\\\/wp-content\\\/themes\\\/generatepress\\\/tools\\\\assets\\\/img\\\/test_result\\\/0\\\/1.png\"],\"6\":[\"\\\/wp-content\\\/themes\\\/generatepress\\\/tools\\\\assets\\\/img\\\/test_result\\\/6\\\/1.png\"],\"7\":[\"\\\/wp-content\\\/themes\\\/generatepress\\\/tools\\\\assets\\\/img\\\/test_result\\\/7\\\/1.png\"],\"4\":[\"\\\/wp-content\\\/themes\\\/generatepress\\\/tools\\\\assets\\\/img\\\/test_result\\\/4\\\/1.png\"]}};\r\n                     var language = {\"code\":\"en\",\"name\":\"English\",\"prefix\":\"\"};\r\n                     var monitoringClickEvent = 'left';\r\n                     var shareTextDefault = 'My CPS result is {speed} ({clicks} Clicks in {time} Seconds)';\r\n                  <\/script>        \r\n               <\/div>\r\n            <\/section>\r\n\t\t\r\n\t<\/div>\r\n<\/div>\r\n\r\n    <script src=\"\/wp-content\/themes\/generatepress\/tools\/assets\/js\/libs.min.js\"><\/script>\r\n      <script src=\"\/wp-content\/themes\/generatepress\/tools\/assets\/js\/main.min.js?v64\"><\/script>\r\n\n\n<p><\/p>\n\n<p>O ritmo a que se clica no rato \u00e9 geralmente expresso em CPS, ou cliques por segundo. Os interessados em testar ou melhorar as suas DPC para uso di\u00e1rio ou para uso no jogo fazem o teste de velocidade Click. Nos jogos de v\u00eddeo, clicar no rato equivale a apontar e disparar.<\/p>\n\n<p>Se quiser superar a sua concorr\u00eancia e subir na classifica\u00e7\u00e3o do jogo, precisa de trabalhar na sua velocidade de clique. Os jogadores mais valiosos s\u00e3o frequentemente os que t\u00eam a velocidade de clique mais r\u00e1pida e o objectivo mais r\u00e1pido. Por conseguinte, o teste CPS \u00e9 crucial.<\/p>\n\n<p>O teste de clique de 5 segundos pode ser conclu\u00eddo para aumentar a sua velocidade de clique num intervalo de tempo de 5 segundos. Se quiser demonstrar a sua profici\u00eancia numa determinada t\u00e9cnica, tal como o jitter ou a borboleta, pode fazer um teste de clique 5 segundos nesse modo. Para al\u00e9m de o ajudar a ter sucesso na abordagem, a realiza\u00e7\u00e3o do teste vai deix\u00e1-lo confort\u00e1vel com o m\u00e9todo, o que ser\u00e1 \u00fatil em n\u00edveis posteriores.<\/p>\n<div class=\"wp-block-image\">\n<figure class=\"aligncenter size-full\"><img loading=\"lazy\" decoding=\"async\" width=\"1000\" height=\"500\" src=\"https:\/\/cpstesters.com\/wp-content\/uploads\/2022\/08\/Untitled-design-1.jpg\" alt=\"5 Segundo Teste CPS\" class=\"wp-image-172\" title=\"\" srcset=\"https:\/\/cpstesters.com\/wp-content\/uploads\/2022\/08\/Untitled-design-1.jpg 1000w, https:\/\/cpstesters.com\/wp-content\/uploads\/2022\/08\/Untitled-design-1-300x150.jpg 300w, https:\/\/cpstesters.com\/wp-content\/uploads\/2022\/08\/Untitled-design-1-768x384.jpg 768w\" sizes=\"auto, (max-width: 1000px) 100vw, 1000px\" \/><figcaption class=\"wp-element-caption\">5 Segundo Teste CPS<\/figcaption><\/figure>\n<\/div>\n<p class=\"has-text-align-center has-base-background-color has-background has-medium-font-size\">Pode querer verificar <a href=\"https:\/\/cpstesters.com\/pt-br\/\" target=\"_blank\" rel=\"noreferrer noopener\">o teste CPS<\/a><\/p>\n\n<h2 class=\"wp-block-heading has-text-align-left\">Melhor forma de obter 5 segundos resultados de testes CPS<\/h2>\n\n<h3 class=\"wp-block-heading\"><strong>Escolha uma abordagem correcta<\/strong><\/h3>\n\n<p>Escolher uma abordagem correcta para clicar. Obtenha mais cliques usando qualquer m\u00e9todo que considere mais natural para o fazer. A dor no pulso \u00e9 um poss\u00edvel efeito secund\u00e1rio da execu\u00e7\u00e3o incorrecta de t\u00e9cnicas como o clique nervoso e o m\u00e9todo do clique koi. Como resultado, \u00e9 crucial escolher a abordagem correcta.<\/p>\n\n<h3 class=\"wp-block-heading\"><strong>Seleccione o Rato Apropriado<\/strong><\/h3>\n\n<p>Se estiver a utilizar um rato pobre, poder\u00e1 n\u00e3o conseguir clicar com a frequ\u00eancia que desejaria. Portanto, um bom rato deve ser utilizado no CPS Tester e no jogo. Se procura uma performance de topo, um rato de jogo \u00e9 a sua melhor aposta.<\/p>\n\n<h3 class=\"wp-block-heading\"><strong>Pr\u00e1tica regular<\/strong><\/h3>\n\n<p>Nenhum objectivo pode ser atingido instantaneamente, necessita de pr\u00e1tica e persist\u00eancia. A regra do teste de 5 segundos de clique deve ser usada diariamente, juntamente com a pr\u00e1tica apropriada e um bom rato. Com uma abordagem adequada e pr\u00e1tica uniforme, pode nivelar a sua DPC.<\/p>\n\n<h2 class=\"wp-block-heading has-text-align-left\">Quais s\u00e3o as vantagens de participar no 5 Segundo Teste de DPC?<\/h2>\n\n<h3 class=\"wp-block-heading\"><strong>Melhore o seu desempenho ao clicar<\/strong><\/h3>\n\n<p>O treino frequente com o software de clique de 5 segundos permitir-lhe-\u00e1 melhorar drasticamente os seus cliques.<\/p>\n\n<h3 class=\"wp-block-heading\"><strong>Melhore as suas capacidades de clicar<\/strong><\/h3>\n\n<p>H\u00e1 v\u00e1rios m\u00e9todos para premir o mesmo bot\u00e3o do rato. Pode dominar qualquer uma destas estrat\u00e9gias para clicar no rato de forma eficaz. Estes m\u00e9todos s\u00e3o transfer\u00edveis para outras \u00e1reas, incluindo o jogo, uma vez que os domine.<\/p>\n\n<h3 class=\"wp-block-heading\"><strong>Partilhar Pontua\u00e7\u00e3o<\/strong><\/h3>\n\n<p>Ap\u00f3s terminar o teste do clique, poder\u00e1 partilhar os seus resultados noutros s\u00edtios. Pode tamb\u00e9m publicar a sua pontua\u00e7\u00e3o online e desafiar os seus amigos a venc\u00ea-la, fazendo eles pr\u00f3prios o teste.<\/p>\n\n<h2 class=\"wp-block-heading has-text-align-center\">FAQ&#8217;s<\/h2>\n\n<h3 class=\"wp-block-heading\"><strong>Como calcular os Cliques por Segundo?<\/strong><\/h3>\n\n<p>Um clique por segundo contador simplesmente conta com que frequ\u00eancia se toca no ecr\u00e3. Para obter a sua DPC, divida o total de cliques pelo tempo total que passou a clicar.<\/p>\n\n<h3 class=\"wp-block-heading\"><strong>O que \u00e9 5 segundo recorde mundial de CPS?<\/strong><\/h3>\n\n<p>Vinte ciclos por segundo s\u00e3o a maior taxa poss\u00edvel (100 clicks). Jovelyn, um testador cps da Mal\u00e1sia, terminou-o.<\/p>\n\n<h3 class=\"wp-block-heading\"><strong>De onde vem o CPS insano?<\/strong><\/h3>\n\n<p>Elevar a sua DPC a n\u00edveis absurdos requer horas intermin\u00e1veis de pr\u00e1tica, perseveran\u00e7a, e concentra\u00e7\u00e3o. Ter uma liga\u00e7\u00e3o est\u00e1vel \u00e0 Internet e um rato de jogo de alta qualidade ir\u00e1 ajud\u00e1-lo a ter um melhor desempenho.<\/p>\n\n<h2 class=\"wp-block-heading\">Palavras finais para o Teste do Clique 5 Segundos<\/h2>\n\n<p>O Teste CPS \u00e9 um m\u00e9todo divertido e desafiante para avaliar as suas capacidades de clicar no rato. Este teste ir\u00e1 determinar quantos CPS os seus polegares podem gerar num determinado per\u00edodo de tempo. Pode-se utilizar o clique na segunda aplica\u00e7\u00e3o para jogar jogos baseados em cliques, treinar, ou simplesmente divertir-se. Estas ferramentas gratuitas s\u00e3o incrivelmente f\u00e1ceis de utilizar, por isso qualquer pessoa, independentemente da idade, pode utiliz\u00e1-las para monitorizar a sua taxa de clique por segundo.<\/p>\n\n<p>Alguns outros testes de clique<\/p>\n\n<ul class=\"wp-block-list\">\n<li><a href=\"https:\/\/cpstesters.com\/pt-br\/clique-no-botao-direito-do-rato-teste-cps\/\" target=\"_blank\" rel=\"noreferrer noopener\">Teste de CPS com o bot\u00e3o direito do rato<\/a><\/li>\n\n\n\n<li><a href=\"https:\/\/cpstesters.com\/pt-br\/jitter-click-test\/\" target=\"_blank\" rel=\"noreferrer noopener\">Teste de Jitter Click<\/a><\/li>\n\n\n\n<li><a href=\"https:\/\/cpstesters.com\/pt-br\/kohi-click-test\/\" target=\"_blank\" rel=\"noreferrer noopener\">Teste Kohi Click<\/a><\/li>\n\n\n\n<li><a href=\"https:\/\/cpstesters.com\/pt-br\/manual-click-test\/\" target=\"_blank\" rel=\"noreferrer noopener\">Teste de clique manual<\/a><\/li>\n\n\n\n<li><a href=\"https:\/\/cpstesters.com\/pt-br\/butterfly-click-test\/\" target=\"_blank\" rel=\"noreferrer noopener\">Teste do clique da borboleta<\/a><\/li>\n<\/ul>\n","protected":false},"excerpt":{"rendered":"<p>O Teste de 5 segundos CPS \u00e9 um jogo de teste de velocidade de clique r\u00e1pido. Se for um principiante, ir\u00e1 ajud\u00e1-lo a verificar a &#8230; <\/p>\n<p class=\"read-more-container\"><a title=\"5 Segundo Teste CPS | Verifique a Velocidade dos Seus Cliques\" class=\"read-more button\" href=\"https:\/\/cpstesters.com\/pt-br\/5-second-cps-test\/#more-1933\" aria-label=\"Read more about 5 Segundo Teste CPS | Verifique a Velocidade dos Seus Cliques\">Read More<\/a><\/p>\n","protected":false},"author":4,"featured_media":984,"parent":0,"menu_order":0,"comment_status":"closed","ping_status":"closed","template":"","meta":{"footnotes":""},"class_list":["post-1933","page","type-page","status-publish","has-post-thumbnail"],"_links":{"self":[{"href":"https:\/\/cpstesters.com\/pt-br\/wp-json\/wp\/v2\/pages\/1933","targetHints":{"allow":["GET"]}}],"collection":[{"href":"https:\/\/cpstesters.com\/pt-br\/wp-json\/wp\/v2\/pages"}],"about":[{"href":"https:\/\/cpstesters.com\/pt-br\/wp-json\/wp\/v2\/types\/page"}],"author":[{"embeddable":true,"href":"https:\/\/cpstesters.com\/pt-br\/wp-json\/wp\/v2\/users\/4"}],"replies":[{"embeddable":true,"href":"https:\/\/cpstesters.com\/pt-br\/wp-json\/wp\/v2\/comments?post=1933"}],"version-history":[{"count":6,"href":"https:\/\/cpstesters.com\/pt-br\/wp-json\/wp\/v2\/pages\/1933\/revisions"}],"predecessor-version":[{"id":4088,"href":"https:\/\/cpstesters.com\/pt-br\/wp-json\/wp\/v2\/pages\/1933\/revisions\/4088"}],"wp:featuredmedia":[{"embeddable":true,"href":"https:\/\/cpstesters.com\/pt-br\/wp-json\/wp\/v2\/media\/984"}],"wp:attachment":[{"href":"https:\/\/cpstesters.com\/pt-br\/wp-json\/wp\/v2\/media?parent=1933"}],"curies":[{"name":"wp","href":"https:\/\/api.w.org\/{rel}","templated":true}]}}