{"id":1920,"date":"2024-07-16T14:22:52","date_gmt":"2024-07-16T14:22:52","guid":{"rendered":"https:\/\/cpstesters.com\/1-segundo-teste-cps-verifique-os-seus-cliques\/"},"modified":"2025-08-30T07:16:29","modified_gmt":"2025-08-30T07:16:29","slug":"1-second-cps-test","status":"publish","type":"page","link":"https:\/\/cpstesters.com\/pt-br\/1-second-cps-test\/","title":{"rendered":"1 Segundo Teste CPS | Verifique os Seus Cliques"},"content":{"rendered":"\n<p>1 Segundo Teste CPS \u00e9 um incr\u00edvel clique por segundo jogo que verifica a sua velocidade de clique com a ajuda do contador, comece a jogar e melhore a sua velocidade! <\/p>\n<div class=\"row\">\r\n\t<div class=\"col-md-4\">\r\n\r\n\t\t\r\n\t\t\r\n\t\t<div class=\"side_nav\">\r\n            \r\n            \r\n             <ul class=\"time\">\r\n            <li>\r\n             <a href=\"https:\/\/cpstesters.com\/1-second-cps-test\/\"> <span data-time=\"1\" class=\"active\">1 Second Test<\/span><\/a>\r\n            <\/li><li>\r\n             <a href=\"https:\/\/cpstesters.com\/2-second-cps-test\/\"><span data-time=\"2\">2 Second Test<\/span><\/a>\r\n            <\/li><li>\r\n           <a href=\"https:\/\/cpstesters.com\/5-second-cps-test\/\"><span data-time=\"5\">5 Second Test<\/span><\/a>\r\n            <\/li><li>\r\n\t\t\t\t <a href=\"https:\/\/cpstesters.com\/10-second-cps-test\/\"><span data-time=\"10\">10 Second Test<\/span><\/a>\r\n            <\/li><li>\r\n             <a href=\"https:\/\/cpstesters.com\/15-second-click-test\/\"><span data-time=\"15\">15 Second Test<\/span><\/a>\r\n            <\/li>\r\n\t\t\t\t \t<li>\r\n             <a href=\"https:\/\/cpstesters.com\/30-second-cps-test\/\"><span data-time=\"30\">30 Second Test<\/span><\/a>\r\n            <\/li><li>\r\n\t\t\t\t<li>\r\n             <a href=\"https:\/\/cpstesters.com\/60-second-cps-test\/\"><span data-time=\"60\">60 Second Test<\/span><\/a>\r\n            <\/li><li>\r\n\t\t\t\t<li>\r\n             <a href=\"https:\/\/cpstesters.com\/100-second-cps-test\/\"><span data-time=\"100\">100 Second Test<\/span><\/a>\r\n            <\/li>\r\n\t\t\t\t <li>\r\n             <a href=\"https:\/\/cpstesters.com\/manual-click-test\/\"><span data-time=\"20\">Manual Click Test<\/span><\/a>\r\n            <\/li><\/ul>\r\n            <\/div>\r\n\t\t\r\n\t\t\r\n\t<\/div>\r\n\t<div class=\"col-md-8\">\r\n\t\t<section class=\"section section--full js-section-full section--click\">\r\n               <div class=\"container\">\r\n\t\t\t\t   \r\n\t\t\t\t         <div class=\"setting\">\r\n    <div class=\"theme-mode\"><a class=\"theme-mode__switch js-switch\" href=\"javascript:void(0);\"><\/a>\r\n        <div class=\"theme-mode__text\">Light \/ Dark mode<\/div>\r\n    <\/div>\r\n<\/div>\r\n\t\t\t\t   \r\n\t\t\t\t   \r\n                  <div class=\"statistics\">\r\n                     <div class=\"statistics__item statistics__item--timer\">\r\n                        <div class=\"statistics__number\">\r\n                           <span class=\"js-time number_timer\">1.00<\/span>\r\n                           <a class=\"statistics__arrow statistics__arrow--up js-time-up\" href=\"javascript:void(0);\">\r\n                              <svg class=\"icon icon-arrow-up \">\r\n                                 <use xlink:href=\"\/wp-content\/themes\/generatepress\/tools\/assets\/img\/spritesvg.svg#arrow-up\"><\/use>\r\n                              <\/svg>\r\n                           <\/a>\r\n                           <a class=\"statistics__arrow statistics__arrow--down js-time-down\" href=\"javascript:void(0);\">\r\n                              <svg class=\"icon icon-arrow-up \">\r\n                                 <use xlink:href=\"\/wp-content\/themes\/generatepress\/tools\/assets\/img\/spritesvg.svg#arrow-up\"><\/use>\r\n                              <\/svg>\r\n                           <\/a>\r\n                        <\/div>\r\n                        <div class=\"statistics__title\">Timer<\/div>\r\n                     <\/div>\r\n                     <div class=\"statistics__item statistics__item--clicks\">\r\n                        <div class=\"statistics__number number_clicks js-speed\">0.00<\/div>\r\n                        <div class=\"statistics__title\">Clicks \/ s<\/div>\r\n                     <\/div>\r\n                     <div class=\"statistics__item statistics__item--score\">\r\n                        <div class=\"statistics__number number_score js-score\">0<\/div>\r\n                        <div class=\"statistics__title\">Score<\/div>\r\n                     <\/div>\r\n                  <\/div>\r\n                  <div class=\"clicks-zone\">\r\n                     <div class=\"clicks-zone__start js-clicks-start\">\r\n                        <svg class=\"icon icon-click \">\r\n                           <use xlink:href=\"\/wp-content\/themes\/generatepress\/tools\/assets\/img\/spritesvg.svg#click\"><\/use>\r\n                        <\/svg>\r\n                        <div class=\"clicks-zone__start-title\">\u0421lick here to start cps test<\/div>\r\n                     <\/div>\r\n                     <div class=\"clicks-zone__clicks js-clicks\"><\/div>\r\n                     <div class=\"clicks-zone__result result-clicks js-clicks-result\">\r\n                        <div class=\"result-clicks__title rank-wrapper\"><\/div>\r\n                        <div class=\"result-clicks__text\">Your CPS result is <span class=\"speed js-stat-speed\"><\/span> (<span class=\"clicks js-stat-clicks\"><\/span> Clicks in <span class=\"time js-stat-time\"><\/span> Seconds)<\/div>\r\n                        <div class=\"result-clicks__img\"><img><\/div>\r\n                        <a class=\"result-clicks__btn js-try-again\" href=\"javascript:void(0);\">\r\n                           <svg class=\"icon icon-again \">\r\n                              <use xlink:href=\"\/wp-content\/themes\/generatepress\/tools\/assets\/img\/spritesvg.svg#again\"><\/use>\r\n                           <\/svg>\r\n                           Restart\r\n                        <\/a>\r\n                        <div class=\"result-clicks__share\">\r\n                           <div class=\"result-clicks__share-title\">Share your result with friends!<\/div>\r\n                           <div class=\"share-buttons\">\r\n                              <a class=\"share-button facebook\" data-href=\"https:\/\/www.facebook.com\/sharer\/sharer.php?u=https:\/\/cpstesters.com\/\" target=\"_blank\" onclick=\"goclicky(this); return false;\" rel=\"noopener\">Facebook<\/a>\r\n                              <a class=\"share-button twitter\" data-href=\"http:\/\/www.twitter.com\/share?url=https:\/\/cpstesters.com\/&text=[text]\" target=\"_blank\" onclick=\"goclicky(this); return false;\" rel=\"noopener\">Twitter<\/a>\r\n                              <a class=\"share-button whatsapp\" data-href=\"https:\/\/api.whatsapp.com\/send?text=[text]\" target=\"_blank\" onclick=\"goclicky(this); return false;\" rel=\"noopener\">WhatsApp<\/a>\r\n                              <a class=\"share-button reddit\" data-href=\"http:\/\/www.reddit.com\/submit?url=https:\/\/cpstesters.com\/&title=[text]\" target=\"_blank\" onclick=\"goclicky(this); return false;\" rel=\"noopener\">Reddit<\/a>\r\n                           <\/div>\r\n                        <\/div>\r\n                     <\/div>\r\n                  <\/div>\r\n                  <img decoding=\"async\" src=\"\/wp-content\/themes\/generatepress\/tools\/assets\/img\/test_result\/3\/1.png\" style=\"display: none\" alt=\"\" title=\"\">\r\n                  <img decoding=\"async\" src=\"\/wp-content\/themes\/generatepress\/tools\/assets\/img\/test_result\/5\/1.png\" style=\"display: none\" alt=\"\" title=\"\">\r\n                  <img decoding=\"async\" src=\"\/wp-content\/themes\/generatepress\/tools\/assets\/img\/test_result\/1\/1.png\" style=\"display: none\" alt=\"\" title=\"\">\r\n                  <img decoding=\"async\" src=\"\/wp-content\/themes\/generatepress\/tools\/assets\/img\/test_result\/2\/1.png\" style=\"display: none\" alt=\"\" title=\"\">\r\n                  <img decoding=\"async\" src=\"\/wp-content\/themes\/generatepress\/tools\/assets\/img\/test_result\/0\/1.png\" style=\"display: none\" alt=\"\" title=\"\">\r\n                  <img decoding=\"async\" src=\"\/wp-content\/themes\/generatepress\/tools\/assets\/img\/test_result\/6\/1.png\" style=\"display: none\" alt=\"\" title=\"\">\r\n                  <img decoding=\"async\" src=\"\/wp-content\/themes\/generatepress\/tools\/assets\/img\/test_result\/7\/1.png\" style=\"display: none\" alt=\"\" title=\"\">\r\n                  <img decoding=\"async\" src=\"\/wp-content\/themes\/generatepress\/tools\/assets\/img\/test_result\/4\/1.png\" style=\"display: none\" alt=\"\" title=\"\">\r\n                  <script>\r\n                     var test_result = {\"ratings\":{\"min\":0,\"max\":5},\"rating_ranks\":[\"Your Rank is Snail!\",\"Your Rank is Koala!\",\"Your Rank is Turtle!\",\"Your Rank is Panda!\",\"Your Rank is Hare!\",\"Your Rank is Kangaroo!\",\"Your Rank is Panther!\",\"Your Rank is Cheetah!\"],\"cps_scale\":[[0,1],[1,3],[3,5],[5,7],[7,9],[9,10],[10,12],[12,999]],\"files\":{\"3\":[\"\\\/wp-content\\\/themes\\\/generatepress\\\/tools\\\\assets\\\/img\\\/test_result\\\/3\\\/1.png\"],\"5\":[\"\\\/wp-content\\\/themes\\\/generatepress\\\/tools\\\\assets\\\/img\\\/test_result\\\/5\\\/1.png\"],\"1\":[\"\\\/wp-content\\\/themes\\\/generatepress\\\/tools\\\\assets\\\/img\\\/test_result\\\/1\\\/1.png\"],\"2\":[\"\\\/wp-content\\\/themes\\\/generatepress\\\/tools\\\\assets\\\/img\\\/test_result\\\/2\\\/1.png\"],\"0\":[\"\\\/wp-content\\\/themes\\\/generatepress\\\/tools\\\\assets\\\/img\\\/test_result\\\/0\\\/1.png\"],\"6\":[\"\\\/wp-content\\\/themes\\\/generatepress\\\/tools\\\\assets\\\/img\\\/test_result\\\/6\\\/1.png\"],\"7\":[\"\\\/wp-content\\\/themes\\\/generatepress\\\/tools\\\\assets\\\/img\\\/test_result\\\/7\\\/1.png\"],\"4\":[\"\\\/wp-content\\\/themes\\\/generatepress\\\/tools\\\\assets\\\/img\\\/test_result\\\/4\\\/1.png\"]}};\r\n                     var language = {\"code\":\"en\",\"name\":\"English\",\"prefix\":\"\"};\r\n                     var monitoringClickEvent = 'left';\r\n                     var shareTextDefault = 'My CPS result is {speed} ({clicks} Clicks in {time} Seconds)';\r\n                  <\/script>        \r\n               <\/div>\r\n            <\/section>\r\n\t\t\r\n\t<\/div>\r\n<\/div>\r\n\r\n    <script src=\"\/wp-content\/themes\/generatepress\/tools\/assets\/js\/libs.min.js\"><\/script>\r\n      <script src=\"\/wp-content\/themes\/generatepress\/tools\/assets\/js\/main.min.js?v64\"><\/script>\r\n\n\n<p><\/p>\n\n<p>Este teste \u00e9 intrigante e agrad\u00e1vel se conseguir tirar o mundo e quaisquer outras quest\u00f5es da sua mente enquanto o faz.<\/p>\n\n<h2 class=\"wp-block-heading\">O que \u00e9 o 1 Segundo Teste CPS?<\/h2>\n\n<p>Este \u00e9 um teste padr\u00e3o que foi criado principalmente para os jogadores avaliarem a sua precis\u00e3o e velocidade de cliques do rato. E este exame torna sem d\u00favida os seus cliques mais r\u00e1pidos e melhora os seus movimentos dos dedos para que possam vencer os seus concorrentes. Clica no teste de um segundo. Quanto mais cliques fizer por segundo, mais e mais pontos ganha a cada segundo.<\/p>\n\n<p>Em vez de dizer 1 segundo teste CPS, CPS \u00e9 simples de dizer. Como o nome do teste implica, clicar no rato \u00e9 uma parte necess\u00e1ria do processo de teste, e existe um sistema para avaliar a sua profici\u00eancia em clicar.<\/p>\n\n<p>O <a href=\"https:\/\/cpstesters.com\/it\/15-second-click-test\/\"  data-wpil-monitor-id=\"585\">teste de um segundo clique<\/a> \u00e9 uma aplica\u00e7\u00e3o web simples e gratuita que estima a sua velocidade de clique, come\u00e7ando no n\u00edvel mais baixo poss\u00edvel.<\/p>\n<div class=\"wp-block-image\">\n<figure class=\"aligncenter size-full\"><img loading=\"lazy\" decoding=\"async\" width=\"1000\" height=\"500\" src=\"https:\/\/cpstesters.com\/wp-content\/uploads\/2022\/08\/Untitled-design-27.jpg\" alt=\"1 Segundo Teste CPS\" class=\"wp-image-165\" title=\"\" srcset=\"https:\/\/cpstesters.com\/wp-content\/uploads\/2022\/08\/Untitled-design-27.jpg 1000w, https:\/\/cpstesters.com\/wp-content\/uploads\/2022\/08\/Untitled-design-27-300x150.jpg 300w, https:\/\/cpstesters.com\/wp-content\/uploads\/2022\/08\/Untitled-design-27-768x384.jpg 768w\" sizes=\"auto, (max-width: 1000px) 100vw, 1000px\" \/><figcaption class=\"wp-element-caption\">1 Segundo Teste CPS<\/figcaption><\/figure>\n<\/div>\n<p>Quantos cliques fazes durante o segundo teste determina quantos fazes num \u00fanico segundo. Estas ferramentas s\u00e3o acess\u00edveis online, e o que \u00e9 ainda mais intrigante \u00e9 que a sua utiliza\u00e7\u00e3o \u00e9 gratuita para os cliques do segundo teste. Portanto, todos podem examinar as suas taxas de DPC e as circunst\u00e2ncias de trabalho do rato.<\/p>\n\n<p>Dividindo o n\u00famero total de cliques pelo n\u00famero total de segundos, \u00e9 poss\u00edvel determinar o Teste de Velocidade do Clique. Em alternativa, &#8220;\u00e9 uma rela\u00e7\u00e3o de cliques para uma dura\u00e7\u00e3o de tempo, neste exemplo, segundos&#8221;. Teste Cps 1 Segundo &amp; Testador Cps 1 segundo \u00e9 outro nome para este dispositivo.<\/p>\n\n<h2 class=\"wp-block-heading\">Usando a 1 Segunda Ferramenta de Teste CPS<\/h2>\n\n<p>Quando se trata de utilizar estas ferramentas, o teste de 1 segundo clique \u00e9 bastante simples de o fazer devido \u00e0 sua concep\u00e7\u00e3o de f\u00e1cil utiliza\u00e7\u00e3o, o que as torna plug-and-play. Navegue para estes recursos gratuitos, clique nos locais apropriados, e BAM! A sua taxa de cps ser\u00e1 fornecida.<\/p>\n\n<p>Uma DPC forte \u00e9 crucial, como acab\u00e1mos de afirmar. Assim, vamos explorar mais para saber mais sobre algumas das aplica\u00e7\u00f5es t\u00edpicas para o teste do clique por segundo.<\/p>\n\n<p class=\"has-text-align-center has-base-background-color has-background has-medium-font-size\">Pode passar \u00e0 p\u00e1gina principal do <a href=\"https:\/\/cpstesters.com\/pt-br\/\" target=\"_blank\" rel=\"noreferrer noopener\">Teste CPS<\/a> para ter os cliques gerais por segundo teste<\/p>\n\n<p><strong>Como funciona o jogo de teste de velocidade?<\/strong><\/p>\n\n<hr class=\"wp-block-separator has-alpha-channel-opacity\"\/>\n\n<p>  Os passos abaixo podem ser utilizados eficazmente para completar esta actividade extremamente emocionante como o jogo. Portanto, leia o conselho abaixo para verificar rapidamente o <a href=\"https:\/\/cpstesters.com\/it\/60-second-cps-test\/\"  data-wpil-monitor-id=\"583\">seu teste cps durante 1 segundo<\/a>.<\/p>\n\n<ul class=\"wp-block-list\">\n<li>Clique no bot\u00e3o cinzento que aparece quando o jogo \u00e9 lan\u00e7ado pela primeira vez para iniciar o seu teste de 1 segundo clique.<\/li>\n\n\n\n<li>Ao <a href=\"https:\/\/cpstesters.com\/it\/come-fare-clic-piu-velocemente\/\"  data-wpil-monitor-id=\"584\">clicar a\u00ed, o exame come\u00e7a, e deve clicar o mais rapidamente poss\u00edvel para obter a melhor<\/a> nota. Tem de haver um temporizador espec\u00edfico.<\/li>\n\n\n\n<li>Quando o teste de 1 segundo de clique do rato estiver terminado, um pop-up com os resultados aparecer\u00e1 no seu ecr\u00e3.<\/li>\n<\/ul>\n\n<h2 class=\"wp-block-heading\">Motivo para usar 1 segundo teste de clique<\/h2>\n\n<p>O software para o Teste CPS 1 segundo pode ser utilizado para passar o tempo em vez de apenas testar as suas proezas de clique.<\/p>\n\n<p>Entre os seus amigos, pode utilizar o software de teste 1 Segundo CPS para competir ao clicar no seu tempo livre. Os crit\u00e9rios s\u00e3o simples: quem tiver mais cliques em 1 segundo em compara\u00e7\u00e3o com os outros, ganha.<\/p>\n\n<p>Tocar a actividade de teste de clique pode ajud\u00e1-lo a descontrair mentalmente. Muitos dos que fazem testes procuram aumentar a velocidade do seu rato para jogar. Por este motivo, empregam testes de clique.<\/p>\n\n<p>De facto, existem v\u00e1rios s\u00edtios onde se pode jogar um jogo distinto chamado &#8220;click testing&#8221;. Ao mesmo tempo que se diverte, esta t\u00e1ctica tamb\u00e9m o ajuda a tornar-se mais h\u00e1bil ao clicar.<\/p>\n\n<h2 class=\"wp-block-heading\">Como clicar rapidamente no teste de 1 segundo clique?<\/h2>\n\n<p>Para come\u00e7ar, \u00e9 preciso ter um excelente rato de jogo para completar esta tarefa. Um rato de jogo deste tipo \u00e9 capaz e preciso. O cursor deve ent\u00e3o estar no local do clique. A seguir, clicar e depois carregar no bot\u00e3o enter do teclado. A sua pontua\u00e7\u00e3o no CPS ir\u00e1 subir em resultado disso. Este \u00e9 o segredo para bater o recorde do clique num teste subsequente.<\/p>\n\n<p>Aqui est\u00e3o algumas dicas \u00fateis para vencer o jogo da contagem de cliques!<\/p>\n\n<ul class=\"wp-block-list\">\n<li>Um m\u00e9todo de clique nervoso \u00e9 uma op\u00e7\u00e3o; \u00e9 \u00f3ptimo para os novatos.<\/li>\n\n\n\n<li>Para clicar rapidamente, utilizar o arrastamento pressionando.<\/li>\n\n\n\n<li>Estabelecer recordes de velocidade com estalidos de borboleta.<\/li>\n\n\n\n<li>Embora os clickers autom\u00e1ticos sejam tamb\u00e9m uma op\u00e7\u00e3o, se alugar pontua\u00e7\u00f5es reais, basta usar os dedos.<\/li>\n<\/ul>\n\n<p>A verdadeira j\u00f3ia est\u00e1 ciente destas t\u00e9cnicas e segredos de batota. Se usar Butterfly Clicking, Kohi Click, e Jitter Clicking andam de m\u00e3os dadas frequentemente. Se observar um clique cada segundo de aplica\u00e7\u00e3o, concluir\u00e1 que \u00e9 equivalente a um clique cada cinco, dez, sessenta, ou cem segundos. A verdade \u00e9 que \u00e9 dif\u00edcil clicar num segundo e fazer um registo no espa\u00e7o de uma quest\u00e3o de segundos.<\/p>\n<div class=\"wp-block-image\">\n<figure class=\"aligncenter size-full\"><img loading=\"lazy\" decoding=\"async\" width=\"1000\" height=\"500\" src=\"https:\/\/cpstesters.com\/wp-content\/uploads\/2022\/08\/1-second-cps-Test-.jpg\" alt=\"1 Segundo Clique Guia de Teste\" class=\"wp-image-146\" title=\"\" srcset=\"https:\/\/cpstesters.com\/wp-content\/uploads\/2022\/08\/1-second-cps-Test-.jpg 1000w, https:\/\/cpstesters.com\/wp-content\/uploads\/2022\/08\/1-second-cps-Test--300x150.jpg 300w, https:\/\/cpstesters.com\/wp-content\/uploads\/2022\/08\/1-second-cps-Test--768x384.jpg 768w\" sizes=\"auto, (max-width: 1000px) 100vw, 1000px\" \/><figcaption class=\"wp-element-caption\">1 Segundo Clique Guia de Teste<\/figcaption><\/figure>\n<\/div>\n<h2 class=\"wp-block-heading\">O que \u00e9 o CPS 1 segundo Recorde Mundial?<\/h2>\n\n<p>O recorde mundial de cliques de rato feitos num segundo pode parecer estranho, mas existe. Existem recordistas mundiais neste campo, e alguns jogadores esfor\u00e7am-se por atingir as mais altas classifica\u00e7\u00f5es neste jogo divertido. As velocidades de CPS mais r\u00e1pidas dos v\u00e1rios s\u00edtios web s\u00e3o mostradas nos dados que foram recolhidos.<\/p>\n\n<p>Alguns websites listam realiza\u00e7\u00f5es inimagin\u00e1veis para uma pessoa comum. Estudos e estat\u00edsticas indicam que existe um recorde mundial para o teste de 1 segundo clique.<\/p>\n\n<p>Dylan Allred, um residente de Los Angeles que fez 1051 clicks em 10 segundos, foi o que mais rapidamente clicou de todos eles. Presumo que isto seja um grande neg\u00f3cio. Muitos indiv\u00edduos n\u00e3o consideram este jogo como sendo um jogo porque pode ser terap\u00eautico. Muitos jogadores utilizam esta actividade para se desencorajarem se se sentirem desanimados ou tristes.<\/p>\n\n<h2 class=\"wp-block-heading\">Como posso passar o teste CPS com uma pontua\u00e7\u00e3o elevada?<\/h2>\n\n<p>Obter uma melhor pontua\u00e7\u00e3o rapidamente pode ser dif\u00edcil para todos, mas empregando t\u00e9cnicas de clique como o teste CPS de 1 segundo, clique de jitter, clique de kohi, e clique de borboleta, pode obter a melhor pontua\u00e7\u00e3o poss\u00edvel. Tal como outras defini\u00e7\u00f5es de <a href=\"https:\/\/cpstesters.com\/it\/100-second-cps-test\/\"  data-wpil-monitor-id=\"582\">teste de velocidade, o teste de velocidade dos cliques por segundo<\/a>. Os participantes devem estar em alerta para carregar no rato assim que o temporizador come\u00e7ar a ganhar mais pontos a cada segundo.<\/p>\n\n<h2 class=\"wp-block-heading\">Que vantagens oferecem os contra-testes CPS?<\/h2>\n\n<p>Por outras palavras, o contador de testes CPS \u00e9 por vezes referido como um contador de clicker. Em qualquer caso, a calculadora CPS ir\u00e1 ajudar a que os utilizadores possam contar o n\u00famero de vezes que utilizaram o rato em cada per\u00edodo. O contador, por exemplo, mostrar\u00e1 quantos cliques um utilizador faz em 10 segundos se quiser medir a sua velocidade de clique dentro desse tempo. A Calculadora CPS \u00e9 tamb\u00e9m conhecida como um teste CPS Click. Com um r\u00f3tulo diferente, conta a mesma coisa.<\/p>\n\n<h2 class=\"wp-block-heading\">O que \u00e9 1 Segundo Contador?<\/h2>\n\n<p>Durante o <a href=\"https:\/\/cpstesters.com\/it\/test-click-tastiera\/\"  data-wpil-monitor-id=\"581\">teste cps cliques por segundo<\/a>, o CPS Tracker conta todos os seus cliques e calcula a sua velocidade m\u00e9dia de cliques.<\/p>\n\n<p>Um exemplo simples seria se estivesse a executar o Teste CPS 1 Segundo para ver o n\u00famero de cliques que tinha feito nos cinco segundos anteriores.<\/p>\n\n<p>O seu n\u00famero de clicador de cps teria sido 6 clicks em apenas um segundo se, durante todo o teste, tivesse clicado 30 vezes no cursor do rato em cinco segundos.<\/p>\n\n<p>A pontua\u00e7\u00e3o do teste cps \u00e9 determinada dividindo o n\u00famero total de cliques pela dura\u00e7\u00e3o do teste.<\/p>\n\n<p>Esta ferramenta \u00e9 tamb\u00e9m conhecida como moniker CPS CHECKER, que \u00e9 utilizada por algumas pessoas.<\/p>\n\n<h2 class=\"wp-block-heading has-text-align-center\">FAQ&#8217;s<\/h2>\n\n<h3 class=\"wp-block-heading\"><strong>O que \u00e9 a DPC em m\u00e9dia?<\/strong><\/h3>\n\n<p>Os nossos grandes dados relataram que o CPS m\u00e9dio \u00e9 6,51, e o Google disse que o recorde global \u00e9 de 14,1 CPS. Num dispositivo m\u00f3vel ou iPad, as pessoas podem ter um desempenho ligeiramente melhor do que num computador.<\/p>\n\n<h3 class=\"wp-block-heading\"><strong>Quantos cliques me s\u00e3o permitidos?<\/strong><\/h3>\n\n<p>O n\u00famero m\u00e1ximo de cliques varia em fun\u00e7\u00e3o do tipo de dispositivo que cada jogador est\u00e1 a utilizar. Um smartphone pode realizar at\u00e9 100 cliques de cada vez, mas um utilizador de secret\u00e1ria ou de PC demorar\u00e1 mais de 10 segundos a realizar 100 cliques.<\/p>\n\n<h3 class=\"wp-block-heading\"><strong>Quantas vezes em dez segundos se pode clicar?<\/strong><\/h3>\n\n<p>Em 10 segundos, os utilizadores podem muitas vezes ganhar 12-14 CPS. Fa\u00e7a o teste de imediato, e em 10 segundos, veja a rapidez com que clica.<\/p>\n\n<h3 class=\"wp-block-heading\"><strong>Qual \u00e9 a pontua\u00e7\u00e3o mais alta do CPS?<\/strong><\/h3>\n\n<p>Apesar da impress\u00e3o de que n\u00e3o podem realizar muito nesse curto espa\u00e7o de tempo, muitos jogadores t\u00eam taxas de clique de at\u00e9 15 por segundo. Parece imposs\u00edvel, mas v\u00e1rias pessoas afirmaram que podem obter 10 a 15 cliques por segundo de CPS.<\/p>\n\n<h3 class=\"wp-block-heading\"><strong>Como pode a velocidade de clique ser aumentada?<\/strong><\/h3>\n\n<p>V\u00e1rios m\u00e9todos online para jogar jogos de clique mais r\u00e1pido incluem espasmos do m\u00fasculo do dedo. Todas as pessoas est\u00e3o familiarizadas com o clique de borboleta e o clique de nervosismo. O seu cursor ir\u00e1 clicar mais rapidamente durante os cliques tr\u00e9mulos do que durante os cliques normais.<\/p>\n\n<h3 class=\"wp-block-heading\"><strong>Jogar jogos ajuda no aumento da taxa de cliques?<\/strong><\/h3>\n\n<p>Para melhorar os seus tempos de reac\u00e7\u00e3o, tente jogar Osu ou jogos de tiro em primeira pessoa. Tamb\u00e9m pode procurar jogos de resposta pr\u00e1tica online e escolher alguns para jogar para aperfei\u00e7oar as suas capacidades de manipula\u00e7\u00e3o de cliques.<\/p>\n\n<h2 class=\"wp-block-heading\">Palavras finais para o Teste CPS 1 Segundo<\/h2>\n\n<p>A sua sincroniza\u00e7\u00e3o m\u00e3o-olho e tempo de resposta ser\u00e3o postos \u00e0 prova neste jogo. \u00c9 mais um teste de habilidade r\u00e1pido do que qualquer coisa que requeira uma reflex\u00e3o profunda. Tudo se resume a quantos cliques de rato faz a cada segundo. Pode considerar um desafio ver a rapidez com que consigo clicar no cursor num \u00fanico segundo. Examinar tamb\u00e9m os esfor\u00e7os de outros jogadores. Ser\u00e1 mais capaz e activo devido a isto. Acrescentarei que tudo requer tempo para acontecer, por isso devem esperar por esse tempo enquanto eu termino este artigo. Pr\u00e1tica, pr\u00e1tica, e mais pr\u00e1tica s\u00e3o as chaves para o sucesso. A \u00fanica forma de se tornar um melhor jogador \u00e9 seguir este conselho.<\/p>\n","protected":false},"excerpt":{"rendered":"<p>1 Segundo Teste CPS \u00e9 um incr\u00edvel clique por segundo jogo que verifica a sua velocidade de clique com a ajuda do contador, comece a &#8230; <\/p>\n<p class=\"read-more-container\"><a title=\"1 Segundo Teste CPS | Verifique os Seus Cliques\" class=\"read-more button\" href=\"https:\/\/cpstesters.com\/pt-br\/1-second-cps-test\/#more-1920\" aria-label=\"Read more about 1 Segundo Teste CPS | Verifique os Seus Cliques\">Read More<\/a><\/p>\n","protected":false},"author":4,"featured_media":936,"parent":0,"menu_order":0,"comment_status":"closed","ping_status":"closed","template":"","meta":{"footnotes":""},"class_list":["post-1920","page","type-page","status-publish","has-post-thumbnail"],"_links":{"self":[{"href":"https:\/\/cpstesters.com\/pt-br\/wp-json\/wp\/v2\/pages\/1920","targetHints":{"allow":["GET"]}}],"collection":[{"href":"https:\/\/cpstesters.com\/pt-br\/wp-json\/wp\/v2\/pages"}],"about":[{"href":"https:\/\/cpstesters.com\/pt-br\/wp-json\/wp\/v2\/types\/page"}],"author":[{"embeddable":true,"href":"https:\/\/cpstesters.com\/pt-br\/wp-json\/wp\/v2\/users\/4"}],"replies":[{"embeddable":true,"href":"https:\/\/cpstesters.com\/pt-br\/wp-json\/wp\/v2\/comments?post=1920"}],"version-history":[{"count":6,"href":"https:\/\/cpstesters.com\/pt-br\/wp-json\/wp\/v2\/pages\/1920\/revisions"}],"predecessor-version":[{"id":6654,"href":"https:\/\/cpstesters.com\/pt-br\/wp-json\/wp\/v2\/pages\/1920\/revisions\/6654"}],"wp:featuredmedia":[{"embeddable":true,"href":"https:\/\/cpstesters.com\/pt-br\/wp-json\/wp\/v2\/media\/936"}],"wp:attachment":[{"href":"https:\/\/cpstesters.com\/pt-br\/wp-json\/wp\/v2\/media?parent=1920"}],"curies":[{"name":"wp","href":"https:\/\/api.w.org\/{rel}","templated":true}]}}