{"id":1919,"date":"2024-07-16T14:39:19","date_gmt":"2024-07-16T14:39:19","guid":{"rendered":"https:\/\/cpstesters.com\/2-segundo-teste-cps-verifique-a-velocidade-dos-seus-cliques\/"},"modified":"2024-09-17T07:09:22","modified_gmt":"2024-09-17T07:09:22","slug":"2-second-cps-test","status":"publish","type":"page","link":"https:\/\/cpstesters.com\/pt-br\/2-second-cps-test\/","title":{"rendered":"2 Segundo Teste CPS | Verifique a Velocidade dos Seus Cliques"},"content":{"rendered":"\n<p>O 2 Second CPS Test \u00e9 um jogo espantoso que o ajuda a ver quantos cliques pode fazer em dois segundos.<\/p>\n<div class=\"row\">\r\n\t<div class=\"col-md-4\">\r\n\r\n\t\t\r\n\t\t\r\n\t\t<div class=\"side_nav\">\r\n            \r\n            \r\n             <ul class=\"time\">\r\n            <li>\r\n             <a href=\"https:\/\/cpstesters.com\/1-second-cps-test\/\"> <span data-time=\"1\">1 Second Test<\/span><\/a>\r\n            <\/li><li>\r\n             <a href=\"https:\/\/cpstesters.com\/2-second-cps-test\/\"><span data-time=\"2\" class=\"active\">2 Second Test<\/span><\/a>\r\n            <\/li><li>\r\n           <a href=\"https:\/\/cpstesters.com\/5-second-cps-test\/\"><span data-time=\"5\">5 Second Test<\/span><\/a>\r\n            <\/li><li>\r\n\t\t\t\t <a href=\"https:\/\/cpstesters.com\/10-second-cps-test\/\"><span data-time=\"10\">10 Second Test<\/span><\/a>\r\n            <\/li><li>\r\n             <a href=\"https:\/\/cpstesters.com\/15-second-click-test\/\"><span data-time=\"15\">15 Second Test<\/span><\/a>\r\n            <\/li>\r\n\t\t\t\t \t<li>\r\n             <a href=\"https:\/\/cpstesters.com\/30-second-cps-test\/\"><span data-time=\"30\">30 Second Test<\/span><\/a>\r\n            <\/li><li>\r\n\t\t\t\t<li>\r\n             <a href=\"https:\/\/cpstesters.com\/60-second-cps-test\/\"><span data-time=\"60\">60 Second Test<\/span><\/a>\r\n            <\/li><li>\r\n\t\t\t\t<li>\r\n             <a href=\"https:\/\/cpstesters.com\/100-second-cps-test\/\"><span data-time=\"100\">100 Second Test<\/span><\/a>\r\n            <\/li>\r\n\t\t\t\t <li>\r\n             <a href=\"https:\/\/cpstesters.com\/manual-click-test\/\"><span data-time=\"20\">Manual Click Test<\/span><\/a>\r\n            <\/li><\/ul>\r\n            <\/div>\r\n\t\t\r\n\t\t\r\n\t<\/div>\r\n\t<div class=\"col-md-8\">\r\n\t\t<section class=\"section section--full js-section-full section--click\">\r\n               <div class=\"container\">\r\n\t\t\t\t   \r\n\t\t\t\t         <div class=\"setting\">\r\n    <div class=\"theme-mode\"><a class=\"theme-mode__switch js-switch\" href=\"javascript:void(0);\"><\/a>\r\n        <div class=\"theme-mode__text\">Light \/ Dark mode<\/div>\r\n    <\/div>\r\n<\/div>\r\n\t\t\t\t   \r\n\t\t\t\t   \r\n                  <div class=\"statistics\">\r\n                     <div class=\"statistics__item statistics__item--timer\">\r\n                        <div class=\"statistics__number\">\r\n                           <span class=\"js-time number_timer\">2.00<\/span>\r\n                           <a class=\"statistics__arrow statistics__arrow--up js-time-up\" href=\"javascript:void(0);\">\r\n                              <svg class=\"icon icon-arrow-up \">\r\n                                 <use xlink:href=\"\/wp-content\/themes\/generatepress\/tools\/assets\/img\/spritesvg.svg#arrow-up\"><\/use>\r\n                              <\/svg>\r\n                           <\/a>\r\n                           <a class=\"statistics__arrow statistics__arrow--down js-time-down\" href=\"javascript:void(0);\">\r\n                              <svg class=\"icon icon-arrow-up \">\r\n                                 <use xlink:href=\"\/wp-content\/themes\/generatepress\/tools\/assets\/img\/spritesvg.svg#arrow-up\"><\/use>\r\n                              <\/svg>\r\n                           <\/a>\r\n                        <\/div>\r\n                        <div class=\"statistics__title\">Timer<\/div>\r\n                     <\/div>\r\n                     <div class=\"statistics__item statistics__item--clicks\">\r\n                        <div class=\"statistics__number number_clicks js-speed\">0.00<\/div>\r\n                        <div class=\"statistics__title\">Clicks \/ s<\/div>\r\n                     <\/div>\r\n                     <div class=\"statistics__item statistics__item--score\">\r\n                        <div class=\"statistics__number number_score js-score\">0<\/div>\r\n                        <div class=\"statistics__title\">Score<\/div>\r\n                     <\/div>\r\n                  <\/div>\r\n                  <div class=\"clicks-zone\">\r\n                     <div class=\"clicks-zone__start js-clicks-start\">\r\n                        <svg class=\"icon icon-click \">\r\n                           <use xlink:href=\"\/wp-content\/themes\/generatepress\/tools\/assets\/img\/spritesvg.svg#click\"><\/use>\r\n                        <\/svg>\r\n                        <div class=\"clicks-zone__start-title\">\u0421lick here to start cps test<\/div>\r\n                     <\/div>\r\n                     <div class=\"clicks-zone__clicks js-clicks\"><\/div>\r\n                     <div class=\"clicks-zone__result result-clicks js-clicks-result\">\r\n                        <div class=\"result-clicks__title rank-wrapper\"><\/div>\r\n                        <div class=\"result-clicks__text\">Your CPS result is <span class=\"speed js-stat-speed\"><\/span> (<span class=\"clicks js-stat-clicks\"><\/span> Clicks in <span class=\"time js-stat-time\"><\/span> Seconds)<\/div>\r\n                        <div class=\"result-clicks__img\"><img><\/div>\r\n                        <a class=\"result-clicks__btn js-try-again\" href=\"javascript:void(0);\">\r\n                           <svg class=\"icon icon-again \">\r\n                              <use xlink:href=\"\/wp-content\/themes\/generatepress\/tools\/assets\/img\/spritesvg.svg#again\"><\/use>\r\n                           <\/svg>\r\n                           Restart\r\n                        <\/a>\r\n                        <div class=\"result-clicks__share\">\r\n                           <div class=\"result-clicks__share-title\">Share your result with friends!<\/div>\r\n                           <div class=\"share-buttons\">\r\n                              <a class=\"share-button facebook\" data-href=\"https:\/\/www.facebook.com\/sharer\/sharer.php?u=https:\/\/cpstesters.com\/\" target=\"_blank\" onclick=\"goclicky(this); return false;\" rel=\"noopener\">Facebook<\/a>\r\n                              <a class=\"share-button twitter\" data-href=\"http:\/\/www.twitter.com\/share?url=https:\/\/cpstesters.com\/&text=[text]\" target=\"_blank\" onclick=\"goclicky(this); return false;\" rel=\"noopener\">Twitter<\/a>\r\n                              <a class=\"share-button whatsapp\" data-href=\"https:\/\/api.whatsapp.com\/send?text=[text]\" target=\"_blank\" onclick=\"goclicky(this); return false;\" rel=\"noopener\">WhatsApp<\/a>\r\n                              <a class=\"share-button reddit\" data-href=\"http:\/\/www.reddit.com\/submit?url=https:\/\/cpstesters.com\/&title=[text]\" target=\"_blank\" onclick=\"goclicky(this); return false;\" rel=\"noopener\">Reddit<\/a>\r\n                           <\/div>\r\n                        <\/div>\r\n                     <\/div>\r\n                  <\/div>\r\n                  <img decoding=\"async\" src=\"\/wp-content\/themes\/generatepress\/tools\/assets\/img\/test_result\/3\/1.png\" style=\"display: none\" alt=\"\" title=\"\">\r\n                  <img decoding=\"async\" src=\"\/wp-content\/themes\/generatepress\/tools\/assets\/img\/test_result\/5\/1.png\" style=\"display: none\" alt=\"\" title=\"\">\r\n                  <img decoding=\"async\" src=\"\/wp-content\/themes\/generatepress\/tools\/assets\/img\/test_result\/1\/1.png\" style=\"display: none\" alt=\"\" title=\"\">\r\n                  <img decoding=\"async\" src=\"\/wp-content\/themes\/generatepress\/tools\/assets\/img\/test_result\/2\/1.png\" style=\"display: none\" alt=\"\" title=\"\">\r\n                  <img decoding=\"async\" src=\"\/wp-content\/themes\/generatepress\/tools\/assets\/img\/test_result\/0\/1.png\" style=\"display: none\" alt=\"\" title=\"\">\r\n                  <img decoding=\"async\" src=\"\/wp-content\/themes\/generatepress\/tools\/assets\/img\/test_result\/6\/1.png\" style=\"display: none\" alt=\"\" title=\"\">\r\n                  <img decoding=\"async\" src=\"\/wp-content\/themes\/generatepress\/tools\/assets\/img\/test_result\/7\/1.png\" style=\"display: none\" alt=\"\" title=\"\">\r\n                  <img decoding=\"async\" src=\"\/wp-content\/themes\/generatepress\/tools\/assets\/img\/test_result\/4\/1.png\" style=\"display: none\" alt=\"\" title=\"\">\r\n                  <script>\r\n                     var test_result = {\"ratings\":{\"min\":0,\"max\":5},\"rating_ranks\":[\"Your Rank is Snail!\",\"Your Rank is Koala!\",\"Your Rank is Turtle!\",\"Your Rank is Panda!\",\"Your Rank is Hare!\",\"Your Rank is Kangaroo!\",\"Your Rank is Panther!\",\"Your Rank is Cheetah!\"],\"cps_scale\":[[0,1],[1,3],[3,5],[5,7],[7,9],[9,10],[10,12],[12,999]],\"files\":{\"3\":[\"\\\/wp-content\\\/themes\\\/generatepress\\\/tools\\\\assets\\\/img\\\/test_result\\\/3\\\/1.png\"],\"5\":[\"\\\/wp-content\\\/themes\\\/generatepress\\\/tools\\\\assets\\\/img\\\/test_result\\\/5\\\/1.png\"],\"1\":[\"\\\/wp-content\\\/themes\\\/generatepress\\\/tools\\\\assets\\\/img\\\/test_result\\\/1\\\/1.png\"],\"2\":[\"\\\/wp-content\\\/themes\\\/generatepress\\\/tools\\\\assets\\\/img\\\/test_result\\\/2\\\/1.png\"],\"0\":[\"\\\/wp-content\\\/themes\\\/generatepress\\\/tools\\\\assets\\\/img\\\/test_result\\\/0\\\/1.png\"],\"6\":[\"\\\/wp-content\\\/themes\\\/generatepress\\\/tools\\\\assets\\\/img\\\/test_result\\\/6\\\/1.png\"],\"7\":[\"\\\/wp-content\\\/themes\\\/generatepress\\\/tools\\\\assets\\\/img\\\/test_result\\\/7\\\/1.png\"],\"4\":[\"\\\/wp-content\\\/themes\\\/generatepress\\\/tools\\\\assets\\\/img\\\/test_result\\\/4\\\/1.png\"]}};\r\n                     var language = {\"code\":\"en\",\"name\":\"English\",\"prefix\":\"\"};\r\n                     var monitoringClickEvent = 'left';\r\n                     var shareTextDefault = 'My CPS result is {speed} ({clicks} Clicks in {time} Seconds)';\r\n                  <\/script>        \r\n               <\/div>\r\n            <\/section>\r\n\t\t\r\n\t<\/div>\r\n<\/div>\r\n\r\n    <script src=\"\/wp-content\/themes\/generatepress\/tools\/assets\/js\/libs.min.js\"><\/script>\r\n      <script src=\"\/wp-content\/themes\/generatepress\/tools\/assets\/js\/main.min.js?v64\"><\/script>\r\n\n\n<p><\/p>\n\n<p>Um jogo divertido e duro, o Teste 2 Segundo CPS mede quantos cliques se podem conseguir em dois segundos. \u00c9 \u00f3ptimo para principiantes ou profissionais experientes, e ter\u00e1 uma explos\u00e3o assim que apanhar o jeito.<\/p>\n\n<p>N\u00e3o se preocupe se for um jogador principiante; clicar a um ritmo t\u00e3o r\u00e1pido \u00e9 um desafio, mas \u00e9 poss\u00edvel com a pr\u00e1tica. Vai aumentar a sua velocidade e frequ\u00eancia de cliques \u00e0 medida que ganha experi\u00eancia e domina o jogo.<\/p>\n\n<h2 class=\"wp-block-heading\">Como realizar 2 Segundo Teste de DPC?<\/h2>\n\n<p>Usando o seu rato, pode aprender que tipo de 2 Segundo Julgamento CPS \u00e9 e como administrar um, seguindo as instru\u00e7\u00f5es abaixo. Se seguir as instru\u00e7\u00f5es, o seu teste ir\u00e1 o mais facilmente poss\u00edvel.<\/p>\n\n<p>Para come\u00e7ar, por favor clique no bot\u00e3o grande START TEST no topo desta p\u00e1gina.<\/p>\n<div class=\"wp-block-image\">\n<figure class=\"aligncenter size-full\"><img loading=\"lazy\" decoding=\"async\" width=\"1000\" height=\"500\" src=\"https:\/\/cpstesters.com\/wp-content\/uploads\/2022\/08\/Untitled-design.jpg\" alt=\"2 Segundo Teste CPS\" class=\"wp-image-169\" title=\"\" srcset=\"https:\/\/cpstesters.com\/wp-content\/uploads\/2022\/08\/Untitled-design.jpg 1000w, https:\/\/cpstesters.com\/wp-content\/uploads\/2022\/08\/Untitled-design-300x150.jpg 300w, https:\/\/cpstesters.com\/wp-content\/uploads\/2022\/08\/Untitled-design-768x384.jpg 768w\" sizes=\"auto, (max-width: 1000px) 100vw, 1000px\" \/><figcaption class=\"wp-element-caption\">2 Segundo Teste CPS<\/figcaption><\/figure>\n<\/div>\n<p>Dois, comece a clicar no rato o mais r\u00e1pida e precisamente poss\u00edvel assim que o temporizador come\u00e7ar. Ao longo dos dois segundos completos, mantenha a sua taxa de cliques continuamente. Uma vez transcorrido o tempo, a sua pontua\u00e7\u00e3o total ser\u00e1 contada e exibida num popup intuitivo.<\/p>\n\n<p class=\"has-text-align-center has-background has-medium-font-size\" style=\"background-color:#ffb15e\">N\u00e3o se preocupa com os segundos? Passar ao <a href=\"https:\/\/cpstesters.com\/pt-br\/\" target=\"_blank\" rel=\"noreferrer noopener\">teste CPS<\/a><\/p>\n\n<h2 class=\"wp-block-heading\">Resultados<\/h2>\n\n<p>No final do per\u00edodo atribu\u00eddo, os resultados ser\u00e3o revelados. H\u00e1 um total de cinco n\u00edveis de cuteness que correspondem \u00e0 sua velocidade:<\/p>\n\n<p>O porco \u00e9 o mais lento, com um CPS inferior a cinco, o canguru \u00e9 o pr\u00f3ximo mais r\u00e1pido, com 5 a 8 CPS, o macaco \u00e9 10 a 15, o leopardo \u00e9 15 a 20, e o drag\u00e3o \u00e9 20 a 30 CPS.<\/p>\n\n<h2 class=\"wp-block-heading\">Como aumentar a sua velocidade de cliques em 2 segundos?<\/h2>\n\n<p>Se for esse o caso, continue a ler para obter algumas sugest\u00f5es sobre como aumentar a sua taxa de cliques do rato. Se seguir estas directrizes, pode aumentar a sua velocidade de clique e o seu desempenho geral.<\/p>\n\n<p>A utiliza\u00e7\u00e3o de cliques alternativos do rato \u00e9 o m\u00e9todo mais comum para aumentar a sua pontua\u00e7\u00e3o CPS de 2s. Tanto o Jitter como o Butterfly clicks podem fazer isto, por isso tudo se resume \u00e0 prefer\u00eancia pessoal e ao tempo que se tem para praticar.<\/p>\n\n<p>Aumentar a sensibilidade do rato no painel de Prefer\u00eancias do Windows \u00e9 um bom local para come\u00e7ar; pode parecer uma pequena mudan\u00e7a, mas pode ter um grande impacto ao testar diferentes abordagens.<\/p>\n\n<p>Al\u00e9m disso, os ratos de jogo incluem mais bot\u00f5es do que os ratos convencionais, permitindo tempos de reac\u00e7\u00e3o mais r\u00e1pidos. No entanto, estes ratos s\u00e3o mais caros, pelo que podem n\u00e3o ser pr\u00e1ticos, a menos que o jogador esteja disposto a retirar o dinheiro extra.<\/p>\n\n<h2 class=\"wp-block-heading has-text-align-center\">FAQ&#8217;s<\/h2>\n\n<h3 class=\"wp-block-heading\"><strong>Quantas vezes \u00e9 que um rato se move a cada segundo?<\/strong><\/h3>\n\n<p>O Teste CPS \u00e9 um sistema de classifica\u00e7\u00e3o de velocidade de cliques com base em quantos cliques pode fazer num determinado per\u00edodo de tempo. Bater pelo menos 5 vezes por segundo para evitar abrandar at\u00e9 \u00e0 velocidade de uma tartaruga no jogo.<\/p>\n\n<h3 class=\"wp-block-heading\"><strong>Porque \u00e9 que as pessoas se preparam para 2 testes CPS?<\/strong><\/h3>\n\n<p>Os utilizadores e os jogadores podem pressionar as suas limita\u00e7\u00f5es e melhorar a sua velocidade de clique com os cliques por 2 segundos de teste de clique. As suas fun\u00e7\u00f5es \u00fateis contam os cliques do utilizador em dois segundos, permitindo-lhe refazer o teste e melhorar a sua velocidade de clique.<\/p>\n\n<h3 class=\"wp-block-heading\"><strong>Qual \u00e9 o recorde mundial de 2 segundos de teste CPS?<\/strong><\/h3>\n\n<p>O recorde mundial de 2 segundos de teste CPS \u00e9 de 27 Cliques por segundo e a velocidade m\u00e9dia \u00e9 de 18 CPS.<\/p>\n\n<h2 class=\"wp-block-heading\">Conclus\u00e3o do Teste de DPC em 2 Segundos<\/h2>\n\n<p>Em suma, as ferramentas que medem taxas de clique por segundo s\u00e3o \u00fateis para medir a velocidade de clique, mas tamb\u00e9m t\u00eam outras aplica\u00e7\u00f5es. Jogos baseados no clique, pr\u00e1tica, e entretenimento puro podem todos beneficiar da ferramenta &#8220;cliques por segundo&#8221;. Qualquer pessoa, de qualquer idade, pode divertir-se com estes gadgets gratuitos e ver quantas vezes, num segundo, pode clicar.<\/p>\n\n<p>Voc\u00ea tamb\u00e9m pode gostar de<\/p>\n\n<ul class=\"wp-block-list\">\n<li><a href=\"https:\/\/cpstesters.com\/pt-br\/jitter-click-test\/\">Teste de Jitter Click<\/a><\/li>\n\n\n\n<li><a href=\"https:\/\/cpstesters.com\/pt-br\/kohi-click-test\/\">Teste Kohi Click<\/a><\/li>\n\n\n\n<li><a href=\"https:\/\/cpstesters.com\/pt-br\/clique-no-botao-direito-do-rato-teste-cps\/\">Teste de CPS com o bot\u00e3o direito do rato<\/a><\/li>\n\n\n\n<li><a href=\"https:\/\/cpstesters.com\/pt-br\/manual-click-test\/\" target=\"_blank\" rel=\"noreferrer noopener\">Teste de clique manual<\/a><\/li>\n\n\n\n<li><a href=\"https:\/\/cpstesters.com\/pt-br\/butterfly-click-test\/\" target=\"_blank\" rel=\"noreferrer noopener\">Teste do clique da borboleta<\/a><\/li>\n<\/ul>\n","protected":false},"excerpt":{"rendered":"<p>O 2 Second CPS Test \u00e9 um jogo espantoso que o ajuda a ver quantos cliques pode fazer em dois segundos. Um jogo divertido e &#8230; <\/p>\n<p class=\"read-more-container\"><a title=\"2 Segundo Teste CPS | Verifique a Velocidade dos Seus Cliques\" class=\"read-more button\" href=\"https:\/\/cpstesters.com\/pt-br\/2-second-cps-test\/#more-1919\" aria-label=\"Read more about 2 Segundo Teste CPS | Verifique a Velocidade dos Seus Cliques\">Read More<\/a><\/p>\n","protected":false},"author":4,"featured_media":972,"parent":0,"menu_order":0,"comment_status":"closed","ping_status":"closed","template":"","meta":{"footnotes":""},"class_list":["post-1919","page","type-page","status-publish","has-post-thumbnail"],"_links":{"self":[{"href":"https:\/\/cpstesters.com\/pt-br\/wp-json\/wp\/v2\/pages\/1919","targetHints":{"allow":["GET"]}}],"collection":[{"href":"https:\/\/cpstesters.com\/pt-br\/wp-json\/wp\/v2\/pages"}],"about":[{"href":"https:\/\/cpstesters.com\/pt-br\/wp-json\/wp\/v2\/types\/page"}],"author":[{"embeddable":true,"href":"https:\/\/cpstesters.com\/pt-br\/wp-json\/wp\/v2\/users\/4"}],"replies":[{"embeddable":true,"href":"https:\/\/cpstesters.com\/pt-br\/wp-json\/wp\/v2\/comments?post=1919"}],"version-history":[{"count":6,"href":"https:\/\/cpstesters.com\/pt-br\/wp-json\/wp\/v2\/pages\/1919\/revisions"}],"predecessor-version":[{"id":4068,"href":"https:\/\/cpstesters.com\/pt-br\/wp-json\/wp\/v2\/pages\/1919\/revisions\/4068"}],"wp:featuredmedia":[{"embeddable":true,"href":"https:\/\/cpstesters.com\/pt-br\/wp-json\/wp\/v2\/media\/972"}],"wp:attachment":[{"href":"https:\/\/cpstesters.com\/pt-br\/wp-json\/wp\/v2\/media?parent=1919"}],"curies":[{"name":"wp","href":"https:\/\/api.w.org\/{rel}","templated":true}]}}