{"id":3239,"date":"2024-07-16T14:30:37","date_gmt":"2024-07-16T14:30:37","guid":{"rendered":"https:\/\/cpstesters.com\/test-opoznienia-klawiatury-czas-reakcji-opoznienie-i-czestotliwosc-pollingu\/"},"modified":"2024-09-17T17:02:07","modified_gmt":"2024-09-17T17:02:07","slug":"test-opoznienia-klawiatury","status":"publish","type":"page","link":"https:\/\/cpstesters.com\/pl\/test-opoznienia-klawiatury\/","title":{"rendered":"Test op\u00f3\u017anienia klawiatury | Czas reakcji, op\u00f3\u017anienie i cz\u0119stotliwo\u015b\u0107 pollingu"},"content":{"rendered":"\n<p>Keyboard Response Time Test to program online do sprawdzania latencji klawiatury. Chcesz zobaczy\u0107 op\u00f3\u017anienie wej\u015bcia swojej klawiatury? Sprawd\u017a!<\/p>\n <table>\r\n      <tr>\r\n        <th>Shortest Key Press<\/th>\r\n        <th>Estimated Scan Rate<\/th>\r\n      <\/tr>\r\n      <tr>\r\n        <td id=\"best-time\">press any key<\/td>\r\n        <td id=\"scan-rate\">press any key<\/td>\r\n      <\/tr>\r\n    <\/table>\r\n<h4>Key press history<\/h4>\r\n\r\n    <ul id=\"event-history\">\r\n    <\/ul>\r\n\r\n<script>\r\n'use strict';\r\n\r\nvar keyCodes = {\r\n  3 : \"break\",\r\n  8 : \"backspace \/ delete\",\r\n  9 : \"tab\",\r\n  12 : 'clear',\r\n  13 : \"enter\",\r\n  16 : \"shift\",\r\n  17 : \"ctrl \",\r\n  18 : \"alt\",\r\n  19 : \"pause\/break\",\r\n  20 : \"caps lock\",\r\n  27 : \"escape\",\r\n  32 : \"spacebar\",\r\n  33 : \"page up\",\r\n  34 : \"page down\",\r\n  35 : \"end\",\r\n  36 : \"home \",\r\n  37 : \"left arrow \",\r\n  38 : \"up arrow \",\r\n  39 : \"right arrow\",\r\n  40 : \"down arrow \",\r\n  41 : \"select\",\r\n  42 : \"print\",\r\n  43 : \"execute\",\r\n  44 : \"Print Screen\",\r\n  45 : \"insert \",\r\n  46 : \"delete\",\r\n  48 : \"0\",\r\n  49 : \"1\",\r\n  50 : \"2\",\r\n  51 : \"3\",\r\n  52 : \"4\",\r\n  53 : \"5\",\r\n  54 : \"6\",\r\n  55 : \"7\",\r\n  56 : \"8\",\r\n  57 : \"9\",\r\n  59 : \"semicolon (firefox), equals\",\r\n  61 : \"equals (firefox)\",\r\n  65 : \"a\",\r\n  66 : \"b\",\r\n  67 : \"c\",\r\n  68 : \"d\",\r\n  69 : \"e\",\r\n  70 : \"f\",\r\n  71 : \"g\",\r\n  72 : \"h\",\r\n  73 : \"i\",\r\n  74 : \"j\",\r\n  75 : \"k\",\r\n  76 : \"l\",\r\n  77 : \"m\",\r\n  78 : \"n\",\r\n  79 : \"o\",\r\n  80 : \"p\",\r\n  81 : \"q\",\r\n  82 : \"r\",\r\n  83 : \"s\",\r\n  84 : \"t\",\r\n  85 : \"u\",\r\n  86 : \"v\",\r\n  87 : \"w\",\r\n  88 : \"x\",\r\n  89 : \"y\",\r\n  90 : \"z\",\r\n  91 : \"Windows Key \/ Left \u2318\",\r\n  92 : \"right window key \",\r\n  93 : \"Windows Menu \/ Right \u2318\",\r\n  96 : \"numpad 0 \",\r\n  97 : \"numpad 1 \",\r\n  98 : \"numpad 2 \",\r\n  99 : \"numpad 3 \",\r\n  100 : \"numpad 4 \",\r\n  101 : \"numpad 5 \",\r\n  102 : \"numpad 6 \",\r\n  103 : \"numpad 7 \",\r\n  104 : \"numpad 8 \",\r\n  105 : \"numpad 9 \",\r\n  106 : \"multiply \",\r\n  107 : \"add\",\r\n  109 : \"subtract \",\r\n  110 : \"decimal point\",\r\n  111 : \"divide \",\r\n  112 : \"f1 \",\r\n  113 : \"f2 \",\r\n  114 : \"f3 \",\r\n  115 : \"f4 \",\r\n  116 : \"f5 \",\r\n  117 : \"f6 \",\r\n  118 : \"f7 \",\r\n  119 : \"f8 \",\r\n  120 : \"f9 \",\r\n  121 : \"f10\",\r\n  122 : \"f11\",\r\n  123 : \"f12\",\r\n  124 : \"f13\",\r\n  125 : \"f14\",\r\n  126 : \"f15\",\r\n  127 : \"f16\",\r\n  128 : \"f17\",\r\n  129 : \"f18\",\r\n  130 : \"f19\",\r\n  144 : \"num lock \",\r\n  145 : \"scroll lock\",\r\n  173 : \"minus (firefox), mute\/unmute\",\r\n  174 : \"decrease volume level\",\r\n  175 : \"increase volume level\",\r\n  176 : \"next\",\r\n  177 : \"previous\",\r\n  178 : \"stop\",\r\n  179 : \"play\/pause\",\r\n  181 : \"mute\/unmute (firefox)\",\r\n  182 : \"decrease volume level (firefox)\",\r\n  183 : \"increase volume level (firefox)\",\r\n  186 : \"semi-colon \",\r\n  187 : \"equal sign \",\r\n  188 : \"comma\",\r\n  189 : \"dash \",\r\n  190 : \"period \",\r\n  191 : \"forward slash\",\r\n  192 : \"grave accent \",\r\n  219 : \"open bracket \",\r\n  220 : \"back slash \",\r\n  221 : \"close bracket \",\r\n  222 : \"single quote \",\r\n  224 : \"left or right \u2318 key (firefox)\",\r\n  225 : \"altgr\",\r\n  226 : \"< \/git >\",\r\n  255 : \"toggle touchpad\"\r\n};\r\n\r\nwindow.performance = window.performance || {};\r\nperformance.now = (function() {\r\n    return performance.now       ||\r\n        performance.mozNow    ||\r\n        performance.msNow     ||\r\n        performance.oNow      ||\r\n        performance.webkitNow ||\r\n        Date.now * 1.0; \/*none found - fallback to browser default *\/\r\n})();\r\n\r\n(function() {\r\n  var body = document.querySelector('body');\r\n\r\n  var bestKeyTime = 10000;\r\n  var keyDownTime = [];\r\n  var isKeyDown = [];\r\n  for (var i = 0, len = 256; i < len; i++) {\r\n    isKeyDown[i] = false;\r\n    keyDownTime[i] = 0;\r\n  }\r\n\r\n\r\n  body.onkeydown = function (e) {\r\n    if ( !e.metaKey ) {\r\n      e.preventDefault();\r\n    }\r\n\r\n    if (!isKeyDown[e.keyCode]) {\r\n      isKeyDown[e.keyCode] = true;\r\n      keyDownTime[e.keyCode] = performance.now();\r\n    }\r\n  };\r\n\r\n  body.onkeyup = function (e) {\r\n    if ( !e.metaKey ) {\r\n      e.preventDefault();\r\n    }\r\n    isKeyDown[e.keyCode] = false;\r\n    var upTime = performance.now();\r\n    var heldTime = Math.ceil(upTime - keyDownTime[e.keyCode]);\r\n    bestKeyTime = Math.min(bestKeyTime, heldTime);\r\n    var scanRate = Math.min(1000 \/ (bestKeyTime), 1000);\r\n\r\n    document.querySelector('#best-time').innerHTML = bestKeyTime + \"ms\";\r\n    document.querySelector('#scan-rate').innerHTML = scanRate + \"Hz\";\r\n    var keyEventElem = document.createElement('li');\r\n    var keyEventContent = document.createTextNode(keyCodes[e.keyCode] + \": \" + heldTime + \"ms\");\r\n    keyEventElem.appendChild(keyEventContent);\r\n    var outputArea = document.querySelector('#event-history');\r\n    outputArea.insertBefore(keyEventElem, outputArea.firstChild)\r\n  };\r\n})(); \r\n<\/script>\r\n\n\n<p><\/p>\n\n<div style=\"height:5px\" aria-hidden=\"true\" class=\"wp-block-spacer\"><\/div>\n\n<h2 class=\"wp-block-heading\">Co to jest op\u00f3\u017anienie klawiatury?<\/h2>\n\n<p>Czas potrzebny klawiaturze na potwierdzenie jednego uderzenia nazywany jest op\u00f3\u017anieniem klawiatury. W tym procesie mierzony jest odst\u0119p czasu pomi\u0119dzy przesuni\u0119ciem klawisza a dotarciem odpowiedniego pakietu USB do portu USB. Jest to wi\u0119c op\u00f3\u017anienie pomi\u0119dzy naci\u015bni\u0119ciem klawisza a momentem wy\u015bwietlenia akcji na ekranie.<\/p>\n\n<p>Liczby zostan\u0105 zaokr\u0105glone do najbli\u017cszych 5ms, aby zapobiec fa\u0142szywej precyzji. Mo\u017cesz oceni\u0107 latencj\u0119 swojej klawiatury za pomoc\u0105 testu <a href=\"https:\/\/keyboardsexpert.com\/what-is-keyboard-latency\/\" target=\"_blank\" rel=\"noreferrer noopener\">latencji klawiatury<\/a>.<\/p>\n\n<h2 class=\"wp-block-heading\">Dlaczego test latencji klawiatury jest wa\u017cny?<\/h2>\n\n<p>Chocia\u017c wi\u0119kszo\u015b\u0107 klawiatur ma odpowiednie op\u00f3\u017anienie dla programist\u00f3w lub obszar\u00f3w biurowych, klawiatury do gier z nadmiernym op\u00f3\u017anieniem mog\u0105 oznacza\u0107 r\u00f3\u017cnic\u0119 mi\u0119dzy wygran\u0105 a przegran\u0105.<\/p>\n\n<p>Chcesz si\u0119 upewni\u0107, \u017ce ka\u017cdy komponent nie ma du\u017cego op\u00f3\u017anienia, poniewa\u017c klawiatura, laptop i monitor zwi\u0119kszaj\u0105 op\u00f3\u017anienie mi\u0119dzy twoimi danymi wej\u015bciowymi a wykonywan\u0105 czynno\u015bci\u0105. Klawiatury gamingowe s\u0105 tworzone z my\u015bl\u0105 o jak najmniejszej latencji, mimo \u017ce \u017caden sprz\u0119t nie jest naprawd\u0119 wolny od lag\u00f3w.<\/p>\n\n<h2 class=\"wp-block-heading\">Jak obliczany jest czas reakcji klawiatury?<\/h2>\n\n<p>Poprzez liczenie klatek, kt\u00f3re up\u0142ywaj\u0105 od momentu podania danych wej\u015bciowych do momentu pojawienia si\u0119 b\u0142ysku na wy\u015bwietlaczu, obliczane i weryfikowane jest op\u00f3\u017anienie testu dla klawiatury. Nast\u0119pnie warto\u015b\u0107 ta jest modyfikowana w celu uwzgl\u0119dnienia op\u00f3\u017anienia wy\u015bwietlacza, systemu oraz op\u00f3\u017anienia przed podr\u00f3\u017c\u0105. Zgodnie z wynikami bada\u0144, ka\u017cdy typ \u0142\u0105cza mia\u0142 \u015brednio 12 pomiar\u00f3w.<\/p>\n<div class=\"wp-block-image\">\n<figure class=\"aligncenter size-full\"><img loading=\"lazy\" decoding=\"async\" width=\"1000\" height=\"500\" src=\"https:\/\/cpstesters.com\/wp-content\/uploads\/2022\/09\/Keyboard-Latency-Test.jpg\" alt=\"Test op&#xF3;&#x17A;nienia klawiatury\" class=\"wp-image-608\" title=\"\" srcset=\"https:\/\/cpstesters.com\/wp-content\/uploads\/2022\/09\/Keyboard-Latency-Test.jpg 1000w, https:\/\/cpstesters.com\/wp-content\/uploads\/2022\/09\/Keyboard-Latency-Test-300x150.jpg 300w, https:\/\/cpstesters.com\/wp-content\/uploads\/2022\/09\/Keyboard-Latency-Test-768x384.jpg 768w\" sizes=\"auto, (max-width: 1000px) 100vw, 1000px\" \/><figcaption class=\"wp-element-caption\">Test op\u00f3\u017anienia klawiatury<\/figcaption><\/figure>\n<\/div>\n<p class=\"has-text-align-center has-base-background-color has-background has-medium-font-size\"><em>Nie zapomnij sprawdzi\u0107 naszego <a href=\"https:\/\/cpstesters.com\/pl\/test-klawiatury\/\" target=\"_blank\" rel=\"noreferrer noopener\">testu klawiatury<\/a>!<\/em><\/p>\n\n<h2 class=\"wp-block-heading\">Kroki dla testu op\u00f3\u017anienia klawiatury<\/h2>\n\n<p>Ten dok\u0142adny Keyboard Scan Rate Test jest ch\u0119tnie udost\u0119pniany, aby\u015bcie mogli szybko okre\u015bli\u0107, jak szybko system wykrywa naci\u015bni\u0119cia klawiszy. Aby rozpocz\u0105\u0107 przegl\u0105danie danych w czasie rzeczywistym na ekranie, wystarczy nacisn\u0105\u0107 dowolny klawisz na urz\u0105dzeniu z klawiatur\u0105.<\/p>\n\n<p>Kroki do wykonania testu szybko\u015bci reakcji klawiatury s\u0105 nast\u0119puj\u0105ce:<\/p>\n\n<ul class=\"wp-block-list\">\n<li>Sprawd\u017a dla testera na g\u00f3rze tej strony.<\/li>\n\n\n\n<li>Po klikni\u0119ciu na test, otworzy si\u0119 narz\u0119dzie do testowania.<\/li>\n\n\n\n<li>Narz\u0119dzie wy\u015bwietla szybko\u015b\u0107 skanowania w Hz, kt\u00f3ra powie o szybko\u015bci klawiatury, to zajmuje, aby wys\u0142a\u0107 informacje.<\/li>\n\n\n\n<li>W tym przypadku istnieje opcja Min. interwa\u0142, kt\u00f3ra wy\u015bwietli szczeg\u00f3\u0142y dotycz\u0105ce interwa\u0142u.<\/li>\n\n\n\n<li>Klawiatura b\u0119dzie testowana podczas naciskania klawiszy, a nasz obszar testowy wykryje szybko\u015b\u0107 reakcji i wy\u015bwietli szczeg\u00f3\u0142y.<\/li>\n\n\n\n<li>Mo\u017cna te\u017c zresetowa\u0107 dane, wciskaj\u0105c opcj\u0119 reset.<\/li>\n\n\n\n<li>Ponadto mo\u017cna pobra\u0107 dane dotycz\u0105ce szybko\u015bci reakcji klawiatury i szybko\u015bci skanowania. Opcja ta jest podana na narz\u0119dziu.<\/li>\n<\/ul>\n\n<p>W ten spos\u00f3b mo\u017cna \u0142atwo przetestowa\u0107 klawiatur\u0119, jest to najskuteczniejsze dost\u0119pne tam narz\u0119dzie.<\/p>\n\n<h2 class=\"wp-block-heading\">Cechy tego testu Polling Rate<\/h2>\n\n<p>Pocz\u0105tkowo mo\u017cesz sprawdzi\u0107 wska\u017anik skanowania klawiatury wzgl\u0119dem ka\u017cdego naci\u015bni\u0119cia klawisza za pomoc\u0105 tego narz\u0119dzia online.<\/p>\n\n<p>Po drugie, mo\u017cna obserwowa\u0107 czas reakcji komputera i to, jak szybko przetwarza on sygna\u0142 elektroniczny z naci\u015bni\u0119\u0107 klawiszy na u\u017cyteczne informacje.<\/p>\n\n<p>Ponadto mo\u017cesz monitorowa\u0107 ka\u017cdy klawisz, kt\u00f3ry jest dotkni\u0119ty podczas korzystania z tej aplikacji online i zobaczy\u0107, jak szybko reaguje.<\/p>\n\n<p>Szczeg\u00f3\u0142owy zapis ca\u0142ej sesji, zawieraj\u0105cy czas reakcji ka\u017cdego wci\u015bni\u0119tego klawisza, jest r\u00f3wnie\u017c dost\u0119pny do pobrania. Dzi\u0119ki temu mo\u017cesz oceni\u0107 wydajno\u015b\u0107 swojego urz\u0105dzenia.<\/p>\n\n<p>Dodatkowo, mo\u017cesz ponownie uruchomi\u0107 now\u0105 sesj\u0119 w naszym narz\u0119dziu testowym online, u\u017cywaj\u0105c przycisku resetowania, aby rozpocz\u0105\u0107 od nowa.<\/p>\n\n<h2 class=\"wp-block-heading has-text-align-center\">FAQ&#8217;s<\/h2>\n\n<h3 class=\"wp-block-heading\"><strong>Jak sprawdzi\u0107 op\u00f3\u017anienie na klawiaturze?<\/strong><\/h3>\n\n<p>Istnieje kilka metod pomiaru op\u00f3\u017anienia klawiatury. Jednak narz\u0119dzie do testowania latencji klawiatury CPSTesters.com jest najprostszym sposobem na okre\u015blenie latencji klawiatury. Szybko otrzymasz dok\u0142adne wyniki z tego narz\u0119dzia.<\/p>\n\n<h3 class=\"wp-block-heading\"><strong>Jak mog\u0119 poprawi\u0107 op\u00f3\u017anienie klawiatury?<\/strong><\/h3>\n\n<p>Aby zmniejszy\u0107 op\u00f3\u017anienie klawiatury, mo\u017cna zaktualizowa\u0107 sterowniki, uruchomi\u0107 narz\u0119dzia diagnostyczne lub wprowadzi\u0107 r\u00f3\u017cne instrukcje do wiersza polece\u0144. Op\u00f3\u017anienie reakcji na wej\u015bcie na klawiatur\u0119 mo\u017ce by\u0107 r\u00f3wnie\u017c spowodowane niskim poziomem baterii klawiatury. Sprawd\u017a bateri\u0119 klawiatury, wymie\u0144 j\u0105, je\u015bli mo\u017cesz, i upewnij si\u0119, \u017ce dzia\u0142a prawid\u0142owo.<\/p>\n\n<h3 class=\"wp-block-heading\"><strong>Czy latencja klawiatury ma znaczenie w grach?<\/strong><\/h3>\n\n<p>Tak, op\u00f3\u017anienie klawiatury jest bardzo wa\u017cne dla gier, poniewa\u017c decyduje o wydajno\u015bci twojej gry. To, czy wygrywasz gr\u0119, czy j\u0105 przegrywasz, opiera si\u0119 na op\u00f3\u017anieniu klawiatury i jej efektywno\u015bci.<\/p>\n\n<h3 class=\"wp-block-heading\"><strong>Czy 1000Hz polling rate jest dobre dla klawiatury?<\/strong><\/h3>\n\n<p>Cz\u0119stotliwo\u015b\u0107 pollingu klawiatury, wyra\u017cona w hercach, to cz\u0119stotliwo\u015b\u0107, z jak\u0105 przekazuje ona dane do pulpitu (Hz). Ka\u017cde naci\u015bni\u0119cie klawisza odpowiada tym szybciej, im szybsza jest cz\u0119stotliwo\u015b\u0107 pollingu. W przypadku gier zaleca si\u0119 co najmniej polling rate na poziomie 500 do 1000 Hz. Mo\u017cesz sprawdzi\u0107 szybko\u015b\u0107 pollingu klawiatury za pomoc\u0105 naszego testu szybko\u015bci pollingu klawiatury.<\/p>\n\n<h3 class=\"wp-block-heading\"><strong>Jak sprawdzi\u0107 op\u00f3\u017anienie na mojej klawiaturze?<\/strong><\/h3>\n\n<p>Program stworzony specjalnie dla klawiatur Bluetooth pozwala szybko sprawdzi\u0107 op\u00f3\u017anienie klawiatury. Dost\u0119pny jest r\u00f3wnie\u017c test latencji klawiatury online. Wystarczy odwiedzi\u0107 nasz\u0105 stron\u0119 online, aby oceni\u0107 tam test op\u00f3\u017anienia wej\u015bcia.<\/p>\n\n<p>Some Other Keyboard Tools:<\/p>\n\n<ul class=\"wp-block-list\">\n<li><a href=\"https:\/\/cpstesters.com\/pl\/spacebar-counter\/\" target=\"_blank\" rel=\"noreferrer noopener\">Licznik spacji<\/a><\/li>\n\n\n\n<li><a href=\"https:\/\/cpstesters.com\/pl\/keyboard-click-test\/\" target=\"_blank\" rel=\"noreferrer noopener\">Test klikni\u0119\u0107 klawiatury<\/a><\/li>\n\n\n\n<li><a href=\"https:\/\/cpstesters.com\/pl\/keyboard-ghosting-test\/\" target=\"_blank\" rel=\"noreferrer noopener\">Test Ghostingu Klawiatury<\/a><\/li>\n\n\n\n<li><a href=\"https:\/\/cpstesters.com\/pl\/test-klawiatury-mechanicznej\/\" target=\"_blank\" rel=\"noreferrer noopener\">Test klawiatury mechanicznej<\/a><\/li>\n\n\n\n<li><a href=\"https:\/\/cpstesters.com\/pl\/test-wpm\/\" target=\"_blank\" rel=\"noreferrer noopener\">Test WPM<\/a><\/li>\n<\/ul>\n","protected":false},"excerpt":{"rendered":"<p>Keyboard Response Time Test to program online do sprawdzania latencji klawiatury. Chcesz zobaczy\u0107 op\u00f3\u017anienie wej\u015bcia swojej klawiatury? Sprawd\u017a! Co to jest op\u00f3\u017anienie klawiatury? Czas potrzebny &#8230; <\/p>\n<p class=\"read-more-container\"><a title=\"Test op\u00f3\u017anienia klawiatury | Czas reakcji, op\u00f3\u017anienie i cz\u0119stotliwo\u015b\u0107 pollingu\" class=\"read-more button\" href=\"https:\/\/cpstesters.com\/pl\/test-opoznienia-klawiatury\/#more-3239\" aria-label=\"Dowiedz si\u0119 wi\u0119cej o Test op\u00f3\u017anienia klawiatury | Czas reakcji, op\u00f3\u017anienie i cz\u0119stotliwo\u015b\u0107 pollingu\">Read More<\/a><\/p>\n","protected":false},"author":4,"featured_media":1643,"parent":0,"menu_order":0,"comment_status":"closed","ping_status":"closed","template":"","meta":{"footnotes":""},"class_list":["post-3239","page","type-page","status-publish","has-post-thumbnail"],"_links":{"self":[{"href":"https:\/\/cpstesters.com\/pl\/wp-json\/wp\/v2\/pages\/3239","targetHints":{"allow":["GET"]}}],"collection":[{"href":"https:\/\/cpstesters.com\/pl\/wp-json\/wp\/v2\/pages"}],"about":[{"href":"https:\/\/cpstesters.com\/pl\/wp-json\/wp\/v2\/types\/page"}],"author":[{"embeddable":true,"href":"https:\/\/cpstesters.com\/pl\/wp-json\/wp\/v2\/users\/4"}],"replies":[{"embeddable":true,"href":"https:\/\/cpstesters.com\/pl\/wp-json\/wp\/v2\/comments?post=3239"}],"version-history":[{"count":4,"href":"https:\/\/cpstesters.com\/pl\/wp-json\/wp\/v2\/pages\/3239\/revisions"}],"predecessor-version":[{"id":4237,"href":"https:\/\/cpstesters.com\/pl\/wp-json\/wp\/v2\/pages\/3239\/revisions\/4237"}],"wp:featuredmedia":[{"embeddable":true,"href":"https:\/\/cpstesters.com\/pl\/wp-json\/wp\/v2\/media\/1643"}],"wp:attachment":[{"href":"https:\/\/cpstesters.com\/pl\/wp-json\/wp\/v2\/media?parent=3239"}],"curies":[{"name":"wp","href":"https:\/\/api.w.org\/{rel}","templated":true}]}}