{"id":3173,"date":"2024-07-16T14:35:14","date_gmt":"2024-07-16T14:35:14","guid":{"rendered":"https:\/\/cpstesters.com\/keyboard-counter-keys-hit-counter-game\/"},"modified":"2024-09-17T15:02:46","modified_gmt":"2024-09-17T15:02:46","slug":"keyboard-counter","status":"publish","type":"page","link":"https:\/\/cpstesters.com\/pl\/keyboard-counter\/","title":{"rendered":"Licznik klawiatury | Gra licznika uderze\u0144 klawiszy"},"content":{"rendered":"\n<p>keyboard Counter to gra online Keys Hit Counter, kt\u00f3ra pomo\u017ce Ci sprawdzi\u0107 i policzy\u0107 Twoje klikni\u0119cia klawiszy, sprawd\u017a to niesamowite narz\u0119dzie!<\/p>\n<style>\r\n\t#activity {\r\n\r\n\t\t    background: #FFB15E;\r\n    color: white;\r\n    width: 100%;\r\n    padding: 100px;\r\n\t\t\r\n text-align: center;\r\n vertical-align: middle;\r\n}\r\n\r\n\r\n#result {\r\n text-transform: uppercase;\r\n}\r\na:link,\r\na:hover,\r\na:visited,\r\na:active {\r\n text-decoration: bold;\r\n}\r\n.hits {\r\n font-size: 6rem;\r\n font-weight: bolder;\r\n\tcolor:white;\r\n}\r\n\t#activity p{\r\n\t\tfont-size:30px;\t\r\n\t\tcolor:white;\r\n\t\tmargin-bottom:0px;\r\n\t}\r\n\r\n<\/style>\r\n<div id=\"activity\">\r\n\t<p id=\"counter\"><span class=\"hits\">0<\/span><\/hp1>\r\n  <p>Keys Hit<\/p>\r\n<\/div>\r\n\t\r\n\t<script> \r\n\t\t\tvar hits = 0;\r\nvar hitElement = document.querySelector(\".hits\");\r\ndocument.body.onkeyup = function (e) {\r\n if ((e.keyCode == 1, 2, 3, 4, 5, 6, 7, 8, 9, 10)) {\r\n  addHit();\r\n }\r\n};\r\n\r\nvar addHit = function () {\r\n hits++;\r\n renderHits();\r\n};\r\n\r\nvar renderHits = function () {\r\n hitElement.innerHTML = hits;\r\n};\r\n\r\n\t<\/script>\n\n<p><\/p>\n\n<div style=\"height:5px\" aria-hidden=\"true\" class=\"wp-block-spacer\"><\/div>\n\n<h2 class=\"wp-block-heading\">Licznik klawiatury<\/h2>\n\n<p>Narz\u0119dzie online o nazwie licznik klawiaturowy pozwala sprawdzi\u0107, czy dowolny klawisz na klawiaturze dzia\u0142a prawid\u0142owo, czy nie. Dla wygody u\u017cytkownika \u015bledzi r\u00f3wnie\u017c og\u00f3ln\u0105 liczb\u0119 naci\u015bni\u0119\u0107 klawiszy. Eliminuj\u0105c konieczno\u015b\u0107 wielokrotnego odwiedzania lokalnego punktu naprawy komputer\u00f3w w celu przetestowania okre\u015blonego klawisza klawiatury, aplikacja ta pozwoli Ci zaoszcz\u0119dzi\u0107 czas i pieni\u0105dze. Nie tylko sprawdza klucze, ale pomaga policzy\u0107 klucze w okre\u015blonym czasie.<\/p>\n\n<h2 class=\"wp-block-heading\">Dlaczego warto u\u017cywa\u0107 licznika kluczy?<\/h2>\n\n<p>W dzisiejszych czasach praktycznie ka\u017cdy z nas codziennie korzysta z klawiatury. Klawiatury maj\u0105 r\u00f3\u017cne przeznaczenie, mi\u0119dzy innymi do pisania, czym zajmuj\u0105 si\u0119 maszynistki. Niekt\u00f3rzy, np. gracze, mog\u0105 go u\u017cywa\u0107 do gier. Albo niekt\u00f3rzy ludzie mog\u0105 u\u017cywa\u0107 go do kodowania pewnych zada\u0144 na swoich komputerach. Klawiatury to podstawowe elementy komputera. Bior\u0105c pod uwag\u0119, \u017ce klawiatura jest urz\u0105dzeniem wej\u015bciowym, ka\u017cde uszkodzenie jej klawiszy lub funkcjonalno\u015bci mo\u017ce by\u0107 kosztowne dla systemu wej\u015bciowego.<\/p>\n\n<p>Aby zapewni\u0107 sprawne dzia\u0142anie klawiatury w tych okoliczno\u015bciach, stosuje si\u0119 licznik klawiatury.<\/p>\n<div class=\"wp-block-image\">\n<figure class=\"aligncenter size-full\"><img loading=\"lazy\" decoding=\"async\" width=\"1000\" height=\"500\" src=\"https:\/\/cpstesters.com\/wp-content\/uploads\/2022\/09\/keyboard-counter-1.jpg\" alt=\"Licznik klawiatury\" class=\"wp-image-632\" title=\"\" srcset=\"https:\/\/cpstesters.com\/wp-content\/uploads\/2022\/09\/keyboard-counter-1.jpg 1000w, https:\/\/cpstesters.com\/wp-content\/uploads\/2022\/09\/keyboard-counter-1-300x150.jpg 300w, https:\/\/cpstesters.com\/wp-content\/uploads\/2022\/09\/keyboard-counter-1-768x384.jpg 768w\" sizes=\"auto, (max-width: 1000px) 100vw, 1000px\" \/><figcaption class=\"wp-element-caption\">Licznik klawiatury<\/figcaption><\/figure>\n<\/div>\n<p class=\"has-text-align-center has-base-background-color has-background has-medium-font-size\"><em>Nasz <a href=\"https:\/\/cpstesters.com\/pl\/?page_id=2594\" target=\"_blank\" rel=\"noreferrer noopener\">test WPM Online<\/a> mo\u017ce pom\u00f3c Ci poprawi\u0107 pisanie na maszynie i klikanie, sprawd\u017a!<\/em><\/p>\n\n<h2 class=\"wp-block-heading\">Licznik klikni\u0119\u0107 klawiatury<\/h2>\n\n<p>Klawiatura mo\u017ce s\u0142u\u017cy\u0107 u\u017cytkownikom do zliczania klikni\u0119\u0107. Gra na licznik kluczy to w tym przypadku kolejna metoda liczenia klikni\u0119\u0107. Zmiana licznika klikni\u0119\u0107 w ka\u017cdej sekundzie wynosi tylko jedn\u0105 sekund\u0119 i zlicza tylko klikni\u0119cia, kt\u00f3re wykonujesz w tym przedziale czasowym.<\/p>\n\n<p>Twoje klikni\u0119cia w ci\u0105gu minuty b\u0119d\u0105 obliczane przez licznik klikni\u0119\u0107 1 minuty (60 Sekund). Licznik klikni\u0119\u0107 dla 10 sekund jest r\u00f3wnie\u017c dost\u0119pny dla Ciebie i obliczy ca\u0142kowit\u0105 liczb\u0119 klikni\u0119\u0107, kt\u00f3re wykonasz w ci\u0105gu przydzielonych 10 sekund.<\/p>\n\n<p>Licznik klikni\u0119\u0107 w klawiatur\u0119 jest fantastycznym dodatkiem. Wi\u0119kszo\u015b\u0107 licznik\u00f3w klikni\u0119\u0107 dzia\u0142a tylko z myszk\u0105, jednak ten dzia\u0142a r\u00f3wnie\u017c ze spacj\u0105, wi\u0119c mo\u017cesz po\u0107wiczy\u0107 u\u017cywanie tej podw\u00f3jnej opcji na klawiaturze.<\/p>\n\n<h2 class=\"wp-block-heading\">Kroki do gry w Key Counter Game<\/h2>\n\n<p>Na naszej stronie nowicjusze mog\u0105 \u0142atwo rozpocz\u0105\u0107 gr\u0119. Narz\u0119dzie dzia\u0142a w nast\u0119puj\u0105cy spos\u00f3b:<\/p>\n\n<ul class=\"wp-block-list\">\n<li>Odwied\u017a nasz\u0105 stron\u0119 internetow\u0105.<\/li>\n\n\n\n<li>Z menu na stronie wybierz przedzia\u0142 czasowy.<\/li>\n\n\n\n<li>Licznik zlicza Twoje krany przy ka\u017cdym kontakcie z barem.<\/li>\n\n\n\n<li>Wystarczy klikn\u0105\u0107 przycisk Restart, aby ponownie uruchomi\u0107 egzamin. Oceniaj\u0105c swoj\u0105 pr\u0119dko\u015b\u0107 za pomoc\u0105 naszego narz\u0119dzia testowego, mo\u017cesz ustali\u0107 cel gry w okre\u015blonym czasie i natychmiast zobaczy\u0107 wynik.<\/li>\n\n\n\n<li>Dlatego wybierz sekundy jako interwa\u0142 i zacznij szybko stuka\u0107 w wyznaczonym czasie. Twoje typowe tempo stukania zale\u017cy od tego, jak cz\u0119sto grasz w gry wideo i jak bardzo jeste\u015b ch\u0119tny, aby uzyska\u0107 szybsze.<\/li>\n\n\n\n<li>Gracze cz\u0119sto klikaj\u0105 od 5 do 7 razy na sekund\u0119. Jednak cz\u0119ste \u0107wiczenia pozwol\u0105 Ci szybko podnie\u015b\u0107 tempo wyciskania.<\/li>\n<\/ul>\n\n<h2 class=\"has-text-align-center wp-block-heading\">FAQ&#8217;s<\/h2>\n\n<h3 class=\"wp-block-heading\"><strong>Jak\u0105 rol\u0119 odgrywa licznik klikni\u0119\u0107 klawiatury?<\/strong><\/h3>\n\n<p>Mo\u017cna go wykorzysta\u0107 nie tylko do prostej matematyki; mo\u017cna go r\u00f3wnie\u017c u\u017cy\u0107 do liczenia ilo\u015bci budynk\u00f3w, przedmiot\u00f3w, trening\u00f3w takich jak pompki i podci\u0105gni\u0119cia, lub jakichkolwiek innych cykli pracy.<\/p>\n\n<h3 class=\"wp-block-heading\"><strong>Ile razy mog\u0119 nacisn\u0105\u0107 dany klawisz?<\/strong><\/h3>\n\n<p>Wi\u0119kszo\u015b\u0107 klawiatur mo\u017ce pomie\u015bci\u0107 tylko sze\u015b\u0107 jednoczesnych wej\u015b\u0107. Dodatkowo niekt\u00f3re kluczowe sekwencje momentami po prostu nie dzia\u0142aj\u0105. Termin &#8220;rollover&#8221; odnosi si\u0119 po prostu do tego, jak dobrze klawiatura potrafi rozpozna\u0107, kiedy kilka klawiszy jest wci\u015bni\u0119tych jednocze\u015bnie.<\/p>\n\n<p>Sprawd\u017a nasze inne narz\u0119dzia:<\/p>\n\n<ul class=\"wp-block-list\">\n<li><a href=\"https:\/\/cpstesters.com\/pl\/?page_id=2489\" target=\"_blank\" rel=\"noreferrer noopener\">Licznik spacji<\/a><\/li>\n\n\n\n<li><a href=\"https:\/\/cpstesters.com\/pl\/?page_id=2588\" target=\"_blank\" rel=\"noreferrer noopener\">Test klikni\u0119\u0107 klawiatury<\/a><\/li>\n\n\n\n<li><a href=\"https:\/\/cpstesters.com\/pl\/?page_id=3087\" target=\"_blank\" rel=\"noreferrer noopener\">Test APM<\/a><\/li>\n\n\n\n<li><a href=\"https:\/\/cpstesters.com\/pl\/?page_id=2577\" target=\"_blank\" rel=\"noreferrer noopener\">Tester klawiatury Mac<\/a><\/li>\n\n\n\n<li><a href=\"https:\/\/cpstesters.com\/pl\/test-opoznienia-klawiatury-czas-reakcji-opoznienie-i-czestotliwosc-pollingu\/\" target=\"_blank\" rel=\"noreferrer noopener\">Test op\u00f3\u017anienia klawiatury<\/a><\/li>\n<\/ul>\n","protected":false},"excerpt":{"rendered":"<p>keyboard Counter to gra online Keys Hit Counter, kt\u00f3ra pomo\u017ce Ci sprawdzi\u0107 i policzy\u0107 Twoje klikni\u0119cia klawiszy, sprawd\u017a to niesamowite narz\u0119dzie! Licznik klawiatury Narz\u0119dzie online &#8230; <\/p>\n<p class=\"read-more-container\"><a title=\"Licznik klawiatury | Gra licznika uderze\u0144 klawiszy\" class=\"read-more button\" href=\"https:\/\/cpstesters.com\/pl\/keyboard-counter\/#more-3173\" aria-label=\"Dowiedz si\u0119 wi\u0119cej o Licznik klawiatury | Gra licznika uderze\u0144 klawiszy\">Read More<\/a><\/p>\n","protected":false},"author":4,"featured_media":1739,"parent":0,"menu_order":0,"comment_status":"closed","ping_status":"closed","template":"","meta":{"footnotes":""},"class_list":["post-3173","page","type-page","status-publish","has-post-thumbnail"],"_links":{"self":[{"href":"https:\/\/cpstesters.com\/pl\/wp-json\/wp\/v2\/pages\/3173","targetHints":{"allow":["GET"]}}],"collection":[{"href":"https:\/\/cpstesters.com\/pl\/wp-json\/wp\/v2\/pages"}],"about":[{"href":"https:\/\/cpstesters.com\/pl\/wp-json\/wp\/v2\/types\/page"}],"author":[{"embeddable":true,"href":"https:\/\/cpstesters.com\/pl\/wp-json\/wp\/v2\/users\/4"}],"replies":[{"embeddable":true,"href":"https:\/\/cpstesters.com\/pl\/wp-json\/wp\/v2\/comments?post=3173"}],"version-history":[{"count":4,"href":"https:\/\/cpstesters.com\/pl\/wp-json\/wp\/v2\/pages\/3173\/revisions"}],"predecessor-version":[{"id":5892,"href":"https:\/\/cpstesters.com\/pl\/wp-json\/wp\/v2\/pages\/3173\/revisions\/5892"}],"wp:featuredmedia":[{"embeddable":true,"href":"https:\/\/cpstesters.com\/pl\/wp-json\/wp\/v2\/media\/1739"}],"wp:attachment":[{"href":"https:\/\/cpstesters.com\/pl\/wp-json\/wp\/v2\/media?parent=3173"}],"curies":[{"name":"wp","href":"https:\/\/api.w.org\/{rel}","templated":true}]}}