{"id":3172,"date":"2024-07-16T14:17:21","date_gmt":"2024-07-16T14:17:21","guid":{"rendered":"https:\/\/cpstesters.com\/test-opoznienia-myszy-sprawdz-czas-reakcji-na-klikniecie\/"},"modified":"2024-09-17T15:49:14","modified_gmt":"2024-09-17T15:49:14","slug":"test-opoznienia-myszy","status":"publish","type":"page","link":"https:\/\/cpstesters.com\/pl\/test-opoznienia-myszy\/","title":{"rendered":"Test op\u00f3\u017anienia myszy | Sprawd\u017a czas reakcji na klikni\u0119cie"},"content":{"rendered":"\n<p>Test op\u00f3\u017anienia myszy mo\u017ce by\u0107 u\u017cywany, aby dowiedzie\u0107 si\u0119, polling rate &amp; czas reakcji przewodowej lub bezprzewodowej myszy kliknij, sprawd\u017a teraz!<\/p>\n<style>\r\n \r\n#instantclick-bar{\r\n    background:#FFB15E;\r\n}\r\n\r\n.container{\r\n    background:white;\r\n    padding:20px 30px;\r\n    margin:.5em auto 1em;\r\n    border-radius:8px;\r\n    width:600px;\r\n    clear:both;\r\n    color:#111;\r\n    border:1px solid rgba(0,0,0,.125)\r\n}\r\n\r\n.gist+hr{\r\n    margin-top:22px\r\n}\r\n.warning{\r\n    background:rgba(255,165,0,.2);\r\n    padding:.25em .5em;\r\n    border-radius:3px;\r\n    border:1px solid rgba(255,165,0,.5);\r\n    font-size:17px\r\n}\r\n#downloads td{\r\n    padding:0 20px 0 0\r\n}\r\n.support{\r\n    font-size:.85em;\r\n    width:100%;\r\n    text-align:center;\r\n    border-spacing:0;\r\n    border:solid #aab;\r\n    border-width:1px 0 0 1px\r\n}\r\n.support td, .support th{\r\n    border:solid #aab;\r\n    border-width:0 1px 1px 0;\r\n    padding:.17em\r\n}\r\n.support th{\r\n    padding:.17em .66em\r\n}\r\n.notice{\r\n    color:#333;\r\n    font-size:16px\r\n}\r\n.btn{\r\n    display:inline-block;\r\n    color:white !important;\r\n    background:#FFB15E;\r\n    border-radius:6px;\r\n    padding:7px 10px 6px;\r\n    text-decoration:none;\r\n    text-align:center;\r\n    font:16px\/1 Helvetica Neue, sans-serif;\r\n    border:1px solid #FFB15E;\r\n    box-shadow:inset 0 1px 1px rgba(255,255,255,.15), 0 1px 1px rgba(0,0,0,.5)\r\n}\r\n.btn:hover{\r\n    background:#c11;\r\n    border-color:#c11;\r\n    box-shadow:inset 0 1px 1px rgba(255,255,255,.2), 0 1px 1px rgba(0,0,0,.6)\r\n}\r\n.btn:active{\r\n    background:#c11;\r\n    position:relative;\r\n    top:1px;\r\n    box-shadow:inset 0 2px 5px rgba(0,0,0,.1)\r\n}\r\n.btn-big{\r\n    border-radius:7px;\r\n    font-size:18px;\r\n    padding:10px 17px 9px\r\n}\r\n.btn small{\r\n    font-size:.72em\r\n}\r\ncode{\r\n    background:#f8f8ff;\r\n    font-size:14px;\r\n    font-family:Consolas, Menlo, DejaVu Sans Mono, monospace;\r\n    white-space:pre;\r\n    border:1px solid #ccc;\r\n    border-bottom-color:#bbb;\r\n    display:inline-block;\r\n    border-radius:2px;\r\n    padding:0 3px\r\n}\r\nsup{\r\n    vertical-align:initial;\r\n    position:relative;\r\n    top:-.42em\r\n}\r\nsup a{\r\n    text-decoration:none;\r\n    margin:-.5em -.3em;\r\n    padding:.5em\r\n}\r\n#footnotes li:target{\r\n    background:#ffb;\r\n    border-radius:1px\r\n}\r\n#footnotes li{\r\n    font-size:16px;\r\n    padding:3px\r\n}\r\n.noteBack{\r\n    font-size:18px\r\n}\r\n#click-test{\r\n    width:100%;\r\n    text-align:center;\r\n    border:solid #aab;\r\n    border-width:1px 0 0 1px;\r\n    border-collapse:collapse\r\n}\r\n#click-test td, #click-test th{\r\n    border:solid #aab;\r\n    border-width:0px 1px 1px 0px;\r\n    width:40%\r\n}\r\n#link1:active{\r\n    background:none\r\n}\r\n#link2{\r\n    margin:30px;\r\n    font-size:20px;\r\n    padding:14px 22px 13px;\r\n    background:#FFB15E;\r\n    border:1px solid #FFB15E;\r\n    box-shadow:inset 0 1px 1px rgba(255,255,255,.15), 0 1px 1px rgba(0,0,0,.5);\r\n    top:0\r\n}\r\n#click-test .results p{\r\n    text-align:left;\r\n    margin-left:10px\r\n}\r\n.prev-next{\r\n    margin-top:1.5em\r\n}\r\n.prev-next a{\r\n    text-decoration:none\r\n}\r\n.prev-next .next{\r\n    float:right\r\n}\r\n.prev-next .next:after, .prev-next .prev:before{\r\n    color:black;\r\n    text-decoration:none;\r\n    display:inline-block;\r\n    color:inherit\r\n}\r\n.prev-next .next:after{\r\n    content:' >'\r\n}\r\n.prev-next .prev:before{\r\n    content:'< '\r\n}\r\n.toc{\r\n    border-top:1px solid #ddf;\r\n    clear:both;\r\n    margin-top:1em\r\n}\r\n.toc h3, .toc h4{\r\n    color:black\r\n}\r\n.toc a{\r\n    text-decoration:none\r\n}\r\n.toc h3{\r\n    margin-top:.75em;\r\n    font-size:1.17em\r\n}\r\n.toc .chapters{\r\n    -webkit-column-count:2;\r\n     -moz-column-count:2;\r\n    column-count:2\r\n}\r\n.toc .chapters li{\r\n    list-style:none\r\n}\r\n#footer{\r\n    margin:auto;\r\n    font-size:.83em;\r\n    text-align:center;\r\n    color:#222\r\n}\r\n.gist{\r\n    color:#000;\r\n     font-size:14px\r\n}\r\n.gist pre{\r\n    font:inherit;\r\n    line-height:inherit;\r\n    white-space:pre\r\n}\r\n.gist .gist-file{\r\n    border:1px solid #ddd;\r\n    border-bottom:1px solid #ccc;\r\n    border-radius:3px;\r\n    font-family:Consolas, Menlo, DejaVu Sans Mono, monospace;\r\n    margin-bottom:1em\r\n}\r\n.gist .gist-file .gist-data{\r\n    overflow:auto;\r\n    word-wrap:normal;\r\n    background-color:#f8f8ff;\r\n    font-size:100%\r\n}\r\n.gist .gist-file .gist-data .line-data{\r\n    padding:.5em !important\r\n}\r\n.gist .gist-file .gist-data .line-pre{\r\n    background:transparent !important;\r\n    border:none !important;\r\n    margin:0 !important;\r\n    padding:0 !important\r\n}\r\n.gist .gist-file .gist-data .line-numbers{\r\n    background-color:#ececec;\r\n    color:#aaa;\r\n    border-right:1px solid #ddd;\r\n    text-align:right;\r\n    padding:.5em\r\n}\r\n.gist .gist-file .gist-data .line-numbers .line-number{\r\n    clear:right;\r\n    display:block\r\n}\r\n.gist-syntax{\r\n    background:#ffffff\r\n}\r\n.c{\r\n    color:#999988;\r\n    font-style:italic\r\n}\r\n.err{\r\n    color:#a61717;\r\n    background-color:#e3d2d2\r\n}\r\n.k{\r\n    color:#000000;\r\n    font-weight:bold\r\n}\r\n.o{\r\n    color:#000000;\r\n    font-weight:bold\r\n}\r\n.cm{\r\n    color:#999988;\r\n    font-style:italic\r\n}\r\n.cp{\r\n    color:#999999;\r\n    font-weight:bold\r\n}\r\n.c1{\r\n    color:#999988;\r\n    font-style:italic\r\n}\r\n.cs{\r\n    color:#999999;\r\n    font-weight:bold;\r\n    font-style:italic\r\n}\r\n.gd{\r\n    color:#000000;\r\n    background-color:#fdd\r\n}\r\n.gd .x{\r\n    color:#000000;\r\n    background-color:#faa\r\n}\r\n.ge{\r\n    color:#000000;\r\n    font-style:italic\r\n}\r\n.gr{\r\n    color:#a00\r\n}\r\n.gh{\r\n    color:#999\r\n}\r\n.gi{\r\n    color:#000000;\r\n    background-color:#dfd\r\n}\r\n.gi .x{\r\n    color:#000000;\r\n    background-color:#afa\r\n}\r\n.go{\r\n    color:#888\r\n}\r\n.gp{\r\n    color:#555\r\n}\r\n.gs{\r\n    font-weight:bold\r\n}\r\n.gu{\r\n    color:#aaa\r\n}\r\n.gt{\r\n    color:#a00\r\n}\r\n.kc{\r\n    color:#000000;\r\n    font-weight:bold\r\n}\r\n.kd{\r\n    color:#000000;\r\n    font-weight:bold\r\n}\r\n.kp{\r\n    color:#000000;\r\n    font-weight:bold\r\n}\r\n.kr{\r\n    color:#000000;\r\n    font-weight:bold\r\n}\r\n.kt{\r\n    color:#445588;\r\n    font-weight:bold\r\n}\r\n.m{\r\n    color:#099\r\n}\r\n.s{\r\n    color:#d14\r\n}\r\n.na{\r\n    color:teal\r\n}\r\n.nb{\r\n    color:#0086b3\r\n}\r\n.nc{\r\n    color:#445588;\r\n    font-weight:bold\r\n}\r\n.no{\r\n    color:teal\r\n}\r\n.ni{\r\n    color:purple\r\n}\r\n.ne{\r\n    color:#990000;\r\n    font-weight:bold\r\n}\r\n.nf{\r\n    color:#990000;\r\n    font-weight:bold\r\n}\r\n.nn{\r\n    color:#555\r\n}\r\n.nt{\r\n    color:navy\r\n}\r\n.nv{\r\n    color:teal\r\n}\r\n.ow{\r\n    color:#000000;\r\n    font-weight:bold\r\n}\r\n.w{\r\n    color:#bbb\r\n}\r\n.mf{\r\n    color:#099\r\n}\r\n.mh{\r\n    color:#099\r\n}\r\n.mi{\r\n    color:#099\r\n}\r\n.mo{\r\n    color:#099\r\n}\r\n.sb{\r\n    color:#d14\r\n}\r\n.sc{\r\n    color:#d14\r\n}\r\n.sd{\r\n    color:#d14\r\n}\r\n.s2{\r\n    color:#d14\r\n}\r\n.se{\r\n    color:#d14\r\n}\r\n.sh{\r\n    color:#d14\r\n}\r\n.si{\r\n    color:#d14\r\n}\r\n.sx{\r\n    color:#d14\r\n}\r\n.sr{\r\n    color:#009926\r\n}\r\n.s1{\r\n    color:#d14\r\n}\r\n.ss{\r\n    color:#990073\r\n}\r\n.bp{\r\n    color:#999\r\n}\r\n.vc{\r\n    color:teal\r\n}\r\n.vg{\r\n    color:teal\r\n}\r\n.vi{\r\n    color:teal\r\n}\r\n.il{\r\n    color:#099\r\n}\r\n\r\n\r\n<\/style>\r\n\r\n\r\n\r\n<table id=\"click-test\">\r\n  <tr>\r\n\t  <th>Normal link<\/th>\r\n\t  <th>Big link<\/th>\r\n\t<\/tr>\r\n  <tr>\r\n\t  <td><a id=\"link1\" href=\"#\" data-no-instant>Click me<\/a><\/td>\r\n    <td><a id=\"link2\" class=\"btn btn-big\" href=\"#\" data-no-instant>Click me<\/a>\r\n\t  <\/td>\r\n\t\t<\/tr>\r\n  <tr class=\"results\">\r\n    <td>\r\n      <p>Click \u2212 Hover = <strong id=\"link1-click-hover\"><\/strong><br>\r\n      Click \u2212 Mousedown = <strong id=\"link1-click-mousedown\"><\/strong>\r\n      <p>Click \u2212 Touchstart = <strong id=\"link1-click-touchstart\"><\/strong>\r\n\t  <\/td>\r\n    <td>\r\n\r\n      <p>Click \u2212 Hover = <strong id=\"link2-click-hover\"><\/strong><br>\r\n      Click \u2212 Mousedown = <strong id=\"link2-click-mousedown\"><\/strong>\r\n      <p>Click \u2212 Touchstart = <strong id=\"link2-click-touchstart\"><\/strong>\r\n\t\t  <\/td>\r\n\t\t<\/tr>\r\n<\/table>\r\n\r\n<script src=\"https:\/\/code.jquery.com\/jquery-3.6.1.min.js\" integrity=\"sha256-o88AwQnZB+VDvE9tvIXrMQaPlFFSUTR+nldQm1LuPXQ=\" crossorigin=\"anonymous\"><\/script>\r\n<script>\r\nfunction $(id) {\r\n  return document.getElementById(id)\r\n}\r\n\r\nvar times = {\r\n  touchstart: 0,\r\n  hover: 0,\r\n  mousedown: 0,\r\n  click: 0\r\n}\r\n\r\n$('link1').addEventListener('mouseover', function() {\r\n  times.hover = +new Date\r\n})\r\n$('link2').addEventListener('mouseover', function() {\r\n  times.hover = +new Date\r\n})\r\n\r\n$('link1').addEventListener('mousedown', function() {\r\n  times.mousedown = +new Date\r\n})\r\n$('link2').addEventListener('mousedown', function() {\r\n  times.mousedown = +new Date\r\n})\r\n\r\n$('link1').addEventListener('touchstart', function() {\r\n  times.touchstart = +new Date\r\n})\r\n$('link2').addEventListener('touchstart', function() {\r\n  times.touchstart = +new Date\r\n})\r\n\r\nfunction delay(time) {\r\n  if (times[time] == 0)\r\n    return '\u221e'\r\n  return times.click - times[time] + ' ms'\r\n}\r\n\r\n$('link1').addEventListener('click', function(e) {\r\n  e.preventDefault()\r\n  times.click = +new Date\r\n  $('link1-click-hover').innerHTML = delay('hover')\r\n  $('link1-click-mousedown').innerHTML = delay('mousedown')\r\n  $('link1-click-touchstart').innerHTML = delay('touchstart')\r\n})\r\n$('link2').addEventListener('click', function(e) {\r\n  e.preventDefault()\r\n  e.target.blur() \r\n  times.click = +new Date\r\n  $('link2-click-hover').innerHTML = delay('hover')\r\n  $('link2-click-mousedown').innerHTML = delay('mousedown')\r\n  $('link2-click-touchstart').innerHTML = delay('touchstart')\r\n})\r\n\r\n<\/script>\n\n<p><\/p>\n\n<div style=\"height:5px\" aria-hidden=\"true\" class=\"wp-block-spacer\"><\/div>\n\n<h2 class=\"wp-block-heading\">Co to jest op\u00f3\u017anienie myszy?<\/h2>\n\n<p>Wyra\u017cenie &#8220;op\u00f3\u017anienie myszy&#8221; odnosi si\u0119 do op\u00f3\u017anienia w ruchu myszy. Zazwyczaj jest to wysoki i niski poziom. Na przyk\u0142ad op\u00f3\u017anienie myszy wydaje si\u0119 wysokie, gdy mysz reaguje na polecenia powoli, a jest niskie, gdy mysz reaguje szybko na wszystkie \u017c\u0105dania.<\/p>\n\n<p>Ka\u017cdy element sprz\u0119tu wykorzystywany do gier na PC powoduje pewien rodzaj op\u00f3\u017anienia lub lag. Najni\u017csza latencja jest idealna do gier, poniewa\u017c wtedy Twoje dzia\u0142ania s\u0105 szybciej przek\u0142adane na gr\u0119, a do\u015bwiadczenie jest p\u0142ynne i responsywne. Op\u00f3\u017anienie klikni\u0119cia myszy ma znacz\u0105cy wp\u0142yw na to do\u015bwiadczenie.<\/p>\n\n<p>Niestety, nie ma jednej wyra\u017anej przyczyny op\u00f3\u017anie\u0144 myszy, podobnie jak wielu innych problem\u00f3w z systemem Windows jako ca\u0142o\u015bci\u0105.<\/p>\n\n<h2 class=\"wp-block-heading\">Co to jest test op\u00f3\u017anienia myszy?<\/h2>\n\n<p>Test wydajno\u015bci myszy jest zasadniczo testem op\u00f3\u017anienia myszy. Ten test mierzy ca\u0142kowity czas potrzebny na wykonanie czynno\u015bci lub op\u00f3\u017anienie w dzia\u0142aniu myszy. Poniewa\u017c istnieje wiele potencjalnych przyczyn op\u00f3\u017anienia myszy, kluczowe jest wykonanie testu op\u00f3\u017anienia klikni\u0119cia myszy przed podj\u0119ciem jakichkolwiek dzia\u0142a\u0144 naprawczych.<\/p>\n<div class=\"wp-block-image\">\n<figure class=\"aligncenter size-full\"><img loading=\"lazy\" decoding=\"async\" width=\"1000\" height=\"500\" src=\"https:\/\/cpstesters.com\/wp-content\/uploads\/2022\/09\/mouse-latency-test.jpg\" alt=\"Test op&#xF3;&#x17A;nienia myszy\" class=\"wp-image-635\" title=\"\" srcset=\"https:\/\/cpstesters.com\/wp-content\/uploads\/2022\/09\/mouse-latency-test.jpg 1000w, https:\/\/cpstesters.com\/wp-content\/uploads\/2022\/09\/mouse-latency-test-300x150.jpg 300w, https:\/\/cpstesters.com\/wp-content\/uploads\/2022\/09\/mouse-latency-test-768x384.jpg 768w\" sizes=\"auto, (max-width: 1000px) 100vw, 1000px\" \/><figcaption>Test op\u00f3\u017anienia myszy<\/figcaption><\/figure>\n<\/div>\n<p class=\"has-text-align-center has-base-background-color has-background has-medium-font-size\"><em>Je\u015bli Twoja mysz ma dobr\u0105 latencj\u0119, Wypr\u00f3buj <a href=\"https:\/\/cpstesters.com\/pl\/\" target=\"_blank\" rel=\"noreferrer noopener\">test klikni\u0119\u0107 na sekund\u0119<\/a>, aby poprawi\u0107 klikanie!<\/em><\/p>\n\n<h2 class=\"wp-block-heading\">Gdy op\u00f3\u017anienie myszy ma znaczenie<\/h2>\n\n<p>Dla graczy kluczowe jest posiadanie myszy o niskiej latencji klikni\u0119cia. Oczywi\u015bcie komputer i ekran z niewielkim input lagiem s\u0105 r\u00f3wnie\u017c niezb\u0119dne, ale szybka mysz do gier mo\u017ce stanowi\u0107 r\u00f3\u017cnic\u0119 mi\u0119dzy sukcesem a pora\u017ck\u0105.<\/p>\n\n<p>Mysz z du\u017cym op\u00f3\u017anieniem mo\u017ce tworzy\u0107 subtelne r\u00f3\u017cnice w grach, nawet je\u015bli wi\u0119kszo\u015b\u0107 os\u00f3b nie jest w stanie dostrzec op\u00f3\u017anienia pomi\u0119dzy klikni\u0119ciem myszy a wy\u015bwietleniem akcji na ekranie wizualnie lub akustycznie. W przypadku konkurencyjnych gier online u\u017cycie myszy o niskiej latencji mo\u017ce da\u0107 Ci przewag\u0119 nad przeciwnikami, kt\u00f3rzy u\u017cywaj\u0105 myszy o wysokiej latencji.<\/p>\n\n<p>Op\u00f3\u017anienie klikni\u0119cia zale\u017cy od po\u0142\u0105czenia przewodowego myszy. Og\u00f3lnie rzecz bior\u0105c, mysz bezprzewodowa ma najwi\u0119ksze op\u00f3\u017anienie, podczas gdy mysz przewodowa ma najmniejsze op\u00f3\u017anienie. Cho\u0107 nie s\u0142u\u017cy do gier, to do u\u017cytku biurowego preferowane jest po\u0142\u0105czenie Bluetooth. Wi\u0119kszo\u015b\u0107 u\u017cytkownik\u00f3w nawet nie zauwa\u017cy \u017cadnych op\u00f3\u017anie\u0144, chyba \u017ce op\u00f3\u017anienie jest powa\u017cne.<\/p>\n\n<p>Wykorzystanie bezprzewodowych myszy do gier z odbiornikami USB zyska\u0142o na popularno\u015bci, a technologia posun\u0119\u0142a si\u0119 do przodu w celu znacznego zminimalizowania op\u00f3\u017anie\u0144, dzi\u0119ki czemu niekt\u00f3re wybory bezprzewodowe s\u0105 r\u00f3wnie dobre jak te z kablem.<\/p>\n\n<h2 class=\"has-text-align-center wp-block-heading\">FAQ&#8217;s<\/h2>\n\n<h3 class=\"wp-block-heading\"><strong>Jak sprawdzi\u0107 op\u00f3\u017anienie myszy?<\/strong><\/h3>\n\n<p>Nasz tester op\u00f3\u017anienia myszy online sprawdza r\u00f3\u017cnic\u0119 mi\u0119dzy kursorem sprz\u0119towym a najnowsz\u0105 lokalizacj\u0105 myszy po otwarciu strony internetowej i rozpocz\u0119ciu konsekwentnego poruszania mysz\u0105.<\/p>\n\n<h3 class=\"wp-block-heading\"><strong>Jak naprawi\u0107 op\u00f3\u017anienie myszy?<\/strong><\/h3>\n\n<p>Mo\u017cesz u\u017cy\u0107 wielu metod, aby naprawi\u0107 ten problem. Spr\u00f3buj zaktualizowa\u0107 sterowniki myszy lub zainstalowa\u0107 je ponownie. Je\u015bli to nie zadzia\u0142a, spr\u00f3buj zmieni\u0107 ustawienia clickpada.<\/p>\n\n<h3 class=\"wp-block-heading\"><strong>Jaka latencja myszy jest dobra do gier?<\/strong><\/h3>\n\n<p>Najwy\u017csza cz\u0119stotliwo\u015b\u0107 pollingu, jak\u0105 mo\u017ce osi\u0105gn\u0105\u0107 mysz, to idealna cz\u0119stotliwo\u015b\u0107 pollingu dla myszy do gier. Wiele myszy gamingowych ma cz\u0119stotliwo\u015b\u0107 1000Hz.<\/p>\n\n<h3 class=\"wp-block-heading\"><strong>Czy myszy maj\u0105 op\u00f3\u017anienie?<\/strong><\/h3>\n\n<p>Na op\u00f3\u017anienie klikni\u0119cia ma wp\u0142yw z\u0142\u0105cze myszy. Generalnie mysz bezprzewodowa ma najwi\u0119ksz\u0105 latencj\u0119, natomiast przewodowa cz\u0119sto najni\u017csz\u0105.<\/p>\n\n<p>Sprawd\u017a inne narz\u0119dzia myszy:<\/p>\n\n<ul class=\"wp-block-list\"><li><a href=\"https:\/\/cpstesters.com\/pl\/?page_id=2931\" target=\"_blank\" rel=\"noreferrer noopener\">Test przycisk\u00f3w myszy<\/a><\/li><li><a href=\"https:\/\/cpstesters.com\/pl\/?page_id=2341\" target=\"_blank\" rel=\"noreferrer noopener\">Test przewijania myszy<\/a><\/li><li><a href=\"https:\/\/cpstesters.com\/pl\/?page_id=3087\" target=\"_blank\" rel=\"noreferrer noopener\">Test APM<\/a><\/li><li><a href=\"https:\/\/cpstesters.com\/pl\/?page_id=2791\" target=\"_blank\" rel=\"noreferrer noopener\">Trener celno\u015bci<\/a><\/li><li><a href=\"https:\/\/cpstesters.com\/pl\/?page_id=2929\" target=\"_blank\" rel=\"noreferrer noopener\">Test dok\u0142adno\u015bci myszy<\/a><\/li><\/ul>\n","protected":false},"excerpt":{"rendered":"<p>Test op\u00f3\u017anienia myszy mo\u017ce by\u0107 u\u017cywany, aby dowiedzie\u0107 si\u0119, polling rate &amp; czas reakcji przewodowej lub bezprzewodowej myszy kliknij, sprawd\u017a teraz! Co to jest op\u00f3\u017anienie &#8230; <\/p>\n<p class=\"read-more-container\"><a title=\"Test op\u00f3\u017anienia myszy | Sprawd\u017a czas reakcji na klikni\u0119cie\" class=\"read-more button\" href=\"https:\/\/cpstesters.com\/pl\/test-opoznienia-myszy\/#more-3172\" aria-label=\"Dowiedz si\u0119 wi\u0119cej o Test op\u00f3\u017anienia myszy | Sprawd\u017a czas reakcji na klikni\u0119cie\">Read More<\/a><\/p>\n","protected":false},"author":4,"featured_media":1751,"parent":0,"menu_order":0,"comment_status":"closed","ping_status":"closed","template":"","meta":{"footnotes":""},"class_list":["post-3172","page","type-page","status-publish","has-post-thumbnail"],"_links":{"self":[{"href":"https:\/\/cpstesters.com\/pl\/wp-json\/wp\/v2\/pages\/3172","targetHints":{"allow":["GET"]}}],"collection":[{"href":"https:\/\/cpstesters.com\/pl\/wp-json\/wp\/v2\/pages"}],"about":[{"href":"https:\/\/cpstesters.com\/pl\/wp-json\/wp\/v2\/types\/page"}],"author":[{"embeddable":true,"href":"https:\/\/cpstesters.com\/pl\/wp-json\/wp\/v2\/users\/4"}],"replies":[{"embeddable":true,"href":"https:\/\/cpstesters.com\/pl\/wp-json\/wp\/v2\/comments?post=3172"}],"version-history":[{"count":2,"href":"https:\/\/cpstesters.com\/pl\/wp-json\/wp\/v2\/pages\/3172\/revisions"}],"predecessor-version":[{"id":3188,"href":"https:\/\/cpstesters.com\/pl\/wp-json\/wp\/v2\/pages\/3172\/revisions\/3188"}],"wp:featuredmedia":[{"embeddable":true,"href":"https:\/\/cpstesters.com\/pl\/wp-json\/wp\/v2\/media\/1751"}],"wp:attachment":[{"href":"https:\/\/cpstesters.com\/pl\/wp-json\/wp\/v2\/media?parent=3172"}],"curies":[{"name":"wp","href":"https:\/\/api.w.org\/{rel}","templated":true}]}}