{"id":3073,"date":"2024-07-16T14:20:18","date_gmt":"2024-07-16T14:20:18","guid":{"rendered":"https:\/\/cpstesters.com\/minecraft-sphere-generator-minecraft-dome-generator\/"},"modified":"2024-09-17T15:37:59","modified_gmt":"2024-09-17T15:37:59","slug":"minecraft-sphere-generator","status":"publish","type":"page","link":"https:\/\/cpstesters.com\/pl\/minecraft-sphere-generator\/","title":{"rendered":"Generator sfer Minecraft | Generator kopu\u0142y Minecraft"},"content":{"rendered":"\n<p>Minecraft Sphere Generator to narz\u0119dzie, kt\u00f3re s\u0142u\u017cy do tworzenia kopu\u0142 &amp; sfer pikselowych do rozbudowy krajobraz\u00f3w Minecraft, sprawd\u017a teraz!<\/p>\n\n\n<style>\r\n        label {\r\n            display: inline-block;\r\n            width: 7em;\r\n            font-size: 20px;\r\n            font-weight: bold;\r\n        }\r\n        \r\n        #txtRadius {\r\n            font-size: 20px;\r\n        }\r\n        \r\n        #output {\r\n\t\t\toverflow: scroll;\r\n\t\t\tdisplay: flex;\r\n\t\t\theight: fit-content;\r\n        }\r\n    \r\n        #output table {\r\n            border-collapse: collapse;\r\n            border: 2px solid;\r\n            float: left;\r\n            margin: 5px;\r\n        }\r\n    \r\n        #output td {\r\n            \/*display: block;*\/\r\n            background-color: #FFFFFF;\r\n        }\r\n    \r\n        #output div {\r\n            width: 8px;\r\n            height: 8px;\r\n            overflow: hidden;\r\n        }\r\n    \r\n        #output td.prev_empty {\r\n            background-color: #AAAAAA;\r\n        }\r\n    \r\n        #output td.empty {\r\n            background-color: #FFFFFF;\r\n        }\r\n    \r\n        #output td.prev_full {\r\n            background-color: #660000;\r\n        }\r\n    \r\n        #output td.full {\r\n            background-color: #EE0000;\r\n        }\r\n    \r\n        #output td.prev_open {\r\n            background-color: #006600;\r\n        }\r\n    \r\n        #output td.open {\r\n            background-color: #00EE00;\r\n        }\r\n        \r\n        #generate_btn {\r\n            padding: 10px 20px;\r\n            border-radius: 5px;\r\n            border: 1px solid black;\r\n        }\r\n    <\/style>\r\n<div>\r\n<div class=\"form_item\">\r\n<label>Radius:<\/label>\r\n<input type=\"text\" id=\"txtRadius\" value=\"6\" \/>\r\n<\/div>\r\n<div class=\"form_item\">\r\n<label>Fill:<\/label>\r\n<input type=\"checkbox\" id=\"chkFill\" value=\"true\" checked=\"\" \/> Either fill the sphere, or calculate which position may be left empty.\r\n<\/div>\r\n<div class=\"form_item\">\r\n<label>Hints:<\/label>\r\n<input type=\"checkbox\" id=\"chkHints\" value=\"true\" checked=\"\" \/> On each layer darken the previous layer to ease building.\r\n<\/div>\r\n<div class=\"form_item\">\r\n<label>Block-align:<\/label>\r\n<input type=\"checkbox\" id=\"chkMiddle\" value=\"true\" \/>\r\n<\/div>\r\n<br>\r\n<input id=\"generate_btn\" type=\"button\" value=\"Generate\" \/>\r\n<\/div>\r\n<br>\r\n<div id=\"blocks-out\"><\/div>\r\n<br>\r\n<div id=\"output\"><\/div>\r\n<script>\r\n        jQuery(document).ready(function () {\r\n           jQuery('#generate_btn').click(function () {\r\n                generate();\r\n            });\r\n        });\r\n        \r\n        generate();\r\n\r\n        function generate() {\r\n            var radius = parseFloat(jQuery('#txtRadius').val());\r\n            var fill = isChecked('chkFill');\r\n            var hints = isChecked('chkHints');\r\n            var middle = isChecked('chkMiddle');\r\n            var blocks = generateBlocks(radius, middle);\r\n\r\n            if (!fill) {\r\n                blocks = purgeBlocks(blocks);\r\n            }\r\n\r\n            printBlocks(blocks, hints);\r\n        }\r\n\r\n        function isChecked(id) {\r\n            return jQuery('#' + id).is(\":checked\");\r\n        }\r\n\r\n        function generateBlocks(radius, middle) {\r\n            var radiusSq = radius * radius;\r\n            var halfSize, size, offset;\r\n\r\n            if (middle) {\r\n                size = (2 * Math.ceil(radius)) + 1;\r\n                offset = Math.floor(size \/ 2);\r\n            } else {\r\n                halfSize = Math.ceil(radius) + 1;\r\n                size = halfSize * 2;\r\n                offset = halfSize - 0.5;\r\n            }\r\n\r\n            function isFull(x, y, z) {\r\n                x -= offset;\r\n                y -= offset;\r\n                z -= offset;\r\n                x *= x;\r\n                y *= y;\r\n                z *= z;\r\n\r\n                return x + y + z < radiusSq;\r\n            }\r\n\r\n            var blocks = [];\r\n\r\n            for (var z = 0; z < size; z++) {\r\n                var slice = blocks[z] = [];\r\n\r\n                for (var x = 0; x < size; x++) {\r\n                    var row = slice[x] = [];\r\n\r\n                    for (var y = 0; y < size; y++) {\r\n                        row[y] = isFull(x, y, z);\r\n                    }\r\n                }\r\n            }\r\n\r\n            return blocks;\r\n        }\r\n\r\n        function purgeBlocks(blocks) {\r\n            var newblocks = [];\r\n\r\n            for (var z = 0; z < blocks.length; z++) {\r\n                var slice = blocks[z];\r\n                var newslice = newblocks[z] = [];\r\n\r\n                for (var x = 0; x < slice.length; x++) {\r\n                    var row = slice[x];\r\n                    var newrow = newslice[x] = [];\r\n\r\n                    for (var y = 0; y < row.length; y++) {\r\n                        newrow[y] = row[y] && (!row[y - 1] || !row[y + 1] || !slice[x - 1][y] || !slice[x + 1][y] || !blocks[z - 1][x][y] || !blocks[z + 1][x][y]);\r\n                    }\r\n                }\r\n            }\r\n\r\n            return newblocks;\r\n        }\r\n\r\n        function printBlocks(blocks, hints) {\r\n            var x, y, z;\r\n            var table, tbody, tr, td, prev, divNeeded, needed = 0;\r\n            var output = jQuery('#output');\r\n\r\n            output.empty();\r\n\r\n            output.append(divNeeded = jQuery('<p>'));\r\n            \/\/output.append($('<div>'));\r\n            var prevslice = blocks[0];\r\n            for (z = 1; z < blocks.length - 1; z++) {\r\n                var slice = blocks[z];\r\n                output.append(table = jQuery('<table>'));\r\n                \/\/output.append($('<div>'));\r\n                table.append(tbody = jQuery('<tbody>'));\r\n\r\n                table.attr('border', 1);\r\n                table.attr('cellpadding', 0);\r\n                table.attr('cellspacing', 0);\r\n\r\n                for (x = 0; x < slice.length; x++) {\r\n                    var row = slice[x];\r\n                    tbody.append(tr = jQuery('<tr>'));\r\n\r\n                    for (y = 0; y < row.length; y++) {\r\n                        tr.append(td = jQuery('<td>'));\r\n                        prev = hints && prevslice[x][y];\r\n\r\n                        if (row[y]) {\r\n                            td.attr('class', prev ? 'prev_full' : 'full');\r\n                            needed++;\r\n                        } else {\r\n                            td.attr('class', prev ? 'prev_empty' : 'empty');\r\n                        }\r\n\r\n                        td.append(jQuery('<div>'));\r\n                    }\r\n                }\r\n\r\n                prevslice = slice;\r\n            }\r\n\r\n            jQuery(\"#blocks-out\").append(\"Blocks needed: \" + needed);\r\n        }\r\n    <\/script>\n\n\n\n<div style=\"height:10px\" aria-hidden=\"true\" class=\"wp-block-spacer\"><\/div>\n\n\n\n<h2 class=\"wp-block-heading\">Minecraft Sfera<\/h2>\n\n\n\n<p>W grach, w kt\u00f3rych wyst\u0119puje Minecraft, kule s\u0105 wykorzystywane do budowy. Buduj\u0105c co\u015b w wirtualnym \u015bwiecie Minecraft, mo\u017cesz zademonstrowa\u0107 swoj\u0105 wiedz\u0119 i zaoszcz\u0119dzi\u0107 ton\u0119 czasu, korzystaj\u0105c z generatora kul Minecraft.<\/p>\n\n\n\n<p>Je\u015bli chcesz gra\u0107 w Minecrafta z krzywymi, b\u0119dziesz musia\u0142 du\u017co \u0107wiczy\u0107, aby zdoby\u0107 atuty nast\u0119pnego poziomu.<\/p>\n\n\n\n<h2 class=\"wp-block-heading\">Minecraft Sphere Maker<\/h2>\n\n\n\n<p>Generator sfer Minecraft s\u0142u\u017cy do tworzenia struktur sferycznych. To pomys\u0142owe narz\u0119dzie mo\u017ce by\u0107 u\u017cywane przez tych, kt\u00f3rzy maj\u0105 pasj\u0119 do budowania i ustalania rzeczy. Program ten, oparty na blokach, umo\u017cliwia tworzenie dowolnych wzor\u00f3w kuli<\/p>\n\n\n\n<p>U\u017cytkownicy tego narz\u0119dzia kontroluj\u0105 bloki i nadaj\u0105 swoim projektom kreatywny wygl\u0105d. Daj\u0105c poj\u0119cie, gdzie nale\u017cy umie\u015bci\u0107 bloki, tw\u00f3rca kuli Minecraft upraszcza zadanie i oszcz\u0119dza czas. Wykorzystuj\u0105c piksele, mo\u017cna metodycznie wykaza\u0107 si\u0119 pomys\u0142owo\u015bci\u0105.<\/p>\n\n\n\n<p>Zezwalamy na korzystanie z ca\u0142ego ekranu, dzi\u0119ki czemu mo\u017cna go wyra\u017aniej ogl\u0105da\u0107. Z pomoc\u0105 naszego narz\u0119dzia mo\u017cesz teraz genialnie konstruowa\u0107 kule i u\u017cywa\u0107 ich gdziekolwiek zechcesz.<\/p>\n\n\n<div class=\"wp-block-image\">\n<figure class=\"aligncenter size-full\"><img loading=\"lazy\" decoding=\"async\" width=\"1000\" height=\"500\" src=\"https:\/\/cpstesters.com\/wp-content\/uploads\/2022\/09\/Minecraft-Sphere-Generator.jpg\" alt=\"Generator kuli Minecraft\" class=\"wp-image-558\" title=\"\" srcset=\"https:\/\/cpstesters.com\/wp-content\/uploads\/2022\/09\/Minecraft-Sphere-Generator.jpg 1000w, https:\/\/cpstesters.com\/wp-content\/uploads\/2022\/09\/Minecraft-Sphere-Generator-300x150.jpg 300w, https:\/\/cpstesters.com\/wp-content\/uploads\/2022\/09\/Minecraft-Sphere-Generator-768x384.jpg 768w\" sizes=\"auto, (max-width: 1000px) 100vw, 1000px\" \/><figcaption class=\"wp-element-caption\">Generator kuli Minecraft<\/figcaption><\/figure>\n<\/div>\n\n\n<h2 class=\"wp-block-heading\">Jak korzysta\u0107 z Minecraft Sphere Generator<\/h2>\n\n\n\n<p>Je\u015bli u\u017cywasz tego narz\u0119dzia po raz pierwszy, procedura b\u0119dzie dla ciebie prosta. Dla Twojej wygody zamie\u015bcili\u015bmy wpis z informacjami, kt\u00f3re mo\u017cesz wykorzysta\u0107, je\u015bli chcesz zrobi\u0107 pust\u0105 kul\u0119. Nale\u017cy stosowa\u0107 si\u0119 do tych instrukcji.<\/p>\n\n\n\n<p>Narz\u0119dzie Minecraft sphere generator jest widoczne w pasku menu. Wystarczy na ni\u0105 stukn\u0105\u0107, a na ekranie pojawi si\u0119 nast\u0119puj\u0105ca strona.<\/p>\n\n\n\n<ul class=\"wp-block-list\">\n<li>Podaj promie\u0144 swojej potrzeby, aby stworzy\u0107 potrzebn\u0105 Ci sfer\u0119. Ten program domy\u015blnie tworzy model o promieniu sze\u015bciu z w\u0142\u0105czonymi zalecanymi opcjami.<\/li>\n\n\n\n<li>U\u017cyj przycisku Hint, aby doda\u0107 czerwone kropki do granic dla wygody, je\u015bli chcesz mie\u0107 wype\u0142nion\u0105 sfer\u0119 w Minecraft.<\/li>\n\n\n\n<li>Wyb\u00f3r bloku pozwala na wyr\u00f3wnanie liczby blok\u00f3w.<\/li>\n\n\n\n<li>Naci\u015bnij jeszcze raz przycisk generate, aby utworzy\u0107 formularz sfery z wykorzystaniem wybranych przed chwil\u0105 ustawie\u0144.<\/li>\n\n\n\n<li>Wida\u0107 te\u017c numer pod opcj\u0105 generowania. Jest to liczba blok\u00f3w wymaganych do stworzenia sfery w Minecraft.<\/li>\n\n\n\n<li>W zale\u017cno\u015bci od preferencji, w ka\u017cdej chwili mo\u017cna zdecydowa\u0107, czy chce si\u0119 powr\u00f3ci\u0107 do menu modelu. Mo\u017cesz u\u017cy\u0107 swojej przegl\u0105darki, aby wr\u00f3ci\u0107.<\/li>\n\n\n\n<li>Ponadto w zestawie znajduje si\u0119 prawy slider, jak wida\u0107. Mo\u017cesz go u\u017cy\u0107 do wy\u015bwietlenia okre\u015blonej warstwy poziomej swojego modelu. Zar\u00f3wno perspektywa 2D jak i 3D mo\u017ce by\u0107 adresowana za pomoc\u0105 prawego suwaka. Tylko w przypadku modelu 3D warstwa ta zostanie pod\u015bwietlona jasnym \u017c\u00f3\u0142tym kolorem.<\/li>\n<\/ul>\n\n\n\n<p>Mo\u017cesz teraz \u0142atwo stworzy\u0107 sw\u00f3j projekt i w\u0142\u0105czy\u0107 go do gry sferycznej Minecraft. Korzystaj\u0105c z narz\u0119dzia generatora sfery pikseli, mo\u017cesz odkry\u0107 wi\u0119cej unikalnych pomys\u0142\u00f3w na budow\u0119.<\/p>\n\n\n\n<p class=\"has-text-align-center has-base-background-color has-background has-medium-font-size\"><em>You Can Also Try Out <a href=\"https:\/\/cpstesters.com\/pl\/?page_id=2936\" target=\"_blank\" rel=\"noreferrer noopener\">Minecraft Circle Generator<\/a>!<\/em><\/p>\n\n\n\n<h2 class=\"wp-block-heading\">Cechy generatora kopu\u0142 Minecraft<\/h2>\n\n\n\n<p>Generator sfery Minecraft to pot\u0119\u017cne narz\u0119dzie stworzone po to, aby pom\u00f3c graczom w tworzeniu niesamowitych sfer i innych obiekt\u00f3w inspirowanych sfer\u0105, takich jak kopu\u0142y, poprzez u\u017cycie generatora kopu\u0142 Minecraft i blat\u00f3w budowlanych, rozszerzaj\u0105c potencja\u0142 sfer Minecraft.<\/p>\n\n\n\n<p>Mimo, \u017ce program ten ma ton\u0119 intryguj\u0105cych mo\u017cliwo\u015bci, my zamie\u015bcimy tutaj wszystkie funkcje, kt\u00f3re s\u0105 niezb\u0119dne do budowania kul Minecrafta:<\/p>\n\n\n\n<ul class=\"wp-block-list\">\n<li>Za pomoc\u0105 tego urz\u0105dzenia do produkcji kul mo\u017cna wytwarza\u0107 formy kuliste o regulowanej wielko\u015bci promienia.<\/li>\n\n\n\n<li>Narz\u0119dzie wytycza w\u0142a\u015bnie ile blok\u00f3w jest potrzebnych do zbudowania swojej idealnej kuli w grze Minecraft.<\/li>\n\n\n\n<li>Masz mo\u017cliwo\u015b\u0107 stworzenia dw\u00f3ch r\u00f3\u017cnych projekt\u00f3w kul, jednego z wyr\u00f3wnanymi blokami i drugiego bez.<\/li>\n\n\n\n<li>Mo\u017cesz wybra\u0107, aby obrysowa\u0107 sfer\u0119 lub pozostawi\u0107 puste miejsce, w oparciu o swoje pragnienie.<\/li>\n<\/ul>\n\n\n\n<h2 class=\"wp-block-heading has-text-align-center\">FAQ&#8217;s<\/h2>\n\n\n\n<h3 class=\"wp-block-heading\"><strong>Jaka jest komenda w Minecrafcie, kt\u00f3ra tworzy wype\u0142nion\u0105 kul\u0119?<\/strong><\/h3>\n\n\n\n<p>Aby bez wysi\u0142ku stworzy\u0107 pe\u0142ne ko\u0142o w Minecraft, u\u017cyj nast\u0119puj\u0105cego polecenia: <strong>Aby stworzy\u0107 wype\u0142nion\u0105 sfer\u0119, wpisz \/sphere<\/strong>.<\/p>\n\n\n\n<h3 class=\"wp-block-heading\"><strong>Kto mo\u017ce korzysta\u0107 z generatora kul Minecraft?<\/strong><\/h3>\n\n\n\n<p>To narz\u0119dzie mo\u017ce by\u0107 u\u017cywane przez osoby posiadaj\u0105ce umiej\u0119tno\u015bci budowlane. Technika ta jest r\u00f3wnie\u017c wykorzystywana przez osoby, kt\u00f3re nie maj\u0105 \u017cadnego do\u015bwiadczenia zwi\u0105zanego z budownictwem, aby zwi\u0119kszy\u0107 sw\u00f3j poziom kreatywno\u015bci. Dzi\u0119ki temu narz\u0119dziu dzieci mog\u0105 eksperymentowa\u0107 z r\u00f3\u017cnymi uk\u0142adami opartymi na blokach. Gracze gry wideo Minecraft wykorzystuj\u0105 to narz\u0119dzie do projektowania budynk\u00f3w.<\/p>\n\n\n\n<p>Inne narz\u0119dzia Minecrafta:<\/p>\n\n\n\n<ul class=\"wp-block-list\">\n<li><a href=\"https:\/\/cpstesters.com\/pl\/generator-czcionek-minecraft-najlepszy-generator-czcionek\/\" target=\"_blank\" rel=\"noreferrer noopener\">Generator czcionek Minecraft<\/a><\/li>\n\n\n\n<li><a href=\"https:\/\/cpstesters.com\/pl\/generator-tytulow-minecraft-zrob-najlepszy-tytul\/\" target=\"_blank\" rel=\"noreferrer noopener\">Generator tytu\u0142\u00f3w Minecraft<\/a><\/li>\n\n\n\n<li><a href=\"https:\/\/cpstesters.com\/pl\/minecraft-command-generator-online-give-command\/\" target=\"_blank\" rel=\"noreferrer noopener\">Generator polece\u0144 Minecraft<\/a><\/li>\n\n\n\n<li><a href=\"https:\/\/cpstesters.com\/pl\/?page_id=2791\" target=\"_blank\" rel=\"noreferrer noopener\">Trener celno\u015bci<\/a><\/li>\n\n\n\n<li><a href=\"https:\/\/cpstesters.com\/pl\/apm-test-actions-per-minute-tracker-for-gaming\/\" target=\"_blank\" rel=\"noreferrer noopener\">Test APM<\/a><\/li>\n<\/ul>\n","protected":false},"excerpt":{"rendered":"<p>Minecraft Sphere Generator to narz\u0119dzie, kt\u00f3re s\u0142u\u017cy do tworzenia kopu\u0142 &amp; sfer pikselowych do rozbudowy krajobraz\u00f3w Minecraft, sprawd\u017a teraz! Minecraft Sfera W grach, w kt\u00f3rych &#8230; <\/p>\n<p class=\"read-more-container\"><a title=\"Generator sfer Minecraft | Generator kopu\u0142y Minecraft\" class=\"read-more button\" href=\"https:\/\/cpstesters.com\/pl\/minecraft-sphere-generator\/#more-3073\" aria-label=\"Dowiedz si\u0119 wi\u0119cej o Generator sfer Minecraft | Generator kopu\u0142y Minecraft\">Read More<\/a><\/p>\n","protected":false},"author":4,"featured_media":1511,"parent":0,"menu_order":0,"comment_status":"closed","ping_status":"closed","template":"","meta":{"footnotes":""},"class_list":["post-3073","page","type-page","status-publish","has-post-thumbnail"],"_links":{"self":[{"href":"https:\/\/cpstesters.com\/pl\/wp-json\/wp\/v2\/pages\/3073","targetHints":{"allow":["GET"]}}],"collection":[{"href":"https:\/\/cpstesters.com\/pl\/wp-json\/wp\/v2\/pages"}],"about":[{"href":"https:\/\/cpstesters.com\/pl\/wp-json\/wp\/v2\/types\/page"}],"author":[{"embeddable":true,"href":"https:\/\/cpstesters.com\/pl\/wp-json\/wp\/v2\/users\/4"}],"replies":[{"embeddable":true,"href":"https:\/\/cpstesters.com\/pl\/wp-json\/wp\/v2\/comments?post=3073"}],"version-history":[{"count":5,"href":"https:\/\/cpstesters.com\/pl\/wp-json\/wp\/v2\/pages\/3073\/revisions"}],"predecessor-version":[{"id":5927,"href":"https:\/\/cpstesters.com\/pl\/wp-json\/wp\/v2\/pages\/3073\/revisions\/5927"}],"wp:featuredmedia":[{"embeddable":true,"href":"https:\/\/cpstesters.com\/pl\/wp-json\/wp\/v2\/media\/1511"}],"wp:attachment":[{"href":"https:\/\/cpstesters.com\/pl\/wp-json\/wp\/v2\/media?parent=3073"}],"curies":[{"name":"wp","href":"https:\/\/api.w.org\/{rel}","templated":true}]}}