{"id":2936,"date":"2024-07-16T14:30:16","date_gmt":"2024-07-16T14:30:16","guid":{"rendered":"https:\/\/cpstesters.com\/generator-okregow-minecraft-zrob-wykres-okregu-walu-online\/"},"modified":"2024-09-17T15:27:35","modified_gmt":"2024-09-17T15:27:35","slug":"generator-okregow-minecraft","status":"publish","type":"page","link":"https:\/\/cpstesters.com\/pl\/generator-okregow-minecraft\/","title":{"rendered":"Generator okr\u0119g\u00f3w Minecraft | Zr\u00f3b wykres okr\u0119gu\/walu online"},"content":{"rendered":"\n<p>Circle Generator to narz\u0119dzie online, kt\u00f3re tworzy pikselowe ko\u0142o lub owal dla Minecrafta, aby u\u0142atwi\u0107 Ci proces, Sprawd\u017a!<\/p>\n\n\n      <style type=\"text\/css\">\r\n         table.circle_output td {\r\n         border-collapse: collapse;\r\n         }\r\n         table.circle_output td {\r\n         border: 1px solid white;\r\n         width: 15px;\r\n         height: 15px;\r\n         }\r\n         .filled {\r\n         background: red;\r\n         }\r\n         .cgy0,\r\n         .cgx0 {\r\n         background: #eee;\r\n         }\r\n         .filled.cgy0,\r\n         .filled.cgx0 {\r\n         background: #808080;\r\n         }\r\n         #height,\r\n         #diameter,\r\n         #scaler {\r\n         width: 150px;\r\n         }\r\n      <\/style>\r\n<div class=\"row\">\r\n\t<div class=\"col-md-4\">\r\n\t<label>Width:<\/label><br>\r\n\t<input tabindex=\"1\" type=\"number\" size=\"5\" id=\"diameter\" value=\"9\" autocomplete=\"off\" autofocus=\"autofocus\">\r\n\t<\/div>\r\n\t<div class=\"col-md-4\">\r\n\t\t<label>Height:<\/label><br>\r\n\t\t<input tabindex=\"2\" type=\"number\" size=\"5\" id=\"height\" value=\"9\" autocomplete=\"off\" autofocus=\"autofocus\"> \r\n\t<\/div>\r\n\t\r\n<\/div>\r\n<br>\r\n<div class=\"row\">\r\n\t<div class=\"col-md-6\">\r\n\t<label>Scale:<\/label><br>\r\n      <input type=\"range\" min=\"50\" max=\"3000\" value=\"720\" id=\"scaler\" data-poly-scale=\".1\" \/>\t\r\n<br>\r\n\t<label><input id=\"linked\" type=\"checkbox\" checked=\"checked\" value=\"1\" \/> Force Circle<\/label> &mdash; Block Count: <span id=\"blockcount\"><\/span><br \/> <br>\r\n      <select id=\"thickness\">\r\n         <option selected=\"selected\">thick<\/option>\r\n         <option>thin<\/option>\r\n         <option>filled<\/option>\r\n      <\/select>\r\n\t<\/div>\r\n<div style=\"margin-left:50px;\" class=\"col-md-6\">\r\n\t<label>Download:<\/label><br>\r\n      <button type=\"button\" id=\"downloadSVG\">SVG<\/button>\r\n      <button type=\"button\" id=\"downloadPNG\">PNG<\/button>\r\n\t<\/div>\r\n<\/div>\r\n   \r\n      <div id=\"result\"><\/div>\r\n\r\n\r\n\r\n\r\n      <script src=\"https:\/\/ajax.googleapis.com\/ajax\/libs\/mootools\/1.3.2\/mootools.js\"><\/script>\r\n      <script src=\"https:\/\/cpstesters.com\/wp-content\/themes\/generatepress\/tools\/assets\/js\/Base64.js\"><\/script>\r\n\r\n      <script src=\"https:\/\/cpstesters.com\/wp-content\/themes\/generatepress\/tools\/assets\/js\/svg.js\"><\/script>\r\n      <script src=\"https:\/\/cpstesters.com\/wp-content\/themes\/generatepress\/tools\/assets\/js\/table.js\"><\/script>\r\n\r\n      <script src=\"https:\/\/cpstesters.com\/wp-content\/themes\/generatepress\/tools\/assets\/js\/FileSaver.js\"><\/script>\r\n      <script src=\"https:\/\/cpstesters.com\/wp-content\/themes\/generatepress\/tools\/assets\/js\/generator.js\"><\/script>\n\n\n\n<div style=\"height:5px\" aria-hidden=\"true\" class=\"wp-block-spacer\"><\/div>\n\n\n\n<h2 class=\"wp-block-heading\">Minecraft Generator K\u00f3\u0142ek  <\/h2>\n\n\n\n<p>Mo\u017cesz wykorzysta\u0107 ko\u0142o Minecraft jako profil do tworzenia r\u00f3\u017cnych obiekt\u00f3w, takich jak domy, wie\u017ce, struktury i inne. Okr\u0105g w Minecraft to kszta\u0142t, kt\u00f3ry mo\u017ce by\u0107 u\u017cyty do tworzenia wie\u017c, struktur i innych obiekt\u00f3w w grze.<\/p>\n\n\n\n<p>Mo\u017cesz stworzy\u0107 kr\u0119gi dla swojej podr\u00f3\u017cy w grze Minecraft, korzystaj\u0105c z naszego narz\u0119dzia generatora owalu. Mo\u017cesz zapisa\u0107 obraz swojego ko\u0142a (SVG &amp; PNG). Nasze narz\u0119dzie generatora pikseli mo\u017ce pom\u00f3c w tworzeniu k\u00f3\u0142, owali i sfer, kt\u00f3re s\u0105 odpowiednie do rozmiaru.<\/p>\n\n\n\n<p>W Minecraft istnieje kilka sposob\u00f3w na zrobienie wykresu ko\u0142a pikseli. Za pomoc\u0105 pojedynczego piksela mo\u017cesz stworzy\u0107 prosty pixel art, korzystaj\u0105c z generatora pixel art\u00f3w World of Minecraft.<\/p>\n\n\n\n<p>W stylu retro, w technice pixel-art, tworzony jest za pomoc\u0105 generatora okr\u0119g\u00f3w. Dodatkowo, u\u017cywaj\u0105c generatora pixelowych okr\u0119g\u00f3w lub circle makera, mo\u017cesz stworzy\u0107 cokolwiek w formie ko\u0142a.<\/p>\n\n\n<div class=\"wp-block-image\">\n<figure class=\"aligncenter size-full\"><img loading=\"lazy\" decoding=\"async\" width=\"1000\" height=\"500\" src=\"https:\/\/cpstesters.com\/wp-content\/uploads\/2022\/09\/Minecraft-Circle-Generator.jpg\" alt=\"Minecraft Generator K\u00f3\u0142ek\" class=\"wp-image-554\" title=\"\" srcset=\"https:\/\/cpstesters.com\/wp-content\/uploads\/2022\/09\/Minecraft-Circle-Generator.jpg 1000w, https:\/\/cpstesters.com\/wp-content\/uploads\/2022\/09\/Minecraft-Circle-Generator-300x150.jpg 300w, https:\/\/cpstesters.com\/wp-content\/uploads\/2022\/09\/Minecraft-Circle-Generator-768x384.jpg 768w\" sizes=\"auto, (max-width: 1000px) 100vw, 1000px\" \/><figcaption class=\"wp-element-caption\">Minecraft Generator K\u00f3\u0142ek<\/figcaption><\/figure>\n<\/div>\n\n\n<h2 class=\"wp-block-heading\">Jak korzysta\u0107 z Circle Chart Minecraft?<\/h2>\n\n\n\n<p>Zamiast zaczyna\u0107 od wewn\u0119trznego &#8220;rusztowania&#8221;, wykresy ko\u0142owe s\u0105 obrazami orientacyjnymi, kt\u00f3rych mo\u017cesz u\u017cy\u0107, aby szybko zrozumie\u0107, gdzie dok\u0142adnie musisz umie\u015bci\u0107 swoje bloki. Wystarczy skorzysta\u0107 ze zdj\u0119cia referencyjnego jako przewodnika i wyszuka\u0107 potrzebn\u0105 szeroko\u015b\u0107.<\/p>\n\n\n\n<p>Wad\u0105 wykresu ko\u0142owego jest to, \u017ce poniewa\u017c s\u0105 one sta\u0142\u0105 grafik\u0105, trudniej jest zmieni\u0107 jeden do swoich wymaga\u0144, je\u015bli chcesz co\u015b unikalnego dla swojej budowy.<\/p>\n\n\n\n<p>Wymiary mo\u017cna obliczy\u0107 znacznie szybciej, je\u015bli wida\u0107 dok\u0142adnie, jak d\u0142uga musi by\u0107 ka\u017cda kraw\u0119d\u017a.<\/p>\n\n\n\n<p class=\"has-text-align-center has-base-background-color has-background has-medium-font-size\"><em>Mo\u017cesz r\u00f3wnie\u017c spr\u00f3bowa\u0107 naszego narz\u0119dzia <a href=\"https:\/\/cpstesters.com\/pl\/minecraft-sphere-generator-minecraft-dome-generator\/\" target=\"_blank\" rel=\"noreferrer noopener\">Minecraft Sphere Generator<\/a>!<\/em><\/p>\n\n\n\n<h2 class=\"wp-block-heading\">Jak zbudowa\u0107 pikselowy kr\u0105g od podstaw<\/h2>\n\n\n\n<p>\u015arednica, kt\u00f3r\u0105 chcesz dla ko\u0142a, musi by\u0107 pierwsz\u0105 rzecz\u0105, kt\u00f3r\u0105 musisz wiedzie\u0107. Kluczowe jest, aby pami\u0119ta\u0107, \u017ce im mniej okr\u0105g\u0142y obraz mo\u017cna stworzy\u0107, tym mniejsza musi by\u0107 forma.<\/p>\n\n\n\n<p>Szersze ko\u0142o pozwala na bardziej stopniowe dopasowanie granic, wytwarzaj\u0105c znacznie bardziej atrakcyjny wygl\u0105d. Przyjrzymy si\u0119 przyk\u0142adowi dla ka\u017cdego z nich, aby\u015b m\u00f3g\u0142 zobaczy\u0107, jak r\u00f3\u017cni si\u0119 procedura w zale\u017cno\u015bci od tego, czy chcesz uzyska\u0107 nieparzyst\u0105 czy parzyst\u0105 szeroko\u015b\u0107.<\/p>\n\n\n\n<h2 class=\"wp-block-heading\">Kroki do stworzenia idealnego kr\u0119gu Minecraft<\/h2>\n\n\n\n<p>Mo\u017cesz tworzy\u0107 idealne okr\u0119gi w Minecraft dzi\u0119ki dost\u0119pnemu na stronie darmowemu kreatorowi okr\u0119g\u00f3w. To pomo\u017ce Ci w tworzeniu r\u00f3\u017cnych obiekt\u00f3w w Minecraft.<\/p>\n\n\n\n<p>W tej sytuacji chcesz zrobi\u0107 najlepsze i najbardziej idealne ko\u0142o. Przestrzegaj zalece\u0144, kt\u00f3re przedstawili\u015bmy poni\u017cej:<\/p>\n\n\n\n<ul class=\"wp-block-list\">\n<li>Najpierw nale\u017cy wybra\u0107 liczb\u0119 blok\u00f3w w kierunku szeroko\u015bci, a nast\u0119pnie wybra\u0107 liczb\u0119 blok\u00f3w w kierunku wysoko\u015bci.<\/li>\n\n\n\n<li>Je\u015bli chcesz tylko skonstruowa\u0107 okr\u0105g, musisz wtedy wybra\u0107 opcj\u0119 &#8220;Force Circle&#8221;. Wybieraj\u0105c t\u0119 opcj\u0119, automatycznie umo\u017cliwi ustawienie dok\u0142adnej liczby kolumn lub blok\u00f3w zar\u00f3wno dla wymiaru poziomego, jak i pionowego, potrzebnych do uzyskania idealnego ko\u0142a.<\/li>\n\n\n\n<li>Wyb\u00f3r &#8220;Block Count&#8221; poka\u017ce, ile blok\u00f3w zosta\u0142o wykorzystanych do wykonania tego okr\u0119gu.<\/li>\n\n\n\n<li>Mo\u017cesz skalowa\u0107 rozmiar swojego okr\u0119gu w zale\u017cno\u015bci od potrzeb, korzystaj\u0105c z opcji &#8220;Scale&#8221;. Dodatkowo jest do\u015b\u0107 prosty w u\u017cyciu, aby powi\u0119kszy\u0107 i zmniejszy\u0107 sw\u00f3j kr\u0105g.<\/li>\n\n\n\n<li>Kiedy wszystko jest ustawione i Tw\u00f3j kr\u0105g jest gotowy, mo\u017cesz go pobra\u0107 jako zdj\u0119cie (SVG &amp; PNG).<\/li>\n<\/ul>\n\n\n<div class=\"wp-block-image\">\n<figure class=\"aligncenter size-full\"><img loading=\"lazy\" decoding=\"async\" width=\"1000\" height=\"500\" src=\"https:\/\/cpstesters.com\/wp-content\/uploads\/2022\/09\/Features-of-Minecraft-Circle-Generator-Tool.jpg\" alt=\"Cechy Generatora Kr\u0119g\u00f3w Pikselowych\" class=\"wp-image-555\" title=\"\" srcset=\"https:\/\/cpstesters.com\/wp-content\/uploads\/2022\/09\/Features-of-Minecraft-Circle-Generator-Tool.jpg 1000w, https:\/\/cpstesters.com\/wp-content\/uploads\/2022\/09\/Features-of-Minecraft-Circle-Generator-Tool-300x150.jpg 300w, https:\/\/cpstesters.com\/wp-content\/uploads\/2022\/09\/Features-of-Minecraft-Circle-Generator-Tool-768x384.jpg 768w\" sizes=\"auto, (max-width: 1000px) 100vw, 1000px\" \/><figcaption class=\"wp-element-caption\">Cechy Generatora Kr\u0119g\u00f3w Pikselowych<\/figcaption><\/figure>\n<\/div>\n\n\n<h2 class=\"wp-block-heading\">Cechy Generatora Kr\u0119g\u00f3w Pikselowych<\/h2>\n\n\n\n<p>Mo\u017cesz tworzy\u0107 nieskazitelne kr\u0119gi w Minecraft za pomoc\u0105 dost\u0119pnego na stronie darmowego kreatora kr\u0119g\u00f3w. To pomo\u017ce Ci w tworzeniu r\u00f3\u017cnych obiekt\u00f3w w Minecraft.<\/p>\n\n\n\n<p>Cechy i w\u0142a\u015bciwo\u015bci, kt\u00f3re otrzymasz od tego narz\u0119dzia generatora pikseli ko\u0142a s\u0105 wymienione poni\u017cej.<\/p>\n\n\n\n<ul class=\"wp-block-list\">\n<li>Z narz\u0119dzia mo\u017cna korzysta\u0107 na urz\u0105dzeniach typu smartfon, bez konieczno\u015bci posiadania komputera, laptopa czy telefonu kom\u00f3rkowego, edytowa\u0107 ko\u0142o wed\u0142ug w\u0142asnych potrzeb, a nast\u0119pnie pobra\u0107 je za darmo.<\/li>\n\n\n\n<li>W Minecrafcie mo\u017cna stworzy\u0107 okr\u0105g, kt\u00f3ry ma w\u0105ski obw\u00f3d i nie ma w \u015brodku tekstu.<\/li>\n\n\n\n<li>Nasze narz\u0119dzie generatora okr\u0119g\u00f3w pozwala r\u00f3wnie\u017c tworzy\u0107 swoje okr\u0119gi, dostosowuj\u0105c wysoko\u015b\u0107 i szeroko\u015b\u0107 do swoich potrzeb.<\/li>\n\n\n\n<li>Mo\u017cesz szybko przeskalowa\u0107 obraz do rozmiaru 3x, 10x lub 50x jego oryginalnego rozmiaru. Tam dostaniesz wyb\u00f3r.<\/li>\n\n\n\n<li>U\u017cyj opcji force circle, aby przekszta\u0142ci\u0107 go w okr\u0105g, je\u015bli potrzebujesz idealnego ko\u0142a, ale nie jeste\u015b zadowolony z tego, kt\u00f3re jest generowane z jakiegokolwiek powodu. Jest to \u0142atwe do wykonania. Wystarczy klikn\u0105\u0107 ikon\u0119 zaznaczenia ko\u0142a si\u0142. I to wszystko.<\/li>\n<\/ul>\n\n\n\n<h2 class=\"wp-block-heading\">Jak zrobi\u0107 Perfect Circle w Minecraft?<\/h2>\n\n\n\n<p>W vanilla Minecraft nie da si\u0119 stworzy\u0107 konstrukcji o idealnym okr\u0119gu i dowolnym rozmiarze. Istniej\u0105 mody do gry, kt\u00f3re pozwalaj\u0105 graczom tworzy\u0107 idealne kr\u0119gi, ale nale\u017cy uwa\u017ca\u0107 na to, co si\u0119 pobiera, aby nie zainfekowa\u0107 maszyny wirusami.<\/p>\n\n\n\n<p>Uk\u0142adaj\u0105c klocki w grze w mniej wi\u0119cej okr\u0105g\u0142e wzory, nadal mo\u017cna z \u0142atwo\u015bci\u0105 tworzy\u0107 przybli\u017cone okr\u0119gi. Istniej\u0105 r\u00f3\u017cne sposoby, aby to osi\u0105gn\u0105\u0107, ale najprostszym jest uzyskanie szablonu dla ko\u0142a Minecraft za pomoc\u0105 dowolnego generatora pikseli.<\/p>\n\n\n\n<h2 class=\"wp-block-heading has-text-align-center\">FAQ&#8217;s<\/h2>\n\n\n\n<h3 class=\"wp-block-heading\"><strong>Czym jest generator k\u00f3\u0142ek do Minecrafta?<\/strong><\/h3>\n\n\n\n<p>Mo\u017cesz tworzy\u0107 okr\u0119gi i elipsy w Minecraft za pomoc\u0105 generatora okr\u0119g\u00f3w. Umo\u017cliwiaj\u0105 zr\u00f3\u017cnicowanie grubo\u015bci, szeroko\u015bci i wysoko\u015bci.<\/p>\n\n\n\n<h3 class=\"wp-block-heading\"><strong>Jak znale\u017a\u0107 ko\u0142o w Minecraft?<\/strong><\/h3>\n\n\n\n<p>Mo\u017cesz teraz tworzy\u0107 okr\u0119gi i \u0142uki w Minecraft, pami\u0119taj tylko, \u017ce \u0142adniej b\u0119dzie wygl\u0105da\u0107 wi\u0119ksza kopu\u0142a. Musisz wprowadzi\u0107 wz\u00f3r x2+y2=r2, gdzie r jest po\u017c\u0105danym promieniem dla twojego ko\u0142a lub kopu\u0142y.<\/p>\n\n\n\n<h3 class=\"wp-block-heading\"><strong>Jak zrobi\u0107 dobre k\u00f3\u0142ko pikselowe?<\/strong><\/h3>\n\n\n\n<p>Istnieje wiele sposob\u00f3w na wykonanie wykresu ko\u0142a pikseli w Minecraft. Poprzez fuzj\u0119 pojedynczych pikseli mo\u017cesz stworzy\u0107 prosty pixel art za pomoc\u0105 generatora pixel artu Minecraft. Aby stworzy\u0107 pixel art w stylu retro, wykorzystaj generator pixelowych k\u00f3\u0142ek.<\/p>\n\n\n\n<h3 class=\"wp-block-heading\"><strong>Czym jest pixel art w Minecraft?<\/strong><\/h3>\n\n\n\n<p>Jest to dzie\u0142o sztuki stworzone w Minecraft za pomoc\u0105 pikseli. Ten sam pixel art jest wykorzystywany r\u00f3wnie\u017c w kilku innych grach. M\u00f3wi\u0105c pro\u015bciej, pixel art jest wykorzystywany do nadania grom estetyki retro (wygl\u0105d, kt\u00f3ry zawiera mod\u0119, pomys\u0142y, styl \u017cycia i inne elementy).<\/p>\n\n\n\n<p>Some Tools of Minecraft That You May Like:<\/p>\n\n\n\n<ul class=\"wp-block-list\">\n<li><a href=\"https:\/\/cpstesters.com\/pl\/generator-czcionek-minecraft-najlepszy-generator-czcionek\/\" target=\"_blank\" rel=\"noreferrer noopener\">Generator czcionek Minecraft<\/a><\/li>\n\n\n\n<li><a href=\"https:\/\/cpstesters.com\/pl\/generator-tytulow-minecraft-zrob-najlepszy-tytul\/\" target=\"_blank\" rel=\"noreferrer noopener\">Generator tytu\u0142\u00f3w Minecraft<\/a><\/li>\n\n\n\n<li><a href=\"https:\/\/cpstesters.com\/pl\/minecraft-command-generator-online-give-command\/\" target=\"_blank\" rel=\"noreferrer noopener\">Generator polece\u0144 Minecraft<\/a><\/li>\n\n\n\n<li><a href=\"https:\/\/cpstesters.com\/pl\/minecraft-sphere-generator-minecraft-dome-generator\/\" target=\"_blank\" rel=\"noreferrer noopener\">Generator kuli Minecraft<\/a><\/li>\n\n\n\n<li><a href=\"https:\/\/cpstesters.com\/pl\/\" target=\"_blank\" rel=\"noreferrer noopener\">Tester CPS<\/a><\/li>\n\n\n\n<li><a href=\"https:\/\/cpstesters.com\/pl\/apm-test-actions-per-minute-tracker-for-gaming\/\" target=\"_blank\" rel=\"noreferrer noopener\">Test dzia\u0142a\u0144 na minut\u0119<\/a><\/li>\n<\/ul>\n","protected":false},"excerpt":{"rendered":"<p>Circle Generator to narz\u0119dzie online, kt\u00f3re tworzy pikselowe ko\u0142o lub owal dla Minecrafta, aby u\u0142atwi\u0107 Ci proces, Sprawd\u017a! Minecraft Generator K\u00f3\u0142ek Mo\u017cesz wykorzysta\u0107 ko\u0142o Minecraft &#8230; <\/p>\n<p class=\"read-more-container\"><a title=\"Generator okr\u0119g\u00f3w Minecraft | Zr\u00f3b wykres okr\u0119gu\/walu online\" class=\"read-more button\" href=\"https:\/\/cpstesters.com\/pl\/generator-okregow-minecraft\/#more-2936\" aria-label=\"Dowiedz si\u0119 wi\u0119cej o Generator okr\u0119g\u00f3w Minecraft | Zr\u00f3b wykres okr\u0119gu\/walu online\">Read More<\/a><\/p>\n","protected":false},"author":4,"featured_media":1487,"parent":0,"menu_order":0,"comment_status":"closed","ping_status":"closed","template":"","meta":{"footnotes":""},"class_list":["post-2936","page","type-page","status-publish","has-post-thumbnail"],"_links":{"self":[{"href":"https:\/\/cpstesters.com\/pl\/wp-json\/wp\/v2\/pages\/2936","targetHints":{"allow":["GET"]}}],"collection":[{"href":"https:\/\/cpstesters.com\/pl\/wp-json\/wp\/v2\/pages"}],"about":[{"href":"https:\/\/cpstesters.com\/pl\/wp-json\/wp\/v2\/types\/page"}],"author":[{"embeddable":true,"href":"https:\/\/cpstesters.com\/pl\/wp-json\/wp\/v2\/users\/4"}],"replies":[{"embeddable":true,"href":"https:\/\/cpstesters.com\/pl\/wp-json\/wp\/v2\/comments?post=2936"}],"version-history":[{"count":4,"href":"https:\/\/cpstesters.com\/pl\/wp-json\/wp\/v2\/pages\/2936\/revisions"}],"predecessor-version":[{"id":4656,"href":"https:\/\/cpstesters.com\/pl\/wp-json\/wp\/v2\/pages\/2936\/revisions\/4656"}],"wp:featuredmedia":[{"embeddable":true,"href":"https:\/\/cpstesters.com\/pl\/wp-json\/wp\/v2\/media\/1487"}],"wp:attachment":[{"href":"https:\/\/cpstesters.com\/pl\/wp-json\/wp\/v2\/media?parent=2936"}],"curies":[{"name":"wp","href":"https:\/\/api.w.org\/{rel}","templated":true}]}}