{"id":2932,"date":"2024-07-16T14:18:01","date_gmt":"2024-07-16T14:18:01","guid":{"rendered":"https:\/\/cpstesters.com\/mouse-rate-checker-polling-rate-hz-test-online\/"},"modified":"2024-09-17T15:52:38","modified_gmt":"2024-09-17T15:52:38","slug":"mouse-rate-checker","status":"publish","type":"page","link":"https:\/\/cpstesters.com\/pl\/mouse-rate-checker\/","title":{"rendered":"Sprawdzanie cz\u0119stotliwo\u015bci myszy | Test cz\u0119stotliwo\u015bci odpytywania Hz online"},"content":{"rendered":"\n<p>Mouse Rate Checker to narz\u0119dzie online dla u\u017cytkownik\u00f3w do sprawdzania ich polling rate w hercach i testowania myszy, wypr\u00f3buj go teraz!<\/p>\n\n\n<style type=\"text\/css\">\r\n    #rate-container{\r\n        padding: 15px;\r\n        background: #fff;\r\n        position: relative;\r\n        \r\n        user-select: none;\r\n    }\r\n    #rate-checker{\r\n        width:100%;\r\n        padding:10px;\r\n\r\n\t\t\r\n    }\r\n    \r\n    #rate-numbers{\r\n\t\tfont-size:2em;\r\n        text-align:center;\r\n        font-weight:bold;\r\n        padding:auto;\r\n        margin:auto;\r\n        width:100%;\r\n        height:50px;\r\n        margin-top: 20px;\r\n        font-size:  1.8em;\r\n\t\tcolor: black;\r\n    }\r\n\r\n    #rate-console{\r\n        width: 80%;\r\n        text-align: center;\r\n        height:250px;\r\n\t\tpadding: 10px;\r\n\t\tmargin: 0 auto;\r\n        resize: none;\r\n\t\tcolor: #03fc07;\r\n        border:3px solid #03fc07;\r\n        border-top: none; \r\n        font-size: 1.2em;\r\n        overflow-y: scroll;\r\n        overflow-x: hidden;\r\n        outline: none;\r\n        cursor: default;\r\n\t\tbackground: #111;\r\n    }\r\n\t\r\n#start-stop, #reset {\r\n\t position: relative;\r\ncursor:pointer;\r\n  display: block;\r\n  margin: 10px auto;\r\n\r\n  overflow: hidden;\r\n\r\n  border-width: 0;\r\n  outline: none;\r\n  border-radius: 5px;\r\n  max-width: 480px;\r\n  min-width: 240px;\r\n  background-color: #F2601D;\r\n  color: #fff !important;\r\n  text-align: center;\r\n\r\n  transition: background-color .3s;\r\n}\r\n\r\n#start-stop:hover, #start-stop:focus, #reset:hover, #reset:focus {\r\n  background-color: #F2601D;\r\n}\r\n\r\n#start-stop, #reset > * {\r\n  position: relative;\r\n}\r\n\r\n#start-stop span, #reset span {\r\n  display: block;\r\n  padding: 12px 24px;\r\n}\r\n\r\n#start-stop:before, #reset:before {\r\n  \r\n  content:'';\r\n  position: absolute;\r\n  top: 50%;\r\n  left: 50%;\r\n  \r\n  display: block;\r\n  width: 0;\r\n  padding-top: 0;\r\n    \r\n  border-radius: 100%;\r\n  \r\n  background-color: rgba(236, 240, 241, .3);\r\n  \r\n  -webkit-transform: translate(-50%, -50%);\r\n  -moz-transform: translate(-50%, -50%);\r\n  -ms-transform: translate(-50%, -50%);\r\n  -o-transform: translate(-50%, -50%);\r\n  transform: translate(-50%, -50%);\r\n}\r\n\r\n#start-stop:active:before, #reset:active:before {\r\n  width: 120%;\r\n  padding-top: 120%;\r\n  \r\n  transition: width .2s ease-out, padding-top .2s ease-out;\r\n}\r\n\r\ntextarea {\r\ndisplay: block;\r\nmargin-left:auto;\r\nmargin-right:auto;\r\n\r\n}\r\n   \r\n    <\/style> \r\n\r\n<div id=\"rate-container\">\r\n   <div id=\"rate-checker\">\r\n      <div id=\"rate-numbers\">\r\n         <p>Average: <span id=\"rate-avg\">0<\/span> Hz, maximum: <span id=\"rate-max\">0<\/span> Hz<\/p>\r\n      <\/div>\r\n   <\/div>\r\n   <div id=\"start-stop\"><span>Click to Start<\/span><\/div>\r\n   <div class=\"rows\">\r\n      <div class=\"col\"><textarea id=\"rate-console\" readonly=\"\"><\/textarea><\/div>\r\n      <button id=\"reset\"><span>Reset<\/span><\/button>\r\n   <\/div>\r\n<\/div>\r\n\r\n\r\n\r\n\r\n<script>\r\n  var fps = 5;\r\nvar count = 0;\r\nvar tick = 0;\r\nvar totalMoves = 0;\r\nvar maxValue = 0;\r\nvar timer = null;\r\n\r\nfunction updateCount() {\r\n    tick++;\r\n    totalMoves += count;\r\n    var value = (count * fps);\r\n    jQuery('#rate-console').append(value + 'HZ\\n');\r\n    var psconsole = jQuery('#rate-console');\r\n    if (psconsole.length)\r\n        psconsole.scrollTop(psconsole[0].scrollHeight - psconsole.height());\r\n    var avgValue = Math.ceil((fps * totalMoves) \/ tick);\r\n    if (value > maxValue)\r\n        maxValue = value;\r\n    jQuery('#rate-avg').html(avgValue);\r\n    jQuery('#rate-max').html(maxValue);\r\n    count = 0;\r\n    if (tick > 3 * fps) {\r\n        tick = 0;\r\n        totalMoves = 0;\r\n    }\r\n}\r\n\r\nfunction valloop(bas) {\r\n    var event = 'getCoalescedEvents' in bas ? bas.getCoalescedEvents() : [bas];\r\n    for (e in event) {\r\n        count++;\r\n    }\r\n}\r\n\r\nfunction checkRate() {\r\n    count = 0;\r\n    tick = 0;\r\n    totalMoves = 0;\r\n    if (timer) {\r\n        clearInterval(timer);\r\n        document.removeEventListener('pointermove', valloop);\r\n        timer = null;\r\n        jQuery('#start-stop').html('<span>Click to Start<\/span>');\r\n    } else {\r\n        document.addEventListener('pointermove', valloop);\r\n        if (timer) {\r\n            clearInterval(timer);\r\n        }\r\n        timer = setInterval(updateCount, 1000 \/ fps);\r\n        jQuery('#start-stop').html('<span>Click to Stop<\/span>');\r\n    }\r\n}\r\njQuery(function() {\r\n    jQuery(\"#start-stop\").click(checkRate);\r\n    jQuery(\"#reset\").click(function() {\r\n        location.reload();\r\n    });\r\n});\r\n<\/script>\r\n\n\n\n\n<div style=\"height:5px\" aria-hidden=\"true\" class=\"wp-block-spacer\"><\/div>\n\n\n\n<h2 class=\"wp-block-heading\">Mouse Rate Checker<\/h2>\n\n\n\n<p>Poniewa\u017c szacuje on cz\u0119stotliwo\u015b\u0107 pollingu w Hz, narz\u0119dzie Rate Checker jest czasami znane jako Mouse Hz Checker. Liczy on ile razy myszka wysy\u0142a informacje do komputera i ocenia je w Hz.  <\/p>\n\n\n\n<h2 class=\"wp-block-heading\">Test szybko\u015bci pollingu myszy<\/h2>\n\n\n\n<p>Cz\u0119stotliwo\u015b\u0107, z jak\u0105 mysz powiadamia po\u0142\u0105czony komputer o swoim po\u0142o\u017ceniu, nazywana jest cz\u0119stotliwo\u015bci\u0105 pollingu. Cz\u0119stotliwo\u015b\u0107 pollingu mo\u017ce by\u0107 wyra\u017cona w Hz lub TPS.<\/p>\n\n\n\n<p>Musisz by\u0107 \u015bwiadomy, jak kluczowa jest szybko\u015b\u0107 pollingu myszy, je\u015bli lubisz gra\u0107 w gry wideo. Za\u0142\u00f3\u017cmy scenariusz, w kt\u00f3rym masz tylko jedn\u0105 sekund\u0119, aby strzeli\u0107 lub uderzy\u0107 rywala, ale tw\u00f3j wska\u017anik pollingu myszy jest niski.<\/p>\n\n\n\n<p>Wtedy jest ca\u0142kiem mo\u017cliwe, \u017ce przegrasz mecz, a rywal strzeli szybciej od ciebie. Nale\u017cy pami\u0119ta\u0107, \u017ce im wi\u0119ksza cz\u0119stotliwo\u015b\u0107 polling rate, tym cz\u0119\u015bciej mysz b\u0119dzie komunikowa\u0107 si\u0119 ze swoim miejscem na komputerze.<\/p>\n\n\n\n<p>Chocia\u017c wi\u0119ksze spolszczenia s\u0105 zalet\u0105 dla gier i s\u0105 zazwyczaj preferowane przez graczy. Na maszynach low-end mo\u017ce to czasami powodowa\u0107 problemy, poniewa\u017c cz\u0119\u015bciej raportujesz i utrzymujesz sw\u00f3j system zaj\u0119ty.<\/p>\n\n\n\n<h2 class=\"wp-block-heading\">Co to jest dobry wska\u017anik sonda\u017cowy?<\/h2>\n\n\n\n<p>W grach, w kt\u00f3rych szybko poruszasz myszk\u0105, numer polling rate jest bardzo wa\u017cny. Dla wi\u0119kszo\u015bci ludzi 500 Hz jest odpowiednie i wystarczaj\u0105ce do tej funkcji. Profesjonali\u015bci i bardziej do\u015bwiadczeni gracze mog\u0105 jednak preferowa\u0107 myszy o wsp\u00f3\u0142czynniku pollingu 1000 lub wi\u0119kszym.<\/p>\n\n\n<div class=\"wp-block-image\">\n<figure class=\"aligncenter size-full\"><img loading=\"lazy\" decoding=\"async\" width=\"1000\" height=\"500\" src=\"https:\/\/cpstesters.com\/wp-content\/uploads\/2022\/09\/Mouse-checker.jpg\" alt=\"Mouse Rate Checker\" class=\"wp-image-548\" title=\"\" srcset=\"https:\/\/cpstesters.com\/wp-content\/uploads\/2022\/09\/Mouse-checker.jpg 1000w, https:\/\/cpstesters.com\/wp-content\/uploads\/2022\/09\/Mouse-checker-300x150.jpg 300w, https:\/\/cpstesters.com\/wp-content\/uploads\/2022\/09\/Mouse-checker-768x384.jpg 768w\" sizes=\"auto, (max-width: 1000px) 100vw, 1000px\" \/><figcaption class=\"wp-element-caption\">Mouse Rate Checker<\/figcaption><\/figure>\n<\/div>\n\n\n<p>Nie ma du\u017cej r\u00f3\u017cnicy pomi\u0119dzy tymi dwoma: Czas raportu myszy 1000 Hz wynosi 1 milisekund\u0119, natomiast myszy 500 Hz &#8211; 2 milisekundy. Pomy\u015bl o 1ms op\u00f3\u017anienia jako o 1ms wi\u0119kszy ping, kt\u00f3ry nie wp\u0142ynie znacz\u0105co na twoje do\u015bwiadczenie w grze. Myszka 500Hz b\u0119dzie te\u017c g\u0142adsza w dotyku. Wybierz odpowiednio.<\/p>\n\n\n\n<p class=\"has-text-align-center has-base-background-color has-background has-medium-font-size\"><em>Mo\u017cesz r\u00f3wnie\u017c sprawdzi\u0107 nasz <a href=\"https:\/\/cpstesters.com\/pl\/test-przewijania-myszy\/\" target=\"_blank\" rel=\"noreferrer noopener\">test przewijania myszy<\/a><\/em><\/p>\n\n\n\n<h2 class=\"wp-block-heading\">Kroki do u\u017cycia narz\u0119dzia Mouse Rate Checker<\/h2>\n\n\n\n<p>Mimo \u017ce wykonanie testu szybko\u015bci pollingu myszy jest proste, zawsze warto przeczyta\u0107 instrukcj\u0119 przed rozpocz\u0119ciem jakiegokolwiek testu.<\/p>\n\n\n\n<ul class=\"wp-block-list\">\n<li>Narz\u0119dzie posiada przycisk startowy, kt\u00f3ry po naci\u015bni\u0119ciu powoduje wy\u015bwietlenie cz\u0119stotliwo\u015bci pollingu myszy w hercach (HZ).<\/li>\n\n\n\n<li>Nad przyciskiem startowym mo\u017cna wy\u015bwietli\u0107 maksymaln\u0105 i \u015bredni\u0105 cz\u0119stotliwo\u015b\u0107 pollingu. Stosowane b\u0119d\u0105 stawki w czasie rzeczywistym.<\/li>\n\n\n\n<li>Po naci\u015bni\u0119ciu przycisku stop, proces zostanie natychmiast zako\u0144czony.<\/li>\n\n\n\n<li>Teraz mo\u017cesz szybko sprawdzi\u0107 swoje zarejestrowane stawki HZ.<\/li>\n\n\n\n<li>Mo\u017cesz go szybko zrestartowa\u0107, je\u015bli zarejestrowane tempo Ci\u0119 nie zadowoli.<\/li>\n<\/ul>\n\n\n\n<h2 class=\"wp-block-heading\">Cechy testu Polling Rate<\/h2>\n\n\n\n<p>Nasz test jest do\u015b\u0107 podstawowy i prosty w obs\u0142udze, podobnie jak inne testy na naszej stronie.<\/p>\n\n\n\n<p>Ten test ma proste, a zarazem fascynuj\u0105ce cechy, kt\u00f3re pomog\u0105 Ci bez trudu uko\u0144czy\u0107 prac\u0119. Poni\u017cej przedstawiono niekt\u00f3re z kluczowych cech tego testu:<\/p>\n\n\n\n<ul class=\"wp-block-list\">\n<li>Bez pobierania \u017cadnego skomplikowanego oprogramowania mo\u017cesz natychmiast przetestowa\u0107 online polling rate swojej myszy i touchpada.<\/li>\n\n\n\n<li>Wyniki testu s\u0105 zwi\u0119z\u0142e i na temat, co pozwala na wykorzystanie informacji do modyfikacji polling rate urz\u0105dzenia do swoich potrzeb.<\/li>\n\n\n\n<li>W tym te\u015bcie cz\u0119stotliwo\u015b\u0107 pollingu jest okre\u015blana ilo\u015bciowo i podawana w hercach (Hz). Test ten znany jest r\u00f3wnie\u017c jako test myszki herszta<\/li>\n<\/ul>\n\n\n\n<h2 class=\"wp-block-heading has-text-align-center\">FAQ&#8217;s<\/h2>\n\n\n\n<h3 class=\"wp-block-heading\"><strong>Jak sprawdzi\u0107 Hz mojej myszy?<\/strong><\/h3>\n\n\n\n<p>Wystarczy po wej\u015bciu na stron\u0119 internetow\u0105 klikn\u0105\u0107 myszk\u0105 i przesun\u0105\u0107 wska\u017anik na puste miejsce na stronie. Po prawej stronie ekranu mo\u017cna zobaczy\u0107 ostatni\u0105 cz\u0119stotliwo\u015b\u0107 pollingu myszy, opr\u00f3cz \u015bredniej cz\u0119stotliwo\u015bci testu Hz myszy.<\/p>\n\n\n\n<h3 class=\"wp-block-heading\"><strong>Jaka jest dobra stawka za ankiet\u0119?<\/strong><\/h3>\n\n\n\n<p>Wi\u0119kszo\u015b\u0107 ludzi uzna, \u017ce 500Hz jest wi\u0119cej ni\u017c wystarczaj\u0105ce. Jednak dla do\u015bwiadczonych i profesjonalnych graczy zdecydowanie zaleca si\u0119 stosowanie polling rate na poziomie 1000 Hz.<\/p>\n\n\n\n<h3 class=\"wp-block-heading\"><strong>Czy 1000Hz polling rate jest dobry?<\/strong><\/h3>\n\n\n\n<p>Pozycja myszy b\u0119dzie aktualizowana co milisekund\u0119 z cz\u0119stotliwo\u015bci\u0105 1000Hz, co musisz najpierw zrozumie\u0107. Dzi\u0119ki myszce 1000Hz Tw\u00f3j cel jest szybszy. W przypadku gier wymagaj\u0105cych szybkich reakcji, dok\u0142adno\u015bci i delikatno\u015bci, wysoka cz\u0119stotliwo\u015b\u0107 pollingu na poziomie 1000Hz jest kluczowa.<\/p>\n\n\n\n<h3 class=\"wp-block-heading\"><strong>Czy 500 Hz polling rate jest dobre?<\/strong><\/h3>\n\n\n\n<p>Co dwa ticki, polling rate 500Hz b\u0119dzie aktualizowa\u0142 pozycj\u0119 twojej myszy. Tw\u00f3j cel staje si\u0119 bardziej p\u0142ynny przy 500Hz.<\/p>\n\n\n\n<h3 class=\"wp-block-heading\"><strong>Czy myszka gamingowa mo\u017ce i\u015b\u0107 w g\u00f3r\u0119 do 1000Hz?<\/strong><\/h3>\n\n\n\n<p>Nawet je\u015bli Twoja mysz do gier ma maksymaln\u0105 cz\u0119stotliwo\u015b\u0107 1000 Hz, domy\u015blne ustawienie mo\u017ce by\u0107 ni\u017csze. Istnieje kilka metod, kt\u00f3rych mo\u017cna u\u017cy\u0107 do sprawdzenia cz\u0119stotliwo\u015bci pollingu myszy. Aby zbada\u0107 cz\u0119stotliwo\u015b\u0107 pollingu myszy, u\u017cyj naszego narz\u0119dzia online o nazwie Mouse Rate Checker.<\/p>\n\n\n\n<h2 class=\"wp-block-heading\">Ostatnie s\u0142owa o te\u015bcie Mouse Hertza<\/h2>\n\n\n\n<p>To narz\u0119dzie do sprawdzania myszy jest bardzo wspania\u0142e. Tw\u00f3j wska\u017anik odpowiedzi myszy zostanie obliczony za pomoc\u0105 tego unikalnego narz\u0119dzia. Tutaj mo\u017cesz dowiedzie\u0107 si\u0119 o podstawowych regulacjach myszy. Za chwil\u0119 dowiemy si\u0119 wi\u0119cej o wsp\u00f3\u0142czynniku pollingu myszy. Dzi\u0119ki temu narz\u0119dziu b\u0119dziesz os\u0142oni\u0119ty od zawi\u0142ych ustawie\u0144 i procedur. Mamy nadziej\u0119, \u017ce zachwyc\u0105 Ci\u0119 nasze r\u00f3\u017cne narz\u0119dzia.<\/p>\n\n\n\n<p>Other Tests You May Like:<\/p>\n\n\n\n<ul class=\"wp-block-list\">\n<li><a href=\"https:\/\/cpstesters.com\/pl\/double-click-test\/\" target=\"_blank\" rel=\"noreferrer noopener\">Test podw\u00f3jnego klikni\u0119cia<\/a><\/li>\n\n\n\n<li><a href=\"https:\/\/cpstesters.com\/pl\/click-counter\/\" target=\"_blank\" rel=\"noreferrer noopener\">Click Counter<\/a><\/li>\n\n\n\n<li><a href=\"https:\/\/cpstesters.com\/pl\/test-myszy\/\" target=\"_blank\" rel=\"noreferrer noopener\">Badanie na myszach<\/a><\/li>\n\n\n\n<li><a href=\"https:\/\/cpstesters.com\/pl\/apm-test\/\" target=\"_blank\" rel=\"noreferrer noopener\">Test APM<\/a><\/li>\n\n\n\n<li><a href=\"https:\/\/cpstesters.com\/pl\/aim-trainer\/\" target=\"_blank\" rel=\"noreferrer noopener\">Trener celno\u015bci<\/a><\/li>\n<\/ul>\n","protected":false},"excerpt":{"rendered":"<p>Mouse Rate Checker to narz\u0119dzie online dla u\u017cytkownik\u00f3w do sprawdzania ich polling rate w hercach i testowania myszy, wypr\u00f3buj go teraz! Mouse Rate Checker Poniewa\u017c &#8230; <\/p>\n<p class=\"read-more-container\"><a title=\"Sprawdzanie cz\u0119stotliwo\u015bci myszy | Test cz\u0119stotliwo\u015bci odpytywania Hz online\" class=\"read-more button\" href=\"https:\/\/cpstesters.com\/pl\/mouse-rate-checker\/#more-2932\" aria-label=\"Dowiedz si\u0119 wi\u0119cej o Sprawdzanie cz\u0119stotliwo\u015bci myszy | Test cz\u0119stotliwo\u015bci odpytywania Hz online\">Read More<\/a><\/p>\n","protected":false},"author":4,"featured_media":1463,"parent":0,"menu_order":0,"comment_status":"closed","ping_status":"closed","template":"","meta":{"footnotes":""},"class_list":["post-2932","page","type-page","status-publish","has-post-thumbnail"],"_links":{"self":[{"href":"https:\/\/cpstesters.com\/pl\/wp-json\/wp\/v2\/pages\/2932","targetHints":{"allow":["GET"]}}],"collection":[{"href":"https:\/\/cpstesters.com\/pl\/wp-json\/wp\/v2\/pages"}],"about":[{"href":"https:\/\/cpstesters.com\/pl\/wp-json\/wp\/v2\/types\/page"}],"author":[{"embeddable":true,"href":"https:\/\/cpstesters.com\/pl\/wp-json\/wp\/v2\/users\/4"}],"replies":[{"embeddable":true,"href":"https:\/\/cpstesters.com\/pl\/wp-json\/wp\/v2\/comments?post=2932"}],"version-history":[{"count":6,"href":"https:\/\/cpstesters.com\/pl\/wp-json\/wp\/v2\/pages\/2932\/revisions"}],"predecessor-version":[{"id":5744,"href":"https:\/\/cpstesters.com\/pl\/wp-json\/wp\/v2\/pages\/2932\/revisions\/5744"}],"wp:featuredmedia":[{"embeddable":true,"href":"https:\/\/cpstesters.com\/pl\/wp-json\/wp\/v2\/media\/1463"}],"wp:attachment":[{"href":"https:\/\/cpstesters.com\/pl\/wp-json\/wp\/v2\/media?parent=2932"}],"curies":[{"name":"wp","href":"https:\/\/api.w.org\/{rel}","templated":true}]}}