{"id":2929,"date":"2024-07-16T14:38:12","date_gmt":"2024-07-16T14:38:12","guid":{"rendered":"https:\/\/cpstesters.com\/test-dokladnosci-myszy-dokladnosc-klikniecia-mysza\/"},"modified":"2024-09-17T15:45:29","modified_gmt":"2024-09-17T15:45:29","slug":"test-dokladnosci-myszy","status":"publish","type":"page","link":"https:\/\/cpstesters.com\/pl\/test-dokladnosci-myszy\/","title":{"rendered":"Test dok\u0142adno\u015bci myszy | Dok\u0142adno\u015b\u0107 klikni\u0119cia mysz\u0105"},"content":{"rendered":"\n<p>Test dok\u0142adno\u015bci myszy to narz\u0119dzie do gier online, kt\u00f3re s\u0142u\u017cy do okre\u015blenia dok\u0142adno\u015bci klikania i precyzji wska\u017anika, sprawd\u017a narz\u0119dzie teraz!<\/p>\n<link href=\"\/wp-content\/themes\/generatepress\/tools\/assets\/css\/aim.css?v=15\" rel=\"stylesheet\">\r\n\r\n<div class=\"aim-container\">\r\n      <div>\r\n        <div class=\"highscore-info\">Highscore: <span class=\"current-highscore\"><\/span><\/div>\r\n        <div class=\"info\">\r\n            <div class=\"score-bar\"><i class=\"im im-target\"><\/i> <span style=\"color:white\" class=\"score\">0<\/span><\/div>\r\n            <div class=\"health-bar\"><i class=\"im im-heart small\"><\/i> <span class=\"health\">0<\/span><\/div>\r\n            <div class=\"time-bar\"><\/i><i class=\"im im-timer small\"><\/i> <span class=\"time\">0<\/span><\/div>\r\n        <\/div>\r\n      <\/div>\r\n      <div class=\"board\"><\/div>\r\n      <div class=\"gameover modal\">\r\n        <div class=\"gameover-content\">\r\n          <p class=\"aim-header\">GAMEOVER<\/p>\r\n          <p class=\"highscore\"><\/p>\r\n          <p><i class=\"im im-target small\"><\/i>Score :&nbsp;<span class=\"score\">0<\/span><\/p>\r\n          <p><i class=\"im im-timer small\"><\/i>Time :&nbsp;<span class=\"time\">0<\/span><\/p>\r\n          <button class=\"restart-btn\">Restart<\/button>\r\n        <\/div>\r\n      <\/div>\r\n      <button style=\"color:white\" class=\"start-btn\">Start<\/button>\r\n  \r\n    <\/div>\r\n\r\n\r\n\r\n   \r\n<script type=\"text\/javascript\">\r\n    var keyboard_code = 'english';\r\n    var keyboard_settings = {\"layout\":{\"default\":[\"` 1 2 3 4 5 6 7 8 9 0 - = {backspace}\",\"{tab} q w e r t y u i o p [ ] \\\\\",\"{capslock} a s d f g h j k l ; ' {enter}\",\"{shiftleft} z x c v b n m , . \\\/ {shiftright}\",\".com @ {space}\"],\"shift\":[\"` 1 2 3 4 5 6 7 8 9 0 - = {backspace}\",\"{tab} q w e r t y u i o p [ ] \\\\\",\"{capslock} a s d f g h j k l ; ' {enter}\",\"{shiftleft} z x c v b n m , . \\\/ {shiftright}\",\".com @ {space}\"]},\"display\":{\"{escape}\":\"esc\",\"{tab}\":\"tab\",\"{backspace}\":\"backspace\",\"{enter}\":\"< enter\",\"{capslock}\":\"caps\",\"{shiftleft}\":\"shift\",\"{shiftright}\":\"shift\",\"{controlleft}\":\"ctrl\",\"{controlright}\":\"ctrl\",\"{altleft}\":\"alt\",\"{altright}\":\"alt\",\"{metaleft}\":\"cmd\",\"{metaright}\":\"cmd\",\"{space}\":\" \"}};\r\n    var keyboard_is_tester = true;\r\n\t                     var monitoringClickEvent = 'left';\r\n\r\n<\/script>\r\n\r\n<script src=\"\/wp-content\/themes\/generatepress\/tools\/assets\/js\/aim.js?v=9\"><\/script>\r\n\n\n<p><\/p>\n\n<div style=\"height:5px\" aria-hidden=\"true\" class=\"wp-block-spacer\"><\/div>\n\n<h2 class=\"wp-block-heading\">Test dok\u0142adno\u015bci myszy<\/h2>\n\n<p>Gra online o nazwie Mouse Accuracy Test pozwala u\u017cytkownikom oceni\u0107 i zwi\u0119kszy\u0107 swoj\u0105 dok\u0142adno\u015b\u0107 pos\u0142ugiwania si\u0119 myszk\u0105. Mo\u017cna zwi\u0119kszy\u0107 szybko\u015b\u0107 swoich klikni\u0119\u0107 myszk\u0105 przy zachowaniu dok\u0142adno\u015bci. Gra jest przyst\u0119pna dla graczy na ka\u017cdym poziomie umiej\u0119tno\u015bci, nawet ekspert\u00f3w.<\/p>\n\n<p>Prostym celem testu jest pomoc w \u0107wiczeniu i zwi\u0119kszaniu dok\u0142adno\u015bci i szybko\u015bci myszy przy zabijaniu i strzelaniu w grach wideo. Zwykli u\u017cytkownicy komputer\u00f3w mog\u0105 cieszy\u0107 si\u0119 gr\u0105, podczas gdy jej g\u0142\u00f3wnym celem jest pomoc graczom w zwi\u0119kszeniu ich pr\u0119dko\u015bci klikania mysz\u0105, elastyczno\u015bci i dok\u0142adno\u015bci.<\/p>\n\n<p>Test mierz\u0105cy dok\u0142adno\u015b\u0107 myszy mierzy, jak dok\u0142adnie klikasz na cele w okre\u015blonym czasie. To sprawia, \u017ce sporadycznie jest to najbardziej wymagaj\u0105cy test myszy, kt\u00f3ry mo\u017cna r\u00f3wnie\u017c nazwa\u0107 testem dok\u0142adno\u015bci klikania. Jednak dla graczy w gry najlepsze s\u0105 egzaminy praktyczne. Po wykonaniu tego testu Twoja wydajno\u015b\u0107 b\u0119dzie znacznie lepsza.<\/p>\n\n<p>Z drugiej strony, klikanie ma pewne zalety w stosunku do <a href=\"https:\/\/computer.howstuffworks.com\/mouse5.htm\" target=\"_blank\" rel=\"noreferrer noopener\">dok\u0142adno\u015bci myszy<\/a> w niekt\u00f3rych typach gier. Polega to na szybkim klikaniu w okre\u015blonym czasie z wysokim wynikiem CPS jako celem ko\u0144cowym. Wybierz spo\u015br\u00f3d ustawie\u0144 od 5 sekund do 100 sekund w te\u015bcie dok\u0142adno\u015bci klikania.  <\/p>\n<div class=\"wp-block-image\">\n<figure class=\"aligncenter size-full\"><img loading=\"lazy\" decoding=\"async\" width=\"1000\" height=\"500\" src=\"https:\/\/cpstesters.com\/wp-content\/uploads\/2022\/09\/accuracy.jpg\" alt=\"Test dok&#x142;adno&#x15B;ci myszy\" class=\"wp-image-575\" title=\"\" srcset=\"https:\/\/cpstesters.com\/wp-content\/uploads\/2022\/09\/accuracy.jpg 1000w, https:\/\/cpstesters.com\/wp-content\/uploads\/2022\/09\/accuracy-300x150.jpg 300w, https:\/\/cpstesters.com\/wp-content\/uploads\/2022\/09\/accuracy-768x384.jpg 768w\" sizes=\"auto, (max-width: 1000px) 100vw, 1000px\" \/><figcaption class=\"wp-element-caption\">Test dok\u0142adno\u015bci myszy<\/figcaption><\/figure>\n<\/div>\n<h2 class=\"wp-block-heading\">Kroki do gry w Test Dok\u0142adno\u015bci Klikania<\/h2>\n\n<p>Wykorzystaj ten test i post\u0119puj zgodnie z instrukcjami, aby zwi\u0119kszy\u0107 swoj\u0105 dok\u0142adno\u015b\u0107 myszy.<\/p>\n\n<ul class=\"wp-block-list\">\n<li>Kliknij przycisk &#8220;Start&#8221;, kt\u00f3ry znajduje si\u0119 poni\u017cej opcji ustawie\u0144, gdy jeste\u015b gotowy do rozpocz\u0119cia gry.<\/li>\n\n\n\n<li>Odliczanie rozpocznie si\u0119 zaraz po dotkni\u0119ciu przycisku Start. Nale\u017cy wykorzysta\u0107 ten czas na przygotowanie si\u0119 do testu.<\/li>\n\n\n\n<li>Kilka k\u00f3\u0142ek docelowych pojawi si\u0119 losowo na ca\u0142ym ekranie po zako\u0144czeniu odliczania.<\/li>\n\n\n\n<li>Twoim celem jest klikni\u0119cie na okr\u0119gi docelowe kursorem, gdy s\u0105 one jeszcze widoczne.<\/li>\n\n\n\n<li>Przez ten okres czasu cele te b\u0119d\u0105 nadal pojawia\u0107 si\u0119 na ekranie, kt\u00f3ry wybra\u0142e\u015b w wyborach ustawie\u0144.<\/li>\n\n\n\n<li>W momencie, gdy timer ma si\u0119 ku ko\u0144cowi, widzisz kolejne 5-sekundowe odliczanie.<\/li>\n\n\n\n<li>Twoje wyniki, takie jak \u0142\u0105czne klikni\u0119cia, \u0142\u0105czne cele, dok\u0142adno\u015b\u0107 klikni\u0119\u0107, skuteczno\u015b\u0107 itp. zostan\u0105 wy\u015bwietlone po zako\u0144czeniu tego timera.<\/li>\n\n\n\n<li>Na wy\u015bwietlaczu wynik\u00f3w mo\u017cesz klikn\u0105\u0107 przycisk &#8220;Restart&#8221;, aby ponownie podej\u015b\u0107 do testu.<\/li>\n<\/ul>\n\n<p class=\"has-text-align-center has-base-background-color has-background has-medium-font-size\"><em>Sprawd\u017a r\u00f3wnie\u017c nasze narz\u0119dzie do <a href=\"https:\/\/cpstesters.com\/pl\/test-myszy\/\" target=\"_blank\" rel=\"noreferrer noopener\">testowania myszy<\/a>, aby ca\u0142kowicie sprawdzi\u0107 swoj\u0105 mysz!<\/em><\/p>\n\n<h2 class=\"wp-block-heading has-text-align-center\">FAQ&#8217;s<\/h2>\n\n<h3 class=\"wp-block-heading\"><strong>Sk\u0105d mam wiedzie\u0107, czy moja mysz jest dok\u0142adna?<\/strong><\/h3>\n\n<p>Test dok\u0142adno\u015bci myszy ocenia szybko\u015b\u0107 i precyzj\u0119, z jak\u0105 u\u017cytkownik porusza mysz\u0105. Samo zsuni\u0119cie pi\u0142ki po \u0142uku do drugiego ko\u0144ca, kt\u00f3ry jest do niej przymocowany, jest jedyn\u0105 potrzeb\u0105 tej regu\u0142y. Postaraj si\u0119 by\u0107 tak szybki, jak to tylko mo\u017cliwe, jednocze\u015bnie uwa\u017caj\u0105c, by nie wyj\u015b\u0107 z zakr\u0119tu.<\/p>\n\n<h3 class=\"wp-block-heading\"><strong>Jak mog\u0119 przetestowa\u0107 wska\u017anik myszy?<\/strong><\/h3>\n\n<p>Mo\u017cesz spr\u00f3bowa\u0107 testu przycisku myszy dost\u0119pnego na naszej stronie. Ten test da Ci dok\u0142adne wyniki na temat wska\u017anika myszy i innych przycisk\u00f3w, jak r\u00f3wnie\u017c.<\/p>\n\n<h3 class=\"wp-block-heading\"><strong>Jak mog\u0119 zwi\u0119kszy\u0107 dok\u0142adno\u015b\u0107 FPS mojej myszy?<\/strong><\/h3>\n\n<p>Upewnij si\u0119, \u017ce akceleracja myszy jest wy\u0142\u0105czona, poniewa\u017c takie dzia\u0142anie znacznie utrudni precyzyjne ruchy celowania. Podczas gdy niski poziom czu\u0142o\u015bci zapewnia wi\u0119ksz\u0105 moc do wykonywania drobnych ruch\u00f3w, zmusza r\u00f3wnie\u017c do poruszania \u0142okciem zamiast nadgarstkiem w celu uzyskania elastyczno\u015bci myszy.<\/p>\n\n<p>Tools You May Like:<\/p>\n\n<ul class=\"wp-block-list\">\n<li><a href=\"https:\/\/cpstesters.com\/pl\/apm-test\/\" target=\"_blank\" rel=\"noreferrer noopener\">Test APM <\/a><\/li>\n\n\n\n<li><a href=\"https:\/\/cpstesters.com\/pl\/mouse-rate-checker\/\" target=\"_blank\" rel=\"noreferrer noopener\">Mouse Rate Checker<\/a><\/li>\n\n\n\n<li><a href=\"https:\/\/cpstesters.com\/pl\/double-click-test\/\" target=\"_blank\" rel=\"noreferrer noopener\">Test podw\u00f3jnego klikni\u0119cia<\/a><\/li>\n\n\n\n<li><a href=\"https:\/\/cpstesters.com\/pl\/test-przewijania-myszy\/\" target=\"_blank\" rel=\"noreferrer noopener\">Test przewijania myszy<\/a><\/li>\n\n\n\n<li><a href=\"https:\/\/cpstesters.com\/pl\/aim-trainer\/\" target=\"_blank\" rel=\"noreferrer noopener\">Trener celno\u015bci<\/a><\/li>\n<\/ul>\n","protected":false},"excerpt":{"rendered":"<p>Test dok\u0142adno\u015bci myszy to narz\u0119dzie do gier online, kt\u00f3re s\u0142u\u017cy do okre\u015blenia dok\u0142adno\u015bci klikania i precyzji wska\u017anika, sprawd\u017a narz\u0119dzie teraz! Test dok\u0142adno\u015bci myszy Gra online &#8230; <\/p>\n<p class=\"read-more-container\"><a title=\"Test dok\u0142adno\u015bci myszy | Dok\u0142adno\u015b\u0107 klikni\u0119cia mysz\u0105\" class=\"read-more button\" href=\"https:\/\/cpstesters.com\/pl\/test-dokladnosci-myszy\/#more-2929\" aria-label=\"Dowiedz si\u0119 wi\u0119cej o Test dok\u0142adno\u015bci myszy | Dok\u0142adno\u015b\u0107 klikni\u0119cia mysz\u0105\">Read More<\/a><\/p>\n","protected":false},"author":4,"featured_media":1559,"parent":0,"menu_order":0,"comment_status":"closed","ping_status":"closed","template":"","meta":{"footnotes":""},"class_list":["post-2929","page","type-page","status-publish","has-post-thumbnail"],"_links":{"self":[{"href":"https:\/\/cpstesters.com\/pl\/wp-json\/wp\/v2\/pages\/2929","targetHints":{"allow":["GET"]}}],"collection":[{"href":"https:\/\/cpstesters.com\/pl\/wp-json\/wp\/v2\/pages"}],"about":[{"href":"https:\/\/cpstesters.com\/pl\/wp-json\/wp\/v2\/types\/page"}],"author":[{"embeddable":true,"href":"https:\/\/cpstesters.com\/pl\/wp-json\/wp\/v2\/users\/4"}],"replies":[{"embeddable":true,"href":"https:\/\/cpstesters.com\/pl\/wp-json\/wp\/v2\/comments?post=2929"}],"version-history":[{"count":4,"href":"https:\/\/cpstesters.com\/pl\/wp-json\/wp\/v2\/pages\/2929\/revisions"}],"predecessor-version":[{"id":4312,"href":"https:\/\/cpstesters.com\/pl\/wp-json\/wp\/v2\/pages\/2929\/revisions\/4312"}],"wp:featuredmedia":[{"embeddable":true,"href":"https:\/\/cpstesters.com\/pl\/wp-json\/wp\/v2\/media\/1559"}],"wp:attachment":[{"href":"https:\/\/cpstesters.com\/pl\/wp-json\/wp\/v2\/media?parent=2929"}],"curies":[{"name":"wp","href":"https:\/\/api.w.org\/{rel}","templated":true}]}}