{"id":2912,"date":"2024-07-16T14:26:24","date_gmt":"2024-07-16T14:26:24","guid":{"rendered":"https:\/\/cpstesters.com\/testowanie-ekranow-dotykowych-online-multi-touch-tester\/"},"modified":"2024-09-17T16:29:09","modified_gmt":"2024-09-17T16:29:09","slug":"touch-screen-test","status":"publish","type":"page","link":"https:\/\/cpstesters.com\/pl\/touch-screen-test\/","title":{"rendered":"Testowanie ekran\u00f3w dotykowych online | Multi Touch Tester"},"content":{"rendered":"\n<p>Test ekranu dotykowego Mobile &amp; Laptop jest narz\u0119dziem do sprawdzenia czy Tw\u00f3j dotyk urz\u0105dzenia dzia\u0142a poprawnie czy nie, sprawd\u017a teraz!<\/p>\n<style>\r\n        #box {\r\n            position:relative;\r\n            width:100%; \r\n            background-color:#FFB15E;\r\n            font-size: 2rem; \r\n            margin-bottom:20px;\r\n\t\t\tcolor:white;\r\n\t\t\tpadding-top:50px;\r\n\t\t\tpadding-bottom:50px;\r\n\t\t\ttext-align:center;\r\n        }\r\n        #box.fullscreen{\r\n            background-color: #2d2d2d;\r\n            position:fixed;\r\n            top: 0px;\r\n            left: 0px;\r\n            height: 100%!important;;\r\n        }\r\n        .point{\r\n            border-radius:50%;\r\n            width:30px;\r\n            height:30px;\r\n            background-color:red;\r\n            position:fixed;\r\n        }\r\n        #fs-button{\r\n            width:30px;\r\n            height:30px;\r\n            position:absolute;\r\n            bottom:5px;\r\n            right:5px;\r\n            background-image: url(\"data:image\/svg+xml,%3Csvg xmlns='http:\/\/www.w3.org\/2000\/svg' width='30' height='30' viewBox='0 0 14 14' fill='%23dddddd'%3E%3Cpath d='M2,9H0v5h5v-2H2V9z M0,5h2V2h3V0H0V5z M12,12H9v2h5V9h-2V12z M9,0v2h3v3h2V0H9z'\/%3E%3C\/svg%3E\");\r\n        }\r\n        .fullscreen #fs-button\r\n        {\r\n            background-image: url(\"data:image\/svg+xml,%3Csvg xmlns='http:\/\/www.w3.org\/2000\/svg' width='30' height='30' viewBox='0 0 14 14' fill='%23dddddd'%3E%3Cpath d='M0,11h3v3h2V9H0V11z M3,3H0v2h5V0H3V3z M9,14h2v-3h3V9H9V14z M11,3V0H9v5h5V3H11z'\/%3E%3C\/svg%3E\");\r\n        }\r\n        .current-touch, .max-touch, #box{\r\n            text-align: center;\r\n        }\r\n        .current-touch, .max-touch{\r\n            font-size: 5rem; \r\n        }\r\n    <\/style>\r\n\r\n<div id=\"box\">\r\n        <div id=\"info\">\r\n            <div class=\"row\"><div class=\"col d-flex align-items-center justify-content-end p-0\" style=\"font-size:1rem\">current<\/div><div class=\"current-touch col p-0\">0<\/div><div class=\"col p-0\"><\/div><\/div>\r\n            <div class=\"row\"><div class=\"col d-flex align-items-center justify-content-end p-0\" style=\"font-size:1rem\">max<\/div><div class=\"max-touch col p-0\">0<\/div><div class=\"col p-0\"><\/div><\/div>\r\n        <\/div>\r\n        \r\n    <\/div>   \r\n\r\n\r\n<script>\r\n    \r\nvar box = document.getElementById(\"box\");\r\nvar currnetTouchE = document.getElementsByClassName('current-touch')[0];\r\nvar maxTouchE = document.getElementsByClassName('max-touch')[0];\r\nvar maxTouch = 0;\r\n\r\nvar pointSize = 30;\r\n\r\nfunction updateTouch(number)\r\n{\r\n    currnetTouchE.innerHTML = number;\r\n    if (number>maxTouch) maxTouch = number;\r\n    maxTouchE.innerHTML = maxTouch;\r\n    \r\n}\r\n\r\n\r\nbox.addEventListener(\"touchstart\", handleStart, false);\r\nbox.addEventListener(\"touchend\", handleEnd, false);\r\nbox.addEventListener(\"touchcancel\", handleCancel, false);\r\nbox.addEventListener(\"touchmove\", handleMove, false);\r\n\/\/var ongoingTouches = [];\r\n\r\nfunction copyTouch({ identifier, pageX, pageY }) {\r\n  return { identifier, pageX, pageY };\r\n}\r\n\r\nfunction handleStart (e)\r\n{\r\n    var touches = e.changedTouches;\r\n    for (var i = 0; i < touches.length; i++)\r\n    {\r\n        var point = document.createElement('div');\r\n        \/\/ongoingTouches.push(copyTouch(touches[i]));\r\n        point.className = 'point';\r\n        point.id = 'touch-'+touches[i].identifier;\r\n        point.style.left = touches[i].clientX-pointSize\/2+'px';\r\n        point.style.top = touches[i].clientY-pointSize\/2+'px';\r\n        point.style.backgroundColor = colorForTouch(touches[i]);\r\n        document.body.appendChild(point);\r\n    }\r\n    updateTouch(e.touches.length);\r\n    e.preventDefault();\r\n}\r\n\r\nfunction handleMove(e)\r\n{\r\n    var touches = e.changedTouches;\r\n    for (var i = 0; i < touches.length; i++)\r\n    {\r\n        var point = document.getElementById('touch-'+touches[i].identifier);\r\n        point.style.left = touches[i].clientX-pointSize\/2+'px';\r\n        point.style.top = touches[i].clientY-pointSize\/2+'px';\r\n    }\r\n    updateTouch(e.touches.length);\r\n    e.preventDefault();\r\n}\r\n\r\nfunction handleEnd (e)\r\n{\r\n     var touches = e.changedTouches;\r\n     for (var i = 0; i < touches.length; i++) \r\n     {\r\n        setTimeout(function(){\r\n           \r\n        },200);\r\n       document.getElementById('touch-'+touches[i].identifier).remove();\r\n     }\r\n     updateTouch(e.touches.length);\r\n}\r\n\r\nfunction handleCancel (e)\r\n{\r\n    handleEnd(e);\r\n}\r\n\r\n\r\nfunction colorForTouch(touch) {\r\n    var color = \"#000000\";\r\n    switch(touch.identifier)\r\n    {\r\n        case 0: color = \"#ff0000\";break;\r\n        case 1: color = \"#ff00ff\";break;\r\n        case 2: color = \"#0000ff\";break;\r\n        case 3: color = \"#00ffff\";break;\r\n        case 4: color = \"#00ff00\";break;\r\n        case 5: color = \"#ffff00\";break;\r\n        case 6: color = \"#ffa800\";break;\r\n        default: color = \"#000000\";\r\n    }\r\n    return color;\r\n}\r\n\r\nif (!(typeof box.ontouchstart != \"undefined\")) { \r\n    box.innerHTML = '<p>This test cannot be used on device without touch screen.<\/p>\\n\\\r\n                     <p style=\"font-size:1rem;\">If you see this message, the test will not work.<\/p>   ';\r\n    box.style.backgroundColor = \"#FFB15E\";\r\n} \r\n<\/script>\n\n<div style=\"height:5px\" aria-hidden=\"true\" class=\"wp-block-spacer\"><\/div>\n\n<h2 class=\"wp-block-heading\">Tester ekran\u00f3w dotykowych<\/h2>\n\n<p>Test ekranu dotykowego to technika, kt\u00f3rej u\u017cywasz do oceny swojego ekranu. Istnieje kilka sposob\u00f3w wykorzystania tego testu do identyfikacji martwych punkt\u00f3w. Ten Tester ma specjaln\u0105 technik\u0119, kt\u00f3ra pokazuje dok\u0142adnie, gdzie s\u0105 problematyczne miejsca. Sprawdza to martwe punkty ekranu dotykowego i pi\u0119ciopunktow\u0105 funkcjonalno\u015b\u0107 wielodotyku.<\/p>\n\n<p>Ekran dotykowy smartfona musi zosta\u0107 przetestowany, aby sprawdzi\u0107 jako\u015b\u0107 i u\u017cyteczno\u015b\u0107 urz\u0105dzenia. Wydajno\u015b\u0107 ekranu dotykowego mo\u017cna oceni\u0107 za pomoc\u0105 prostego testu dotykowego. The touch tests, each of which uses a different strategy, assist you in locating and analyzing any <a href=\"https:\/\/www.lifewire.com\/fixes-for-broken-touch-screen-4149514\" target=\"_blank\" rel=\"noreferrer noopener\">problems of your touch screen<\/a> might be experiencing.<\/p>\n\n<h2 class=\"wp-block-heading\">Jak przetestowa\u0107 dotyk ekranu?<\/h2>\n\n<p>Aby rozpocz\u0105\u0107 test, dotknij ekranu po wewn\u0119trznej stronie powy\u017cszego pude\u0142ka. Aby \u0142atwo zmie\u015bci\u0107 dodatkowe palce, u\u017cyj opcji Pe\u0142ny ekran w prawym dolnym rogu pola testowego. Je\u015bli Twoje urz\u0105dzenie lub przegl\u0105darka nie s\u0105 kompatybilne, w okienku pojawi si\u0119 specjalna informacja.<\/p>\n\n<p>Wypr\u00f3buj Multi Touch Test, je\u015bli nie szukasz martwych punkt\u00f3w na ekranie, ale jeste\u015b ciekaw, ile palc\u00f3w potrafi rozpozna\u0107. Jeden z najbardziej podstawowych dost\u0119pnych test\u00f3w wielodotykowych ekran\u00f3w mobilnych, brak w nim jakichkolwiek narz\u0119dzi do rysowania czy dodatkowych funkcji.<\/p>\n<div class=\"wp-block-image\">\n<figure class=\"aligncenter size-full\"><img loading=\"lazy\" decoding=\"async\" width=\"1000\" height=\"500\" src=\"https:\/\/cpstesters.com\/wp-content\/uploads\/2022\/09\/touch-test.jpg\" alt=\"Test ekranu dotykowego\" class=\"wp-image-551\" title=\"\" srcset=\"https:\/\/cpstesters.com\/wp-content\/uploads\/2022\/09\/touch-test.jpg 1000w, https:\/\/cpstesters.com\/wp-content\/uploads\/2022\/09\/touch-test-300x150.jpg 300w, https:\/\/cpstesters.com\/wp-content\/uploads\/2022\/09\/touch-test-768x384.jpg 768w\" sizes=\"auto, (max-width: 1000px) 100vw, 1000px\" \/><figcaption class=\"wp-element-caption\">Test ekranu dotykowego<\/figcaption><\/figure>\n<\/div>\n<p>Informuje o maksymalnej liczbie aktywnych palc\u00f3w, jak\u0105 mo\u017ce obs\u0142u\u017cy\u0107 urz\u0105dzenie.  <\/p>\n\n<h2 class=\"wp-block-heading\">Test Multi Touch<\/h2>\n\n<p>Tester dotyku Multi rozpoznaje wiele dotkni\u0119\u0107 i nadaje ka\u017cdemu z nich wyra\u017ane pod\u015bwietlenie kolorem. Nie ma r\u00f3\u017cnicy, czy palce pokrywaj\u0105 stukni\u0119cia i cyfry na ekranie. Nawet po zdj\u0119ciu palc\u00f3w z ekranu b\u0119dzie wy\u015bwietlana maksymalna liczba dotkni\u0119\u0107. Mo\u017cesz u\u017cy\u0107 tego testu, aby sprawdzi\u0107, ile dotkni\u0119\u0107 rejestruje ekran Twojego urz\u0105dzenia.<\/p>\n\n<p>Ten tester zaznaczy ka\u017cdy palec, gdy umie\u015bcisz je na ekranie wiele razy jednocze\u015bnie. Dodatkowo zapisze ca\u0142kowit\u0105 liczb\u0119 palc\u00f3w, kt\u00f3re zosta\u0142y zarejestrowane na ekranie. Program b\u0119dzie kontynuowa\u0142 przywo\u0142ywanie najwi\u0119kszej zidentyfikowanej przez siebie liczby nawet po zwolnieniu palc\u00f3w.<\/p>\n\n<p>Najlepiej jest zrobi\u0107 test na pe\u0142nym ekranie, aby wszystkie dotkni\u0119cia zmie\u015bci\u0142y si\u0119 w polu testowym. Aby to zrobi\u0107, kliknij przycisk w lewym dolnym rogu.<\/p>\n\n<p>Nie ma potrzeby instalowania \u017cadnych aplikacji do tego testu, poniewa\u017c zawsze mo\u017cesz wzi\u0105\u0107 nasz test Touch Checker na swoim urz\u0105dzeniu online z naszej strony internetowej.<\/p>\n\n<p class=\"has-text-align-center has-base-background-color has-background has-medium-font-size\"><em>Mamy r\u00f3wnie\u017c <a href=\"https:\/\/cpstesters.com\/pl\/dead-pixel-test\/\" target=\"_blank\" rel=\"noreferrer noopener\">Dead Pixel Test<\/a> dla Twojego ekranu, sprawd\u017a!<\/em><\/p>\n\n<h2 class=\"wp-block-heading has-text-align-center\">FAQ&#8217;s<\/h2>\n\n<h3 class=\"wp-block-heading\"><strong>Jak mog\u0119 przetestowa\u0107 sw\u00f3j ekran dotykowy?<\/strong><\/h3>\n\n<p>Mo\u017cesz u\u017cy\u0107 testu dotykowego na naszej stronie internetowej, aby sprawdzi\u0107 ekran dotykowy swojego urz\u0105dzenia, je\u015bli uwa\u017casz, \u017ce nie dzia\u0142a on prawid\u0142owo. Test ten umo\u017cliwia rozpoznanie i rozwi\u0105zanie potencjalnych problem\u00f3w z ekranem dotykowym, do ka\u017cdego z nich podchodzi si\u0119 inaczej.<\/p>\n\n<h3 class=\"wp-block-heading\"><strong>Jak sprawdzi\u0107, czy m\u00f3j ekran dotykowy jest wra\u017cliwy?<\/strong><\/h3>\n\n<p>Czu\u0142o\u015b\u0107 ekranu dotykowego mo\u017cna przetestowa\u0107 przy r\u00f3\u017cnych naciskach palca. Niekt\u00f3re ekrany wymagaj\u0105 wi\u0119kszego kontaktu z ekranem, poniewa\u017c maj\u0105 problem z odczytaniem lekkich dotkni\u0119\u0107.<\/p>\n\n<h3 class=\"wp-block-heading\"><strong>Jak przetestowa\u0107 dotyk duch\u00f3w?<\/strong><\/h3>\n\n<p>Zacznij od eksperymentowania na sobie, aby sprawdzi\u0107, czy mo\u017cesz zidentyfikowa\u0107 problem. Zr\u00f3b trzy palce, a nast\u0119pnie. Nast\u0119pnie wykryjesz jedno lub dwa dotkni\u0119cia ducha, je\u015bli przypadkowo dotkniesz swojego wy\u015bwietlacza jednym lub oboma palcami.<\/p>\n\n<p>Inne testy, kt\u00f3re mo\u017cesz chcie\u0107 sprawdzi\u0107:<\/p>\n\n<ul class=\"wp-block-list\">\n<li><a href=\"https:\/\/cpstesters.com\/pl\/tap-counter\/\" target=\"_blank\" rel=\"noreferrer noopener\">Licznik kran\u00f3w<\/a><\/li>\n\n\n\n<li><a href=\"https:\/\/cpstesters.com\/pl\/tap-speed-test\/\" target=\"_blank\" rel=\"noreferrer noopener\">Tap Speed Test<\/a><\/li>\n\n\n\n<li><a href=\"https:\/\/cpstesters.com\/pl\/\" target=\"_blank\" rel=\"noreferrer noopener\">Tester klikni\u0119\u0107 na sekund\u0119<\/a><\/li>\n\n\n\n<li><a href=\"https:\/\/cpstesters.com\/pl\/test-klawiatury\/\" target=\"_blank\" rel=\"noreferrer noopener\">Tester klawiatury<\/a><\/li>\n\n\n\n<li><a href=\"https:\/\/cpstesters.com\/pl\/test-opoznienia-klawiatury\/\" target=\"_blank\" rel=\"noreferrer noopener\">Test op\u00f3\u017anienia klawiatury<\/a><\/li>\n<\/ul>\n","protected":false},"excerpt":{"rendered":"<p>Test ekranu dotykowego Mobile &amp; Laptop jest narz\u0119dziem do sprawdzenia czy Tw\u00f3j dotyk urz\u0105dzenia dzia\u0142a poprawnie czy nie, sprawd\u017a teraz! Tester ekran\u00f3w dotykowych Test ekranu &#8230; <\/p>\n<p class=\"read-more-container\"><a title=\"Testowanie ekran\u00f3w dotykowych online | Multi Touch Tester\" class=\"read-more button\" href=\"https:\/\/cpstesters.com\/pl\/touch-screen-test\/#more-2912\" aria-label=\"Dowiedz si\u0119 wi\u0119cej o Testowanie ekran\u00f3w dotykowych online | Multi Touch Tester\">Read More<\/a><\/p>\n","protected":false},"author":4,"featured_media":1475,"parent":0,"menu_order":0,"comment_status":"closed","ping_status":"closed","template":"","meta":{"footnotes":""},"class_list":["post-2912","page","type-page","status-publish","has-post-thumbnail"],"_links":{"self":[{"href":"https:\/\/cpstesters.com\/pl\/wp-json\/wp\/v2\/pages\/2912","targetHints":{"allow":["GET"]}}],"collection":[{"href":"https:\/\/cpstesters.com\/pl\/wp-json\/wp\/v2\/pages"}],"about":[{"href":"https:\/\/cpstesters.com\/pl\/wp-json\/wp\/v2\/types\/page"}],"author":[{"embeddable":true,"href":"https:\/\/cpstesters.com\/pl\/wp-json\/wp\/v2\/users\/4"}],"replies":[{"embeddable":true,"href":"https:\/\/cpstesters.com\/pl\/wp-json\/wp\/v2\/comments?post=2912"}],"version-history":[{"count":4,"href":"https:\/\/cpstesters.com\/pl\/wp-json\/wp\/v2\/pages\/2912\/revisions"}],"predecessor-version":[{"id":4372,"href":"https:\/\/cpstesters.com\/pl\/wp-json\/wp\/v2\/pages\/2912\/revisions\/4372"}],"wp:featuredmedia":[{"embeddable":true,"href":"https:\/\/cpstesters.com\/pl\/wp-json\/wp\/v2\/media\/1475"}],"wp:attachment":[{"href":"https:\/\/cpstesters.com\/pl\/wp-json\/wp\/v2\/media?parent=2912"}],"curies":[{"name":"wp","href":"https:\/\/api.w.org\/{rel}","templated":true}]}}