{"id":2791,"date":"2024-07-16T14:43:41","date_gmt":"2024-07-16T14:43:41","guid":{"rendered":"https:\/\/cpstesters.com\/aim-booster-najlepszy-tester-do-poprawy-celowania-online\/"},"modified":"2024-09-17T09:49:24","modified_gmt":"2024-09-17T09:49:24","slug":"aim-trainer","status":"publish","type":"page","link":"https:\/\/cpstesters.com\/pl\/aim-trainer\/","title":{"rendered":"Wzmacniacz celowania | Najlepszy tester do poprawy celowania online"},"content":{"rendered":"\n<p>Wzmacniacz celowania to tester online, kt\u00f3ry pomo\u017ce Ci poprawi\u0107 swoje umiej\u0119tno\u015bci celowania w profesjonalnych grach, sprawd\u017a to i spr\u00f3buj uzyska\u0107 jak najwy\u017cszy wynik!<\/p>\n\n\n<div class=\"aim-container\">\r\n      <div>\r\n        <div class=\"highscore-info\">Highscore: <span class=\"current-highscore\"><\/span><\/div>\r\n        <div class=\"info\">\r\n            <div class=\"score-bar\"><i class=\"im im-target\"><\/i> <span style=\"color:white\" class=\"score\">0<\/span><\/div>\r\n            <div class=\"health-bar\"><i class=\"im im-heart small\"><\/i> <span class=\"health\">0<\/span><\/div>\r\n            <div class=\"time-bar\"><\/i><i class=\"im im-timer small\"><\/i> <span class=\"time\">0<\/span><\/div>\r\n        <\/div>\r\n      <\/div>\r\n      <div class=\"board\"><\/div>\r\n      <div class=\"gameover modal\">\r\n        <div class=\"gameover-content\">\r\n          <p class=\"aim-header\">GAMEOVER<\/p>\r\n          <p class=\"highscore\"><\/p>\r\n          <p><i class=\"im im-target small\"><\/i>Score :&nbsp;<span class=\"score\">0<\/span><\/p>\r\n          <p><i class=\"im im-timer small\"><\/i>Time :&nbsp;<span class=\"time\">0<\/span><\/p>\r\n          <button class=\"restart-btn\">Restart<\/button>\r\n        <\/div>\r\n      <\/div>\r\n      <button style=\"color:white\" class=\"start-btn\">Start<\/button>\r\n<\/div>\r\n\r\n\r\n\r\n   \r\n<script type=\"text\/javascript\">\r\n    var keyboard_code = 'english';\r\n    var keyboard_settings = {\"layout\":{\"default\":[\"` 1 2 3 4 5 6 7 8 9 0 - = {backspace}\",\"{tab} q w e r t y u i o p [ ] \\\\\",\"{capslock} a s d f g h j k l ; ' {enter}\",\"{shiftleft} z x c v b n m , . \\\/ {shiftright}\",\".com @ {space}\"],\"shift\":[\"` 1 2 3 4 5 6 7 8 9 0 - = {backspace}\",\"{tab} q w e r t y u i o p [ ] \\\\\",\"{capslock} a s d f g h j k l ; ' {enter}\",\"{shiftleft} z x c v b n m , . \\\/ {shiftright}\",\".com @ {space}\"]},\"display\":{\"{escape}\":\"esc\",\"{tab}\":\"tab\",\"{backspace}\":\"backspace\",\"{enter}\":\"< enter\",\"{capslock}\":\"caps\",\"{shiftleft}\":\"shift\",\"{shiftright}\":\"shift\",\"{controlleft}\":\"ctrl\",\"{controlright}\":\"ctrl\",\"{altleft}\":\"alt\",\"{altright}\":\"alt\",\"{metaleft}\":\"cmd\",\"{metaright}\":\"cmd\",\"{space}\":\" \"}};\r\n    var keyboard_is_tester = true;\r\n\t                     var monitoringClickEvent = 'left';\r\n\r\n<\/script>\r\n\r\n<script src=\"\/wp-content\/themes\/generatepress\/tools\/assets\/js\/aim.js?v=9\"><\/script>\r\n\n\n\n\n<p><\/p>\n\n\n\n<p>Wzmacnianie swojego celu to prosta metoda na wyr\u00f3\u017cnienie si\u0119 na tle konkurencji. Ten poradnik pozwoli Ci rozpocz\u0105\u0107 drog\u0119 do opanowania celowania, wyja\u015bniaj\u0105c dlaczego powiniene\u015b kupi\u0107 wzmacniacz celu i daj\u0105c Ci dost\u0119p do wszelkich zasob\u00f3w, kt\u00f3rych mo\u017cesz potrzebowa\u0107 w trakcie tego procesu.<\/p>\n\n\n\n<p>Pomocny b\u0119dzie dla Ciebie aim booster, nawet je\u015bli jeste\u015b bli\u017cej poziomu pocz\u0105tkuj\u0105cego, ta instrukcja jest dla Ciebie idealna. Om\u00f3wi\u0119 korzy\u015bci p\u0142yn\u0105ce z pracy trener\u00f3w celowych oraz pewne powszechne nieporozumienia w lokalnej spo\u0142eczno\u015bci.<\/p>\n\n\n\n<p>Trudno jest celowa\u0107 jako strzelec. Musisz by\u0107 w stanie szybko poci\u0105gn\u0105\u0107 za spust w odpowiedzi na ruch przeciwnika. Zanim u\u017cyjesz swoich umiej\u0119tno\u015bci na polu walki, musisz prze\u0107wiczy\u0107 t\u0119 umiej\u0119tno\u015b\u0107.<\/p>\n\n\n<div class=\"wp-block-image\">\n<figure class=\"aligncenter size-full\"><img loading=\"lazy\" decoding=\"async\" width=\"1000\" height=\"500\" src=\"https:\/\/cpstesters.com\/wp-content\/uploads\/2022\/08\/Aim_Trainer.jpg\" alt=\"Trener celno\u015bci\" class=\"wp-image-429\" title=\"\" srcset=\"https:\/\/cpstesters.com\/wp-content\/uploads\/2022\/08\/Aim_Trainer.jpg 1000w, https:\/\/cpstesters.com\/wp-content\/uploads\/2022\/08\/Aim_Trainer-300x150.jpg 300w, https:\/\/cpstesters.com\/wp-content\/uploads\/2022\/08\/Aim_Trainer-768x384.jpg 768w\" sizes=\"auto, (max-width: 1000px) 100vw, 1000px\" \/><figcaption class=\"wp-element-caption\">Trener celno\u015bci<\/figcaption><\/figure>\n<\/div>\n\n\n<h2 class=\"wp-block-heading\">Czym jest Gaming Aim?<\/h2>\n\n\n\n<p>Aby by\u0107 bardziej precyzyjnym, pr\u00f3bujemy zdefiniowa\u0107 poj\u0119cie &#8220;wirtualnego celu&#8221;. Mo\u017cemy manipulowa\u0107 medium, aby skierowa\u0107 siatk\u0119 myszy (lub wska\u017anik) na cel za pomoc\u0105 wirtualnego celowania. M\u00f3wi\u0105c inaczej, odnosi si\u0119 do naszej zdolno\u015bci do kontrolowania naszego urz\u0105dzenia peryferyjnego &#8211; myszy.<\/p>\n\n\n\n<p>Nale\u017cy r\u00f3wnie\u017c poda\u0107 podkomponenty wirtualnego celu. W tym artykule skupimy si\u0119 na aimie, czyli silniku do gier, szczeg\u00f3lnie dla graczy PC. Oto nasza najnowsza (V1) definicja podzespo\u0142\u00f3w wirtualnego celu.<\/p>\n\n\n\n<h2 class=\"wp-block-heading\">Co to jest trening celno\u015bci?<\/h2>\n\n\n\n<p>Testuj\u0105c czas reakcji, szybko\u015b\u0107 i mobilno\u015b\u0107, trening celno\u015bci poprawia refleks i uczy bardziej z\u0142o\u017conych chwyt\u00f3w, takich jak flick-shoty i \u015bledzenie przeciwnika.<\/p>\n\n\n\n<p>Trenerzy Aim online mog\u0105 pom\u00f3c Ci rozpocz\u0105\u0107 trening celowania. Aplikacje znane jako &#8220;aim trainers&#8221; s\u0105 tworzone specjalnie po to, aby pom\u00f3c graczom w strzelankach pierwszoosobowych w opanowaniu podstawowych technik strzelania, \u015bledzenia i celowania.<\/p>\n\n\n\n<h2 class=\"wp-block-heading\">Co to s\u0105 Trenerzy Celu?<\/h2>\n\n\n\n<p>Gracze mog\u0105 \u0107wiczy\u0107 sw\u00f3j cel w odpowiednim czasie z realistycznymi dzia\u0142aniami i odg\u0142osami za pomoc\u0105 trenera celowania. Informacje mog\u0105 by\u0107 przetwarzane w korze m\u00f3zgowej szybciej ni\u017c umys\u0142 mo\u017ce je \u015bwiadomie zarejestrowa\u0107. Najbardziej kluczowym aspektem gry wideo jest celowanie, poniewa\u017c okre\u015bla, jak dobrze mo\u017cesz wykona\u0107. <a href=\"https:\/\/www.youtube.com\/watch?v=ZKdrh7qZ4wg\" target=\"_blank\" rel=\"noreferrer noopener\">Skuteczno\u015b\u0107 aim trainer\u00f3w<\/a> mo\u017cecie te\u017c sprawdzi\u0107 na tym filmie.<\/p>\n\n\n\n<p>Zapewnia graczom kontrol\u0119 nad ruchami cia\u0142a i g\u0142owy ich awatara, a tak\u017ce usprawni celowanie. Mo\u017cesz trenowa\u0107 sw\u00f3j umys\u0142, aby by\u0107 bardziej adeptem w szybkim uderzaniu w cele za pomoc\u0105 tester\u00f3w celu. Pomagaj\u0105 one w oswojeniu si\u0119 z czasem i schematem strzelania, a tak\u017ce z szybko\u015bci\u0105 i ruchliwo\u015bci\u0105 celu.<\/p>\n\n\n\n<h2 class=\"wp-block-heading\">Czy Aim Trainers naprawd\u0119 pomagaj\u0105?<\/h2>\n\n\n\n<p>U\u017cywanie trenera celowania podczas treningu pomaga poprawi\u0107 ruchy, celowanie, monitorowanie, strzelanie (click-time) i precyzj\u0119.<\/p>\n\n\n\n<p>Trenerzy Aim mog\u0105 r\u00f3wnie\u017c pom\u00f3c w okre\u015bleniu idealnej czu\u0142o\u015bci myszy lub dpi. Zar\u00f3wno na celowanie, jak i na ruch myszy du\u017cy wp\u0142yw ma zmiana ustawie\u0144 myszy.<\/p>\n\n\n\n<p>Twoje mi\u0119\u015bnie zaczynaj\u0105 reagowa\u0107 na ruchy, je\u015bli \u0107wiczysz gr\u0119 treningow\u0105 na cel przez oko\u0142o godzin\u0119; jest to okre\u015blane jako pami\u0119\u0107 mi\u0119\u015bniowa! Uczysz si\u0119 i rozwijasz skuteczniej z pomoc\u0105 pami\u0119ci mi\u0119\u015bniowej. Twoje postrzeganie dok\u0142adno\u015bci i przewidywania ruch\u00f3w jest lepsze, co poprawia wra\u017cenia z gry.<\/p>\n\n\n\n<p>Korzystaj\u0105c z aim trainera mo\u017cesz gra\u0107 ze swoimi kumplami. Kiedy wyczuwasz rywalizacj\u0119, masz wi\u0119ksz\u0105 motywacj\u0119 do doskonalenia swoich umiej\u0119tno\u015bci. To jedna z rzeczy, kt\u00f3re inspiruj\u0105 do praktykowania samodoskonalenia.<\/p>\n\n\n\n<p class=\"has-text-align-center has-background has-medium-font-size\" style=\"background-color:#ffb15e\">Zanim poprawisz celno\u015b\u0107, spr\u00f3buj te\u017c <a href=\"https:\/\/cpstesters.com\/pl\/\" target=\"_blank\" rel=\"noreferrer noopener\">testu CPS<\/a><\/p>\n\n\n\n<h2 class=\"wp-block-heading\">Trener celno\u015bci 3D<\/h2>\n\n\n\n<p>Ten program mo\u017ce by\u0107 dost\u0119pny bezpo\u015brednio z pulpitu i jest wolny od reklam. Jest tak\u017ce przyst\u0119pna na Androida, bet\u0119 i iOS. Ka\u017cdy uczestnik mo\u017ce przygotowa\u0107 si\u0119 do konkurencyjnych rozgrywek z trenerem 3D aim.<\/p>\n\n\n\n<p>Dla niekt\u00f3rych z najbardziej popularnych gier typu first-person shooter, takich jak Call of Duty, Counterstrike GO i innych, ten program oferuje kilka \u0107wicze\u0144 i instrukcji.<\/p>\n\n\n\n<p>Dodatkowo posiada du\u017cy wyb\u00f3r playlist, dzi\u0119ki kt\u00f3rym ka\u017cdy gracz mo\u017ce si\u0119 rozlu\u017ani\u0107 przed zaanga\u017cowaniem si\u0119 w rywalizacj\u0119. W wersji multiplayer trenera celowania 3D mo\u017cesz rywalizowa\u0107 z innymi, aby sprawdzi\u0107, jak dok\u0142adny jest tw\u00f3j trening celowania.<\/p>\n\n\n\n<p>Mo\u017cesz u\u017cy\u0107 tej aplikacji, aby przygotowa\u0107 si\u0119 do lepszych wynik\u00f3w, niezale\u017cnie od tego, czy grasz w gry wideo na komputerze, czy na urz\u0105dzeniu mobilnym.<\/p>\n\n\n\n<h2 class=\"wp-block-heading\">Dlaczego kto\u015b poleci\u0142by Aim Training?<\/h2>\n\n\n\n<p>Gracz FPS mo\u017ce wykorzysta\u0107 aim booster, aby poprawi\u0107 swoj\u0105 mechanik\u0119 celowania, podobnie jak zawodowy sportowiec mo\u017ce skupi\u0107 si\u0119 na konkretnych grupach mi\u0119\u015bniowych, aby u\u0142atwi\u0107 sobie uprawianie sportu. Trening celno\u015bci to zawsze dobry pomys\u0142. B\u0119dzie to prosta strategia na pocz\u0105tek i rozw\u00f3j swojego celu.<\/p>\n\n\n\n<p>Trenerzy celowi s\u0105 zalecani w nast\u0119puj\u0105cych dw\u00f3ch okoliczno\u015bciach:<\/p>\n\n\n\n<ol style=\"list-style-type:1\" class=\"wp-block-list\">\n<li>Jeste\u015b nowy w komputerowych strzelankach pierwszoosobowych.<\/li>\n<\/ol>\n\n\n\n<p>Powiniene\u015b sp\u0119dzi\u0107 znaczn\u0105 ilo\u015b\u0107 czasu na graniu w swoj\u0105 gr\u0119, nawet je\u015bli szlifowanie umiej\u0119tno\u015bci zwi\u0105zanych z celem jest kluczowe, poniewa\u017c mo\u017cesz nie mie\u0107 innych niezb\u0119dnych umiej\u0119tno\u015bci.<\/p>\n\n\n\n<p>  2. Dzi\u0119ki samotnej praktyce, chcesz dokona\u0107 poprawy swoich cel\u00f3w w odniesieniu do gry, w kt\u00f3r\u0105 grasz.<\/p>\n\n\n<div class=\"wp-block-image\">\n<figure class=\"aligncenter size-full\"><img loading=\"lazy\" decoding=\"async\" width=\"1000\" height=\"500\" src=\"https:\/\/cpstesters.com\/wp-content\/uploads\/2022\/08\/aim_mid.jpg\" alt=\"Przewodnik po treningu celowania\" class=\"wp-image-428\" title=\"\" srcset=\"https:\/\/cpstesters.com\/wp-content\/uploads\/2022\/08\/aim_mid.jpg 1000w, https:\/\/cpstesters.com\/wp-content\/uploads\/2022\/08\/aim_mid-300x150.jpg 300w, https:\/\/cpstesters.com\/wp-content\/uploads\/2022\/08\/aim_mid-768x384.jpg 768w\" sizes=\"auto, (max-width: 1000px) 100vw, 1000px\" \/><figcaption class=\"wp-element-caption\">Przewodnik po treningu celowania<\/figcaption><\/figure>\n<\/div>\n\n\n<h2 class=\"wp-block-heading\">Co sprawia, \u017ce oprogramowanie Aim Training jest &#8220;dobre&#8221;?<\/h2>\n\n\n\n<p>Dobre oprogramowanie do nauki celowania daje Ci r\u00f3\u017cne trudno\u015bci. Symulacja, kt\u00f3ra stale ci\u0119 wyprzedza lub rzuca w ciebie rzeczami z nadludzk\u0105 pr\u0119dko\u015bci\u0105, mo\u017ce by\u0107 wykorzystana na twoj\u0105 korzy\u015b\u0107. W rezultacie zaczynasz bardziej polega\u0107 na instynkcie, a mniej na wspomnieniach. Tw\u00f3j m\u00f3zg i mi\u0119\u015bnie s\u0105 szkolone do reagowania bez my\u015blenia dzi\u0119ki bezb\u0142\u0119dnemu trenerowi FPS.<\/p>\n\n\n\n<p>Korzystne jest \u0107wiczenie z wykorzystaniem symulacji, kt\u00f3re prawdopodobnie nie wyst\u0119puj\u0105 w grach takich jak Call of Duty (COD), je\u015bli si\u0119 do nich przygotowujesz. W por\u00f3wnaniu do innych gier, w tym Destiny czy Overwatch, COD ma tendencj\u0119 do skupiania si\u0119 na &#8220;realizmie&#8221;.<\/p>\n\n\n\n<h2 class=\"wp-block-heading\">Jak dzia\u0142a Aim Trainer?<\/h2>\n\n\n\n<p>Godziny sp\u0119dzone na graniu w gry z gatunku first-person shooter nie pomog\u0105 Ci lepiej celowa\u0107.<\/p>\n\n\n\n<ul class=\"wp-block-list\">\n<li>Prawie nigdy nie ma si\u0119 wystarczaj\u0105cej praktyki strzeleckiej przed walk\u0105.<\/li>\n\n\n\n<li>Nie ma mo\u017cliwo\u015bci, aby\u015b stworzy\u0142 baz\u0119 do rozwoju umiej\u0119tno\u015bci.<\/li>\n<\/ul>\n\n\n\n<p>Aim Twoje my\u015blenie, umiej\u0119tno\u015bci motoryczne i cel poprawi\u0105 si\u0119 w ukierunkowanej atmosferze, gdzie mo\u017cesz wyizolowa\u0107 ka\u017cdy mechanizm celowania dla bardziej efektywnego treningu.<\/p>\n\n\n\n<p>To, co w grze mo\u017cna osi\u0105gn\u0105\u0107 poprzez niestrudzone szlifowanie, tutaj mo\u017cna osi\u0105gn\u0105\u0107 w ci\u0105gu kilku godzin.<\/p>\n\n\n\n<p>Otrzymujesz proste, zorientowane na cel podej\u015bcie do treningu, podczas gdy rozwijasz pami\u0119\u0107 mi\u0119\u015bniow\u0105, kt\u00f3ra naturalnie stapia si\u0119 z twoj\u0105 gr\u0105, gdzie solidne ulepszenia celu skutkuj\u0105 zwyci\u0119skimi wynikami w grze.<\/p>\n\n\n\n<h2 class=\"wp-block-heading\">Po co ci Aim Trainer?<\/h2>\n\n\n\n<p>Trening celno\u015bciowy jest jak do\u015bwiadczenie na si\u0142owni. W KovaaK i Aim Lab, u\u017cytkownicy mog\u0105 wyizolowa\u0107 konkretne rodzaje celowania, tak jak mo\u017cna wyizolowa\u0107 konkretne mi\u0119\u015bnie podczas treningu. W \u017cyciu dostajesz to, co wk\u0142adasz w wi\u0119kszo\u015b\u0107 rzeczy, a kiedy pocz\u0105tkowo rozpoczniesz swoj\u0105 podr\u00f3\u017c, wiele rzeczy stanie si\u0119 dla ciebie niezwykle jasne.<\/p>\n\n\n\n<p>Poniewa\u017c trener celuj\u0105cy wska\u017ce Ci braki niezale\u017cnie od poziomu Twoich umiej\u0119tno\u015bci, dla niekt\u00f3rych mo\u017ce to by\u0107 nawet przera\u017caj\u0105ce.<\/p>\n\n\n\n<p>Trzymaj\u0105c si\u0119 analogii z si\u0142owni\u0105, koniecznie trzeba wzi\u0105\u0107 pod uwag\u0119 takie kwestie jak przepracowanie czy granie do momentu, w kt\u00f3rym korzy\u015bci zaczynaj\u0105 s\u0142abn\u0105\u0107. Niedotrenowanie by\u0142oby analogiczne do zaniedbania s\u0142abo\u015bci, kt\u00f3rej jeste\u015b \u015bwiadomy.<\/p>\n\n\n\n<p>\u015awiadomo\u015b\u0107, \u017ce jest dobrze, jest kluczowa, poniewa\u017c trener celuj\u0105cy wska\u017ce Ci Twoje s\u0142abo\u015bci. Nie mo\u017cesz wej\u015b\u0107 do centrum fitness i wycisn\u0105\u0107 450 funt\u00f3w na \u0142awce po raz pierwszy; musisz gdzie\u015b zacz\u0105\u0107. To dobrze, je\u015bli musisz zacz\u0105\u0107 od 10 funt\u00f3w i pracowa\u0107 z t\u0105 ilo\u015bci\u0105 przez tydzie\u0144 przed zwi\u0119kszeniem wagi.<\/p>\n\n\n\n<h2 class=\"wp-block-heading\">Jak poprawi\u0107 sw\u00f3j FPS Aim?<\/h2>\n\n\n\n<p>W grach typu first-person shooter, mo\u017ce by\u0107 atrakcyjne, aby po prostu gra\u0107 i oczekiwa\u0107, aby uzyska\u0107 lepsze, ale s\u0105 chwile, kiedy powr\u00f3t do podstaw jest najlepszym sposobem dzia\u0142ania.<\/p>\n\n\n\n<p>Nawet je\u015bli nie musisz \u0107wiczy\u0107 codziennie lub bra\u0107 swoich umiej\u0119tno\u015bci tak dok\u0142adnie, jak robi\u0105 to zawodowcy, nadal mo\u017cesz si\u0119 od nich wiele nauczy\u0107. Oto kilka wskaz\u00f3wek dotycz\u0105cych dostosowania naszych ustawie\u0144 gry, kilka przydatnych \u0107wicze\u0144 do wykonania oraz idealny sprz\u0119t do wzmocnienia naszego treningu celowania.<\/p>\n\n\n\n<h3 class=\"wp-block-heading\"><strong>Dobierz odpowiedni sprz\u0119t<\/strong><\/h3>\n\n\n\n<p>Podk\u0142adka pod mysz i mysz to dwa najwa\u017cniejsze elementy wyposa\u017cenia do precyzyjnego celowania. Na szcz\u0119\u015bcie system czujnik\u00f3w myszy poszed\u0142 do przodu, dzi\u0119ki czemu mo\u017cna kupi\u0107 niezawodnego gryzonia bez wydawania fortuny. Mo\u017cliwo\u015bci DPI, rozmiar i uk\u0142ad przycisk\u00f3w to kilka rzeczy, na kt\u00f3re nale\u017cy zwr\u00f3ci\u0107 uwag\u0119 podczas zakup\u00f3w najlepszej myszy do gier.<\/p>\n\n\n\n<p>Zdob\u0105d\u017a najwi\u0119ksz\u0105 podk\u0142adk\u0119 pod mysz, kt\u00f3ra zmie\u015bci si\u0119 na biurku, poniewa\u017c nie b\u0119dziesz chcia\u0142 podnosi\u0107 myszy podczas strzelaniny. Nast\u0119pna na li\u015bcie powinna by\u0107 wygodna mata. Aby porusza\u0107 myszk\u0105, gracze korzystaj\u0105cy z bardzo niskich ustawie\u0144 DPI musz\u0105 wykonywa\u0107 znacznie wi\u0119ksze ruchy r\u0119k\u0105.<\/p>\n\n\n\n<h3 class=\"wp-block-heading\"><strong>Strategie i zrozumienie gry<\/strong><\/h3>\n\n\n\n<p>Dwie najpopularniejsze techniki celowania to tracking i flick shots. \u015aledzenie jest krytyczn\u0105 cech\u0105 dla postaci DPS korzystaj\u0105cych z broni automatycznej, poniewa\u017c obejmuje utrzymywanie celownika na przeciwniku i poruszanie si\u0119 z nim.<\/p>\n\n\n\n<p>W przypadku broni jednostrza\u0142owych, w tym snajper\u00f3w i McCree z Overwatcha, stosuje si\u0119 strza\u0142y typu flick shot, polegaj\u0105ce na przesuni\u0119ciu celownika na cel przed powrotem do stabilnej pozycji.<\/p>\n\n\n\n<p>Niezale\u017cnie od tego, jak\u0105 postaci\u0105 grasz, celuj tam, gdzie spodziewasz si\u0119 natkn\u0105\u0107 na przeciwnika. Wa\u017cne jest przewidywanie ruch\u00f3w przeciwnik\u00f3w, a w miar\u0119 cz\u0119stszego grania b\u0119dziesz w tym coraz lepszy. Jeste\u015b bardziej sk\u0142onny przegapi\u0107 sw\u00f3j cel, je\u015bli musisz reagowa\u0107 na pocz\u0105tku bitwy.<\/p>\n\n\n\n<p>Praca nad swoim celem w preferowanej grze jest lepsz\u0105 taktyk\u0105. W celu monitorowania, umie\u015b\u0107 sw\u00f3j celownik w okre\u015blonym miejscu przed rozpocz\u0119ciem ruchu. Utrzymuj sw\u00f3j celownik na okre\u015blonym miejscu, jednocze\u015bnie przemieszczaj\u0105c si\u0119 i na\u015bladuj\u0105c ruchy w stylu bojowym.<\/p>\n\n\n\n<h2 class=\"wp-block-heading\">G\u0142\u00f3wne korzy\u015bci wynikaj\u0105ce z zastosowania oprogramowania szkoleniowego Aim<\/h2>\n\n\n\n<p>Zalety zatrudnienia trener\u00f3w celowych s\u0105 nast\u0119puj\u0105ce:<\/p>\n\n\n\n<h3 class=\"wp-block-heading\"><strong>Szybka i skuteczna analiza<\/strong><\/h3>\n\n\n\n<p>Gracze mog\u0105 doskonali\u0107 swoje umiej\u0119tno\u015bci celowania w grach w czasie rzeczywistym z autentycznymi ruchami i odg\u0142osami, korzystaj\u0105c z trenera celowania. Przetwarzanie informacji, kt\u00f3re nasz umys\u0142 mo\u017ce aktywnie odbiera\u0107, jest kontrolowane przez sprawno\u015b\u0107 korow\u0105.<\/p>\n\n\n\n<p>Ka\u017cda inna gra z gatunku first-person shooting wymaga dok\u0142adnego celowania, gdy\u017c jest to podstawowa umiej\u0119tno\u015b\u0107, kt\u00f3ra decyduje o tym, jak dobry jest gracz. Je\u015bli masz problemy z celowaniem, natychmiast skorzystaj z pomocy trenera celowania! Najskuteczniejsz\u0105 technik\u0105 trenowania swojego m\u00f3zgu, aby sta\u0142 si\u0119 bardziej bieg\u0142y w trafianiu w cele, jest u\u017cywanie trener\u00f3w celu.<\/p>\n\n\n\n<p>Gracz mo\u017ce rozwin\u0105\u0107 pami\u0119\u0107 mi\u0119\u015bniow\u0105 reakcji na pocz\u0105tkow\u0105 pozycj\u0119 celu, pr\u0119dko\u015b\u0107, sekwencj\u0119 strza\u0142\u00f3w (click timing) i rytm z wykorzystaniem tych technik.<\/p>\n\n\n\n<h3 class=\"wp-block-heading\"><strong>Przejd\u017a na trening w grze<\/strong><\/h3>\n\n\n\n<p>W ostatnich latach wykorzystanie szkole\u0144 symulacyjnych gwa\u0142townie wzros\u0142o. Powiniene\u015b uda\u0107 si\u0119 do stref treningowych na intensywne sesje treningowe, je\u015bli chcia\u0142e\u015b po\u0107wiczy\u0107 techniki celowania, aby gra\u0107 konkurencyjnie.<\/p>\n\n\n\n<p>Przecie\u017c widoczno\u015b\u0107 celu ca\u0142kowicie decyduje o tym, jak efektywny jest trening celowania. Zasady gry mo\u017cna czasem lepiej zrozumie\u0107 poprzez trening w grze, a konsekwentny trening celowania poprawia tw\u00f3j cel fps.<\/p>\n\n\n\n<p>Ponadto wiadomo, \u017ce nasz m\u00f3zg potrafi odr\u00f3\u017cni\u0107 fa\u0142szywy wystrza\u0142 od prawdziwego.<\/p>\n\n\n\n<p>Trena\u017cer celowniczy 3D urozmaici codzienne treningi, umo\u017cliwiaj\u0105c \u0107wiczenie technik strzelania i celowania w bezpiecznym i regulowanym \u015brodowisku.<\/p>\n\n\n\n<h2 class=\"wp-block-heading has-text-align-center\">FAQ&#8217;s<\/h2>\n\n\n\n<h3 class=\"wp-block-heading\"><strong>Co to jest test celno\u015bci?<\/strong><\/h3>\n\n\n\n<p>Jest to tutorial online stworzony dla graczy, kt\u00f3rzy graj\u0105 w takie gry jak na przyk\u0142ad Fortnite czy Counterstrike. Idea test\u00f3w celno\u015bci jest prosta: mo\u017cesz z nimi trenowa\u0107, aby zwi\u0119kszy\u0107 zar\u00f3wno sw\u00f3j procent strza\u0142\u00f3w, jak i szybko\u015b\u0107 strzelania.<\/p>\n\n\n\n<h3 class=\"wp-block-heading\"><strong>Jak dzia\u0142aj\u0105 Trenerzy Celu?<\/strong><\/h3>\n\n\n\n<p>U\u017cywanie trenera celno\u015bci podczas treningu pomaga poprawi\u0107 ruchy, celowanie, monitorowanie, strzelanie (click-time) i dok\u0142adno\u015b\u0107. Twoje mi\u0119\u015bnie zaczynaj\u0105 reagowa\u0107 na ruchy po zagraniu w gr\u0119 treningow\u0105 aim jest to okre\u015blane jako pami\u0119\u0107 mi\u0119\u015bniowa.<\/p>\n\n\n\n<h3 class=\"wp-block-heading\"><strong>Co si\u0119 dzieje, gdy konsekwentnie wykonujemy wirtualny Trening Celu?<\/strong><\/h3>\n\n\n\n<p>Uk\u0142ad nerwowy jest jednym z kluczowych uk\u0142ad\u00f3w naszego organizmu, kt\u00f3ry reaguje na wirtualny trening. Do najkorzystniejszych modyfikacji i post\u0119p\u00f3w, jakie obserwujemy w naszym celu, nale\u017c\u0105 adaptacje m\u00f3zgu.<\/p>\n\n\n\n<h3 class=\"wp-block-heading\"><strong>Jak mog\u0119 poprawi\u0107 sw\u00f3j cel?<\/strong><\/h3>\n\n\n\n<p>Ka\u017cda umiej\u0119tno\u015b\u0107 mo\u017ce by\u0107 nauczona i udoskonalona dzi\u0119ki konsekwentnemu powtarzaniu. Jest to r\u00f3wnie\u017c dok\u0142adne podczas pr\u00f3by wyostrzenia celu. Liczba neuron\u00f3w aktywnych w tych po\u0142\u0105czeniach, a nie liczba nowych po\u0142\u0105cze\u0144 neurologicznych tworzonych przez ka\u017cd\u0105 now\u0105 umiej\u0119tno\u015b\u0107, kt\u00f3rej si\u0119 uczysz, okre\u015bli tw\u00f3j stopie\u0144 umiej\u0119tno\u015bci.<\/p>\n\n\n\n<h2 class=\"wp-block-heading\">Cel ko\u0144cowy Tester<\/h2>\n\n\n\n<p>Czytaj\u0105c ten esej, musisz mie\u0107 ju\u017c podstawowe poj\u0119cie o tym, w jaki spos\u00f3b trener celowania pomaga doskonali\u0107 umiej\u0119tno\u015bci strzelania z pierwszej osoby. I jest to doskona\u0142y wyb\u00f3r, je\u015bli szuka\u0142e\u015b strategii wyostrzania celu, kt\u00f3re by\u0142y jednocze\u015bnie trudne i przyjemne.<\/p>\n\n\n\n<p>Technika doskonalenia celu karabinu lub pistoletu w celu poprawy dok\u0142adno\u015bci, stabilno\u015bci i szybko\u015bci jest znana jako trening celno\u015bci. Korzystanie z trena\u017cera celno\u015bciowego u\u0142atwia popraw\u0119 zmys\u0142u gry, poniewa\u017c wzmacnia pami\u0119\u0107 mi\u0119\u015bniow\u0105 i uczy m\u00f3zg. Nowicjusz cz\u0119sto b\u0119dzie mia\u0142 problemy z foremkami, zam\u00f3w trenera celno\u015bci od razu, je\u015bli jeste\u015b gotowy na jaki\u015b jako\u015bciowy trening.<\/p>\n\n\n\n<p>Mamy te\u017c kilka innych narz\u0119dzi:<\/p>\n\n\n\n<ul class=\"wp-block-list\">\n<li><a href=\"https:\/\/cpstesters.com\/pl\/drag-click-test\/\" target=\"_blank\" rel=\"noreferrer noopener\">Test przeci\u0105gania i klikania<\/a><\/li>\n\n\n\n<li><a href=\"https:\/\/cpstesters.com\/pl\/test-myszy\/\" target=\"_blank\" rel=\"noreferrer noopener\">Badanie na myszach<\/a><\/li>\n\n\n\n<li><a href=\"https:\/\/cpstesters.com\/pl\/test-przewijania-myszy\/\" target=\"_blank\" rel=\"noreferrer noopener\">Test przewijania myszy<\/a><\/li>\n\n\n\n<li><a href=\"https:\/\/cpstesters.com\/pl\/mouse-rate-checker\/\" target=\"_blank\" rel=\"noreferrer noopener\">Mouse Rate Checker<\/a><\/li>\n\n\n\n<li><a href=\"https:\/\/cpstesters.com\/pl\/test-opoznienia-myszy\/\" target=\"_blank\" rel=\"noreferrer noopener\">Test op\u00f3\u017anienia myszy<\/a><\/li>\n\n\n\n<li><a href=\"https:\/\/cpstesters.com\/pl\/apm-test\/\" target=\"_blank\" rel=\"noreferrer noopener\">Test APM<\/a><\/li>\n<\/ul>\n","protected":false},"excerpt":{"rendered":"<p>Wzmacniacz celowania to tester online, kt\u00f3ry pomo\u017ce Ci poprawi\u0107 swoje umiej\u0119tno\u015bci celowania w profesjonalnych grach, sprawd\u017a to i spr\u00f3buj uzyska\u0107 jak najwy\u017cszy wynik! Wzmacnianie swojego &#8230; <\/p>\n<p class=\"read-more-container\"><a title=\"Wzmacniacz celowania | Najlepszy tester do poprawy celowania online\" class=\"read-more button\" href=\"https:\/\/cpstesters.com\/pl\/aim-trainer\/#more-2791\" aria-label=\"Dowiedz si\u0119 wi\u0119cej o Wzmacniacz celowania | Najlepszy tester do poprawy celowania online\">Read More<\/a><\/p>\n","protected":false},"author":4,"featured_media":1379,"parent":0,"menu_order":0,"comment_status":"closed","ping_status":"closed","template":"","meta":{"footnotes":""},"class_list":["post-2791","page","type-page","status-publish","has-post-thumbnail"],"_links":{"self":[{"href":"https:\/\/cpstesters.com\/pl\/wp-json\/wp\/v2\/pages\/2791","targetHints":{"allow":["GET"]}}],"collection":[{"href":"https:\/\/cpstesters.com\/pl\/wp-json\/wp\/v2\/pages"}],"about":[{"href":"https:\/\/cpstesters.com\/pl\/wp-json\/wp\/v2\/types\/page"}],"author":[{"embeddable":true,"href":"https:\/\/cpstesters.com\/pl\/wp-json\/wp\/v2\/users\/4"}],"replies":[{"embeddable":true,"href":"https:\/\/cpstesters.com\/pl\/wp-json\/wp\/v2\/comments?post=2791"}],"version-history":[{"count":5,"href":"https:\/\/cpstesters.com\/pl\/wp-json\/wp\/v2\/pages\/2791\/revisions"}],"predecessor-version":[{"id":5860,"href":"https:\/\/cpstesters.com\/pl\/wp-json\/wp\/v2\/pages\/2791\/revisions\/5860"}],"wp:featuredmedia":[{"embeddable":true,"href":"https:\/\/cpstesters.com\/pl\/wp-json\/wp\/v2\/media\/1379"}],"wp:attachment":[{"href":"https:\/\/cpstesters.com\/pl\/wp-json\/wp\/v2\/media?parent=2791"}],"curies":[{"name":"wp","href":"https:\/\/api.w.org\/{rel}","templated":true}]}}