{"id":2781,"date":"2024-07-16T14:00:28","date_gmt":"2024-07-16T14:00:28","guid":{"rendered":"https:\/\/cpstesters.com\/test-podwojnego-klikniecia-sprawdzian-klikania-mysza\/"},"modified":"2024-09-17T14:30:19","modified_gmt":"2024-09-17T14:30:19","slug":"double-click-test","status":"publish","type":"page","link":"https:\/\/cpstesters.com\/pl\/double-click-test\/","title":{"rendered":"Test podw\u00f3jnego klikni\u0119cia | Sprawdzian klikania mysz\u0105"},"content":{"rendered":"\n<p>Dzi\u0119ki temu testowi podw\u00f3jnego klikni\u0119cia sprawd\u017a, czy Twoja mysz daje dwa wej\u015bcia w tym samym czasie i popraw swoj\u0105 szybko\u015b\u0107 klikania!<\/p>\n     \r\n<div class=\"row\">\r\n\t<div class=\"col-md-4\">\r\n\r\n\t\t\r\n\t\t\r\n\t\t<div class=\"side_nav\">\r\n            \r\n            \r\n            <ul class=\"time\">\r\n              <li>\r\n            <span data-time=\"1.00\">1 Second Test<\/span>\r\n            <\/li><li>\r\n           <span data-time=\"2.00\">2 Second Test<\/span>\r\n            <\/li><li>\r\n         <span data-time=\"5.00\">5 Second Test<\/span>\r\n            <\/li><li>\r\n\t\t\t<span data-time=\"10.00\">10 Second Test<\/span>\r\n            <\/li><li>\r\n            <span data-time=\"15.00\">15 Second Test<\/span>\r\n            <\/li>\r\n\t\t\t<li>\r\n            <span data-time=\"30.00\">30 Second Test<\/span>\r\n            <\/li>\r\n\t\t\t\t<li>\r\n            <span data-time=\"60.00\">60 Second Test<\/span>\r\n            <\/li>\r\n\t\t\t\t<li>\r\n            <span data-time=\"100.00\">100 Second Test<\/span>\r\n            <\/li>\r\n\t\t\t\r\n\t\t\t<\/ul>\r\n            <\/div>\r\n\t\t\r\n\t\t\r\n\t<\/div>\r\n\t<div class=\"col-md-8\">\r\n\t\t<section class=\"section section--full js-section-full section--click\">\r\n               <div class=\"container\">\r\n\t\t\t\t   \r\n\t\t\t\t         <div class=\"setting\">\r\n    <div class=\"theme-mode\"><a class=\"theme-mode__switch js-switch\" href=\"javascript:void(0);\"><\/a>\r\n        <div class=\"theme-mode__text\">Light \/ Dark mode<\/div>\r\n    <\/div>\r\n<\/div>\r\n\t\t\t\t   \r\n\t\t\t\t   \r\n                  <div class=\"statistics\">\r\n                     <div class=\"statistics__item statistics__item--timer\">\r\n                        <div class=\"statistics__number\">\r\n                           <span class=\"js-time number_timer\">5.00<\/span>\r\n                           <a class=\"statistics__arrow statistics__arrow--up js-time-up\" href=\"javascript:void(0);\">\r\n                              <svg class=\"icon icon-arrow-up \">\r\n                                 <use xlink:href=\"\/wp-content\/themes\/generatepress\/tools\/assets\/img\/spritesvg.svg#arrow-up\"><\/use>\r\n                              <\/svg>\r\n                           <\/a>\r\n                           <a class=\"statistics__arrow statistics__arrow--down js-time-down\" href=\"javascript:void(0);\">\r\n                              <svg class=\"icon icon-arrow-up \">\r\n                                 <use xlink:href=\"\/wp-content\/themes\/generatepress\/tools\/assets\/img\/spritesvg.svg#arrow-up\"><\/use>\r\n                              <\/svg>\r\n                           <\/a>\r\n                        <\/div>\r\n                        <div class=\"statistics__title\">Timer<\/div>\r\n                     <\/div>\r\n                     <div class=\"statistics__item statistics__item--clicks\">\r\n\t\t\t\t\t\t<div class=\"statistics__number number_clicks js-double-click\">0<\/div>\r\n\t\t\t\t\t\t<div class=\"statistics__title\">Double clicks<\/div>\r\n\t\t\t\t\t<\/div>\r\n                     <div class=\"statistics__item statistics__item--score\">\r\n\t\t\t\t\t\t<div class=\"statistics__number number_score js-total-click\">0<\/div>\r\n\t\t\t\t\t\t<div class=\"statistics__title\">Total clicks<\/div>\r\n\t\t\t\t\t<\/div>\r\n                  <\/div>\r\n                  <div class=\"clicks-zone\">\r\n                     <div class=\"clicks-zone__start js-clicks-start\">\r\n                        <svg class=\"icon icon-click \">\r\n                           <use xlink:href=\"\/wp-content\/themes\/generatepress\/tools\/assets\/img\/spritesvg.svg#click\"><\/use>\r\n                        <\/svg>\r\n                        <div class=\"clicks-zone__start-title\">\u0421lick here to start Doube Click test<\/div>\r\n                     <\/div>\r\n                     <div class=\"clicks-zone__clicks js-clicks\"><\/div>\r\n                     <div class=\"clicks-zone__result result-clicks js-clicks-result\">\r\n                         <div class=\"result-clicks__text double__clicks\" data-text=\"Your Result is {clicks} Double clicks in {time} seconds\"><\/div>\r\n\t\t\t\t\t\t\t<a class=\"result-clicks__btn js-try-again\" href=\"javascript:void(0);\">\r\n\t\t\t\t\t\t\t\t<svg class=\"icon icon-again \">\r\n\t\t\t\t\t\t\t\t\t<use xlink:href=\"\/wp-content\/themes\/generatepress\/tools\/assets\/img\/spritesvg.svg#again\"><\/use>\r\n\t\t\t\t\t\t\t\t<\/svg>Restart\r\n\t\t\t\t\t\t\t<\/a>\r\n\r\n                        <div class=\"result-clicks__share\">\r\n                           <div class=\"result-clicks__share-title\">Share your result with friends!<\/div>\r\n                           <div class=\"share-buttons\">\r\n                              <a class=\"share-button facebook\" data-href=\"https:\/\/www.facebook.com\/sharer\/sharer.php?u=https:\/\/cpstesters.com\/\" target=\"_blank\" onclick=\"goclicky(this); return false;\" rel=\"noopener\">Facebook<\/a>\r\n                              <a class=\"share-button twitter\" data-href=\"http:\/\/www.twitter.com\/share?url=https:\/\/cpstesters.com\/&text=[text]\" target=\"_blank\" onclick=\"goclicky(this); return false;\" rel=\"noopener\">Twitter<\/a>\r\n                              <a class=\"share-button whatsapp\" data-href=\"https:\/\/api.whatsapp.com\/send?text=[text]\" target=\"_blank\" onclick=\"goclicky(this); return false;\" rel=\"noopener\">WhatsApp<\/a>\r\n                              <a class=\"share-button reddit\" data-href=\"http:\/\/www.reddit.com\/submit?url=https:\/\/cpstesters.com\/&title=[text]\" target=\"_blank\" onclick=\"goclicky(this); return false;\" rel=\"noopener\">Reddit<\/a>\r\n                           <\/div>\r\n                        <\/div>\r\n                     <\/div>\r\n                  <\/div>\r\n                  <img decoding=\"async\" src=\"\/wp-content\/themes\/generatepress\/tools\/assets\/img\/test_result\/3\/1.png\" style=\"display: none\" alt=\"\" title=\"\">\r\n                  <img decoding=\"async\" src=\"\/wp-content\/themes\/generatepress\/tools\/assets\/img\/test_result\/5\/1.png\" style=\"display: none\" alt=\"\" title=\"\">\r\n                  <img decoding=\"async\" src=\"\/wp-content\/themes\/generatepress\/tools\/assets\/img\/test_result\/1\/1.png\" style=\"display: none\" alt=\"\" title=\"\">\r\n                  <img decoding=\"async\" src=\"\/wp-content\/themes\/generatepress\/tools\/assets\/img\/test_result\/2\/1.png\" style=\"display: none\" alt=\"\" title=\"\">\r\n                  <img decoding=\"async\" src=\"\/wp-content\/themes\/generatepress\/tools\/assets\/img\/test_result\/0\/1.png\" style=\"display: none\" alt=\"\" title=\"\">\r\n                  <img decoding=\"async\" src=\"\/wp-content\/themes\/generatepress\/tools\/assets\/img\/test_result\/6\/1.png\" style=\"display: none\" alt=\"\" title=\"\">\r\n                  <img decoding=\"async\" src=\"\/wp-content\/themes\/generatepress\/tools\/assets\/img\/test_result\/7\/1.png\" style=\"display: none\" alt=\"\" title=\"\">\r\n                  <img decoding=\"async\" src=\"\/wp-content\/themes\/generatepress\/tools\/assets\/img\/test_result\/4\/1.png\" style=\"display: none\" alt=\"\" title=\"\">\r\n                  <script>\r\n                     var test_result = {\"ratings\":{\"min\":0,\"max\":5},\"rating_ranks\":[\"Your Rank is Snail!\",\"Your Rank is Koala!\",\"Your Rank is Turtle!\",\"Your Rank is Panda!\",\"Your Rank is Hare!\",\"Your Rank is Kangaroo!\",\"Your Rank is Panther!\",\"Your Rank is Cheetah!\"],\"cps_scale\":[[0,1],[1,3],[3,5],[5,7],[7,9],[9,10],[10,12],[12,999]],\"files\":{\"3\":[\"\\\/wp-content\\\/themes\\\/generatepress\\\/tools\\\\assets\\\/img\\\/test_result\\\/3\\\/1.png\"],\"5\":[\"\\\/wp-content\\\/themes\\\/generatepress\\\/tools\\\\assets\\\/img\\\/test_result\\\/5\\\/1.png\"],\"1\":[\"\\\/wp-content\\\/themes\\\/generatepress\\\/tools\\\\assets\\\/img\\\/test_result\\\/1\\\/1.png\"],\"2\":[\"\\\/wp-content\\\/themes\\\/generatepress\\\/tools\\\\assets\\\/img\\\/test_result\\\/2\\\/1.png\"],\"0\":[\"\\\/wp-content\\\/themes\\\/generatepress\\\/tools\\\\assets\\\/img\\\/test_result\\\/0\\\/1.png\"],\"6\":[\"\\\/wp-content\\\/themes\\\/generatepress\\\/tools\\\\assets\\\/img\\\/test_result\\\/6\\\/1.png\"],\"7\":[\"\\\/wp-content\\\/themes\\\/generatepress\\\/tools\\\\assets\\\/img\\\/test_result\\\/7\\\/1.png\"],\"4\":[\"\\\/wp-content\\\/themes\\\/generatepress\\\/tools\\\\assets\\\/img\\\/test_result\\\/4\\\/1.png\"]}};\r\n                     var language = {\"code\":\"en\",\"name\":\"English\",\"prefix\":\"\"};\r\n                     var monitoringClickEvent = 'double';\r\n                     var shareTextDefault = 'My Result is {clicks} Double clicks in {time} seconds';\r\n                  <\/script>        \r\n               <\/div>\r\n            <\/section>\r\n\t\t\r\n\t<\/div>\r\n<\/div>\r\n\r\n    <script src=\"\/wp-content\/themes\/generatepress\/tools\/assets\/js\/libs.min.js\"><\/script>\r\n      <script src=\"\/wp-content\/themes\/generatepress\/tools\/assets\/js\/main.min.js?v64\"><\/script>\r\n\n\n<div style=\"height:5px\" aria-hidden=\"true\" class=\"wp-block-spacer\"><\/div>\n\n<h2 class=\"wp-block-heading\">Co to jest test podw\u00f3jnego klikni\u0119cia<\/h2>\n\n<p>Podw\u00f3jne klikni\u0119cie to proces polegaj\u0105cy na lekkim dotkni\u0119ciu g\u0142\u00f3wnego przycisku myszy w celu zarejestrowania wielu klikni\u0119\u0107 jednocze\u015bnie. Za pomoc\u0105 tej techniki mo\u017cna podnie\u015b\u0107 CPS, czyli klikni\u0119cia na sekund\u0119. W niekt\u00f3rych grach szybkie klikni\u0119cia zapewniaj\u0105 graczowi przewag\u0119.<\/p>\n\n<p>Nawet je\u015bli klikniesz mysz tylko raz, mo\u017cesz od czasu do czasu zauwa\u017cy\u0107, \u017ce klika ona podw\u00f3jnie. Nie przejmuj si\u0119 wcale, je\u015bli tak si\u0119 stanie. Istnieje spos\u00f3b, aby zrozumie\u0107 problem podw\u00f3jnego klikni\u0119cia myszy.<\/p>\n\n<h2 class=\"wp-block-heading\">Test podw\u00f3jnego klikni\u0119cia myszy<\/h2>\n\n<p>Jednym z najbardziej rozpowszechnionych nawyk\u00f3w w\u015br\u00f3d u\u017cytkownik\u00f3w komputer\u00f3w jest podw\u00f3jne klikanie myszk\u0105. Mo\u017ce by\u0107 u\u017cywany do kilku zada\u0144, w tym otwierania folder\u00f3w, wybierania plik\u00f3w i wybierania s\u0142\u00f3w w tek\u015bcie.<\/p>\n\n<p>Przy ka\u017cdym <a href=\"https:\/\/www.computerhope.com\/jargon\/d\/doublecl.htm\" target=\"_blank\" rel=\"noreferrer noopener\">podw\u00f3jnym klikni\u0119ciu<\/a>, je\u015bli mysz nie dzia\u0142a prawid\u0142owo, mo\u017ce to by\u0107 denerwuj\u0105ce i zmniejszy\u0107 produktywno\u015b\u0107. Upewnij si\u0119, \u017ce problem, kt\u00f3ry masz, nie jest wynikiem podw\u00f3jnego klikni\u0119cia.<\/p>\n\n<p>Mo\u017cesz wykorzysta\u0107 tester klikni\u0119\u0107, kt\u00f3ry \u015bledzi ile razy klikasz, kt\u00f3ry jest dost\u0119pny na CPSTesters.com. Opracowali\u015bmy prosty test podw\u00f3jnego klikni\u0119cia, kt\u00f3rego mo\u017cesz u\u017cy\u0107, aby sprawdzi\u0107, czy Twoja mysz jest uszkodzona, czy nie. Aby zobaczy\u0107, co dok\u0142adnie zapisuje, spr\u00f3buj klikn\u0105\u0107 raz i dwa razy.<\/p>\n\n<p class=\"has-text-align-center has-base-background-color has-background has-medium-font-size\"><em>By\u0107 mo\u017ce szukasz kompletnego testu klikania, aby poprawi\u0107 swoje klikni\u0119cia, w tym celu mo\u017cesz uda\u0107 si\u0119 na stron\u0119 <a href=\"https:\/\/cpstesters.com\/pl\/\" target=\"_blank\" rel=\"noreferrer noopener\">CPS Tester<\/a>!<\/em><\/p>\n\n<h2 class=\"wp-block-heading\">Cel testu podw\u00f3jnego klikni\u0119cia myszy?<\/h2>\n\n<p>G\u0142\u00f3wnym celem testera podw\u00f3jnego klikni\u0119cia jest znalezienie przypadk\u00f3w podw\u00f3jnego klikni\u0119cia. Posiadaj\u0105 one obszar w kszta\u0142cie kwadratu, na kt\u00f3rym u\u017cytkownicy mog\u0105 \u0107wiczy\u0107 podw\u00f3jne klikni\u0119cie myszk\u0105.<\/p>\n\n<p>Specjalistyczne testy lub metoda pozwalaj\u0105ca okre\u015bli\u0107, czy mysz jest sprawna, to testy myszy z podw\u00f3jnym klikni\u0119ciem. Testy podw\u00f3jnych klikni\u0119\u0107 myszy pozwalaj\u0105 na uzyskanie szacunkowych parametr\u00f3w pracy myszy.<\/p>\n<div class=\"wp-block-image\">\n<figure class=\"aligncenter size-full\"><img loading=\"lazy\" decoding=\"async\" width=\"1000\" height=\"500\" src=\"https:\/\/cpstesters.com\/wp-content\/uploads\/2022\/09\/double-click-test.jpg\" alt=\"Test podw&#xF3;jnego klikni&#x119;cia\" class=\"wp-image-517\" title=\"\" srcset=\"https:\/\/cpstesters.com\/wp-content\/uploads\/2022\/09\/double-click-test.jpg 1000w, https:\/\/cpstesters.com\/wp-content\/uploads\/2022\/09\/double-click-test-300x150.jpg 300w, https:\/\/cpstesters.com\/wp-content\/uploads\/2022\/09\/double-click-test-768x384.jpg 768w\" sizes=\"auto, (max-width: 1000px) 100vw, 1000px\" \/><figcaption class=\"wp-element-caption\">Test podw\u00f3jnego klikni\u0119cia<\/figcaption><\/figure>\n<\/div>\n<p>Na przyk\u0142ad, je\u015bli uruchamiasz program, kt\u00f3ry wymaga wielu klikni\u0119\u0107, a Twoja mysz nagle przesta\u0142a reagowa\u0107 na te polecenia, mo\u017ce Ci to przysporzy\u0107 sporo k\u0142opot\u00f3w. Mo\u017cesz wykona\u0107 ten test, aby dowiedzie\u0107 si\u0119, czy podw\u00f3jne klikni\u0119cie myszy jest funkcjonalne, czy nie.<\/p>\n\n<p>Je\u015bli narz\u0119dzie testowe podw\u00f3jnego klikni\u0119cia rozpozna w dowolnym momencie podw\u00f3jne klikni\u0119cie, natychmiast zmodyfikuje stan tego pola i b\u0119dzie \u015bledzi\u0107 liczb\u0119 podw\u00f3jnych klikni\u0119\u0107.<\/p>\n\n<h2 class=\"wp-block-heading\">Jak u\u017cywa\u0107 testu podw\u00f3jnego klikni\u0119cia myszy?<\/h2>\n\n<p>Utilizing this mouse double click checker is quite simple. Wszystko, co musisz zrobi\u0107, to zastosowa\u0107 si\u0119 do poni\u017cszych instrukcji:<\/p>\n\n<ul class=\"wp-block-list\">\n<li>Na g\u00f3rze tej strony jest test, wystarczy najpierw przesun\u0105\u0107 mysz na \u015brodek, \u017ceby zacz\u0105\u0107 klika\u0107.<\/li>\n\n\n\n<li>Po dwukrotnym klikni\u0119ciu myszk\u0105 podk\u0142adka pod\u015bwietla si\u0119 na czerwono, co oznacza, \u017ce klikni\u0119cie by\u0142o udane.<\/li>\n\n\n\n<li>Na dole widoczny jest r\u00f3wnie\u017c timer, kt\u00f3ry pokazuje, ile czasu up\u0142ynie mi\u0119dzy klikni\u0119ciami.<\/li>\n\n\n\n<li>Dodatkowo, masz mo\u017cliwo\u015b\u0107 wyboru spo\u015br\u00f3d predefiniowanych zada\u0144 testu pr\u0119dko\u015bci klikania dla czas\u00f3w trwania 1 sekundy, 2 sekund, 5 sekund, i tak dalej.<\/li>\n<\/ul>\n\n<h2 class=\"wp-block-heading\">Jak dzia\u0142a ten test?<\/h2>\n\n<p>Ten test ma pom\u00f3c w ustaleniu, czy komputer normalnie reaguje na podw\u00f3jne klikni\u0119cia. Ocena jest prosta: Jeden lub oba klawisze myszy mog\u0105 nie reagowa\u0107 prawid\u0142owo, je\u015bli klawisz zmienia kolor na czerwony po oko\u0142o 80 milisekundach.<\/p>\n\n<p>Wybierz przycisk Reset, aby ponownie rozpocz\u0105\u0107 test w dowolnym momencie od pocz\u0105tku. Pozwoli to na ponowne uruchomienie poprzez ustawienie czasu trwania i liczby stukni\u0119\u0107 na zero.<\/p>\n\n<p>Jest prosty w u\u017cyciu i nie wymaga \u017cadnej specjalistycznej wiedzy ani do\u015bwiadczenia. Nawet je\u015bli po raz pierwszy korzystasz z systemu, szybko pojmiesz, jak wype\u0142ni\u0107 test.<\/p>\n\n<p>Wymaga tylko kilku klikni\u0119\u0107, aby jako\u015b zacz\u0105\u0107 i mo\u017ce by\u0107 skonfigurowany w ci\u0105gu kilku sekund. To idealne rozwi\u0105zanie dla ka\u017cdego, kto chce sprawdzi\u0107 wydajno\u015b\u0107 swojej myszy w spos\u00f3b godny zaufania. Dodatkowo konstrukcja interfejsu jest przejrzysta i prosta.<\/p>\n\n<h2 class=\"wp-block-heading has-text-align-center\">FAQ&#8217;s<\/h2>\n\n<h3 class=\"wp-block-heading\"><strong>Jak naprawd\u0119 dzia\u0142a test podw\u00f3jnego klikni\u0119cia?<\/strong><\/h3>\n\n<p>W kilku testach z podw\u00f3jnym klikni\u0119ciem mo\u017ce pojawi\u0107 si\u0119 kilka p\u00f3l oznaczonych jako Right, Left i Middle. Te skrzynki \u015bledz\u0105 po kilka klikni\u0119\u0107 myszk\u0105 z osobna. Za ka\u017cdym razem, gdy aplikacja 2x click test zidentyfikuje podw\u00f3jne klikni\u0119cie, natychmiast zmieni status boksu i b\u0119dzie \u015bledzi\u0107 ca\u0142kowit\u0105 liczb\u0119 podw\u00f3jnych klikni\u0119\u0107.<\/p>\n\n<h3 class=\"wp-block-heading\"><strong>Jak dostosowa\u0107 szybko\u015b\u0107 podw\u00f3jnego klikni\u0119cia mysz\u0105?<\/strong><\/h3>\n\n<p>Wybieraj\u0105c z panelu sterowania opcj\u0119 Mouse, mo\u017cna zmodyfikowa\u0107 cz\u0119stotliwo\u015b\u0107 pracy myszy. Przycisk Speed mo\u017cna znale\u017a\u0107 wybieraj\u0105c zak\u0142adk\u0119 Buttons. Widoczne b\u0119dzie okno ze wska\u017anikiem pr\u0119dko\u015bci kursora. Aby przyspieszy\u0107 lub spowolni\u0107 dzia\u0142anie myszy, przesu\u0144 to w prawo lub w lewo.<\/p>\n\n<h2 class=\"wp-block-heading\">Ostatnie s\u0142owa o Double Click Tester<\/h2>\n\n<p>Nasze narz\u0119dzia do testowania podw\u00f3jnego klikni\u0119cia myszy daj\u0105 ci sytuacyjne zrozumienie, jak b\u0119dzie dzia\u0142a\u0107 twoja mysz. Upewnij si\u0119, \u017ce okresowo sprawdzasz mysz pod k\u0105tem niekt\u00f3rych podw\u00f3jnych klikni\u0119\u0107, chyba \u017ce chcesz czeka\u0107, a\u017c zdezerteruje podczas kluczowej sesji roboczej lub gry.<\/p>\n\n<p>Some Other Tools:<\/p>\n\n<ul class=\"wp-block-list\">\n<li><a href=\"https:\/\/cpstesters.com\/pl\/tap-counter\/\" target=\"_blank\" rel=\"noreferrer noopener\">Licznik kran\u00f3w<\/a><\/li>\n\n\n\n<li><a href=\"https:\/\/cpstesters.com\/pl\/test-myszy\/\" target=\"_blank\" rel=\"noreferrer noopener\">Badanie na myszach<\/a><\/li>\n\n\n\n<li><a href=\"https:\/\/cpstesters.com\/pl\/test-przewijania-myszy\/\" target=\"_blank\" rel=\"noreferrer noopener\">Test przewijania myszy<\/a><\/li>\n\n\n\n<li><a href=\"https:\/\/cpstesters.com\/pl\/mouse-rate-checker\/\" target=\"_blank\" rel=\"noreferrer noopener\">Mouse Rate Checker<\/a><\/li>\n\n\n\n<li><a href=\"https:\/\/cpstesters.com\/pl\/apm-test\/\" target=\"_blank\" rel=\"noreferrer noopener\">Test APM<\/a><\/li>\n\n\n\n<li><a href=\"https:\/\/cpstesters.com\/pl\/aim-trainer\/\" target=\"_blank\" rel=\"noreferrer noopener\">Trener celno\u015bci<\/a><\/li>\n<\/ul>\n","protected":false},"excerpt":{"rendered":"<p>Dzi\u0119ki temu testowi podw\u00f3jnego klikni\u0119cia sprawd\u017a, czy Twoja mysz daje dwa wej\u015bcia w tym samym czasie i popraw swoj\u0105 szybko\u015b\u0107 klikania! Co to jest test &#8230; <\/p>\n<p class=\"read-more-container\"><a title=\"Test podw\u00f3jnego klikni\u0119cia | Sprawdzian klikania mysz\u0105\" class=\"read-more button\" href=\"https:\/\/cpstesters.com\/pl\/double-click-test\/#more-2781\" aria-label=\"Dowiedz si\u0119 wi\u0119cej o Test podw\u00f3jnego klikni\u0119cia | Sprawdzian klikania mysz\u0105\">Read More<\/a><\/p>\n","protected":false},"author":4,"featured_media":1391,"parent":0,"menu_order":0,"comment_status":"closed","ping_status":"closed","template":"","meta":{"footnotes":""},"class_list":["post-2781","page","type-page","status-publish","has-post-thumbnail"],"_links":{"self":[{"href":"https:\/\/cpstesters.com\/pl\/wp-json\/wp\/v2\/pages\/2781","targetHints":{"allow":["GET"]}}],"collection":[{"href":"https:\/\/cpstesters.com\/pl\/wp-json\/wp\/v2\/pages"}],"about":[{"href":"https:\/\/cpstesters.com\/pl\/wp-json\/wp\/v2\/types\/page"}],"author":[{"embeddable":true,"href":"https:\/\/cpstesters.com\/pl\/wp-json\/wp\/v2\/users\/4"}],"replies":[{"embeddable":true,"href":"https:\/\/cpstesters.com\/pl\/wp-json\/wp\/v2\/comments?post=2781"}],"version-history":[{"count":4,"href":"https:\/\/cpstesters.com\/pl\/wp-json\/wp\/v2\/pages\/2781\/revisions"}],"predecessor-version":[{"id":4190,"href":"https:\/\/cpstesters.com\/pl\/wp-json\/wp\/v2\/pages\/2781\/revisions\/4190"}],"wp:featuredmedia":[{"embeddable":true,"href":"https:\/\/cpstesters.com\/pl\/wp-json\/wp\/v2\/media\/1391"}],"wp:attachment":[{"href":"https:\/\/cpstesters.com\/pl\/wp-json\/wp\/v2\/media?parent=2781"}],"curies":[{"name":"wp","href":"https:\/\/api.w.org\/{rel}","templated":true}]}}