{"id":2761,"date":"2024-07-16T14:26:10","date_gmt":"2024-07-16T14:26:10","guid":{"rendered":"https:\/\/cpstesters.com\/test-martwych-pikseli-sprawdzanie-ekranu-monitora-lcd\/"},"modified":"2024-09-17T17:01:50","modified_gmt":"2024-09-17T17:01:50","slug":"dead-pixel-test","status":"publish","type":"page","link":"https:\/\/cpstesters.com\/pl\/dead-pixel-test\/","title":{"rendered":"Test martwych pikseli | Sprawdzanie ekranu monitora LCD"},"content":{"rendered":"\n<p>Dead Pixel tester to test online, aby znale\u017a\u0107, czy tw\u00f3j ekran ma martwe piksele, czy nie, u\u017cyj narz\u0119dzia poni\u017cej, aby sprawdzi\u0107 teraz!<\/p>\n<button class=\"computer-screen-button-cta\" id=\"whitescreentestcta\">Click To Start the Dead Pixel Test<\/button>\r\n<div id=\"whitescreenparent\" style=\"background-color:white;\"> <\/div>\r\n\r\n<script> \r\n\t  var elem = document.getElementById(\"whitescreenparent\");\r\n\r\n  function openFullscreen() {\r\n    if (elem.requestFullscreen) {\r\n      elem.requestFullscreen();\r\n    } else if (elem.webkitRequestFullscreen) {\r\n      elem.webkitRequestFullscreen();\r\n    } else if (elem.msRequestFullscreen) {\r\n      elem.msRequestFullscreen();\r\n    }\r\n  }\r\n  document.getElementById(\"whitescreentestcta\").onclick = openFullscreen;\r\n\r\n  function handleFullscreenChange(event) {\r\n    if (!document.fullscreenElement) {}\r\n  }\r\n  elem.onfullscreenchange = handleFullscreenChange;\r\n  var colors = [\"white\", \"black\", \"#FF0000\", \"#00FF00\", \"#0000FF\"],\r\n    index = 0;\r\n  document.getElementById(\"whitescreenparent\").onclick = function() {\r\n    document.getElementById(\"whitescreenparent\").style.backgroundColor = colors[index];\r\n    index = (index + 1) % colors.length;\r\n  }\r\n\r\n<\/script>\n\n<div style=\"height:5px\" aria-hidden=\"true\" class=\"wp-block-spacer\"><\/div>\n\n<h2 class=\"wp-block-heading\">Czym s\u0105 martwe piksele?<\/h2>\n\n<p>Martwe piksele w rzeczywisto\u015bci nie wskazuj\u0105, \u017ce piksel jest uwi\u0119ziony z kolorem, zamiast tego zmieniaj\u0105 kolor na czarny i odmawiaj\u0105 wy\u015bwietlania jakiegokolwiek koloru, co powoduje skazy na zdj\u0119ciu lub grafice. Martwe piksele s\u0105 tylko &#8220;kropkami&#8221; lub grupami kropek i nie pasuj\u0105 do koloru t\u0142a, na przyk\u0142ad czarne kropki obecne na zielonym tle. Po prawej stronie mo\u017cna obejrze\u0107 wi\u0119cej ilustracji.<\/p>\n\n<p>Przez wi\u0119kszo\u015b\u0107 czasu nie zdajemy sobie sprawy, czy pojedynczy piksel jest martwy, ale je\u015bli jest kilka martwych pikseli i uniemo\u017cliwiaj\u0105 one ekranowi po prostu bycie czystym i wy\u015bwietlanie przyjemnych wizualizacji, to zauwa\u017camy.<\/p>\n\n<p>Musisz upewni\u0107 si\u0119, \u017ce twoje wy\u015bwietlacze dzia\u0142aj\u0105 bezb\u0142\u0119dnie, je\u015bli jeste\u015b pisarzem tre\u015bci, jak artysta, projektant stron internetowych, grafik, tw\u00f3rca gier wideo itp. Nale\u017cy wi\u0119c sprawdzi\u0107, czy na ekranie lub wy\u015bwietlaczu nie ma martwych pikseli. Martwy piksel mo\u017ce by\u0107 frustruj\u0105cy, niezale\u017cnie od tego, czy pojawia si\u0119 na monitorze stacjonarnym, laptopie czy smartfonie.<\/p>\n\n<p>Martwe piksele to naprawd\u0119 do\u015b\u0107 powszechne zjawisko, a niekiedy producenci celowo dostarczaj\u0105 wadliwe monitory do sieci handlowej i wymieniaj\u0105 je po skardze klienta. Uszkodzenia spowodowane wod\u0105 i starzenie si\u0119 monitora to dwie dodatkowe cz\u0119ste przyczyny martwych pikseli.<\/p>\n\n<h2 class=\"wp-block-heading\">Tester martwych pikseli<\/h2>\n\n<p>Narz\u0119dzie do sprawdzania martwych pikseli, kt\u00f3re mo\u017cesz zobaczy\u0107 powy\u017cej, pomo\u017ce Ci w ocenie i zlokalizowaniu <a href=\"https:\/\/www.makeuseof.com\/dead-pixel-on-monitor\/\" target=\"_blank\" rel=\"noreferrer noopener\">martwych pikseli<\/a> na Twoim urz\u0105dzeniu.<\/p>\n\n<p>U\u017cyj naszego narz\u0119dzia do testowania martwych pikseli, kt\u00f3re jest zar\u00f3wno darmowe, jak i proste. Ka\u017cdy, kto chce szuka\u0107 martwych pikseli na ekranach, niezale\u017cnie od umiej\u0119tno\u015bci technicznych i do\u015bwiadczenia, mo\u017ce wykona\u0107 test Martwych Pikseli za pomoc\u0105 naszego narz\u0119dzia internetowego. Narz\u0119dzie l jest szybkie, proste i \u0142atwe w u\u017cyciu.<\/p>\n<div class=\"wp-block-image\">\n<figure class=\"aligncenter size-full\"><img loading=\"lazy\" decoding=\"async\" width=\"1000\" height=\"500\" src=\"https:\/\/cpstesters.com\/wp-content\/uploads\/2022\/09\/dead-pixel.jpg\" alt=\"Test martwych pikseli\" class=\"wp-image-530\" title=\"\" srcset=\"https:\/\/cpstesters.com\/wp-content\/uploads\/2022\/09\/dead-pixel.jpg 1000w, https:\/\/cpstesters.com\/wp-content\/uploads\/2022\/09\/dead-pixel-300x150.jpg 300w, https:\/\/cpstesters.com\/wp-content\/uploads\/2022\/09\/dead-pixel-768x384.jpg 768w\" sizes=\"auto, (max-width: 1000px) 100vw, 1000px\" \/><figcaption class=\"wp-element-caption\">Test martwych pikseli<\/figcaption><\/figure>\n<\/div>\n<p>Wszystkie urz\u0105dzenia s\u0105 obs\u0142ugiwane przez nasze narz\u0119dzie testowe. Korzystaj\u0105c z dowolnej z naszych platform, mo\u017cesz przetestowa\u0107 sw\u00f3j smartfon, monitor lub iPad, a my zapewnimy Ci najbardziej wiarygodne dane.<\/p>\n\n<h2 class=\"wp-block-heading\">Jak korzysta\u0107 z narz\u0119dzia Dead Pixel Checker?<\/h2>\n\n<p>Mo\u017cesz u\u017cy\u0107 naszego narz\u0119dzia do sprawdzania martwych pikseli, aby sprawdzi\u0107, czy na ekranie urz\u0105dzenia znajduj\u0105 si\u0119 martwe piksele. Wystarczy post\u0119powa\u0107 zgodnie z instrukcjami podanymi poni\u017cej, aby sprawdzi\u0107, czy monitor nie ma martwych pikseli.<\/p>\n\n<ul class=\"wp-block-list\">\n<li>Najpierw wyczy\u015b\u0107 wszelkie plamy z ekranu monitora.<\/li>\n\n\n\n<li>Wybierz podany link.<\/li>\n\n\n\n<li>Wybierz dowolne pole, aby rozpocz\u0105\u0107 test. Daj swoim oczom chwil\u0119 na przyzwyczajenie si\u0119 do jasno\u015bci.<\/li>\n\n\n\n<li>Sprawd\u017a ekran monitora pod k\u0105tem ma\u0142ych &#8220;kropek&#8221;, kt\u00f3re wydaj\u0105 si\u0119 by\u0107 umieszczone, aby okre\u015bli\u0107, czy obecne s\u0105 martwe piksele.<\/li>\n\n\n\n<li>Aby przej\u015b\u0107 do nast\u0119pnego koloru, nale\u017cy nacisn\u0105\u0107 klawisze strza\u0142ek na klawiaturze lub odpowiednie przyciski na ekranie.<\/li>\n\n\n\n<li>Kiedy ju\u017c zbadasz wszystkie kolory i nie znajdziesz \u017cadnych martwych pikseli, mo\u017cesz wyj\u015b\u0107 z gry u\u017cywaj\u0105c klawisza ESC na klawiaturze.<\/li>\n<\/ul>\n\n<p>Delikatnie dotykaj\u0105c uwi\u0119zionego piksela mokr\u0105 szmatk\u0105 lub spiczastym, ale mi\u0119kkim narz\u0119dziem, takim jak gumka na ko\u0144cu o\u0142\u00f3wka, mo\u017cesz spr\u00f3bowa\u0107 naprawi\u0107 martwy ekran.<\/p>\n\n<p>Aby\u015b m\u00f3g\u0142 okre\u015bli\u0107, czy s\u0105 jakie\u015b martwe piksele, nasz internetowy wyszukiwacz martwych pikseli wy\u015bwietla pe\u0142ny ekran wszystkich g\u0142\u00f3wnych kolor\u00f3w.<\/p>\n\n<h2 class=\"wp-block-heading has-text-align-center\">FAQ&#8217;s<\/h2>\n\n<h3 class=\"wp-block-heading\"><strong>Ile Martwych pikseli jest akceptowalnych?<\/strong><\/h3>\n\n<p>Je\u015bli kupujesz zupe\u0142nie nowe urz\u0105dzenie, wszelkie martwe piksele s\u0105 niedopuszczalne. Dopuszczalne jest jednak, aby niekt\u00f3re gad\u017cety danej marki mia\u0142y trzy do czterech martwych pikseli, ale to ju\u017c jest zupe\u0142nie odra\u017caj\u0105ce.<\/p>\n\n<h3 class=\"wp-block-heading\"><strong>Jak przeprowadzi\u0107 test na obecno\u015b\u0107 martwych pikseli?<\/strong><\/h3>\n\n<p>Skorzystaj z naszego narz\u0119dzia online, aby sprawdzi\u0107, czy na Twoim ekranie nie ma martwych pikseli. Mo\u017cesz go u\u017cy\u0107 do zbadania swojego wy\u015bwietlacza pod k\u0105tem martwych pikseli bez konieczno\u015bci pobierania czegokolwiek. Aby przyst\u0105pi\u0107 do testu, wystarczy uzyska\u0107 dost\u0119p do internetu i wej\u015b\u0107 na nasz\u0105 stron\u0119.<\/p>\n\n<h3 class=\"wp-block-heading\"><strong>Czy rzeczywi\u015bcie mo\u017cna naprawi\u0107 martwe piksele?<\/strong><\/h3>\n\n<p>W wi\u0119kszo\u015bci przypadk\u00f3w martwe piksele stanowi\u0105 problem sprz\u0119towy, kt\u00f3remu nie mo\u017cna zaradzi\u0107. Delikatne naci\u015bni\u0119cie obszaru wok\u00f3\u0142 martwego piksela mo\u017ce jednak przywr\u00f3ci\u0107 go do \u017cycia.<\/p>\n\n<h2 class=\"wp-block-heading\">Ostatnie s\u0142owa o Dead Pixel Finder<\/h2>\n\n<p>Korzystaj\u0105c z naszego narz\u0119dzia i post\u0119puj\u0105c zgodnie z powy\u017cszymi wskaz\u00f3wkami, mo\u017cesz szybko sprawdzi\u0107, czy Tw\u00f3j wy\u015bwietlacz nie ma martwych pikseli. W pierwszej kolejno\u015bci sprawd\u017a, czy w urz\u0105dzeniu nie ma martwych pikseli, a je\u015bli takie si\u0119 znajd\u0105, mo\u017cesz je szybko potwierdzi\u0107 za pomoc\u0105 naszego narz\u0119dzia online. Mamy r\u00f3wnie\u017c kilka innych narz\u0119dzi poni\u017cej, kt\u00f3re mog\u0105 Ci si\u0119 spodoba\u0107:<\/p>\n\n<ul class=\"wp-block-list\">\n<li><a href=\"https:\/\/cpstesters.com\/pl\/testowanie-ekranow-dotykowych-online\/\" target=\"_blank\" rel=\"noreferrer noopener\">Test ekranu dotykowego<\/a><\/li>\n\n\n\n<li><a href=\"https:\/\/cpstesters.com\/pl\/apm-test\/\" target=\"_blank\" rel=\"noreferrer noopener\">Test APM<\/a><\/li>\n\n\n\n<li><a href=\"https:\/\/cpstesters.com\/pl\/tap-counter\/\" target=\"_blank\" rel=\"noreferrer noopener\">Licznik kran\u00f3w<\/a><\/li>\n\n\n\n<li><a href=\"https:\/\/cpstesters.com\/pl\/tap-speed-test\/\" target=\"_blank\" rel=\"noreferrer noopener\">Tap Speed Test<\/a><\/li>\n\n\n\n<li><a href=\"https:\/\/cpstesters.com\/pl\/apm-test\/\" target=\"_blank\" rel=\"noreferrer noopener\">Test APM<\/a><\/li>\n\n\n\n<li><a href=\"https:\/\/cpstesters.com\/pl\/aim-trainer\/\" target=\"_blank\" rel=\"noreferrer noopener\">Trener celno\u015bci<\/a><\/li>\n<\/ul>\n","protected":false},"excerpt":{"rendered":"<p>Dead Pixel tester to test online, aby znale\u017a\u0107, czy tw\u00f3j ekran ma martwe piksele, czy nie, u\u017cyj narz\u0119dzia poni\u017cej, aby sprawdzi\u0107 teraz! Czym s\u0105 martwe &#8230; <\/p>\n<p class=\"read-more-container\"><a title=\"Test martwych pikseli | Sprawdzanie ekranu monitora LCD\" class=\"read-more button\" href=\"https:\/\/cpstesters.com\/pl\/dead-pixel-test\/#more-2761\" aria-label=\"Dowiedz si\u0119 wi\u0119cej o Test martwych pikseli | Sprawdzanie ekranu monitora LCD\">Read More<\/a><\/p>\n","protected":false},"author":4,"featured_media":1439,"parent":0,"menu_order":0,"comment_status":"closed","ping_status":"closed","template":"","meta":{"footnotes":""},"class_list":["post-2761","page","type-page","status-publish","has-post-thumbnail"],"_links":{"self":[{"href":"https:\/\/cpstesters.com\/pl\/wp-json\/wp\/v2\/pages\/2761","targetHints":{"allow":["GET"]}}],"collection":[{"href":"https:\/\/cpstesters.com\/pl\/wp-json\/wp\/v2\/pages"}],"about":[{"href":"https:\/\/cpstesters.com\/pl\/wp-json\/wp\/v2\/types\/page"}],"author":[{"embeddable":true,"href":"https:\/\/cpstesters.com\/pl\/wp-json\/wp\/v2\/users\/4"}],"replies":[{"embeddable":true,"href":"https:\/\/cpstesters.com\/pl\/wp-json\/wp\/v2\/comments?post=2761"}],"version-history":[{"count":4,"href":"https:\/\/cpstesters.com\/pl\/wp-json\/wp\/v2\/pages\/2761\/revisions"}],"predecessor-version":[{"id":4175,"href":"https:\/\/cpstesters.com\/pl\/wp-json\/wp\/v2\/pages\/2761\/revisions\/4175"}],"wp:featuredmedia":[{"embeddable":true,"href":"https:\/\/cpstesters.com\/pl\/wp-json\/wp\/v2\/media\/1439"}],"wp:attachment":[{"href":"https:\/\/cpstesters.com\/pl\/wp-json\/wp\/v2\/media?parent=2761"}],"curies":[{"name":"wp","href":"https:\/\/api.w.org\/{rel}","templated":true}]}}