{"id":2594,"date":"2024-07-16T14:47:56","date_gmt":"2024-07-16T14:47:56","guid":{"rendered":"https:\/\/cpstesters.com\/test-wpm-words-per-minute-typing-tester-online\/"},"modified":"2024-09-17T16:33:41","modified_gmt":"2024-09-17T16:33:41","slug":"wpm-test","status":"publish","type":"page","link":"https:\/\/cpstesters.com\/pl\/wpm-test\/","title":{"rendered":"Test pisania s\u0142\u00f3w na minut\u0119 online"},"content":{"rendered":"\n<p>Test WPM zosta\u0142 opracowany w celu oceny umiej\u0119tno\u015bci i szybko\u015bci pisania s\u0142\u00f3w na minut\u0119. Mo\u017cesz \u0107wiczy\u0107 pisanie na klawiaturze dotykowej opr\u00f3cz test\u00f3w na pisanie, aby zwi\u0119kszy\u0107 swoj\u0105 bieg\u0142o\u015b\u0107!<\/p>\n\n\n<style>\r\n\t.word {\r\n  background-color: lightblue;\r\n  color: #212529;\r\n  padding: 0 0.2em;\r\n  border-radius: 0.15em;\r\n}\r\n\r\n.word-active {\r\n  background-color: lightseagreen;\r\n}\r\n\r\n.word-error {\r\n  background-color: lightcoral;\r\n}\r\n\r\n.word-correct {\r\n  background-color: transparent;\r\n  color: #198754;\r\n}\r\n\r\n.word-incorrect {\r\n  background-color: transparent;\r\n  color: #dc3545;\r\n}\r\n\r\n.accordion-button:not(.collapsed) {\r\n  color: #212529;\r\n  background-color: #fff;\r\n  box-shadow: inset 0 -1px 0 rgba(0, 0, 0, 0.125);\r\n}\r\n\t\r\n\t.card-body {\r\n    flex: 1 1 auto;\r\n    padding: 1rem 1rem;\r\n}\r\n\t.card{\r\n\t\tposition: relative;\r\n    display: flex;\r\n    flex-direction: column;\r\n    min-width: 0;\r\n    word-wrap: break-word;\r\n    background-color: #fff;\r\n    background-clip: border-box;\r\n    border: 1px solid rgba(0,0,0,.125);\r\n    border-radius: 0.25rem;\r\n\t}\t\r\n\t\r\n\t.visually-hidden, .visually-hidden-focusable:not(:focus):not(:focus-within) {\r\n    position: absolute!important;\r\n    width: 1px!important;\r\n    height: 1px!important;\r\n    padding: 0!important;\r\n    margin: -1px!important;\r\n    overflow: hidden!important;\r\n    clip: rect(0,0,0,0)!important;\r\n    white-space: nowrap!important;\r\n    border: 0!important;\r\n}\r\n\t\r\n\t.input-group>.form-control, .input-group>.form-select {\r\n    position: relative;\r\n    flex: 1 1 auto;\r\n    width: 1%;\r\n    min-width: 0;\r\n}\r\n\t\r\n\t.input-group {\r\n    position: relative;\r\n    display: flex;\r\n    flex-wrap: wrap;\r\n    align-items: stretch;\r\n    width: 100%;\r\n}\r\n\t.input-group-text {\r\n    display: flex;\r\n    align-items: center;\r\n    padding: 0.375rem 0.75rem;\r\n    font-size: 1rem;\r\n    font-weight: 400;\r\n    line-height: 1.5;\r\n    color: #212529;\r\n    text-align: center;\r\n    white-space: nowrap;\r\n    background-color: #e9ecef;\r\n    border: 1px solid #ced4da;\r\n}\r\n\t\r\n\r\n.btn {\r\n    display: inline-block;\r\n    font-weight: 400;\r\n    line-height: 1.5;\r\n    color: #212529;\r\n    text-align: center;\r\n    text-decoration: none;\r\n    vertical-align: middle;\r\n    cursor: pointer;\r\n    -webkit-user-select: none;\r\n    -moz-user-select: none;\r\n    user-select: none;\r\n    background-color: transparent;\r\n    border: 1px solid transparent;\r\n    padding: 0.375rem 0.75rem;\r\n    font-size: 1rem;\r\n    transition: color .15s ease-in-out,background-color .15s ease-in-out,border-color .15s ease-in-out,box-shadow .15s ease-in-out;\r\n}\r\n\t.btn-success {\r\n    color: #fff !important;\r\n    background-color: #FFB15E !important;\r\n    border-color: #FFB15E !important;\r\n\t\tborder-radius:0px !important;\r\n}\r\n\r\n<\/style>\r\n\r\n      <div class=\"row\">\r\n        <div class=\"offset-md-2 col-md-8\">\r\n          <div class=\"card my-2\">\r\n            <div class=\"card-body\">\r\n              <div id=\"feed-container\" class=\"fs-4\"><\/div>\r\n              <div id=\"feed-spinner\" class=\"text-center\">\r\n                <div class=\"spinner-border\" role=\"status\"><\/div>\r\n              <\/div>\r\n              <div id=\"result-container\" class=\"visually-hidden\">\r\n                <table class=\"table table-borderless m-0\">\r\n                  <tr>\r\n                    <td\r\n                      id=\"result-wpm\"\r\n                      class=\"text-success fs-1 align-middle\"\r\n                      rowspan=\"3\"\r\n                    ><\/td>\r\n                    <th>Accuracy<\/th>\r\n                    <td id=\"result-accuracy\"><\/td>\r\n                    <th>Percentile<\/th>\r\n                    <td id=\"result-percentile\"><\/td>\r\n                  <\/tr>\r\n                  <tr>\r\n                    <th>Correct Keystrokes<\/th>\r\n                    <td id=\"result-correct-keystrokes\"><\/td>\r\n                    <th>Correct words<\/th>\r\n                    <td id=\"result-correct-words\"><\/td>\r\n                  <\/tr>\r\n                  <tr>\r\n                    <th>Wrong Keystrokes<\/th>\r\n                    <td id=\"result-wrong-keystrokes\"><\/td>\r\n                    <th>Wrong words<\/th>\r\n                    <td id=\"result-wrong-words\"><\/td>\r\n                  <\/tr>\r\n                <\/table>\r\n              <\/div>\r\n            <\/div>\r\n          <\/div>\r\n\r\n          <div class=\"input-group mb-5\">\r\n            <input\r\n              id=\"input-typed\"\r\n              type=\"text\"\r\n              class=\"form-control form-control-lg\"\r\n              autofocus\r\n            \/>\r\n            <span id=\"span-timer\" class=\"input-group-text px-4\">01:00<\/span>\r\n            <button\r\n              id=\"button-restart\"\r\n              class=\"btn btn-success px-4\"\r\n              type=\"button\"\r\n            >\r\n              <i class=\"fa fa-repeat\"><\/i>\r\n            <\/button>\r\n          <\/div>\r\n        <\/div>\r\n      <\/div>\r\n      <div class=\"row\">\r\n        <div class=\"offset-md-2 col-md-8\">\r\n\t\t\t<br>\r\n\t\t\t<h4>History<\/h4>\r\n\t\t\t<br>\r\n         \r\n                  <table id=\"table-history\" class=\"table\">\r\n                    <thead>\r\n                      <tr>\r\n                        <th scope=\"col\">WPM<\/th>\r\n                        <th scope=\"col\">Accuracy<\/th>\r\n                        <th scope=\"col\">Percentile<\/th>\r\n                        <th scope=\"col\">Keys<\/th>\r\n                        <th scope=\"col\">Words<\/th>\r\n                        <th scope=\"col\">Time<\/th>\r\n                      <\/tr>\r\n                    <\/thead>\r\n                    <tbody><\/tbody>\r\n                  <\/table>\r\n                \r\n            <\/div>\r\n          <\/div>\r\n  \r\n   \r\n\r\n    <script src=\"https:\/\/ajax.googleapis.com\/ajax\/libs\/jquery\/3.6.0\/jquery.min.js\"><\/script>\r\n    <script src=\"https:\/\/cdnjs.cloudflare.com\/ajax\/libs\/moment.js\/2.29.1\/moment.min.js\"><\/script>\r\n    <script src=\"https:\/\/cpstesters.com\/wp-content\/themes\/generatepress\/tools\/assets\/presentation\/index.js\" type=\"module\"><\/script>\r\n    <script\r\n      src=\"https:\/\/cdn.jsdelivr.net\/npm\/bootstrap@5.0.1\/dist\/js\/bootstrap.bundle.min.js\"\r\n      integrity=\"sha384-gtEjrD\/SeCtmISkJkNUaaKMoLD0\/\/ElJ19smozuHV6z3Iehds+3Ulb9Bn9Plx0x4\"\r\n      crossorigin=\"anonymous\"\r\n    ><\/script>\r\n    <script async defer src=\"https:\/\/buttons.github.io\/buttons.js\"><\/script>\n\n\n\n<p><\/p>\n\n\n\n<h2 class=\"wp-block-heading\">Test s\u0142\u00f3w na minut\u0119<\/h2>\n\n\n\n<p>To mo\u017ce nie by\u0107 takie proste, jak si\u0119 wydaje przy wpisywaniu. Do wykonania testu pr\u0119dko\u015bci wymagane s\u0105 pewne umiej\u0119tno\u015bci pisania na klawiaturze. Osoba ta b\u0119dzie musia\u0142a stale \u0107wiczy\u0107. Mo\u017cesz wykona\u0107 codzienny test WPM, aby osi\u0105gn\u0105\u0107 sw\u00f3j cel dotycz\u0105cy pr\u0119dko\u015bci pisania. To \u0107wiczenie mierzy twoj\u0105 produkcj\u0119 s\u0142\u00f3w na minut\u0119.<\/p>\n\n\n\n<p>Mo\u017cesz oceni\u0107 sw\u00f3j poziom bieg\u0142o\u015bci w pisaniu na klawiaturze, korzystaj\u0105c z tego internetowego narz\u0119dzia do testowania WPM. Test Word per minute nie tylko okre\u015bla Twoje umiej\u0119tno\u015bci pisania na minut\u0119, ale tak\u017ce koncentruje si\u0119 na pomocy w poprawieniu dok\u0142adno\u015bci. Wykorzystuj\u0105c procent dok\u0142adno\u015bci, mo\u017cesz okre\u015bli\u0107, ile s\u0142\u00f3w napisa\u0142e\u015b w ci\u0105gu minuty. O wyniku testu decyduj\u0105 dwie zmienne. precyzja i szybko\u015b\u0107 pisania na klawiaturze. Trzeba mie\u0107 \u015bwiadomo\u015b\u0107, \u017ce dzielenie d\u0142ugiego s\u0142owa te\u017c si\u0119 liczy.<\/p>\n\n\n\n<p>Mo\u017cesz wybra\u0107 jedn\u0105 z sze\u015bciu r\u00f3\u017cnych metod testowania szybko\u015bci pisania na klawiaturze w zale\u017cno\u015bci od potrzeb. U\u017cyj 1-minutowego lub 2-minutowego silnika testowego, aby oceni\u0107 swoj\u0105 szybko\u015b\u0107 pisania. U\u017cyj 10- lub 5-minutowego egzaminu, je\u015bli chcesz po\u0107wiczy\u0107 pisanie na klawiaturze.<\/p>\n\n\n\n<h2 class=\"wp-block-heading\">Dlaczego potrzebuj\u0119 testu szybko\u015bci pisania na klawiaturze?<\/h2>\n\n\n\n<p>Po prostu, nasz test pisania wpm pozwala oceni\u0107 swoj\u0105 pr\u0119dko\u015b\u0107 pisania z czasem i pomaga lepiej oceni\u0107 swoje obecne umiej\u0119tno\u015bci. Jest to niezb\u0119dny krok w rozwijaniu swojego pe\u0142nego potencja\u0142u i okre\u015bleniu, ile czasu nale\u017cy po\u015bwi\u0119ci\u0107 na codzienne \u0107wiczenia pisania na klawiaturze.<\/p>\n\n\n\n<p>Na przyk\u0142ad, zaleca si\u0119, aby oceni\u0107 swoje umiej\u0119tno\u015bci pisania na klawiaturze przed przej\u015bciem na metod\u0119 pisania na 10 palcach i rozpocz\u0119ciem praktyki. Dzi\u0119ki temu mo\u017cna p\u00f3\u017aniej por\u00f3wna\u0107 swoje post\u0119py z podej\u015bciem 10-palcowym z poprzedni\u0105 metod\u0105 pisania i przeprowadzi\u0107 kolejne testy pisania z u\u017cyciem wszystkich dziesi\u0119ciu palc\u00f3w.<\/p>\n\n\n<div class=\"wp-block-image\">\n<figure class=\"aligncenter size-full\"><img loading=\"lazy\" decoding=\"async\" width=\"1000\" height=\"500\" src=\"https:\/\/cpstesters.com\/wp-content\/uploads\/2022\/09\/wpm-test_.jpg\" alt=\"Test WPM\" class=\"wp-image-621\" title=\"\" srcset=\"https:\/\/cpstesters.com\/wp-content\/uploads\/2022\/09\/wpm-test_.jpg 1000w, https:\/\/cpstesters.com\/wp-content\/uploads\/2022\/09\/wpm-test_-300x150.jpg 300w, https:\/\/cpstesters.com\/wp-content\/uploads\/2022\/09\/wpm-test_-768x384.jpg 768w\" sizes=\"auto, (max-width: 1000px) 100vw, 1000px\" \/><figcaption class=\"wp-element-caption\">Test WPM<\/figcaption><\/figure>\n<\/div>\n\n\n<p>Mo\u017cesz wykorzysta\u0107 test na wpisywanie s\u0142\u00f3w na minut\u0119, aby rutynowo sprawdzi\u0107 swoj\u0105 szybko\u015b\u0107 pisania i obserwowa\u0107, jak poprawi\u0142e\u015b si\u0119 poprzez codzienne u\u017cytkowanie, je\u015bli jeste\u015b ju\u017c wygodny ze swoimi umiej\u0119tno\u015bciami pisania na maszynie i nie trenowa\u0142e\u015b przez d\u0142ugi czas.<\/p>\n\n\n\n<h2 class=\"wp-block-heading\">Test WPM online<\/h2>\n\n\n\n<p>Aby oceni\u0107 swoj\u0105 szybko\u015b\u0107 pisania na klawiaturze, skorzystaj z naszego testu na pisanie online. Aby da\u0107 Ci szybki i prosty spos\u00f3b na zmierzenie swojej szybko\u015bci pisania, stworzyli\u015bmy ten darmowy test na pisanie. Mo\u017ce pom\u00f3c Ci oceni\u0107 sw\u00f3j rozw\u00f3j podczas \u0107wiczenia pisania na klawiaturze, daj\u0105c Ci poczucie, jak dobrze sobie radzisz.<\/p>\n\n\n\n<ul class=\"wp-block-list\">\n<li>Korzystaj\u0105c z tego narz\u0119dzia, mo\u017cesz dowiedzie\u0107 si\u0119 dok\u0142adnie, ile s\u0142\u00f3w wpisa\u0142e\u015b w ci\u0105gu minuty.<\/li>\n\n\n\n<li>Dost\u0119pne s\u0105 testy podstawowe, tradycyjne i zaawansowane.<\/li>\n\n\n\n<li>Narz\u0119dzie zawiera stoper ze zr\u00f3\u017cnicowanymi sekundami, a tak\u017ce dok\u0142adno\u015b\u0107 s\u0142\u00f3w, liczb\u0119 s\u0142\u00f3w wpisanych w ci\u0105gu minuty oraz ca\u0142kowit\u0105 liczb\u0119 liter\u00f3wek.<\/li>\n\n\n\n<li>Mo\u017cna wybra\u0107 inny czas trwania sekundy, na przyk\u0142ad 1,3,5 sekundy.<\/li>\n\n\n\n<li>Musisz wprowadzi\u0107 wynik pocz\u0105tkowy w przewidzianym polu tekstowym, aby rozpocz\u0105\u0107 test.<\/li>\n\n\n\n<li>Twoja szybko\u015b\u0107 pisania b\u0119dzie oceniana w trakcie pisania.<\/li>\n\n\n\n<li>Po up\u0142ywie czasu mo\u017cna obejrze\u0107 wyniki. Mo\u017cesz r\u00f3wnie\u017c podzieli\u0107 si\u0119 tymi wynikami ad test\u00f3w z kolegami.<\/li>\n<\/ul>\n\n\n\n<p class=\"has-text-align-center has-base-background-color has-background has-medium-font-size\"><em>Mo\u017cesz sprawdzi\u0107 klawiatur\u0119 poprzez <a href=\"https:\/\/cpstesters.com\/pl\/test-klawiatury\/\" target=\"_blank\" rel=\"noreferrer noopener\">Test<\/a> Klawiatury Online Przed Testem Pisania!<\/em><\/p>\n\n\n\n<h2 class=\"wp-block-heading\">Z\u0142o\u017cono\u015b\u0107 typowania<\/h2>\n\n\n\n<p>U\u017cytkownik indywidualny ma mo\u017cliwo\u015b\u0107 wyboru dowolnego poziomu z\u0142o\u017cono\u015bci maszynopisu. U\u017cytkownik ma nieograniczony dost\u0119p i mo\u017ce swobodnie korzysta\u0107.<\/p>\n\n\n\n<h3 class=\"wp-block-heading\"><strong>Easy<\/strong><\/h3>\n\n\n\n<p>Wyb\u00f3r tego trybu pomo\u017ce pocz\u0105tkuj\u0105cym w \u0107wiczeniu s\u0142\u00f3w na minut\u0119. Jest to prosta i \u0142atwa metoda wpisywania dla nowych u\u017cytkownik\u00f3w.<\/p>\n\n\n\n<h3 class=\"wp-block-heading\"><strong>Medium<\/strong><\/h3>\n\n\n\n<p>Ten tryb pisania jest o jeden poziom bardziej z\u0142o\u017cony ni\u017c Easy. Ten tryb jest dost\u0119pny dla u\u017cytkownik\u00f3w, kt\u00f3rzy przeszli faz\u0119 nauki.<\/p>\n\n\n\n<h3 class=\"wp-block-heading\"><strong>Hard<\/strong><\/h3>\n\n\n\n<p>Najtrudniejszy poziom do podniesienia wyniku w typowaniu to Hard. Tylko dla oficjalnie zatrudnionych specjalist\u00f3w.<\/p>\n\n\n\n<h2 class=\"wp-block-heading\">Dlaczego szybko\u015b\u0107 pisania na klawiaturze ma znaczenie?<\/h2>\n\n\n\n<p>Mo\u017cesz skoncentrowa\u0107 si\u0119 na swoim g\u0142\u00f3wnym zadaniu, korzystaj\u0105c z pisania dotykowego. Odczuwasz znaczny wzrost produktywno\u015bci, gdy mniej przejmujesz si\u0119 pr\u0119dko\u015bci\u0105 pisania. Dba o to, by da\u0107 wynik lepszy i na najwy\u017cszym poziomie. Twoja praca b\u0119dzie o wiele bardziej ceniona, a Ty pope\u0142nisz o wiele mniej b\u0142\u0119d\u00f3w w pisaniu. By\u0142by\u015b w stanie m\u00f3wi\u0107 wyra\u017aniej i szybciej.<\/p>\n\n\n\n<h2 class=\"wp-block-heading\">Jak zwi\u0119kszy\u0107 szybko\u015b\u0107 pisania na klawiaturze?<\/h2>\n\n\n\n<p>Musisz wymy\u015bli\u0107 spos\u00f3b na zwi\u0119kszenie pr\u0119dko\u015bci pisania na klawiaturze, je\u015bli chcesz poprawi\u0107 swoj\u0105 bieg\u0142o\u015b\u0107 w pracy. Ale jak si\u0119 za to zabra\u0107?<\/p>\n\n\n\n<p>Oto kilka skutecznych sugestii dotycz\u0105cych poprawy jako\u015bci pisania na klawiaturze:<\/p>\n\n\n\n<h3 class=\"wp-block-heading\"><strong>Poprawne metody typowania<\/strong><\/h3>\n\n\n\n<p>Mo\u017cesz poprawi\u0107 swoj\u0105 szybko\u015b\u0107 pisania na klawiaturze poprzez zastosowanie odpowiednich praktyk pisania na klawiaturze. Metoda touch-typingu, kt\u00f3ra wymaga od u\u017cytkownik\u00f3w zapami\u0119tania klawiszy i utrzymania dobrej pozycji d\u0142oni na klawiaturze, jest polecana przez kilku specjalist\u00f3w.<\/p>\n\n\n\n<h3 class=\"wp-block-heading\"><strong>Wyb\u00f3r najlepszej klawiatury<\/strong><\/h3>\n\n\n\n<p>Do pisania na klawiaturze, eksperci zalecaj\u0105 wykorzystanie najlepszej klawiatury. G\u0142\u00f3wnym obszarem, w kt\u00f3rym powiniene\u015b czu\u0107 si\u0119 komfortowo jest klawiatura.<\/p>\n\n\n\n<h2 class=\"wp-block-heading\">Czy testy maszynowe online pomagaj\u0105 zwi\u0119kszy\u0107 szybko\u015b\u0107 pisania?<\/h2>\n\n\n\n<p>Jednym s\u0142owem &#8211; nie. Program tego typu mo\u017ce jedynie mierzy\u0107 pr\u0119dko\u015b\u0107 pisania na klawiaturze. Musisz \u0107wiczy\u0107, je\u015bli chcesz przyspieszy\u0107 pisanie na klawiaturze. Oczywi\u015bcie mo\u017cesz \u0107wiczy\u0107 pisanie na klawiaturze dzi\u0119ki tym testom online na pisanie na klawiaturze.<\/p>\n\n\n\n<p>Wielu z Was mo\u017ce si\u0119 zastanawia\u0107, po co mi program do pisania na maszynie, skoro mam ju\u017c Microsoft Word i mog\u0119 \u0107wiczy\u0107. Tak, mo\u017cesz \u0107wiczy\u0107 pisanie na klawiaturze za pomoc\u0105 dowolnego programu do edycji tekstu. Zalecam jednak korzystanie z naszego silnika testowego online do \u0107wiczenia pisania, poniewa\u017c zapewnia on szczeg\u00f3\u0142owy raport WPM i dok\u0142adno\u015bci, aby pom\u00f3c Ci poprawi\u0107 swoje b\u0142\u0119dy.<\/p>\n\n\n<div class=\"wp-block-image\">\n<figure class=\"aligncenter size-full\"><img loading=\"lazy\" decoding=\"async\" width=\"1000\" height=\"500\" src=\"https:\/\/cpstesters.com\/wp-content\/uploads\/2022\/09\/wpm-test_mid-.jpg\" alt=\"Przewodnik po testach na typowanie\" class=\"wp-image-622\" title=\"\" srcset=\"https:\/\/cpstesters.com\/wp-content\/uploads\/2022\/09\/wpm-test_mid-.jpg 1000w, https:\/\/cpstesters.com\/wp-content\/uploads\/2022\/09\/wpm-test_mid--300x150.jpg 300w, https:\/\/cpstesters.com\/wp-content\/uploads\/2022\/09\/wpm-test_mid--768x384.jpg 768w\" sizes=\"auto, (max-width: 1000px) 100vw, 1000px\" \/><figcaption class=\"wp-element-caption\">Przewodnik po testach na typowanie<\/figcaption><\/figure>\n<\/div>\n\n\n<p>Nawet je\u015bli MS Word oferuje r\u00f3wnie\u017c raport o b\u0142\u0119dach, musisz r\u0119cznie obliczy\u0107 go za ka\u017cdym razem, gdy \u0107wiczysz. A to mo\u017ce sprawi\u0107, \u017ce stracisz ca\u0142e zainteresowanie \u0107wiczeniami.<\/p>\n\n\n\n<p>K\u0142ad\u0105c ca\u0142\u0105 swoj\u0105 uwag\u0119 na szybko\u015b\u0107, praktycznie ka\u017cdy ucze\u0144 pope\u0142nia ten krytyczny b\u0142\u0105d. By\u0142oby \u015bwietnie, gdyby\u015b skupi\u0142 si\u0119 tylko na bezb\u0142\u0119dnym wpisywaniu.<\/p>\n\n\n\n<p>Pami\u0119taj, \u017ce podczas pisania na klawiaturze dok\u0142adno\u015b\u0107 liczy si\u0119 bardziej ni\u017c szybko\u015b\u0107. Na przyk\u0142ad, je\u015bli tw\u00f3j wska\u017anik dok\u0142adno\u015bci wynosi tylko 85%, ale twoja pr\u0119dko\u015b\u0107 wynosi 100 WPM, to poprawienie b\u0142\u0119d\u00f3w zajmie ci bardzo du\u017co czasu. Zaobserwujesz, \u017ce twoja typowa pr\u0119dko\u015b\u0107 pisania na maszynie znacznie si\u0119 zmniejszy w ko\u0144cu.<\/p>\n\n\n\n<h2 class=\"wp-block-heading\">Czy powinienem regularnie \u0107wiczy\u0107 Typing?<\/h2>\n\n\n\n<p>Nie ma nic lepszego ni\u017c codzienne zaj\u0119cia z maszynopisania, to pewne. Kluczem do rozwoju umiej\u0119tno\u015bci pisania na klawiaturze jest praktyka. B\u0119dziesz pisa\u0107 szybciej, im cz\u0119\u015bciej b\u0119dziesz korzysta\u0107 z tego testu.<\/p>\n\n\n\n<p>Twoje umiej\u0119tno\u015bci pisania znacznie si\u0119 poprawi\u0105, je\u015bli b\u0119dziesz wielokrotnie \u0107wiczy\u0107 pisanie na klawiaturze przez dziesi\u0119\u0107 minut. Test WPM ma na celu wspieranie ci\u0105g\u0142ego kszta\u0142cenia maszynist\u00f3w. Monitorujemy Tw\u00f3j rozw\u00f3j, wi\u0119c mo\u017cesz zobaczy\u0107 jak z czasem poprawia si\u0119 Twoja bieg\u0142o\u015b\u0107 i szybko\u015b\u0107 pisania. Sta\u0142a aktywno\u015b\u0107 jest niezb\u0119dna dla rozwoju umiej\u0119tno\u015bci bieg\u0142ego pisania na klawiaturze.<\/p>\n\n\n\n<h2 class=\"wp-block-heading\">WPM Test Korzy\u015bci<\/h2>\n\n\n\n<p>Ka\u017cdy, kto korzysta z komputera, musi umie\u0107 pisa\u0107 na klawiaturze. Mo\u017cesz skupi\u0107 si\u0119 na swojej pracy \u0142atwo, jak si\u0119 bardziej na \u0142atwo\u015b\u0107 pisania. Twoja uwaga jest odwr\u00f3cona od celu, kiedy piszesz powoli i poprawiasz b\u0142\u0119dy w pisaniu. Sprawd\u017a, jak dobrze piszesz na klawiaturze z pomoc\u0105 naszego zaawansowanego testu na pisanie.<\/p>\n\n\n\n<p>Po ka\u017cdym egzaminie otrzymujesz od nas dok\u0142adn\u0105 informacj\u0119 zwrotn\u0105. Posiada dane dotycz\u0105ce Twojej pr\u0119dko\u015bci, miejsc, w kt\u00f3rych zwalniasz i rodzaj\u00f3w b\u0142\u0119d\u00f3w, kt\u00f3re pope\u0142niasz. Wszystkie te specyfiki s\u0105 niezb\u0119dne do zwi\u0119kszenia pr\u0119dko\u015bci.<\/p>\n\n\n\n<p>Mo\u017cesz si\u0119 zarejestrowa\u0107, aby \u015bledzi\u0107 swoje post\u0119py. Mo\u017cesz sprawdza\u0107 wykresy post\u0119p\u00f3w i mie\u0107 zapisane wyniki swoich test\u00f3w pisarskich. Mo\u017cliwo\u015b\u0107 pisania wiadomo\u015bci i odpowiadania na wszelkie pytania zwi\u0105zane z pisaniem na maszynie na naszym forum jest dost\u0119pna dla zarejestrowanych u\u017cytkownik\u00f3w, kt\u00f3rzy zdali trzy lub wi\u0119cej ocen z pisania na maszynie.<\/p>\n\n\n\n<h2 class=\"wp-block-heading has-text-align-center\">FAQ&#8217;s<\/h2>\n\n\n\n<h3 class=\"wp-block-heading\"><strong>Jak zwi\u0119kszy\u0107 szybko\u015b\u0107 pisania na klawiaturze?<\/strong><\/h3>\n\n\n\n<p>Wydaje si\u0119, \u017ce istniej\u0105 dwa sposoby na szybsze pisanie na klawiaturze: najszybsz\u0105 metod\u0105 jest nauka poprawnego pisania na klawiaturze. Granie w gry do pisania jest drugim podej\u015bciem do zwi\u0119kszenia pr\u0119dko\u015bci pisania. Granie na klawiaturze, takie jak Nitro Type, mo\u017ce poprawi\u0107 Twoj\u0105 szybko\u015b\u0107 pisania i podnie\u015b\u0107 Tw\u00f3j ranking w s\u0142owach na minut\u0119.<\/p>\n\n\n\n<h3 class=\"wp-block-heading\"><strong>Jaka jest \u015brednia pr\u0119dko\u015b\u0107 pisania na maszynie?<\/strong><\/h3>\n\n\n\n<p>\u015arednie tempo pisania na maszynie wynosi 40 s\u0142\u00f3w na minut\u0119 (wpm). Id\u017a do pr\u0119dko\u015bci pisania 65 do 70 s\u0142\u00f3w na minut\u0119, je\u015bli chcesz by\u0107 niezwykle produktywny.<\/p>\n\n\n\n<h3 class=\"wp-block-heading\"><strong>Jak prze\u0107wiczy\u0107 test sprawdzaj\u0105cy umiej\u0119tno\u015b\u0107 pisania na maszynie?<\/strong><\/h3>\n\n\n\n<p>Aby zwi\u0119kszy\u0107 pr\u0119dko\u015b\u0107 pisania na klawiaturze, mo\u017cesz zastosowa\u0107 si\u0119 do okre\u015blonych technik. Regularne \u0107wiczenie klawiatury przy jednoczesnym przestrzeganiu poszczeg\u00f3lnych zasad pisania na klawiaturze to m\u0105dry wyb\u00f3r.<\/p>\n\n\n\n<h3 class=\"wp-block-heading\"><strong>Jak dobre jest 32 WPM?<\/strong><\/h3>\n\n\n\n<p>Przewy\u017csza on 7,13 procent wszystkich naszych u\u017cytkownik\u00f3w. Si\u0142a rdzenia jest kluczem do pisania na klawiaturze, a wi\u0119c im wi\u0119cej piszesz, tym szybszy si\u0119 stajesz.<\/p>\n\n\n\n<h3 class=\"wp-block-heading\"><strong>Czy pisanie na maszynie z pr\u0119dko\u015bci\u0105 100 wpm jest dobre?<\/strong><\/h3>\n\n\n\n<p>Prawdopodobnie jeste\u015b graczem, hakerem lub geniuszem, je\u015bli potrafisz pisa\u0107 z pr\u0119dko\u015bci\u0105 90 s\u0142\u00f3w na minut\u0119. W ka\u017cdym razie, radzisz sobie fantastycznie! 100 wpm lub wi\u0119cej: Nale\u017cysz do najwy\u017cszego 1% typist\u00f3w!<\/p>\n\n\n\n<h3 class=\"wp-block-heading\"><strong>Jaka jest najszybsza pr\u0119dko\u015b\u0107 pisania na maszynie, jak\u0105 ktokolwiek osi\u0105gn\u0105\u0142?<\/strong><\/h3>\n\n\n\n<p>Najszybsz\u0105 maszyn\u0105 do pisania na \u015bwiecie, wed\u0142ug Guinness World Records, jest Barbara Blackburn, kt\u00f3ra potrafi pisa\u0107 w wysokim tempie 212 WPM. Najszybsz\u0105 maszynistk\u0105, wed\u0142ug IBM Corp. jest Stella Pajunas Garnand, kt\u00f3ra w ci\u0105gu minuty potrafi wpisa\u0107 216 s\u0142\u00f3w. Piosenk\u0119 t\u0119 nagra\u0142a w 1946 roku.<\/p>\n\n\n\n<h3 class=\"wp-block-heading\"><strong>Jak pisa\u0107 szybciej na klawiaturze?<\/strong><\/h3>\n\n\n\n<p>Musisz nauczy\u0107 si\u0119 prawid\u0142owej postawy, u\u017cywania wszystkich palc\u00f3w, naciskania w\u0142a\u015bciwych klawiszy bez zerkania i zapobiegania b\u0142\u0119dom, je\u015bli chcesz pisa\u0107 szybciej. Na szkoleniu z pisania na maszynie zyskasz, je\u015bli nie naby\u0142e\u015b \u017cadnej z tych umiej\u0119tno\u015bci.<\/p>\n\n\n\n<h3 class=\"wp-block-heading\"><strong>Jak znale\u017a\u0107 swoje wpm?<\/strong><\/h3>\n\n\n\n<p>Test s\u0142\u00f3w na minut\u0119, lub test WPM, jest najprostszym sposobem pomiaru szybko\u015bci pisania. &#8220;S\u0142owo&#8221; sk\u0142ada si\u0119 \u015brednio z 5 znak\u00f3w. Wystarczy podzieli\u0107 liczb\u0119 s\u0142\u00f3w wpisanych w ci\u0105gu minuty bez \u017cadnych liter\u00f3wek przez pi\u0119\u0107, aby okre\u015bli\u0107 WPM. Twoja pr\u0119dko\u015b\u0107 pisania wynosi\u0142aby na przyk\u0142ad 20 WPM, gdyby\u015b pisa\u0142 100 s\u0142\u00f3w na minut\u0119, wliczaj\u0105c spacje.<\/p>\n\n\n\n<p>Some Other keyboard Tools:<\/p>\n\n\n\n<ul class=\"wp-block-list\">\n<li><a href=\"https:\/\/cpstesters.com\/pl\/spacebar-counter\/\" target=\"_blank\" rel=\"noreferrer noopener\">Licznik spacji<\/a><\/li>\n\n\n\n<li><a href=\"https:\/\/cpstesters.com\/pl\/keyboard-counter\/\" target=\"_blank\" rel=\"noreferrer noopener\">Licznik klawiatury<\/a><\/li>\n\n\n\n<li><a href=\"https:\/\/cpstesters.com\/pl\/tester-klawiatury-mac\/\" target=\"_blank\" rel=\"noreferrer noopener\">Tester klawiatury Mac<\/a><\/li>\n\n\n\n<li><a href=\"https:\/\/cpstesters.com\/pl\/key-rollover-test\/\">Kluczowy test rolowania<\/a><\/li>\n\n\n\n<li><a href=\"https:\/\/cpstesters.com\/pl\/test-opoznienia-klawiatury\/\" target=\"_blank\" rel=\"noreferrer noopener\">Test op\u00f3\u017anienia klawiatury<\/a><\/li>\n\n\n\n<li><a href=\"https:\/\/cpstesters.com\/pl\/test-klawiatury-mechanicznej\/\" target=\"_blank\" rel=\"noreferrer noopener\">Test klawiatury mechanicznej<\/a><\/li>\n<\/ul>\n","protected":false},"excerpt":{"rendered":"<p>Test WPM zosta\u0142 opracowany w celu oceny umiej\u0119tno\u015bci i szybko\u015bci pisania s\u0142\u00f3w na minut\u0119. Mo\u017cesz \u0107wiczy\u0107 pisanie na klawiaturze dotykowej opr\u00f3cz test\u00f3w na pisanie, aby &#8230; <\/p>\n<p class=\"read-more-container\"><a title=\"Test pisania s\u0142\u00f3w na minut\u0119 online\" class=\"read-more button\" href=\"https:\/\/cpstesters.com\/pl\/wpm-test\/#more-2594\" aria-label=\"Dowiedz si\u0119 wi\u0119cej o Test pisania s\u0142\u00f3w na minut\u0119 online\">Read More<\/a><\/p>\n","protected":false},"author":4,"featured_media":1691,"parent":0,"menu_order":0,"comment_status":"closed","ping_status":"closed","template":"","meta":{"footnotes":""},"class_list":["post-2594","page","type-page","status-publish","has-post-thumbnail"],"_links":{"self":[{"href":"https:\/\/cpstesters.com\/pl\/wp-json\/wp\/v2\/pages\/2594","targetHints":{"allow":["GET"]}}],"collection":[{"href":"https:\/\/cpstesters.com\/pl\/wp-json\/wp\/v2\/pages"}],"about":[{"href":"https:\/\/cpstesters.com\/pl\/wp-json\/wp\/v2\/types\/page"}],"author":[{"embeddable":true,"href":"https:\/\/cpstesters.com\/pl\/wp-json\/wp\/v2\/users\/4"}],"replies":[{"embeddable":true,"href":"https:\/\/cpstesters.com\/pl\/wp-json\/wp\/v2\/comments?post=2594"}],"version-history":[{"count":8,"href":"https:\/\/cpstesters.com\/pl\/wp-json\/wp\/v2\/pages\/2594\/revisions"}],"predecessor-version":[{"id":6297,"href":"https:\/\/cpstesters.com\/pl\/wp-json\/wp\/v2\/pages\/2594\/revisions\/6297"}],"wp:featuredmedia":[{"embeddable":true,"href":"https:\/\/cpstesters.com\/pl\/wp-json\/wp\/v2\/media\/1691"}],"wp:attachment":[{"href":"https:\/\/cpstesters.com\/pl\/wp-json\/wp\/v2\/media?parent=2594"}],"curies":[{"name":"wp","href":"https:\/\/api.w.org\/{rel}","templated":true}]}}