{"id":2578,"date":"2024-07-16T14:19:36","date_gmt":"2024-07-16T14:19:36","guid":{"rendered":"https:\/\/cpstesters.com\/test-przewracania-kluczy-tester-n-key-rollover-nkro\/"},"modified":"2024-09-17T14:51:14","modified_gmt":"2024-09-17T14:51:14","slug":"key-rollover-test","status":"publish","type":"page","link":"https:\/\/cpstesters.com\/pl\/key-rollover-test\/","title":{"rendered":"Test przewracania kluczy | Tester N-Key Rollover NKRO"},"content":{"rendered":"\n<p>Nasz Key Rollover Test pomo\u017ce Ci sprawdzi\u0107, ile klawiszy mo\u017cesz zarejestrowa\u0107 na swojej klawiaturze mechanicznej!<\/p>\n<style>\r\n\ttable{\r\n\t\tbackground: #FFB15E;\r\n    color: white;\r\n    text-align: center;\t\r\n\t}\r\n\ttable td{\r\n\t\tfont-size:25px;\t\r\n\t}\r\n<\/style>\r\n\r\n<script type=\"text\/javascript\">\r\nvar keys = [];\r\nvar order = [];\r\n\r\nfunction getkeyname(keycode) {\r\n\tif(keycode >= 65 && keycode <= 90) {\r\n\t\treturn String.fromCharCode(keycode);\r\n\t}\r\n\tif(keycode >= 48 && keycode <= 57) return keycode - 48;\r\n\tif(keycode == 8) return \"&lt;BACKSPACE&gt;\";\r\n\tif(keycode == 9) return \"&lt;TAB&gt;\";\r\n\tif(keycode == 12) return \"&lt;NUM5&gt;\";\r\n\tif(keycode == 13) return \"&lt;ENTER&gt;\";\r\n\tif(keycode == 16) return \"&lt;SHIFT&gt;\";\r\n\tif(keycode == 17) return \"&lt;CTRL&gt;\";\r\n\tif(keycode == 18) return \"&lt;ALT&gt;\";\r\n\tif(keycode == 19) return \"&lt;PAUSE&gt;\";\r\n\tif(keycode == 20) return \"&lt;CAPSLOCK&gt;\";\r\n\tif(keycode == 27) return \"&lt;ESC&gt;\";\r\n\tif(keycode == 32) return \"&lt;SPACE&gt;\";\r\n\tif(keycode == 33) return \"&lt;PAGEUP&gt;\";\r\n\tif(keycode == 34) return \"&lt;PAGEDOWN&gt;\";\r\n\tif(keycode == 35) return \"&lt;END&gt;\";\r\n\tif(keycode == 36) return \"&lt;HOME&gt;\";\r\n\tif(keycode == 37) return \"&lt;LEFTARROW&gt;\";\r\n\tif(keycode == 38) return \"&lt;UPARROW&gt;\";\r\n\tif(keycode == 39) return \"&lt;RIGHTARROW&gt;\";\r\n\tif(keycode == 40) return \"&lt;DOWNARROW&gt;\";\r\n\tif(keycode == 45) return \"&lt;INSERT&gt;\";\r\n\tif(keycode == 46) return \"&lt;DELETE&gt;\";\r\n\tif(keycode == 59) return \";\";\r\n\tif(keycode == 91) return \"&lt;LEFTWINDOWS&gt;\";\r\n\tif(keycode == 92) return \"&lt;RIGHTWINDOWS&gt;\";\r\n\tif(keycode == 93) return \"&lt;MENU&gt;\";\r\n\tif(keycode >= 96 && keycode <= 105) return \"&lt;NUM\" + (keycode - 96) + \"&gt;\";\r\n\tif(keycode == 106) return \"&lt;MULTIPLY&gt;\";\r\n\tif(keycode == 107) return \"&lt;ADD&gt;\";\r\n\tif(keycode == 109) return \"&lt;SUBTRACT&gt;\";\r\n\tif(keycode == 110) return \"&lt;DECIMAL&gt;\";\r\n\tif(keycode == 111) return \"&lt;DIVIDE&gt;\";\r\n\tif(keycode >= 112 && keycode <= 123) return \"&lt;F\" + (keycode - 111) + \"&gt;\";\r\n\tif(keycode == 144) return \"&lt;NUMLOCK&gt;\";\r\n\tif(keycode == 145) return \"&lt;SCROLLLOCK&gt;\";\r\n\tif(keycode == 186) return \"&lt;SEMICOLON&gt;\";\r\n\tif(keycode == 187) return \"&lt;EQUALS&gt;\";\r\n\tif(keycode == 188) return \",\";\r\n\tif(keycode == 189) return \"&lt;DASH&gt;\";\r\n\tif(keycode == 190) return \".\";\r\n\tif(keycode == 191) return \"\/\";\r\n\tif(keycode == 192) return \"&lt;BACKTICK&gt;\";\r\n\tif(keycode == 219) return \"[\";\r\n\tif(keycode == 220) return \"\\\\\";\r\n\tif(keycode == 221) return \"]\";\r\n\tif(keycode == 222) return \"'\";\r\n\treturn \"&lt;\" + keycode + \"&gt;\";\r\n}\r\n\r\n\/\/This prototype is provided by the Mozilla foundation and\r\n\/\/is distributed under the MIT license.\r\n\/\/http:\/\/www.ibiblio.org\/pub\/Linux\/LICENSES\/mit.license\r\nif (!Array.prototype.map)\r\n{\r\n  Array.prototype.map = function(fun \/*, thisp*\/)\r\n  {\r\n    var len = this.length;\r\n    if (typeof fun != \"function\")\r\n      throw new TypeError();\r\n\r\n    var res = new Array(len);\r\n    var thisp = arguments[1];\r\n    for (var i = 0; i < len; i++)\r\n    {\r\n      if (i in this)\r\n        res[i] = fun.call(thisp, this[i], i, this);\r\n    }\r\n\r\n    return res;\r\n  };\r\n}\r\n\r\nfunction update() {\r\n\tdocument.getElementById('disp').innerHTML = order.map(getkeyname).join(\"\");\r\n\tdocument.getElementById('count').innerHTML = order.length;\r\n}\r\n\r\nfunction remove(which) {\r\n\tfor(var i = 0; i < order.length; i++) {\r\n\t\tif(order[i] == which) {\r\n\t\t\torder.splice(i, 1);\r\n\t\t\treturn;\r\n\t\t}\r\n\t}\r\n}\r\n\r\nfunction getkeycode(e) {\r\n\tvar keycode;\r\n\tif (window.event) keycode = window.event.keyCode;\r\n\telse if (e) keycode = e.which;\r\n\treturn keycode;\r\n}\r\n\r\njQuery(\"body\").keyup(function(){\r\n\tc=getkeycode(event); keys[c] = ''; remove(c); update();\r\n});\r\njQuery(\"body\").keydown(function(){\r\n\tc=getkeycode(event); if(keys[c] == c) return \r\nfalse; keys[c] = c; order[order.length] = c; update(); return false;\r\n});\r\n\t\r\n<\/script>\r\n\r\n<p>Directions: Type some keys.<p>\r\n\r\n<table border = 1 width=500>\r\n<tr><td>\r\n<p><br><\/p>\r\n Keys accepted: <span id=\"disp\"><\/span><br>\r\n Count: <span id=\"count\"><\/span><br>\r\n<p><br><\/p>\r\n\r\n<\/td><\/tr><\/table>\n\n<p><\/p>\n\n<div style=\"height:5px\" aria-hidden=\"true\" class=\"wp-block-spacer\"><\/div>\n\n<h2 class=\"wp-block-heading\">Co to jest Key Rollover?<\/h2>\n\n<p>Liczba klawiszy, kt\u00f3re klawiatura mo\u017ce zarejestrowa\u0107 jednocze\u015bnie, jest okre\u015blana jako key rollover. Gdy napisane jest x-key rollover (gdzie x jest liczb\u0105), x oznacza maksymaln\u0105 liczb\u0119 kluczy, kt\u00f3re mog\u0142yby by\u0107 u\u017cyte. Jest to wi\u0119c gwarancja, \u017ce ka\u017cda kombinacja dowolnych losowych x kluczy b\u0119dzie dzia\u0142a\u0107 zgodnie z przeznaczeniem.<\/p>\n\n<p>Klawiatura bez \u017cadnych ogranicze\u0144 jest okre\u015blana jako &#8220;N-key rollover&#8221;, co oznacza, \u017ce mo\u017cna wyobrazi\u0107 sobie wci\u015bni\u0119cie ka\u017cdego klawisza naraz.<\/p>\n\n<h2 class=\"wp-block-heading\">Kluczowy test rolowania<\/h2>\n\n<p>Test Keyboard rollover s\u0142u\u017cy do sprawdzenia, ile klawiszy klawiatura mo\u017ce zarejestrowa\u0107 jednocze\u015bnie. Na przyk\u0142ad 6-klawiszowy rollover pozwala na jednoczesne naci\u015bni\u0119cie dowolnych sze\u015bciu klawiszy i prawid\u0142owe zarejestrowanie ich wszystkich. Nale\u017cy zauwa\u017cy\u0107, \u017ce nie ma pewno\u015bci, \u017ce kombinacje z wi\u0119cej ni\u017c sze\u015bcioma klawiszami r\u00f3wnie\u017c b\u0119d\u0105 dzia\u0142a\u0107, dlatego nie ma g\u00f3rnej granicy.<\/p>\n\n<p>Mimo, \u017ce wi\u0119kszo\u015b\u0107 producent\u00f3w stosuje si\u0119 do zdefiniowanego podsumowania przetaczania klucza, niekt\u00f3rzy stosuj\u0105 do\u015b\u0107 nietypowe przeliczenia, aby uzyska\u0107 wi\u0119ksz\u0105 warto\u015b\u0107 przetaczania klucza. Jednym z takich alternatywnych podej\u015b\u0107 do liczenia jest wsp\u00f3lne liczenie <a href=\"https:\/\/www.tomshardware.com\/reviews\/-n-key-rollover-nkro-definition,5751.html\" target=\"_blank\" rel=\"noreferrer noopener\">przewijania<\/a> klawiszy, kt\u00f3re obejmuje na przyk\u0142ad mo\u017cliwe kombinacje klawiszy dla przycisk\u00f3w modyfikator\u00f3w (Ctrl, Alt, Shift itp.). To oczywi\u015bcie nie pasuje do opisu.<\/p>\n<div class=\"wp-block-image\">\n<figure class=\"aligncenter size-full\"><img loading=\"lazy\" decoding=\"async\" width=\"1000\" height=\"500\" src=\"https:\/\/cpstesters.com\/wp-content\/uploads\/2022\/09\/Keyboard-Rollover-Test-1.jpg\" alt=\"Kluczowy test rolowania\" class=\"wp-image-626\" title=\"\" srcset=\"https:\/\/cpstesters.com\/wp-content\/uploads\/2022\/09\/Keyboard-Rollover-Test-1.jpg 1000w, https:\/\/cpstesters.com\/wp-content\/uploads\/2022\/09\/Keyboard-Rollover-Test-1-300x150.jpg 300w, https:\/\/cpstesters.com\/wp-content\/uploads\/2022\/09\/Keyboard-Rollover-Test-1-768x384.jpg 768w\" sizes=\"auto, (max-width: 1000px) 100vw, 1000px\" \/><figcaption class=\"wp-element-caption\">Kluczowy test rolowania<\/figcaption><\/figure>\n<\/div>\n<p class=\"has-text-align-center has-base-background-color has-background has-medium-font-size\"><em>Zanim to sprawdzisz, mo\u017cesz r\u00f3wnie\u017c sprawdzi\u0107 swoje pisanie na maszynie poprzez <a href=\"https:\/\/cpstesters.com\/pl\/test-wpm\/\" target=\"_blank\" rel=\"noreferrer noopener\">Test S\u0142\u00f3w na Minut\u0119<\/a>!<\/em><\/p>\n\n<h2 class=\"wp-block-heading\">Jak przetestowa\u0107 NKRO na swojej klawiaturze?<\/h2>\n\n<p>Mo\u017cesz po prostu wykona\u0107 test przewracania si\u0119 n klawiszy lub test NKRO, wykorzystuj\u0105c program tekstowy, taki jak Microsoft Word, a tak\u017ce sprawdzaj\u0105c wymagania producenta, aby zobaczy\u0107, jakie przewracanie si\u0119 n klawiszy oferuje Twoja klawiatura.<\/p>\n\n<p>Zacznij od jednoczesnego wci\u015bni\u0119cia dw\u00f3ch klawiszy, notuj\u0105c, kt\u00f3re klawisze wciskasz. Nast\u0119pnie przejd\u017a o jeden klawisz wy\u017cej i dopasuj swoje wyniki do naci\u015bni\u0119\u0107 klawiszy widocznych na ekranie.<\/p>\n\n<p>Upewnij si\u0119, \u017ce NKRO jest w\u0142\u0105czone, je\u015bli oczekujesz NKRO z klawiatury, ale nie widzisz odpowiedniej liczby naci\u015bni\u0119\u0107 klawiszy. W niekt\u00f3rych klawiaturach, aby aktywowa\u0107 funkcj\u0119 NKRO, nale\u017cy wcisn\u0105\u0107 okre\u015blon\u0105 kombinacj\u0119 klawiszy lub aktywowa\u0107 oprogramowanie klawiatury.<\/p>\n\n<h2 class=\"wp-block-heading has-text-align-center\">FAQ&#8217;s<\/h2>\n\n<h3 class=\"wp-block-heading\"><strong>Co to jest rolowanie mojej klawiatury?<\/strong><\/h3>\n\n<p>Naci\u015bnij jednocze\u015bnie klawisze trzy, cztery i pi\u0119\u0107, aby przetestowa\u0107 numer rollover. Klawiatura posiada rolk\u0119, je\u015bli na ekranie wy\u015bwietlanych jest jednocze\u015bnie tak wiele klawiszy.<\/p>\n\n<h3 class=\"wp-block-heading\"><strong>Jak przetestowa\u0107 klawiatur\u0119 rolkow\u0105?<\/strong><\/h3>\n\n<p>Aby sprawdzi\u0107 swoj\u0105 klawiatur\u0119 z funkcj\u0105 rollover, wypr\u00f3buj nasz test online na rollover klawiszy. Jest to najszybsze i najprostsze podej\u015bcie do pokazania precyzyjnych wynik\u00f3w.<\/p>\n\n<h3 class=\"wp-block-heading\"><strong>Czym jest dobre przetoczenie klucza?<\/strong><\/h3>\n\n<p>Do pisania na maszynie zalecany jest 2-klawiszowy rollover. W przypadku gier hazardowych zalecana jest kumulacja sze\u015bciu kluczy. W grach, najprawdopodobniej szybko napotkasz kombinacje klawiszy, kt\u00f3re nie b\u0119d\u0105 dzia\u0142a\u0107 i w rezultacie b\u0119dziesz mia\u0142 nieszcz\u0119\u015bliwe do\u015bwiadczenie w grze.<\/p>\n\n<h3 class=\"wp-block-heading\"><strong>Czy 6-kluczowe rolowanie wystarczy do gry?<\/strong><\/h3>\n\n<p>Wspania\u0142e klawiatury do gier zawieraj\u0105 co najmniej 6-Key Rollover, aby unikn\u0105\u0107 ghostingu. Wielu graczy i innych os\u00f3b, kt\u00f3re szybko pisz\u0105 na klawiaturze, mo\u017ce skorzysta\u0107 z du\u017cej pojemno\u015bci klawiszy 6KRO.<\/p>\n\n<h3 class=\"wp-block-heading\"><strong>Czy wszystkie klawiatury mechaniczne to N-key rollover?<\/strong><\/h3>\n\n<p>Klawiatury membranowe nie s\u0105 dobrze rozpoznawane jako posiadaj\u0105ce n-key rollover z powodu ogranicze\u0144 w ich budowie, podczas gdy klawiatury mechaniczne s\u0105.<\/p>\n\n<p>Sprawd\u017a r\u00f3wnie\u017c te narz\u0119dzia:<\/p>\n\n<ul class=\"wp-block-list\">\n<li><a href=\"https:\/\/cpstesters.com\/pl\/\" target=\"_blank\" rel=\"noreferrer noopener\">Test klikni\u0119\u0107 na sekund\u0119<\/a><\/li>\n\n\n\n<li><a href=\"https:\/\/cpstesters.com\/pl\/test-opoznienia-klawiatury\/\" target=\"_blank\" rel=\"noreferrer noopener\">Test op\u00f3\u017anienia klawiatury<\/a><\/li>\n\n\n\n<li><a href=\"https:\/\/cpstesters.com\/pl\/spacebar-counter\/\" target=\"_blank\" rel=\"noreferrer noopener\">Licznik spacji<\/a><\/li>\n\n\n\n<li><a href=\"https:\/\/cpstesters.com\/pl\/test-klawiatury\/\" target=\"_blank\" rel=\"noreferrer noopener\">Test klawiatury online<\/a><\/li>\n\n\n\n<li><a href=\"https:\/\/cpstesters.com\/pl\/tester-klawiatury-maca\/\" target=\"_blank\" rel=\"noreferrer noopener\">Tester klawiatury Mac<\/a><\/li>\n<\/ul>\n","protected":false},"excerpt":{"rendered":"<p>Nasz Key Rollover Test pomo\u017ce Ci sprawdzi\u0107, ile klawiszy mo\u017cesz zarejestrowa\u0107 na swojej klawiaturze mechanicznej! Co to jest Key Rollover? Liczba klawiszy, kt\u00f3re klawiatura mo\u017ce &#8230; <\/p>\n<p class=\"read-more-container\"><a title=\"Test przewracania kluczy | Tester N-Key Rollover NKRO\" class=\"read-more button\" href=\"https:\/\/cpstesters.com\/pl\/key-rollover-test\/#more-2578\" aria-label=\"Dowiedz si\u0119 wi\u0119cej o Test przewracania kluczy | Tester N-Key Rollover NKRO\">Read More<\/a><\/p>\n","protected":false},"author":4,"featured_media":1715,"parent":0,"menu_order":0,"comment_status":"closed","ping_status":"closed","template":"","meta":{"footnotes":""},"class_list":["post-2578","page","type-page","status-publish","has-post-thumbnail"],"_links":{"self":[{"href":"https:\/\/cpstesters.com\/pl\/wp-json\/wp\/v2\/pages\/2578","targetHints":{"allow":["GET"]}}],"collection":[{"href":"https:\/\/cpstesters.com\/pl\/wp-json\/wp\/v2\/pages"}],"about":[{"href":"https:\/\/cpstesters.com\/pl\/wp-json\/wp\/v2\/types\/page"}],"author":[{"embeddable":true,"href":"https:\/\/cpstesters.com\/pl\/wp-json\/wp\/v2\/users\/4"}],"replies":[{"embeddable":true,"href":"https:\/\/cpstesters.com\/pl\/wp-json\/wp\/v2\/comments?post=2578"}],"version-history":[{"count":4,"href":"https:\/\/cpstesters.com\/pl\/wp-json\/wp\/v2\/pages\/2578\/revisions"}],"predecessor-version":[{"id":4216,"href":"https:\/\/cpstesters.com\/pl\/wp-json\/wp\/v2\/pages\/2578\/revisions\/4216"}],"wp:featuredmedia":[{"embeddable":true,"href":"https:\/\/cpstesters.com\/pl\/wp-json\/wp\/v2\/media\/1715"}],"wp:attachment":[{"href":"https:\/\/cpstesters.com\/pl\/wp-json\/wp\/v2\/media?parent=2578"}],"curies":[{"name":"wp","href":"https:\/\/api.w.org\/{rel}","templated":true}]}}