{"id":2438,"date":"2024-07-16T14:22:16","date_gmt":"2024-07-16T14:22:16","guid":{"rendered":"https:\/\/cpstesters.com\/reczny-test-klikniec-sprawdz-szybkosc-cps\/"},"modified":"2024-09-17T15:19:35","modified_gmt":"2024-09-17T15:19:35","slug":"reczny-test-klikniec","status":"publish","type":"page","link":"https:\/\/cpstesters.com\/pl\/reczny-test-klikniec\/","title":{"rendered":"R\u0119czny test klikni\u0119\u0107 | Sprawd\u017a szybko\u015b\u0107 CPS"},"content":{"rendered":"\n<p>Manualny Test Klikni\u0119\u0107 to gra klikni\u0119\u0107, kt\u00f3ra s\u0142u\u017cy do zliczania klikni\u0119\u0107 w r\u0119cznie zdefiniowanym przez Ciebie przedziale czasowym, Uruchom go teraz i ciesz si\u0119!<\/p>\n     \r\n<div class=\"row\">\r\n\t<div class=\"col-md-4\">\r\n\r\n\t\t\r\n\t\t\r\n\t\t<div class=\"side_nav\">\r\n            \r\n            \r\n            <ul class=\"time\">\r\n            <li>\r\n            <span data-time=\"1.00\">1 Second Test<\/span>\r\n            <\/li><li>\r\n           <span data-time=\"2.00\">2 Second Test<\/span>\r\n            <\/li><li>\r\n         <span data-time=\"5.00\">5 Second Test<\/span>\r\n            <\/li><li>\r\n\t\t\t<span data-time=\"10.00\">10 Second Test<\/span>\r\n            <\/li><li>\r\n            <span data-time=\"15.00\">15 Second Test<\/span>\r\n            <\/li>\r\n\t\t\t<li>\r\n            <span data-time=\"30.00\">30 Second Test<\/span>\r\n            <\/li>\r\n\t\t\t\t<li>\r\n            <span data-time=\"60.00\">60 Second Test<\/span>\r\n            <\/li>\r\n\t\t\t\t<li>\r\n            <span data-time=\"100.00\">100 Second Test<\/span>\r\n            <\/li>\r\n\t\t\t\r\n\t\t\t\r\n\t\t\t<\/ul>\r\n            <\/div>\r\n\t\t\r\n\t\t\r\n\t<\/div>\r\n\t<div class=\"col-md-8\">\r\n\t\t<section class=\"section section--full js-section-full section--click\">\r\n               <div class=\"container\">\r\n\t\t\t\t   \r\n\t\t\t\t         <div class=\"setting\">\r\n    <div class=\"theme-mode\"><a class=\"theme-mode__switch js-switch\" href=\"javascript:void(0);\"><\/a>\r\n        <div class=\"theme-mode__text\">Light \/ Dark mode<\/div>\r\n    <\/div>\r\n\t\t\t\t\t\t\t \r\n\t\t<div class=\"manual-form\">\r\n\t\t\t<input id=\"manual_seconds\" type=\"number\" placeholder=\"Seconds\">\r\n\t\t\t<button id=\"start_manual\">Start<\/button>\r\n\t\t\t\t\t\t\t <\/div>\r\n\t\t\t\t\t\t\t \r\n<\/div>\r\n\t\t\t\t   \r\n\t\t\t\t   \r\n                  <div class=\"statistics\">\r\n                     <div class=\"statistics__item statistics__item--timer\">\r\n                        <div class=\"statistics__number\">\r\n                           <span class=\"js-time number_timer\">5.00<\/span>\r\n                           <a class=\"statistics__arrow statistics__arrow--up js-time-up\" href=\"javascript:void(0);\">\r\n                              <svg class=\"icon icon-arrow-up \">\r\n                                 <use xlink:href=\"\/wp-content\/themes\/generatepress\/tools\/assets\/img\/spritesvg.svg#arrow-up\"><\/use>\r\n                              <\/svg>\r\n                           <\/a>\r\n                           <a class=\"statistics__arrow statistics__arrow--down js-time-down\" href=\"javascript:void(0);\">\r\n                              <svg class=\"icon icon-arrow-up \">\r\n                                 <use xlink:href=\"\/wp-content\/themes\/generatepress\/tools\/assets\/img\/spritesvg.svg#arrow-up\"><\/use>\r\n                              <\/svg>\r\n                           <\/a>\r\n                        <\/div>\r\n                        <div class=\"statistics__title\">Timer<\/div>\r\n                     <\/div>\r\n                     <div class=\"statistics__item statistics__item--clicks\">\r\n                        <div class=\"statistics__number number_clicks js-speed\">0.00<\/div>\r\n                        <div class=\"statistics__title\">Clicks \/ s<\/div>\r\n                     <\/div>\r\n                     <div class=\"statistics__item statistics__item--score\">\r\n                        <div class=\"statistics__number number_score js-score\">0<\/div>\r\n                        <div class=\"statistics__title\">Score<\/div>\r\n                     <\/div>\r\n                  <\/div>\r\n                  <div class=\"clicks-zone\">\r\n                     <div class=\"clicks-zone__start js-clicks-start\">\r\n                        <svg class=\"icon icon-click \">\r\n                           <use xlink:href=\"\/wp-content\/themes\/generatepress\/tools\/assets\/img\/spritesvg.svg#click\"><\/use>\r\n                        <\/svg>\r\n                        <div class=\"clicks-zone__start-title\">\u0421lick here to start cps test<\/div>\r\n                     <\/div>\r\n                     <div class=\"clicks-zone__clicks js-clicks\"><\/div>\r\n                     <div class=\"clicks-zone__result result-clicks js-clicks-result\">\r\n                        <div class=\"result-clicks__title rank-wrapper\"><\/div>\r\n                        <div class=\"result-clicks__text\">Your CPS result is <span class=\"speed js-stat-speed\"><\/span> (<span class=\"clicks js-stat-clicks\"><\/span> Clicks in <span class=\"time js-stat-time\"><\/span> Seconds)<\/div>\r\n                        <div class=\"result-clicks__img\"><img><\/div>\r\n                        <a class=\"result-clicks__btn js-try-again\" href=\"javascript:void(0);\">\r\n                           <svg class=\"icon icon-again \">\r\n                              <use xlink:href=\"\/wp-content\/themes\/generatepress\/tools\/assets\/img\/spritesvg.svg#again\"><\/use>\r\n                           <\/svg>\r\n                           Restart\r\n                        <\/a>\r\n                        <div class=\"result-clicks__share\">\r\n                           <div class=\"result-clicks__share-title\">Share your result with friends!<\/div>\r\n                           <div class=\"share-buttons\">\r\n                              <a class=\"share-button facebook\" data-href=\"https:\/\/www.facebook.com\/sharer\/sharer.php?u=https:\/\/cpstesters.com\/\" target=\"_blank\" onclick=\"goclicky(this); return false;\" rel=\"noopener\">Facebook<\/a>\r\n                              <a class=\"share-button twitter\" data-href=\"http:\/\/www.twitter.com\/share?url=https:\/\/cpstesters.com\/&text=[text]\" target=\"_blank\" onclick=\"goclicky(this); return false;\" rel=\"noopener\">Twitter<\/a>\r\n                              <a class=\"share-button whatsapp\" data-href=\"https:\/\/api.whatsapp.com\/send?text=[text]\" target=\"_blank\" onclick=\"goclicky(this); return false;\" rel=\"noopener\">WhatsApp<\/a>\r\n                              <a class=\"share-button reddit\" data-href=\"http:\/\/www.reddit.com\/submit?url=https:\/\/cpstesters.com\/&title=[text]\" target=\"_blank\" onclick=\"goclicky(this); return false;\" rel=\"noopener\">Reddit<\/a>\r\n                           <\/div>\r\n                        <\/div>\r\n                     <\/div>\r\n                  <\/div>\r\n                  <img decoding=\"async\" src=\"\/wp-content\/themes\/generatepress\/tools\/assets\/img\/test_result\/3\/1.png\" style=\"display: none\" alt=\"\" title=\"\">\r\n                  <img decoding=\"async\" src=\"\/wp-content\/themes\/generatepress\/tools\/assets\/img\/test_result\/5\/1.png\" style=\"display: none\" alt=\"\" title=\"\">\r\n                  <img decoding=\"async\" src=\"\/wp-content\/themes\/generatepress\/tools\/assets\/img\/test_result\/1\/1.png\" style=\"display: none\" alt=\"\" title=\"\">\r\n                  <img decoding=\"async\" src=\"\/wp-content\/themes\/generatepress\/tools\/assets\/img\/test_result\/2\/1.png\" style=\"display: none\" alt=\"\" title=\"\">\r\n                  <img decoding=\"async\" src=\"\/wp-content\/themes\/generatepress\/tools\/assets\/img\/test_result\/0\/1.png\" style=\"display: none\" alt=\"\" title=\"\">\r\n                  <img decoding=\"async\" src=\"\/wp-content\/themes\/generatepress\/tools\/assets\/img\/test_result\/6\/1.png\" style=\"display: none\" alt=\"\" title=\"\">\r\n                  <img decoding=\"async\" src=\"\/wp-content\/themes\/generatepress\/tools\/assets\/img\/test_result\/7\/1.png\" style=\"display: none\" alt=\"\" title=\"\">\r\n                  <img decoding=\"async\" src=\"\/wp-content\/themes\/generatepress\/tools\/assets\/img\/test_result\/4\/1.png\" style=\"display: none\" alt=\"\" title=\"\">\r\n                  <script>\r\n                     var test_result = {\"ratings\":{\"min\":0,\"max\":5},\"rating_ranks\":[\"Your Rank is Snail!\",\"Your Rank is Koala!\",\"Your Rank is Turtle!\",\"Your Rank is Panda!\",\"Your Rank is Hare!\",\"Your Rank is Kangaroo!\",\"Your Rank is Panther!\",\"Your Rank is Cheetah!\"],\"cps_scale\":[[0,1],[1,3],[3,5],[5,7],[7,9],[9,10],[10,12],[12,999]],\"files\":{\"3\":[\"\\\/wp-content\\\/themes\\\/generatepress\\\/tools\\\\assets\\\/img\\\/test_result\\\/3\\\/1.png\"],\"5\":[\"\\\/wp-content\\\/themes\\\/generatepress\\\/tools\\\\assets\\\/img\\\/test_result\\\/5\\\/1.png\"],\"1\":[\"\\\/wp-content\\\/themes\\\/generatepress\\\/tools\\\\assets\\\/img\\\/test_result\\\/1\\\/1.png\"],\"2\":[\"\\\/wp-content\\\/themes\\\/generatepress\\\/tools\\\\assets\\\/img\\\/test_result\\\/2\\\/1.png\"],\"0\":[\"\\\/wp-content\\\/themes\\\/generatepress\\\/tools\\\\assets\\\/img\\\/test_result\\\/0\\\/1.png\"],\"6\":[\"\\\/wp-content\\\/themes\\\/generatepress\\\/tools\\\\assets\\\/img\\\/test_result\\\/6\\\/1.png\"],\"7\":[\"\\\/wp-content\\\/themes\\\/generatepress\\\/tools\\\\assets\\\/img\\\/test_result\\\/7\\\/1.png\"],\"4\":[\"\\\/wp-content\\\/themes\\\/generatepress\\\/tools\\\\assets\\\/img\\\/test_result\\\/4\\\/1.png\"]}};\r\n                     var language = {\"code\":\"en\",\"name\":\"English\",\"prefix\":\"\"};\r\n                     var monitoringClickEvent = 'left';\r\n                     var shareTextDefault = 'My Manual Click Test result is {speed} ({clicks} Clicks in {time} Seconds)';\r\n                  <\/script>        \r\n               <\/div>\r\n            <\/section>\r\n\t\t\r\n\t<\/div>\r\n<\/div>\r\n\r\n    <script src=\"\/wp-content\/themes\/generatepress\/tools\/assets\/js\/libs.min.js\"><\/script>\r\n      <script src=\"\/wp-content\/themes\/generatepress\/tools\/assets\/js\/main.min.js?v64\"><\/script>\r\n\n\n<p><\/p>\n\n<p>U\u017cytkownicy Manual Click Test mog\u0105 testowa\u0107 szybko\u015b\u0107 klikania bez ogranicze\u0144 czasowych. Musisz tylko jak najd\u0142u\u017cej klika\u0107 w tym samym tempie, bo w przeciwie\u0144stwie do zwyk\u0142ego testu CPS, ten nie ko\u0144czy si\u0119 automatycznie po okre\u015blonym czasie. Po zako\u0144czeniu testu mo\u017cna go r\u0119cznie zako\u0144czy\u0107.<\/p>\n\n<h2 class=\"wp-block-heading\">R\u0119czny test CPS<\/h2>\n\n<p>Gdy chcesz oceni\u0107 swoj\u0105 zdolno\u015b\u0107 do klikania, odpadaj\u0105 wszystkie scenariusze, takie jak ustanowienie timera do testu szybko\u015bci klikania. Nie mo\u017cna oceni\u0107 swojej szybko\u015bci klikania w okre\u015blonym przedziale czasowym. Dlatego opracowali\u015bmy system, kt\u00f3ry pozwala na testowanie aktualnej pr\u0119dko\u015bci klikania w niesko\u0144czonym czasie i okre\u015bla, jak d\u0142ugo mo\u017cna utrzymywa\u0107 klikanie w okre\u015blonym tempie na sekund\u0119.<\/p>\n\n<p>Test Manual CPS oblicza, ile klikni\u0119\u0107 myszk\u0105 mo\u017ce wykona\u0107 dana osoba w ci\u0105gu z g\u00f3ry okre\u015blonej liczby sekund. Mo\u017cesz sprawdzi\u0107 swoj\u0105 szybko\u015b\u0107 klikania online bez \u017cadnych koszt\u00f3w, korzystaj\u0105c z jednej z licznych stron testuj\u0105cych szybko\u015b\u0107 klikania.<\/p>\n<div class=\"wp-block-image\">\n<figure class=\"aligncenter size-full\"><img loading=\"lazy\" decoding=\"async\" width=\"1000\" height=\"500\" src=\"https:\/\/cpstesters.com\/wp-content\/uploads\/2022\/08\/Manual_Click-Test.jpg\" alt=\"R&#x119;czny test klikni&#x119;&#x107;\" class=\"wp-image-315\" title=\"\" srcset=\"https:\/\/cpstesters.com\/wp-content\/uploads\/2022\/08\/Manual_Click-Test.jpg 1000w, https:\/\/cpstesters.com\/wp-content\/uploads\/2022\/08\/Manual_Click-Test-300x150.jpg 300w, https:\/\/cpstesters.com\/wp-content\/uploads\/2022\/08\/Manual_Click-Test-768x384.jpg 768w\" sizes=\"auto, (max-width: 1000px) 100vw, 1000px\" \/><figcaption class=\"wp-element-caption\">R\u0119czny test klikni\u0119\u0107<\/figcaption><\/figure>\n<\/div>\n<h2 class=\"wp-block-heading\">Jak dzia\u0142a Manual Click Test?<\/h2>\n\n<p>Wbudowany licznik klikni\u0119\u0107 dodaje klikni\u0119cia, gdy tylko u\u017cytkownik zacznie gra\u0107. Dodatkowo, gdy tylko u\u017cytkownik kliknie pole wyboru &#8220;Rozpocznij odtwarzanie&#8221; dla pierwszej sesji, rozpoczyna si\u0119 odliczanie czasu.<\/p>\n\n<p>Licznik klikni\u0119\u0107 ro\u015bnie wraz z kolejnymi klikni\u0119ciami. Gdy minie wyznaczony czas, w ko\u0144cu poka\u017c\u0105 si\u0119 warto\u015bci CPM (Clicks per minute) i CPS (Clicks per second). Monitor b\u0119dzie jednak funkcjonowa\u0142 tylko w wyznaczonym obszarze. Aby uzyska\u0107 po\u017c\u0105dany wynik, wystarczy klikn\u0105\u0107 na idealne miejsce do gry.<\/p>\n\n<p class=\"has-text-align-center has-base-background-color has-background has-medium-font-size\">Wykonaj r\u00f3wnie\u017c pe\u0142ny <a href=\"https:\/\/cpstesters.com\/pl\/\" target=\"_blank\" rel=\"noreferrer noopener\">test CPS<\/a> zanim przejdziesz do testu manualnego  <\/p>\n\n<h2 class=\"wp-block-heading\">R\u00f3\u017cne przedzia\u0142y czasowe testu CPS<\/h2>\n\n<ul class=\"wp-block-list\">\n<li>Test 3-sekundowy<\/li>\n\n\n\n<li>Test 4-sekundowy<\/li>\n\n\n\n<li>Test 5-sekundowy<\/li>\n\n\n\n<li>Test 10-sekundowy<\/li>\n\n\n\n<li>15-sekundowy test<\/li>\n\n\n\n<li>30-sekundowy test<\/li>\n\n\n\n<li>60-sekundowy test<\/li>\n\n\n\n<li>Test 100-sekundowy<\/li>\n<\/ul>\n\n<p>Mo\u017cesz wybra\u0107 dowolny czas trwania testu klikania; je\u015bli jeste\u015b pocz\u0105tkuj\u0105cy, zacznij od 3 sekund i \u015bled\u017a sw\u00f3j rozw\u00f3j. Napisz sw\u00f3j rekord na kolejne 10 sekund. Du\u017co \u0107wicz, aby sta\u0107 si\u0119 lepszym w klikaniu gier, je\u015bli chcesz klika\u0107 szybciej.<\/p>\n\n<h2 class=\"wp-block-heading\">Cechy r\u0119cznego testu klikni\u0119\u0107<\/h2>\n\n<h3 class=\"wp-block-heading\"><strong>1.<\/strong> <strong>Brak ram czasowych<\/strong><\/h3>\n\n<p>G\u0142\u00f3wn\u0105 zalet\u0105 tej strategii jest brak ogranicze\u0144 czasowych. Test mo\u017ce zosta\u0107 przerwany w dowolnym momencie. Twoja wydajno\u015b\u0107 klikania poprawia si\u0119 dzi\u0119ki temu.<\/p>\n\n<h3 class=\"wp-block-heading\"><strong>2.<\/strong> <strong>Postaw sobie wyzwanie<\/strong><\/h3>\n\n<p>Korzystaj\u0105c z trybu testu r\u0119cznego klikania cps, mo\u017cesz sprawdzi\u0107, jak szybko potrafisz klika\u0107. Testuje Twoj\u0105 zdolno\u015b\u0107 do utrzymania tempa klikni\u0119\u0107 na sekund\u0119 przez d\u0142u\u017cszy czas.<\/p>\n\n<h2 class=\"wp-block-heading has-text-align-center\">FAQ&#8217;s<\/h2>\n\n<h3 class=\"wp-block-heading\"><strong>Jak okre\u015bli\u0107 stawk\u0119 za klikni\u0119cie na sekund\u0119 (cps)?<\/strong><\/h3>\n\n<p>Ca\u0142kowita liczba klikni\u0119\u0107 \/ ca\u0142kowity czas w sekundach r\u00f3wna si\u0119 klikni\u0119ciom na sekund\u0119 (CPS). Wystarczy post\u0119powa\u0107 zgodnie z \u0142atwymi instrukcjami, aby sprawdzi\u0107 sw\u00f3j wynik Clicks per second.  <\/p>\n\n<h3 class=\"wp-block-heading\"><strong>Jaki jest wsp\u00f3\u0142czynnik CPS klikni\u0119cia?<\/strong><\/h3>\n\n<p>CPS oznacza \u015brednio klikni\u0119cia na sekund\u0119. S\u0142u\u017cy jako miernik tego, jak szybko mo\u017cna wcisn\u0105\u0107 mysz. Wska\u017anik CPS jest wynikiem badania pr\u0119dko\u015bci klikni\u0119cia.<\/p>\n\n<h3 class=\"wp-block-heading\"><strong>Jak przeprowadzi\u0107 r\u0119czny test klikni\u0119\u0107?<\/strong><\/h3>\n\n<p>W ramach testu podstawowego wybierz przycisk &#8220;Manual Click Test&#8221;. Znajdujesz si\u0119 teraz na stronie testu r\u0119cznego klikania. Kliknij zielony przycisk, aby rozpocz\u0105\u0107 test. Jak tylko mo\u017cesz, klikaj dalej.<\/p>\n\n<h2 class=\"wp-block-heading\">Zako\u0144czenie testu manualnego CPS<\/h2>\n\n<p>Jest ca\u0142kowicie darmowy w u\u017cyciu i stanowi jedno rozwi\u0105zanie do pomiaru szybko\u015bci klikania mysz\u0105. Z platformy mo\u017ce korzysta\u0107 ka\u017cdy rodzaj urz\u0105dzenia, w tym telefon kom\u00f3rkowy, komputer, komputer stacjonarny, iPad itp. Jest te\u017c bardzo lekki i szybki. Wyniki s\u0105 r\u00f3wnie\u017c w 100 procentach trafne. Nie ma wi\u0119c mo\u017cliwo\u015bci wyst\u0105pienia fa\u0142szywego wyj\u015bcia.<\/p>\n\n<p>Mamy jeszcze kilka innych test\u00f3w, kt\u00f3re mo\u017cesz chcie\u0107 sprawdzi\u0107:<\/p>\n\n<ul class=\"wp-block-list\">\n<li><a href=\"https:\/\/cpstesters.com\/pl\/drag-click-test\/\" target=\"_blank\" rel=\"noreferrer noopener\">Test przeci\u0105gania i klikania<\/a><\/li>\n\n\n\n<li><a href=\"https:\/\/cpstesters.com\/pl\/double-click-test\/\" target=\"_blank\" rel=\"noreferrer noopener\">Test podw\u00f3jnego klikni\u0119cia<\/a><\/li>\n\n\n\n<li><a href=\"https:\/\/cpstesters.com\/pl\/test-przewijania-myszy\/\" target=\"_blank\" rel=\"noreferrer noopener\">Test przewijania myszy<\/a><\/li>\n\n\n\n<li><a href=\"https:\/\/cpstesters.com\/pl\/spacebar-counter\/\" target=\"_blank\" rel=\"noreferrer noopener\">Licznik spacji<\/a><\/li>\n\n\n\n<li><a href=\"https:\/\/cpstesters.com\/pl\/test-klawiatury\/\" target=\"_blank\" rel=\"noreferrer noopener\">Test klawiatury<\/a><\/li>\n<\/ul>\n","protected":false},"excerpt":{"rendered":"<p>Manualny Test Klikni\u0119\u0107 to gra klikni\u0119\u0107, kt\u00f3ra s\u0142u\u017cy do zliczania klikni\u0119\u0107 w r\u0119cznie zdefiniowanym przez Ciebie przedziale czasowym, Uruchom go teraz i ciesz si\u0119! U\u017cytkownicy &#8230; <\/p>\n<p class=\"read-more-container\"><a title=\"R\u0119czny test klikni\u0119\u0107 | Sprawd\u017a szybko\u015b\u0107 CPS\" class=\"read-more button\" href=\"https:\/\/cpstesters.com\/pl\/reczny-test-klikniec\/#more-2438\" aria-label=\"Dowiedz si\u0119 wi\u0119cej o R\u0119czny test klikni\u0119\u0107 | Sprawd\u017a szybko\u015b\u0107 CPS\">Read More<\/a><\/p>\n","protected":false},"author":4,"featured_media":1151,"parent":0,"menu_order":0,"comment_status":"closed","ping_status":"closed","template":"","meta":{"footnotes":""},"class_list":["post-2438","page","type-page","status-publish","has-post-thumbnail"],"_links":{"self":[{"href":"https:\/\/cpstesters.com\/pl\/wp-json\/wp\/v2\/pages\/2438","targetHints":{"allow":["GET"]}}],"collection":[{"href":"https:\/\/cpstesters.com\/pl\/wp-json\/wp\/v2\/pages"}],"about":[{"href":"https:\/\/cpstesters.com\/pl\/wp-json\/wp\/v2\/types\/page"}],"author":[{"embeddable":true,"href":"https:\/\/cpstesters.com\/pl\/wp-json\/wp\/v2\/users\/4"}],"replies":[{"embeddable":true,"href":"https:\/\/cpstesters.com\/pl\/wp-json\/wp\/v2\/comments?post=2438"}],"version-history":[{"count":4,"href":"https:\/\/cpstesters.com\/pl\/wp-json\/wp\/v2\/pages\/2438\/revisions"}],"predecessor-version":[{"id":4298,"href":"https:\/\/cpstesters.com\/pl\/wp-json\/wp\/v2\/pages\/2438\/revisions\/4298"}],"wp:featuredmedia":[{"embeddable":true,"href":"https:\/\/cpstesters.com\/pl\/wp-json\/wp\/v2\/media\/1151"}],"wp:attachment":[{"href":"https:\/\/cpstesters.com\/pl\/wp-json\/wp\/v2\/media?parent=2438"}],"curies":[{"name":"wp","href":"https:\/\/api.w.org\/{rel}","templated":true}]}}