{"id":2308,"date":"2024-07-16T14:04:01","date_gmt":"2024-07-16T14:04:01","guid":{"rendered":"https:\/\/cpstesters.com\/polityka-prywatnosci\/"},"modified":"2024-09-17T16:03:08","modified_gmt":"2024-09-17T16:03:08","slug":"polityka-prywatnosci","status":"publish","type":"page","link":"https:\/\/cpstesters.com\/pl\/polityka-prywatnosci\/","title":{"rendered":"Polityka prywatno\u015bci"},"content":{"rendered":"\n<p>Niniejsza Polityka Prywatno\u015bci opisuje Nasze zasady i procedury dotycz\u0105ce gromadzenia, wykorzystywania i ujawniania Twoich danych podczas korzystania z Us\u0142ugi, a tak\u017ce informuje o Twoich prawach w zakresie prywatno\u015bci i sposobie, w jaki chroni Ci\u0119 prawo.<\/p>\n\n\n\n<p>U\u017cywamy Twoich danych osobowych, aby \u015bwiadczy\u0107 i ulepsza\u0107 Us\u0142ug\u0119. Korzystaj\u0105c z Us\u0142ugi, zgadzasz si\u0119 na zbieranie i wykorzystywanie informacji zgodnie z niniejsz\u0105 Polityk\u0105 prywatno\u015bci. Niniejsza Polityka prywatno\u015bci zosta\u0142a utworzona przy pomocy Generatora&nbsp;&nbsp;<a href=\"https:\/\/translate.google.com\/website?sl=en&amp;tl=pl&amp;hl=en&amp;client=webapp&amp;u=https:\/\/www.termsfeed.com\/privacy-policy-generator\/\" target=\"_blank\" rel=\"noreferrer noopener\">Polityki prywatno\u015bci<\/a>&nbsp;.<\/p>\n\n\n\n<h2 class=\"wp-block-heading\">Interpretacja i definicje<\/h2>\n\n\n\n<h3 class=\"wp-block-heading\">Interpretacja<\/h3>\n\n\n\n<p>S\u0142owa, kt\u00f3rych pierwsza litera jest wielka, maj\u0105 znaczenie zdefiniowane w nast\u0119puj\u0105cych warunkach. Poni\u017csze definicje maj\u0105 to samo znaczenie niezale\u017cnie od tego, czy wyst\u0119puj\u0105 w liczbie pojedynczej czy mnogiej.<\/p>\n\n\n\n<h3 class=\"wp-block-heading\">Definicje<\/h3>\n\n\n\n<p>Na potrzeby niniejszej Polityki Prywatno\u015bci:<\/p>\n\n\n\n<ul class=\"wp-block-list\">\n<li><strong>Konto<\/strong>&nbsp;&nbsp;oznacza unikalne konto utworzone dla Ciebie w celu uzyskania dost\u0119pu do naszych Us\u0142ug lub ich cz\u0119\u015bci.<\/li>\n\n\n\n<li><strong>Podmiot stowarzyszony<\/strong>&nbsp;&nbsp;oznacza podmiot, kt\u00f3ry kontroluje, jest kontrolowany lub znajduje si\u0119 pod wsp\u00f3ln\u0105 kontrol\u0105 ze stron\u0105, gdzie \u201ekontrola\u201d oznacza posiadanie 50% lub wi\u0119cej akcji, udzia\u0142\u00f3w kapita\u0142owych lub innych papier\u00f3w warto\u015bciowych uprawniaj\u0105cych do g\u0142osowania w wyborach dyrektor\u00f3w lub innych organ\u00f3w zarz\u0105dzaj\u0105cych.<\/li>\n\n\n\n<li><strong>Firma<\/strong>&nbsp;&nbsp;(zwana dalej w niniejszej Umowie \u201eSp\u00f3\u0142k\u0105\u201d, \u201eMy\u201d, \u201eNas\u201d lub \u201eNasz\u201d) oznacza tester\u00f3w cps.<\/li>\n\n\n\n<li><strong>Pliki cookie<\/strong>&nbsp;&nbsp;to niewielkie pliki umieszczane na Twoim komputerze, urz\u0105dzeniu mobilnym lub innym urz\u0105dzeniu przez witryn\u0119 internetow\u0105, zawieraj\u0105ce m.in. szczeg\u00f3\u0142y dotycz\u0105ce historii przegl\u0105danych przez Ciebie stron internetowych.<\/li>\n\n\n\n<li><strong>Kraj<\/strong>&nbsp;&nbsp;odnosi si\u0119 do: Karnataka, Indie<\/li>\n\n\n\n<li><strong>Urz\u0105dzenie<\/strong>&nbsp;&nbsp;oznacza ka\u017cde urz\u0105dzenie umo\u017cliwiaj\u0105ce dost\u0119p do Us\u0142ugi, takie jak komputer, telefon kom\u00f3rkowy lub tablet cyfrowy.<\/li>\n\n\n\n<li><strong>Dane osobowe<\/strong>&nbsp;&nbsp;oznaczaj\u0105 wszelkie informacje odnosz\u0105ce si\u0119 do zidentyfikowanej lub mo\u017cliwej do zidentyfikowania osoby fizycznej.<\/li>\n\n\n\n<li><strong>Us\u0142uga<\/strong>&nbsp;&nbsp;oznacza Stron\u0119 Internetow\u0105.<\/li>\n\n\n\n<li><strong>Dostawca Us\u0142ug<\/strong>&nbsp;&nbsp;oznacza dowoln\u0105 osob\u0119 fizyczn\u0105 lub prawn\u0105, kt\u00f3ra przetwarza dane w imieniu Sp\u00f3\u0142ki. Odnosi si\u0119 to do firm zewn\u0119trznych lub os\u00f3b zatrudnionych przez Sp\u00f3\u0142k\u0119 w celu u\u0142atwienia Us\u0142ugi, \u015bwiadczenia Us\u0142ugi w imieniu Sp\u00f3\u0142ki, wykonywania us\u0142ug zwi\u0105zanych z Us\u0142ug\u0105 lub pomagania Sp\u00f3\u0142ce w analizowaniu sposobu korzystania z Us\u0142ugi.<\/li>\n\n\n\n<li><strong>Dane o u\u017cytkowaniu<\/strong>&nbsp;&nbsp;oznaczaj\u0105 dane zbierane automatycznie, generowane podczas korzystania z Us\u0142ugi lub pochodz\u0105ce z samej infrastruktury Us\u0142ugi (na przyk\u0142ad czas trwania wizyty na stronie).<\/li>\n\n\n\n<li><strong>Strona internetowa<\/strong>&nbsp;&nbsp;odnosi si\u0119 do tester\u00f3w cps, dost\u0119pnych pod adresem&nbsp;&nbsp;<a href=\"https:\/\/cpstesters-com.translate.goog\/?_x_tr_sl=en&amp;_x_tr_tl=pl&amp;_x_tr_hl=en&amp;_x_tr_pto=wapp\" target=\"_blank\" rel=\"noreferrer noopener\">https:\/\/cpstesters.com\/<\/a><\/li>\n\n\n\n<li><strong>\u201eTy\u201d<\/strong>&nbsp;&nbsp;oznacza osob\u0119 uzyskuj\u0105c\u0105 dost\u0119p do Us\u0142ugi lub korzystaj\u0105c\u0105 z niej, albo sp\u00f3\u0142k\u0119 lub inny podmiot prawny, w imieniu kt\u00f3rego taka osoba uzyskuje dost\u0119p do Us\u0142ugi lub z niej korzysta, w stosownych przypadkach.<\/li>\n<\/ul>\n\n\n\n<h2 class=\"wp-block-heading\">Gromadzenie i wykorzystywanie Twoich danych osobowych<\/h2>\n\n\n\n<h3 class=\"wp-block-heading\">Rodzaje zbieranych danych<\/h3>\n\n\n\n<h4 class=\"wp-block-heading\">Dane osobowe<\/h4>\n\n\n\n<p>Podczas korzystania z Naszej Us\u0142ugi mo\u017cemy poprosi\u0107 Ci\u0119 o podanie Nam pewnych danych osobowych, kt\u00f3re mog\u0105 by\u0107 wykorzystane do skontaktowania si\u0119 z Tob\u0105 lub zidentyfikowania Ci\u0119. Dane osobowe mog\u0105 obejmowa\u0107, ale nie ograniczaj\u0105 si\u0119 do:<\/p>\n\n\n\n<ul class=\"wp-block-list\">\n<li>Dane o u\u017cytkowaniu<\/li>\n<\/ul>\n\n\n\n<h4 class=\"wp-block-heading\">Dane o u\u017cytkowaniu<\/h4>\n\n\n\n<p>Dane dotycz\u0105ce u\u017cytkowania s\u0105 zbierane automatycznie podczas korzystania z Us\u0142ugi.<\/p>\n\n\n\n<p>Dane dotycz\u0105ce u\u017cytkowania mog\u0105 obejmowa\u0107 informacje takie jak adres protoko\u0142u internetowego Twojego urz\u0105dzenia (np. adres IP), typ przegl\u0105darki, wersja przegl\u0105darki, strony naszej Us\u0142ugi, kt\u00f3re odwiedzasz, czas i dat\u0119 Twojej wizyty, czas sp\u0119dzony na tych stronach, unikalne identyfikatory urz\u0105dzenia i inne dane diagnostyczne.<\/p>\n\n\n\n<p>Gdy uzyskujesz dost\u0119p do Us\u0142ugi za po\u015brednictwem urz\u0105dzenia mobilnego, mo\u017cemy automatycznie zbiera\u0107 pewne informacje, obejmuj\u0105ce mi\u0119dzy innymi rodzaj u\u017cywanego urz\u0105dzenia mobilnego, unikalny identyfikator urz\u0105dzenia mobilnego, adres IP urz\u0105dzenia mobilnego, system operacyjny urz\u0105dzenia mobilnego, rodzaj u\u017cywanej przegl\u0105darki internetowej w urz\u0105dzeniu mobilnym, unikalne identyfikatory urz\u0105dze\u0144 i inne dane diagnostyczne.<\/p>\n\n\n\n<p>Mo\u017cemy r\u00f3wnie\u017c zbiera\u0107 informacje wysy\u0142ane przez Twoj\u0105 przegl\u0105dark\u0119 za ka\u017cdym razem, gdy odwiedzasz nasz\u0105 Us\u0142ug\u0119 lub gdy uzyskujesz dost\u0119p do Us\u0142ugi za pomoc\u0105 urz\u0105dzenia mobilnego.<\/p>\n\n\n\n<h4 class=\"wp-block-heading\">Technologie \u015bledzenia i pliki cookie<\/h4>\n\n\n\n<p>U\u017cywamy plik\u00f3w cookie i podobnych technologii \u015bledzenia, aby \u015bledzi\u0107 aktywno\u015b\u0107 w Naszej Us\u0142udze i przechowywa\u0107 okre\u015blone informacje. U\u017cywane technologie \u015bledzenia to sygna\u0142y nawigacyjne, znaczniki i skrypty do zbierania i \u015bledzenia informacji oraz do ulepszania i analizowania Naszej Us\u0142ugi. Technologie, kt\u00f3rych u\u017cywamy, mog\u0105 obejmowa\u0107:<\/p>\n\n\n\n<ul class=\"wp-block-list\">\n<li><strong>Pliki cookie lub pliki cookie przegl\u0105darki.<\/strong>&nbsp;&nbsp;Plik cookie to ma\u0142y plik umieszczony na Twoim urz\u0105dzeniu. Mo\u017cesz poinstruowa\u0107 swoj\u0105 przegl\u0105dark\u0119, aby odrzuca\u0142a wszystkie pliki cookie lub wskazywa\u0142a, kiedy plik cookie jest wysy\u0142any. Jednak je\u015bli nie zaakceptujesz plik\u00f3w cookie, mo\u017cesz nie by\u0107 w stanie korzysta\u0107 z niekt\u00f3rych cz\u0119\u015bci naszej us\u0142ugi. O ile nie zmieni\u0142e\u015b ustawie\u0144 swojej przegl\u0105darki tak, aby odrzuca\u0142a pliki cookie, nasza us\u0142uga mo\u017ce u\u017cywa\u0107 plik\u00f3w cookie.<\/li>\n\n\n\n<li><strong>Sygna\u0142y nawigacyjne.<\/strong>&nbsp;&nbsp;Niekt\u00f3re sekcje naszej Us\u0142ugi i nasze wiadomo\u015bci e-mail mog\u0105 zawiera\u0107 ma\u0142e pliki elektroniczne znane jako sygna\u0142y nawigacyjne (nazywane r\u00f3wnie\u017c przezroczystymi plikami gif, znacznikami pikselowymi i pojedynczymi pikselami gif), kt\u00f3re umo\u017cliwiaj\u0105 Sp\u00f3\u0142ce na przyk\u0142ad zliczanie u\u017cytkownik\u00f3w, kt\u00f3rzy odwiedzili te strony lub otworzyli wiadomo\u015b\u0107 e-mail, a tak\u017ce inne powi\u0105zane statystyki witryny (na przyk\u0142ad rejestrowanie popularno\u015bci okre\u015blonej sekcji i weryfikacja integralno\u015bci systemu i serwera).<\/li>\n<\/ul>\n\n\n\n<p>Pliki cookie mog\u0105 by\u0107 \u201etrwa\u0142e\u201d lub \u201esesyjne\u201d. Trwa\u0142e pliki cookie pozostaj\u0105 na Twoim komputerze osobistym lub urz\u0105dzeniu mobilnym, gdy przejdziesz w tryb offline, podczas gdy pliki cookie sesyjne s\u0105 usuwane, gdy tylko zamkniesz przegl\u0105dark\u0119 internetow\u0105. Mo\u017cesz dowiedzie\u0107 si\u0119 wi\u0119cej o plikach cookie w&nbsp; artykule na&nbsp;<a href=\"https:\/\/translate.google.com\/website?sl=en&amp;tl=pl&amp;hl=en&amp;client=webapp&amp;u=https:\/\/www.termsfeed.com\/blog\/cookies\/%23What_Are_Cookies\" target=\"_blank\" rel=\"noreferrer noopener\">stronie internetowej TermsFeed<\/a>&nbsp;&nbsp;.<\/p>\n\n\n\n<p>U\u017cywamy zar\u00f3wno plik\u00f3w cookie sesyjnych, jak i trwa\u0142ych w celach okre\u015blonych poni\u017cej:<\/p>\n\n\n\n<ul class=\"wp-block-list\">\n<li><strong>Niezb\u0119dne \/ niezb\u0119dne pliki cookie<\/strong>&nbsp;Typ: Pliki cookie sesjiAdministrator: NasCel: Te pliki cookie s\u0105 niezb\u0119dne do \u015bwiadczenia Ci us\u0142ug dost\u0119pnych za po\u015brednictwem Witryny i umo\u017cliwienia Ci korzystania z niekt\u00f3rych jej funkcji. Pomagaj\u0105 uwierzytelnia\u0107 u\u017cytkownik\u00f3w i zapobiega\u0107 oszuka\u0144czemu wykorzystaniu kont u\u017cytkownik\u00f3w. Bez tych plik\u00f3w cookie us\u0142ugi, o kt\u00f3re prosi\u0142e\u015b, nie mog\u0105 by\u0107 \u015bwiadczone, a my u\u017cywamy tych plik\u00f3w cookie wy\u0142\u0105cznie do \u015bwiadczenia Ci tych us\u0142ug.<\/li>\n\n\n\n<li><strong>Polityka plik\u00f3w cookie \/ Powiadomienie o akceptacji plik\u00f3w cookie<\/strong>&nbsp;Typ: Trwa\u0142e pliki cookieAdministrator: NasCel: Te pliki cookie identyfikuj\u0105, czy u\u017cytkownicy zaakceptowali u\u017cywanie plik\u00f3w cookie w Witrynie.<\/li>\n\n\n\n<li><strong>Pliki cookie funkcjonalne<\/strong>&nbsp;Typ: Trwa\u0142e pliki cookie Administrowane przez: Nas Cel: Te pliki cookie pozwalaj\u0105 nam zapami\u0119ta\u0107 wybory, kt\u00f3rych dokonujesz podczas korzystania ze Strony internetowej, takie jak zapami\u0119tanie danych logowania lub preferencji j\u0119zykowych. Celem tych plik\u00f3w cookie jest zapewnienie Ci bardziej osobistego do\u015bwiadczenia i unikni\u0119cie konieczno\u015bci ponownego wprowadzania preferencji za ka\u017cdym razem, gdy korzystasz ze Strony internetowej.<\/li>\n<\/ul>\n\n\n\n<p>Aby uzyska\u0107 wi\u0119cej informacji na temat wykorzystywanych przez nas plik\u00f3w cookie i mo\u017cliwo\u015bci wyboru dotycz\u0105cych plik\u00f3w cookie, zapoznaj si\u0119 z nasz\u0105 Polityk\u0105 dotycz\u0105c\u0105 plik\u00f3w cookie lub sekcj\u0105 dotycz\u0105c\u0105 plik\u00f3w cookie w naszej Polityce prywatno\u015bci.<\/p>\n\n\n\n<h3 class=\"wp-block-heading\">Wykorzystanie Twoich Danych Osobowych<\/h3>\n\n\n\n<p>Sp\u00f3\u0142ka mo\u017ce wykorzystywa\u0107 Dane Osobowe w nast\u0119puj\u0105cych celach:<\/p>\n\n\n\n<ul class=\"wp-block-list\">\n<li><strong>Aby \u015bwiadczy\u0107 i utrzymywa\u0107 nasz\u0105 Us\u0142ug\u0119<\/strong>&nbsp;, w tym monitorowa\u0107 korzystanie z naszej Us\u0142ugi.<\/li>\n\n\n\n<li><strong>Aby zarz\u0105dza\u0107 Twoim Kontem:<\/strong>&nbsp;&nbsp;aby zarz\u0105dza\u0107 Twoj\u0105 rejestracj\u0105 jako u\u017cytkownika Us\u0142ugi. Dane Osobowe, kt\u00f3re podajesz, mog\u0105 zapewni\u0107 Ci dost\u0119p do r\u00f3\u017cnych funkcjonalno\u015bci Us\u0142ugi, kt\u00f3re s\u0105 dost\u0119pne dla Ciebie jako zarejestrowanego u\u017cytkownika.<\/li>\n\n\n\n<li><strong>W celu wykonania umowy:<\/strong>&nbsp;&nbsp;opracowanie, wykonanie i zawarcie umowy sprzeda\u017cy produkt\u00f3w, przedmiot\u00f3w lub us\u0142ug, kt\u00f3re naby\u0142e\u015b, lub jakiejkolwiek innej umowy z Nami za po\u015brednictwem Serwisu.<\/li>\n\n\n\n<li><strong>Aby si\u0119 z Tob\u0105 skontaktowa\u0107:<\/strong>&nbsp;&nbsp;Aby si\u0119 z Tob\u0105 skontaktowa\u0107 za po\u015brednictwem poczty elektronicznej, po\u0142\u0105cze\u0144 telefonicznych, wiadomo\u015bci SMS lub innych r\u00f3wnowa\u017cnych form komunikacji elektronicznej, takich jak powiadomienia push aplikacji mobilnej dotycz\u0105ce aktualizacji lub komunikat\u00f3w informacyjnych zwi\u0105zanych z funkcjonalno\u015bciami, produktami lub zakontraktowanymi us\u0142ugami, w tym aktualizacjami zabezpiecze\u0144, gdy jest to konieczne lub uzasadnione w celu ich wdro\u017cenia.<\/li>\n\n\n\n<li><strong>Aby dostarcza\u0107 Ci<\/strong>&nbsp;&nbsp;wiadomo\u015bci, oferty specjalne i og\u00f3lne informacje o innych oferowanych przez nas towarach, us\u0142ugach i wydarzeniach, kt\u00f3re s\u0105 podobne do tych, kt\u00f3re ju\u017c kupi\u0142e\u015b lub o kt\u00f3re pyta\u0142e\u015b, chyba \u017ce zdecydowa\u0142e\u015b si\u0119 nie otrzymywa\u0107 takich informacji.<\/li>\n\n\n\n<li><strong>Aby zarz\u0105dza\u0107 Twoimi pro\u015bbami:<\/strong>&nbsp;&nbsp;Aby odpowiada\u0107 na Twoje pro\u015bby kierowane do Nas i nimi zarz\u0105dza\u0107.<\/li>\n\n\n\n<li><strong>W przypadku przeniesienia w\u0142asno\u015bci przedsi\u0119biorstwa:<\/strong>&nbsp;&nbsp;Mo\u017cemy wykorzystywa\u0107 Twoje dane do oceny lub przeprowadzenia fuzji, sprzeda\u017cy, restrukturyzacji, reorganizacji, rozwi\u0105zania lub innej sprzeda\u017cy lub przeniesienia cz\u0119\u015bci lub ca\u0142o\u015bci Naszych aktyw\u00f3w, niezale\u017cnie od tego, czy jako przedsi\u0119biorstwo dzia\u0142aj\u0105ce, czy w ramach upad\u0142o\u015bci, likwidacji lub podobnego post\u0119powania, w kt\u00f3rym Dane Osobowe, kt\u00f3re posiadamy na temat u\u017cytkownik\u00f3w naszych Us\u0142ug, nale\u017c\u0105 do przenoszonych aktyw\u00f3w.<\/li>\n\n\n\n<li><strong>W innych celach<\/strong>&nbsp;: Mo\u017cemy wykorzystywa\u0107 Twoje dane w innych celach, takich jak analiza danych, identyfikacja trend\u00f3w u\u017cytkowania, okre\u015blanie skuteczno\u015bci naszych kampanii promocyjnych oraz ocena i poprawa naszych Us\u0142ug, produkt\u00f3w, us\u0142ug, marketingu i Twoich do\u015bwiadcze\u0144.<\/li>\n<\/ul>\n\n\n\n<p>Mo\u017cemy udost\u0119pnia\u0107 Twoje dane osobowe w nast\u0119puj\u0105cych sytuacjach:<\/p>\n\n\n\n<ul class=\"wp-block-list\">\n<li><strong>Dostawcom us\u0142ug:<\/strong>&nbsp;&nbsp;Mo\u017cemy udost\u0119pnia\u0107 Twoje dane osobowe Dostawcom us\u0142ug w celu monitorowania i analizowania sposobu korzystania z naszych Us\u0142ug oraz w celu skontaktowania si\u0119 z Tob\u0105.<\/li>\n\n\n\n<li><strong>W przypadku przeniesienia przedsi\u0119biorstwa:<\/strong>&nbsp;&nbsp;Mo\u017cemy udost\u0119pnia\u0107 lub przekazywa\u0107 Twoje dane osobowe w zwi\u0105zku z, lub w trakcie negocjacji, jak\u0105kolwiek fuzj\u0105, sprzeda\u017c\u0105 aktyw\u00f3w Sp\u00f3\u0142ki, finansowaniem lub przej\u0119ciem ca\u0142o\u015bci lub cz\u0119\u015bci Naszego przedsi\u0119biorstwa przez inn\u0105 sp\u00f3\u0142k\u0119.<\/li>\n\n\n\n<li><strong>Z podmiotami stowarzyszonymi:<\/strong>&nbsp;&nbsp;Mo\u017cemy udost\u0119pnia\u0107 Twoje informacje naszym podmiotom stowarzyszonym, w takim przypadku b\u0119dziemy wymaga\u0107 od tych podmiot\u00f3w stowarzyszonych przestrzegania niniejszej Polityki prywatno\u015bci. Podmioty stowarzyszone obejmuj\u0105 nasz\u0105 sp\u00f3\u0142k\u0119 dominuj\u0105c\u0105 i wszelkie inne sp\u00f3\u0142ki zale\u017cne, partner\u00f3w joint venture lub inne sp\u00f3\u0142ki, kt\u00f3re kontrolujemy lub kt\u00f3re s\u0105 pod wsp\u00f3ln\u0105 kontrol\u0105 z nami.<\/li>\n\n\n\n<li><strong>Z partnerami biznesowymi:<\/strong>&nbsp;&nbsp;Mo\u017cemy udost\u0119pnia\u0107 Twoje dane naszym partnerom biznesowym w celu oferowania Ci okre\u015blonych produkt\u00f3w, us\u0142ug lub promocji.<\/li>\n\n\n\n<li><strong>Z innymi u\u017cytkownikami:<\/strong>&nbsp;&nbsp;gdy udost\u0119pniasz informacje osobiste lub w inny spos\u00f3b wchodzisz w interakcj\u0119 w obszarach publicznych z innymi u\u017cytkownikami, takie informacje mog\u0105 by\u0107 widoczne dla wszystkich u\u017cytkownik\u00f3w i mog\u0105 by\u0107 publicznie rozpowszechniane poza nimi.<\/li>\n\n\n\n<li><strong>Za Twoj\u0105 zgod\u0105<\/strong>&nbsp;: Mo\u017cemy ujawnia\u0107 Twoje dane osobowe w dowolnym innym celu za Twoj\u0105 zgod\u0105.<\/li>\n<\/ul>\n\n\n\n<h3 class=\"wp-block-heading\">Przechowywanie Twoich Danych Osobowych<\/h3>\n\n\n\n<p>Firma b\u0119dzie przechowywa\u0107 Twoje Dane Osobowe tylko tak d\u0142ugo, jak b\u0119dzie to konieczne do cel\u00f3w okre\u015blonych w niniejszej Polityce Prywatno\u015bci. B\u0119dziemy przechowywa\u0107 i wykorzystywa\u0107 Twoje Dane Osobowe w zakresie niezb\u0119dnym do wype\u0142nienia naszych zobowi\u0105za\u0144 prawnych (na przyk\u0142ad, je\u015bli b\u0119dziemy zobowi\u0105zani do przechowywania Twoich danych w celu przestrzegania obowi\u0105zuj\u0105cych przepis\u00f3w), rozstrzygania spor\u00f3w i egzekwowania naszych um\u00f3w prawnych i zasad.<\/p>\n\n\n\n<p>Firma b\u0119dzie r\u00f3wnie\u017c przechowywa\u0107 Dane U\u017cytkowania do cel\u00f3w analizy wewn\u0119trznej. Dane U\u017cytkowania s\u0105 zazwyczaj przechowywane przez kr\u00f3tszy okres czasu, z wyj\u0105tkiem sytuacji, gdy dane te s\u0105 wykorzystywane do wzmocnienia bezpiecze\u0144stwa lub poprawy funkcjonalno\u015bci Naszej Us\u0142ugi lub gdy jeste\u015bmy prawnie zobowi\u0105zani do przechowywania tych danych przez d\u0142u\u017csze okresy czasu.<\/p>\n\n\n\n<h3 class=\"wp-block-heading\">Przekazywanie Twoich Danych Osobowych<\/h3>\n\n\n\n<p>Twoje informacje, w tym Dane Osobowe, s\u0105 przetwarzane w biurach operacyjnych Sp\u00f3\u0142ki i w innych miejscach, w kt\u00f3rych znajduj\u0105 si\u0119 strony zaanga\u017cowane w przetwarzanie. Oznacza to, \u017ce te informacje mog\u0105 by\u0107 przesy\u0142ane do komputer\u00f3w znajduj\u0105cych si\u0119 poza Twoim stanem, prowincj\u0105, krajem lub inn\u0105 jurysdykcj\u0105 rz\u0105dow\u0105, gdzie przepisy o ochronie danych mog\u0105 r\u00f3\u017cni\u0107 si\u0119 od przepis\u00f3w obowi\u0105zuj\u0105cych w Twojej jurysdykcji i mog\u0105 by\u0107 na nich przechowywane.<\/p>\n\n\n\n<p>Wyra\u017cenie przez Ciebie zgody na niniejsz\u0105 Polityk\u0119 Prywatno\u015bci, a nast\u0119pnie przes\u0142anie przez Ciebie takich informacji, oznacza Twoj\u0105 zgod\u0119 na takie przekazanie.<\/p>\n\n\n\n<p>Sp\u00f3\u0142ka podejmie wszelkie uzasadnione kroki niezb\u0119dne do zapewnienia, \u017ce \u200b\u200bTwoje dane b\u0119d\u0105 traktowane bezpiecznie i zgodnie z niniejsz\u0105 Polityk\u0105 prywatno\u015bci. Nie b\u0119dzie mia\u0142o miejsca \u017cadne przekazanie Twoich Danych Osobowych \u017cadnej organizacji lub krajowi, chyba \u017ce istniej\u0105 odpowiednie \u015brodki kontroli, w tym \u015brodki zapewniaj\u0105ce bezpiecze\u0144stwo Twoich danych i innych informacji osobistych.<\/p>\n\n\n\n<h3 class=\"wp-block-heading\">Usu\u0144 swoje dane osobowe<\/h3>\n\n\n\n<p>Masz prawo usun\u0105\u0107 lub za\u017c\u0105da\u0107 od nas pomocy w usuni\u0119ciu Danych Osobowych, kt\u00f3re zebrali\u015bmy na Tw\u00f3j temat.<\/p>\n\n\n\n<p>Nasza Us\u0142uga mo\u017ce umo\u017cliwia\u0107 Ci usuni\u0119cie pewnych informacji o Tobie z poziomu Us\u0142ugi.<\/p>\n\n\n\n<p>Mo\u017cesz aktualizowa\u0107, zmienia\u0107 lub usuwa\u0107 swoje dane w dowolnym momencie, loguj\u0105c si\u0119 do swojego konta, je\u015bli je posiadasz, i odwiedzaj\u0105c sekcj\u0119 ustawie\u0144 konta, kt\u00f3ra umo\u017cliwia zarz\u0105dzanie Twoimi danymi osobowymi. Mo\u017cesz r\u00f3wnie\u017c skontaktowa\u0107 si\u0119 z nami, aby poprosi\u0107 o dost\u0119p, poprawi\u0107 lub usun\u0105\u0107 wszelkie dane osobowe, kt\u00f3re nam przekaza\u0142e\u015b.<\/p>\n\n\n\n<p>Nale\u017cy jednak pami\u0119ta\u0107, \u017ce mo\u017ce zaistnie\u0107 konieczno\u015b\u0107 zachowania pewnych informacji, gdy b\u0119dziemy mie\u0107 do tego obowi\u0105zek prawny lub podstaw\u0119 prawn\u0105.<\/p>\n\n\n\n<h3 class=\"wp-block-heading\">Ujawnienie Twoich Danych Osobowych<\/h3>\n\n\n\n<h4 class=\"wp-block-heading\">Transakcje biznesowe<\/h4>\n\n\n\n<p>Je\u015bli Sp\u00f3\u0142ka jest zaanga\u017cowana w fuzj\u0119, przej\u0119cie lub sprzeda\u017c aktyw\u00f3w, Twoje Dane Osobowe mog\u0105 zosta\u0107 przeniesione. Powiadomimy Ci\u0119, zanim Twoje Dane Osobowe zostan\u0105 przeniesione i stan\u0105 si\u0119 przedmiotem innej Polityki Prywatno\u015bci.<\/p>\n\n\n\n<h4 class=\"wp-block-heading\">Organy \u015bcigania<\/h4>\n\n\n\n<p>W pewnych okoliczno\u015bciach Sp\u00f3\u0142ka mo\u017ce by\u0107 zobowi\u0105zana do ujawnienia Twoich Danych Osobowych, je\u017celi wymaga tego prawo lub w odpowiedzi na uzasadnione \u017c\u0105danie organ\u00f3w publicznych (np. s\u0105du lub agencji rz\u0105dowej).<\/p>\n\n\n\n<h4 class=\"wp-block-heading\">Inne wymogi prawne<\/h4>\n\n\n\n<p>Sp\u00f3\u0142ka mo\u017ce ujawni\u0107 Twoje Dane Osobowe, dzia\u0142aj\u0105c w dobrej wierze, je\u017celi uzna, \u017ce \u200b\u200btakie dzia\u0142anie jest konieczne w celu:<\/p>\n\n\n\n<ul class=\"wp-block-list\">\n<li>Spe\u0142nianie obowi\u0105zku prawnego<\/li>\n\n\n\n<li>Chroni\u0107 i broni\u0107 praw lub maj\u0105tku Sp\u00f3\u0142ki<\/li>\n\n\n\n<li>Zapobiegaj lub badaj mo\u017cliwe nieprawid\u0142owo\u015bci w zwi\u0105zku z Us\u0142ug\u0105<\/li>\n\n\n\n<li>Chro\u0144 bezpiecze\u0144stwo osobiste U\u017cytkownik\u00f3w Us\u0142ugi lub spo\u0142ecze\u0144stwa<\/li>\n\n\n\n<li>Chro\u0144 si\u0119 przed odpowiedzialno\u015bci\u0105 prawn\u0105<\/li>\n<\/ul>\n\n\n\n<h3 class=\"wp-block-heading\">Bezpiecze\u0144stwo Twoich Danych Osobowych<\/h3>\n\n\n\n<p>Bezpiecze\u0144stwo Twoich Danych Osobowych jest dla Nas wa\u017cne, ale pami\u0119taj, \u017ce \u017cadna metoda transmisji przez Internet ani metoda elektronicznego przechowywania nie jest w 100% bezpieczna. Chocia\u017c staramy si\u0119 u\u017cywa\u0107 komercyjnie akceptowalnych \u015brodk\u00f3w ochrony Twoich Danych Osobowych, nie mo\u017cemy zagwarantowa\u0107 ich absolutnego bezpiecze\u0144stwa.<\/p>\n\n\n\n<h2 class=\"wp-block-heading\">Prywatno\u015b\u0107 dzieci<\/h2>\n\n\n\n<p>Nasza Us\u0142uga nie jest skierowana do os\u00f3b poni\u017cej 13 roku \u017cycia. Nie zbieramy \u015bwiadomie danych osobowych od os\u00f3b poni\u017cej 13 roku \u017cycia. Je\u015bli jeste\u015b rodzicem lub opiekunem i wiesz, \u017ce Twoje dziecko przekaza\u0142o Nam Dane Osobowe, skontaktuj si\u0119 z Nami. Je\u015bli dowiemy si\u0119, \u017ce zebrali\u015bmy Dane Osobowe od os\u00f3b poni\u017cej 13 roku \u017cycia bez weryfikacji zgody rodzicielskiej, podejmiemy kroki w celu usuni\u0119cia tych informacji z Naszych serwer\u00f3w.<\/p>\n\n\n\n<p>Je\u017celi musimy opiera\u0107 si\u0119 na zgodzie jako podstawie prawnej do przetwarzania Twoich danych, a Tw\u00f3j kraj wymaga zgody rodzica, mo\u017cemy za\u017c\u0105da\u0107 zgody rodzica przed zebraniem i wykorzystaniem tych danych.<\/p>\n\n\n\n<h2 class=\"wp-block-heading\">Linki do innych stron internetowych<\/h2>\n\n\n\n<p>Nasza Us\u0142uga mo\u017ce zawiera\u0107 linki do innych stron internetowych, kt\u00f3re nie s\u0105 przez nas obs\u0142ugiwane. Je\u015bli klikniesz na link strony trzeciej, zostaniesz przekierowany do strony tej strony trzeciej. Zdecydowanie zalecamy zapoznanie si\u0119 z Polityk\u0105 prywatno\u015bci ka\u017cdej odwiedzanej strony.<\/p>\n\n\n\n<p>Nie mamy kontroli nad tre\u015bci\u0105, polityk\u0105 prywatno\u015bci ani praktykami stron lub us\u0142ug os\u00f3b trzecich i nie ponosimy za nie \u017cadnej odpowiedzialno\u015bci.<\/p>\n\n\n\n<h2 class=\"wp-block-heading\">Zmiany w niniejszej Polityce Prywatno\u015bci<\/h2>\n\n\n\n<p>Mo\u017cemy od czasu do czasu aktualizowa\u0107 nasz\u0105 Polityk\u0119 prywatno\u015bci. Powiadomimy Ci\u0119 o wszelkich zmianach, publikuj\u0105c now\u0105 Polityk\u0119 prywatno\u015bci na tej stronie.<\/p>\n\n\n\n<p>Poinformujemy Ci\u0119 o tym za po\u015brednictwem poczty elektronicznej i\/lub widocznego powiadomienia w Naszej Us\u0142udze przed wej\u015bciem zmiany w \u017cycie i zaktualizujemy dat\u0119 \u201eOstatniej aktualizacji\u201d znajduj\u0105c\u0105 si\u0119 na g\u00f3rze niniejszej Polityki prywatno\u015bci.<\/p>\n\n\n\n<p>Zalecamy okresowe przegl\u0105danie niniejszej Polityki prywatno\u015bci pod k\u0105tem wszelkich zmian. Zmiany w niniejszej Polityce prywatno\u015bci obowi\u0105zuj\u0105, gdy zostan\u0105 opublikowane na tej stronie.<\/p>\n\n\n\n<h2 class=\"wp-block-heading\">Skontaktuj si\u0119 z nami<\/h2>\n\n\n\n<p>Je\u015bli masz jakiekolwiek pytania dotycz\u0105ce niniejszej Polityki Prywatno\u015bci, mo\u017cesz si\u0119 z nami skontaktowa\u0107:<\/p>\n\n\n\n<ul class=\"wp-block-list\">\n<li>Odwiedzaj\u0105c t\u0119 \u200b\u200bstron\u0119 na naszej stronie internetowej:&nbsp;&nbsp;<a href=\"https:\/\/cpstesters-com.translate.goog\/contact-us\/?_x_tr_sl=en&amp;_x_tr_tl=pl&amp;_x_tr_hl=en&amp;_x_tr_pto=wapp\" target=\"_blank\" rel=\"noreferrer noopener\">https:\/\/cpstesters.com\/contact-us\/<\/a><\/li>\n<\/ul>\n\n\n\n<p><\/p>\n","protected":false},"excerpt":{"rendered":"<p>Niniejsza Polityka Prywatno\u015bci opisuje Nasze zasady i procedury dotycz\u0105ce gromadzenia, wykorzystywania i ujawniania Twoich danych podczas korzystania z Us\u0142ugi, a tak\u017ce informuje o Twoich prawach &#8230; <\/p>\n<p class=\"read-more-container\"><a title=\"Polityka prywatno\u015bci\" class=\"read-more button\" href=\"https:\/\/cpstesters.com\/pl\/polityka-prywatnosci\/#more-2308\" aria-label=\"Dowiedz si\u0119 wi\u0119cej o Polityka prywatno\u015bci\">Read More<\/a><\/p>\n","protected":false},"author":4,"featured_media":0,"parent":0,"menu_order":0,"comment_status":"closed","ping_status":"closed","template":"","meta":{"footnotes":""},"class_list":["post-2308","page","type-page","status-publish"],"_links":{"self":[{"href":"https:\/\/cpstesters.com\/pl\/wp-json\/wp\/v2\/pages\/2308","targetHints":{"allow":["GET"]}}],"collection":[{"href":"https:\/\/cpstesters.com\/pl\/wp-json\/wp\/v2\/pages"}],"about":[{"href":"https:\/\/cpstesters.com\/pl\/wp-json\/wp\/v2\/types\/page"}],"author":[{"embeddable":true,"href":"https:\/\/cpstesters.com\/pl\/wp-json\/wp\/v2\/users\/4"}],"replies":[{"embeddable":true,"href":"https:\/\/cpstesters.com\/pl\/wp-json\/wp\/v2\/comments?post=2308"}],"version-history":[{"count":5,"href":"https:\/\/cpstesters.com\/pl\/wp-json\/wp\/v2\/pages\/2308\/revisions"}],"predecessor-version":[{"id":6069,"href":"https:\/\/cpstesters.com\/pl\/wp-json\/wp\/v2\/pages\/2308\/revisions\/6069"}],"wp:attachment":[{"href":"https:\/\/cpstesters.com\/pl\/wp-json\/wp\/v2\/media?parent=2308"}],"curies":[{"name":"wp","href":"https:\/\/api.w.org\/{rel}","templated":true}]}}