{"id":2301,"date":"2024-07-16T14:22:19","date_gmt":"2024-07-16T14:22:19","guid":{"rendered":"https:\/\/cpstesters.com\/regulamin\/"},"modified":"2024-09-17T16:25:33","modified_gmt":"2024-09-17T16:25:33","slug":"regulamin","status":"publish","type":"page","link":"https:\/\/cpstesters.com\/pl\/regulamin\/","title":{"rendered":"Warunki i postanowienia"},"content":{"rendered":"\n<p>Ostatnia aktualizacja: 7 sierpnia 2024 r.<\/p>\n\n\n\n<p>Przed skorzystaniem z naszych us\u0142ug prosimy o uwa\u017cne zapoznanie si\u0119 z niniejszym regulaminem.<\/p>\n\n\n\n<h2 class=\"wp-block-heading\">Interpretacja i definicje<\/h2>\n\n\n\n<h3 class=\"wp-block-heading\">Interpretacja<\/h3>\n\n\n\n<p>S\u0142owa, kt\u00f3rych pierwsza litera jest wielka, maj\u0105 znaczenie zdefiniowane w nast\u0119puj\u0105cych warunkach. Poni\u017csze definicje maj\u0105 to samo znaczenie niezale\u017cnie od tego, czy wyst\u0119puj\u0105 w liczbie pojedynczej czy mnogiej.<\/p>\n\n\n\n<h3 class=\"wp-block-heading\">Definicje<\/h3>\n\n\n\n<p>Na potrzeby niniejszego Regulaminu:<\/p>\n\n\n\n<ul class=\"wp-block-list\">\n<li><strong>Podmiot powi\u0105zany<\/strong>\u00a0\u00a0oznacza podmiot, kt\u00f3ry kontroluje, jest kontrolowany lub znajduje si\u0119 pod wsp\u00f3ln\u0105 kontrol\u0105 ze stron\u0105, gdzie \u201ekontrola\u201d oznacza posiadanie 50% lub wi\u0119cej akcji, udzia\u0142\u00f3w kapita\u0142owych lub innych papier\u00f3w warto\u015bciowych uprawniaj\u0105cych do g\u0142osowania w wyborach dyrektor\u00f3w lub innych organ\u00f3w zarz\u0105dzaj\u0105cych.<\/li>\n\n\n\n<li><strong>Kraj<\/strong>\u00a0\u00a0odnosi si\u0119 do: Karnataka, Indie<\/li>\n\n\n\n<li><strong>Firma<\/strong>\u00a0\u00a0(zwana dalej w niniejszej Umowie \u201eSp\u00f3\u0142k\u0105\u201d, \u201eMy\u201d, \u201eNas\u201d lub \u201eNasz\u201d) oznacza tester\u00f3w cps.<\/li>\n\n\n\n<li><strong>Urz\u0105dzenie<\/strong>\u00a0\u00a0oznacza ka\u017cde urz\u0105dzenie umo\u017cliwiaj\u0105ce dost\u0119p do Us\u0142ugi, takie jak komputer, telefon kom\u00f3rkowy lub tablet cyfrowy.<\/li>\n\n\n\n<li><strong>Us\u0142uga<\/strong>\u00a0\u00a0oznacza Stron\u0119 Internetow\u0105.<\/li>\n\n\n\n<li><strong>Warunki i postanowienia<\/strong>\u00a0\u00a0(zwane r\u00f3wnie\u017c \u201eWarunkami\u201d) oznaczaj\u0105 niniejsze Warunki i postanowienia, kt\u00f3re stanowi\u0105 ca\u0142o\u015b\u0107 umowy pomi\u0119dzy Tob\u0105 a Sp\u00f3\u0142k\u0105 w zakresie korzystania z Us\u0142ugi. Niniejsza umowa w sprawie Warunk\u00f3w i postanowie\u0144 zosta\u0142a utworzona przy pomocy\u00a0\u00a0<a href=\"https:\/\/translate.google.com\/website?sl=en&amp;tl=nl&amp;hl=en&amp;client=webapp&amp;u=https:\/\/www.termsfeed.com\/terms-conditions-generator\/\" target=\"_blank\" rel=\"noreferrer noopener\">Generatora Warunk\u00f3w i postanowie\u0144<\/a>\u00a0.<\/li>\n\n\n\n<li><strong>Us\u0142uga medi\u00f3w spo\u0142eczno\u015bciowych strony trzeciej<\/strong>\u00a0\u00a0oznacza wszelkie us\u0142ugi lub tre\u015bci (w tym dane, informacje, produkty lub us\u0142ugi) dostarczane przez stron\u0119 trzeci\u0105, kt\u00f3re mog\u0105 by\u0107 wy\u015bwietlane, uwzgl\u0119dniane lub udost\u0119pniane w ramach Us\u0142ugi.<\/li>\n\n\n\n<li><strong>Strona internetowa<\/strong>\u00a0\u00a0odnosi si\u0119 do tester\u00f3w cps, dost\u0119pnych pod adresem\u00a0\u00a0<a href=\"https:\/\/cpstesters-com.translate.goog\/?_x_tr_sl=en&amp;_x_tr_tl=nl&amp;_x_tr_hl=en&amp;_x_tr_pto=wapp\" target=\"_blank\" rel=\"noreferrer noopener\">https:\/\/cpstesters.com\/<\/a><\/li>\n\n\n\n<li><strong>\u201eTy\u201d<\/strong>\u00a0\u00a0oznacza osob\u0119 uzyskuj\u0105c\u0105 dost\u0119p do Us\u0142ugi lub korzystaj\u0105c\u0105 z niej, albo sp\u00f3\u0142k\u0119 lub inny podmiot prawny, w imieniu kt\u00f3rego taka osoba uzyskuje dost\u0119p do Us\u0142ugi lub z niej korzysta, w stosownych przypadkach.<\/li>\n<\/ul>\n\n\n\n<h2 class=\"wp-block-heading\">Potwierdzenie<\/h2>\n\n\n\n<p>Niniejsze Warunki i Postanowienia reguluj\u0105 korzystanie z tej Us\u0142ugi oraz umow\u0119, kt\u00f3ra obowi\u0105zuje mi\u0119dzy Tob\u0105 a Sp\u00f3\u0142k\u0105. Niniejsze Warunki i Postanowienia okre\u015blaj\u0105 prawa i obowi\u0105zki wszystkich u\u017cytkownik\u00f3w dotycz\u0105ce korzystania z Us\u0142ugi.<\/p>\n\n\n\n<p>Dost\u0119p do Us\u0142ugi i korzystanie z niej s\u0105 uzale\u017cnione od akceptacji i przestrzegania niniejszych Warunk\u00f3w. Niniejsze Warunki maj\u0105 zastosowanie do wszystkich odwiedzaj\u0105cych, u\u017cytkownik\u00f3w i innych os\u00f3b, kt\u00f3re uzyskuj\u0105 dost\u0119p do Us\u0142ugi lub z niej korzystaj\u0105.<\/p>\n\n\n\n<p>Uzyskuj\u0105c dost\u0119p do Us\u0142ugi lub korzystaj\u0105c z niej, zgadzasz si\u0119 by\u0107 zwi\u0105zanym niniejszymi Warunkami. Je\u015bli nie zgadzasz si\u0119 z jak\u0105kolwiek cz\u0119\u015bci\u0105 niniejszych Warunk\u00f3w, nie mo\u017cesz uzyska\u0107 dost\u0119pu do Us\u0142ugi.<\/p>\n\n\n\n<p>O\u015bwiadczasz, \u017ce masz uko\u0144czone 18 lat. Sp\u00f3\u0142ka nie zezwala osobom poni\u017cej 18 roku \u017cycia na korzystanie z Us\u0142ugi.<\/p>\n\n\n\n<p>Dost\u0119p do Us\u0142ugi i korzystanie z niej jest r\u00f3wnie\u017c uzale\u017cnione od zaakceptowania i przestrzegania Polityki Prywatno\u015bci Sp\u00f3\u0142ki. Nasza Polityka Prywatno\u015bci opisuje Nasze zasady i procedury dotycz\u0105ce gromadzenia, wykorzystywania i ujawniania Twoich danych osobowych podczas korzystania z Aplikacji lub Witryny oraz informuje o Twoich prawach do prywatno\u015bci i sposobie, w jaki prawo Ci\u0119 chroni. Przeczytaj uwa\u017cnie Nasz\u0105 Polityk\u0119 Prywatno\u015bci przed skorzystaniem z Naszej Us\u0142ugi.<\/p>\n\n\n\n<h2 class=\"wp-block-heading\">Linki do innych stron internetowych<\/h2>\n\n\n\n<p>Nasz Serwis mo\u017ce zawiera\u0107 linki do stron internetowych lub us\u0142ug stron trzecich, kt\u00f3re nie s\u0105 w\u0142asno\u015bci\u0105 Sp\u00f3\u0142ki ani nie s\u0105 przez ni\u0105 kontrolowane.<\/p>\n\n\n\n<p>Firma nie ma kontroli nad tre\u015bci\u0105, polityk\u0105 prywatno\u015bci ani praktykami stron internetowych lub us\u0142ug stron trzecich i nie ponosi za nie \u017cadnej odpowiedzialno\u015bci. Ponadto potwierdzasz i zgadzasz si\u0119, \u017ce Firma nie ponosi odpowiedzialno\u015bci, bezpo\u015brednio ani po\u015brednio, za jakiekolwiek szkody lub straty spowodowane lub rzekomo spowodowane przez lub w zwi\u0105zku z korzystaniem z lub poleganiem na jakiejkolwiek takiej tre\u015bci, towarach lub us\u0142ugach dost\u0119pnych na lub za po\u015brednictwem takich stron internetowych lub us\u0142ug.<\/p>\n\n\n\n<p>Zdecydowanie zalecamy zapoznanie si\u0119 z regulaminem i polityk\u0105 prywatno\u015bci ka\u017cdej odwiedzanej witryny internetowej lub us\u0142ugi strony trzeciej.<\/p>\n\n\n\n<h2 class=\"wp-block-heading\">Zako\u0144czenie<\/h2>\n\n\n\n<p>Mamy prawo natychmiast zako\u0144czy\u0107 lub zawiesi\u0107 Tw\u00f3j dost\u0119p, bez wcze\u015bniejszego powiadomienia i ponoszenia odpowiedzialno\u015bci, z dowolnego powodu, w tym, ale nie wy\u0142\u0105cznie, w przypadku naruszenia przez Ciebie niniejszych Warunk\u00f3w.<\/p>\n\n\n\n<p>Po rozwi\u0105zaniu umowy Twoje prawo do korzystania z Us\u0142ugi wygasa natychmiast.<\/p>\n\n\n\n<h2 class=\"wp-block-heading\">Ograniczenie odpowiedzialno\u015bci<\/h2>\n\n\n\n<p>Niezale\u017cnie od jakichkolwiek szk\u00f3d, jakie mo\u017cesz ponie\u015b\u0107, ca\u0142kowita odpowiedzialno\u015b\u0107 Sp\u00f3\u0142ki i ka\u017cdego z jej dostawc\u00f3w na mocy kt\u00f3regokolwiek z postanowie\u0144 niniejszych Warunk\u00f3w oraz Twoje wy\u0142\u0105czne zado\u015b\u0107uczynienie za wszystkie powy\u017csze zdarzenia b\u0119d\u0105 ograniczone do kwoty faktycznie zap\u0142aconej przez Ciebie za po\u015brednictwem Us\u0142ugi lub 100 USD, je\u015bli nie dokona\u0142e\u015b zakupu za po\u015brednictwem Us\u0142ugi.<\/p>\n\n\n\n<p>W maksymalnym zakresie dozwolonym przez obowi\u0105zuj\u0105ce prawo, Sp\u00f3\u0142ka ani jej dostawcy nie ponosz\u0105 w \u017cadnym wypadku odpowiedzialno\u015bci za jakiekolwiek szkody szczeg\u00f3lne, przypadkowe, po\u015brednie lub wynikowe (w tym, ale nie wy\u0142\u0105cznie, szkody z tytu\u0142u utraty zysk\u00f3w, utraty danych lub innych informacji, przerwy w dzia\u0142alno\u015bci, obra\u017ce\u0144 cia\u0142a, utraty prywatno\u015bci wynikaj\u0105cych z lub w jakikolwiek spos\u00f3b zwi\u0105zanych z korzystaniem z Us\u0142ugi lub niemo\u017cno\u015bci\u0105 korzystania z niej, oprogramowania stron trzecich i\/lub sprz\u0119tu stron trzecich u\u017cywanego z Us\u0142ug\u0105 lub w inny spos\u00f3b w zwi\u0105zku z jakimkolwiek postanowieniem niniejszych Warunk\u00f3w), nawet je\u015bli Sp\u00f3\u0142ka lub kt\u00f3rykolwiek dostawca zostali poinformowani o mo\u017cliwo\u015bci wyst\u0105pienia takich szk\u00f3d i nawet je\u015bli \u015brodek zaradczy nie spe\u0142ni swojego zasadniczego celu.<\/p>\n\n\n\n<p>Niekt\u00f3re stany nie zezwalaj\u0105 na wykluczenie domniemanych gwarancji lub ograniczenie odpowiedzialno\u015bci za szkody przypadkowe lub wynikowe, co oznacza, \u017ce \u200b\u200bniekt\u00f3re z powy\u017cszych ogranicze\u0144 mog\u0105 nie mie\u0107 zastosowania. W tych stanach odpowiedzialno\u015b\u0107 ka\u017cdej ze stron b\u0119dzie ograniczona w najwi\u0119kszym zakresie dozwolonym przez prawo.<\/p>\n\n\n\n<h2 class=\"wp-block-heading\">Zastrze\u017cenie \u201eTAK JAK JEST\u201d i \u201eTAK JAK DOST\u0118PNE\u201d<\/h2>\n\n\n\n<p>Us\u0142uga jest \u015bwiadczona Tobie \u201eTAK JAK JEST\u201d i \u201eTAK JAK DOST\u0118PNA\u201d ze wszystkimi wadami i defektami bez jakiejkolwiek gwarancji. W maksymalnym zakresie dozwolonym przez obowi\u0105zuj\u0105ce prawo, Sp\u00f3\u0142ka, we w\u0142asnym imieniu i w imieniu swoich Podmiot\u00f3w Powi\u0105zanych oraz swoich i ich odpowiednich licencjodawc\u00f3w i dostawc\u00f3w us\u0142ug, wyra\u017anie zrzeka si\u0119 wszelkich gwarancji, czy to wyra\u017anych, dorozumianych, ustawowych czy innych, w odniesieniu do Us\u0142ugi, w tym wszelkich dorozumianych gwarancji przydatno\u015bci handlowej, przydatno\u015bci do okre\u015blonego celu, tytu\u0142u i nienaruszalno\u015bci oraz gwarancji, kt\u00f3re mog\u0105 wynika\u0107 z przebiegu transakcji, przebiegu wykonania, u\u017cytkowania lub praktyki handlowej. Bez ogranicze\u0144 do powy\u017cszego, Sp\u00f3\u0142ka nie udziela \u017cadnej gwarancji ani zobowi\u0105zania i nie sk\u0142ada \u017cadnego o\u015bwiadczenia, \u017ce \u200b\u200bUs\u0142uga spe\u0142ni Twoje wymagania, osi\u0105gnie jakiekolwiek zamierzone rezultaty, b\u0119dzie zgodna lub b\u0119dzie wsp\u00f3\u0142pracowa\u0107 z jakimkolwiek innym oprogramowaniem, aplikacjami, systemami lub us\u0142ugami, b\u0119dzie dzia\u0142a\u0107 bez przerwy, spe\u0142ni jakiekolwiek standardy wydajno\u015bci lub niezawodno\u015bci lub b\u0119dzie wolna od b\u0142\u0119d\u00f3w lub \u017ce jakiekolwiek b\u0142\u0119dy lub wady mog\u0105 lub zostan\u0105 naprawione.<\/p>\n\n\n\n<p>Bez ograniczania powy\u017cszego, ani Sp\u00f3\u0142ka, ani \u017caden z dostawc\u00f3w Sp\u00f3\u0142ki nie sk\u0142ada \u017cadnych o\u015bwiadcze\u0144 ani gwarancji \u017cadnego rodzaju, wyra\u017anych ani dorozumianych: (i) co do dzia\u0142ania lub dost\u0119pno\u015bci Us\u0142ugi lub informacji, tre\u015bci, materia\u0142\u00f3w lub produkt\u00f3w w niej zawartych; (ii) \u017ce Us\u0142uga b\u0119dzie nieprzerwana i wolna od b\u0142\u0119d\u00f3w; (iii) co do dok\u0142adno\u015bci, niezawodno\u015bci lub aktualno\u015bci jakichkolwiek informacji lub tre\u015bci dostarczanych za po\u015brednictwem Us\u0142ugi; lub (iv) \u017ce Us\u0142uga, jej serwery, tre\u015b\u0107 lub wiadomo\u015bci e-mail wysy\u0142ane z lub w imieniu Sp\u00f3\u0142ki s\u0105 wolne od wirus\u00f3w, skrypt\u00f3w, koni troja\u0144skich, robak\u00f3w, z\u0142o\u015bliwego oprogramowania, bomb zegarowych lub innych szkodliwych komponent\u00f3w.<\/p>\n\n\n\n<p>Niekt\u00f3re jurysdykcje nie zezwalaj\u0105 na wykluczenie pewnych rodzaj\u00f3w gwarancji lub ogranicze\u0144 obowi\u0105zuj\u0105cych ustawowych praw konsumenta, wi\u0119c niekt\u00f3re lub wszystkie powy\u017csze wykluczenia i ograniczenia mog\u0105 nie mie\u0107 zastosowania do Ciebie. Jednak w takim przypadku wykluczenia i ograniczenia okre\u015blone w tej sekcji b\u0119d\u0105 stosowane w najwi\u0119kszym zakresie egzekwowalnym na mocy obowi\u0105zuj\u0105cego prawa.<\/p>\n\n\n\n<h2 class=\"wp-block-heading\">Prawo w\u0142a\u015bciwe<\/h2>\n\n\n\n<p>Niniejsze Warunki i korzystanie z Us\u0142ugi podlegaj\u0105 prawu danego kraju, z wy\u0142\u0105czeniem przepis\u00f3w kolizyjnych. Korzystanie z Aplikacji mo\u017ce r\u00f3wnie\u017c podlega\u0107 innym lokalnym, stanowym, krajowym lub mi\u0119dzynarodowym przepisom prawa.<\/p>\n\n\n\n<h2 class=\"wp-block-heading\">Rozwi\u0105zywanie spor\u00f3w<\/h2>\n\n\n\n<p>Je\u017celi masz jakiekolwiek w\u0105tpliwo\u015bci lub spory dotycz\u0105ce Us\u0142ugi, zgadzasz si\u0119 w pierwszej kolejno\u015bci spr\u00f3bowa\u0107 rozwi\u0105za\u0107 sp\u00f3r nieformalnie, kontaktuj\u0105c si\u0119 ze Sp\u00f3\u0142k\u0105.<\/p>\n\n\n\n<h2 class=\"wp-block-heading\">Dla u\u017cytkownik\u00f3w z Unii Europejskiej (UE)<\/h2>\n\n\n\n<p>Je\u017celi jeste\u015b konsumentem z Unii Europejskiej, b\u0119dziesz korzysta\u0142 ze wszelkich obowi\u0105zkowych przepis\u00f3w prawa kraju, w kt\u00f3rym mieszkasz.<\/p>\n\n\n\n<h2 class=\"wp-block-heading\">Zgodno\u015b\u0107 z prawem Stan\u00f3w Zjednoczonych<\/h2>\n\n\n\n<p>O\u015bwiadczasz i gwarantujesz, \u017ce (i) nie znajdujesz si\u0119 w kraju obj\u0119tym embargiem rz\u0105du Stan\u00f3w Zjednoczonych lub kt\u00f3ry zosta\u0142 oznaczony przez rz\u0105d Stan\u00f3w Zjednoczonych jako kraj \u201ewspieraj\u0105cy terroryzm\u201d oraz (ii) nie jeste\u015b wpisany na \u017cadn\u0105 list\u0119 stron obj\u0119tych zakazem lub ograniczeniami rz\u0105du Stan\u00f3w Zjednoczonych.<\/p>\n\n\n\n<h2 class=\"wp-block-heading\">Podzielno\u015b\u0107 i zrzeczenie si\u0119<\/h2>\n\n\n\n<h3 class=\"wp-block-heading\">Podzielno\u015b\u0107<\/h3>\n\n\n\n<p>Je\u017celi kt\u00f3rekolwiek z postanowie\u0144 niniejszych Warunk\u00f3w zostanie uznane za niewykonalne lub niewa\u017cne, postanowienie takie zostanie zmienione i zinterpretowane w spos\u00f3b maksymalnie zgodny z celami takiego postanowienia, a pozosta\u0142e postanowienia zachowaj\u0105 pe\u0142n\u0105 moc i skuteczno\u015b\u0107.<\/p>\n\n\n\n<h3 class=\"wp-block-heading\">Zrzeczenie si\u0119<\/h3>\n\n\n\n<p>Z wyj\u0105tkiem przypadk\u00f3w okre\u015blonych w niniejszym dokumencie, zaniechanie wykonania prawa lub za\u017c\u0105danie wykonania obowi\u0105zku wynikaj\u0105cego z niniejszych Warunk\u00f3w nie wp\u0142ywa na zdolno\u015b\u0107 strony do wykonania takiego prawa lub za\u017c\u0105dania takiego wykonania w dowolnym momencie p\u00f3\u017aniej, a zrzeczenie si\u0119 dochodzenia naruszenia nie stanowi zrzeczenia si\u0119 dochodzenia p\u00f3\u017aniejszego naruszenia.<\/p>\n\n\n\n<h2 class=\"wp-block-heading\">T\u0142umaczenie Interpretacja<\/h2>\n\n\n\n<p>Niniejsze Warunki i Postanowienia mog\u0142y zosta\u0107 przet\u0142umaczone, je\u015bli udost\u0119pnili\u015bmy je Tobie w ramach naszej Us\u0142ugi. Zgadzasz si\u0119, \u017ce w przypadku sporu rozstrzygaj\u0105cy b\u0119dzie oryginalny tekst w j\u0119zyku angielskim.<\/p>\n\n\n\n<h2 class=\"wp-block-heading\">Zmiany w niniejszych Warunkach i Postanowieniach<\/h2>\n\n\n\n<p>Zastrzegamy sobie prawo, wed\u0142ug Naszego wy\u0142\u0105cznego uznania, do modyfikowania lub zast\u0119powania niniejszych Warunk\u00f3w w dowolnym momencie. Je\u015bli zmiana jest istotna, do\u0142o\u017cymy uzasadnionych stara\u0144, aby powiadomi\u0107 o niej co najmniej 30 dni przed wej\u015bciem w \u017cycie nowych warunk\u00f3w. To, co stanowi istotn\u0105 zmian\u0119, zostanie okre\u015blone wed\u0142ug Naszego wy\u0142\u0105cznego uznania.<\/p>\n\n\n\n<p>Kontynuuj\u0105c dost\u0119p do Naszej Us\u0142ugi lub korzystanie z niej po wej\u015bciu w \u017cycie tych zmian, zgadzasz si\u0119 by\u0107 zwi\u0105zanym zmienionymi warunkami. Je\u015bli nie zgadzasz si\u0119 z nowymi warunkami, w ca\u0142o\u015bci lub w cz\u0119\u015bci, zaprzesta\u0144 korzystania ze strony internetowej i Us\u0142ugi.<\/p>\n\n\n\n<h2 class=\"wp-block-heading\">Skontaktuj si\u0119 z nami<\/h2>\n\n\n\n<p>Je\u017celi masz jakiekolwiek pytania dotycz\u0105ce niniejszego Regulaminu, mo\u017cesz si\u0119 z nami skontaktowa\u0107:<\/p>\n\n\n\n<p>Odwiedzaj\u0105c t\u0119 \u200b\u200bstron\u0119 na naszej stronie internetowej:\u00a0\u00a0<a href=\"https:\/\/cpstesters-com.translate.goog\/contact-us\/?_x_tr_sl=en&amp;_x_tr_tl=nl&amp;_x_tr_hl=en&amp;_x_tr_pto=wapp\" target=\"_blank\" rel=\"noreferrer noopener\">https:\/\/cpstesters.com\/contact-us\/<\/a><\/p>\n","protected":false},"excerpt":{"rendered":"<p>Ostatnia aktualizacja: 7 sierpnia 2024 r. Przed skorzystaniem z naszych us\u0142ug prosimy o uwa\u017cne zapoznanie si\u0119 z niniejszym regulaminem. Interpretacja i definicje Interpretacja S\u0142owa, kt\u00f3rych &#8230; <\/p>\n<p class=\"read-more-container\"><a title=\"Warunki i postanowienia\" class=\"read-more button\" href=\"https:\/\/cpstesters.com\/pl\/regulamin\/#more-2301\" aria-label=\"Dowiedz si\u0119 wi\u0119cej o Warunki i postanowienia\">Read More<\/a><\/p>\n","protected":false},"author":4,"featured_media":0,"parent":0,"menu_order":0,"comment_status":"closed","ping_status":"closed","template":"","meta":{"footnotes":""},"class_list":["post-2301","page","type-page","status-publish"],"_links":{"self":[{"href":"https:\/\/cpstesters.com\/pl\/wp-json\/wp\/v2\/pages\/2301","targetHints":{"allow":["GET"]}}],"collection":[{"href":"https:\/\/cpstesters.com\/pl\/wp-json\/wp\/v2\/pages"}],"about":[{"href":"https:\/\/cpstesters.com\/pl\/wp-json\/wp\/v2\/types\/page"}],"author":[{"embeddable":true,"href":"https:\/\/cpstesters.com\/pl\/wp-json\/wp\/v2\/users\/4"}],"replies":[{"embeddable":true,"href":"https:\/\/cpstesters.com\/pl\/wp-json\/wp\/v2\/comments?post=2301"}],"version-history":[{"count":3,"href":"https:\/\/cpstesters.com\/pl\/wp-json\/wp\/v2\/pages\/2301\/revisions"}],"predecessor-version":[{"id":5958,"href":"https:\/\/cpstesters.com\/pl\/wp-json\/wp\/v2\/pages\/2301\/revisions\/5958"}],"wp:attachment":[{"href":"https:\/\/cpstesters.com\/pl\/wp-json\/wp\/v2\/media?parent=2301"}],"curies":[{"name":"wp","href":"https:\/\/api.w.org\/{rel}","templated":true}]}}