{"id":2296,"date":"2024-07-16T14:21:27","date_gmt":"2024-07-16T14:21:27","guid":{"rendered":"https:\/\/cpstesters.com\/kontakt-z-nami\/"},"modified":"2024-09-17T14:21:55","modified_gmt":"2024-09-17T14:21:55","slug":"kontakt-z-nami","status":"publish","type":"page","link":"https:\/\/cpstesters.com\/pl\/kontakt-z-nami\/","title":{"rendered":"Kontakt z nami"},"content":{"rendered":"\n<p>Je\u015bli masz jakiekolwiek pytania, nie zapomnij skontaktowa\u0107 si\u0119 z nami pod adresem cpstestersofficial@gmail.com lub wype\u0142ni\u0107 poni\u017cszy formularz. Aby uzyska\u0107 wi\u0119cej informacji, odwied\u017a nasz\u0105 stron\u0119 <a href=\"https:\/\/cpstesters.com\/pl\/?page_id=2141\" target=\"_blank\" rel=\"noreferrer noopener\">O nas<\/a>.<\/p>\n\n\n\n<div class=\"wp-block-contact-form-7-contact-form-selector\">\n<div class=\"wpcf7 no-js\" id=\"wpcf7-f5799-o1\" lang=\"pl-PL\" dir=\"ltr\" data-wpcf7-id=\"5799\">\n<div class=\"screen-reader-response\"><p role=\"status\" aria-live=\"polite\" aria-atomic=\"true\"><\/p> <ul><\/ul><\/div>\n<form action=\"\/pl\/wp-json\/wp\/v2\/pages\/2296#wpcf7-f5799-o1\" method=\"post\" class=\"wpcf7-form init\" aria-label=\"Formularz kontaktowy\" novalidate=\"novalidate\" data-status=\"init\">\n<fieldset class=\"hidden-fields-container\"><input type=\"hidden\" name=\"_wpcf7\" value=\"5799\" \/><input type=\"hidden\" name=\"_wpcf7_version\" value=\"6.1.5\" \/><input type=\"hidden\" name=\"_wpcf7_locale\" value=\"pl_PL\" \/><input type=\"hidden\" name=\"_wpcf7_unit_tag\" value=\"wpcf7-f5799-o1\" \/><input type=\"hidden\" name=\"_wpcf7_container_post\" value=\"0\" \/><input type=\"hidden\" name=\"_wpcf7_posted_data_hash\" value=\"\" \/>\n<\/fieldset>\n<p><label> Twoje imi\u0119<br \/>\n<span class=\"wpcf7-form-control-wrap\" data-name=\"your-name\"><input size=\"40\" maxlength=\"400\" class=\"wpcf7-form-control wpcf7-text wpcf7-validates-as-required\" autocomplete=\"name\" aria-required=\"true\" aria-invalid=\"false\" value=\"\" type=\"text\" name=\"your-name\" \/><\/span> <\/label>\n<\/p>\n<p><label> Tw\u00f3j e-mail<br \/>\n<span class=\"wpcf7-form-control-wrap\" data-name=\"your-email\"><input size=\"40\" maxlength=\"400\" class=\"wpcf7-form-control wpcf7-email wpcf7-validates-as-required wpcf7-text wpcf7-validates-as-email\" autocomplete=\"email\" aria-required=\"true\" aria-invalid=\"false\" value=\"\" type=\"email\" name=\"your-email\" \/><\/span> <\/label>\n<\/p>\n<p><label> Temat<br \/>\n<span class=\"wpcf7-form-control-wrap\" data-name=\"your-subject\"><input size=\"40\" maxlength=\"400\" class=\"wpcf7-form-control wpcf7-text wpcf7-validates-as-required\" aria-required=\"true\" aria-invalid=\"false\" value=\"\" type=\"text\" name=\"your-subject\" \/><\/span> <\/label>\n<\/p>\n<p><label> Twoja wiadomo\u015b\u0107 (opcjonalnie)<br \/>\n<span class=\"wpcf7-form-control-wrap\" data-name=\"your-message\"><textarea cols=\"40\" rows=\"10\" maxlength=\"2000\" class=\"wpcf7-form-control wpcf7-textarea\" aria-invalid=\"false\" name=\"your-message\"><\/textarea><\/span> <\/label>\n<\/p>\n<p><input class=\"wpcf7-form-control wpcf7-submit has-spinner\" type=\"submit\" value=\"Sk\u0142ada\u0107\" \/>\n<\/p>\n<p>This form uses Akismet to reduce spam. <a target=\"_blank\" rel=\"nofollow noopener\" href=\"https:\/\/akismet.com\/privacy\/\">Learn how your data is processed.<\/a>\n<\/p><div class=\"wpcf7-response-output\" aria-hidden=\"true\"><\/div>\n<\/form>\n<\/div>\n<\/div>\n","protected":false},"excerpt":{"rendered":"<p>Je\u015bli masz jakiekolwiek pytania, nie zapomnij skontaktowa\u0107 si\u0119 z nami pod adresem cpstestersofficial@gmail.com lub wype\u0142ni\u0107 poni\u017cszy formularz. Aby uzyska\u0107 wi\u0119cej informacji, odwied\u017a nasz\u0105 stron\u0119 O &#8230; <\/p>\n<p class=\"read-more-container\"><a title=\"Kontakt z nami\" class=\"read-more button\" href=\"https:\/\/cpstesters.com\/pl\/kontakt-z-nami\/#more-2296\" aria-label=\"Dowiedz si\u0119 wi\u0119cej o Kontakt z nami\">Read More<\/a><\/p>\n","protected":false},"author":4,"featured_media":0,"parent":0,"menu_order":0,"comment_status":"closed","ping_status":"closed","template":"","meta":{"footnotes":""},"class_list":["post-2296","page","type-page","status-publish"],"_links":{"self":[{"href":"https:\/\/cpstesters.com\/pl\/wp-json\/wp\/v2\/pages\/2296","targetHints":{"allow":["GET"]}}],"collection":[{"href":"https:\/\/cpstesters.com\/pl\/wp-json\/wp\/v2\/pages"}],"about":[{"href":"https:\/\/cpstesters.com\/pl\/wp-json\/wp\/v2\/types\/page"}],"author":[{"embeddable":true,"href":"https:\/\/cpstesters.com\/pl\/wp-json\/wp\/v2\/users\/4"}],"replies":[{"embeddable":true,"href":"https:\/\/cpstesters.com\/pl\/wp-json\/wp\/v2\/comments?post=2296"}],"version-history":[{"count":3,"href":"https:\/\/cpstesters.com\/pl\/wp-json\/wp\/v2\/pages\/2296\/revisions"}],"predecessor-version":[{"id":5808,"href":"https:\/\/cpstesters.com\/pl\/wp-json\/wp\/v2\/pages\/2296\/revisions\/5808"}],"wp:attachment":[{"href":"https:\/\/cpstesters.com\/pl\/wp-json\/wp\/v2\/media?parent=2296"}],"curies":[{"name":"wp","href":"https:\/\/api.w.org\/{rel}","templated":true}]}}