{"id":2159,"date":"2024-07-16T14:14:50","date_gmt":"2024-07-16T14:14:50","guid":{"rendered":"https:\/\/cpstesters.com\/60-sekundowy-test-cps-sprawdz-swoja-szybkosc-klikania\/"},"modified":"2024-09-17T09:32:12","modified_gmt":"2024-09-17T09:32:12","slug":"60-second-cps-test","status":"publish","type":"page","link":"https:\/\/cpstesters.com\/pl\/60-second-cps-test\/","title":{"rendered":"60 sekundowy test CPS | Sprawd\u017a swoj\u0105 szybko\u015b\u0107 klikania"},"content":{"rendered":"\n<p>60 Second CPS Test jest jednym z najlepszych test\u00f3w klikania ze wzgl\u0119du na zwi\u0119kszony czas, zagraj i popraw swoj\u0105 gr\u0119 klikania w kr\u00f3tkim czasie!<\/p>\n\n\n <div class=\"row\">\r\n\t<div class=\"col-md-4\">\r\n\r\n\t\t\r\n\t\t\r\n\t\t<div class=\"side_nav\">\r\n            \r\n            \r\n            <ul class=\"time\">\r\n            <li>\r\n             <a href=\"https:\/\/cpstesters.com\/1-second-cps-test\/\"> <span data-time=\"1\">1 Second Test<\/span><\/a>\r\n            <\/li><li>\r\n             <a href=\"https:\/\/cpstesters.com\/2-second-cps-test\/\"><span data-time=\"2\">2 Second Test<\/span><\/a>\r\n            <\/li><li>\r\n           <a href=\"https:\/\/cpstesters.com\/5-second-cps-test\/\"><span data-time=\"5\">5 Second Test<\/span><\/a>\r\n            <\/li><li>\r\n\t\t\t\t <a href=\"https:\/\/cpstesters.com\/10-second-cps-test\/\"><span data-time=\"10\">10 Second Test<\/span><\/a>\r\n            <\/li><li>\r\n             <a href=\"https:\/\/cpstesters.com\/15-second-click-test\/\"><span data-time=\"15\">15 Second Test<\/span><\/a>\r\n            <\/li><li>\r\n\t\t\t\t<li>\r\n             <a href=\"https:\/\/cpstesters.com\/30-second-cps-test\/\"><span data-time=\"30\">30 Second Test<\/span><\/a>\r\n            <\/li><li>\r\n\t\t\t\t<li>\r\n             <a href=\"https:\/\/cpstesters.com\/60-second-cps-test\/\"><span data-time=\"60\" class=\"active\">60 Second Test<\/span><\/a>\r\n            <\/li><li>\r\n\t\t\t\t<li>\r\n             <a href=\"https:\/\/cpstesters.com\/100-second-cps-test\/\"><span data-time=\"100\">100 Second Test<\/span><\/a>\r\n            <\/li><li>\r\n\t\t\t\t\r\n             <a href=\"https:\/\/cpstesters.com\/manual-click-test\/\"><span data-time=\"20\">Manual Click Test<\/span><\/a>\r\n            <\/li><\/ul>\r\n            <\/div>\r\n\t\t\r\n\t\t\r\n\t<\/div>\r\n\t<div class=\"col-md-8\">\r\n\t\t<section class=\"section section--full js-section-full section--click\">\r\n               <div class=\"container\">\r\n\t\t\t\t   \r\n\t\t\t\t         <div class=\"setting\">\r\n    <div class=\"theme-mode\"><a class=\"theme-mode__switch js-switch\" href=\"javascript:void(0);\"><\/a>\r\n        <div class=\"theme-mode__text\">Light \/ Dark mode<\/div>\r\n    <\/div>\r\n<\/div>\r\n\t\t\t\t   \r\n\t\t\t\t   \r\n                  <div class=\"statistics\">\r\n                     <div class=\"statistics__item statistics__item--timer\">\r\n                        <div class=\"statistics__number\">\r\n                           <span class=\"js-time number_timer\">60.00<\/span>\r\n                           <a class=\"statistics__arrow statistics__arrow--up js-time-up\" href=\"javascript:void(0);\">\r\n                              <svg class=\"icon icon-arrow-up \">\r\n                                 <use xlink:href=\"\/wp-content\/themes\/generatepress\/tools\/assets\/img\/spritesvg.svg#arrow-up\"><\/use>\r\n                              <\/svg>\r\n                           <\/a>\r\n                           <a class=\"statistics__arrow statistics__arrow--down js-time-down\" href=\"javascript:void(0);\">\r\n                              <svg class=\"icon icon-arrow-up \">\r\n                                 <use xlink:href=\"\/wp-content\/themes\/generatepress\/tools\/assets\/img\/spritesvg.svg#arrow-up\"><\/use>\r\n                              <\/svg>\r\n                           <\/a>\r\n                        <\/div>\r\n                        <div class=\"statistics__title\">Timer<\/div>\r\n                     <\/div>\r\n                     <div class=\"statistics__item statistics__item--clicks\">\r\n                        <div class=\"statistics__number number_clicks js-speed\">0.00<\/div>\r\n                        <div class=\"statistics__title\">Clicks \/ s<\/div>\r\n                     <\/div>\r\n                     <div class=\"statistics__item statistics__item--score\">\r\n                        <div class=\"statistics__number number_score js-score\">0<\/div>\r\n                        <div class=\"statistics__title\">Score<\/div>\r\n                     <\/div>\r\n                  <\/div>\r\n                  <div class=\"clicks-zone\">\r\n                     <div class=\"clicks-zone__start js-clicks-start\">\r\n                        <svg class=\"icon icon-click \">\r\n                           <use xlink:href=\"\/wp-content\/themes\/generatepress\/tools\/assets\/img\/spritesvg.svg#click\"><\/use>\r\n                        <\/svg>\r\n                        <div class=\"clicks-zone__start-title\">\u0421lick here to start cps test<\/div>\r\n                     <\/div>\r\n                     <div class=\"clicks-zone__clicks js-clicks\"><\/div>\r\n                     <div class=\"clicks-zone__result result-clicks js-clicks-result\">\r\n                        <div class=\"result-clicks__title rank-wrapper\"><\/div>\r\n                        <div class=\"result-clicks__text\">Your CPS result is <span class=\"speed js-stat-speed\"><\/span> (<span class=\"clicks js-stat-clicks\"><\/span> Clicks in <span class=\"time js-stat-time\"><\/span> Seconds)<\/div>\r\n                        <div class=\"result-clicks__img\"><img><\/div>\r\n                        <a class=\"result-clicks__btn js-try-again\" href=\"javascript:void(0);\">\r\n                           <svg class=\"icon icon-again \">\r\n                              <use xlink:href=\"\/wp-content\/themes\/generatepress\/tools\/assets\/img\/spritesvg.svg#again\"><\/use>\r\n                           <\/svg>\r\n                           Restart\r\n                        <\/a>\r\n                        <div class=\"result-clicks__share\">\r\n                           <div class=\"result-clicks__share-title\">Share your result with friends!<\/div>\r\n                           <div class=\"share-buttons\">\r\n                              <a class=\"share-button facebook\" data-href=\"https:\/\/www.facebook.com\/sharer\/sharer.php?u=https:\/\/cpstesters.com\/\" target=\"_blank\" onclick=\"goclicky(this); return false;\" rel=\"noopener\">Facebook<\/a>\r\n                              <a class=\"share-button twitter\" data-href=\"http:\/\/www.twitter.com\/share?url=https:\/\/cpstesters.com\/&text=[text]\" target=\"_blank\" onclick=\"goclicky(this); return false;\" rel=\"noopener\">Twitter<\/a>\r\n                              <a class=\"share-button whatsapp\" data-href=\"https:\/\/api.whatsapp.com\/send?text=[text]\" target=\"_blank\" onclick=\"goclicky(this); return false;\" rel=\"noopener\">WhatsApp<\/a>\r\n                              <a class=\"share-button reddit\" data-href=\"http:\/\/www.reddit.com\/submit?url=https:\/\/cpstesters.com\/&title=[text]\" target=\"_blank\" onclick=\"goclicky(this); return false;\" rel=\"noopener\">Reddit<\/a>\r\n                           <\/div>\r\n                        <\/div>\r\n                     <\/div>\r\n                  <\/div>\r\n                  <img decoding=\"async\" src=\"\/wp-content\/themes\/generatepress\/tools\/assets\/img\/test_result\/3\/1.png\" style=\"display: none\" alt=\"\" title=\"\">\r\n                  <img decoding=\"async\" src=\"\/wp-content\/themes\/generatepress\/tools\/assets\/img\/test_result\/5\/1.png\" style=\"display: none\" alt=\"\" title=\"\">\r\n                  <img decoding=\"async\" src=\"\/wp-content\/themes\/generatepress\/tools\/assets\/img\/test_result\/1\/1.png\" style=\"display: none\" alt=\"\" title=\"\">\r\n                  <img decoding=\"async\" src=\"\/wp-content\/themes\/generatepress\/tools\/assets\/img\/test_result\/2\/1.png\" style=\"display: none\" alt=\"\" title=\"\">\r\n                  <img decoding=\"async\" src=\"\/wp-content\/themes\/generatepress\/tools\/assets\/img\/test_result\/0\/1.png\" style=\"display: none\" alt=\"\" title=\"\">\r\n                  <img decoding=\"async\" src=\"\/wp-content\/themes\/generatepress\/tools\/assets\/img\/test_result\/6\/1.png\" style=\"display: none\" alt=\"\" title=\"\">\r\n                  <img decoding=\"async\" src=\"\/wp-content\/themes\/generatepress\/tools\/assets\/img\/test_result\/7\/1.png\" style=\"display: none\" alt=\"\" title=\"\">\r\n                  <img decoding=\"async\" src=\"\/wp-content\/themes\/generatepress\/tools\/assets\/img\/test_result\/4\/1.png\" style=\"display: none\" alt=\"\" title=\"\">\r\n                  <script>\r\n                     var test_result = {\"ratings\":{\"min\":0,\"max\":5},\"rating_ranks\":[\"Your Rank is Snail!\",\"Your Rank is Koala!\",\"Your Rank is Turtle!\",\"Your Rank is Panda!\",\"Your Rank is Hare!\",\"Your Rank is Kangaroo!\",\"Your Rank is Panther!\",\"Your Rank is Cheetah!\"],\"cps_scale\":[[0,1],[1,3],[3,5],[5,7],[7,9],[9,10],[10,12],[12,999]],\"files\":{\"3\":[\"\\\/wp-content\\\/themes\\\/generatepress\\\/tools\\\\assets\\\/img\\\/test_result\\\/3\\\/1.png\"],\"5\":[\"\\\/wp-content\\\/themes\\\/generatepress\\\/tools\\\\assets\\\/img\\\/test_result\\\/5\\\/1.png\"],\"1\":[\"\\\/wp-content\\\/themes\\\/generatepress\\\/tools\\\\assets\\\/img\\\/test_result\\\/1\\\/1.png\"],\"2\":[\"\\\/wp-content\\\/themes\\\/generatepress\\\/tools\\\\assets\\\/img\\\/test_result\\\/2\\\/1.png\"],\"0\":[\"\\\/wp-content\\\/themes\\\/generatepress\\\/tools\\\\assets\\\/img\\\/test_result\\\/0\\\/1.png\"],\"6\":[\"\\\/wp-content\\\/themes\\\/generatepress\\\/tools\\\\assets\\\/img\\\/test_result\\\/6\\\/1.png\"],\"7\":[\"\\\/wp-content\\\/themes\\\/generatepress\\\/tools\\\\assets\\\/img\\\/test_result\\\/7\\\/1.png\"],\"4\":[\"\\\/wp-content\\\/themes\\\/generatepress\\\/tools\\\\assets\\\/img\\\/test_result\\\/4\\\/1.png\"]}};\r\n                     var language = {\"code\":\"en\",\"name\":\"English\",\"prefix\":\"\"};\r\n                     var monitoringClickEvent = 'left';\r\n                     var shareTextDefault = 'My CPS result is {speed} ({clicks} Clicks in {time} Seconds)';\r\n                  <\/script>        \r\n               <\/div>\r\n            <\/section>\r\n\t\t\r\n\t<\/div>\r\n<\/div>\r\n\r\n    <script src=\"\/wp-content\/themes\/generatepress\/tools\/assets\/js\/libs.min.js\"><\/script>\r\n      <script src=\"\/wp-content\/themes\/generatepress\/tools\/assets\/js\/main.min.js?v64\"><\/script>\r\n\n\n\n\n<div style=\"height:5px\" aria-hidden=\"true\" class=\"wp-block-spacer\"><\/div>\n\n\n\n<p>Umiej\u0119tno\u015b\u0107 szybkiego i dok\u0142adnego klikania staje si\u0119 coraz wa\u017cniejsza. 60-sekundowy test CPS to proste, ale skuteczne narz\u0119dzie online, zaprojektowane do pomiaru szybko\u015bci i precyzji klikania danej osoby w ci\u0105gu 60 sekund. W tym artykule zag\u0142\u0119bimy si\u0119 w znaczenie tego testu, jego metodologi\u0119 i to, jak mo\u017ce by\u0107 cennym narz\u0119dziem do oceny i poprawy umiej\u0119tno\u015bci klikania.<\/p>\n\n\n\n<p>60-sekundowy&nbsp;<a href=\"https:\/\/cpstesters-com.translate.goog\/?_x_tr_sl=en&amp;_x_tr_tl=nl&amp;_x_tr_hl=en&amp;_x_tr_pto=wapp\" rel=\"noopener\">test CPS zosta\u0142 specjalnie zaprojektowany, aby oceni\u0107 wska\u017anik&nbsp;<\/a><a href=\"https:\/\/cpstesters-com.translate.goog\/tap-speed-test\/?_x_tr_sl=en&amp;_x_tr_tl=nl&amp;_x_tr_hl=en&amp;_x_tr_pto=wapp\" rel=\"noopener\">klikni\u0119\u0107 na sekund\u0119<\/a>&nbsp;(CPS) danej osoby&nbsp;. CPS odnosi si\u0119 do liczby klikni\u0119\u0107, kt\u00f3re dana osoba mo\u017ce wykona\u0107 w ci\u0105gu jednej sekundy. Ten test zapewnia platform\u0119, na kt\u00f3rej u\u017cytkownicy mog\u0105 zaprezentowa\u0107 swoje umiej\u0119tno\u015bci klikania i por\u00f3wna\u0107 swoje wyniki z wynikami innych.<\/p>\n\n\n<div class=\"wp-block-image\">\n<figure class=\"aligncenter\"><img loading=\"lazy\" decoding=\"async\" width=\"1000\" height=\"500\" src=\"https:\/\/i0.wp.com\/cpstesters.com\/wp-content\/uploads\/2022\/08\/60-sec-CPs-TESt.jpg?resize=1000%2C500&amp;ssl=1\" alt=\"60-sekundowy test CPS\" class=\"wp-image-287\" title=\"\" srcset=\"https:\/\/cpstesters.com\/wp-content\/uploads\/2022\/08\/60-sec-CPs-TESt.jpg 1000w, https:\/\/cpstesters.com\/wp-content\/uploads\/2022\/08\/60-sec-CPs-TESt-300x150.jpg 300w, https:\/\/cpstesters.com\/wp-content\/uploads\/2022\/08\/60-sec-CPs-TESt-768x384.jpg 768w\" sizes=\"auto, (max-width: 1000px) 100vw, 1000px\" \/><figcaption class=\"wp-element-caption\">60-sekundowy test CPS<\/figcaption><\/figure>\n<\/div>\n\n\n<p>Aby wykona\u0107 60-sekundowy test CPS, u\u017cytkownicy mog\u0105 uzyska\u0107 dost\u0119p do wyznaczonej witryny lub platformy hostuj\u0105cej test. Po rozpocz\u0119ciu testu u\u017cytkownikom wy\u015bwietla si\u0119 licznik odliczaj\u0105cy od 60 sekund. W tym czasie uczestnicy musz\u0105 szybko klika\u0107 w wyznaczony obszar docelowy tak wiele razy, jak to mo\u017cliwe. Po zako\u0144czeniu odliczania test automatycznie oblicza wska\u017anik CPS i podaje wynik ko\u0144cowy.<\/p>\n\n\n\n<h2 class=\"wp-block-heading\">Korzy\u015bci i znaczenie:<\/h2>\n\n\n\n<ol class=\"wp-block-list\">\n<li>Szybko\u015b\u0107 i precyzja klikania: 60-sekundowy test CPS pozwala osobom oceni\u0107 i poprawi\u0107 szybko\u015b\u0107 i precyzj\u0119 klikania. \u0106wicz\u0105c i d\u0105\u017c\u0105c do wy\u017cszych wska\u017anik\u00f3w CPS, u\u017cytkownicy mog\u0105 poprawi\u0107 swoj\u0105 zdolno\u015b\u0107 do szybkiego przetwarzania bod\u017ac\u00f3w wizualnych i reagowania szybkimi i dok\u0142adnymi klikni\u0119ciami.<\/li>\n\n\n\n<li>Wydajno\u015b\u0107 w grach: Szybko\u015b\u0107 klikania i precyzja odgrywaj\u0105 kluczow\u0105 rol\u0119 w r\u00f3\u017cnych scenariuszach gier. 60-sekundowy test CPS mo\u017ce s\u0142u\u017cy\u0107 jako doskona\u0142e narz\u0119dzie treningowe dla graczy, pomagaj\u0105c im poprawi\u0107 czas reakcji i og\u00f3ln\u0105 wydajno\u015b\u0107, szczeg\u00f3lnie w szybkich grach, kt\u00f3re wymagaj\u0105 szybkiego klikania.<\/li>\n\n\n\n<li>Poprawa produktywno\u015bci: W zawodach, w kt\u00f3rych intensywnie korzysta si\u0119 z komputera, takich jak wprowadzanie danych lub projektowanie, 60-sekundowy test CPS mo\u017ce znacznie zwi\u0119kszy\u0107 produktywno\u015b\u0107. Monitoruj\u0105c i poprawiaj\u0105c szybko\u015b\u0107 klikania, u\u017cytkownicy mog\u0105 usprawni\u0107 sw\u00f3j przep\u0142yw pracy i skr\u00f3ci\u0107 czas po\u015bwi\u0119cany na powtarzaj\u0105ce si\u0119 zadania.<\/li>\n\n\n\n<li>Koordynacja r\u0119ka-oko: 60-sekundowy test CPS przyczynia si\u0119 do rozwoju koordynacji r\u0119ka-oko. Poprzez wyzwanie i popraw\u0119 szybko\u015bci klikania u\u017cytkownicy mog\u0105 zwi\u0119kszy\u0107 swoj\u0105 zdolno\u015b\u0107 do synchronizowania ruch\u00f3w d\u0142oni z wizualnymi wskaz\u00f3wkami, co mo\u017ce by\u0107 korzystne w r\u00f3\u017cnych czynno\u015bciach i zadaniach wymagaj\u0105cych precyzyjnej kontroli.<\/li>\n<\/ol>\n\n\n\n<h2 class=\"wp-block-heading\">Wskaz\u00f3wki, jak poprawi\u0107 wska\u017anik CPS:<\/h2>\n\n\n\n<ol class=\"wp-block-list\">\n<li>Regularne \u0107wiczenia: Podobnie jak w przypadku ka\u017cdej umiej\u0119tno\u015bci, szybko\u015b\u0107 i precyzj\u0119 klikania mo\u017cna poprawi\u0107 poprzez systematyczne \u0107wiczenia. Regularne uczestnictwo w 60-sekundowym te\u015bcie CPS mo\u017ce pom\u00f3c u\u017cytkownikom w poprawie umiej\u0119tno\u015bci klikania i zwi\u0119kszeniu wska\u017anika CPS z czasem.<\/li>\n\n\n\n<li>Skupienie i koncentracja: Utrzymanie skupienia i koncentracji podczas testu jest kluczowe. Minimalizowanie rozprosze\u0144 i d\u0105\u017cenie do klikania w obszar docelowy z precyzj\u0105 mo\u017ce pom\u00f3c unikn\u0105\u0107 niepotrzebnych b\u0142\u0119d\u00f3w, kt\u00f3re mog\u0105 utrudnia\u0107 wska\u017anik CPS.<\/li>\n\n\n\n<li>Ergonomia: Zwr\u00f3\u0107 uwag\u0119 na czynniki ergonomiczne, takie jak wygodne siedzenie, w\u0142a\u015bciwe u\u0142o\u017cenie d\u0142oni i dobrze dzia\u0142aj\u0105ca mysz lub g\u0142adzik. Ergonomiczna konfiguracja mo\u017ce zwi\u0119kszy\u0107 komfort i promowa\u0107 optymaln\u0105 wydajno\u015b\u0107 klikania.<\/li>\n<\/ol>\n\n\n\n<p>60-sekundowy test CPS zapewnia cenny spos\u00f3b oceny szybko\u015bci i precyzji klikania. Niezale\u017cnie od tego, czy chodzi o rozw\u00f3j osobisty, popraw\u0119 gry czy zwi\u0119kszenie produktywno\u015bci w \u015brodowisku zawodowym, test ten oferuje anga\u017cuj\u0105c\u0105 platform\u0119 do rzucania sobie wyzwa\u0144 i doskonalenia umiej\u0119tno\u015bci klikania. \u0106wicz\u0105c regularnie i skupiaj\u0105c si\u0119 na zwi\u0119kszaniu wska\u017anika CPS, u\u017cytkownicy mog\u0105 zwi\u0119kszy\u0107 swoj\u0105 szybko\u015b\u0107, dok\u0142adno\u015b\u0107 i og\u00f3ln\u0105 wydajno\u015b\u0107. Wi\u0119c dlaczego nie po\u015bwi\u0119ci\u0107 minuty na sprawdzenie swoich umiej\u0119tno\u015bci klikania i wyruszy\u0107 w podr\u00f3\u017c ku poprawie?<\/p>\n\n\n\n<h3 class=\"wp-block-heading\">Inne testy klikni\u0119\u0107<\/h3>\n\n\n\n<ul class=\"wp-block-list\">\n<li><a href=\"https:\/\/cpstesters-com.translate.goog\/?_x_tr_sl=en&amp;_x_tr_tl=nl&amp;_x_tr_hl=en&amp;_x_tr_pto=wapp\" target=\"_blank\" rel=\"noreferrer noopener\">Test CPS<\/a>\u00a0(test podstawowy)<\/li>\n\n\n\n<li><a href=\"https:\/\/cpstesters-com.translate.goog\/right-click-cps-test\/?_x_tr_sl=en&amp;_x_tr_tl=nl&amp;_x_tr_hl=en&amp;_x_tr_pto=wapp\" target=\"_blank\" rel=\"noreferrer noopener\">Kliknij prawym przyciskiem myszy test CPS<\/a><\/li>\n\n\n\n<li><a href=\"https:\/\/cpstesters-com.translate.goog\/jitter-click-test\/?_x_tr_sl=en&amp;_x_tr_tl=nl&amp;_x_tr_hl=en&amp;_x_tr_pto=wapp\" target=\"_blank\" rel=\"noreferrer noopener\">Test klikni\u0119cia jitter<\/a><\/li>\n\n\n\n<li><a href=\"https:\/\/cpstesters-com.translate.goog\/kohi-click-test\/?_x_tr_sl=en&amp;_x_tr_tl=nl&amp;_x_tr_hl=en&amp;_x_tr_pto=wapp\" target=\"_blank\" rel=\"noreferrer noopener\">Test klikni\u0119cia Kohi<\/a><\/li>\n\n\n\n<li><a href=\"https:\/\/cpstesters-com.translate.goog\/manual-click-test\/?_x_tr_sl=en&amp;_x_tr_tl=nl&amp;_x_tr_hl=en&amp;_x_tr_pto=wapp\" target=\"_blank\" rel=\"noreferrer noopener\">R\u0119czny test klikni\u0119cia<\/a><\/li>\n<\/ul>\n","protected":false},"excerpt":{"rendered":"<p>60 Second CPS Test jest jednym z najlepszych test\u00f3w klikania ze wzgl\u0119du na zwi\u0119kszony czas, zagraj i popraw swoj\u0105 gr\u0119 klikania w kr\u00f3tkim czasie! Umiej\u0119tno\u015b\u0107 &#8230; <\/p>\n<p class=\"read-more-container\"><a title=\"60 sekundowy test CPS | Sprawd\u017a swoj\u0105 szybko\u015b\u0107 klikania\" class=\"read-more button\" href=\"https:\/\/cpstesters.com\/pl\/60-second-cps-test\/#more-2159\" aria-label=\"Dowiedz si\u0119 wi\u0119cej o 60 sekundowy test CPS | Sprawd\u017a swoj\u0105 szybko\u015b\u0107 klikania\">Read More<\/a><\/p>\n","protected":false},"author":4,"featured_media":0,"parent":0,"menu_order":0,"comment_status":"closed","ping_status":"closed","template":"","meta":{"footnotes":""},"class_list":["post-2159","page","type-page","status-publish"],"_links":{"self":[{"href":"https:\/\/cpstesters.com\/pl\/wp-json\/wp\/v2\/pages\/2159","targetHints":{"allow":["GET"]}}],"collection":[{"href":"https:\/\/cpstesters.com\/pl\/wp-json\/wp\/v2\/pages"}],"about":[{"href":"https:\/\/cpstesters.com\/pl\/wp-json\/wp\/v2\/types\/page"}],"author":[{"embeddable":true,"href":"https:\/\/cpstesters.com\/pl\/wp-json\/wp\/v2\/users\/4"}],"replies":[{"embeddable":true,"href":"https:\/\/cpstesters.com\/pl\/wp-json\/wp\/v2\/comments?post=2159"}],"version-history":[{"count":5,"href":"https:\/\/cpstesters.com\/pl\/wp-json\/wp\/v2\/pages\/2159\/revisions"}],"predecessor-version":[{"id":5991,"href":"https:\/\/cpstesters.com\/pl\/wp-json\/wp\/v2\/pages\/2159\/revisions\/5991"}],"wp:attachment":[{"href":"https:\/\/cpstesters.com\/pl\/wp-json\/wp\/v2\/media?parent=2159"}],"curies":[{"name":"wp","href":"https:\/\/api.w.org\/{rel}","templated":true}]}}