{"id":2153,"date":"2024-07-16T13:59:13","date_gmt":"2024-07-16T13:59:13","guid":{"rendered":"https:\/\/cpstesters.com\/100-sekundowy-test-cps-sprawdz-szybkosc-klikniec\/"},"modified":"2024-09-17T06:52:27","modified_gmt":"2024-09-17T06:52:27","slug":"100-second-cps-test","status":"publish","type":"page","link":"https:\/\/cpstesters.com\/pl\/100-second-cps-test\/","title":{"rendered":"100 sekundowy test CPS | Sprawd\u017a szybko\u015b\u0107 klikni\u0119\u0107"},"content":{"rendered":"\n<p>100 Second CPS Test to najdrobniejszy z nich, sprawd\u017a jak szybko mo\u017cesz klika\u0107 dzi\u0119ki swojej wytrzyma\u0142o\u015bci i cierpliwo\u015bci w 100 sekundowym czasie!<\/p>\n\n\n <div class=\"row\">\r\n\t<div class=\"col-md-4\">\r\n\r\n\t\t\r\n\t\t\r\n\t\t<div class=\"side_nav\">\r\n            \r\n            \r\n            <ul class=\"time\">\r\n            <li>\r\n             <a href=\"https:\/\/cpstesters.com\/1-second-cps-test\/\"> <span data-time=\"1\">1 Second Test<\/span><\/a>\r\n            <\/li><li>\r\n             <a href=\"https:\/\/cpstesters.com\/2-second-cps-test\/\"><span data-time=\"2\">2 Second Test<\/span><\/a>\r\n            <\/li><li>\r\n           <a href=\"https:\/\/cpstesters.com\/5-second-cps-test\/\"><span data-time=\"5\">5 Second Test<\/span><\/a>\r\n            <\/li><li>\r\n\t\t\t\t <a href=\"https:\/\/cpstesters.com\/10-second-cps-test\/\"><span data-time=\"10\">10 Second Test<\/span><\/a>\r\n            <\/li><li>\r\n             <a href=\"https:\/\/cpstesters.com\/15-second-click-test\/\"><span data-time=\"15\">15 Second Test<\/span><\/a>\r\n            <\/li><li>\r\n\t\t\t\t<li>\r\n             <a href=\"https:\/\/cpstesters.com\/30-second-cps-test\/\"><span data-time=\"30\">30 Second Test<\/span><\/a>\r\n            <\/li><li>\r\n\t\t\t\t<li>\r\n             <a href=\"https:\/\/cpstesters.com\/60-second-cps-test\/\"><span data-time=\"60\">60 Second Test<\/span><\/a>\r\n            <\/li><li>\r\n\t\t\t\t<li>\r\n             <a href=\"https:\/\/cpstesters.com\/100-second-cps-test\/\"><span data-time=\"100\" class=\"active\">100 Second Test<\/span><\/a>\r\n            <\/li><li>\r\n\t\t\t\t\r\n             <a href=\"https:\/\/cpstesters.com\/manual-click-test\/\"><span data-time=\"20\">Manual Click Test<\/span><\/a>\r\n            <\/li><\/ul>\r\n            <\/div>\r\n\t\t\r\n\t\t\r\n\t<\/div>\r\n\t<div class=\"col-md-8\">\r\n\t\t<section class=\"section section--full js-section-full section--click\">\r\n               <div class=\"container\">\r\n\t\t\t\t   \r\n\t\t\t\t         <div class=\"setting\">\r\n    <div class=\"theme-mode\"><a class=\"theme-mode__switch js-switch\" href=\"javascript:void(0);\"><\/a>\r\n        <div class=\"theme-mode__text\">Light \/ Dark mode<\/div>\r\n    <\/div>\r\n<\/div>\r\n\t\t\t\t   \r\n\t\t\t\t   \r\n                  <div class=\"statistics\">\r\n                     <div class=\"statistics__item statistics__item--timer\">\r\n                        <div class=\"statistics__number\">\r\n                           <span class=\"js-time number_timer\">100.00<\/span>\r\n                           <a class=\"statistics__arrow statistics__arrow--up js-time-up\" href=\"javascript:void(0);\">\r\n                              <svg class=\"icon icon-arrow-up \">\r\n                                 <use xlink:href=\"\/wp-content\/themes\/generatepress\/tools\/assets\/img\/spritesvg.svg#arrow-up\"><\/use>\r\n                              <\/svg>\r\n                           <\/a>\r\n                           <a class=\"statistics__arrow statistics__arrow--down js-time-down\" href=\"javascript:void(0);\">\r\n                              <svg class=\"icon icon-arrow-up \">\r\n                                 <use xlink:href=\"\/wp-content\/themes\/generatepress\/tools\/assets\/img\/spritesvg.svg#arrow-up\"><\/use>\r\n                              <\/svg>\r\n                           <\/a>\r\n                        <\/div>\r\n                        <div class=\"statistics__title\">Timer<\/div>\r\n                     <\/div>\r\n                     <div class=\"statistics__item statistics__item--clicks\">\r\n                        <div class=\"statistics__number number_clicks js-speed\">0.00<\/div>\r\n                        <div class=\"statistics__title\">Clicks \/ s<\/div>\r\n                     <\/div>\r\n                     <div class=\"statistics__item statistics__item--score\">\r\n                        <div class=\"statistics__number number_score js-score\">0<\/div>\r\n                        <div class=\"statistics__title\">Score<\/div>\r\n                     <\/div>\r\n                  <\/div>\r\n                  <div class=\"clicks-zone\">\r\n                     <div class=\"clicks-zone__start js-clicks-start\">\r\n                        <svg class=\"icon icon-click \">\r\n                           <use xlink:href=\"\/wp-content\/themes\/generatepress\/tools\/assets\/img\/spritesvg.svg#click\"><\/use>\r\n                        <\/svg>\r\n                        <div class=\"clicks-zone__start-title\">\u0421lick here to start cps test<\/div>\r\n                     <\/div>\r\n                     <div class=\"clicks-zone__clicks js-clicks\"><\/div>\r\n                     <div class=\"clicks-zone__result result-clicks js-clicks-result\">\r\n                        <div class=\"result-clicks__title rank-wrapper\"><\/div>\r\n                        <div class=\"result-clicks__text\">Your CPS result is <span class=\"speed js-stat-speed\"><\/span> (<span class=\"clicks js-stat-clicks\"><\/span> Clicks in <span class=\"time js-stat-time\"><\/span> Seconds)<\/div>\r\n                        <div class=\"result-clicks__img\"><img><\/div>\r\n                        <a class=\"result-clicks__btn js-try-again\" href=\"javascript:void(0);\">\r\n                           <svg class=\"icon icon-again \">\r\n                              <use xlink:href=\"\/wp-content\/themes\/generatepress\/tools\/assets\/img\/spritesvg.svg#again\"><\/use>\r\n                           <\/svg>\r\n                           Restart\r\n                        <\/a>\r\n                        <div class=\"result-clicks__share\">\r\n                           <div class=\"result-clicks__share-title\">Share your result with friends!<\/div>\r\n                           <div class=\"share-buttons\">\r\n                              <a class=\"share-button facebook\" data-href=\"https:\/\/www.facebook.com\/sharer\/sharer.php?u=https:\/\/cpstesters.com\/\" target=\"_blank\" onclick=\"goclicky(this); return false;\" rel=\"noopener\">Facebook<\/a>\r\n                              <a class=\"share-button twitter\" data-href=\"http:\/\/www.twitter.com\/share?url=https:\/\/cpstesters.com\/&text=[text]\" target=\"_blank\" onclick=\"goclicky(this); return false;\" rel=\"noopener\">Twitter<\/a>\r\n                              <a class=\"share-button whatsapp\" data-href=\"https:\/\/api.whatsapp.com\/send?text=[text]\" target=\"_blank\" onclick=\"goclicky(this); return false;\" rel=\"noopener\">WhatsApp<\/a>\r\n                              <a class=\"share-button reddit\" data-href=\"http:\/\/www.reddit.com\/submit?url=https:\/\/cpstesters.com\/&title=[text]\" target=\"_blank\" onclick=\"goclicky(this); return false;\" rel=\"noopener\">Reddit<\/a>\r\n                           <\/div>\r\n                        <\/div>\r\n                     <\/div>\r\n                  <\/div>\r\n                  <img decoding=\"async\" src=\"\/wp-content\/themes\/generatepress\/tools\/assets\/img\/test_result\/3\/1.png\" style=\"display: none\" alt=\"\" title=\"\">\r\n                  <img decoding=\"async\" src=\"\/wp-content\/themes\/generatepress\/tools\/assets\/img\/test_result\/5\/1.png\" style=\"display: none\" alt=\"\" title=\"\">\r\n                  <img decoding=\"async\" src=\"\/wp-content\/themes\/generatepress\/tools\/assets\/img\/test_result\/1\/1.png\" style=\"display: none\" alt=\"\" title=\"\">\r\n                  <img decoding=\"async\" src=\"\/wp-content\/themes\/generatepress\/tools\/assets\/img\/test_result\/2\/1.png\" style=\"display: none\" alt=\"\" title=\"\">\r\n                  <img decoding=\"async\" src=\"\/wp-content\/themes\/generatepress\/tools\/assets\/img\/test_result\/0\/1.png\" style=\"display: none\" alt=\"\" title=\"\">\r\n                  <img decoding=\"async\" src=\"\/wp-content\/themes\/generatepress\/tools\/assets\/img\/test_result\/6\/1.png\" style=\"display: none\" alt=\"\" title=\"\">\r\n                  <img decoding=\"async\" src=\"\/wp-content\/themes\/generatepress\/tools\/assets\/img\/test_result\/7\/1.png\" style=\"display: none\" alt=\"\" title=\"\">\r\n                  <img decoding=\"async\" src=\"\/wp-content\/themes\/generatepress\/tools\/assets\/img\/test_result\/4\/1.png\" style=\"display: none\" alt=\"\" title=\"\">\r\n                  <script>\r\n                     var test_result = {\"ratings\":{\"min\":0,\"max\":5},\"rating_ranks\":[\"Your Rank is Snail!\",\"Your Rank is Koala!\",\"Your Rank is Turtle!\",\"Your Rank is Panda!\",\"Your Rank is Hare!\",\"Your Rank is Kangaroo!\",\"Your Rank is Panther!\",\"Your Rank is Cheetah!\"],\"cps_scale\":[[0,1],[1,3],[3,5],[5,7],[7,9],[9,10],[10,12],[12,999]],\"files\":{\"3\":[\"\\\/wp-content\\\/themes\\\/generatepress\\\/tools\\\\assets\\\/img\\\/test_result\\\/3\\\/1.png\"],\"5\":[\"\\\/wp-content\\\/themes\\\/generatepress\\\/tools\\\\assets\\\/img\\\/test_result\\\/5\\\/1.png\"],\"1\":[\"\\\/wp-content\\\/themes\\\/generatepress\\\/tools\\\\assets\\\/img\\\/test_result\\\/1\\\/1.png\"],\"2\":[\"\\\/wp-content\\\/themes\\\/generatepress\\\/tools\\\\assets\\\/img\\\/test_result\\\/2\\\/1.png\"],\"0\":[\"\\\/wp-content\\\/themes\\\/generatepress\\\/tools\\\\assets\\\/img\\\/test_result\\\/0\\\/1.png\"],\"6\":[\"\\\/wp-content\\\/themes\\\/generatepress\\\/tools\\\\assets\\\/img\\\/test_result\\\/6\\\/1.png\"],\"7\":[\"\\\/wp-content\\\/themes\\\/generatepress\\\/tools\\\\assets\\\/img\\\/test_result\\\/7\\\/1.png\"],\"4\":[\"\\\/wp-content\\\/themes\\\/generatepress\\\/tools\\\\assets\\\/img\\\/test_result\\\/4\\\/1.png\"]}};\r\n                     var language = {\"code\":\"en\",\"name\":\"English\",\"prefix\":\"\"};\r\n                     var monitoringClickEvent = 'left';\r\n                     var shareTextDefault = 'My CPS result is {speed} ({clicks} Clicks in {time} Seconds)';\r\n                  <\/script>        \r\n               <\/div>\r\n            <\/section>\r\n\t\t\r\n\t<\/div>\r\n<\/div>\r\n\r\n    <script src=\"\/wp-content\/themes\/generatepress\/tools\/assets\/js\/libs.min.js\"><\/script>\r\n      <script src=\"\/wp-content\/themes\/generatepress\/tools\/assets\/js\/main.min.js?v64\"><\/script>\r\n\n\n\n\n<div style=\"height:5px\" aria-hidden=\"true\" class=\"wp-block-spacer\"><\/div>\n\n\n\n<p>W erze cyfrowej, w kt\u00f3rej wydajno\u015b\u0107 i szybko\u015b\u0107 s\u0105 najwa\u017cniejsze, umiej\u0119tno\u015b\u0107 szybkiego i dok\u0142adnego klikania sta\u0142a si\u0119 coraz wa\u017cniejsza. 100-sekundowy test CPS to proste, ale skuteczne narz\u0119dzie online, kt\u00f3re mierzy szybko\u015b\u0107 i dok\u0142adno\u015b\u0107 klikania w ci\u0105gu 100 sekund. W tym artykule przyjrzymy si\u0119 znaczeniu tego testu, jego metodologii i temu, jak mo\u017ce by\u0107 zabawnym sposobem na sprawdzenie i poprawienie umiej\u0119tno\u015bci klikania.<\/p>\n\n\n\n<p><\/p>\n\n\n<div class=\"wp-block-image\">\n<figure class=\"aligncenter size-full\"><img loading=\"lazy\" decoding=\"async\" width=\"1000\" height=\"500\" src=\"https:\/\/cpstesters.com\/wp-content\/uploads\/2022\/08\/100-sec-CPs-TESt.jpg\" alt=\"100 sekundowy test CPS\" class=\"wp-image-290\" title=\"\" srcset=\"https:\/\/cpstesters.com\/wp-content\/uploads\/2022\/08\/100-sec-CPs-TESt.jpg 1000w, https:\/\/cpstesters.com\/wp-content\/uploads\/2022\/08\/100-sec-CPs-TESt-300x150.jpg 300w, https:\/\/cpstesters.com\/wp-content\/uploads\/2022\/08\/100-sec-CPs-TESt-768x384.jpg 768w\" sizes=\"auto, (max-width: 1000px) 100vw, 1000px\" \/><\/figure>\n<\/div>\n\n\n<h3 class=\"wp-block-heading\">Zrozumienie 100-sekundowego testu CPS:<\/h3>\n\n\n\n<p>100-sekundowy&nbsp;<a href=\"https:\/\/cpstesters-com.translate.goog\/?_x_tr_sl=en&amp;_x_tr_tl=nl&amp;_x_tr_hl=en&amp;_x_tr_pto=wapp\" rel=\"noopener\">test CPS zosta\u0142 zaprojektowany, aby oceni\u0107 wska\u017anik&nbsp;<\/a><a href=\"https:\/\/cpstesters-com.translate.goog\/tap-speed-test\/?_x_tr_sl=en&amp;_x_tr_tl=nl&amp;_x_tr_hl=en&amp;_x_tr_pto=wapp\" rel=\"noopener\">klikni\u0119\u0107 na sekund\u0119<\/a>&nbsp;(CPS) danej osoby&nbsp;. CPS odnosi si\u0119 do liczby klikni\u0119\u0107, kt\u00f3re dana osoba mo\u017ce wykona\u0107 w ci\u0105gu sekundy. Test zapewnia anga\u017cuj\u0105c\u0105 platform\u0119, na kt\u00f3rej u\u017cytkownicy mog\u0105 zaprezentowa\u0107 swoje umiej\u0119tno\u015bci klikania i por\u00f3wna\u0107 swoje wyniki z wynikami innych.<\/p>\n\n\n\n<h3 class=\"wp-block-heading\">Metodologia:<\/h3>\n\n\n\n<p>Aby wykona\u0107 100-sekundowy test CPS, wystarczy odwiedzi\u0107 wyznaczon\u0105 stron\u0119 internetow\u0105 lub platform\u0119 hostuj\u0105c\u0105 test. U\u017cytkownikowi wy\u015bwietla si\u0119 licznik, kt\u00f3ry zaczyna odlicza\u0107 od 100 sekund. W tym czasie u\u017cytkownik musi szybko klika\u0107 w podany obszar docelowy tak wiele razy, jak to mo\u017cliwe. Po zako\u0144czeniu odliczania test automatycznie oblicza wska\u017anik CPS i przedstawia wynik ko\u0144cowy.<\/p>\n\n\n\n<h3 class=\"wp-block-heading\">Korzy\u015bci i znaczenie:<\/h3>\n\n\n\n<ol class=\"wp-block-list\">\n<li>Koordynacja odruch\u00f3w i r\u0119ka-oko: 100-sekundowy test CPS pomaga w poprawie odruch\u00f3w i koordynacji r\u0119ka-oko. \u0106wicz\u0105c i pr\u00f3buj\u0105c osi\u0105gn\u0105\u0107 wy\u017csze wska\u017aniki CPS, osoby mog\u0105 poprawi\u0107 swoj\u0105 zdolno\u015b\u0107 do przetwarzania bod\u017ac\u00f3w wzrokowych i szybkiego reagowania.<\/li>\n\n\n\n<li>Gry i e-sport: Szybko\u015b\u0107 klikania i dok\u0142adno\u015b\u0107 s\u0105 kluczowe w r\u00f3\u017cnych scenariuszach gier, szczeg\u00f3lnie w konkurencyjnych e-sportach. 100-sekundowy test CPS mo\u017ce s\u0142u\u017cy\u0107 jako narz\u0119dzie treningowe dla graczy, aby zwi\u0119kszy\u0107 ich czas reakcji i uzyska\u0107 przewag\u0119 konkurencyjn\u0105.<\/li>\n\n\n\n<li>Produktywno\u015b\u0107 zawodowa: W zawodach, w kt\u00f3rych wyst\u0119puje intensywne korzystanie z komputera, takich jak wprowadzanie danych lub projektowanie graficzne, wy\u017cszy wska\u017anik CPS mo\u017ce znacznie poprawi\u0107 produktywno\u015b\u0107. Test mo\u017cna wykorzysta\u0107 jako narz\u0119dzie do samooceny w celu monitorowania i zwi\u0119kszania szybko\u015bci klikania, co prowadzi do zwi\u0119kszenia wydajno\u015bci w pracy.<\/li>\n\n\n\n<li>Przyjazna rywalizacja: 100-sekundowy test CPS daje okazj\u0119 do przyjacielskiej rywalizacji mi\u0119dzy przyjaci\u00f3\u0142mi, wsp\u00f3\u0142pracownikami lub spo\u0142eczno\u015bciami internetowymi. U\u017cytkownicy mog\u0105 por\u00f3wnywa\u0107 swoje wyniki, rzuca\u0107 sobie wyzwania i d\u0105\u017cy\u0107 do osi\u0105gni\u0119cia wy\u017cszych wska\u017anik\u00f3w CPS, dodaj\u0105c zabawny i konkurencyjny element do do\u015bwiadczenia.<\/li>\n<\/ol>\n\n\n\n<h3 class=\"wp-block-heading\">Wskaz\u00f3wki, jak poprawi\u0107 wska\u017anik CPS:<\/h3>\n\n\n\n<ol class=\"wp-block-list\">\n<li>\u0106wicz regularnie: Podobnie jak w przypadku ka\u017cdej umiej\u0119tno\u015bci, szybko\u015b\u0107 i dok\u0142adno\u015b\u0107 klikania mo\u017cna poprawi\u0107 poprzez systematyczn\u0105 praktyk\u0119. Im cz\u0119\u015bciej b\u0119dziesz anga\u017cowa\u0107 si\u0119 w 100-sekundowy test CPS, tym lepiej b\u0119dziesz klika\u0107 szybko i precyzyjnie.<\/li>\n\n\n\n<li>Skupienie i koncentracja: Utrzymuj skupienie i koncentracj\u0119 podczas testu. Minimalizuj rozproszenia i staraj si\u0119 klika\u0107 w obszar docelowy z precyzj\u0105, unikaj\u0105c niepotrzebnych b\u0142\u0119d\u00f3w.<\/li>\n\n\n\n<li>Techniki relaksacyjne: Stosuj techniki relaksacyjne, takie jak g\u0142\u0119bokie oddychanie i utrzymywanie rozlu\u017anionego chwytu myszy lub g\u0142adzika. Napi\u0119cie i stres mog\u0105 utrudnia\u0107 wydajno\u015b\u0107, dlatego zachowanie spokoju i opanowania jest niezb\u0119dne.<\/li>\n<\/ol>\n\n\n\n<p>100-sekundowy test CPS oferuje prosty, ale skuteczny spos\u00f3b pomiaru szybko\u015bci i dok\u0142adno\u015bci klikania. Jest to cenne narz\u0119dzie dla os\u00f3b, kt\u00f3re chc\u0105 poprawi\u0107 swoje odruchy, koordynacj\u0119 r\u0119ka-oko i produktywno\u015b\u0107. Niezale\u017cnie od tego, czy chodzi o gry, cele zawodowe czy przyjacielsk\u0105 rywalizacj\u0119, test ten zapewnia anga\u017cuj\u0105c\u0105 platform\u0119 do rzucania sobie wyzwa\u0144 i doskonalenia umiej\u0119tno\u015bci klikania. Wi\u0119c dlaczego nie spr\u00f3bowa\u0107 i sprawdzi\u0107, jak szybkie i dok\u0142adne mo\u017ce by\u0107 Twoje klikanie?<\/p>\n\n\n\n<h3 class=\"wp-block-heading\">Nasze najpopularniejsze testy<\/h3>\n\n\n\n<ul class=\"wp-block-list\">\n<li><a href=\"https:\/\/cpstesters-com.translate.goog\/?_x_tr_sl=en&amp;_x_tr_tl=nl&amp;_x_tr_hl=en&amp;_x_tr_pto=wapp\" rel=\"noopener\">Test CPS<\/a><\/li>\n\n\n\n<li><a href=\"https:\/\/cpstesters-com.translate.goog\/jitter-click-test\/?_x_tr_sl=en&amp;_x_tr_tl=nl&amp;_x_tr_hl=en&amp;_x_tr_pto=wapp\" rel=\"noopener\">Test klikni\u0119cia jitter<\/a><\/li>\n\n\n\n<li><a href=\"https:\/\/cpstesters-com.translate.goog\/kohi-click-test\/?_x_tr_sl=en&amp;_x_tr_tl=nl&amp;_x_tr_hl=en&amp;_x_tr_pto=wapp\" rel=\"noopener\">Test klikni\u0119cia Kohi<\/a><\/li>\n\n\n\n<li><a href=\"https:\/\/cpstesters-com.translate.goog\/butterfly-click-test\/?_x_tr_sl=en&amp;_x_tr_tl=nl&amp;_x_tr_hl=en&amp;_x_tr_pto=wapp\" target=\"_blank\" rel=\"noreferrer noopener\">Test klikania motyla<\/a><\/li>\n<\/ul>\n","protected":false},"excerpt":{"rendered":"<p>100 Second CPS Test to najdrobniejszy z nich, sprawd\u017a jak szybko mo\u017cesz klika\u0107 dzi\u0119ki swojej wytrzyma\u0142o\u015bci i cierpliwo\u015bci w 100 sekundowym czasie! W erze cyfrowej, &#8230; <\/p>\n<p class=\"read-more-container\"><a title=\"100 sekundowy test CPS | Sprawd\u017a szybko\u015b\u0107 klikni\u0119\u0107\" class=\"read-more button\" href=\"https:\/\/cpstesters.com\/pl\/100-second-cps-test\/#more-2153\" aria-label=\"Dowiedz si\u0119 wi\u0119cej o 100 sekundowy test CPS | Sprawd\u017a szybko\u015b\u0107 klikni\u0119\u0107\">Read More<\/a><\/p>\n","protected":false},"author":4,"featured_media":0,"parent":0,"menu_order":0,"comment_status":"closed","ping_status":"closed","template":"","meta":{"footnotes":""},"class_list":["post-2153","page","type-page","status-publish"],"_links":{"self":[{"href":"https:\/\/cpstesters.com\/pl\/wp-json\/wp\/v2\/pages\/2153","targetHints":{"allow":["GET"]}}],"collection":[{"href":"https:\/\/cpstesters.com\/pl\/wp-json\/wp\/v2\/pages"}],"about":[{"href":"https:\/\/cpstesters.com\/pl\/wp-json\/wp\/v2\/types\/page"}],"author":[{"embeddable":true,"href":"https:\/\/cpstesters.com\/pl\/wp-json\/wp\/v2\/users\/4"}],"replies":[{"embeddable":true,"href":"https:\/\/cpstesters.com\/pl\/wp-json\/wp\/v2\/comments?post=2153"}],"version-history":[{"count":7,"href":"https:\/\/cpstesters.com\/pl\/wp-json\/wp\/v2\/pages\/2153\/revisions"}],"predecessor-version":[{"id":5981,"href":"https:\/\/cpstesters.com\/pl\/wp-json\/wp\/v2\/pages\/2153\/revisions\/5981"}],"wp:attachment":[{"href":"https:\/\/cpstesters.com\/pl\/wp-json\/wp\/v2\/media?parent=2153"}],"curies":[{"name":"wp","href":"https:\/\/api.w.org\/{rel}","templated":true}]}}