{"id":2141,"date":"2024-07-16T14:45:41","date_gmt":"2024-07-16T14:45:41","guid":{"rendered":"https:\/\/cpstesters.com\/o-nas\/"},"modified":"2024-09-17T09:38:23","modified_gmt":"2024-09-17T09:38:23","slug":"o-nas","status":"publish","type":"page","link":"https:\/\/cpstesters.com\/pl\/o-nas\/","title":{"rendered":"O nas"},"content":{"rendered":"\n<p>Strona CPStesters.com jest po\u015bwi\u0119cona pomocy w zwi\u0119kszeniu og\u00f3lnej pr\u0119dko\u015bci klikania. R\u00f3\u017cne testy klikalno\u015bci umo\u017cliwi\u0142y zmierzenie pr\u0119dko\u015bci klikania. Mamy do dyspozycji kilka narz\u0119dzi, kt\u00f3re pozwol\u0105 Ci na bie\u017c\u0105co \u015bledzi\u0107 Twoje wyniki. Pomagamy u\u017cytkownikom w zakresie szybko\u015bci klikania i oferujemy przydatne wskaz\u00f3wki dotycz\u0105ce zwi\u0119kszenia funkcjonalno\u015bci podczas korzystania z myszy lub innych urz\u0105dze\u0144.<\/p>\n\n<p>K\u0142adziemy wi\u0119kszy nacisk na graczy ni\u017c na gry, co pozwala nam zaoferowa\u0107 kluczowe informacje niezale\u017cnie od wybranej gry. Chcemy da\u0107 Ci narz\u0119dzia, kt\u00f3rych potrzebujesz, aby \u015bledzi\u0107 swoje post\u0119py w r\u00f3\u017cnych grach na przestrzeni czasu i doj\u015b\u0107 do lepszej oceny, jak podnie\u015b\u0107 sw\u00f3j wsp\u00f3\u0142czynnik klikalno\u015bci.<\/p>\n\n<p>Zapewniamy zabawny i prosty w obs\u0142udze interfejs u\u017cytkownika. Dodatkowo, nasza strona internetowa oferuje ulepszony test klikania, kt\u00f3ry zawiera wsp\u00f3\u0142czesny interfejs u\u017cytkownika i do\u015bwiadczenie u\u017cytkownika (UI\/UX) oraz opcj\u0119 przegl\u0105dania wynik\u00f3w w bardziej informacyjnie klikaj\u0105cy kredyt speed game, stworzyli\u015bmy zupe\u0142nie now\u0105 estetyk\u0119, kt\u00f3ra jest zar\u00f3wno wsp\u00f3\u0142czesna, jak i atrakcyjna dla u\u017cytkownik\u00f3w.<\/p>\n\n<p>Ca\u0142y czas my\u015blimy o nowych koncepcjach, kt\u00f3re pomog\u0105 naszym zawodnikom. Je\u015bli szukasz kreatywnej poprawki, daj nam zna\u0107! Nie b\u00f3j si\u0119 wyra\u017ca\u0107 swoich pomys\u0142\u00f3w. Zaoferujemy jej szacunek i uznanie, na jakie zas\u0142uguje.<\/p>\n\n<p>Mamy szczer\u0105 nadziej\u0119, \u017ce nasz CPS Tester przyniesie korzy\u015bci r\u00f3wnie\u017c Tobie. Wracaj, poniewa\u017c zamierzamy dodawa\u0107 kolejne iteracje i konfiguracje do tego fantastycznego narz\u0119dzia do gier.<\/p>\n\n<p>Mamy nadziej\u0119, \u017ce b\u0119dziesz tu cz\u0119sto zagl\u0105da\u0107, aby m\u00f3c korzysta\u0107 z CPSTesters.com. Wype\u0142nij quiz, baw si\u0119 dobrze i przyspiesz swoje klikanie.<\/p>\n\n<p>Aby dowiedzie\u0107 si\u0119 wi\u0119cej o naszych zasadach, mo\u017cesz r\u00f3wnie\u017c odwiedzi\u0107 stron\u0119 z polityk\u0105 <a href=\"https:\/\/cpstesters.com\/pl\/polityka-prywatnosci\/\" target=\"_blank\" rel=\"noreferrer noopener\">prywatno\u015bci<\/a> i <a href=\"https:\/\/cpstesters.com\/pl\/regulamin\/\" target=\"_blank\" rel=\"noreferrer noopener\">regulaminem<\/a>. Ponadto, je\u015bli masz jakiekolwiek pytania, nie wahaj si\u0119 <a href=\"https:\/\/cpstesters.com\/pl\/kontakt-z-nami\/\" target=\"_blank\" rel=\"noreferrer noopener\">skontaktowa\u0107 z nami<\/a>.<\/p>\n","protected":false},"excerpt":{"rendered":"<p>Strona CPStesters.com jest po\u015bwi\u0119cona pomocy w zwi\u0119kszeniu og\u00f3lnej pr\u0119dko\u015bci klikania. R\u00f3\u017cne testy klikalno\u015bci umo\u017cliwi\u0142y zmierzenie pr\u0119dko\u015bci klikania. Mamy do dyspozycji kilka narz\u0119dzi, kt\u00f3re pozwol\u0105 Ci &#8230; <\/p>\n<p class=\"read-more-container\"><a title=\"O nas\" class=\"read-more button\" href=\"https:\/\/cpstesters.com\/pl\/o-nas\/#more-2141\" aria-label=\"Dowiedz si\u0119 wi\u0119cej o O nas\">Read More<\/a><\/p>\n","protected":false},"author":4,"featured_media":0,"parent":0,"menu_order":0,"comment_status":"closed","ping_status":"closed","template":"","meta":{"footnotes":""},"class_list":["post-2141","page","type-page","status-publish"],"_links":{"self":[{"href":"https:\/\/cpstesters.com\/pl\/wp-json\/wp\/v2\/pages\/2141","targetHints":{"allow":["GET"]}}],"collection":[{"href":"https:\/\/cpstesters.com\/pl\/wp-json\/wp\/v2\/pages"}],"about":[{"href":"https:\/\/cpstesters.com\/pl\/wp-json\/wp\/v2\/types\/page"}],"author":[{"embeddable":true,"href":"https:\/\/cpstesters.com\/pl\/wp-json\/wp\/v2\/users\/4"}],"replies":[{"embeddable":true,"href":"https:\/\/cpstesters.com\/pl\/wp-json\/wp\/v2\/comments?post=2141"}],"version-history":[{"count":3,"href":"https:\/\/cpstesters.com\/pl\/wp-json\/wp\/v2\/pages\/2141\/revisions"}],"predecessor-version":[{"id":3810,"href":"https:\/\/cpstesters.com\/pl\/wp-json\/wp\/v2\/pages\/2141\/revisions\/3810"}],"wp:attachment":[{"href":"https:\/\/cpstesters.com\/pl\/wp-json\/wp\/v2\/media?parent=2141"}],"curies":[{"name":"wp","href":"https:\/\/api.w.org\/{rel}","templated":true}]}}