{"id":1955,"date":"2024-07-16T13:59:03","date_gmt":"2024-07-16T13:59:03","guid":{"rendered":"https:\/\/cpstesters.com\/10-drugi-test-cps-sprawdz-swoje-klikniecia\/"},"modified":"2024-09-17T06:44:45","modified_gmt":"2024-09-17T06:44:45","slug":"10-second-cps-test","status":"publish","type":"page","link":"https:\/\/cpstesters.com\/pl\/10-second-cps-test\/","title":{"rendered":"10 Drugi Test CPS | Sprawd\u017a swoje klikni\u0119cia"},"content":{"rendered":"\n<p>Test 10 Second CPS to gra na klikni\u0119cia oparte na pr\u0119dko\u015bci, kt\u00f3ra pozwala okre\u015bli\u0107 pr\u0119dko\u015b\u0107 klikni\u0119\u0107 w ci\u0105gu 10 sekund.<\/p>\n <div class=\"row\">\r\n\t<div class=\"col-md-4\">\r\n\r\n\t\t\r\n\t\t\r\n\t\t<div class=\"side_nav\">\r\n            \r\n            \r\n            <ul class=\"time\">\r\n            <li>\r\n             <a href=\"https:\/\/cpstesters.com\/1-second-cps-test\/\"> <span data-time=\"1\">1 Second Test<\/span><\/a>\r\n            <\/li><li>\r\n             <a href=\"https:\/\/cpstesters.com\/2-second-cps-test\/\"><span data-time=\"2\">2 Second Test<\/span><\/a>\r\n            <\/li><li>\r\n           <a href=\"https:\/\/cpstesters.com\/5-second-cps-test\/\"><span data-time=\"5\">5 Second Test<\/span><\/a>\r\n            <\/li><li>\r\n\t\t\t\t <a href=\"https:\/\/cpstesters.com\/10-second-cps-test\/\"><span data-time=\"10\" class=\"active\">10 Second Test<\/span><\/a>\r\n            <\/li><li>\r\n             <a href=\"https:\/\/cpstesters.com\/15-second-click-test\/\"><span data-time=\"15\">15 Second Test<\/span><\/a>\r\n            <\/li>\r\n\t\t\t\t\t <li>\r\n             <a href=\"https:\/\/cpstesters.com\/30-second-cps-test\/\"><span data-time=\"30\">30 Second Test<\/span><\/a>\r\n            <\/li><li>\r\n\t\t\t\t<li>\r\n             <a href=\"https:\/\/cpstesters.com\/60-second-cps-test\/\"><span data-time=\"60\">60 Second Test<\/span><\/a>\r\n            <\/li><li>\r\n\t\t\t\t<li>\r\n             <a href=\"https:\/\/cpstesters.com\/100-second-cps-test\/\"><span data-time=\"100\">100 Second Test<\/span><\/a>\r\n            <\/li>\r\n\t\t\t\t\r\n\t\t\t\t<li>\r\n             <a href=\"https:\/\/cpstesters.com\/manual-click-test\/\"><span data-time=\"20\">Manual Click Test<\/span><\/a>\r\n            <\/li><\/ul>\r\n            <\/div>\r\n\t\t\r\n\t\t\r\n\t<\/div>\r\n\t<div class=\"col-md-8\">\r\n\t\t<section class=\"section section--full js-section-full section--click\">\r\n               <div class=\"container\">\r\n\t\t\t\t   \r\n\t\t\t\t         <div class=\"setting\">\r\n    <div class=\"theme-mode\"><a class=\"theme-mode__switch js-switch\" href=\"javascript:void(0);\"><\/a>\r\n        <div class=\"theme-mode__text\">Light \/ Dark mode<\/div>\r\n    <\/div>\r\n<\/div>\r\n\t\t\t\t   \r\n\t\t\t\t   \r\n                  <div class=\"statistics\">\r\n                     <div class=\"statistics__item statistics__item--timer\">\r\n                        <div class=\"statistics__number\">\r\n                           <span class=\"js-time number_timer\">10.00<\/span>\r\n                           <a class=\"statistics__arrow statistics__arrow--up js-time-up\" href=\"javascript:void(0);\">\r\n                              <svg class=\"icon icon-arrow-up \">\r\n                                 <use xlink:href=\"\/wp-content\/themes\/generatepress\/tools\/assets\/img\/spritesvg.svg#arrow-up\"><\/use>\r\n                              <\/svg>\r\n                           <\/a>\r\n                           <a class=\"statistics__arrow statistics__arrow--down js-time-down\" href=\"javascript:void(0);\">\r\n                              <svg class=\"icon icon-arrow-up \">\r\n                                 <use xlink:href=\"\/wp-content\/themes\/generatepress\/tools\/assets\/img\/spritesvg.svg#arrow-up\"><\/use>\r\n                              <\/svg>\r\n                           <\/a>\r\n                        <\/div>\r\n                        <div class=\"statistics__title\">Timer<\/div>\r\n                     <\/div>\r\n                     <div class=\"statistics__item statistics__item--clicks\">\r\n                        <div class=\"statistics__number number_clicks js-speed\">0.00<\/div>\r\n                        <div class=\"statistics__title\">Clicks \/ s<\/div>\r\n                     <\/div>\r\n                     <div class=\"statistics__item statistics__item--score\">\r\n                        <div class=\"statistics__number number_score js-score\">0<\/div>\r\n                        <div class=\"statistics__title\">Score<\/div>\r\n                     <\/div>\r\n                  <\/div>\r\n                  <div class=\"clicks-zone\">\r\n                     <div class=\"clicks-zone__start js-clicks-start\">\r\n                        <svg class=\"icon icon-click \">\r\n                           <use xlink:href=\"\/wp-content\/themes\/generatepress\/tools\/assets\/img\/spritesvg.svg#click\"><\/use>\r\n                        <\/svg>\r\n                        <div class=\"clicks-zone__start-title\">\u0421lick here to start cps test<\/div>\r\n                     <\/div>\r\n                     <div class=\"clicks-zone__clicks js-clicks\"><\/div>\r\n                     <div class=\"clicks-zone__result result-clicks js-clicks-result\">\r\n                        <div class=\"result-clicks__title rank-wrapper\"><\/div>\r\n                        <div class=\"result-clicks__text\">Your CPS result is <span class=\"speed js-stat-speed\"><\/span> (<span class=\"clicks js-stat-clicks\"><\/span> Clicks in <span class=\"time js-stat-time\"><\/span> Seconds)<\/div>\r\n                        <div class=\"result-clicks__img\"><img><\/div>\r\n                        <a class=\"result-clicks__btn js-try-again\" href=\"javascript:void(0);\">\r\n                           <svg class=\"icon icon-again \">\r\n                              <use xlink:href=\"\/wp-content\/themes\/generatepress\/tools\/assets\/img\/spritesvg.svg#again\"><\/use>\r\n                           <\/svg>\r\n                           Restart\r\n                        <\/a>\r\n                        <div class=\"result-clicks__share\">\r\n                           <div class=\"result-clicks__share-title\">Share your result with friends!<\/div>\r\n                           <div class=\"share-buttons\">\r\n                              <a class=\"share-button facebook\" data-href=\"https:\/\/www.facebook.com\/sharer\/sharer.php?u=https:\/\/cpstesters.com\/\" target=\"_blank\" onclick=\"goclicky(this); return false;\" rel=\"noopener\">Facebook<\/a>\r\n                              <a class=\"share-button twitter\" data-href=\"http:\/\/www.twitter.com\/share?url=https:\/\/cpstesters.com\/&text=[text]\" target=\"_blank\" onclick=\"goclicky(this); return false;\" rel=\"noopener\">Twitter<\/a>\r\n                              <a class=\"share-button whatsapp\" data-href=\"https:\/\/api.whatsapp.com\/send?text=[text]\" target=\"_blank\" onclick=\"goclicky(this); return false;\" rel=\"noopener\">WhatsApp<\/a>\r\n                              <a class=\"share-button reddit\" data-href=\"http:\/\/www.reddit.com\/submit?url=https:\/\/cpstesters.com\/&title=[text]\" target=\"_blank\" onclick=\"goclicky(this); return false;\" rel=\"noopener\">Reddit<\/a>\r\n                           <\/div>\r\n                        <\/div>\r\n                     <\/div>\r\n                  <\/div>\r\n                  <img decoding=\"async\" src=\"\/wp-content\/themes\/generatepress\/tools\/assets\/img\/test_result\/3\/1.png\" style=\"display: none\" alt=\"\" title=\"\">\r\n                  <img decoding=\"async\" src=\"\/wp-content\/themes\/generatepress\/tools\/assets\/img\/test_result\/5\/1.png\" style=\"display: none\" alt=\"\" title=\"\">\r\n                  <img decoding=\"async\" src=\"\/wp-content\/themes\/generatepress\/tools\/assets\/img\/test_result\/1\/1.png\" style=\"display: none\" alt=\"\" title=\"\">\r\n                  <img decoding=\"async\" src=\"\/wp-content\/themes\/generatepress\/tools\/assets\/img\/test_result\/2\/1.png\" style=\"display: none\" alt=\"\" title=\"\">\r\n                  <img decoding=\"async\" src=\"\/wp-content\/themes\/generatepress\/tools\/assets\/img\/test_result\/0\/1.png\" style=\"display: none\" alt=\"\" title=\"\">\r\n                  <img decoding=\"async\" src=\"\/wp-content\/themes\/generatepress\/tools\/assets\/img\/test_result\/6\/1.png\" style=\"display: none\" alt=\"\" title=\"\">\r\n                  <img decoding=\"async\" src=\"\/wp-content\/themes\/generatepress\/tools\/assets\/img\/test_result\/7\/1.png\" style=\"display: none\" alt=\"\" title=\"\">\r\n                  <img decoding=\"async\" src=\"\/wp-content\/themes\/generatepress\/tools\/assets\/img\/test_result\/4\/1.png\" style=\"display: none\" alt=\"\" title=\"\">\r\n                  <script>\r\n                     var test_result = {\"ratings\":{\"min\":0,\"max\":5},\"rating_ranks\":[\"Your Rank is Snail!\",\"Your Rank is Koala!\",\"Your Rank is Turtle!\",\"Your Rank is Panda!\",\"Your Rank is Hare!\",\"Your Rank is Kangaroo!\",\"Your Rank is Panther!\",\"Your Rank is Cheetah!\"],\"cps_scale\":[[0,1],[1,3],[3,5],[5,7],[7,9],[9,10],[10,12],[12,999]],\"files\":{\"3\":[\"\\\/wp-content\\\/themes\\\/generatepress\\\/tools\\\\assets\\\/img\\\/test_result\\\/3\\\/1.png\"],\"5\":[\"\\\/wp-content\\\/themes\\\/generatepress\\\/tools\\\\assets\\\/img\\\/test_result\\\/5\\\/1.png\"],\"1\":[\"\\\/wp-content\\\/themes\\\/generatepress\\\/tools\\\\assets\\\/img\\\/test_result\\\/1\\\/1.png\"],\"2\":[\"\\\/wp-content\\\/themes\\\/generatepress\\\/tools\\\\assets\\\/img\\\/test_result\\\/2\\\/1.png\"],\"0\":[\"\\\/wp-content\\\/themes\\\/generatepress\\\/tools\\\\assets\\\/img\\\/test_result\\\/0\\\/1.png\"],\"6\":[\"\\\/wp-content\\\/themes\\\/generatepress\\\/tools\\\\assets\\\/img\\\/test_result\\\/6\\\/1.png\"],\"7\":[\"\\\/wp-content\\\/themes\\\/generatepress\\\/tools\\\\assets\\\/img\\\/test_result\\\/7\\\/1.png\"],\"4\":[\"\\\/wp-content\\\/themes\\\/generatepress\\\/tools\\\\assets\\\/img\\\/test_result\\\/4\\\/1.png\"]}};\r\n                     var language = {\"code\":\"en\",\"name\":\"English\",\"prefix\":\"\"};\r\n                     var monitoringClickEvent = 'left';\r\n                     var shareTextDefault = 'My CPS result is {speed} ({clicks} Clicks in {time} Seconds)';\r\n                  <\/script>        \r\n               <\/div>\r\n            <\/section>\r\n\t\t\r\n\t<\/div>\r\n<\/div>\r\n\r\n    <script src=\"\/wp-content\/themes\/generatepress\/tools\/assets\/js\/libs.min.js\"><\/script>\r\n      <script src=\"\/wp-content\/themes\/generatepress\/tools\/assets\/js\/main.min.js?v64\"><\/script>\r\n\n\n<p><\/p>\n\n<h2 class=\"wp-block-heading\">Czym jest 10 sekundowy test CPS<\/h2>\n\n<p>Ten 10 sekundowy test klikni\u0119\u0107 ma na celu zademonstrowanie Twojej szybko\u015bci klikania. Oprogramowanie jest \u015bwietnym sposobem dla ludzi, aby zabi\u0107 czas i mie\u0107 troch\u0119 zabawy, gdy nie pracuj\u0105. W odst\u0119pach co 10 sekund gad\u017cet pokazuje, jak szybko klikasz w ci\u0105gu 10 sekund.<\/p>\n\n<p>10-sekundowy test klikania ma prost\u0105 konstrukcj\u0119, a \u017ceby go zda\u0107, trzeba klikn\u0105\u0107 cel tak szybko, jak si\u0119 da. Test klikni\u0119\u0107 10-sekundowe narz\u0119dzie da Ci og\u00f3lny wynik i kilka komentarzy po zako\u0144czeniu klikania.<\/p>\n\n<p>Je\u015bli chcesz udoskonali\u0107 swoje umiej\u0119tno\u015bci przeci\u0105gania, Test Klikni\u0119cia 10 Sekund jest fantastycznym zasobem. Ju\u017c po 10 sekundach klikania mo\u017cna nauczy\u0107 si\u0119 szybko klika\u0107. 10-sekundowy clicker to nie tylko przydatny darmowy zas\u00f3b, ale tak\u017ce zabawny spos\u00f3b na zabicie czasu.<\/p>\n\n<p class=\"has-text-align-center has-base-3-color has-text-color has-background has-medium-font-size\" style=\"background-color:#ffb15e\">Og\u00f3lny test klikni\u0119\u0107 na sekund\u0119 mo\u017cna wykona\u0107 na stronie <a href=\"https:\/\/cpstesters.com\/pl\/\" target=\"_blank\" rel=\"noreferrer noopener\">CPS Test<\/a><\/p>\n<div class=\"wp-block-image\">\n<figure class=\"aligncenter size-full\"><img loading=\"lazy\" decoding=\"async\" width=\"1000\" height=\"500\" src=\"https:\/\/cpstesters.com\/wp-content\/uploads\/2022\/08\/Untitled-design-2.jpg\" alt=\"10 sekundowy test CPS\" class=\"wp-image-175\" title=\"\" srcset=\"https:\/\/cpstesters.com\/wp-content\/uploads\/2022\/08\/Untitled-design-2.jpg 1000w, https:\/\/cpstesters.com\/wp-content\/uploads\/2022\/08\/Untitled-design-2-300x150.jpg 300w, https:\/\/cpstesters.com\/wp-content\/uploads\/2022\/08\/Untitled-design-2-768x384.jpg 768w\" sizes=\"auto, (max-width: 1000px) 100vw, 1000px\" \/><figcaption class=\"wp-element-caption\">10 sekundowy test CPS<\/figcaption><\/figure>\n<\/div>\n<h2 class=\"wp-block-heading\">Jak mog\u0119 uzyska\u0107 szybsze klikni\u0119cia na sekund\u0119?<\/h2>\n\n<p>Nast\u0119puj\u0105ce metody mog\u0105 by\u0107 u\u017cyte do podniesienia twoich cps (Clicks per second):<\/p>\n\n<ul class=\"wp-block-list\">\n<li>Najlepsz\u0105 rad\u0105 jest u\u017cywanie myszki gamingowej zamiast standardowej i trzymanie si\u0119 z dala od g\u0142adzika w laptopie.<\/li>\n\n\n\n<li>Metody klikania takie jak jitter click i butterfly click s\u0105 \u015bwietne na pocz\u0105tek.<\/li>\n\n\n\n<li>Dostosuj czu\u0142o\u015b\u0107 swojej myszy i \u0107wicz strzelanie do gier z najwy\u017csz\u0105 pr\u0119dko\u015bci\u0105, aby poprawi\u0107 sw\u00f3j cel.<\/li>\n<\/ul>\n\n<h2 class=\"wp-block-heading\">Test CPS 10-sekundowe Cheaty<\/h2>\n\n<p>Trzeba by\u0107 \u015bwiadomym aktualnego rekordzisty w grze testowej klikni\u0119\u0107, zanim ustanowi si\u0119 nowy. Z nowym rekordem 22 CPS po zaledwie 10 sekundach klikania, ustanowi\u0142e\u015b nowy standard. Stw\u00f3rz nowy, je\u015bli chcesz; istniej\u0105 skr\u00f3ty do s\u0142awy, kt\u00f3re mo\u017cesz podj\u0105\u0107.<\/p>\n\n<ul class=\"wp-block-list\">\n<li>Automatyczne klikery s\u0105 najskuteczniejszym \u015brodkiem, ale drugie podej\u015bcie jest tym, kt\u00f3re nale\u017cy zastosowa\u0107, je\u015bli cenisz sobie uczciwo\u015b\u0107.<\/li>\n\n\n\n<li>Motylkowe klikni\u0119cia, Przeci\u0105gnij klikni\u0119cia i Jitter klikni\u0119cia s\u0105 wszystkimi opcjami.<\/li>\n\n\n\n<li>Test szybko\u015bci klikania jest do opanowania przy wi\u0119kszej praktyce.<\/li>\n\n\n\n<li>Je\u015bli w\u0142o\u017cysz czas i wysi\u0142ek wymagany, ty te\u017c mo\u017cesz osi\u0105gn\u0105\u0107 rang\u0119 Geparda w grze testowej pr\u0119dko\u015bci klikania.<\/li>\n<\/ul>\n\n<h2 class=\"wp-block-heading has-text-align-center\">FAQ&#8217;s<\/h2>\n\n<h3 class=\"wp-block-heading\"><strong>Ile klikni\u0119\u0107 na sekund\u0119 wykonuje przeci\u0119tny gracz?<\/strong><\/h3>\n\n<p>Wed\u0142ug profesjonalnych graczy, \u015brednia liczba klatek na sekund\u0119 wynosi 6, cho\u0107 mo\u017ce to by\u0107 cokolwiek od 5 do 7 FPS. Niekt\u00f3rzy gracze z najwy\u017cszej p\u00f3\u0142ki s\u0105 w stanie wykona\u0107 nawet dziesi\u0119\u0107 klikni\u0119\u0107 na sekund\u0119. Tak d\u0142ugo jak masz solidne podej\u015bcie i dobrze zorganizowany plan na miejscu, mo\u017cesz to osi\u0105gn\u0105\u0107.<\/p>\n\n<h3 class=\"wp-block-heading\"><strong>Jak klikam w cps, to jak szybko idzie?<\/strong><\/h3>\n\n<p>Widz\u0105c i oceniaj\u0105c swoje cps click pace nie wymaga wi\u0119cej wysi\u0142ku z Twojej strony. Ustalenie limitu czasowego i klikanie w dowolnej kolejno\u015bci sprawi, \u017ce nasze testery szybko\u015bci klikania b\u0119d\u0105 dobrze wykorzystane. Gdy czas minie, otworzy si\u0119 okno z ostatecznym wynikiem Twojego testu.<\/p>\n\n<h3 class=\"wp-block-heading\"><strong>Gdzie mo\u017cna znale\u017a\u0107 rekord najszybszego testu CPS w 10 sekund?<\/strong><\/h3>\n\n<p>Podczas tego okna mo\u017cliwe jest osi\u0105gni\u0119cie maksymalnego CPS na poziomie 23,9 (239 klikni\u0119\u0107). wykona\u0142 Yukang Jiang, ameryka\u0144ski tester cps.<\/p>\n\n<h2 class=\"wp-block-heading\">S\u0142owa ko\u0144cowe 10 Seconds Click Test<\/h2>\n\n<p>Test klikania 10 na sekund\u0119 to niezwyk\u0142a aplikacja, kt\u00f3ra zosta\u0142a stworzona po to, aby podda\u0107 pr\u00f3bie szybko\u015b\u0107 klikania u\u017cytkownika. Strona posiada prosty w obs\u0142udze interfejs u\u017cytkownika, kt\u00f3ry mo\u017ce zwi\u0119kszy\u0107 liczb\u0119 klikni\u0119\u0107 na sekund\u0119. Nie czekaj i sprawd\u017a, jak wygl\u0105da test!<\/p>\n","protected":false},"excerpt":{"rendered":"<p>Test 10 Second CPS to gra na klikni\u0119cia oparte na pr\u0119dko\u015bci, kt\u00f3ra pozwala okre\u015bli\u0107 pr\u0119dko\u015b\u0107 klikni\u0119\u0107 w ci\u0105gu 10 sekund. Czym jest 10 sekundowy test &#8230; <\/p>\n<p class=\"read-more-container\"><a title=\"10 Drugi Test CPS | Sprawd\u017a swoje klikni\u0119cia\" class=\"read-more button\" href=\"https:\/\/cpstesters.com\/pl\/10-second-cps-test\/#more-1955\" aria-label=\"Dowiedz si\u0119 wi\u0119cej o 10 Drugi Test CPS | Sprawd\u017a swoje klikni\u0119cia\">Read More<\/a><\/p>\n","protected":false},"author":4,"featured_media":995,"parent":0,"menu_order":0,"comment_status":"closed","ping_status":"closed","template":"","meta":{"footnotes":""},"class_list":["post-1955","page","type-page","status-publish","has-post-thumbnail"],"_links":{"self":[{"href":"https:\/\/cpstesters.com\/pl\/wp-json\/wp\/v2\/pages\/1955","targetHints":{"allow":["GET"]}}],"collection":[{"href":"https:\/\/cpstesters.com\/pl\/wp-json\/wp\/v2\/pages"}],"about":[{"href":"https:\/\/cpstesters.com\/pl\/wp-json\/wp\/v2\/types\/page"}],"author":[{"embeddable":true,"href":"https:\/\/cpstesters.com\/pl\/wp-json\/wp\/v2\/users\/4"}],"replies":[{"embeddable":true,"href":"https:\/\/cpstesters.com\/pl\/wp-json\/wp\/v2\/comments?post=1955"}],"version-history":[{"count":5,"href":"https:\/\/cpstesters.com\/pl\/wp-json\/wp\/v2\/pages\/1955\/revisions"}],"predecessor-version":[{"id":4045,"href":"https:\/\/cpstesters.com\/pl\/wp-json\/wp\/v2\/pages\/1955\/revisions\/4045"}],"wp:featuredmedia":[{"embeddable":true,"href":"https:\/\/cpstesters.com\/pl\/wp-json\/wp\/v2\/media\/995"}],"wp:attachment":[{"href":"https:\/\/cpstesters.com\/pl\/wp-json\/wp\/v2\/media?parent=1955"}],"curies":[{"name":"wp","href":"https:\/\/api.w.org\/{rel}","templated":true}]}}