{"id":1918,"date":"2024-07-16T14:08:15","date_gmt":"2024-07-16T14:08:15","guid":{"rendered":"https:\/\/cpstesters.com\/5-sekundowy-test-cps-sprawdz-szybkosc-swoich-klikniec\/"},"modified":"2024-09-17T09:29:01","modified_gmt":"2024-09-17T09:29:01","slug":"5-second-cps-test","status":"publish","type":"page","link":"https:\/\/cpstesters.com\/pl\/5-second-cps-test\/","title":{"rendered":"5 sekundowy test CPS | Sprawd\u017a szybko\u015b\u0107 swoich klikni\u0119\u0107"},"content":{"rendered":"\n<p>5 Second CPS Test to gra typu fast speed click test. Je\u015bli jeste\u015b pocz\u0105tkuj\u0105cy, pomo\u017ce Ci to sprawdzi\u0107, jak szybko mo\u017cesz klikn\u0105\u0107 w 5 sekund.<\/p>\n<div class=\"row\">\r\n\t<div class=\"col-md-4\">\r\n\r\n\t\t\r\n\t\t\r\n\t\t<div class=\"side_nav\">\r\n            \r\n            \r\n             <ul class=\"time\">\r\n            <li>\r\n             <a href=\"https:\/\/cpstesters.com\/1-second-cps-test\/\"> <span data-time=\"1\">1 Second Test<\/span><\/a>\r\n            <\/li><li>\r\n             <a href=\"https:\/\/cpstesters.com\/2-second-cps-test\/\"><span data-time=\"2\">2 Second Test<\/span><\/a>\r\n            <\/li><li>\r\n           <a href=\"https:\/\/cpstesters.com\/5-second-cps-test\/\"><span data-time=\"5\" class=\"active\">5 Second Test<\/span><\/a>\r\n            <\/li><li>\r\n\t\t\t\t <a href=\"https:\/\/cpstesters.com\/10-second-cps-test\/\"><span data-time=\"10\">10 Second Test<\/span><\/a>\r\n            <\/li><li>\r\n             <a href=\"https:\/\/cpstesters.com\/15-second-click-test\/\"><span data-time=\"15\">15 Second Test<\/span><\/a>\r\n            <\/li>\r\n\t\t\t\t \t<li>\r\n             <a href=\"https:\/\/cpstesters.com\/30-second-cps-test\/\"><span data-time=\"30\">30 Second Test<\/span><\/a>\r\n            <\/li><li>\r\n\t\t\t\t<li>\r\n             <a href=\"https:\/\/cpstesters.com\/60-second-cps-test\/\"><span data-time=\"60\">60 Second Test<\/span><\/a>\r\n            <\/li><li>\r\n\t\t\t\t<li>\r\n             <a href=\"https:\/\/cpstesters.com\/100-second-cps-test\/\"><span data-time=\"100\">100 Second Test<\/span><\/a>\r\n            <\/li>\r\n\t\t\t\t <li>\r\n             <a href=\"https:\/\/cpstesters.com\/manual-click-test\/\"><span data-time=\"20\">Manual Click Test<\/span><\/a>\r\n            <\/li><\/ul>\r\n            <\/div>\r\n\t\t\r\n\t\t\r\n\t<\/div>\r\n\t<div class=\"col-md-8\">\r\n\t\t<section class=\"section section--full js-section-full section--click\">\r\n               <div class=\"container\">\r\n\t\t\t\t   \r\n\t\t\t\t         <div class=\"setting\">\r\n    <div class=\"theme-mode\"><a class=\"theme-mode__switch js-switch\" href=\"javascript:void(0);\"><\/a>\r\n        <div class=\"theme-mode__text\">Light \/ Dark mode<\/div>\r\n    <\/div>\r\n<\/div>\r\n\t\t\t\t   \r\n\t\t\t\t   \r\n                  <div class=\"statistics\">\r\n                     <div class=\"statistics__item statistics__item--timer\">\r\n                        <div class=\"statistics__number\">\r\n                           <span class=\"js-time number_timer\">5.00<\/span>\r\n                           <a class=\"statistics__arrow statistics__arrow--up js-time-up\" href=\"javascript:void(0);\">\r\n                              <svg class=\"icon icon-arrow-up \">\r\n                                 <use xlink:href=\"\/wp-content\/themes\/generatepress\/tools\/assets\/img\/spritesvg.svg#arrow-up\"><\/use>\r\n                              <\/svg>\r\n                           <\/a>\r\n                           <a class=\"statistics__arrow statistics__arrow--down js-time-down\" href=\"javascript:void(0);\">\r\n                              <svg class=\"icon icon-arrow-up \">\r\n                                 <use xlink:href=\"\/wp-content\/themes\/generatepress\/tools\/assets\/img\/spritesvg.svg#arrow-up\"><\/use>\r\n                              <\/svg>\r\n                           <\/a>\r\n                        <\/div>\r\n                        <div class=\"statistics__title\">Timer<\/div>\r\n                     <\/div>\r\n                     <div class=\"statistics__item statistics__item--clicks\">\r\n                        <div class=\"statistics__number number_clicks js-speed\">0.00<\/div>\r\n                        <div class=\"statistics__title\">Clicks \/ s<\/div>\r\n                     <\/div>\r\n                     <div class=\"statistics__item statistics__item--score\">\r\n                        <div class=\"statistics__number number_score js-score\">0<\/div>\r\n                        <div class=\"statistics__title\">Score<\/div>\r\n                     <\/div>\r\n                  <\/div>\r\n                  <div class=\"clicks-zone\">\r\n                     <div class=\"clicks-zone__start js-clicks-start\">\r\n                        <svg class=\"icon icon-click \">\r\n                           <use xlink:href=\"\/wp-content\/themes\/generatepress\/tools\/assets\/img\/spritesvg.svg#click\"><\/use>\r\n                        <\/svg>\r\n                        <div class=\"clicks-zone__start-title\">\u0421lick here to start cps test<\/div>\r\n                     <\/div>\r\n                     <div class=\"clicks-zone__clicks js-clicks\"><\/div>\r\n                     <div class=\"clicks-zone__result result-clicks js-clicks-result\">\r\n                        <div class=\"result-clicks__title rank-wrapper\"><\/div>\r\n                        <div class=\"result-clicks__text\">Your CPS result is <span class=\"speed js-stat-speed\"><\/span> (<span class=\"clicks js-stat-clicks\"><\/span> Clicks in <span class=\"time js-stat-time\"><\/span> Seconds)<\/div>\r\n                        <div class=\"result-clicks__img\"><img><\/div>\r\n                        <a class=\"result-clicks__btn js-try-again\" href=\"javascript:void(0);\">\r\n                           <svg class=\"icon icon-again \">\r\n                              <use xlink:href=\"\/wp-content\/themes\/generatepress\/tools\/assets\/img\/spritesvg.svg#again\"><\/use>\r\n                           <\/svg>\r\n                           Restart\r\n                        <\/a>\r\n                        <div class=\"result-clicks__share\">\r\n                           <div class=\"result-clicks__share-title\">Share your result with friends!<\/div>\r\n                           <div class=\"share-buttons\">\r\n                              <a class=\"share-button facebook\" data-href=\"https:\/\/www.facebook.com\/sharer\/sharer.php?u=https:\/\/cpstesters.com\/\" target=\"_blank\" onclick=\"goclicky(this); return false;\" rel=\"noopener\">Facebook<\/a>\r\n                              <a class=\"share-button twitter\" data-href=\"http:\/\/www.twitter.com\/share?url=https:\/\/cpstesters.com\/&text=[text]\" target=\"_blank\" onclick=\"goclicky(this); return false;\" rel=\"noopener\">Twitter<\/a>\r\n                              <a class=\"share-button whatsapp\" data-href=\"https:\/\/api.whatsapp.com\/send?text=[text]\" target=\"_blank\" onclick=\"goclicky(this); return false;\" rel=\"noopener\">WhatsApp<\/a>\r\n                              <a class=\"share-button reddit\" data-href=\"http:\/\/www.reddit.com\/submit?url=https:\/\/cpstesters.com\/&title=[text]\" target=\"_blank\" onclick=\"goclicky(this); return false;\" rel=\"noopener\">Reddit<\/a>\r\n                           <\/div>\r\n                        <\/div>\r\n                     <\/div>\r\n                  <\/div>\r\n                  <img decoding=\"async\" src=\"\/wp-content\/themes\/generatepress\/tools\/assets\/img\/test_result\/3\/1.png\" style=\"display: none\" alt=\"\" title=\"\">\r\n                  <img decoding=\"async\" src=\"\/wp-content\/themes\/generatepress\/tools\/assets\/img\/test_result\/5\/1.png\" style=\"display: none\" alt=\"\" title=\"\">\r\n                  <img decoding=\"async\" src=\"\/wp-content\/themes\/generatepress\/tools\/assets\/img\/test_result\/1\/1.png\" style=\"display: none\" alt=\"\" title=\"\">\r\n                  <img decoding=\"async\" src=\"\/wp-content\/themes\/generatepress\/tools\/assets\/img\/test_result\/2\/1.png\" style=\"display: none\" alt=\"\" title=\"\">\r\n                  <img decoding=\"async\" src=\"\/wp-content\/themes\/generatepress\/tools\/assets\/img\/test_result\/0\/1.png\" style=\"display: none\" alt=\"\" title=\"\">\r\n                  <img decoding=\"async\" src=\"\/wp-content\/themes\/generatepress\/tools\/assets\/img\/test_result\/6\/1.png\" style=\"display: none\" alt=\"\" title=\"\">\r\n                  <img decoding=\"async\" src=\"\/wp-content\/themes\/generatepress\/tools\/assets\/img\/test_result\/7\/1.png\" style=\"display: none\" alt=\"\" title=\"\">\r\n                  <img decoding=\"async\" src=\"\/wp-content\/themes\/generatepress\/tools\/assets\/img\/test_result\/4\/1.png\" style=\"display: none\" alt=\"\" title=\"\">\r\n                  <script>\r\n                     var test_result = {\"ratings\":{\"min\":0,\"max\":5},\"rating_ranks\":[\"Your Rank is Snail!\",\"Your Rank is Koala!\",\"Your Rank is Turtle!\",\"Your Rank is Panda!\",\"Your Rank is Hare!\",\"Your Rank is Kangaroo!\",\"Your Rank is Panther!\",\"Your Rank is Cheetah!\"],\"cps_scale\":[[0,1],[1,3],[3,5],[5,7],[7,9],[9,10],[10,12],[12,999]],\"files\":{\"3\":[\"\\\/wp-content\\\/themes\\\/generatepress\\\/tools\\\\assets\\\/img\\\/test_result\\\/3\\\/1.png\"],\"5\":[\"\\\/wp-content\\\/themes\\\/generatepress\\\/tools\\\\assets\\\/img\\\/test_result\\\/5\\\/1.png\"],\"1\":[\"\\\/wp-content\\\/themes\\\/generatepress\\\/tools\\\\assets\\\/img\\\/test_result\\\/1\\\/1.png\"],\"2\":[\"\\\/wp-content\\\/themes\\\/generatepress\\\/tools\\\\assets\\\/img\\\/test_result\\\/2\\\/1.png\"],\"0\":[\"\\\/wp-content\\\/themes\\\/generatepress\\\/tools\\\\assets\\\/img\\\/test_result\\\/0\\\/1.png\"],\"6\":[\"\\\/wp-content\\\/themes\\\/generatepress\\\/tools\\\\assets\\\/img\\\/test_result\\\/6\\\/1.png\"],\"7\":[\"\\\/wp-content\\\/themes\\\/generatepress\\\/tools\\\\assets\\\/img\\\/test_result\\\/7\\\/1.png\"],\"4\":[\"\\\/wp-content\\\/themes\\\/generatepress\\\/tools\\\\assets\\\/img\\\/test_result\\\/4\\\/1.png\"]}};\r\n                     var language = {\"code\":\"en\",\"name\":\"English\",\"prefix\":\"\"};\r\n                     var monitoringClickEvent = 'left';\r\n                     var shareTextDefault = 'My CPS result is {speed} ({clicks} Clicks in {time} Seconds)';\r\n                  <\/script>        \r\n               <\/div>\r\n            <\/section>\r\n\t\t\r\n\t<\/div>\r\n<\/div>\r\n\r\n    <script src=\"\/wp-content\/themes\/generatepress\/tools\/assets\/js\/libs.min.js\"><\/script>\r\n      <script src=\"\/wp-content\/themes\/generatepress\/tools\/assets\/js\/main.min.js?v64\"><\/script>\r\n\n\n<p><\/p>\n\n<p>Szybko\u015b\u0107 klikania myszk\u0105 jest zwykle wyra\u017cana w CPS, czyli klikni\u0119ciach na sekund\u0119. Osoby zainteresowane przetestowaniem lub ulepszeniem swojego CPS do codziennego u\u017cytku lub rozgrywki wykonuj\u0105 test pr\u0119dko\u015bci Click. W grach wideo klikanie myszk\u0105 jest r\u00f3wnoznaczne z celowaniem i strzelaniem.<\/p>\n\n<p>Je\u015bli chcesz wyprzedzi\u0107 konkurencj\u0119 i wznie\u015b\u0107 si\u0119 w rankingach gry, musisz popracowa\u0107 nad szybko\u015bci\u0105 klikania. Najbardziej warto\u015bciowymi zawodnikami s\u0105 cz\u0119sto ci, kt\u00f3rzy maj\u0105 najwi\u0119ksz\u0105 szybko\u015b\u0107 klikania i najszybszy cel. Dlatego test CPS ma kluczowe znaczenie.<\/p>\n\n<p>Test 5 sekund klikania mo\u017cna wype\u0142ni\u0107, aby zwi\u0119kszy\u0107 swoj\u0105 szybko\u015b\u0107 klikania w odst\u0119pie czasu 5 sekund. Je\u015bli chcesz zademonstrowa\u0107 swoj\u0105 bieg\u0142o\u015b\u0107 w okre\u015blonej technice, takiej jak jitter czy butterfly, mo\u017cesz wykona\u0107 test klikni\u0119\u0107 5 sekund w tym trybie. Opr\u00f3cz pomocy w osi\u0105gni\u0119ciu sukcesu w podej\u015bciu, wykonanie testu sprawi, \u017ce poczujesz si\u0119 komfortowo z metod\u0105, co przyda si\u0119 na p\u00f3\u017aniejszych poziomach.<\/p>\n<div class=\"wp-block-image\">\n<figure class=\"aligncenter size-full\"><img loading=\"lazy\" decoding=\"async\" width=\"1000\" height=\"500\" src=\"https:\/\/cpstesters.com\/wp-content\/uploads\/2022\/08\/Untitled-design-1.jpg\" alt=\"5 sekundowy test CPS\" class=\"wp-image-172\" title=\"\" srcset=\"https:\/\/cpstesters.com\/wp-content\/uploads\/2022\/08\/Untitled-design-1.jpg 1000w, https:\/\/cpstesters.com\/wp-content\/uploads\/2022\/08\/Untitled-design-1-300x150.jpg 300w, https:\/\/cpstesters.com\/wp-content\/uploads\/2022\/08\/Untitled-design-1-768x384.jpg 768w\" sizes=\"auto, (max-width: 1000px) 100vw, 1000px\" \/><figcaption class=\"wp-element-caption\">5 sekundowy test CPS<\/figcaption><\/figure>\n<\/div>\n<p class=\"has-text-align-center has-base-background-color has-background has-medium-font-size\">You May Want to Check <a href=\"https:\/\/cpstesters.com\/pl\/\" target=\"_blank\" rel=\"noreferrer noopener\">CPS Test<\/a><\/p>\n\n<h2 class=\"wp-block-heading has-text-align-left\">Najlepszy spos\u00f3b na podniesienie wynik\u00f3w testu 5 sekund CPS<\/h2>\n\n<h3 class=\"wp-block-heading\"><strong>Wybierz w\u0142a\u015bciwe podej\u015bcie<\/strong><\/h3>\n\n<p>Wybieranie prawid\u0142owego podej\u015bcia do klikania. Zdob\u0105d\u017a wi\u0119cej klikni\u0119\u0107 za pomoc\u0105 dowolnej metody, kt\u00f3r\u0105 uznasz za najbardziej naturaln\u0105 dla siebie. B\u00f3l nadgarstka jest mo\u017cliwym skutkiem ubocznym niew\u0142a\u015bciwego wykonywania technik takich jak jitter click czy metoda koi click. W zwi\u0105zku z tym wyb\u00f3r w\u0142a\u015bciwego podej\u015bcia jest kluczowy.<\/p>\n\n<h3 class=\"wp-block-heading\"><strong>Wybierz odpowiedni\u0105 mysz<\/strong><\/h3>\n\n<p>Je\u015bli u\u017cywasz s\u0142abej myszy, mo\u017cesz nie by\u0107 w stanie klika\u0107 tak cz\u0119sto, jak by\u015b chcia\u0142. Dlatego na Testerze CPS i w grach nale\u017cy u\u017cywa\u0107 dobrej myszki. Je\u015bli szukasz najwy\u017cszej klasy wydajno\u015bci, mysz do gier jest najlepszym wyborem.<\/p>\n\n<h3 class=\"wp-block-heading\"><strong>Regularnie \u0107wiczy\u0107<\/strong><\/h3>\n\n<p>\u017badnego celu nie da si\u0119 osi\u0105gn\u0105\u0107 b\u0142yskawicznie, wymaga on praktyki i wytrwa\u0142o\u015bci. Regu\u0142a 5 Sec click test powinna by\u0107 stosowana codziennie, wraz z odpowiedni\u0105 praktyk\u0105 i dobr\u0105 myszk\u0105. Przy odpowiednim podej\u015bciu i jednolitej praktyce mo\u017cna wyr\u00f3wna\u0107 poziom CPS.<\/p>\n\n<h2 class=\"wp-block-heading has-text-align-left\">Jakie s\u0105 zalety uczestnictwa w 5 Second CPS Test?<\/h2>\n\n<h3 class=\"wp-block-heading\"><strong>Zwi\u0119ksz wydajno\u015b\u0107 klikania<\/strong><\/h3>\n\n<p>Cz\u0119sty trening z oprogramowaniem 5-sekundowego klikera umo\u017cliwi Ci radykalne wzmocnienie klikania.<\/p>\n\n<h3 class=\"wp-block-heading\"><strong>Popraw swoje umiej\u0119tno\u015bci klikania<\/strong><\/h3>\n\n<p>Istnieje kilka metod wciskania tego samego przycisku myszy. Mo\u017cesz opanowa\u0107 ka\u017cd\u0105 z tych strategii, aby skutecznie klikn\u0105\u0107 mysz. Te metody mo\u017cna przenie\u015b\u0107 do innych dziedzin, w tym do gier, gdy si\u0119 je opanuje.<\/p>\n\n<h3 class=\"wp-block-heading\"><strong>Share Score<\/strong><\/h3>\n\n<p>Po zako\u0144czeniu testu klikania mo\u017cesz udost\u0119pni\u0107 swoje wyniki na innych stronach. Mo\u017cesz r\u00f3wnie\u017c opublikowa\u0107 sw\u00f3j wynik online i o\u015bmieli\u0107 swoich znajomych do pobicia go poprzez samodzielne wykonanie testu.<\/p>\n\n<h2 class=\"wp-block-heading has-text-align-center\">FAQ&#8217;s<\/h2>\n\n<h3 class=\"wp-block-heading\"><strong>Jak obliczy\u0107 Clicks per Second?<\/strong><\/h3>\n\n<p>Licznik klikni\u0119\u0107 na sekund\u0119 po prostu zlicza, jak cz\u0119sto stukasz w ekran. Aby uzyska\u0107 sw\u00f3j CPS, podziel ca\u0142kowit\u0105 liczb\u0119 klikni\u0119\u0107 przez ca\u0142kowity czas sp\u0119dzony na klikaniu.<\/p>\n\n<h3 class=\"wp-block-heading\"><strong>Czym jest 5 sekundowy rekord \u015bwiata CPS?<\/strong><\/h3>\n\n<p>Dwadzie\u015bcia cykli na sekund\u0119 to najwy\u017csza mo\u017cliwa szybko\u015b\u0107 (100 klikni\u0119\u0107). Jovelyn, testerka cps z Malezji, uko\u0144czy\u0142a go.<\/p>\n\n<h3 class=\"wp-block-heading\"><strong>Sk\u0105d si\u0119 bior\u0105 ob\u0142\u0105kane CPS-y?<\/strong><\/h3>\n\n<p>Podniesienie CPS do absurdalnego poziomu wymaga niesko\u0144czonych godzin \u0107wicze\u0144, wytrwa\u0142o\u015bci i skupienia. Posiadanie stabilnego po\u0142\u0105czenia internetowego i wysokiej jako\u015bci myszy do gier pomo\u017ce Ci w lepszym dzia\u0142aniu.<\/p>\n\n<h2 class=\"wp-block-heading\">S\u0142owa ko\u0144cowe dla Click Test 5 Seconds<\/h2>\n\n<p>Test CPS jest zabawn\u0105 i wymagaj\u0105c\u0105 metod\u0105 oceny umiej\u0119tno\u015bci klikania myszk\u0105. Ten test pozwoli okre\u015bli\u0107, ile CPS-\u00f3w mog\u0105 wygenerowa\u0107 Twoje kciuki w okre\u015blonym czasie. Mo\u017cna wykorzysta\u0107 aplikacj\u0119 click per the second do grania w gry oparte na klikaniu, trenowania lub po prostu zabawy. Te darmowe narz\u0119dzia s\u0105 niezwykle przyjazne dla u\u017cytkownika, wi\u0119c ka\u017cdy, niezale\u017cnie od wieku, mo\u017ce z nich korzysta\u0107, aby monitorowa\u0107 sw\u00f3j wsp\u00f3\u0142czynnik klikalno\u015bci.<\/p>\n\n<p>Inne testy klikni\u0119\u0107<\/p>\n\n<ul class=\"wp-block-list\">\n<li><a href=\"https:\/\/cpstesters.com\/pl\/test-cps-prawym-przyciskiem-myszy\/\" target=\"_blank\" rel=\"noreferrer noopener\">Kliknij prawym przyciskiem myszy Test CPS<\/a><\/li>\n\n\n\n<li><a href=\"https:\/\/cpstesters.com\/pl\/jitter-click-test\/\" target=\"_blank\" rel=\"noreferrer noopener\">Test Jitter Click<\/a><\/li>\n\n\n\n<li><a href=\"https:\/\/cpstesters.com\/pl\/kohi-click-test\/\" target=\"_blank\" rel=\"noreferrer noopener\">Kohi Click Test<\/a><\/li>\n\n\n\n<li><a href=\"https:\/\/cpstesters.com\/pl\/reczny-test-klikniec\/\" target=\"_blank\" rel=\"noreferrer noopener\">R\u0119czny test klikni\u0119\u0107<\/a><\/li>\n\n\n\n<li><a href=\"https:\/\/cpstesters.com\/pl\/butterfly-click-test\/\" target=\"_blank\" rel=\"noreferrer noopener\">Butterfly Click Test<\/a><\/li>\n<\/ul>\n","protected":false},"excerpt":{"rendered":"<p>5 Second CPS Test to gra typu fast speed click test. Je\u015bli jeste\u015b pocz\u0105tkuj\u0105cy, pomo\u017ce Ci to sprawdzi\u0107, jak szybko mo\u017cesz klikn\u0105\u0107 w 5 sekund. &#8230; <\/p>\n<p class=\"read-more-container\"><a title=\"5 sekundowy test CPS | Sprawd\u017a szybko\u015b\u0107 swoich klikni\u0119\u0107\" class=\"read-more button\" href=\"https:\/\/cpstesters.com\/pl\/5-second-cps-test\/#more-1918\" aria-label=\"Dowiedz si\u0119 wi\u0119cej o 5 sekundowy test CPS | Sprawd\u017a szybko\u015b\u0107 swoich klikni\u0119\u0107\">Read More<\/a><\/p>\n","protected":false},"author":4,"featured_media":983,"parent":0,"menu_order":0,"comment_status":"closed","ping_status":"closed","template":"","meta":{"footnotes":""},"class_list":["post-1918","page","type-page","status-publish","has-post-thumbnail"],"_links":{"self":[{"href":"https:\/\/cpstesters.com\/pl\/wp-json\/wp\/v2\/pages\/1918","targetHints":{"allow":["GET"]}}],"collection":[{"href":"https:\/\/cpstesters.com\/pl\/wp-json\/wp\/v2\/pages"}],"about":[{"href":"https:\/\/cpstesters.com\/pl\/wp-json\/wp\/v2\/types\/page"}],"author":[{"embeddable":true,"href":"https:\/\/cpstesters.com\/pl\/wp-json\/wp\/v2\/users\/4"}],"replies":[{"embeddable":true,"href":"https:\/\/cpstesters.com\/pl\/wp-json\/wp\/v2\/comments?post=1918"}],"version-history":[{"count":6,"href":"https:\/\/cpstesters.com\/pl\/wp-json\/wp\/v2\/pages\/1918\/revisions"}],"predecessor-version":[{"id":4093,"href":"https:\/\/cpstesters.com\/pl\/wp-json\/wp\/v2\/pages\/1918\/revisions\/4093"}],"wp:featuredmedia":[{"embeddable":true,"href":"https:\/\/cpstesters.com\/pl\/wp-json\/wp\/v2\/media\/983"}],"wp:attachment":[{"href":"https:\/\/cpstesters.com\/pl\/wp-json\/wp\/v2\/media?parent=1918"}],"curies":[{"name":"wp","href":"https:\/\/api.w.org\/{rel}","templated":true}]}}