{"id":1880,"date":"2024-07-16T14:22:52","date_gmt":"2024-07-16T14:22:52","guid":{"rendered":"https:\/\/cpstesters.com\/1-sekundowy-test-cps-sprawdz-swoje-klikniecia\/"},"modified":"2024-09-17T06:20:30","modified_gmt":"2024-09-17T06:20:30","slug":"1-second-cps-test","status":"publish","type":"page","link":"https:\/\/cpstesters.com\/pl\/1-second-cps-test\/","title":{"rendered":"1 sekundowy test CPS | Sprawd\u017a swoje klikni\u0119cia"},"content":{"rendered":"\n<p>1 Second CPS Test to niesamowita gra click per second, kt\u00f3ra sprawdza szybko\u015b\u0107 klikania za pomoc\u0105 licznika, zacznij gra\u0107 i popraw swoj\u0105 szybko\u015b\u0107! <\/p>\n<div class=\"row\">\r\n\t<div class=\"col-md-4\">\r\n\r\n\t\t\r\n\t\t\r\n\t\t<div class=\"side_nav\">\r\n            \r\n            \r\n             <ul class=\"time\">\r\n            <li>\r\n             <a href=\"https:\/\/cpstesters.com\/1-second-cps-test\/\"> <span data-time=\"1\" class=\"active\">1 Second Test<\/span><\/a>\r\n            <\/li><li>\r\n             <a href=\"https:\/\/cpstesters.com\/2-second-cps-test\/\"><span data-time=\"2\">2 Second Test<\/span><\/a>\r\n            <\/li><li>\r\n           <a href=\"https:\/\/cpstesters.com\/5-second-cps-test\/\"><span data-time=\"5\">5 Second Test<\/span><\/a>\r\n            <\/li><li>\r\n\t\t\t\t <a href=\"https:\/\/cpstesters.com\/10-second-cps-test\/\"><span data-time=\"10\">10 Second Test<\/span><\/a>\r\n            <\/li><li>\r\n             <a href=\"https:\/\/cpstesters.com\/15-second-click-test\/\"><span data-time=\"15\">15 Second Test<\/span><\/a>\r\n            <\/li>\r\n\t\t\t\t \t<li>\r\n             <a href=\"https:\/\/cpstesters.com\/30-second-cps-test\/\"><span data-time=\"30\">30 Second Test<\/span><\/a>\r\n            <\/li><li>\r\n\t\t\t\t<li>\r\n             <a href=\"https:\/\/cpstesters.com\/60-second-cps-test\/\"><span data-time=\"60\">60 Second Test<\/span><\/a>\r\n            <\/li><li>\r\n\t\t\t\t<li>\r\n             <a href=\"https:\/\/cpstesters.com\/100-second-cps-test\/\"><span data-time=\"100\">100 Second Test<\/span><\/a>\r\n            <\/li>\r\n\t\t\t\t <li>\r\n             <a href=\"https:\/\/cpstesters.com\/manual-click-test\/\"><span data-time=\"20\">Manual Click Test<\/span><\/a>\r\n            <\/li><\/ul>\r\n            <\/div>\r\n\t\t\r\n\t\t\r\n\t<\/div>\r\n\t<div class=\"col-md-8\">\r\n\t\t<section class=\"section section--full js-section-full section--click\">\r\n               <div class=\"container\">\r\n\t\t\t\t   \r\n\t\t\t\t         <div class=\"setting\">\r\n    <div class=\"theme-mode\"><a class=\"theme-mode__switch js-switch\" href=\"javascript:void(0);\"><\/a>\r\n        <div class=\"theme-mode__text\">Light \/ Dark mode<\/div>\r\n    <\/div>\r\n<\/div>\r\n\t\t\t\t   \r\n\t\t\t\t   \r\n                  <div class=\"statistics\">\r\n                     <div class=\"statistics__item statistics__item--timer\">\r\n                        <div class=\"statistics__number\">\r\n                           <span class=\"js-time number_timer\">1.00<\/span>\r\n                           <a class=\"statistics__arrow statistics__arrow--up js-time-up\" href=\"javascript:void(0);\">\r\n                              <svg class=\"icon icon-arrow-up \">\r\n                                 <use xlink:href=\"\/wp-content\/themes\/generatepress\/tools\/assets\/img\/spritesvg.svg#arrow-up\"><\/use>\r\n                              <\/svg>\r\n                           <\/a>\r\n                           <a class=\"statistics__arrow statistics__arrow--down js-time-down\" href=\"javascript:void(0);\">\r\n                              <svg class=\"icon icon-arrow-up \">\r\n                                 <use xlink:href=\"\/wp-content\/themes\/generatepress\/tools\/assets\/img\/spritesvg.svg#arrow-up\"><\/use>\r\n                              <\/svg>\r\n                           <\/a>\r\n                        <\/div>\r\n                        <div class=\"statistics__title\">Timer<\/div>\r\n                     <\/div>\r\n                     <div class=\"statistics__item statistics__item--clicks\">\r\n                        <div class=\"statistics__number number_clicks js-speed\">0.00<\/div>\r\n                        <div class=\"statistics__title\">Clicks \/ s<\/div>\r\n                     <\/div>\r\n                     <div class=\"statistics__item statistics__item--score\">\r\n                        <div class=\"statistics__number number_score js-score\">0<\/div>\r\n                        <div class=\"statistics__title\">Score<\/div>\r\n                     <\/div>\r\n                  <\/div>\r\n                  <div class=\"clicks-zone\">\r\n                     <div class=\"clicks-zone__start js-clicks-start\">\r\n                        <svg class=\"icon icon-click \">\r\n                           <use xlink:href=\"\/wp-content\/themes\/generatepress\/tools\/assets\/img\/spritesvg.svg#click\"><\/use>\r\n                        <\/svg>\r\n                        <div class=\"clicks-zone__start-title\">\u0421lick here to start cps test<\/div>\r\n                     <\/div>\r\n                     <div class=\"clicks-zone__clicks js-clicks\"><\/div>\r\n                     <div class=\"clicks-zone__result result-clicks js-clicks-result\">\r\n                        <div class=\"result-clicks__title rank-wrapper\"><\/div>\r\n                        <div class=\"result-clicks__text\">Your CPS result is <span class=\"speed js-stat-speed\"><\/span> (<span class=\"clicks js-stat-clicks\"><\/span> Clicks in <span class=\"time js-stat-time\"><\/span> Seconds)<\/div>\r\n                        <div class=\"result-clicks__img\"><img><\/div>\r\n                        <a class=\"result-clicks__btn js-try-again\" href=\"javascript:void(0);\">\r\n                           <svg class=\"icon icon-again \">\r\n                              <use xlink:href=\"\/wp-content\/themes\/generatepress\/tools\/assets\/img\/spritesvg.svg#again\"><\/use>\r\n                           <\/svg>\r\n                           Restart\r\n                        <\/a>\r\n                        <div class=\"result-clicks__share\">\r\n                           <div class=\"result-clicks__share-title\">Share your result with friends!<\/div>\r\n                           <div class=\"share-buttons\">\r\n                              <a class=\"share-button facebook\" data-href=\"https:\/\/www.facebook.com\/sharer\/sharer.php?u=https:\/\/cpstesters.com\/\" target=\"_blank\" onclick=\"goclicky(this); return false;\" rel=\"noopener\">Facebook<\/a>\r\n                              <a class=\"share-button twitter\" data-href=\"http:\/\/www.twitter.com\/share?url=https:\/\/cpstesters.com\/&text=[text]\" target=\"_blank\" onclick=\"goclicky(this); return false;\" rel=\"noopener\">Twitter<\/a>\r\n                              <a class=\"share-button whatsapp\" data-href=\"https:\/\/api.whatsapp.com\/send?text=[text]\" target=\"_blank\" onclick=\"goclicky(this); return false;\" rel=\"noopener\">WhatsApp<\/a>\r\n                              <a class=\"share-button reddit\" data-href=\"http:\/\/www.reddit.com\/submit?url=https:\/\/cpstesters.com\/&title=[text]\" target=\"_blank\" onclick=\"goclicky(this); return false;\" rel=\"noopener\">Reddit<\/a>\r\n                           <\/div>\r\n                        <\/div>\r\n                     <\/div>\r\n                  <\/div>\r\n                  <img decoding=\"async\" src=\"\/wp-content\/themes\/generatepress\/tools\/assets\/img\/test_result\/3\/1.png\" style=\"display: none\" alt=\"\" title=\"\">\r\n                  <img decoding=\"async\" src=\"\/wp-content\/themes\/generatepress\/tools\/assets\/img\/test_result\/5\/1.png\" style=\"display: none\" alt=\"\" title=\"\">\r\n                  <img decoding=\"async\" src=\"\/wp-content\/themes\/generatepress\/tools\/assets\/img\/test_result\/1\/1.png\" style=\"display: none\" alt=\"\" title=\"\">\r\n                  <img decoding=\"async\" src=\"\/wp-content\/themes\/generatepress\/tools\/assets\/img\/test_result\/2\/1.png\" style=\"display: none\" alt=\"\" title=\"\">\r\n                  <img decoding=\"async\" src=\"\/wp-content\/themes\/generatepress\/tools\/assets\/img\/test_result\/0\/1.png\" style=\"display: none\" alt=\"\" title=\"\">\r\n                  <img decoding=\"async\" src=\"\/wp-content\/themes\/generatepress\/tools\/assets\/img\/test_result\/6\/1.png\" style=\"display: none\" alt=\"\" title=\"\">\r\n                  <img decoding=\"async\" src=\"\/wp-content\/themes\/generatepress\/tools\/assets\/img\/test_result\/7\/1.png\" style=\"display: none\" alt=\"\" title=\"\">\r\n                  <img decoding=\"async\" src=\"\/wp-content\/themes\/generatepress\/tools\/assets\/img\/test_result\/4\/1.png\" style=\"display: none\" alt=\"\" title=\"\">\r\n                  <script>\r\n                     var test_result = {\"ratings\":{\"min\":0,\"max\":5},\"rating_ranks\":[\"Your Rank is Snail!\",\"Your Rank is Koala!\",\"Your Rank is Turtle!\",\"Your Rank is Panda!\",\"Your Rank is Hare!\",\"Your Rank is Kangaroo!\",\"Your Rank is Panther!\",\"Your Rank is Cheetah!\"],\"cps_scale\":[[0,1],[1,3],[3,5],[5,7],[7,9],[9,10],[10,12],[12,999]],\"files\":{\"3\":[\"\\\/wp-content\\\/themes\\\/generatepress\\\/tools\\\\assets\\\/img\\\/test_result\\\/3\\\/1.png\"],\"5\":[\"\\\/wp-content\\\/themes\\\/generatepress\\\/tools\\\\assets\\\/img\\\/test_result\\\/5\\\/1.png\"],\"1\":[\"\\\/wp-content\\\/themes\\\/generatepress\\\/tools\\\\assets\\\/img\\\/test_result\\\/1\\\/1.png\"],\"2\":[\"\\\/wp-content\\\/themes\\\/generatepress\\\/tools\\\\assets\\\/img\\\/test_result\\\/2\\\/1.png\"],\"0\":[\"\\\/wp-content\\\/themes\\\/generatepress\\\/tools\\\\assets\\\/img\\\/test_result\\\/0\\\/1.png\"],\"6\":[\"\\\/wp-content\\\/themes\\\/generatepress\\\/tools\\\\assets\\\/img\\\/test_result\\\/6\\\/1.png\"],\"7\":[\"\\\/wp-content\\\/themes\\\/generatepress\\\/tools\\\\assets\\\/img\\\/test_result\\\/7\\\/1.png\"],\"4\":[\"\\\/wp-content\\\/themes\\\/generatepress\\\/tools\\\\assets\\\/img\\\/test_result\\\/4\\\/1.png\"]}};\r\n                     var language = {\"code\":\"en\",\"name\":\"English\",\"prefix\":\"\"};\r\n                     var monitoringClickEvent = 'left';\r\n                     var shareTextDefault = 'My CPS result is {speed} ({clicks} Clicks in {time} Seconds)';\r\n                  <\/script>        \r\n               <\/div>\r\n            <\/section>\r\n\t\t\r\n\t<\/div>\r\n<\/div>\r\n\r\n    <script src=\"\/wp-content\/themes\/generatepress\/tools\/assets\/js\/libs.min.js\"><\/script>\r\n      <script src=\"\/wp-content\/themes\/generatepress\/tools\/assets\/js\/main.min.js?v64\"><\/script>\r\n\n\n<p><\/p>\n\n<p>Ten test jest intryguj\u0105cy i przyjemny, je\u015bli podczas jego wykonywania potrafisz od\u0142o\u017cy\u0107 na bok \u015bwiat i wszelkie inne sprawy.<\/p>\n\n<h2 class=\"wp-block-heading\">Czym jest 1 sekundowy test CPS?<\/h2>\n\n<p>Jest to standardowy test, kt\u00f3ry zosta\u0142 stworzony g\u0142\u00f3wnie dla graczy, aby oceni\u0107 ich dok\u0142adno\u015b\u0107 i szybko\u015b\u0107 klikni\u0119\u0107 myszk\u0105. A ten egzamin niew\u0105tpliwie przyspiesza ich klikni\u0119cia i poprawia ruchy palc\u00f3w, dzi\u0119ki czemu mog\u0105 pokona\u0107 konkurencj\u0119. Klika w te\u015bcie jednosekundowym. Im wi\u0119cej klikni\u0119\u0107 wykonujesz w ci\u0105gu sekundy, tym wi\u0119cej i wi\u0119cej punkt\u00f3w zdobywasz w ka\u017cdej sekundzie.<\/p>\n\n<p>Zamiast m\u00f3wi\u0107 1 sekunda testu CPS, CPS jest prosty do powiedzenia. Jak sugeruje nazwa testu, klikanie myszk\u0105 jest niezb\u0119dn\u0105 cz\u0119\u015bci\u0105 procesu testowania i istnieje system, kt\u00f3ry pozwala oceni\u0107, jak bieg\u0142y jeste\u015b w klikaniu.<\/p>\n\n<p>Test jednosekundowego klikni\u0119cia to prosta, darmowa aplikacja internetowa, kt\u00f3ra szacuje Twoj\u0105 szybko\u015b\u0107 klikania, zaczynaj\u0105c od najni\u017cszego mo\u017cliwego poziomu.<\/p>\n<div class=\"wp-block-image\">\n<figure class=\"aligncenter size-full\"><img loading=\"lazy\" decoding=\"async\" width=\"1000\" height=\"500\" src=\"https:\/\/cpstesters.com\/wp-content\/uploads\/2022\/08\/Untitled-design-27.jpg\" alt=\"1 Drugi test CPS\" class=\"wp-image-165\" title=\"\" srcset=\"https:\/\/cpstesters.com\/wp-content\/uploads\/2022\/08\/Untitled-design-27.jpg 1000w, https:\/\/cpstesters.com\/wp-content\/uploads\/2022\/08\/Untitled-design-27-300x150.jpg 300w, https:\/\/cpstesters.com\/wp-content\/uploads\/2022\/08\/Untitled-design-27-768x384.jpg 768w\" sizes=\"auto, (max-width: 1000px) 100vw, 1000px\" \/><figcaption class=\"wp-element-caption\">1 Drugi test CPS<\/figcaption><\/figure>\n<\/div>\n<p>To, ile klikni\u0119\u0107 wykonasz podczas drugiego testu, okre\u015bla, ile wykonasz w ci\u0105gu jednej sekundy. Narz\u0119dzia te s\u0105 dost\u0119pne w sieci, a co jeszcze bardziej intryguj\u0105ce, korzystanie z nich jest darmowe w przypadku drugiego klikni\u0119cia testu. Dlatego ka\u017cdy mo\u017ce zbada\u0107 swoje stawki CPS i okoliczno\u015bci pracy myszy.<\/p>\n\n<p>Dziel\u0105c ca\u0142kowit\u0105 liczb\u0119 klikni\u0119\u0107 przez ca\u0142kowit\u0105 liczb\u0119 sekund, mo\u017cna okre\u015bli\u0107 Speed Click Test. Alternatywnie mo\u017cna powiedzie\u0107, \u017ce &#8220;jest to stosunek liczby klikni\u0119\u0107 do czasu, w tym przyk\u0142adzie, sekund. Cps Test 1 Second &amp; Cps Tester 1 sekunda to inna nazwa tego urz\u0105dzenia.<\/p>\n\n<h2 class=\"wp-block-heading\">Korzystanie z narz\u0119dzia testowego 1 Second CPS<\/h2>\n\n<p>Je\u015bli chodzi o korzystanie z tych narz\u0119dzi, test 1 sekundy klikni\u0119cia jest do\u015b\u0107 prosty do zrobienia ze wzgl\u0119du na ich przyjazn\u0105 dla u\u017cytkownika konstrukcj\u0119, kt\u00f3ra czyni je plug-and-play. Nawigujesz do tych darmowych zasob\u00f3w, klikasz na odpowiednie miejsca i BAM! Tw\u00f3j wsp\u00f3\u0142czynnik cps zostanie podany.<\/p>\n\n<p>Silny CPS jest kluczowy, jak w\u0142a\u015bnie stwierdzili\u015bmy. Tak wi\u0119c, zbadajmy wi\u0119cej, aby pozna\u0107 niekt\u00f3re z typowych zastosowa\u0144 testu klikni\u0119\u0107 na sekund\u0119.<\/p>\n\n<p class=\"has-text-align-center has-base-background-color has-background has-medium-font-size\">Mo\u017cesz przej\u015b\u0107 do strony g\u0142\u00f3wnej <a href=\"https:\/\/cpstesters.com\/pl\/\" target=\"_blank\" rel=\"noreferrer noopener\">CPS Test<\/a>, aby mie\u0107 og\u00f3lny test klikni\u0119\u0107 na sekund\u0119<\/p>\n\n<p><strong>Jak dzia\u0142a Speed Test Game?<\/strong><\/p>\n\n<hr class=\"wp-block-separator has-alpha-channel-opacity\"\/>\n\n<p>  Poni\u017csze kroki mo\u017cna skutecznie wykorzysta\u0107 do wykonania tej niezwykle emocjonuj\u0105cej czynno\u015bci przypominaj\u0105cej gr\u0119. Przeczytaj wi\u0119c poni\u017csze porady, aby szybko sprawdzi\u0107 sw\u00f3j test cps na 1 sekund\u0119.<\/p>\n\n<ul class=\"wp-block-list\">\n<li>Kliknij szary przycisk, kt\u00f3ry pojawia si\u0119 przy pierwszym uruchomieniu gry, aby rozpocz\u0105\u0107 test 1 sekundy klikania.<\/li>\n\n\n\n<li>Po klikni\u0119ciu tam rozpoczyna si\u0119 egzamin, kt\u00f3ry nale\u017cy klikn\u0105\u0107 jak najszybciej, aby uzyska\u0107 jak najlepsz\u0105 ocen\u0119. Musi by\u0107 konkretny zegar.<\/li>\n\n\n\n<li>Po zako\u0144czeniu testu klikania myszk\u0105 1 sec, na ekranie pojawi si\u0119 okienko z wynikami.<\/li>\n<\/ul>\n\n<h2 class=\"wp-block-heading\">Pow\u00f3d, dla kt\u00f3rego warto korzysta\u0107 z 1 Second Click Test<\/h2>\n\n<p>Oprogramowanie dla CPS Test 1 sekunda mo\u017ce by\u0107 u\u017cywane, aby przej\u015b\u0107 czas, a nie tylko sprawdzi\u0107 swoje umiej\u0119tno\u015bci klikania.<\/p>\n\n<p>W gronie znajomych mo\u017cecie wykorzysta\u0107 program 1 Second CPS Test do rywalizacji w klikaniu w wolnym czasie. Kryteria s\u0105 proste: kto ma wi\u0119cej klikni\u0119\u0107 w ci\u0105gu 1 sekundy w por\u00f3wnaniu z innymi, ten wygrywa.<\/p>\n\n<p>Zabawa w testowanie klikni\u0119\u0107 mo\u017ce pom\u00f3c zrelaksowa\u0107 si\u0119 psychicznie. Wielu uczestnik\u00f3w test\u00f3w szuka mo\u017cliwo\u015bci zwi\u0119kszenia szybko\u015bci dzia\u0142ania myszy w grach. Z tego powodu stosuj\u0105 testy klikni\u0119\u0107.<\/p>\n\n<p>Rzeczywi\u015bcie, istnieje kilka stron, na kt\u00f3rych mo\u017cna zagra\u0107 w charakterystyczn\u0105 gr\u0119 o nazwie click testing. Podczas zabawy, ta taktyka pomaga r\u00f3wnie\u017c sta\u0107 si\u0119 bardziej bieg\u0142ym w klikaniu.<\/p>\n\n<h2 class=\"wp-block-heading\">Jak szybko klika\u0107 w 1 Second Click Test?<\/h2>\n\n<p>Na pocz\u0105tek, aby wykona\u0107 to zadanie, musisz mie\u0107 doskona\u0142\u0105 myszk\u0119 do gier. Taka myszka gamingowa jest zdolna i precyzyjna. Kursor powinien wtedy znale\u017a\u0107 si\u0119 w miejscu klikni\u0119cia. Nast\u0119pnie kliknij, a potem uderz w przycisk enter na klawiaturze. W efekcie Tw\u00f3j wynik CPS p\u00f3jdzie w g\u00f3r\u0119. To jest sekret pobicia rekordu klikni\u0119\u0107 w kolejnym te\u015bcie.<\/p>\n\n<p>Oto kilka pomocnych wskaz\u00f3wek, jak pokona\u0107 gr\u0119 w liczenie klikni\u0119\u0107!<\/p>\n\n<ul class=\"wp-block-list\">\n<li>Metoda klikania jittera jest opcj\u0105; jest \u015bwietna dla nowicjuszy.<\/li>\n\n\n\n<li>Aby szybko klikn\u0105\u0107, u\u017cyj przeci\u0105gania, naciskaj\u0105c.<\/li>\n\n\n\n<li>Ustanawiaj rekordy pr\u0119dko\u015bci za pomoc\u0105 klikni\u0119\u0107 motyla.<\/li>\n\n\n\n<li>Chocia\u017c auto clickery s\u0105 r\u00f3wnie\u017c opcj\u0105, je\u015bli wynajmujesz prawdziwe wyniki, po prostu u\u017cyj palc\u00f3w.<\/li>\n<\/ul>\n\n<p>Rzeczywisty klejnot jest \u015bwiadomy tych technik i sekret\u00f3w oszukiwania. Je\u015bli u\u017cywasz Butterfly Clicking, Kohi Click i Jitter Clicking cz\u0119sto id\u0105 w parze. Je\u015bli zaobserwujesz klikni\u0119cie co drug\u0105 aplikacj\u0119, dojdziesz do wniosku, \u017ce jest to odpowiednik klikni\u0119cia co pi\u0119\u0107, dziesi\u0119\u0107, sze\u015b\u0107dziesi\u0105t lub sto sekund. Prawda jest taka, \u017ce trudno jest klikn\u0105\u0107 w jednej sekundzie i zrobi\u0107 p\u0142yt\u0119 w ci\u0105gu kilku sekund.<\/p>\n<div class=\"wp-block-image\">\n<figure class=\"aligncenter size-full\"><img loading=\"lazy\" decoding=\"async\" width=\"1000\" height=\"500\" src=\"https:\/\/cpstesters.com\/wp-content\/uploads\/2022\/08\/1-second-cps-Test-.jpg\" alt=\"1 Second Click Test Guide\" class=\"wp-image-146\" title=\"\" srcset=\"https:\/\/cpstesters.com\/wp-content\/uploads\/2022\/08\/1-second-cps-Test-.jpg 1000w, https:\/\/cpstesters.com\/wp-content\/uploads\/2022\/08\/1-second-cps-Test--300x150.jpg 300w, https:\/\/cpstesters.com\/wp-content\/uploads\/2022\/08\/1-second-cps-Test--768x384.jpg 768w\" sizes=\"auto, (max-width: 1000px) 100vw, 1000px\" \/><figcaption class=\"wp-element-caption\">1 Second Click Test Guide<\/figcaption><\/figure>\n<\/div>\n<h2 class=\"wp-block-heading\">Czym jest rekord \u015bwiata CPS 1 sekundy?<\/h2>\n\n<p>Rekord \u015bwiata w klikni\u0119ciach myszk\u0105 wykonanych w ci\u0105gu jednej sekundy mo\u017ce wydawa\u0107 si\u0119 dziwny, ale istnieje. Istniej\u0105 rekordzi\u015bci \u015bwiata w tej dziedzinie, a niekt\u00f3rzy gracze d\u0105\u017c\u0105 do osi\u0105gni\u0119cia najwy\u017cszych pozycji w tej rozrywkowej grze. Najszybsze pr\u0119dko\u015bci CPS w r\u00f3\u017cnych witrynach s\u0105 pokazane w danych, kt\u00f3re zosta\u0142y zebrane.<\/p>\n\n<p>Niekt\u00f3re strony internetowe wymieniaj\u0105 osi\u0105gni\u0119cia, kt\u00f3re s\u0105 niewyobra\u017calne dla przeci\u0119tnego cz\u0142owieka. Badania i statystyki wskazuj\u0105, \u017ce istnieje rekord \u015bwiata w testowaniu 1 sekundy klikni\u0119cia.<\/p>\n\n<p>Najszybciej ze wszystkich klikn\u0105\u0142 Dylan Allred, mieszkaniec Los Angeles, kt\u00f3ry w ci\u0105gu 10 sekund wykona\u0142 1051 klikni\u0119\u0107. Zak\u0142adam, \u017ce jest to du\u017cy problem. Wiele jednostek nie uwa\u017ca tej gry za gr\u0119, poniewa\u017c mo\u017ce ona mie\u0107 charakter terapeutyczny. Wielu graczy wykorzystuje t\u0119 czynno\u015b\u0107 do zrelaksowania si\u0119, je\u015bli czuj\u0105 si\u0119 zniech\u0119ceni lub smutni.<\/p>\n\n<h2 class=\"wp-block-heading\">Jak mog\u0119 zda\u0107 test CPS z wysokim wynikiem?<\/h2>\n\n<p>Uzyskanie lepszego wyniku szybko mo\u017ce by\u0107 trudne dla ka\u017cdego, ale zatrudniaj\u0105c techniki klikania, takie jak test CPS 1 sekunda, jitter klik, kohi klik, i butterfly klik, mo\u017cna zarobi\u0107 najlepszy wynik mo\u017cliwy. Podobnie jak inne ustawienia testu pr\u0119dko\u015bci klikni\u0119\u0107 test pr\u0119dko\u015bci na sekund\u0119. Uczestnicy powinni mie\u0107 si\u0119 na baczno\u015bci, aby nacisn\u0105\u0107 myszk\u0119, gdy tylko zacznie si\u0119 timer, aby z ka\u017cd\u0105 sekund\u0105 zdobywa\u0107 kolejne punkty.<\/p>\n\n<h2 class=\"wp-block-heading\">Jakie zalety maj\u0105 testy licznik\u00f3w CPS?<\/h2>\n\n<p>Innymi s\u0142owy, CPS Test Counter jest czasem okre\u015blany jako licznik klikni\u0119\u0107. W ka\u017cdym razie kalkulator CPS pomo\u017ce, \u017ce umo\u017cliwiaj\u0105c u\u017cytkownikom policzenie liczby u\u017cy\u0107 myszy w ka\u017cdym okresie. Licznik na przyk\u0142ad poka\u017ce, ile klikni\u0119\u0107 u\u017cytkownik wykonuje w ci\u0105gu 10 sekund, je\u015bli chce zmierzy\u0107 swoj\u0105 szybko\u015b\u0107 klikania w tym czasie. Kalkulator CPS jest r\u00f3wnie\u017c znany jako test CPS Click. Z inn\u0105 etykiet\u0105 liczy si\u0119 to samo.<\/p>\n\n<h2 class=\"wp-block-heading\">Co to jest 1 Second Counter?<\/h2>\n\n<p>Podczas testu cps clicks per second, CPS Tracker liczy wszystkie Twoje klikni\u0119cia i oblicza \u015bredni\u0105 pr\u0119dko\u015b\u0107 klikania.<\/p>\n\n<p>Prostym przyk\u0142adem by\u0142oby, gdyby\u015b uruchomi\u0142 test CPS 1 Second, aby zobaczy\u0107 liczb\u0119 klikni\u0119\u0107, kt\u00f3re wykona\u0142e\u015b w ci\u0105gu poprzednich pi\u0119ciu sekund.<\/p>\n\n<p>Tw\u00f3j numer cps klikera wynosi\u0142by 6 klikni\u0119\u0107 w ci\u0105gu zaledwie jednej sekundy, gdyby\u015b przez ca\u0142y czas trwania testu klikn\u0105\u0142 kursorem myszy 30 razy w ci\u0105gu pi\u0119ciu sekund.<\/p>\n\n<p>Wynik testu cps jest okre\u015blany przez podzielenie ca\u0142kowitej liczby klikni\u0119\u0107 przez czas trwania testu.<\/p>\n\n<p>Narz\u0119dzie to nosi r\u00f3wnie\u017c monid\u0142o CPS CHECKER, kt\u00f3re jest u\u017cywane przez niekt\u00f3re osoby.<\/p>\n\n<h2 class=\"wp-block-heading has-text-align-center\">FAQ&#8217;s<\/h2>\n\n<h3 class=\"wp-block-heading\"><strong>Co to jest \u015brednio CPS?<\/strong><\/h3>\n\n<p>Nasze big data poda\u0142o, \u017ce \u015bredni CPS to 6,51, a Google powiedzia\u0142o, \u017ce globalny rekord to 14,1 CPS. Na urz\u0105dzeniu mobilnym lub iPadzie ludzie mog\u0105 osi\u0105ga\u0107 nieco lepsze wyniki ni\u017c na komputerze.<\/p>\n\n<h3 class=\"wp-block-heading\"><strong>Ile klikni\u0119\u0107 jest dozwolonych?<\/strong><\/h3>\n\n<p>Maksymalna liczba klikni\u0119\u0107 r\u00f3\u017cni si\u0119 w zale\u017cno\u015bci od rodzaju urz\u0105dzenia, z kt\u00f3rego korzysta ka\u017cdy gracz. Smartfon mo\u017ce wykona\u0107 do 100 klikni\u0119\u0107 w jednym czasie, ale u\u017cytkownikowi komputera stacjonarnego lub PC wykonanie 100 klikni\u0119\u0107 zajmie d\u0142u\u017cej ni\u017c 10 sekund.<\/p>\n\n<h3 class=\"wp-block-heading\"><strong>Ile razy w ci\u0105gu dziesi\u0119ciu sekund mo\u017cna klikn\u0105\u0107?<\/strong><\/h3>\n\n<p>W ci\u0105gu 10 sekund u\u017cytkownicy mog\u0105 cz\u0119sto zarobi\u0107 12-14 CPS. Zr\u00f3b od razu test i w 10 sekund zobacz jak szybko klikasz.<\/p>\n\n<h3 class=\"wp-block-heading\"><strong>Kt\u00f3ry wynik CPS jest najwy\u017cszy?<\/strong><\/h3>\n\n<p>Mimo wra\u017cenia, \u017ce w tym kr\u00f3tkim czasie nie mog\u0105 wiele osi\u0105gn\u0105\u0107, wielu graczy ma wsp\u00f3\u0142czynniki klikalno\u015bci si\u0119gaj\u0105ce 15 na sekund\u0119. Brzmi niemo\u017cliwie, a jednak kilka os\u00f3b zapewnia\u0142o, \u017ce potrafi uzyska\u0107 od 10 do 15 klikni\u0119\u0107 na sekund\u0119 CPS.<\/p>\n\n<h3 class=\"wp-block-heading\"><strong>Jak mo\u017cna zwi\u0119kszy\u0107 szybko\u015b\u0107 klikania?<\/strong><\/h3>\n\n<p>Kilka metod online na szybsze granie w gry klikane obejmuje skurcze mi\u0119\u015bni palc\u00f3w. Wszyscy ludzie znaj\u0105 klikni\u0119cie motyla i klikni\u0119cie jittera. Podczas klikania jitterowego kursor b\u0119dzie klika\u0142 szybciej ni\u017c podczas klikania standardowego.<\/p>\n\n<h3 class=\"wp-block-heading\"><strong>Czy granie w gry pomaga w zwi\u0119kszeniu wsp\u00f3\u0142czynnika klikalno\u015bci?<\/strong><\/h3>\n\n<p>Aby poprawi\u0107 sw\u00f3j czas reakcji, spr\u00f3buj zagra\u0107 w Osu lub gry typu first-person shooter. Mo\u017cesz tak\u017ce poszuka\u0107 w sieci gier odpowiedzi \u0107wiczeniowych i wybra\u0107 kilka do zabawy, aby doskonali\u0107 swoje umiej\u0119tno\u015bci pos\u0142ugiwania si\u0119 klikni\u0119ciami.<\/p>\n\n<h2 class=\"wp-block-heading\">S\u0142owa ko\u0144cowe dla CPS Test 1 Second<\/h2>\n\n<p>Twoja synchronizacja r\u0119ka-oko i czas reakcji zostan\u0105 wystawione na pr\u00f3b\u0119 w tej grze. To raczej szybki test umiej\u0119tno\u015bci ni\u017c co\u015b, co wymaga dog\u0142\u0119bnego przemy\u015blenia. Wszystko sprowadza si\u0119 do tego, ile klikni\u0119\u0107 myszy wykonujesz w ka\u017cdej sekundzie. Mo\u017cecie potraktowa\u0107 to jako wyzwanie, by sprawdzi\u0107 jak szybko uda mi si\u0119 klikn\u0105\u0107 kursorem w ci\u0105gu jednej sekundy. Zbadaj r\u00f3wnie\u017c wysi\u0142ki innych graczy. B\u0119dziesz dzi\u0119ki temu bardziej sprawny i aktywny. Dodam jeszcze, \u017ce wszystko wymaga czasu, aby si\u0119 wydarzy\u0107, wi\u0119c musisz na ten czas poczeka\u0107, gdy\u017c owijam w bawe\u0142n\u0119 ten artyku\u0142. Praktyka, praktyka i jeszcze wi\u0119cej praktyki to klucze do sukcesu. Jedynym sposobem, aby sta\u0107 si\u0119 lepszym graczem jest zastosowanie si\u0119 do tych rad.<\/p>\n","protected":false},"excerpt":{"rendered":"<p>1 Second CPS Test to niesamowita gra click per second, kt\u00f3ra sprawdza szybko\u015b\u0107 klikania za pomoc\u0105 licznika, zacznij gra\u0107 i popraw swoj\u0105 szybko\u015b\u0107! Ten test &#8230; <\/p>\n<p class=\"read-more-container\"><a title=\"1 sekundowy test CPS | Sprawd\u017a swoje klikni\u0119cia\" class=\"read-more button\" href=\"https:\/\/cpstesters.com\/pl\/1-second-cps-test\/#more-1880\" aria-label=\"Dowiedz si\u0119 wi\u0119cej o 1 sekundowy test CPS | Sprawd\u017a swoje klikni\u0119cia\">Read More<\/a><\/p>\n","protected":false},"author":4,"featured_media":935,"parent":0,"menu_order":0,"comment_status":"closed","ping_status":"closed","template":"","meta":{"footnotes":""},"class_list":["post-1880","page","type-page","status-publish","has-post-thumbnail"],"_links":{"self":[{"href":"https:\/\/cpstesters.com\/pl\/wp-json\/wp\/v2\/pages\/1880","targetHints":{"allow":["GET"]}}],"collection":[{"href":"https:\/\/cpstesters.com\/pl\/wp-json\/wp\/v2\/pages"}],"about":[{"href":"https:\/\/cpstesters.com\/pl\/wp-json\/wp\/v2\/types\/page"}],"author":[{"embeddable":true,"href":"https:\/\/cpstesters.com\/pl\/wp-json\/wp\/v2\/users\/4"}],"replies":[{"embeddable":true,"href":"https:\/\/cpstesters.com\/pl\/wp-json\/wp\/v2\/comments?post=1880"}],"version-history":[{"count":5,"href":"https:\/\/cpstesters.com\/pl\/wp-json\/wp\/v2\/pages\/1880\/revisions"}],"predecessor-version":[{"id":4040,"href":"https:\/\/cpstesters.com\/pl\/wp-json\/wp\/v2\/pages\/1880\/revisions\/4040"}],"wp:featuredmedia":[{"embeddable":true,"href":"https:\/\/cpstesters.com\/pl\/wp-json\/wp\/v2\/media\/935"}],"wp:attachment":[{"href":"https:\/\/cpstesters.com\/pl\/wp-json\/wp\/v2\/media?parent=1880"}],"curies":[{"name":"wp","href":"https:\/\/api.w.org\/{rel}","templated":true}]}}