{"id":1876,"date":"2024-07-16T14:39:19","date_gmt":"2024-07-16T14:39:19","guid":{"rendered":"https:\/\/cpstesters.com\/2-sekundowy-test-cps-sprawdz-szybkosc-swoich-klikniec\/"},"modified":"2024-09-17T07:09:18","modified_gmt":"2024-09-17T07:09:18","slug":"2-second-cps-test","status":"publish","type":"page","link":"https:\/\/cpstesters.com\/pl\/2-second-cps-test\/","title":{"rendered":"2 sekundowy test CPS | Sprawd\u017a szybko\u015b\u0107 swoich klikni\u0119\u0107"},"content":{"rendered":"\n<p>2 Second CPS Test to niesamowita gra, kt\u00f3ra pomo\u017ce Ci sprawdzi\u0107 ile klikni\u0119\u0107 mo\u017cesz wykona\u0107 w ci\u0105gu dw\u00f3ch sekund.<\/p>\n<div class=\"row\">\r\n\t<div class=\"col-md-4\">\r\n\r\n\t\t\r\n\t\t\r\n\t\t<div class=\"side_nav\">\r\n            \r\n            \r\n             <ul class=\"time\">\r\n            <li>\r\n             <a href=\"https:\/\/cpstesters.com\/1-second-cps-test\/\"> <span data-time=\"1\">1 Second Test<\/span><\/a>\r\n            <\/li><li>\r\n             <a href=\"https:\/\/cpstesters.com\/2-second-cps-test\/\"><span data-time=\"2\" class=\"active\">2 Second Test<\/span><\/a>\r\n            <\/li><li>\r\n           <a href=\"https:\/\/cpstesters.com\/5-second-cps-test\/\"><span data-time=\"5\">5 Second Test<\/span><\/a>\r\n            <\/li><li>\r\n\t\t\t\t <a href=\"https:\/\/cpstesters.com\/10-second-cps-test\/\"><span data-time=\"10\">10 Second Test<\/span><\/a>\r\n            <\/li><li>\r\n             <a href=\"https:\/\/cpstesters.com\/15-second-click-test\/\"><span data-time=\"15\">15 Second Test<\/span><\/a>\r\n            <\/li>\r\n\t\t\t\t \t<li>\r\n             <a href=\"https:\/\/cpstesters.com\/30-second-cps-test\/\"><span data-time=\"30\">30 Second Test<\/span><\/a>\r\n            <\/li><li>\r\n\t\t\t\t<li>\r\n             <a href=\"https:\/\/cpstesters.com\/60-second-cps-test\/\"><span data-time=\"60\">60 Second Test<\/span><\/a>\r\n            <\/li><li>\r\n\t\t\t\t<li>\r\n             <a href=\"https:\/\/cpstesters.com\/100-second-cps-test\/\"><span data-time=\"100\">100 Second Test<\/span><\/a>\r\n            <\/li>\r\n\t\t\t\t <li>\r\n             <a href=\"https:\/\/cpstesters.com\/manual-click-test\/\"><span data-time=\"20\">Manual Click Test<\/span><\/a>\r\n            <\/li><\/ul>\r\n            <\/div>\r\n\t\t\r\n\t\t\r\n\t<\/div>\r\n\t<div class=\"col-md-8\">\r\n\t\t<section class=\"section section--full js-section-full section--click\">\r\n               <div class=\"container\">\r\n\t\t\t\t   \r\n\t\t\t\t         <div class=\"setting\">\r\n    <div class=\"theme-mode\"><a class=\"theme-mode__switch js-switch\" href=\"javascript:void(0);\"><\/a>\r\n        <div class=\"theme-mode__text\">Light \/ Dark mode<\/div>\r\n    <\/div>\r\n<\/div>\r\n\t\t\t\t   \r\n\t\t\t\t   \r\n                  <div class=\"statistics\">\r\n                     <div class=\"statistics__item statistics__item--timer\">\r\n                        <div class=\"statistics__number\">\r\n                           <span class=\"js-time number_timer\">2.00<\/span>\r\n                           <a class=\"statistics__arrow statistics__arrow--up js-time-up\" href=\"javascript:void(0);\">\r\n                              <svg class=\"icon icon-arrow-up \">\r\n                                 <use xlink:href=\"\/wp-content\/themes\/generatepress\/tools\/assets\/img\/spritesvg.svg#arrow-up\"><\/use>\r\n                              <\/svg>\r\n                           <\/a>\r\n                           <a class=\"statistics__arrow statistics__arrow--down js-time-down\" href=\"javascript:void(0);\">\r\n                              <svg class=\"icon icon-arrow-up \">\r\n                                 <use xlink:href=\"\/wp-content\/themes\/generatepress\/tools\/assets\/img\/spritesvg.svg#arrow-up\"><\/use>\r\n                              <\/svg>\r\n                           <\/a>\r\n                        <\/div>\r\n                        <div class=\"statistics__title\">Timer<\/div>\r\n                     <\/div>\r\n                     <div class=\"statistics__item statistics__item--clicks\">\r\n                        <div class=\"statistics__number number_clicks js-speed\">0.00<\/div>\r\n                        <div class=\"statistics__title\">Clicks \/ s<\/div>\r\n                     <\/div>\r\n                     <div class=\"statistics__item statistics__item--score\">\r\n                        <div class=\"statistics__number number_score js-score\">0<\/div>\r\n                        <div class=\"statistics__title\">Score<\/div>\r\n                     <\/div>\r\n                  <\/div>\r\n                  <div class=\"clicks-zone\">\r\n                     <div class=\"clicks-zone__start js-clicks-start\">\r\n                        <svg class=\"icon icon-click \">\r\n                           <use xlink:href=\"\/wp-content\/themes\/generatepress\/tools\/assets\/img\/spritesvg.svg#click\"><\/use>\r\n                        <\/svg>\r\n                        <div class=\"clicks-zone__start-title\">\u0421lick here to start cps test<\/div>\r\n                     <\/div>\r\n                     <div class=\"clicks-zone__clicks js-clicks\"><\/div>\r\n                     <div class=\"clicks-zone__result result-clicks js-clicks-result\">\r\n                        <div class=\"result-clicks__title rank-wrapper\"><\/div>\r\n                        <div class=\"result-clicks__text\">Your CPS result is <span class=\"speed js-stat-speed\"><\/span> (<span class=\"clicks js-stat-clicks\"><\/span> Clicks in <span class=\"time js-stat-time\"><\/span> Seconds)<\/div>\r\n                        <div class=\"result-clicks__img\"><img><\/div>\r\n                        <a class=\"result-clicks__btn js-try-again\" href=\"javascript:void(0);\">\r\n                           <svg class=\"icon icon-again \">\r\n                              <use xlink:href=\"\/wp-content\/themes\/generatepress\/tools\/assets\/img\/spritesvg.svg#again\"><\/use>\r\n                           <\/svg>\r\n                           Restart\r\n                        <\/a>\r\n                        <div class=\"result-clicks__share\">\r\n                           <div class=\"result-clicks__share-title\">Share your result with friends!<\/div>\r\n                           <div class=\"share-buttons\">\r\n                              <a class=\"share-button facebook\" data-href=\"https:\/\/www.facebook.com\/sharer\/sharer.php?u=https:\/\/cpstesters.com\/\" target=\"_blank\" onclick=\"goclicky(this); return false;\" rel=\"noopener\">Facebook<\/a>\r\n                              <a class=\"share-button twitter\" data-href=\"http:\/\/www.twitter.com\/share?url=https:\/\/cpstesters.com\/&text=[text]\" target=\"_blank\" onclick=\"goclicky(this); return false;\" rel=\"noopener\">Twitter<\/a>\r\n                              <a class=\"share-button whatsapp\" data-href=\"https:\/\/api.whatsapp.com\/send?text=[text]\" target=\"_blank\" onclick=\"goclicky(this); return false;\" rel=\"noopener\">WhatsApp<\/a>\r\n                              <a class=\"share-button reddit\" data-href=\"http:\/\/www.reddit.com\/submit?url=https:\/\/cpstesters.com\/&title=[text]\" target=\"_blank\" onclick=\"goclicky(this); return false;\" rel=\"noopener\">Reddit<\/a>\r\n                           <\/div>\r\n                        <\/div>\r\n                     <\/div>\r\n                  <\/div>\r\n                  <img decoding=\"async\" src=\"\/wp-content\/themes\/generatepress\/tools\/assets\/img\/test_result\/3\/1.png\" style=\"display: none\" alt=\"\" title=\"\">\r\n                  <img decoding=\"async\" src=\"\/wp-content\/themes\/generatepress\/tools\/assets\/img\/test_result\/5\/1.png\" style=\"display: none\" alt=\"\" title=\"\">\r\n                  <img decoding=\"async\" src=\"\/wp-content\/themes\/generatepress\/tools\/assets\/img\/test_result\/1\/1.png\" style=\"display: none\" alt=\"\" title=\"\">\r\n                  <img decoding=\"async\" src=\"\/wp-content\/themes\/generatepress\/tools\/assets\/img\/test_result\/2\/1.png\" style=\"display: none\" alt=\"\" title=\"\">\r\n                  <img decoding=\"async\" src=\"\/wp-content\/themes\/generatepress\/tools\/assets\/img\/test_result\/0\/1.png\" style=\"display: none\" alt=\"\" title=\"\">\r\n                  <img decoding=\"async\" src=\"\/wp-content\/themes\/generatepress\/tools\/assets\/img\/test_result\/6\/1.png\" style=\"display: none\" alt=\"\" title=\"\">\r\n                  <img decoding=\"async\" src=\"\/wp-content\/themes\/generatepress\/tools\/assets\/img\/test_result\/7\/1.png\" style=\"display: none\" alt=\"\" title=\"\">\r\n                  <img decoding=\"async\" src=\"\/wp-content\/themes\/generatepress\/tools\/assets\/img\/test_result\/4\/1.png\" style=\"display: none\" alt=\"\" title=\"\">\r\n                  <script>\r\n                     var test_result = {\"ratings\":{\"min\":0,\"max\":5},\"rating_ranks\":[\"Your Rank is Snail!\",\"Your Rank is Koala!\",\"Your Rank is Turtle!\",\"Your Rank is Panda!\",\"Your Rank is Hare!\",\"Your Rank is Kangaroo!\",\"Your Rank is Panther!\",\"Your Rank is Cheetah!\"],\"cps_scale\":[[0,1],[1,3],[3,5],[5,7],[7,9],[9,10],[10,12],[12,999]],\"files\":{\"3\":[\"\\\/wp-content\\\/themes\\\/generatepress\\\/tools\\\\assets\\\/img\\\/test_result\\\/3\\\/1.png\"],\"5\":[\"\\\/wp-content\\\/themes\\\/generatepress\\\/tools\\\\assets\\\/img\\\/test_result\\\/5\\\/1.png\"],\"1\":[\"\\\/wp-content\\\/themes\\\/generatepress\\\/tools\\\\assets\\\/img\\\/test_result\\\/1\\\/1.png\"],\"2\":[\"\\\/wp-content\\\/themes\\\/generatepress\\\/tools\\\\assets\\\/img\\\/test_result\\\/2\\\/1.png\"],\"0\":[\"\\\/wp-content\\\/themes\\\/generatepress\\\/tools\\\\assets\\\/img\\\/test_result\\\/0\\\/1.png\"],\"6\":[\"\\\/wp-content\\\/themes\\\/generatepress\\\/tools\\\\assets\\\/img\\\/test_result\\\/6\\\/1.png\"],\"7\":[\"\\\/wp-content\\\/themes\\\/generatepress\\\/tools\\\\assets\\\/img\\\/test_result\\\/7\\\/1.png\"],\"4\":[\"\\\/wp-content\\\/themes\\\/generatepress\\\/tools\\\\assets\\\/img\\\/test_result\\\/4\\\/1.png\"]}};\r\n                     var language = {\"code\":\"en\",\"name\":\"English\",\"prefix\":\"\"};\r\n                     var monitoringClickEvent = 'left';\r\n                     var shareTextDefault = 'My CPS result is {speed} ({clicks} Clicks in {time} Seconds)';\r\n                  <\/script>        \r\n               <\/div>\r\n            <\/section>\r\n\t\t\r\n\t<\/div>\r\n<\/div>\r\n\r\n    <script src=\"\/wp-content\/themes\/generatepress\/tools\/assets\/js\/libs.min.js\"><\/script>\r\n      <script src=\"\/wp-content\/themes\/generatepress\/tools\/assets\/js\/main.min.js?v64\"><\/script>\r\n\n\n<p><\/p>\n\n<p>Zabawna i trudna gra, 2 Second CPS Test mierzy ile klikni\u0119\u0107 mo\u017cesz osi\u0105gn\u0105\u0107 w ci\u0105gu dw\u00f3ch sekund. Jest to \u015bwietne rozwi\u0105zanie dla pocz\u0105tkuj\u0105cych lub do\u015bwiadczonych profesjonalist\u00f3w, a b\u0119dziesz mia\u0142 mn\u00f3stwo zabawy, gdy ju\u017c si\u0119 opanujesz.<\/p>\n\n<p>Nie martw si\u0119, je\u015bli jeste\u015b pocz\u0105tkuj\u0105cym graczem; klikanie w tak szybkim tempie jest wyzwaniem, ale jest to mo\u017cliwe dzi\u0119ki praktyce. W miar\u0119 zdobywania do\u015bwiadczenia i opanowania gry b\u0119dziesz zwi\u0119ksza\u0142 szybko\u015b\u0107 i cz\u0119stotliwo\u015b\u0107 klikania.<\/p>\n\n<h2 class=\"wp-block-heading\">Jak przeprowadzi\u0107 2 Drugi Test CPS?<\/h2>\n\n<p>Korzystaj\u0105c z myszki, mo\u017cesz dowiedzie\u0107 si\u0119, czym jest 2 Second CPS Trial i jak go przeprowadzi\u0107, post\u0119puj\u0105c zgodnie z poni\u017csz\u0105 instrukcj\u0105. Je\u015bli zastosujesz si\u0119 do wskaz\u00f3wek, Tw\u00f3j test p\u00f3jdzie tak \u0142atwo, jak to mo\u017cliwe.<\/p>\n\n<p>Aby rozpocz\u0105\u0107, prosz\u0119 klikn\u0105\u0107 du\u017cy przycisk START TESTU na samej g\u00f3rze tej strony.<\/p>\n<div class=\"wp-block-image\">\n<figure class=\"aligncenter size-full\"><img loading=\"lazy\" decoding=\"async\" width=\"1000\" height=\"500\" src=\"https:\/\/cpstesters.com\/wp-content\/uploads\/2022\/08\/Untitled-design.jpg\" alt=\"2 Drugi test CPS\" class=\"wp-image-169\" title=\"\" srcset=\"https:\/\/cpstesters.com\/wp-content\/uploads\/2022\/08\/Untitled-design.jpg 1000w, https:\/\/cpstesters.com\/wp-content\/uploads\/2022\/08\/Untitled-design-300x150.jpg 300w, https:\/\/cpstesters.com\/wp-content\/uploads\/2022\/08\/Untitled-design-768x384.jpg 768w\" sizes=\"auto, (max-width: 1000px) 100vw, 1000px\" \/><figcaption class=\"wp-element-caption\">2 Drugi test CPS<\/figcaption><\/figure>\n<\/div>\n<p>Dwa, zacznij klika\u0107 myszk\u0105 tak szybko i precyzyjnie, jak tylko potrafisz, gdy tylko zacznie si\u0119 timer. Przez pe\u0142ne dwie sekundy utrzymuj swoje tempo klikania w spos\u00f3b ci\u0105g\u0142y. Po up\u0142ywie czasu, Tw\u00f3j ca\u0142kowity wynik zostanie zliczony i wy\u015bwietlony w intuicyjnym okienku.<\/p>\n\n<p class=\"has-text-align-center has-background has-medium-font-size\" style=\"background-color:#ffb15e\">Nie martwisz si\u0119 o sekundy? Udaj si\u0119 na <a href=\"https:\/\/cpstesters.com\/pl\/\" target=\"_blank\" rel=\"noreferrer noopener\">test CPS<\/a><\/p>\n\n<h2 class=\"wp-block-heading\">Wyniki<\/h2>\n\n<p>Po zako\u0144czeniu wyznaczonego czasu, wyniki zostan\u0105 ujawnione. Istnieje w sumie pi\u0119\u0107 poziom\u00f3w s\u0142odko\u015bci, kt\u00f3re odpowiadaj\u0105 twojej pr\u0119dko\u015bci:<\/p>\n\n<p>\u015awinia jest najwolniejsza, z CPS poni\u017cej pi\u0119ciu, kangur jest nast\u0119pny najszybszy, z 5 do 8 CPS, ma\u0142pa ma 10 do 15, lampart 15 do 20, a smok 20 do 30 CPS.<\/p>\n\n<h2 class=\"wp-block-heading\">Jak zwi\u0119kszy\u0107 swoj\u0105 szybko\u015b\u0107 klikania w 2 sekundy?<\/h2>\n\n<p>Je\u015bli tak jest, czytaj dalej, aby uzyska\u0107 kilka sugestii, jak zwi\u0119kszy\u0107 stawk\u0119 klikni\u0119\u0107 myszy. Je\u015bli zastosujesz si\u0119 do tych wskaz\u00f3wek, mo\u017cesz zwi\u0119kszy\u0107 szybko\u015b\u0107 klikania i og\u00f3ln\u0105 wydajno\u015b\u0107.<\/p>\n\n<p>U\u017cywanie alternatywnych klikni\u0119\u0107 myszk\u0105 jest najcz\u0119stsz\u0105 metod\u0105 zwi\u0119kszania wyniku CPS 2s. Zar\u00f3wno Jitter, jak i Butterfly clicks mog\u0105 to zrobi\u0107, wi\u0119c wszystko sprowadza si\u0119 do osobistych preferencji i tego, ile masz czasu na \u0107wiczenia.<\/p>\n\n<p>Zwi\u0119kszenie czu\u0142o\u015bci myszy w panelu Preferencje systemu Windows to dobre miejsce, aby zacz\u0105\u0107; mo\u017ce si\u0119 wydawa\u0107, \u017ce jest to niewielka zmiana, ale mo\u017ce mie\u0107 du\u017cy wp\u0142yw podczas testowania r\u00f3\u017cnych podej\u015b\u0107.<\/p>\n\n<p>Ponadto myszy do gier zawieraj\u0105 wi\u0119cej przycisk\u00f3w ni\u017c konwencjonalne myszy, co pozwala na szybszy czas reakcji. Jednak te myszy s\u0105 dro\u017csze, wi\u0119c mog\u0105 nie by\u0107 praktyczne, chyba \u017ce gracz jest got\u00f3w wy\u0142o\u017cy\u0107 dodatkow\u0105 got\u00f3wk\u0119.<\/p>\n\n<h2 class=\"wp-block-heading has-text-align-center\">FAQ&#8217;s<\/h2>\n\n<h3 class=\"wp-block-heading\"><strong>Ile razy w ka\u017cdej sekundzie porusza si\u0119 mysz?<\/strong><\/h3>\n\n<p>Test CPS to system rankingowy szybko\u015bci klikania oparty na tym, ile klikni\u0119\u0107 mo\u017cesz wykona\u0107 w danym czasie. Uderzaj co najmniej 5 razy na sekund\u0119, aby unikn\u0105\u0107 spowolnienia do pr\u0119dko\u015bci \u017c\u00f3\u0142wia w grze.<\/p>\n\n<h3 class=\"wp-block-heading\"><strong>Dlaczego ludzie przygotowuj\u0105 si\u0119 do 2 test\u00f3w CPS?<\/strong><\/h3>\n\n<p>U\u017cytkownicy i gracze mog\u0105 przesun\u0105\u0107 swoje ograniczenia i poprawi\u0107 szybko\u015b\u0107 klikania dzi\u0119ki testowi klikni\u0119\u0107 na 2 sekundy. Jego przydatne funkcje licz\u0105 klikni\u0119cia u\u017cytkownika w ci\u0105gu dw\u00f3ch sekund, pozwalaj\u0105c mu na powt\u00f3rk\u0119 testu i popraw\u0119 szybko\u015bci klikania.<\/p>\n\n<h3 class=\"wp-block-heading\"><strong>Jaki jest rekord \u015bwiata w 2 sekundowym te\u015bcie CPS?<\/strong><\/h3>\n\n<p>Rekord \u015bwiata dla 2-sekundowego testu CPS wynosi 27 Klikni\u0119\u0107 na sekund\u0119, a \u015brednia pr\u0119dko\u015b\u0107 to 18 CPS.<\/p>\n\n<h2 class=\"wp-block-heading\">Zako\u0144czenie testu CPS w 2 sekundy<\/h2>\n\n<p>Podsumowuj\u0105c, narz\u0119dzia mierz\u0105ce wsp\u00f3\u0142czynnik klikalno\u015bci s\u0105 przydatne do oceny szybko\u015bci klikania, ale maj\u0105 te\u017c inne zastosowania. Gry oparte na klikni\u0119ciach, \u0107wiczenia i czysta rozrywka mog\u0105 skorzysta\u0107 z narz\u0119dzia clicks-per-second. Ka\u017cdy, w ka\u017cdym wieku, mo\u017ce si\u0119 dobrze bawi\u0107 z tymi darmowymi gad\u017cetami i sprawdzi\u0107, ile razy w ci\u0105gu sekundy uda mu si\u0119 klikn\u0105\u0107.<\/p>\n\n<p>You May Also Like<\/p>\n\n<ul class=\"wp-block-list\">\n<li><a href=\"https:\/\/cpstesters.com\/pl\/jitter-click-test\/\">Test Jitter Click<\/a><\/li>\n\n\n\n<li><a href=\"https:\/\/cpstesters.com\/pl\/kohi-click-test\/\">Kohi Click Test<\/a><\/li>\n\n\n\n<li><a href=\"https:\/\/cpstesters.com\/pl\/test-cps-prawym-przyciskiem-myszy\/\">Kliknij prawym przyciskiem myszy Test CPS<\/a><\/li>\n\n\n\n<li><a href=\"https:\/\/cpstesters.com\/pl\/reczny-test-klikniec\/\" target=\"_blank\" rel=\"noreferrer noopener\">R\u0119czny test klikni\u0119\u0107<\/a><\/li>\n\n\n\n<li><a href=\"https:\/\/cpstesters.com\/pl\/butterfly-click-test\/\" target=\"_blank\" rel=\"noreferrer noopener\">Butterfly Click Test<\/a><\/li>\n<\/ul>\n","protected":false},"excerpt":{"rendered":"<p>2 Second CPS Test to niesamowita gra, kt\u00f3ra pomo\u017ce Ci sprawdzi\u0107 ile klikni\u0119\u0107 mo\u017cesz wykona\u0107 w ci\u0105gu dw\u00f3ch sekund. Zabawna i trudna gra, 2 Second &#8230; <\/p>\n<p class=\"read-more-container\"><a title=\"2 sekundowy test CPS | Sprawd\u017a szybko\u015b\u0107 swoich klikni\u0119\u0107\" class=\"read-more button\" href=\"https:\/\/cpstesters.com\/pl\/2-second-cps-test\/#more-1876\" aria-label=\"Dowiedz si\u0119 wi\u0119cej o 2 sekundowy test CPS | Sprawd\u017a szybko\u015b\u0107 swoich klikni\u0119\u0107\">Read More<\/a><\/p>\n","protected":false},"author":4,"featured_media":971,"parent":0,"menu_order":0,"comment_status":"closed","ping_status":"closed","template":"","meta":{"footnotes":""},"class_list":["post-1876","page","type-page","status-publish","has-post-thumbnail"],"_links":{"self":[{"href":"https:\/\/cpstesters.com\/pl\/wp-json\/wp\/v2\/pages\/1876","targetHints":{"allow":["GET"]}}],"collection":[{"href":"https:\/\/cpstesters.com\/pl\/wp-json\/wp\/v2\/pages"}],"about":[{"href":"https:\/\/cpstesters.com\/pl\/wp-json\/wp\/v2\/types\/page"}],"author":[{"embeddable":true,"href":"https:\/\/cpstesters.com\/pl\/wp-json\/wp\/v2\/users\/4"}],"replies":[{"embeddable":true,"href":"https:\/\/cpstesters.com\/pl\/wp-json\/wp\/v2\/comments?post=1876"}],"version-history":[{"count":4,"href":"https:\/\/cpstesters.com\/pl\/wp-json\/wp\/v2\/pages\/1876\/revisions"}],"predecessor-version":[{"id":4066,"href":"https:\/\/cpstesters.com\/pl\/wp-json\/wp\/v2\/pages\/1876\/revisions\/4066"}],"wp:featuredmedia":[{"embeddable":true,"href":"https:\/\/cpstesters.com\/pl\/wp-json\/wp\/v2\/media\/971"}],"wp:attachment":[{"href":"https:\/\/cpstesters.com\/pl\/wp-json\/wp\/v2\/media?parent=1876"}],"curies":[{"name":"wp","href":"https:\/\/api.w.org\/{rel}","templated":true}]}}