{"id":3054,"date":"2024-07-16T14:00:59","date_gmt":"2024-07-16T14:00:59","guid":{"rendered":"https:\/\/cpstesters.com\/minecraft-font-generator-de-beste-font-generator\/"},"modified":"2024-09-17T15:33:21","modified_gmt":"2024-09-17T15:33:21","slug":"minecraft-font-generator","status":"publish","type":"page","link":"https:\/\/cpstesters.com\/nl\/minecraft-font-generator\/","title":{"rendered":"Minecraft-lettertypegenerator | De Beste Font Generator"},"content":{"rendered":"\n<p>Op zoek naar een lettertype generator die het beste is voor Minecraft? Probeer onze Minecraft Font Generator tool hieronder en kopieer nu!<\/p>\n<style>        \r\n   .content-box {\r\n   box-shadow: 0 1px 1px rgba(0, 0, 0, 0.3);\r\n   border-radius: 2px;\r\n   background: white;\r\n   margin: 0 auto;\r\n   margin-top: 1em;\r\n   max-width: 800px;\r\n   width: 100%;\r\n   box-sizing: border-box;\r\n   }\r\n\t #rect{\r\n\t\tmargin-bottom:0px;\t\r\n\t}\r\n   #input {\r\n   resize: none;\r\n   border: none;\r\n   outline: none;\r\n   width: 100%;\r\n   height: 100%;\r\n   padding: 1em;\r\n   font-size: 1.25em;\r\n   }\r\n   #input-wrapper {\r\n   height: 9em;\r\n   overflow: hidden;\r\n   margin-top: 0;\r\n   }\r\n   #output-wrapper {\r\n   height: fit-content;\r\n   padding: 1em;\r\n   background-color: #343a40;\r\n   color: #ffffff;\r\n   }\r\n   #output {\r\n   font-size: 1.4em;\r\n   word-break: break-word;\r\n   }\r\n<\/style>\r\n<style type=\"text\/css\">\r\n   @font-face {\r\n   font-family: Myfont0;\r\n   src: url('https:\/\/cpstesters.com\/wp-content\/themes\/generatepress\/tools\/minecraft\/fonts\/file-158784415523.ttf');\r\n   }\r\n   #rect {\r\n   font-family: Myfont0;\r\n   }\r\n   @font-face {\r\n   font-family: Myfont1;\r\n   src: url('https:\/\/cpstesters.com\/wp-content\/themes\/generatepress\/tools\/minecraft\/fonts\/file-1587844178267.ttf');\r\n   }\r\n   @font-face {\r\n   font-family: Myfont2;\r\n   src: url('https:\/\/cpstesters.com\/wp-content\/themes\/generatepress\/tools\/minecraft\/fonts\/file-1587844199300.ttf');\r\n   }\r\n   @font-face {\r\n   font-family: Myfont3;\r\n   src: url('https:\/\/cpstesters.com\/wp-content\/themes\/generatepress\/tools\/minecraft\/fonts\/file-1587844237359.ttf');\r\n   }\r\n   ::placeholder {\r\n   color: #ffffff !important;\r\n   }\r\n<\/style>\r\n<style>\r\n   #disqus_thread {\r\n   width: 100%;\r\n   padding: 10px;\r\n   }\r\n<\/style>\r\n<div class=\"container-fluid bg-body border-bottom\">\r\n   <div class=\"row\">\r\n      <div class=\"col-md-12 col-12 text-left text-justify mb-5\">\r\n         <div class=\"col-md-12 col-12 \" style='display:none;'>\r\n            <div class=\"row\">\r\n               <div class=\"col-md-6 col-6 text-center mb-3\" style='display:none;'>\r\n                  <div class=\"bg-dark border p-2\">\r\n                     <a onclick=\"showdiv(1);\" class=\"text-white\" id=\"image \" title=\"Image Type\">\r\n                        <p class=\"pt-2 h6 font-weight-bold text-center\">Image Type<\/p>\r\n                     <\/a>\r\n                  <\/div>\r\n               <\/div>\r\n               <div class=\"col-md-6 col-6 text-center mb-3\" style='display:none;'>\r\n                  <div class=\"bg-dark border p-2\">\r\n                     <a onclick=\"showdiv(2);\" class=\"text-white\" id=\"text\" title=\"Text Type\">\r\n                        <p class=\"pt-2 h6 font-weight-bold text-center\">Text Type<\/p>\r\n                     <\/a>\r\n                  <\/div>\r\n               <\/div>\r\n            <\/div>\r\n         <\/div>\r\n         <div class=\"row bg-white  border\" id=\"image_view\" style='display:block;'>\r\n            <div class=\"bg-white border-bottom mb-3 col-md-12 \">\r\n               <div class=\"form-group\">\r\n                  <label for=\"name\" class=\"font-weight-bold label control-label text-dark mt-3\">Write Your Text<\/label>\r\n                  <textarea id=\"writetext\" maxlength='100' class=\"form-control bg-dark border-dark text-white rounded-0\" onkeyup=\"updateText(this.value)\" name=\"text\" placeholder=\"write your text\">Minecraft Text<\/textarea>\r\n               <\/div>\r\n            <\/div>\r\n            <input type=\"hidden\" name=\"fontsize\" value=\"72\" id=\"fontsizeinput\">\r\n            <div class=\"col-md-12 rounded-0\">\r\n               <div id=\"html-content-holder\">\r\n                  <p id=\"rect\" class=\"p-5\"><\/p>\r\n               <\/div>\r\n            <!--   <button class=\"btn btn-primary\" id=\"btn-Convert-Html2Image\" href=\"#\">Download<\/button>\r\n               <br \/> --> <br \/>\r\n            <\/div>\r\n         <\/div>\r\n         <div class=\"row bg-white  border\" id=\"text_view\" style='display:none;'>\r\n            <div class=\"bg-white  mb-3 col-md-12 \">\r\n               <div class=\"form-group content-box\" id=\"input-wrapper\">\r\n                  <label for=\"name\" class=\"font-weight-bold label control-label text-dark mt-3\">Write Your Text<\/label>\r\n                  <textarea id=\"input\" maxlength='100' class=\"form-control bg-dark border-dark text-white rounded-0\" placeholder=\"Type or paste your text here :)\" value=\"\"><\/textarea>\r\n               <\/div>\r\n               <div class=\" form-group content-box\" id=\"output-wrapper\" style=\"display:none;\">\r\n                  <div id=\"output\">\r\n                     <p style=\"margin: 0;opacity: 0.7;\"><span style=\"display:inline-block; width:max-content;\">\u1555( \u141b )\u1557<\/span><\/p>\r\n                  <\/div>\r\n               <\/div>\r\n            <\/div>\r\n         <\/div>\r\n      <\/div>\r\n   <\/div>\r\n<\/div>\r\n<script type=\"text\/javascript\" src=\"https:\/\/cpstesters.com\/wp-content\/themes\/generatepress\/tools\/js\/image-text.js\"><\/script>\r\n<script>\r\n   window.onload = updateText(document.getElementById('writetext').value);\r\n   \r\n   function updateText(updateTex) {\r\n       \/\/ 'jscolor' instance can be used as a string\r\n       var max = 100;\r\n       var len = updateTex.length;\r\n       if (len <= max) {\r\n           document.getElementById(\"rect\").innerHTML = updateTex;\r\n           \/\/document.getElementById(\"rect\").style.fontFamily  = \"myFirstFont\";\r\n           \/\/document.getElementById(\"rect\").style.fontStyle = \"Aldrich\";\r\n           \/\/document.getElementById(\"rect\").style.fontWeight  = \"bolder\";\r\n       } else {\r\n           var char = max - len;\r\n           \/\/jQuery('#charNum').text(char + ' characters left');\r\n       }\r\n   }\r\n   \r\n   function update(jscolor) {\r\n       \/\/ 'jscolor' instance can be used as a string\r\n       document.getElementById('rect').style.color = '#' + jscolor;\r\n   }\r\n   \r\n   function updateFontSize(a) {\r\n       \/\/ var listValue = document.getElementById(\"sizelabel\").value;\r\n       if (a > 100) {\r\n           \/\/ listValue = document.getElementById(\"sizelabel\").value = 200;\r\n           \/\/document.getElementById(\"sliderAmount\").innerHTML = listValue;\r\n           document.getElementById(\"sizelabel\").value = 100;\r\n           document.getElementById(\"fontsizeinput\").value = 100;\r\n           document.getElementById(\"fontsizeinput\").value = 100;\r\n           document.getElementById(\"rect\").style.fontSize = 100 + 'px';\r\n       } else {\r\n           \/\/document.getElementById(\"sliderAmount\").innerHTML = listValue;\r\n           document.getElementById(\"fontsizeinput\").value = a;\r\n           document.getElementById(\"rect\").style.fontSize = a + 'px';\r\n           document.getElementById(\"sizelabel\").value = a;\r\n   \r\n       }\r\n   \r\n   }\r\n   \r\n   function updateSlider(slideAmount) {\r\n       var sliderDiv = document.getElementById(\"sliderAmount\");\r\n       sliderDiv.innerHTML = slideAmount;\r\n       document.getElementById(\"rect\").style.fontSize = slideAmount + 'px';;\r\n       var listValue = document.getElementById(\"sizelabel\").value = slideAmount;\r\n       var listValue = document.getElementById(\"fontsizeinput\").value = slideAmount;\r\n   \r\n   }\r\n<\/script>\r\n<script type=\"text\/javascript\" src=\"https:\/\/code.jquery.com\/jquery-3.2.1.slim.min.js\"><\/script>\r\n<script src=\"https:\/\/cdnjs.cloudflare.com\/ajax\/libs\/spectrum\/1.8.1\/spectrum.min.js\"><\/script>\r\n<script type=\"text\/javascript\" src=\"https:\/\/cdnjs.cloudflare.com\/ajax\/libs\/popper.js\/1.12.9\/umd\/popper.min.js\"><\/script>\r\n<script type=\"text\/javascript\" src=\"https:\/\/maxcdn.bootstrapcdn.com\/bootstrap\/4.0.0\/js\/bootstrap.min.js\"><\/script>\r\n<script type=\"text\/javascript\" src=\"https:\/\/cdnjs.cloudflare.com\/ajax\/libs\/font-awesome\/5.15.3\/js\/all.min.js\"><\/script>\r\n<script type=\"text\/javascript\" src=\"https:\/\/cpstesters.com\/wp-content\/themes\/generatepress\/tools\/minecraft\/js\/custom.js\"><\/script>\r\n<script type=\"text\/javascript\" src=\"https:\/\/cdnjs.cloudflare.com\/ajax\/libs\/bootstrap-select\/1.13.18\/js\/bootstrap-select.min.js\"><\/script>\r\n<script src=\"https:\/\/cdnjs.cloudflare.com\/ajax\/libs\/html2canvas\/0.4.1\/html2canvas.js\"><\/script>\r\n<script>\r\n   jQuery(document).ready(function() {\r\n       var element = jQuery(\"#html-content-holder\"); \/\/ global variable\r\n       var getCanvas; \/\/ global variable\r\n   \r\n       jQuery(\"#btn-Preview-Image\").on('click', function() {\r\n           html2canvas(element, {\r\n               onrendered: function(canvas) {\r\n                   jQuery(\"#previewImage\").html(canvas);\r\n                   getCanvas = canvas;\r\n               }\r\n           });\r\n       });\r\n   \r\n       jQuery(\"#btn-Convert-Html2Image\").on('click', function() {\r\n           html2canvas(element, {\r\n               onrendered: function(canvas) {\r\n                   jQuery(\"#previewImage\").html(canvas);\r\n                   getCanvas = canvas;\r\n               }\r\n           });\r\n           var imgageData = getCanvas.toDataURL(\"image\/png\");\r\n           \/\/ Now browser starts downloading it instead of just showing it\r\n           var newData = imgageData.replace(\/^data:image\\\/png\/, \"data:application\/octet-stream\");\r\n           jQuery(\"#btn-Convert-Html2Image\").attr(\"download\", \"mfg-clickspeeder.png\").attr(\"href\", newData);\r\n       });\r\n   \r\n   });\r\n<\/script>\r\n<script>\r\n   jQuery(window).scroll(function() {\r\n       jQuery.each(jQuery('img'), function() {\r\n           if (jQuery(this).attr('data-src') && jQuery(this).offset().top < (jQuery(window).scrollTop() + jQuery(window).height() + 100)) {\r\n               var source = jQuery(this).data('src');\r\n               jQuery(this).attr('src', source);\r\n               jQuery(this).removeAttr('data-src');\r\n           }\r\n       })\r\n   })\r\n   \r\n   jQuery('.on-active').on('click', function() {\r\n       jQuery('.on-active').removeClass('bg-danger');\r\n       jQuery(this).addClass('bg-danger');\r\n   });\r\n   \r\n   function showdiv(ele) {\r\n   \r\n       if (ele == 1) {\r\n           document.getElementById(\"image_view\").style.display = \"block\";\r\n           document.getElementById(\"text_view\").style.display = \"none\";\r\n       }\r\n       if (ele == 2) {\r\n           document.getElementById(\"image_view\").style.display = \"none\";\r\n           document.getElementById(\"text_view\").style.display = \"block\";\r\n       }\r\n   }\r\n   jQuery('.change-font-family').on('change', function() {\r\n       jQuery('#rect').removeAttr('style'); \/\/ That removes all inline\r\n       jQuery('#rect').css('font-family', jQuery(this).find(':selected').data('id'));\r\n   \r\n   });\r\n   jQuery('#text-color').spectrum({\r\n       color: \"#00000\",\r\n       flat: true,\r\n       allowEmpty: false,\r\n       showInitial: false,\r\n       showPalette: true,\r\n       togglePaletteOnly: true,\r\n       showPaletteOnly: true,\r\n       preferredFormat: \"hex\",\r\n       palette: [\r\n           [\"rgb(255, 255, 255)\", \"rgb(0, 0, 0)\", \"rgb(67, 67, 67)\", \"rgb(102, 102, 102)\",\r\n               \"rgb(204, 204, 204)\", \"rgb(217, 217, 217)\", \"rgb(102, 102, 102)\", \"rgb(163, 50, 50)\"\r\n           ],\r\n           [\"rgb(152, 0, 0)\", \"rgb(255, 0, 0)\", \"rgb(255, 153, 0)\", \"rgb(255, 255, 0)\", \"rgb(0, 255, 0)\",\r\n               \"rgb(0, 255, 255)\", \"rgb(74, 134, 232)\", \"rgb(0, 0, 255)\"\r\n           ],\r\n           [\"rgb(230, 184, 175)\", \"rgb(244, 204, 204)\", \"rgb(252, 229, 205)\", \"rgb(255, 242, 204)\", \"rgb(217, 234, 211)\",\r\n               \"rgb(208, 224, 227)\", \"rgb(201, 218, 248)\", \"rgb(207, 226, 243)\"\r\n           ]\r\n       ],\r\n       change: function(color) {\r\n           document.getElementById('rect').style.color = color.toHexString();\r\n       },\r\n       move: function(color) {\r\n           document.getElementById('rect').style.color = color.toHexString();\r\n       }\r\n   });\r\n   jQuery('#back-color').spectrum({\r\n       color: \"#ffffff\",\r\n       flat: true,\r\n       allowEmpty: false,\r\n       showInitial: false,\r\n       showPalette: true,\r\n       togglePaletteOnly: true,\r\n       showPaletteOnly: true,\r\n       preferredFormat: \"hex\",\r\n       showSelectionPalette: true,\r\n       change: function(color) {\r\n           if (color.toName() == 'transparent') {\r\n               \/\/ console.log(color.toName());\r\n   \r\n               jQuery('#back-color').val(color.toName());\r\n               document.getElementById('rect').style.backgroundColor = '#ffffff';\r\n   \r\n           } else {\r\n               \/\/ console.log(color.toHexString());\r\n               document.getElementById('rect').style.backgroundColor = color.toHexString();\r\n               document.getElementById('rect').style.backgroundImage = \" url('')\";\r\n           }\r\n       },\r\n       move: function(color) {\r\n           if (color.toName() == 'transparent') {\r\n   \r\n               jQuery('#back-color').val(color.toName());\r\n   \r\n           } else {\r\n               document.getElementById('rect').style.backgroundColor = color.toHexString();\r\n           }\r\n       },\r\n       palette: [\r\n           [\"rgba(255, 255, 255, 0)\", \"rgb(255, 255, 255)\", \"rgb(0, 0, 0)\", \"rgb(67, 67, 67)\", \"rgb(102, 102, 102)\", \"rgb(163, 50, 50)\",\r\n               \"rgb(204, 204, 204)\", \"rgb(217, 217, 217)\"\r\n           ],\r\n           [\"rgb(152, 0, 0)\", \"rgb(255, 0, 0)\", \"rgb(255, 153, 0)\", \"rgb(255, 255, 0)\", \"rgb(0, 255, 0)\",\r\n               \"rgb(0, 255, 255)\", \"rgb(74, 134, 232)\", \"rgb(0, 0, 255)\"\r\n           ],\r\n           [\"rgb(230, 184, 175)\", \"rgb(244, 204, 204)\", \"rgb(252, 229, 205)\", \"rgb(255, 242, 204)\", \"rgb(217, 234, 211)\",\r\n               \"rgb(208, 224, 227)\", \"rgb(201, 218, 248)\", \"rgb(207, 226, 243)\"\r\n           ]\r\n       ]\r\n   });\r\n   jQuery(document).ready(function() {\r\n       jQuery(\"#rect\").css('font-size', 72)\r\n   });\r\n<\/script>\n\n<div style=\"height:5px\" aria-hidden=\"true\" class=\"wp-block-spacer\"><\/div>\n\n<h2 class=\"wp-block-heading\">Minecraft lettertype generator<\/h2>\n\n<p>Met Minecraft Font Generator kun je tekststijlen maken met de lettertypen uit het spel. Hiermee kun je tekstafbeeldingen maken die doen denken aan het Minecraft-logo en andere spelafbeeldingen. Zodra het lettertype van uw keuze is gemaakt, kunt u het in afbeeldingsvorm opslaan en gebruiken waar u maar wilt.<\/p>\n\n<p>Met \u00e9\u00e9n klik kunt u een groot aantal trendy en eigentijdse teksten kopi\u00ebren en plakken in elke computer of mobiel apparaat. Veel mensen over de hele wereld gebruiken de Minecraft text font generator tool om gewone tekst te veranderen in elegante, sierlijke en cursieve lettertypes zonder extra lettertypes of apps te hoeven installeren.<\/p>\n\n<h2 class=\"wp-block-heading\">Hoe werkt de Minecraft Font Generator Tool?<\/h2>\n\n<p>U moet eerst een willekeurige tekst invoeren om het gewenste lettertype te produceren. De Minecrafter font generator zet het dan om in een speciaal lettertype dat je kunt gebruiken. De stappen om dit proces te voltooien staan hieronder:<\/p>\n\n<ul class=\"wp-block-list\"><li>Voer uw tekst in het veld van de lettertypegenerator in de eerste fase in<\/li><li>Wacht dan tot het verschillende lettertypes genereert waaruit u kunt kiezen.<\/li><li>Kopieer en plak het Minecraft-lettertype gewoon naar Instagram, Facebook of een andere sociale mediasite van je voorkeur.<\/li><\/ul>\n\n<p>De generator kan tekst produceren in kalligrafie, ongewoon cursief, handschrift en digitaal schrift, naast andere tekststijlen. Bovendien kunt u meer emoji&#8217;s en symbolen toevoegen.<\/p>\n\n<p>Dit soort lettertypegenerator zet de gegeven tekst om in equivalente maar &#8220;mooiere&#8221; Unicode-symbolen of -letters.<\/p>\n<div class=\"wp-block-image\">\n<figure class=\"aligncenter size-full\"><img loading=\"lazy\" decoding=\"async\" width=\"1000\" height=\"500\" src=\"https:\/\/cpstesters.com\/wp-content\/uploads\/2022\/09\/Minecraft-Font-Generator-1.jpg\" alt=\"Minecraft lettertype generator\" class=\"wp-image-568\" title=\"\" srcset=\"https:\/\/cpstesters.com\/wp-content\/uploads\/2022\/09\/Minecraft-Font-Generator-1.jpg 1000w, https:\/\/cpstesters.com\/wp-content\/uploads\/2022\/09\/Minecraft-Font-Generator-1-300x150.jpg 300w, https:\/\/cpstesters.com\/wp-content\/uploads\/2022\/09\/Minecraft-Font-Generator-1-768x384.jpg 768w\" sizes=\"auto, (max-width: 1000px) 100vw, 1000px\" \/><figcaption>Minecraft lettertype generator<\/figcaption><\/figure>\n<\/div>\n<h2 class=\"wp-block-heading\">Kenmerken van Font Generator Tool<\/h2>\n\n<p>De volgende functies van de lettertypegenerator zijn werkelijk verbazingwekkend:<\/p>\n\n<ul class=\"wp-block-list\"><li>Deze lettertype generator zet de tekst om in real-time.<\/li><li>Het zal unieke en koele doopvonten stijl voor u tonen.<\/li><li>De lettergrootte kan gemakkelijk worden vergroot en verkleind.<\/li><li>U kunt deze tool delen met uw vrienden via Social Media platforms<\/li><li>Gegenereerde lettertypes geven je meer flexibiliteit omdat ze elementen kunnen combineren met elke lettertypestijl.<\/li><\/ul>\n\n<h2 class=\"has-text-align-center wp-block-heading\">FAQ&#8217;s<\/h2>\n\n<h3 class=\"wp-block-heading\"><strong>Welk lettertype is Minecraft?<\/strong><\/h3>\n\n<p>Het &#8220;Minecrafter Font&#8221; in het Minecraft-logo is een techno-lettertype dat op elke computer kan worden gebruikt op Macs, pc&#8217;s, iOS en Android-toestellen. Een gratis lettertype voor persoonlijk gebruik heet Minecrafter.<\/p>\n\n<h3 class=\"wp-block-heading\"><strong>Kan ik de Minecraft Font Generator gebruiken op een mobiel apparaat?<\/strong><\/h3>\n\n<p>Ja, de online Minecraft Font Generator tool is geschikt voor mobiele apparaten. U kunt nu beginnen door simpelweg de website cpstesters.com te openen in de browser van uw apparaat. Het werkt hetzelfde op een computer en een mobiel apparaat.<\/p>\n\n<p>Je mag ook kijken:<\/p>\n\n<ul class=\"wp-block-list\"><li><a href=\"https:\/\/cpstesters.com\/nl\/?page_id=2908\" target=\"_blank\" rel=\"noreferrer noopener\">Minecraft Cirkel Generator<\/a><\/li><li><a href=\"https:\/\/cpstesters.com\/nl\/?page_id=3051\" target=\"_blank\" rel=\"noreferrer noopener\">Minecraft Bol Generator<\/a><\/li><li><a href=\"https:\/\/cpstesters.com\/nl\/minecraft-titel-generator-maak-de-beste-titel\/\" target=\"_blank\" rel=\"noreferrer noopener\">Minecraft Titel Generator<\/a><\/li><li><a href=\"https:\/\/cpstesters.com\/nl\/?page_id=3053\" target=\"_blank\" rel=\"noreferrer noopener\">Minecraft Commando Generator<\/a><\/li><li><a href=\"https:\/\/cpstesters.com\/nl\/?page_id=2760\" target=\"_blank\" rel=\"noreferrer noopener\">Doel Trainer<\/a><\/li><li><a href=\"https:\/\/cpstesters.com\/nl\/\" target=\"_blank\" rel=\"noreferrer noopener\">CPS test  <\/a><\/li><\/ul>\n","protected":false},"excerpt":{"rendered":"<p>Op zoek naar een lettertype generator die het beste is voor Minecraft? Probeer onze Minecraft Font Generator tool hieronder en kopieer nu! Minecraft lettertype generator &#8230; <\/p>\n<p class=\"read-more-container\"><a title=\"Minecraft-lettertypegenerator | De Beste Font Generator\" class=\"read-more button\" href=\"https:\/\/cpstesters.com\/nl\/minecraft-font-generator\/#more-3054\" aria-label=\"Lees meer over Minecraft-lettertypegenerator | De Beste Font Generator\">Read More<\/a><\/p>\n","protected":false},"author":4,"featured_media":1517,"parent":0,"menu_order":0,"comment_status":"closed","ping_status":"closed","template":"","meta":{"footnotes":""},"class_list":["post-3054","page","type-page","status-publish","has-post-thumbnail"],"_links":{"self":[{"href":"https:\/\/cpstesters.com\/nl\/wp-json\/wp\/v2\/pages\/3054","targetHints":{"allow":["GET"]}}],"collection":[{"href":"https:\/\/cpstesters.com\/nl\/wp-json\/wp\/v2\/pages"}],"about":[{"href":"https:\/\/cpstesters.com\/nl\/wp-json\/wp\/v2\/types\/page"}],"author":[{"embeddable":true,"href":"https:\/\/cpstesters.com\/nl\/wp-json\/wp\/v2\/users\/4"}],"replies":[{"embeddable":true,"href":"https:\/\/cpstesters.com\/nl\/wp-json\/wp\/v2\/comments?post=3054"}],"version-history":[{"count":3,"href":"https:\/\/cpstesters.com\/nl\/wp-json\/wp\/v2\/pages\/3054\/revisions"}],"predecessor-version":[{"id":5920,"href":"https:\/\/cpstesters.com\/nl\/wp-json\/wp\/v2\/pages\/3054\/revisions\/5920"}],"wp:featuredmedia":[{"embeddable":true,"href":"https:\/\/cpstesters.com\/nl\/wp-json\/wp\/v2\/media\/1517"}],"wp:attachment":[{"href":"https:\/\/cpstesters.com\/nl\/wp-json\/wp\/v2\/media?parent=3054"}],"curies":[{"name":"wp","href":"https:\/\/api.w.org\/{rel}","templated":true}]}}