{"id":3051,"date":"2024-07-16T14:20:18","date_gmt":"2024-07-16T14:20:18","guid":{"rendered":"https:\/\/cpstesters.com\/minecraft-bol-generator-minecraft-dome-generator\/"},"modified":"2024-09-17T15:37:03","modified_gmt":"2024-09-17T15:37:03","slug":"minecraft-bol-generator","status":"publish","type":"page","link":"https:\/\/cpstesters.com\/nl\/minecraft-bol-generator\/","title":{"rendered":"Minecraft Bol Generator | Minecraft Dome Generator"},"content":{"rendered":"\n<p>Minecraft Sphere Generator is een tool die wordt gebruikt voor het maken van dome &amp; pixel spheres om Minecraft landschappen uit te breiden, bekijk het nu!<\/p>\n\n\n<style>\r\n        label {\r\n            display: inline-block;\r\n            width: 7em;\r\n            font-size: 20px;\r\n            font-weight: bold;\r\n        }\r\n        \r\n        #txtRadius {\r\n            font-size: 20px;\r\n        }\r\n        \r\n        #output {\r\n\t\t\toverflow: scroll;\r\n\t\t\tdisplay: flex;\r\n\t\t\theight: fit-content;\r\n        }\r\n    \r\n        #output table {\r\n            border-collapse: collapse;\r\n            border: 2px solid;\r\n            float: left;\r\n            margin: 5px;\r\n        }\r\n    \r\n        #output td {\r\n            \/*display: block;*\/\r\n            background-color: #FFFFFF;\r\n        }\r\n    \r\n        #output div {\r\n            width: 8px;\r\n            height: 8px;\r\n            overflow: hidden;\r\n        }\r\n    \r\n        #output td.prev_empty {\r\n            background-color: #AAAAAA;\r\n        }\r\n    \r\n        #output td.empty {\r\n            background-color: #FFFFFF;\r\n        }\r\n    \r\n        #output td.prev_full {\r\n            background-color: #660000;\r\n        }\r\n    \r\n        #output td.full {\r\n            background-color: #EE0000;\r\n        }\r\n    \r\n        #output td.prev_open {\r\n            background-color: #006600;\r\n        }\r\n    \r\n        #output td.open {\r\n            background-color: #00EE00;\r\n        }\r\n        \r\n        #generate_btn {\r\n            padding: 10px 20px;\r\n            border-radius: 5px;\r\n            border: 1px solid black;\r\n        }\r\n    <\/style>\r\n<div>\r\n<div class=\"form_item\">\r\n<label>Radius:<\/label>\r\n<input type=\"text\" id=\"txtRadius\" value=\"6\" \/>\r\n<\/div>\r\n<div class=\"form_item\">\r\n<label>Fill:<\/label>\r\n<input type=\"checkbox\" id=\"chkFill\" value=\"true\" checked=\"\" \/> Either fill the sphere, or calculate which position may be left empty.\r\n<\/div>\r\n<div class=\"form_item\">\r\n<label>Hints:<\/label>\r\n<input type=\"checkbox\" id=\"chkHints\" value=\"true\" checked=\"\" \/> On each layer darken the previous layer to ease building.\r\n<\/div>\r\n<div class=\"form_item\">\r\n<label>Block-align:<\/label>\r\n<input type=\"checkbox\" id=\"chkMiddle\" value=\"true\" \/>\r\n<\/div>\r\n<br>\r\n<input id=\"generate_btn\" type=\"button\" value=\"Generate\" \/>\r\n<\/div>\r\n<br>\r\n<div id=\"blocks-out\"><\/div>\r\n<br>\r\n<div id=\"output\"><\/div>\r\n<script>\r\n        jQuery(document).ready(function () {\r\n           jQuery('#generate_btn').click(function () {\r\n                generate();\r\n            });\r\n        });\r\n        \r\n        generate();\r\n\r\n        function generate() {\r\n            var radius = parseFloat(jQuery('#txtRadius').val());\r\n            var fill = isChecked('chkFill');\r\n            var hints = isChecked('chkHints');\r\n            var middle = isChecked('chkMiddle');\r\n            var blocks = generateBlocks(radius, middle);\r\n\r\n            if (!fill) {\r\n                blocks = purgeBlocks(blocks);\r\n            }\r\n\r\n            printBlocks(blocks, hints);\r\n        }\r\n\r\n        function isChecked(id) {\r\n            return jQuery('#' + id).is(\":checked\");\r\n        }\r\n\r\n        function generateBlocks(radius, middle) {\r\n            var radiusSq = radius * radius;\r\n            var halfSize, size, offset;\r\n\r\n            if (middle) {\r\n                size = (2 * Math.ceil(radius)) + 1;\r\n                offset = Math.floor(size \/ 2);\r\n            } else {\r\n                halfSize = Math.ceil(radius) + 1;\r\n                size = halfSize * 2;\r\n                offset = halfSize - 0.5;\r\n            }\r\n\r\n            function isFull(x, y, z) {\r\n                x -= offset;\r\n                y -= offset;\r\n                z -= offset;\r\n                x *= x;\r\n                y *= y;\r\n                z *= z;\r\n\r\n                return x + y + z < radiusSq;\r\n            }\r\n\r\n            var blocks = [];\r\n\r\n            for (var z = 0; z < size; z++) {\r\n                var slice = blocks[z] = [];\r\n\r\n                for (var x = 0; x < size; x++) {\r\n                    var row = slice[x] = [];\r\n\r\n                    for (var y = 0; y < size; y++) {\r\n                        row[y] = isFull(x, y, z);\r\n                    }\r\n                }\r\n            }\r\n\r\n            return blocks;\r\n        }\r\n\r\n        function purgeBlocks(blocks) {\r\n            var newblocks = [];\r\n\r\n            for (var z = 0; z < blocks.length; z++) {\r\n                var slice = blocks[z];\r\n                var newslice = newblocks[z] = [];\r\n\r\n                for (var x = 0; x < slice.length; x++) {\r\n                    var row = slice[x];\r\n                    var newrow = newslice[x] = [];\r\n\r\n                    for (var y = 0; y < row.length; y++) {\r\n                        newrow[y] = row[y] && (!row[y - 1] || !row[y + 1] || !slice[x - 1][y] || !slice[x + 1][y] || !blocks[z - 1][x][y] || !blocks[z + 1][x][y]);\r\n                    }\r\n                }\r\n            }\r\n\r\n            return newblocks;\r\n        }\r\n\r\n        function printBlocks(blocks, hints) {\r\n            var x, y, z;\r\n            var table, tbody, tr, td, prev, divNeeded, needed = 0;\r\n            var output = jQuery('#output');\r\n\r\n            output.empty();\r\n\r\n            output.append(divNeeded = jQuery('<p>'));\r\n            \/\/output.append($('<div>'));\r\n            var prevslice = blocks[0];\r\n            for (z = 1; z < blocks.length - 1; z++) {\r\n                var slice = blocks[z];\r\n                output.append(table = jQuery('<table>'));\r\n                \/\/output.append($('<div>'));\r\n                table.append(tbody = jQuery('<tbody>'));\r\n\r\n                table.attr('border', 1);\r\n                table.attr('cellpadding', 0);\r\n                table.attr('cellspacing', 0);\r\n\r\n                for (x = 0; x < slice.length; x++) {\r\n                    var row = slice[x];\r\n                    tbody.append(tr = jQuery('<tr>'));\r\n\r\n                    for (y = 0; y < row.length; y++) {\r\n                        tr.append(td = jQuery('<td>'));\r\n                        prev = hints && prevslice[x][y];\r\n\r\n                        if (row[y]) {\r\n                            td.attr('class', prev ? 'prev_full' : 'full');\r\n                            needed++;\r\n                        } else {\r\n                            td.attr('class', prev ? 'prev_empty' : 'empty');\r\n                        }\r\n\r\n                        td.append(jQuery('<div>'));\r\n                    }\r\n                }\r\n\r\n                prevslice = slice;\r\n            }\r\n\r\n            jQuery(\"#blocks-out\").append(\"Blocks needed: \" + needed);\r\n        }\r\n    <\/script>\n\n\n\n<div style=\"height:10px\" aria-hidden=\"true\" class=\"wp-block-spacer\"><\/div>\n\n\n\n<h2 class=\"wp-block-heading\">Minecraft bol<\/h2>\n\n\n\n<p>In spellen met Minecraft worden bollen gebruikt om te bouwen. Wanneer je iets bouwt in de virtuele wereld van Minecraft, kun je je expertise tonen en een hoop tijd besparen door de Minecraft bol generator te gebruiken.<\/p>\n\n\n\n<p>Als je Minecraft met rondingen wilt spelen, zul je veel moeten oefenen om de next-level perks te krijgen.<\/p>\n\n\n\n<h2 class=\"wp-block-heading\">Minecraft Bollenmaker<\/h2>\n\n\n\n<p>Minecraft bol generator wordt gebruikt om bolstructuren te maken. Dit inventieve gereedschap kan worden gebruikt door degenen die een passie hebben voor het bouwen en opzetten van dingen. Met dit programma, dat op blokken is gebaseerd, kunt u elk bolontwerp van uw keuze maken.<\/p>\n\n\n\n<p>De gebruikers van dit gereedschap controleren de blokken en geven hun ontwerpen een creatief uiterlijk. Door u het idee te geven waar u de blokken moet plaatsen, vereenvoudigt de bolmaker Minecraft uw taak en bespaart u tijd. Door gebruik te maken van de pixels kun je methodisch je vernuft tonen.<\/p>\n\n\n\n<p>Wij staan u toe het hele scherm te gebruiken, zodat u het beter kunt zien. Met behulp van onze tool kun je nu op briljante wijze bollen construeren en ze gebruiken waar je maar wilt.<\/p>\n\n\n<div class=\"wp-block-image\">\n<figure class=\"aligncenter size-full\"><img loading=\"lazy\" decoding=\"async\" width=\"1000\" height=\"500\" src=\"https:\/\/cpstesters.com\/wp-content\/uploads\/2022\/09\/Minecraft-Sphere-Generator.jpg\" alt=\"Minecraft Bol Generator\" class=\"wp-image-558\" title=\"\" srcset=\"https:\/\/cpstesters.com\/wp-content\/uploads\/2022\/09\/Minecraft-Sphere-Generator.jpg 1000w, https:\/\/cpstesters.com\/wp-content\/uploads\/2022\/09\/Minecraft-Sphere-Generator-300x150.jpg 300w, https:\/\/cpstesters.com\/wp-content\/uploads\/2022\/09\/Minecraft-Sphere-Generator-768x384.jpg 768w\" sizes=\"auto, (max-width: 1000px) 100vw, 1000px\" \/><figcaption class=\"wp-element-caption\">Minecraft Bol Generator<\/figcaption><\/figure>\n<\/div>\n\n\n<h2 class=\"wp-block-heading\">Hoe Minecraft bol generator te gebruiken<\/h2>\n\n\n\n<p>Als u dit hulpmiddel voor het eerst gebruikt, zal de procedure voor u eenvoudig zijn. Voor uw gemak hebben we een artikel opgesteld met informatie die u kunt gebruiken als u een holle bol wilt maken. U moet zich aan deze instructies houden.<\/p>\n\n\n\n<p>De Minecraft bol generator tool is zichtbaar in de menubalk. Tik er gewoon op, en de volgende pagina verschijnt op het scherm.<\/p>\n\n\n\n<ul class=\"wp-block-list\">\n<li>Geef de straal van uw behoefte om de bol te cre\u00ebren die u nodig hebt. Dit programma cre\u00ebert standaard een model met een straal van zes met de aanbevolen opties ingeschakeld.<\/li>\n\n\n\n<li>Gebruik de knop Hint om voor je gemak rode stippen aan de randen toe te voegen als je een gevulde bol in Minecraft wilt.<\/li>\n\n\n\n<li>Met blokkeuzes kunt u het aantal blokken op elkaar afstemmen.<\/li>\n\n\n\n<li>Druk nogmaals op de knop genereren om de bolvorm aan te maken met de zojuist gekozen instellingen.<\/li>\n\n\n\n<li>U ziet het nummer ook onder de optie genereren. Het is het aantal blokken dat nodig is om een bol te maken in Minecraft.<\/li>\n\n\n\n<li>Afhankelijk van uw voorkeur kunt u op elk moment beslissen of u wilt terugkeren naar het modelmenu. U kunt uw browser gebruiken om terug te gaan.<\/li>\n\n\n\n<li>Bovendien is er een rechterschuif opgenomen, zoals u kunt zien. U kunt het gebruiken om een bepaalde horizontale laag van uw model weer te geven. Met de rechter schuifknop kunnen zowel 2D- als 3D-perspectieven worden aangesproken. Alleen voor het 3D-model wordt deze laag gemarkeerd in een felgele kleur.<\/li>\n<\/ul>\n\n\n\n<p>U kunt nu gemakkelijk uw ontwerp maken en het opnemen in het Minecraft sferische spel. Met behulp van de pixelbolgenerator kun je meer unieke idee\u00ebn voor de bouw ontdekken.<\/p>\n\n\n\n<p class=\"has-text-align-center has-base-background-color has-background has-medium-font-size\"><em>Je kunt ook <a href=\"https:\/\/cpstesters.com\/nl\/?page_id=2908\" target=\"_blank\" rel=\"noreferrer noopener\">Minecraft Cirkel Generator<\/a> proberen!<\/em><\/p>\n\n\n\n<h2 class=\"wp-block-heading\">Kenmerken van de Minecraft Dome Generator<\/h2>\n\n\n\n<p>De Minecraft bol generator is een krachtig hulpmiddel gemaakt om spelers te helpen verbazingwekkende bollen en andere bol-ge\u00efnspireerde objecten zoals koepels te maken door de Minecraft koepel generator en bouw tops te gebruiken, waardoor het potentieel van Minecraft bollen wordt uitgebreid.<\/p>\n\n\n\n<p>Hoewel dit programma een ton aan intrigerende mogelijkheden heeft, gaan we hier alle functies opnemen die nodig zijn voor het bouwen van Minecraft-sferen:<\/p>\n\n\n\n<ul class=\"wp-block-list\">\n<li>Met behulp van deze bolvormer is het mogelijk bolvormen met instelbare radiusafmetingen te produceren.<\/li>\n\n\n\n<li>De tool bepaalt hoeveel blokken er nodig zijn om je ideale bol in het Minecraft-spel te bouwen.<\/li>\n\n\n\n<li>U kunt twee verschillende bolontwerpen maken, \u00e9\u00e9n met uitgelijnde blokken en \u00e9\u00e9n zonder.<\/li>\n\n\n\n<li>U kunt ervoor kiezen de bol te omlijnen of een lege ruimte te laten, afhankelijk van uw wens.<\/li>\n<\/ul>\n\n\n\n<h2 class=\"wp-block-heading has-text-align-center\">FAQ&#8217;s<\/h2>\n\n\n\n<h3 class=\"wp-block-heading\"><strong>Wat is het commando in Minecraft dat een gevulde bol maakt?<\/strong><\/h3>\n\n\n\n<p>Om moeiteloos een volledige volledige cirkel te maken in Minecraft, gebruik je het volgende commando: <strong>Om een gevulde bol te maken, typ je \/sphere<\/strong>.<\/p>\n\n\n\n<h3 class=\"wp-block-heading\"><strong>Wie kan de Minecraft bol generator gebruiken?<\/strong><\/h3>\n\n\n\n<p>Dit gereedschap kan worden gebruikt door mensen met bouwkundige vaardigheden. Deze techniek wordt ook gebruikt door degenen die geen bouwervaring hebben om hun creativiteit te vergroten. Met dit hulpmiddel kunnen kinderen experimenteren met verschillende op blokken gebaseerde indelingen. Spelers van het videospel Minecraft gebruiken deze tool om gebouwen te ontwerpen.<\/p>\n\n\n\n<p>Ander Minecraft gereedschap:<\/p>\n\n\n\n<ul class=\"wp-block-list\">\n<li><a href=\"https:\/\/cpstesters.com\/nl\/minecraft-font-generator-de-beste-font-generator\/\" target=\"_blank\" rel=\"noreferrer noopener\">Minecraft lettertype generator<\/a><\/li>\n\n\n\n<li><a href=\"https:\/\/cpstesters.com\/nl\/minecraft-titel-generator-maak-de-beste-titel\/\" target=\"_blank\" rel=\"noreferrer noopener\">Minecraft Titel Generator<\/a><\/li>\n\n\n\n<li><a href=\"https:\/\/cpstesters.com\/nl\/minecraft-commando-generator-online-geef-commando\/\" target=\"_blank\" rel=\"noreferrer noopener\">Minecraft Commando Generator<\/a><\/li>\n\n\n\n<li><a href=\"https:\/\/cpstesters.com\/nl\/?page_id=2760\" target=\"_blank\" rel=\"noreferrer noopener\">Doel Trainer<\/a><\/li>\n\n\n\n<li><a href=\"https:\/\/cpstesters.com\/nl\/apm-test-actions-per-minute-tracker-voor-games\/\" target=\"_blank\" rel=\"noreferrer noopener\">APM test<\/a><\/li>\n<\/ul>\n","protected":false},"excerpt":{"rendered":"<p>Minecraft Sphere Generator is een tool die wordt gebruikt voor het maken van dome &amp; pixel spheres om Minecraft landschappen uit te breiden, bekijk het &#8230; <\/p>\n<p class=\"read-more-container\"><a title=\"Minecraft Bol Generator | Minecraft Dome Generator\" class=\"read-more button\" href=\"https:\/\/cpstesters.com\/nl\/minecraft-bol-generator\/#more-3051\" aria-label=\"Lees meer over Minecraft Bol Generator | Minecraft Dome Generator\">Read More<\/a><\/p>\n","protected":false},"author":4,"featured_media":1505,"parent":0,"menu_order":0,"comment_status":"closed","ping_status":"closed","template":"","meta":{"footnotes":""},"class_list":["post-3051","page","type-page","status-publish","has-post-thumbnail"],"_links":{"self":[{"href":"https:\/\/cpstesters.com\/nl\/wp-json\/wp\/v2\/pages\/3051","targetHints":{"allow":["GET"]}}],"collection":[{"href":"https:\/\/cpstesters.com\/nl\/wp-json\/wp\/v2\/pages"}],"about":[{"href":"https:\/\/cpstesters.com\/nl\/wp-json\/wp\/v2\/types\/page"}],"author":[{"embeddable":true,"href":"https:\/\/cpstesters.com\/nl\/wp-json\/wp\/v2\/users\/4"}],"replies":[{"embeddable":true,"href":"https:\/\/cpstesters.com\/nl\/wp-json\/wp\/v2\/comments?post=3051"}],"version-history":[{"count":4,"href":"https:\/\/cpstesters.com\/nl\/wp-json\/wp\/v2\/pages\/3051\/revisions"}],"predecessor-version":[{"id":4658,"href":"https:\/\/cpstesters.com\/nl\/wp-json\/wp\/v2\/pages\/3051\/revisions\/4658"}],"wp:featuredmedia":[{"embeddable":true,"href":"https:\/\/cpstesters.com\/nl\/wp-json\/wp\/v2\/media\/1505"}],"wp:attachment":[{"href":"https:\/\/cpstesters.com\/nl\/wp-json\/wp\/v2\/media?parent=3051"}],"curies":[{"name":"wp","href":"https:\/\/api.w.org\/{rel}","templated":true}]}}